{"id":128445,"date":"2024-11-21T10:17:02","date_gmt":"2024-11-21T09:17:02","guid":{"rendered":"https:\/\/revolutionpadelstore.com\/mochila-bullpadel-bpm25007-vertex-negro\/"},"modified":"2026-04-01T06:55:41","modified_gmt":"2026-04-01T04:55:41","slug":"mochila-bullpadel-bpm25007-vertex-005-negro-3","status":"publish","type":"product","link":"https:\/\/revolutionpadelstore.com\/fr\/produit\/mochila-bullpadel-bpm25007-vertex-005-negro-3\/","title":{"rendered":"MOCHILA BULLPADEL BPM25007 VERTEX 005 NEGRO"},"content":{"rendered":"<p><H2> Bullpadel BPM25007 Black Backpack <\/H2><br \/>\nLe sac \u00e0 dos technique de Bullpadel Vertex en noir a \u00e9t\u00e9 con\u00e7u pour r\u00e9pondre aux exigences des joueurs les plus avanc\u00e9s, offrant une combinaison de fonctionnalit\u00e9s, de durabilit\u00e9 et d&#8217;un design innovant. Sa principale capacit\u00e9 de grande capacit\u00e9 permet de transporter tout ce qui est n\u00e9cessaire \u00e0 votre entra\u00eenement ou \u00e0 vos matchs, tandis que son compartiment thermique renforc\u00e9 est destin\u00e9 \u00e0 \u00e9conomiser et \u00e0 prot\u00e9ger jusqu&#8217;\u00e0 deux palettes, en les prot\u00e9geant des changements de temp\u00e9rature.<\/p>\n<h3> <strong> Organisation efficace <\/strong> <\/h3>\n<p>Pour une meilleure organisation, il comprend un espace s\u00e9par\u00e9 avec un syst\u00e8me de ventilation pour les chaussures, ce qui emp\u00eache l&#8217;accumulation de mauvaises odeurs. De plus, il a une poche rembourr\u00e9e qui garantit la s\u00e9curit\u00e9 et la protection des appareils \u00e9lectroniques tels que les comprim\u00e9s ou les ordinateurs portables.<\/p>\n<p>Avec une conception ergonomique \u00e0 l&#8217;arri\u00e8re, il a des pi\u00e8ces en caoutchouc en mousse qui am\u00e9liorent la ventilation et offrent un confort exceptionnel, m\u00eame dans de longs voyages, gr\u00e2ce \u00e0 son excellent amorti. La sangle pectorale r\u00e9glable assure un ajustement ferme et confortable, permettant la libert\u00e9 de mouvement et de stabilit\u00e9.<\/p>\n<p>Sur l&#8217;un de ses c\u00f4t\u00e9s, il a une poche suppl\u00e9mentaire pour porter une boule de balles ou de petits accessoires. Ce sac \u00e0 dos vertex bullpadel n&#8217;est pas seulement le compl\u00e9ment parfait \u00e0 la pelle Bullpadel Vertex 04, mais se distingue \u00e9galement de son style, de sa r\u00e9sistance et de sa praticit\u00e9, ce qui en fait un accessoire essentiel pour tout lecteur paddle.<\/p>\n<h2>Mochila Bullpadel BPM25007 Negro<\/h2>\n","protected":false},"excerpt":{"rendered":"<p>Bullpadel sac \u00e0 dos Vertex BPM25007 en couleur noire, avec compartiment avec ventilation pour les chaussures et l&#8217;espace avec thermmo renforc\u00e9 avec capacit\u00e9 de deux lames. Transport confortable et s\u00fbr gr\u00e2ce \u00e0 ses sangles r\u00e9glables.<\/p>\n","protected":false},"featured_media":124818,"comment_status":"open","ping_status":"closed","template":"","meta":{"_acf_changed":false,"_joinchat":[]},"acabado":[],"balance":[],"dureza":[],"forma":[],"jugador":[],"marca":[1257],"nivel-de-juego":[],"superficie":[],"tipo-de-juego":[],"product_brand":[],"product_cat":[320],"product_tag":[],"class_list":{"0":"post-128445","1":"product","2":"type-product","3":"status-publish","4":"has-post-thumbnail","6":"marca-bullpadel-fr","7":"product_cat-sacs","9":"first","10":"outofstock","11":"sale","12":"taxable","13":"shipping-taxable","14":"purchasable","15":"product-type-simple"},"acf":[],"yoast_head":"<!-- This site is optimized with the Yoast SEO plugin v27.3 - https:\/\/yoast.com\/product\/yoast-seo-wordpress\/ -->\n<title>MOCHILA BULLPADEL BPM25007 VERTEX 005 NEGRO - Revolution Padel Store<\/title>\n<meta name=\"description\" content=\"La mochila t\u00e9cnica Bullpadel Vertex en color negro ha sido dise\u00f1ada espec\u00edficamente para satisfacer las necesidades de los jugadores m\u00e1s exigentes, ofreciendo funcionalidad, durabilidad y un dise\u00f1o innovador. Con un compartimento principal amplio, esta mochila deportiva para hombre permite transportar todo lo necesario para tus entrenamientos o partidos. Adem\u00e1s, incluye un compartimento con thermo reforzado, con capacidad de guardar y proteger hasta dos palas de p\u00e1del de los cambios bruscos de temperatura.\" \/>\n<meta name=\"robots\" content=\"index, follow, max-snippet:-1, max-image-preview:large, max-video-preview:-1\" \/>\n<link rel=\"canonical\" href=\"https:\/\/revolutionpadelstore.com\/fr\/produit\/mochila-bullpadel-bpm25007-vertex-005-negro-3\/\" \/>\n<meta property=\"og:locale\" content=\"fr_FR\" \/>\n<meta property=\"og:type\" content=\"article\" \/>\n<meta property=\"og:title\" content=\"MOCHILA BULLPADEL BPM25007 VERTEX 005 NEGRO - Revolution Padel Store\" \/>\n<meta property=\"og:description\" content=\"La mochila t\u00e9cnica Bullpadel Vertex en color negro ha sido dise\u00f1ada espec\u00edficamente para satisfacer las necesidades de los jugadores m\u00e1s exigentes, ofreciendo funcionalidad, durabilidad y un dise\u00f1o innovador. Con un compartimento principal amplio, esta mochila deportiva para hombre permite transportar todo lo necesario para tus entrenamientos o partidos. Adem\u00e1s, incluye un compartimento con thermo reforzado, con capacidad de guardar y proteger hasta dos palas de p\u00e1del de los cambios bruscos de temperatura.\" \/>\n<meta property=\"og:url\" content=\"https:\/\/revolutionpadelstore.com\/fr\/produit\/mochila-bullpadel-bpm25007-vertex-005-negro-3\/\" \/>\n<meta property=\"og:site_name\" content=\"Revolution Padel Store\" \/>\n<meta property=\"article:modified_time\" content=\"2026-04-01T04:55:41+00:00\" \/>\n<meta property=\"og:image\" content=\"https:\/\/revolutionpadelstore.com\/wp-content\/uploads\/2024\/11\/113787-mochila-bullpadel-bpm25007-vertex-448165-1500x1500-1.webp\" \/>\n\t<meta property=\"og:image:width\" content=\"1500\" \/>\n\t<meta property=\"og:image:height\" content=\"1500\" \/>\n\t<meta property=\"og:image:type\" content=\"image\/webp\" \/>\n<meta name=\"twitter:card\" content=\"summary_large_image\" \/>\n<meta name=\"twitter:label1\" content=\"Dur\u00e9e de lecture estim\u00e9e\" \/>\n\t<meta name=\"twitter:data1\" content=\"2 minutes\" \/>\n<script type=\"application\/ld+json\" class=\"yoast-schema-graph\">{\"@context\":\"https:\\\/\\\/schema.org\",\"@graph\":[{\"@type\":\"WebPage\",\"@id\":\"https:\\\/\\\/revolutionpadelstore.com\\\/fr\\\/produit\\\/mochila-bullpadel-bpm25007-vertex-005-negro-3\\\/\",\"url\":\"https:\\\/\\\/revolutionpadelstore.com\\\/fr\\\/produit\\\/mochila-bullpadel-bpm25007-vertex-005-negro-3\\\/\",\"name\":\"MOCHILA BULLPADEL BPM25007 VERTEX 005 NEGRO - Revolution Padel Store\",\"isPartOf\":{\"@id\":\"https:\\\/\\\/revolutionpadelstore.com\\\/fr\\\/#website\"},\"primaryImageOfPage\":{\"@id\":\"https:\\\/\\\/revolutionpadelstore.com\\\/fr\\\/produit\\\/mochila-bullpadel-bpm25007-vertex-005-negro-3\\\/#primaryimage\"},\"image\":{\"@id\":\"https:\\\/\\\/revolutionpadelstore.com\\\/fr\\\/produit\\\/mochila-bullpadel-bpm25007-vertex-005-negro-3\\\/#primaryimage\"},\"thumbnailUrl\":\"https:\\\/\\\/revolutionpadelstore.com\\\/wp-content\\\/uploads\\\/2024\\\/11\\\/113787-mochila-bullpadel-bpm25007-vertex-448165-1500x1500-1.webp\",\"datePublished\":\"2024-11-21T09:17:02+00:00\",\"dateModified\":\"2026-04-01T04:55:41+00:00\",\"description\":\"La mochila t\u00e9cnica Bullpadel Vertex en color negro ha sido dise\u00f1ada espec\u00edficamente para satisfacer las necesidades de los jugadores m\u00e1s exigentes, ofreciendo funcionalidad, durabilidad y un dise\u00f1o innovador. Con un compartimento principal amplio, esta mochila deportiva para hombre permite transportar todo lo necesario para tus entrenamientos o partidos. Adem\u00e1s, incluye un compartimento con thermo reforzado, con capacidad de guardar y proteger hasta dos palas de p\u00e1del de los cambios bruscos de temperatura.\",\"breadcrumb\":{\"@id\":\"https:\\\/\\\/revolutionpadelstore.com\\\/fr\\\/produit\\\/mochila-bullpadel-bpm25007-vertex-005-negro-3\\\/#breadcrumb\"},\"inLanguage\":\"fr-FR\",\"potentialAction\":[{\"@type\":\"ReadAction\",\"target\":[\"https:\\\/\\\/revolutionpadelstore.com\\\/fr\\\/produit\\\/mochila-bullpadel-bpm25007-vertex-005-negro-3\\\/\"]}]},{\"@type\":\"ImageObject\",\"inLanguage\":\"fr-FR\",\"@id\":\"https:\\\/\\\/revolutionpadelstore.com\\\/fr\\\/produit\\\/mochila-bullpadel-bpm25007-vertex-005-negro-3\\\/#primaryimage\",\"url\":\"https:\\\/\\\/revolutionpadelstore.com\\\/wp-content\\\/uploads\\\/2024\\\/11\\\/113787-mochila-bullpadel-bpm25007-vertex-448165-1500x1500-1.webp\",\"contentUrl\":\"https:\\\/\\\/revolutionpadelstore.com\\\/wp-content\\\/uploads\\\/2024\\\/11\\\/113787-mochila-bullpadel-bpm25007-vertex-448165-1500x1500-1.webp\",\"width\":1500,\"height\":1500},{\"@type\":\"BreadcrumbList\",\"@id\":\"https:\\\/\\\/revolutionpadelstore.com\\\/fr\\\/produit\\\/mochila-bullpadel-bpm25007-vertex-005-negro-3\\\/#breadcrumb\",\"itemListElement\":[{\"@type\":\"ListItem\",\"position\":1,\"name\":\"Portada\",\"item\":\"https:\\\/\\\/revolutionpadelstore.com\\\/fr\\\/\"},{\"@type\":\"ListItem\",\"position\":2,\"name\":\"Boutique\",\"item\":\"https:\\\/\\\/revolutionpadelstore.com\\\/fr\\\/tienda\\\/\"},{\"@type\":\"ListItem\",\"position\":3,\"name\":\"MOCHILA BULLPADEL BPM25007 VERTEX 005 NEGRO\"}]},{\"@type\":\"WebSite\",\"@id\":\"https:\\\/\\\/revolutionpadelstore.com\\\/fr\\\/#website\",\"url\":\"https:\\\/\\\/revolutionpadelstore.com\\\/fr\\\/\",\"name\":\"Revolution Padel Store\",\"description\":\"\",\"publisher\":{\"@id\":\"https:\\\/\\\/revolutionpadelstore.com\\\/fr\\\/#organization\"},\"potentialAction\":[{\"@type\":\"SearchAction\",\"target\":{\"@type\":\"EntryPoint\",\"urlTemplate\":\"https:\\\/\\\/revolutionpadelstore.com\\\/fr\\\/?s={search_term_string}\"},\"query-input\":{\"@type\":\"PropertyValueSpecification\",\"valueRequired\":true,\"valueName\":\"search_term_string\"}}],\"inLanguage\":\"fr-FR\"},{\"@type\":\"Organization\",\"@id\":\"https:\\\/\\\/revolutionpadelstore.com\\\/fr\\\/#organization\",\"name\":\"Revolution Padel Store\",\"url\":\"https:\\\/\\\/revolutionpadelstore.com\\\/fr\\\/\",\"logo\":{\"@type\":\"ImageObject\",\"inLanguage\":\"fr-FR\",\"@id\":\"https:\\\/\\\/revolutionpadelstore.com\\\/fr\\\/#\\\/schema\\\/logo\\\/image\\\/\",\"url\":\"https:\\\/\\\/revolutionpadelstore.com\\\/wp-content\\\/uploads\\\/2026\\\/02\\\/revolution-padel-store.jpg\",\"contentUrl\":\"https:\\\/\\\/revolutionpadelstore.com\\\/wp-content\\\/uploads\\\/2026\\\/02\\\/revolution-padel-store.jpg\",\"width\":2000,\"height\":2000,\"caption\":\"Revolution Padel Store\"},\"image\":{\"@id\":\"https:\\\/\\\/revolutionpadelstore.com\\\/fr\\\/#\\\/schema\\\/logo\\\/image\\\/\"},\"sameAs\":[\"https:\\\/\\\/www.instagram.com\\\/revolutionpadelstore\\\/\"]}]}<\/script>\n<!-- \/ Yoast SEO plugin. -->","yoast_head_json":{"title":"MOCHILA BULLPADEL BPM25007 VERTEX 005 NEGRO - Revolution Padel Store","description":"La mochila t\u00e9cnica Bullpadel Vertex en color negro ha sido dise\u00f1ada espec\u00edficamente para satisfacer las necesidades de los jugadores m\u00e1s exigentes, ofreciendo funcionalidad, durabilidad y un dise\u00f1o innovador. Con un compartimento principal amplio, esta mochila deportiva para hombre permite transportar todo lo necesario para tus entrenamientos o partidos. Adem\u00e1s, incluye un compartimento con thermo reforzado, con capacidad de guardar y proteger hasta dos palas de p\u00e1del de los cambios bruscos de temperatura.","robots":{"index":"index","follow":"follow","max-snippet":"max-snippet:-1","max-image-preview":"max-image-preview:large","max-video-preview":"max-video-preview:-1"},"canonical":"https:\/\/revolutionpadelstore.com\/fr\/produit\/mochila-bullpadel-bpm25007-vertex-005-negro-3\/","og_locale":"fr_FR","og_type":"article","og_title":"MOCHILA BULLPADEL BPM25007 VERTEX 005 NEGRO - Revolution Padel Store","og_description":"La mochila t\u00e9cnica Bullpadel Vertex en color negro ha sido dise\u00f1ada espec\u00edficamente para satisfacer las necesidades de los jugadores m\u00e1s exigentes, ofreciendo funcionalidad, durabilidad y un dise\u00f1o innovador. Con un compartimento principal amplio, esta mochila deportiva para hombre permite transportar todo lo necesario para tus entrenamientos o partidos. Adem\u00e1s, incluye un compartimento con thermo reforzado, con capacidad de guardar y proteger hasta dos palas de p\u00e1del de los cambios bruscos de temperatura.","og_url":"https:\/\/revolutionpadelstore.com\/fr\/produit\/mochila-bullpadel-bpm25007-vertex-005-negro-3\/","og_site_name":"Revolution Padel Store","article_modified_time":"2026-04-01T04:55:41+00:00","og_image":[{"width":1500,"height":1500,"url":"https:\/\/revolutionpadelstore.com\/wp-content\/uploads\/2024\/11\/113787-mochila-bullpadel-bpm25007-vertex-448165-1500x1500-1.webp","type":"image\/webp"}],"twitter_card":"summary_large_image","twitter_misc":{"Dur\u00e9e de lecture estim\u00e9e":"2 minutes"},"schema":{"@context":"https:\/\/schema.org","@graph":[{"@type":"WebPage","@id":"https:\/\/revolutionpadelstore.com\/fr\/produit\/mochila-bullpadel-bpm25007-vertex-005-negro-3\/","url":"https:\/\/revolutionpadelstore.com\/fr\/produit\/mochila-bullpadel-bpm25007-vertex-005-negro-3\/","name":"MOCHILA BULLPADEL BPM25007 VERTEX 005 NEGRO - Revolution Padel Store","isPartOf":{"@id":"https:\/\/revolutionpadelstore.com\/fr\/#website"},"primaryImageOfPage":{"@id":"https:\/\/revolutionpadelstore.com\/fr\/produit\/mochila-bullpadel-bpm25007-vertex-005-negro-3\/#primaryimage"},"image":{"@id":"https:\/\/revolutionpadelstore.com\/fr\/produit\/mochila-bullpadel-bpm25007-vertex-005-negro-3\/#primaryimage"},"thumbnailUrl":"https:\/\/revolutionpadelstore.com\/wp-content\/uploads\/2024\/11\/113787-mochila-bullpadel-bpm25007-vertex-448165-1500x1500-1.webp","datePublished":"2024-11-21T09:17:02+00:00","dateModified":"2026-04-01T04:55:41+00:00","description":"La mochila t\u00e9cnica Bullpadel Vertex en color negro ha sido dise\u00f1ada espec\u00edficamente para satisfacer las necesidades de los jugadores m\u00e1s exigentes, ofreciendo funcionalidad, durabilidad y un dise\u00f1o innovador. Con un compartimento principal amplio, esta mochila deportiva para hombre permite transportar todo lo necesario para tus entrenamientos o partidos. Adem\u00e1s, incluye un compartimento con thermo reforzado, con capacidad de guardar y proteger hasta dos palas de p\u00e1del de los cambios bruscos de temperatura.","breadcrumb":{"@id":"https:\/\/revolutionpadelstore.com\/fr\/produit\/mochila-bullpadel-bpm25007-vertex-005-negro-3\/#breadcrumb"},"inLanguage":"fr-FR","potentialAction":[{"@type":"ReadAction","target":["https:\/\/revolutionpadelstore.com\/fr\/produit\/mochila-bullpadel-bpm25007-vertex-005-negro-3\/"]}]},{"@type":"ImageObject","inLanguage":"fr-FR","@id":"https:\/\/revolutionpadelstore.com\/fr\/produit\/mochila-bullpadel-bpm25007-vertex-005-negro-3\/#primaryimage","url":"https:\/\/revolutionpadelstore.com\/wp-content\/uploads\/2024\/11\/113787-mochila-bullpadel-bpm25007-vertex-448165-1500x1500-1.webp","contentUrl":"https:\/\/revolutionpadelstore.com\/wp-content\/uploads\/2024\/11\/113787-mochila-bullpadel-bpm25007-vertex-448165-1500x1500-1.webp","width":1500,"height":1500},{"@type":"BreadcrumbList","@id":"https:\/\/revolutionpadelstore.com\/fr\/produit\/mochila-bullpadel-bpm25007-vertex-005-negro-3\/#breadcrumb","itemListElement":[{"@type":"ListItem","position":1,"name":"Portada","item":"https:\/\/revolutionpadelstore.com\/fr\/"},{"@type":"ListItem","position":2,"name":"Boutique","item":"https:\/\/revolutionpadelstore.com\/fr\/tienda\/"},{"@type":"ListItem","position":3,"name":"MOCHILA BULLPADEL BPM25007 VERTEX 005 NEGRO"}]},{"@type":"WebSite","@id":"https:\/\/revolutionpadelstore.com\/fr\/#website","url":"https:\/\/revolutionpadelstore.com\/fr\/","name":"Revolution Padel Store","description":"","publisher":{"@id":"https:\/\/revolutionpadelstore.com\/fr\/#organization"},"potentialAction":[{"@type":"SearchAction","target":{"@type":"EntryPoint","urlTemplate":"https:\/\/revolutionpadelstore.com\/fr\/?s={search_term_string}"},"query-input":{"@type":"PropertyValueSpecification","valueRequired":true,"valueName":"search_term_string"}}],"inLanguage":"fr-FR"},{"@type":"Organization","@id":"https:\/\/revolutionpadelstore.com\/fr\/#organization","name":"Revolution Padel Store","url":"https:\/\/revolutionpadelstore.com\/fr\/","logo":{"@type":"ImageObject","inLanguage":"fr-FR","@id":"https:\/\/revolutionpadelstore.com\/fr\/#\/schema\/logo\/image\/","url":"https:\/\/revolutionpadelstore.com\/wp-content\/uploads\/2026\/02\/revolution-padel-store.jpg","contentUrl":"https:\/\/revolutionpadelstore.com\/wp-content\/uploads\/2026\/02\/revolution-padel-store.jpg","width":2000,"height":2000,"caption":"Revolution Padel Store"},"image":{"@id":"https:\/\/revolutionpadelstore.com\/fr\/#\/schema\/logo\/image\/"},"sameAs":["https:\/\/www.instagram.com\/revolutionpadelstore\/"]}]}},"_links":{"self":[{"href":"https:\/\/revolutionpadelstore.com\/fr\/wp-json\/wp\/v2\/product\/128445","targetHints":{"allow":["GET"]}}],"collection":[{"href":"https:\/\/revolutionpadelstore.com\/fr\/wp-json\/wp\/v2\/product"}],"about":[{"href":"https:\/\/revolutionpadelstore.com\/fr\/wp-json\/wp\/v2\/types\/product"}],"replies":[{"embeddable":true,"href":"https:\/\/revolutionpadelstore.com\/fr\/wp-json\/wp\/v2\/comments?post=128445"}],"wp:featuredmedia":[{"embeddable":true,"href":"https:\/\/revolutionpadelstore.com\/fr\/wp-json\/wp\/v2\/media\/124818"}],"wp:attachment":[{"href":"https:\/\/revolutionpadelstore.com\/fr\/wp-json\/wp\/v2\/media?parent=128445"}],"wp:term":[{"taxonomy":"acabado","embeddable":true,"href":"https:\/\/revolutionpadelstore.com\/fr\/wp-json\/wp\/v2\/acabado?post=128445"},{"taxonomy":"balance","embeddable":true,"href":"https:\/\/revolutionpadelstore.com\/fr\/wp-json\/wp\/v2\/balance?post=128445"},{"taxonomy":"dureza","embeddable":true,"href":"https:\/\/revolutionpadelstore.com\/fr\/wp-json\/wp\/v2\/dureza?post=128445"},{"taxonomy":"forma","embeddable":true,"href":"https:\/\/revolutionpadelstore.com\/fr\/wp-json\/wp\/v2\/forma?post=128445"},{"taxonomy":"jugador","embeddable":true,"href":"https:\/\/revolutionpadelstore.com\/fr\/wp-json\/wp\/v2\/jugador?post=128445"},{"taxonomy":"marca","embeddable":true,"href":"https:\/\/revolutionpadelstore.com\/fr\/wp-json\/wp\/v2\/marca?post=128445"},{"taxonomy":"nivel-de-juego","embeddable":true,"href":"https:\/\/revolutionpadelstore.com\/fr\/wp-json\/wp\/v2\/nivel-de-juego?post=128445"},{"taxonomy":"superficie","embeddable":true,"href":"https:\/\/revolutionpadelstore.com\/fr\/wp-json\/wp\/v2\/superficie?post=128445"},{"taxonomy":"tipo-de-juego","embeddable":true,"href":"https:\/\/revolutionpadelstore.com\/fr\/wp-json\/wp\/v2\/tipo-de-juego?post=128445"},{"taxonomy":"product_brand","embeddable":true,"href":"https:\/\/revolutionpadelstore.com\/fr\/wp-json\/wp\/v2\/product_brand?post=128445"},{"taxonomy":"product_cat","embeddable":true,"href":"https:\/\/revolutionpadelstore.com\/fr\/wp-json\/wp\/v2\/product_cat?post=128445"},{"taxonomy":"product_tag","embeddable":true,"href":"https:\/\/revolutionpadelstore.com\/fr\/wp-json\/wp\/v2\/product_tag?post=128445"}],"curies":[{"name":"wp","href":"https:\/\/api.w.org\/{rel}","templated":true}]}}