{"id":127413,"date":"2024-11-21T10:10:26","date_gmt":"2024-11-21T09:10:26","guid":{"rendered":"https:\/\/revolutionpadelstore.com\/paletero-bullpadel-bpp25021-pearl-blanco-mujer\/"},"modified":"2026-04-01T06:56:07","modified_gmt":"2026-04-01T04:56:07","slug":"paletero-bullpadel-bpp25021-pearl-blanco-mujer-3","status":"publish","type":"product","link":"https:\/\/revolutionpadelstore.com\/fr\/produit\/paletero-bullpadel-bpp25021-pearl-blanco-mujer-3\/","title":{"rendered":"PALETERO BULLPADEL BPP25021 PEARL BLANCO MUJER"},"content":{"rendered":"<p><H2> Paletero Bullpadel BPP25021 Perle White Women <\/H2><br \/>\nLe bullpadel Pearl Paletero en blanc a \u00e9t\u00e9 cr\u00e9\u00e9 en collaboration avec le joueur Bea Gonz\u00e1lez, combinant de haute qualit\u00e9, fonctionnalit\u00e9 et durabilit\u00e9. Ce mod\u00e8le est l\u00e9ger mais spacieux, offrant une solution pratique pour transporter tout ce dont vous avez besoin pour votre entra\u00eenement et votre formation \u00e0 la pagaie.<\/p>\n<p>Fabriqu\u00e9 en tissu de polyester 1680d, il se d\u00e9marque de sa r\u00e9sistance et de sa long\u00e9vit\u00e9. Ses dimensions de 60x30x40 cm en font un accessoire compact et avec une capacit\u00e9 suffisante pour organiser et prot\u00e9ger votre \u00e9quipement. Son large compartiment principal est con\u00e7u pour stocker des v\u00eatements, des serviettes et d&#8217;autres accessoires de mani\u00e8re ordonn\u00e9e. De plus, il a deux compartiments avec la technologie Thermmo, capable d&#8217;h\u00e9berger jusqu&#8217;\u00e0 quatre lames, garantissant une protection maximale contre les changements de temp\u00e9rature.<\/p>\n<p>Con\u00e7u pour un transport confortable et efficace, il comprend un compartiment ventil\u00e9 et s\u00e9par\u00e9 pour stocker des chaussures ou des v\u00eatements sales, en gardant le reste de votre \u00e9quipement propre et exempt de mauvaises odeurs. Il a \u00e9galement une poche lat\u00e9rale pratique pour un acc\u00e8s rapide \u00e0 des \u00e9l\u00e9ments essentiels tels qu&#8217;une bouteille d&#8217;eau ou un bateau \u00e0 balle. Avec la firme de Bea Gonz\u00e1lez, le bullpadel Pearl Paletero pour les femmes vous offre non seulement de grandes fonctionnalit\u00e9s, mais aussi une touche de distinction sur et hors de la piste.<\/p>\n<h2>Paletero Bullpadel BPP25021 Pearl Blanco Mujer<\/h2>\n","protected":false},"excerpt":{"rendered":"<p>Bullpadel Paletero BPP25021 Perle White White, parfait pour garder toute votre \u00e9quipe sportive de mani\u00e8re organis\u00e9e, propre et s\u00fbre. Capacit\u00e9 de 4 pelles dans ses deux compartiments thermo. Espace ventil\u00e9 pour les chaussures.<\/p>\n","protected":false},"featured_media":124787,"comment_status":"open","ping_status":"closed","template":"","meta":{"_acf_changed":false,"_joinchat":[]},"acabado":[],"balance":[],"dureza":[],"forma":[],"jugador":[],"marca":[1257],"nivel-de-juego":[],"superficie":[],"tipo-de-juego":[],"product_brand":[],"product_cat":[320],"product_tag":[],"class_list":{"0":"post-127413","1":"product","2":"type-product","3":"status-publish","4":"has-post-thumbnail","6":"marca-bullpadel-fr","7":"product_cat-sacs","9":"first","10":"outofstock","11":"sale","12":"taxable","13":"shipping-taxable","14":"purchasable","15":"product-type-simple"},"acf":[],"yoast_head":"<!-- This site is optimized with the Yoast SEO plugin v27.3 - https:\/\/yoast.com\/product\/yoast-seo-wordpress\/ -->\n<title>PALETERO BULLPADEL BPP25021 PEARL BLANCO MUJER - Revolution Padel Store<\/title>\n<meta name=\"description\" content=\"El paletero Bullpadel Pearl en color blanco ha sido dise\u00f1ado en colaboraci\u00f3n con la jugadora Bea Gonz\u00e1lez, por lo que es un modelo de gran calidad, funcionalidad y durabilidad que combina ligereza y capacidad, ofreciendo una soluci\u00f3n pr\u00e1ctica para transportar todo lo necesario para triunfar en tus partidos o entrenamientos de p\u00e1del\" \/>\n<meta name=\"robots\" content=\"index, follow, max-snippet:-1, max-image-preview:large, max-video-preview:-1\" \/>\n<link rel=\"canonical\" href=\"https:\/\/revolutionpadelstore.com\/fr\/produit\/paletero-bullpadel-bpp25021-pearl-blanco-mujer-3\/\" \/>\n<meta property=\"og:locale\" content=\"fr_FR\" \/>\n<meta property=\"og:type\" content=\"article\" \/>\n<meta property=\"og:title\" content=\"PALETERO BULLPADEL BPP25021 PEARL BLANCO MUJER - Revolution Padel Store\" \/>\n<meta property=\"og:description\" content=\"El paletero Bullpadel Pearl en color blanco ha sido dise\u00f1ado en colaboraci\u00f3n con la jugadora Bea Gonz\u00e1lez, por lo que es un modelo de gran calidad, funcionalidad y durabilidad que combina ligereza y capacidad, ofreciendo una soluci\u00f3n pr\u00e1ctica para transportar todo lo necesario para triunfar en tus partidos o entrenamientos de p\u00e1del\" \/>\n<meta property=\"og:url\" content=\"https:\/\/revolutionpadelstore.com\/fr\/produit\/paletero-bullpadel-bpp25021-pearl-blanco-mujer-3\/\" \/>\n<meta property=\"og:site_name\" content=\"Revolution Padel Store\" \/>\n<meta property=\"article:modified_time\" content=\"2026-04-01T04:56:07+00:00\" \/>\n<meta property=\"og:image\" content=\"https:\/\/revolutionpadelstore.com\/wp-content\/uploads\/2024\/11\/113821-paletero-bullpadel-bpp25021-pearl-474976-mujer-1500x1500-1.webp\" \/>\n\t<meta property=\"og:image:width\" content=\"1500\" \/>\n\t<meta property=\"og:image:height\" content=\"1500\" \/>\n\t<meta property=\"og:image:type\" content=\"image\/webp\" \/>\n<meta name=\"twitter:card\" content=\"summary_large_image\" \/>\n<meta name=\"twitter:label1\" content=\"Dur\u00e9e de lecture estim\u00e9e\" \/>\n\t<meta name=\"twitter:data1\" content=\"1 minute\" \/>\n<script type=\"application\/ld+json\" class=\"yoast-schema-graph\">{\"@context\":\"https:\\\/\\\/schema.org\",\"@graph\":[{\"@type\":\"WebPage\",\"@id\":\"https:\\\/\\\/revolutionpadelstore.com\\\/fr\\\/produit\\\/paletero-bullpadel-bpp25021-pearl-blanco-mujer-3\\\/\",\"url\":\"https:\\\/\\\/revolutionpadelstore.com\\\/fr\\\/produit\\\/paletero-bullpadel-bpp25021-pearl-blanco-mujer-3\\\/\",\"name\":\"PALETERO BULLPADEL BPP25021 PEARL BLANCO MUJER - Revolution Padel Store\",\"isPartOf\":{\"@id\":\"https:\\\/\\\/revolutionpadelstore.com\\\/fr\\\/#website\"},\"primaryImageOfPage\":{\"@id\":\"https:\\\/\\\/revolutionpadelstore.com\\\/fr\\\/produit\\\/paletero-bullpadel-bpp25021-pearl-blanco-mujer-3\\\/#primaryimage\"},\"image\":{\"@id\":\"https:\\\/\\\/revolutionpadelstore.com\\\/fr\\\/produit\\\/paletero-bullpadel-bpp25021-pearl-blanco-mujer-3\\\/#primaryimage\"},\"thumbnailUrl\":\"https:\\\/\\\/revolutionpadelstore.com\\\/wp-content\\\/uploads\\\/2024\\\/11\\\/113821-paletero-bullpadel-bpp25021-pearl-474976-mujer-1500x1500-1.webp\",\"datePublished\":\"2024-11-21T09:10:26+00:00\",\"dateModified\":\"2026-04-01T04:56:07+00:00\",\"description\":\"El paletero Bullpadel Pearl en color blanco ha sido dise\u00f1ado en colaboraci\u00f3n con la jugadora Bea Gonz\u00e1lez, por lo que es un modelo de gran calidad, funcionalidad y durabilidad que combina ligereza y capacidad, ofreciendo una soluci\u00f3n pr\u00e1ctica para transportar todo lo necesario para triunfar en tus partidos o entrenamientos de p\u00e1del\",\"breadcrumb\":{\"@id\":\"https:\\\/\\\/revolutionpadelstore.com\\\/fr\\\/produit\\\/paletero-bullpadel-bpp25021-pearl-blanco-mujer-3\\\/#breadcrumb\"},\"inLanguage\":\"fr-FR\",\"potentialAction\":[{\"@type\":\"ReadAction\",\"target\":[\"https:\\\/\\\/revolutionpadelstore.com\\\/fr\\\/produit\\\/paletero-bullpadel-bpp25021-pearl-blanco-mujer-3\\\/\"]}]},{\"@type\":\"ImageObject\",\"inLanguage\":\"fr-FR\",\"@id\":\"https:\\\/\\\/revolutionpadelstore.com\\\/fr\\\/produit\\\/paletero-bullpadel-bpp25021-pearl-blanco-mujer-3\\\/#primaryimage\",\"url\":\"https:\\\/\\\/revolutionpadelstore.com\\\/wp-content\\\/uploads\\\/2024\\\/11\\\/113821-paletero-bullpadel-bpp25021-pearl-474976-mujer-1500x1500-1.webp\",\"contentUrl\":\"https:\\\/\\\/revolutionpadelstore.com\\\/wp-content\\\/uploads\\\/2024\\\/11\\\/113821-paletero-bullpadel-bpp25021-pearl-474976-mujer-1500x1500-1.webp\",\"width\":1500,\"height\":1500},{\"@type\":\"BreadcrumbList\",\"@id\":\"https:\\\/\\\/revolutionpadelstore.com\\\/fr\\\/produit\\\/paletero-bullpadel-bpp25021-pearl-blanco-mujer-3\\\/#breadcrumb\",\"itemListElement\":[{\"@type\":\"ListItem\",\"position\":1,\"name\":\"Portada\",\"item\":\"https:\\\/\\\/revolutionpadelstore.com\\\/fr\\\/\"},{\"@type\":\"ListItem\",\"position\":2,\"name\":\"Boutique\",\"item\":\"https:\\\/\\\/revolutionpadelstore.com\\\/fr\\\/tienda\\\/\"},{\"@type\":\"ListItem\",\"position\":3,\"name\":\"PALETERO BULLPADEL BPP25021 PEARL BLANCO MUJER\"}]},{\"@type\":\"WebSite\",\"@id\":\"https:\\\/\\\/revolutionpadelstore.com\\\/fr\\\/#website\",\"url\":\"https:\\\/\\\/revolutionpadelstore.com\\\/fr\\\/\",\"name\":\"Revolution Padel Store\",\"description\":\"\",\"publisher\":{\"@id\":\"https:\\\/\\\/revolutionpadelstore.com\\\/fr\\\/#organization\"},\"potentialAction\":[{\"@type\":\"SearchAction\",\"target\":{\"@type\":\"EntryPoint\",\"urlTemplate\":\"https:\\\/\\\/revolutionpadelstore.com\\\/fr\\\/?s={search_term_string}\"},\"query-input\":{\"@type\":\"PropertyValueSpecification\",\"valueRequired\":true,\"valueName\":\"search_term_string\"}}],\"inLanguage\":\"fr-FR\"},{\"@type\":\"Organization\",\"@id\":\"https:\\\/\\\/revolutionpadelstore.com\\\/fr\\\/#organization\",\"name\":\"Revolution Padel Store\",\"url\":\"https:\\\/\\\/revolutionpadelstore.com\\\/fr\\\/\",\"logo\":{\"@type\":\"ImageObject\",\"inLanguage\":\"fr-FR\",\"@id\":\"https:\\\/\\\/revolutionpadelstore.com\\\/fr\\\/#\\\/schema\\\/logo\\\/image\\\/\",\"url\":\"https:\\\/\\\/revolutionpadelstore.com\\\/wp-content\\\/uploads\\\/2026\\\/02\\\/revolution-padel-store.jpg\",\"contentUrl\":\"https:\\\/\\\/revolutionpadelstore.com\\\/wp-content\\\/uploads\\\/2026\\\/02\\\/revolution-padel-store.jpg\",\"width\":2000,\"height\":2000,\"caption\":\"Revolution Padel Store\"},\"image\":{\"@id\":\"https:\\\/\\\/revolutionpadelstore.com\\\/fr\\\/#\\\/schema\\\/logo\\\/image\\\/\"},\"sameAs\":[\"https:\\\/\\\/www.instagram.com\\\/revolutionpadelstore\\\/\"]}]}<\/script>\n<!-- \/ Yoast SEO plugin. -->","yoast_head_json":{"title":"PALETERO BULLPADEL BPP25021 PEARL BLANCO MUJER - Revolution Padel Store","description":"El paletero Bullpadel Pearl en color blanco ha sido dise\u00f1ado en colaboraci\u00f3n con la jugadora Bea Gonz\u00e1lez, por lo que es un modelo de gran calidad, funcionalidad y durabilidad que combina ligereza y capacidad, ofreciendo una soluci\u00f3n pr\u00e1ctica para transportar todo lo necesario para triunfar en tus partidos o entrenamientos de p\u00e1del","robots":{"index":"index","follow":"follow","max-snippet":"max-snippet:-1","max-image-preview":"max-image-preview:large","max-video-preview":"max-video-preview:-1"},"canonical":"https:\/\/revolutionpadelstore.com\/fr\/produit\/paletero-bullpadel-bpp25021-pearl-blanco-mujer-3\/","og_locale":"fr_FR","og_type":"article","og_title":"PALETERO BULLPADEL BPP25021 PEARL BLANCO MUJER - Revolution Padel Store","og_description":"El paletero Bullpadel Pearl en color blanco ha sido dise\u00f1ado en colaboraci\u00f3n con la jugadora Bea Gonz\u00e1lez, por lo que es un modelo de gran calidad, funcionalidad y durabilidad que combina ligereza y capacidad, ofreciendo una soluci\u00f3n pr\u00e1ctica para transportar todo lo necesario para triunfar en tus partidos o entrenamientos de p\u00e1del","og_url":"https:\/\/revolutionpadelstore.com\/fr\/produit\/paletero-bullpadel-bpp25021-pearl-blanco-mujer-3\/","og_site_name":"Revolution Padel Store","article_modified_time":"2026-04-01T04:56:07+00:00","og_image":[{"width":1500,"height":1500,"url":"https:\/\/revolutionpadelstore.com\/wp-content\/uploads\/2024\/11\/113821-paletero-bullpadel-bpp25021-pearl-474976-mujer-1500x1500-1.webp","type":"image\/webp"}],"twitter_card":"summary_large_image","twitter_misc":{"Dur\u00e9e de lecture estim\u00e9e":"1 minute"},"schema":{"@context":"https:\/\/schema.org","@graph":[{"@type":"WebPage","@id":"https:\/\/revolutionpadelstore.com\/fr\/produit\/paletero-bullpadel-bpp25021-pearl-blanco-mujer-3\/","url":"https:\/\/revolutionpadelstore.com\/fr\/produit\/paletero-bullpadel-bpp25021-pearl-blanco-mujer-3\/","name":"PALETERO BULLPADEL BPP25021 PEARL BLANCO MUJER - Revolution Padel Store","isPartOf":{"@id":"https:\/\/revolutionpadelstore.com\/fr\/#website"},"primaryImageOfPage":{"@id":"https:\/\/revolutionpadelstore.com\/fr\/produit\/paletero-bullpadel-bpp25021-pearl-blanco-mujer-3\/#primaryimage"},"image":{"@id":"https:\/\/revolutionpadelstore.com\/fr\/produit\/paletero-bullpadel-bpp25021-pearl-blanco-mujer-3\/#primaryimage"},"thumbnailUrl":"https:\/\/revolutionpadelstore.com\/wp-content\/uploads\/2024\/11\/113821-paletero-bullpadel-bpp25021-pearl-474976-mujer-1500x1500-1.webp","datePublished":"2024-11-21T09:10:26+00:00","dateModified":"2026-04-01T04:56:07+00:00","description":"El paletero Bullpadel Pearl en color blanco ha sido dise\u00f1ado en colaboraci\u00f3n con la jugadora Bea Gonz\u00e1lez, por lo que es un modelo de gran calidad, funcionalidad y durabilidad que combina ligereza y capacidad, ofreciendo una soluci\u00f3n pr\u00e1ctica para transportar todo lo necesario para triunfar en tus partidos o entrenamientos de p\u00e1del","breadcrumb":{"@id":"https:\/\/revolutionpadelstore.com\/fr\/produit\/paletero-bullpadel-bpp25021-pearl-blanco-mujer-3\/#breadcrumb"},"inLanguage":"fr-FR","potentialAction":[{"@type":"ReadAction","target":["https:\/\/revolutionpadelstore.com\/fr\/produit\/paletero-bullpadel-bpp25021-pearl-blanco-mujer-3\/"]}]},{"@type":"ImageObject","inLanguage":"fr-FR","@id":"https:\/\/revolutionpadelstore.com\/fr\/produit\/paletero-bullpadel-bpp25021-pearl-blanco-mujer-3\/#primaryimage","url":"https:\/\/revolutionpadelstore.com\/wp-content\/uploads\/2024\/11\/113821-paletero-bullpadel-bpp25021-pearl-474976-mujer-1500x1500-1.webp","contentUrl":"https:\/\/revolutionpadelstore.com\/wp-content\/uploads\/2024\/11\/113821-paletero-bullpadel-bpp25021-pearl-474976-mujer-1500x1500-1.webp","width":1500,"height":1500},{"@type":"BreadcrumbList","@id":"https:\/\/revolutionpadelstore.com\/fr\/produit\/paletero-bullpadel-bpp25021-pearl-blanco-mujer-3\/#breadcrumb","itemListElement":[{"@type":"ListItem","position":1,"name":"Portada","item":"https:\/\/revolutionpadelstore.com\/fr\/"},{"@type":"ListItem","position":2,"name":"Boutique","item":"https:\/\/revolutionpadelstore.com\/fr\/tienda\/"},{"@type":"ListItem","position":3,"name":"PALETERO BULLPADEL BPP25021 PEARL BLANCO MUJER"}]},{"@type":"WebSite","@id":"https:\/\/revolutionpadelstore.com\/fr\/#website","url":"https:\/\/revolutionpadelstore.com\/fr\/","name":"Revolution Padel Store","description":"","publisher":{"@id":"https:\/\/revolutionpadelstore.com\/fr\/#organization"},"potentialAction":[{"@type":"SearchAction","target":{"@type":"EntryPoint","urlTemplate":"https:\/\/revolutionpadelstore.com\/fr\/?s={search_term_string}"},"query-input":{"@type":"PropertyValueSpecification","valueRequired":true,"valueName":"search_term_string"}}],"inLanguage":"fr-FR"},{"@type":"Organization","@id":"https:\/\/revolutionpadelstore.com\/fr\/#organization","name":"Revolution Padel Store","url":"https:\/\/revolutionpadelstore.com\/fr\/","logo":{"@type":"ImageObject","inLanguage":"fr-FR","@id":"https:\/\/revolutionpadelstore.com\/fr\/#\/schema\/logo\/image\/","url":"https:\/\/revolutionpadelstore.com\/wp-content\/uploads\/2026\/02\/revolution-padel-store.jpg","contentUrl":"https:\/\/revolutionpadelstore.com\/wp-content\/uploads\/2026\/02\/revolution-padel-store.jpg","width":2000,"height":2000,"caption":"Revolution Padel Store"},"image":{"@id":"https:\/\/revolutionpadelstore.com\/fr\/#\/schema\/logo\/image\/"},"sameAs":["https:\/\/www.instagram.com\/revolutionpadelstore\/"]}]}},"_links":{"self":[{"href":"https:\/\/revolutionpadelstore.com\/fr\/wp-json\/wp\/v2\/product\/127413","targetHints":{"allow":["GET"]}}],"collection":[{"href":"https:\/\/revolutionpadelstore.com\/fr\/wp-json\/wp\/v2\/product"}],"about":[{"href":"https:\/\/revolutionpadelstore.com\/fr\/wp-json\/wp\/v2\/types\/product"}],"replies":[{"embeddable":true,"href":"https:\/\/revolutionpadelstore.com\/fr\/wp-json\/wp\/v2\/comments?post=127413"}],"wp:featuredmedia":[{"embeddable":true,"href":"https:\/\/revolutionpadelstore.com\/fr\/wp-json\/wp\/v2\/media\/124787"}],"wp:attachment":[{"href":"https:\/\/revolutionpadelstore.com\/fr\/wp-json\/wp\/v2\/media?parent=127413"}],"wp:term":[{"taxonomy":"acabado","embeddable":true,"href":"https:\/\/revolutionpadelstore.com\/fr\/wp-json\/wp\/v2\/acabado?post=127413"},{"taxonomy":"balance","embeddable":true,"href":"https:\/\/revolutionpadelstore.com\/fr\/wp-json\/wp\/v2\/balance?post=127413"},{"taxonomy":"dureza","embeddable":true,"href":"https:\/\/revolutionpadelstore.com\/fr\/wp-json\/wp\/v2\/dureza?post=127413"},{"taxonomy":"forma","embeddable":true,"href":"https:\/\/revolutionpadelstore.com\/fr\/wp-json\/wp\/v2\/forma?post=127413"},{"taxonomy":"jugador","embeddable":true,"href":"https:\/\/revolutionpadelstore.com\/fr\/wp-json\/wp\/v2\/jugador?post=127413"},{"taxonomy":"marca","embeddable":true,"href":"https:\/\/revolutionpadelstore.com\/fr\/wp-json\/wp\/v2\/marca?post=127413"},{"taxonomy":"nivel-de-juego","embeddable":true,"href":"https:\/\/revolutionpadelstore.com\/fr\/wp-json\/wp\/v2\/nivel-de-juego?post=127413"},{"taxonomy":"superficie","embeddable":true,"href":"https:\/\/revolutionpadelstore.com\/fr\/wp-json\/wp\/v2\/superficie?post=127413"},{"taxonomy":"tipo-de-juego","embeddable":true,"href":"https:\/\/revolutionpadelstore.com\/fr\/wp-json\/wp\/v2\/tipo-de-juego?post=127413"},{"taxonomy":"product_brand","embeddable":true,"href":"https:\/\/revolutionpadelstore.com\/fr\/wp-json\/wp\/v2\/product_brand?post=127413"},{"taxonomy":"product_cat","embeddable":true,"href":"https:\/\/revolutionpadelstore.com\/fr\/wp-json\/wp\/v2\/product_cat?post=127413"},{"taxonomy":"product_tag","embeddable":true,"href":"https:\/\/revolutionpadelstore.com\/fr\/wp-json\/wp\/v2\/product_tag?post=127413"}],"curies":[{"name":"wp","href":"https:\/\/api.w.org\/{rel}","templated":true}]}}