{"id":127332,"date":"2024-11-19T23:57:07","date_gmt":"2024-11-19T22:57:07","guid":{"rendered":"https:\/\/revolutionpadelstore.com\/paletero-bullpadel-bpp25020-neuron\/"},"modified":"2026-04-08T10:17:51","modified_gmt":"2026-04-08T08:17:51","slug":"paletero-bullpadel-bpp25020-neuron-3","status":"publish","type":"product","link":"https:\/\/revolutionpadelstore.com\/fr\/produit\/paletero-bullpadel-bpp25020-neuron-3\/","title":{"rendered":"PALETERO BULLPADEL BPP25020 NEURON"},"content":{"rendered":"<p><H2> Neuron de bullpadel paletero BPP25020 noir <\/h2>\n<p>Le neurone Bullpadel Paletero BPP25020 en couleur noire, cr\u00e9\u00e9 en collaboration avec le joueur Fede Chingotto, est l&#8217;accessoire parfait pour accompagner la pelle neurone bullpadel. Ce mod\u00e8le pour les hommes se distingue par sa l\u00e9g\u00e8ret\u00e9, sa fonctionnalit\u00e9 et sa conception exclusive avec la signature du joueur, con\u00e7u pour r\u00e9pondre aux demandes des athl\u00e8tes les plus engag\u00e9s dans leur \u00e9quipement.<\/p>\n<p>Quant \u00e0 sa capacit\u00e9, il dispose d&#8217;un large compartiment principal qui vous permet d&#8217;organiser efficacement des v\u00eatements, des serviettes ou des accessoires. De plus, il a deux compartiments avec la technologie thermos, id\u00e9al pour stocker jusqu&#8217;\u00e0 quatre lames de pagaie, les prot\u00e9geant des changements de temp\u00e9rature soudains. Il comprend \u00e9galement un espace ventil\u00e9 et s\u00e9par\u00e9 pour les chaussures sales ou les v\u00eatements, garantissant une organisation correcte et \u00e9vitant les mauvaises odeurs ou l&#8217;humidit\u00e9 qui affectent le reste de vos biens.<\/p>\n<h3> Protection et facilit\u00e9 de transport <\/h3>\n<p>\u00c0 l&#8217;ext\u00e9rieur, le Paletero a une poche lat\u00e9rale pratique avec des soufflets, qui fournit un espace suppl\u00e9mentaire pour stocker des objets \u00e0 acc\u00e8s rapide tels que des bouteilles, des serviettes ou des balles. Fabriqu\u00e9 avec des mat\u00e9riaux de haute qualit\u00e9, ce bullpadel paletero est r\u00e9sistant, durable et l\u00e9ger, ce qui en fait une option confortable pour vos matchs ou votre entra\u00eenement.<\/p>\n<p>Id\u00e9al pour ceux qui recherchent un accessoire qui combine les performances, l&#8217;ordre et le style, le neuron paletero Bullpadel est le choix parfait pour se d\u00e9marquer sur la piste avec le soutien d&#8217;un design professionnel approuv\u00e9 par Fede Chingotto.<\/p>\n<h2>Paletero Bullpadel Neuron BPP25020 Negro<\/h2>\n","protected":false},"excerpt":{"rendered":"<p>Le neurone bullpadel Paletero en noir vous offre une combinaison optimale de capacit\u00e9, de durabilit\u00e9 et de facilit\u00e9 de transport gr\u00e2ce \u00e0 son compartiment thermo et \u00e0 son espace ventil\u00e9 pour les chaussures. Cr\u00e9\u00e9 en collaboration avec Chingotto.<\/p>\n","protected":false},"featured_media":115946,"comment_status":"open","ping_status":"closed","template":"","meta":{"_acf_changed":false,"_joinchat":[]},"acabado":[],"balance":[],"dureza":[],"forma":[],"jugador":[],"marca":[1257],"nivel-de-juego":[],"superficie":[],"tipo-de-juego":[],"product_brand":[],"product_cat":[320],"product_tag":[],"class_list":{"0":"post-127332","1":"product","2":"type-product","3":"status-publish","4":"has-post-thumbnail","6":"marca-bullpadel-fr","7":"product_cat-sacs","9":"first","10":"instock","11":"sale","12":"taxable","13":"shipping-taxable","14":"purchasable","15":"product-type-simple"},"acf":[],"yoast_head":"<!-- This site is optimized with the Yoast SEO plugin v27.4 - https:\/\/yoast.com\/product\/yoast-seo-wordpress\/ -->\n<title>PALETERO BULLPADEL BPP25020 NEURON - Revolution Padel Store<\/title>\n<meta name=\"description\" content=\"El paletero Neuron de Bullpadel en color negro, dise\u00f1ado en colaboraci\u00f3n con el jugador Fede Chingotto, es el complemento ideal para la pala Bullpadel Neuron. Este paletero para hombre combina ligereza, practicidad y un dise\u00f1o exclusivo con la firma del jugador, pensado para satisfacer las necesidades de los jugadores de p\u00e1del m\u00e1s exigentes con su equipamiento deportivo.\" \/>\n<meta name=\"robots\" content=\"index, follow, max-snippet:-1, max-image-preview:large, max-video-preview:-1\" \/>\n<link rel=\"canonical\" href=\"https:\/\/revolutionpadelstore.com\/fr\/produit\/paletero-bullpadel-bpp25020-neuron-3\/\" \/>\n<meta property=\"og:locale\" content=\"fr_FR\" \/>\n<meta property=\"og:type\" content=\"article\" \/>\n<meta property=\"og:title\" content=\"PALETERO BULLPADEL BPP25020 NEURON - Revolution Padel Store\" \/>\n<meta property=\"og:description\" content=\"El paletero Neuron de Bullpadel en color negro, dise\u00f1ado en colaboraci\u00f3n con el jugador Fede Chingotto, es el complemento ideal para la pala Bullpadel Neuron. Este paletero para hombre combina ligereza, practicidad y un dise\u00f1o exclusivo con la firma del jugador, pensado para satisfacer las necesidades de los jugadores de p\u00e1del m\u00e1s exigentes con su equipamiento deportivo.\" \/>\n<meta property=\"og:url\" content=\"https:\/\/revolutionpadelstore.com\/fr\/produit\/paletero-bullpadel-bpp25020-neuron-3\/\" \/>\n<meta property=\"og:site_name\" content=\"Revolution Padel Store\" \/>\n<meta property=\"article:modified_time\" content=\"2026-04-08T08:17:51+00:00\" \/>\n<meta property=\"og:image\" content=\"https:\/\/revolutionpadelstore.com\/wp-content\/uploads\/2024\/11\/113820-paletero-bullpadel-bpp25020-neuron-448148-1500x1500-1.webp\" \/>\n\t<meta property=\"og:image:width\" content=\"1500\" \/>\n\t<meta property=\"og:image:height\" content=\"1500\" \/>\n\t<meta property=\"og:image:type\" content=\"image\/webp\" \/>\n<meta name=\"twitter:card\" content=\"summary_large_image\" \/>\n<meta name=\"twitter:label1\" content=\"Dur\u00e9e de lecture estim\u00e9e\" \/>\n\t<meta name=\"twitter:data1\" content=\"1 minute\" \/>\n<script type=\"application\/ld+json\" class=\"yoast-schema-graph\">{\"@context\":\"https:\\\/\\\/schema.org\",\"@graph\":[{\"@type\":\"WebPage\",\"@id\":\"https:\\\/\\\/revolutionpadelstore.com\\\/fr\\\/produit\\\/paletero-bullpadel-bpp25020-neuron-3\\\/\",\"url\":\"https:\\\/\\\/revolutionpadelstore.com\\\/fr\\\/produit\\\/paletero-bullpadel-bpp25020-neuron-3\\\/\",\"name\":\"PALETERO BULLPADEL BPP25020 NEURON - Revolution Padel Store\",\"isPartOf\":{\"@id\":\"https:\\\/\\\/revolutionpadelstore.com\\\/fr\\\/#website\"},\"primaryImageOfPage\":{\"@id\":\"https:\\\/\\\/revolutionpadelstore.com\\\/fr\\\/produit\\\/paletero-bullpadel-bpp25020-neuron-3\\\/#primaryimage\"},\"image\":{\"@id\":\"https:\\\/\\\/revolutionpadelstore.com\\\/fr\\\/produit\\\/paletero-bullpadel-bpp25020-neuron-3\\\/#primaryimage\"},\"thumbnailUrl\":\"https:\\\/\\\/revolutionpadelstore.com\\\/wp-content\\\/uploads\\\/2024\\\/11\\\/113820-paletero-bullpadel-bpp25020-neuron-448148-1500x1500-1.webp\",\"datePublished\":\"2024-11-19T22:57:07+00:00\",\"dateModified\":\"2026-04-08T08:17:51+00:00\",\"description\":\"El paletero Neuron de Bullpadel en color negro, dise\u00f1ado en colaboraci\u00f3n con el jugador Fede Chingotto, es el complemento ideal para la pala Bullpadel Neuron. Este paletero para hombre combina ligereza, practicidad y un dise\u00f1o exclusivo con la firma del jugador, pensado para satisfacer las necesidades de los jugadores de p\u00e1del m\u00e1s exigentes con su equipamiento deportivo.\",\"breadcrumb\":{\"@id\":\"https:\\\/\\\/revolutionpadelstore.com\\\/fr\\\/produit\\\/paletero-bullpadel-bpp25020-neuron-3\\\/#breadcrumb\"},\"inLanguage\":\"fr-FR\",\"potentialAction\":[{\"@type\":\"ReadAction\",\"target\":[\"https:\\\/\\\/revolutionpadelstore.com\\\/fr\\\/produit\\\/paletero-bullpadel-bpp25020-neuron-3\\\/\"]}]},{\"@type\":\"ImageObject\",\"inLanguage\":\"fr-FR\",\"@id\":\"https:\\\/\\\/revolutionpadelstore.com\\\/fr\\\/produit\\\/paletero-bullpadel-bpp25020-neuron-3\\\/#primaryimage\",\"url\":\"https:\\\/\\\/revolutionpadelstore.com\\\/wp-content\\\/uploads\\\/2024\\\/11\\\/113820-paletero-bullpadel-bpp25020-neuron-448148-1500x1500-1.webp\",\"contentUrl\":\"https:\\\/\\\/revolutionpadelstore.com\\\/wp-content\\\/uploads\\\/2024\\\/11\\\/113820-paletero-bullpadel-bpp25020-neuron-448148-1500x1500-1.webp\",\"width\":1500,\"height\":1500},{\"@type\":\"BreadcrumbList\",\"@id\":\"https:\\\/\\\/revolutionpadelstore.com\\\/fr\\\/produit\\\/paletero-bullpadel-bpp25020-neuron-3\\\/#breadcrumb\",\"itemListElement\":[{\"@type\":\"ListItem\",\"position\":1,\"name\":\"Portada\",\"item\":\"https:\\\/\\\/revolutionpadelstore.com\\\/fr\\\/\"},{\"@type\":\"ListItem\",\"position\":2,\"name\":\"Boutique\",\"item\":\"https:\\\/\\\/revolutionpadelstore.com\\\/fr\\\/tienda\\\/\"},{\"@type\":\"ListItem\",\"position\":3,\"name\":\"PALETERO BULLPADEL BPP25020 NEURON\"}]},{\"@type\":\"WebSite\",\"@id\":\"https:\\\/\\\/revolutionpadelstore.com\\\/fr\\\/#website\",\"url\":\"https:\\\/\\\/revolutionpadelstore.com\\\/fr\\\/\",\"name\":\"Revolution Padel Store\",\"description\":\"\",\"publisher\":{\"@id\":\"https:\\\/\\\/revolutionpadelstore.com\\\/fr\\\/#organization\"},\"potentialAction\":[{\"@type\":\"SearchAction\",\"target\":{\"@type\":\"EntryPoint\",\"urlTemplate\":\"https:\\\/\\\/revolutionpadelstore.com\\\/fr\\\/?s={search_term_string}\"},\"query-input\":{\"@type\":\"PropertyValueSpecification\",\"valueRequired\":true,\"valueName\":\"search_term_string\"}}],\"inLanguage\":\"fr-FR\"},{\"@type\":\"Organization\",\"@id\":\"https:\\\/\\\/revolutionpadelstore.com\\\/fr\\\/#organization\",\"name\":\"Revolution Padel Store\",\"url\":\"https:\\\/\\\/revolutionpadelstore.com\\\/fr\\\/\",\"logo\":{\"@type\":\"ImageObject\",\"inLanguage\":\"fr-FR\",\"@id\":\"https:\\\/\\\/revolutionpadelstore.com\\\/fr\\\/#\\\/schema\\\/logo\\\/image\\\/\",\"url\":\"https:\\\/\\\/revolutionpadelstore.com\\\/wp-content\\\/uploads\\\/2026\\\/02\\\/revolution-padel-store.jpg\",\"contentUrl\":\"https:\\\/\\\/revolutionpadelstore.com\\\/wp-content\\\/uploads\\\/2026\\\/02\\\/revolution-padel-store.jpg\",\"width\":2000,\"height\":2000,\"caption\":\"Revolution Padel Store\"},\"image\":{\"@id\":\"https:\\\/\\\/revolutionpadelstore.com\\\/fr\\\/#\\\/schema\\\/logo\\\/image\\\/\"},\"sameAs\":[\"https:\\\/\\\/www.instagram.com\\\/revolutionpadelstore\\\/\"]}]}<\/script>\n<!-- \/ Yoast SEO plugin. -->","yoast_head_json":{"title":"PALETERO BULLPADEL BPP25020 NEURON - Revolution Padel Store","description":"El paletero Neuron de Bullpadel en color negro, dise\u00f1ado en colaboraci\u00f3n con el jugador Fede Chingotto, es el complemento ideal para la pala Bullpadel Neuron. Este paletero para hombre combina ligereza, practicidad y un dise\u00f1o exclusivo con la firma del jugador, pensado para satisfacer las necesidades de los jugadores de p\u00e1del m\u00e1s exigentes con su equipamiento deportivo.","robots":{"index":"index","follow":"follow","max-snippet":"max-snippet:-1","max-image-preview":"max-image-preview:large","max-video-preview":"max-video-preview:-1"},"canonical":"https:\/\/revolutionpadelstore.com\/fr\/produit\/paletero-bullpadel-bpp25020-neuron-3\/","og_locale":"fr_FR","og_type":"article","og_title":"PALETERO BULLPADEL BPP25020 NEURON - Revolution Padel Store","og_description":"El paletero Neuron de Bullpadel en color negro, dise\u00f1ado en colaboraci\u00f3n con el jugador Fede Chingotto, es el complemento ideal para la pala Bullpadel Neuron. Este paletero para hombre combina ligereza, practicidad y un dise\u00f1o exclusivo con la firma del jugador, pensado para satisfacer las necesidades de los jugadores de p\u00e1del m\u00e1s exigentes con su equipamiento deportivo.","og_url":"https:\/\/revolutionpadelstore.com\/fr\/produit\/paletero-bullpadel-bpp25020-neuron-3\/","og_site_name":"Revolution Padel Store","article_modified_time":"2026-04-08T08:17:51+00:00","og_image":[{"width":1500,"height":1500,"url":"https:\/\/revolutionpadelstore.com\/wp-content\/uploads\/2024\/11\/113820-paletero-bullpadel-bpp25020-neuron-448148-1500x1500-1.webp","type":"image\/webp"}],"twitter_card":"summary_large_image","twitter_misc":{"Dur\u00e9e de lecture estim\u00e9e":"1 minute"},"schema":{"@context":"https:\/\/schema.org","@graph":[{"@type":"WebPage","@id":"https:\/\/revolutionpadelstore.com\/fr\/produit\/paletero-bullpadel-bpp25020-neuron-3\/","url":"https:\/\/revolutionpadelstore.com\/fr\/produit\/paletero-bullpadel-bpp25020-neuron-3\/","name":"PALETERO BULLPADEL BPP25020 NEURON - Revolution Padel Store","isPartOf":{"@id":"https:\/\/revolutionpadelstore.com\/fr\/#website"},"primaryImageOfPage":{"@id":"https:\/\/revolutionpadelstore.com\/fr\/produit\/paletero-bullpadel-bpp25020-neuron-3\/#primaryimage"},"image":{"@id":"https:\/\/revolutionpadelstore.com\/fr\/produit\/paletero-bullpadel-bpp25020-neuron-3\/#primaryimage"},"thumbnailUrl":"https:\/\/revolutionpadelstore.com\/wp-content\/uploads\/2024\/11\/113820-paletero-bullpadel-bpp25020-neuron-448148-1500x1500-1.webp","datePublished":"2024-11-19T22:57:07+00:00","dateModified":"2026-04-08T08:17:51+00:00","description":"El paletero Neuron de Bullpadel en color negro, dise\u00f1ado en colaboraci\u00f3n con el jugador Fede Chingotto, es el complemento ideal para la pala Bullpadel Neuron. Este paletero para hombre combina ligereza, practicidad y un dise\u00f1o exclusivo con la firma del jugador, pensado para satisfacer las necesidades de los jugadores de p\u00e1del m\u00e1s exigentes con su equipamiento deportivo.","breadcrumb":{"@id":"https:\/\/revolutionpadelstore.com\/fr\/produit\/paletero-bullpadel-bpp25020-neuron-3\/#breadcrumb"},"inLanguage":"fr-FR","potentialAction":[{"@type":"ReadAction","target":["https:\/\/revolutionpadelstore.com\/fr\/produit\/paletero-bullpadel-bpp25020-neuron-3\/"]}]},{"@type":"ImageObject","inLanguage":"fr-FR","@id":"https:\/\/revolutionpadelstore.com\/fr\/produit\/paletero-bullpadel-bpp25020-neuron-3\/#primaryimage","url":"https:\/\/revolutionpadelstore.com\/wp-content\/uploads\/2024\/11\/113820-paletero-bullpadel-bpp25020-neuron-448148-1500x1500-1.webp","contentUrl":"https:\/\/revolutionpadelstore.com\/wp-content\/uploads\/2024\/11\/113820-paletero-bullpadel-bpp25020-neuron-448148-1500x1500-1.webp","width":1500,"height":1500},{"@type":"BreadcrumbList","@id":"https:\/\/revolutionpadelstore.com\/fr\/produit\/paletero-bullpadel-bpp25020-neuron-3\/#breadcrumb","itemListElement":[{"@type":"ListItem","position":1,"name":"Portada","item":"https:\/\/revolutionpadelstore.com\/fr\/"},{"@type":"ListItem","position":2,"name":"Boutique","item":"https:\/\/revolutionpadelstore.com\/fr\/tienda\/"},{"@type":"ListItem","position":3,"name":"PALETERO BULLPADEL BPP25020 NEURON"}]},{"@type":"WebSite","@id":"https:\/\/revolutionpadelstore.com\/fr\/#website","url":"https:\/\/revolutionpadelstore.com\/fr\/","name":"Revolution Padel Store","description":"","publisher":{"@id":"https:\/\/revolutionpadelstore.com\/fr\/#organization"},"potentialAction":[{"@type":"SearchAction","target":{"@type":"EntryPoint","urlTemplate":"https:\/\/revolutionpadelstore.com\/fr\/?s={search_term_string}"},"query-input":{"@type":"PropertyValueSpecification","valueRequired":true,"valueName":"search_term_string"}}],"inLanguage":"fr-FR"},{"@type":"Organization","@id":"https:\/\/revolutionpadelstore.com\/fr\/#organization","name":"Revolution Padel Store","url":"https:\/\/revolutionpadelstore.com\/fr\/","logo":{"@type":"ImageObject","inLanguage":"fr-FR","@id":"https:\/\/revolutionpadelstore.com\/fr\/#\/schema\/logo\/image\/","url":"https:\/\/revolutionpadelstore.com\/wp-content\/uploads\/2026\/02\/revolution-padel-store.jpg","contentUrl":"https:\/\/revolutionpadelstore.com\/wp-content\/uploads\/2026\/02\/revolution-padel-store.jpg","width":2000,"height":2000,"caption":"Revolution Padel Store"},"image":{"@id":"https:\/\/revolutionpadelstore.com\/fr\/#\/schema\/logo\/image\/"},"sameAs":["https:\/\/www.instagram.com\/revolutionpadelstore\/"]}]}},"_links":{"self":[{"href":"https:\/\/revolutionpadelstore.com\/fr\/wp-json\/wp\/v2\/product\/127332","targetHints":{"allow":["GET"]}}],"collection":[{"href":"https:\/\/revolutionpadelstore.com\/fr\/wp-json\/wp\/v2\/product"}],"about":[{"href":"https:\/\/revolutionpadelstore.com\/fr\/wp-json\/wp\/v2\/types\/product"}],"replies":[{"embeddable":true,"href":"https:\/\/revolutionpadelstore.com\/fr\/wp-json\/wp\/v2\/comments?post=127332"}],"wp:featuredmedia":[{"embeddable":true,"href":"https:\/\/revolutionpadelstore.com\/fr\/wp-json\/wp\/v2\/media\/115946"}],"wp:attachment":[{"href":"https:\/\/revolutionpadelstore.com\/fr\/wp-json\/wp\/v2\/media?parent=127332"}],"wp:term":[{"taxonomy":"acabado","embeddable":true,"href":"https:\/\/revolutionpadelstore.com\/fr\/wp-json\/wp\/v2\/acabado?post=127332"},{"taxonomy":"balance","embeddable":true,"href":"https:\/\/revolutionpadelstore.com\/fr\/wp-json\/wp\/v2\/balance?post=127332"},{"taxonomy":"dureza","embeddable":true,"href":"https:\/\/revolutionpadelstore.com\/fr\/wp-json\/wp\/v2\/dureza?post=127332"},{"taxonomy":"forma","embeddable":true,"href":"https:\/\/revolutionpadelstore.com\/fr\/wp-json\/wp\/v2\/forma?post=127332"},{"taxonomy":"jugador","embeddable":true,"href":"https:\/\/revolutionpadelstore.com\/fr\/wp-json\/wp\/v2\/jugador?post=127332"},{"taxonomy":"marca","embeddable":true,"href":"https:\/\/revolutionpadelstore.com\/fr\/wp-json\/wp\/v2\/marca?post=127332"},{"taxonomy":"nivel-de-juego","embeddable":true,"href":"https:\/\/revolutionpadelstore.com\/fr\/wp-json\/wp\/v2\/nivel-de-juego?post=127332"},{"taxonomy":"superficie","embeddable":true,"href":"https:\/\/revolutionpadelstore.com\/fr\/wp-json\/wp\/v2\/superficie?post=127332"},{"taxonomy":"tipo-de-juego","embeddable":true,"href":"https:\/\/revolutionpadelstore.com\/fr\/wp-json\/wp\/v2\/tipo-de-juego?post=127332"},{"taxonomy":"product_brand","embeddable":true,"href":"https:\/\/revolutionpadelstore.com\/fr\/wp-json\/wp\/v2\/product_brand?post=127332"},{"taxonomy":"product_cat","embeddable":true,"href":"https:\/\/revolutionpadelstore.com\/fr\/wp-json\/wp\/v2\/product_cat?post=127332"},{"taxonomy":"product_tag","embeddable":true,"href":"https:\/\/revolutionpadelstore.com\/fr\/wp-json\/wp\/v2\/product_tag?post=127332"}],"curies":[{"name":"wp","href":"https:\/\/api.w.org\/{rel}","templated":true}]}}