{"id":126102,"date":"2024-11-22T08:08:30","date_gmt":"2024-11-22T07:08:30","guid":{"rendered":"https:\/\/revolutionpadelstore.com\/pack-bullpadel-vertex04-martin-di-nenno-2024\/"},"modified":"2026-04-01T06:54:46","modified_gmt":"2026-04-01T04:54:46","slug":"pack-bullpadel-vertex04-martin-di-nenno-2024","status":"publish","type":"product","link":"https:\/\/revolutionpadelstore.com\/fr\/produit\/pack-bullpadel-vertex04-martin-di-nenno-2024\/","title":{"rendered":"PACK BULLPADEL VERTEX04 MART\u00cdN DI NENNO 2024"},"content":{"rendered":"<p><strong> Bullpadel Pack Vertex 04 Mart\u00edn di Nenno 2024 <\/strong><\/p>\n<p>Le Bullpadel Vertex 04 Man Nenno 2024 est l&#8217;option id\u00e9ale pour les avanc\u00e9s ou les professionnels \u00e0 la recherche d&#8217;un ensemble complet et de haute qualit\u00e9 pour maximiser leurs performances dans chaque jeu. Ce pack comprend la pelle Vertex 04, un sac \u00e0 dos, un bateau \u00e0 balle et une ampoule de surgraphe.<\/p>\n<p><strong> Padel Blade Vertex 04 Comfort <\/strong><\/p>\n<p>Ce pack comprend le Vertex 04 Comfort Blade exceptionnel, en particulier con\u00e7u pour les joueurs \u00e0 la recherche de puissance dans leur jeu. Avec un format de diamant et un \u00e9quilibre \u00e9lev\u00e9, ainsi qu&#8217;un poids compris entre 360 \u200b\u200bet 370 grammes, il offre une colle puissante et contr\u00f4l\u00e9e. Les plans de la lame sont fabriqu\u00e9s dans Fibrix, une combinaison de verre X et de carbone, qui assure une grande durabilit\u00e9 et une r\u00e9sistance \u00e0 l&#8217;impact.<\/p>\n<p>Le noyau Multiva, compos\u00e9 de deux couches de densit\u00e9s diff\u00e9rentes, fournit un \u00e9quilibre parfait entre le contr\u00f4le et la puissance dans chaque coup. La surface de Topspin, avec une texture rugueuse, permet d&#8217;ex\u00e9cuter des effets avec une haute pr\u00e9cision. De plus, son syst\u00e8me de poids personnalis\u00e9 vous permet d&#8217;ajuster l&#8217;\u00e9quilibre de la pelle en fonction des pr\u00e9f\u00e9rences du joueur. Le cadre en carbontube 100% en carbone et la technologie Curvatik garantissent une r\u00e9sistance aux torsions et \u00e0 la stabilit\u00e9, tandis que le sommet cardiaque minimise les vibrations pour un coup plus confortable.<\/p>\n<p><strong> sac \u00e0 dos bullpadel Paletero par Mart\u00edn di Nenno <\/strong><\/p>\n<p>Ce pack comprend \u00e9galement un \u00e9l\u00e9gant sac \u00e0 dos Black Polypiel avec des d\u00e9tails rouges et le logo Blank Bullpadel. Le sac \u00e0 dos est spacieux et fonctionnel, avec un large compartiment principal, un compartiment thermique pour stocker jusqu&#8217;\u00e0 deux lames et un compartiment de honte ventil\u00e9, con\u00e7u pour maintenir une plus grande hygi\u00e8ne. Il a \u00e9galement une poche rembourr\u00e9e pour l&#8217;ordinateur portable et une sauvegarde en mousse pour le confort lors du transport.<\/p>\n<p><strong> Surgrips boursoufles de bullpadel et de bouteille de balle <\/strong><\/p>\n<p>Ce pack est compl\u00e9t\u00e9 avec trois surgraphes Bullpadel Black MicroperForated, tr\u00e8s absorbant et qui am\u00e9liore l&#8217;emprise de la pelle, en plus d&#8217;un bateau \u00e0 balles \u00e0 bordeaux, approuv\u00e9 par la F\u00e9d\u00e9ration internationale de paddle. Ces balles sont fabriqu\u00e9es avec un m\u00e9lange de peluche naturelle et synth\u00e9tique, qui garantit une excellente vitesse et une durabilit\u00e9.<strong>Pack Bullpadel Vertex 04 Mart\u00edn Di Nenno 2024<\/strong><\/p>\n","protected":false},"excerpt":{"rendered":"<p>Bullpadel Pack Vertex 04 Mart\u00edn di Nenno 2024 avec pelle professionnelle, sac \u00e0 dos pratique et balles officielles de haute qualit\u00e9. Parfait pour le jeu avanc\u00e9.<\/p>\n","protected":false},"featured_media":124907,"comment_status":"open","ping_status":"closed","template":"","meta":{"_acf_changed":false,"_joinchat":[]},"acabado":[1107],"balance":[1137],"dureza":[1157],"forma":[1172],"jugador":[1192,1202],"marca":[1257],"nivel-de-juego":[1337],"superficie":[1362],"tipo-de-juego":[1377],"product_brand":[],"product_cat":[302],"product_tag":[],"class_list":{"0":"post-126102","1":"product","2":"type-product","3":"status-publish","4":"has-post-thumbnail","6":"acabado-brut","7":"balance-eleve","8":"dureza-media-fr","9":"forma-diamant","10":"jugador-homme","11":"jugador-polivalente-fr","12":"marca-bullpadel-fr","13":"superficie-rugosa-fr","14":"tipo-de-juego-puissance","15":"product_cat-palas-de-padel-fr","17":"first","18":"instock","19":"sale","20":"taxable","21":"shipping-taxable","22":"purchasable","23":"product-type-simple"},"acf":[],"yoast_head":"<!-- This site is optimized with the Yoast SEO plugin v27.3 - https:\/\/yoast.com\/product\/yoast-seo-wordpress\/ -->\n<title>PACK BULLPADEL VERTEX04 MART\u00cdN DI NENNO 2024 - Revolution Padel Store<\/title>\n<meta name=\"description\" content=\"El Pack Bullpadel Vertex 04 Mant\u00edn Di Nenno 2024 es la opci\u00f3n ideal para jugadores de p\u00e1del avanzados o profesionales que buscan un set completo y de alta calidad para rendir al m\u00e1ximo en cada partido. Pack de pala Vertex, una mochila, un bote de pelotas y un bl\u00edster de overgrips.\" \/>\n<meta name=\"robots\" content=\"index, follow, max-snippet:-1, max-image-preview:large, max-video-preview:-1\" \/>\n<link rel=\"canonical\" href=\"https:\/\/revolutionpadelstore.com\/fr\/produit\/pack-bullpadel-vertex04-martin-di-nenno-2024\/\" \/>\n<meta property=\"og:locale\" content=\"fr_FR\" \/>\n<meta property=\"og:type\" content=\"article\" \/>\n<meta property=\"og:title\" content=\"PACK BULLPADEL VERTEX04 MART\u00cdN DI NENNO 2024 - Revolution Padel Store\" \/>\n<meta property=\"og:description\" content=\"El Pack Bullpadel Vertex 04 Mant\u00edn Di Nenno 2024 es la opci\u00f3n ideal para jugadores de p\u00e1del avanzados o profesionales que buscan un set completo y de alta calidad para rendir al m\u00e1ximo en cada partido. Pack de pala Vertex, una mochila, un bote de pelotas y un bl\u00edster de overgrips.\" \/>\n<meta property=\"og:url\" content=\"https:\/\/revolutionpadelstore.com\/fr\/produit\/pack-bullpadel-vertex04-martin-di-nenno-2024\/\" \/>\n<meta property=\"og:site_name\" content=\"Revolution Padel Store\" \/>\n<meta property=\"article:modified_time\" content=\"2026-04-01T04:54:46+00:00\" \/>\n<meta property=\"og:image\" content=\"https:\/\/revolutionpadelstore.com\/wp-content\/uploads\/2024\/11\/113006-pack-bullpadel-vertex04-man-448209-1500x1500-1.webp\" \/>\n\t<meta property=\"og:image:width\" content=\"1500\" \/>\n\t<meta property=\"og:image:height\" content=\"1500\" \/>\n\t<meta property=\"og:image:type\" content=\"image\/webp\" \/>\n<meta name=\"twitter:card\" content=\"summary_large_image\" \/>\n<meta name=\"twitter:label1\" content=\"Dur\u00e9e de lecture estim\u00e9e\" \/>\n\t<meta name=\"twitter:data1\" content=\"2 minutes\" \/>\n<script type=\"application\/ld+json\" class=\"yoast-schema-graph\">{\"@context\":\"https:\\\/\\\/schema.org\",\"@graph\":[{\"@type\":\"WebPage\",\"@id\":\"https:\\\/\\\/revolutionpadelstore.com\\\/fr\\\/produit\\\/pack-bullpadel-vertex04-martin-di-nenno-2024\\\/\",\"url\":\"https:\\\/\\\/revolutionpadelstore.com\\\/fr\\\/produit\\\/pack-bullpadel-vertex04-martin-di-nenno-2024\\\/\",\"name\":\"PACK BULLPADEL VERTEX04 MART\u00cdN DI NENNO 2024 - Revolution Padel Store\",\"isPartOf\":{\"@id\":\"https:\\\/\\\/revolutionpadelstore.com\\\/fr\\\/#website\"},\"primaryImageOfPage\":{\"@id\":\"https:\\\/\\\/revolutionpadelstore.com\\\/fr\\\/produit\\\/pack-bullpadel-vertex04-martin-di-nenno-2024\\\/#primaryimage\"},\"image\":{\"@id\":\"https:\\\/\\\/revolutionpadelstore.com\\\/fr\\\/produit\\\/pack-bullpadel-vertex04-martin-di-nenno-2024\\\/#primaryimage\"},\"thumbnailUrl\":\"https:\\\/\\\/revolutionpadelstore.com\\\/wp-content\\\/uploads\\\/2024\\\/11\\\/113006-pack-bullpadel-vertex04-man-448209-1500x1500-1.webp\",\"datePublished\":\"2024-11-22T07:08:30+00:00\",\"dateModified\":\"2026-04-01T04:54:46+00:00\",\"description\":\"El Pack Bullpadel Vertex 04 Mant\u00edn Di Nenno 2024 es la opci\u00f3n ideal para jugadores de p\u00e1del avanzados o profesionales que buscan un set completo y de alta calidad para rendir al m\u00e1ximo en cada partido. Pack de pala Vertex, una mochila, un bote de pelotas y un bl\u00edster de overgrips.\",\"breadcrumb\":{\"@id\":\"https:\\\/\\\/revolutionpadelstore.com\\\/fr\\\/produit\\\/pack-bullpadel-vertex04-martin-di-nenno-2024\\\/#breadcrumb\"},\"inLanguage\":\"fr-FR\",\"potentialAction\":[{\"@type\":\"ReadAction\",\"target\":[\"https:\\\/\\\/revolutionpadelstore.com\\\/fr\\\/produit\\\/pack-bullpadel-vertex04-martin-di-nenno-2024\\\/\"]}]},{\"@type\":\"ImageObject\",\"inLanguage\":\"fr-FR\",\"@id\":\"https:\\\/\\\/revolutionpadelstore.com\\\/fr\\\/produit\\\/pack-bullpadel-vertex04-martin-di-nenno-2024\\\/#primaryimage\",\"url\":\"https:\\\/\\\/revolutionpadelstore.com\\\/wp-content\\\/uploads\\\/2024\\\/11\\\/113006-pack-bullpadel-vertex04-man-448209-1500x1500-1.webp\",\"contentUrl\":\"https:\\\/\\\/revolutionpadelstore.com\\\/wp-content\\\/uploads\\\/2024\\\/11\\\/113006-pack-bullpadel-vertex04-man-448209-1500x1500-1.webp\",\"width\":1500,\"height\":1500},{\"@type\":\"BreadcrumbList\",\"@id\":\"https:\\\/\\\/revolutionpadelstore.com\\\/fr\\\/produit\\\/pack-bullpadel-vertex04-martin-di-nenno-2024\\\/#breadcrumb\",\"itemListElement\":[{\"@type\":\"ListItem\",\"position\":1,\"name\":\"Portada\",\"item\":\"https:\\\/\\\/revolutionpadelstore.com\\\/fr\\\/\"},{\"@type\":\"ListItem\",\"position\":2,\"name\":\"Boutique\",\"item\":\"https:\\\/\\\/revolutionpadelstore.com\\\/fr\\\/tienda\\\/\"},{\"@type\":\"ListItem\",\"position\":3,\"name\":\"PACK BULLPADEL VERTEX04 MART\u00cdN DI NENNO 2024\"}]},{\"@type\":\"WebSite\",\"@id\":\"https:\\\/\\\/revolutionpadelstore.com\\\/fr\\\/#website\",\"url\":\"https:\\\/\\\/revolutionpadelstore.com\\\/fr\\\/\",\"name\":\"Revolution Padel Store\",\"description\":\"\",\"publisher\":{\"@id\":\"https:\\\/\\\/revolutionpadelstore.com\\\/fr\\\/#organization\"},\"potentialAction\":[{\"@type\":\"SearchAction\",\"target\":{\"@type\":\"EntryPoint\",\"urlTemplate\":\"https:\\\/\\\/revolutionpadelstore.com\\\/fr\\\/?s={search_term_string}\"},\"query-input\":{\"@type\":\"PropertyValueSpecification\",\"valueRequired\":true,\"valueName\":\"search_term_string\"}}],\"inLanguage\":\"fr-FR\"},{\"@type\":\"Organization\",\"@id\":\"https:\\\/\\\/revolutionpadelstore.com\\\/fr\\\/#organization\",\"name\":\"Revolution Padel Store\",\"url\":\"https:\\\/\\\/revolutionpadelstore.com\\\/fr\\\/\",\"logo\":{\"@type\":\"ImageObject\",\"inLanguage\":\"fr-FR\",\"@id\":\"https:\\\/\\\/revolutionpadelstore.com\\\/fr\\\/#\\\/schema\\\/logo\\\/image\\\/\",\"url\":\"https:\\\/\\\/revolutionpadelstore.com\\\/wp-content\\\/uploads\\\/2026\\\/02\\\/revolution-padel-store.jpg\",\"contentUrl\":\"https:\\\/\\\/revolutionpadelstore.com\\\/wp-content\\\/uploads\\\/2026\\\/02\\\/revolution-padel-store.jpg\",\"width\":2000,\"height\":2000,\"caption\":\"Revolution Padel Store\"},\"image\":{\"@id\":\"https:\\\/\\\/revolutionpadelstore.com\\\/fr\\\/#\\\/schema\\\/logo\\\/image\\\/\"},\"sameAs\":[\"https:\\\/\\\/www.instagram.com\\\/revolutionpadelstore\\\/\"]}]}<\/script>\n<!-- \/ Yoast SEO plugin. -->","yoast_head_json":{"title":"PACK BULLPADEL VERTEX04 MART\u00cdN DI NENNO 2024 - Revolution Padel Store","description":"El Pack Bullpadel Vertex 04 Mant\u00edn Di Nenno 2024 es la opci\u00f3n ideal para jugadores de p\u00e1del avanzados o profesionales que buscan un set completo y de alta calidad para rendir al m\u00e1ximo en cada partido. Pack de pala Vertex, una mochila, un bote de pelotas y un bl\u00edster de overgrips.","robots":{"index":"index","follow":"follow","max-snippet":"max-snippet:-1","max-image-preview":"max-image-preview:large","max-video-preview":"max-video-preview:-1"},"canonical":"https:\/\/revolutionpadelstore.com\/fr\/produit\/pack-bullpadel-vertex04-martin-di-nenno-2024\/","og_locale":"fr_FR","og_type":"article","og_title":"PACK BULLPADEL VERTEX04 MART\u00cdN DI NENNO 2024 - Revolution Padel Store","og_description":"El Pack Bullpadel Vertex 04 Mant\u00edn Di Nenno 2024 es la opci\u00f3n ideal para jugadores de p\u00e1del avanzados o profesionales que buscan un set completo y de alta calidad para rendir al m\u00e1ximo en cada partido. Pack de pala Vertex, una mochila, un bote de pelotas y un bl\u00edster de overgrips.","og_url":"https:\/\/revolutionpadelstore.com\/fr\/produit\/pack-bullpadel-vertex04-martin-di-nenno-2024\/","og_site_name":"Revolution Padel Store","article_modified_time":"2026-04-01T04:54:46+00:00","og_image":[{"width":1500,"height":1500,"url":"https:\/\/revolutionpadelstore.com\/wp-content\/uploads\/2024\/11\/113006-pack-bullpadel-vertex04-man-448209-1500x1500-1.webp","type":"image\/webp"}],"twitter_card":"summary_large_image","twitter_misc":{"Dur\u00e9e de lecture estim\u00e9e":"2 minutes"},"schema":{"@context":"https:\/\/schema.org","@graph":[{"@type":"WebPage","@id":"https:\/\/revolutionpadelstore.com\/fr\/produit\/pack-bullpadel-vertex04-martin-di-nenno-2024\/","url":"https:\/\/revolutionpadelstore.com\/fr\/produit\/pack-bullpadel-vertex04-martin-di-nenno-2024\/","name":"PACK BULLPADEL VERTEX04 MART\u00cdN DI NENNO 2024 - Revolution Padel Store","isPartOf":{"@id":"https:\/\/revolutionpadelstore.com\/fr\/#website"},"primaryImageOfPage":{"@id":"https:\/\/revolutionpadelstore.com\/fr\/produit\/pack-bullpadel-vertex04-martin-di-nenno-2024\/#primaryimage"},"image":{"@id":"https:\/\/revolutionpadelstore.com\/fr\/produit\/pack-bullpadel-vertex04-martin-di-nenno-2024\/#primaryimage"},"thumbnailUrl":"https:\/\/revolutionpadelstore.com\/wp-content\/uploads\/2024\/11\/113006-pack-bullpadel-vertex04-man-448209-1500x1500-1.webp","datePublished":"2024-11-22T07:08:30+00:00","dateModified":"2026-04-01T04:54:46+00:00","description":"El Pack Bullpadel Vertex 04 Mant\u00edn Di Nenno 2024 es la opci\u00f3n ideal para jugadores de p\u00e1del avanzados o profesionales que buscan un set completo y de alta calidad para rendir al m\u00e1ximo en cada partido. Pack de pala Vertex, una mochila, un bote de pelotas y un bl\u00edster de overgrips.","breadcrumb":{"@id":"https:\/\/revolutionpadelstore.com\/fr\/produit\/pack-bullpadel-vertex04-martin-di-nenno-2024\/#breadcrumb"},"inLanguage":"fr-FR","potentialAction":[{"@type":"ReadAction","target":["https:\/\/revolutionpadelstore.com\/fr\/produit\/pack-bullpadel-vertex04-martin-di-nenno-2024\/"]}]},{"@type":"ImageObject","inLanguage":"fr-FR","@id":"https:\/\/revolutionpadelstore.com\/fr\/produit\/pack-bullpadel-vertex04-martin-di-nenno-2024\/#primaryimage","url":"https:\/\/revolutionpadelstore.com\/wp-content\/uploads\/2024\/11\/113006-pack-bullpadel-vertex04-man-448209-1500x1500-1.webp","contentUrl":"https:\/\/revolutionpadelstore.com\/wp-content\/uploads\/2024\/11\/113006-pack-bullpadel-vertex04-man-448209-1500x1500-1.webp","width":1500,"height":1500},{"@type":"BreadcrumbList","@id":"https:\/\/revolutionpadelstore.com\/fr\/produit\/pack-bullpadel-vertex04-martin-di-nenno-2024\/#breadcrumb","itemListElement":[{"@type":"ListItem","position":1,"name":"Portada","item":"https:\/\/revolutionpadelstore.com\/fr\/"},{"@type":"ListItem","position":2,"name":"Boutique","item":"https:\/\/revolutionpadelstore.com\/fr\/tienda\/"},{"@type":"ListItem","position":3,"name":"PACK BULLPADEL VERTEX04 MART\u00cdN DI NENNO 2024"}]},{"@type":"WebSite","@id":"https:\/\/revolutionpadelstore.com\/fr\/#website","url":"https:\/\/revolutionpadelstore.com\/fr\/","name":"Revolution Padel Store","description":"","publisher":{"@id":"https:\/\/revolutionpadelstore.com\/fr\/#organization"},"potentialAction":[{"@type":"SearchAction","target":{"@type":"EntryPoint","urlTemplate":"https:\/\/revolutionpadelstore.com\/fr\/?s={search_term_string}"},"query-input":{"@type":"PropertyValueSpecification","valueRequired":true,"valueName":"search_term_string"}}],"inLanguage":"fr-FR"},{"@type":"Organization","@id":"https:\/\/revolutionpadelstore.com\/fr\/#organization","name":"Revolution Padel Store","url":"https:\/\/revolutionpadelstore.com\/fr\/","logo":{"@type":"ImageObject","inLanguage":"fr-FR","@id":"https:\/\/revolutionpadelstore.com\/fr\/#\/schema\/logo\/image\/","url":"https:\/\/revolutionpadelstore.com\/wp-content\/uploads\/2026\/02\/revolution-padel-store.jpg","contentUrl":"https:\/\/revolutionpadelstore.com\/wp-content\/uploads\/2026\/02\/revolution-padel-store.jpg","width":2000,"height":2000,"caption":"Revolution Padel Store"},"image":{"@id":"https:\/\/revolutionpadelstore.com\/fr\/#\/schema\/logo\/image\/"},"sameAs":["https:\/\/www.instagram.com\/revolutionpadelstore\/"]}]}},"_links":{"self":[{"href":"https:\/\/revolutionpadelstore.com\/fr\/wp-json\/wp\/v2\/product\/126102","targetHints":{"allow":["GET"]}}],"collection":[{"href":"https:\/\/revolutionpadelstore.com\/fr\/wp-json\/wp\/v2\/product"}],"about":[{"href":"https:\/\/revolutionpadelstore.com\/fr\/wp-json\/wp\/v2\/types\/product"}],"replies":[{"embeddable":true,"href":"https:\/\/revolutionpadelstore.com\/fr\/wp-json\/wp\/v2\/comments?post=126102"}],"wp:featuredmedia":[{"embeddable":true,"href":"https:\/\/revolutionpadelstore.com\/fr\/wp-json\/wp\/v2\/media\/124907"}],"wp:attachment":[{"href":"https:\/\/revolutionpadelstore.com\/fr\/wp-json\/wp\/v2\/media?parent=126102"}],"wp:term":[{"taxonomy":"acabado","embeddable":true,"href":"https:\/\/revolutionpadelstore.com\/fr\/wp-json\/wp\/v2\/acabado?post=126102"},{"taxonomy":"balance","embeddable":true,"href":"https:\/\/revolutionpadelstore.com\/fr\/wp-json\/wp\/v2\/balance?post=126102"},{"taxonomy":"dureza","embeddable":true,"href":"https:\/\/revolutionpadelstore.com\/fr\/wp-json\/wp\/v2\/dureza?post=126102"},{"taxonomy":"forma","embeddable":true,"href":"https:\/\/revolutionpadelstore.com\/fr\/wp-json\/wp\/v2\/forma?post=126102"},{"taxonomy":"jugador","embeddable":true,"href":"https:\/\/revolutionpadelstore.com\/fr\/wp-json\/wp\/v2\/jugador?post=126102"},{"taxonomy":"marca","embeddable":true,"href":"https:\/\/revolutionpadelstore.com\/fr\/wp-json\/wp\/v2\/marca?post=126102"},{"taxonomy":"nivel-de-juego","embeddable":true,"href":"https:\/\/revolutionpadelstore.com\/fr\/wp-json\/wp\/v2\/nivel-de-juego?post=126102"},{"taxonomy":"superficie","embeddable":true,"href":"https:\/\/revolutionpadelstore.com\/fr\/wp-json\/wp\/v2\/superficie?post=126102"},{"taxonomy":"tipo-de-juego","embeddable":true,"href":"https:\/\/revolutionpadelstore.com\/fr\/wp-json\/wp\/v2\/tipo-de-juego?post=126102"},{"taxonomy":"product_brand","embeddable":true,"href":"https:\/\/revolutionpadelstore.com\/fr\/wp-json\/wp\/v2\/product_brand?post=126102"},{"taxonomy":"product_cat","embeddable":true,"href":"https:\/\/revolutionpadelstore.com\/fr\/wp-json\/wp\/v2\/product_cat?post=126102"},{"taxonomy":"product_tag","embeddable":true,"href":"https:\/\/revolutionpadelstore.com\/fr\/wp-json\/wp\/v2\/product_tag?post=126102"}],"curies":[{"name":"wp","href":"https:\/\/api.w.org\/{rel}","templated":true}]}}