{"id":125472,"date":"2024-11-21T08:41:28","date_gmt":"2024-11-21T07:41:28","guid":{"rendered":"https:\/\/revolutionpadelstore.com\/mochila-siux-fusion-negro-rojo\/"},"modified":"2026-04-01T06:56:30","modified_gmt":"2026-04-01T04:56:30","slug":"mochila-siux-fusion-negro-rojo-3","status":"publish","type":"product","link":"https:\/\/revolutionpadelstore.com\/fr\/produit\/mochila-siux-fusion-negro-rojo-3\/","title":{"rendered":"MOCHILA SIUX FUSION NEGRO ROJO"},"content":{"rendered":"<p><strong> Pourquoi aimerez-vous la pagaie Siux pour Paddle?<br \/>\nLe sac \u00e0 dos Siux est fabriqu\u00e9 en polyester, un mat\u00e9riau caract\u00e9ris\u00e9 par sa facilit\u00e9 de propret\u00e9 et sa grande r\u00e9sistance, \u00e0 la fois au poids et \u00e0 diff\u00e9rentes temp\u00e9ratures. Cela garantit que vos palettes et autres accessoires restent en excellent \u00e9tat. De plus, il offre un transport s\u00fbr gr\u00e2ce \u00e0 sa conception fonctionnelle. Il dispose de plusieurs compartiments internes et de poches externes, ce qui vous permet de tout organiser efficacement.<\/p>\n<p><strong> Qui est le sac \u00e0 dos Siux Paddle? <\/strong>?<br \/>\nIl est con\u00e7u pour les joueurs, que ce soit des professionnels ou des amateurs, qui pr\u00e9f\u00e8rent apporter uniquement les \u00e9l\u00e9ments essentiels pour leurs matchs. Il convient aux hommes et aux femmes. Bien que sa taille soit compacte, il dispose de deux grands compartiments internes qui permettent des lames \u00e0 pagaie et d&#8217;autres objets, tels que les v\u00eatements, les chaussures, les balles et plus encore.<\/p>\n<p><strong> conception et couleurs <\/strong><br \/>\nLe sac \u00e0 dos Siux a une conception rectangulaire et est disponible en couleurs noir et rouge, avec des rayures rouges sur l&#8217;avant et le logo de la marque dans la m\u00eame couleur. En plus des deux compartiments internes, il comprend deux poches externes en mailles lat\u00e9rales, id\u00e9ales pour les petits objets tels que le mobile, les cl\u00e9s ou une bouteille d&#8217;eau.<\/p>\n<p>Il a deux poign\u00e9es rembourr\u00e9es noires, ce qui garantit un transport confortable, \u00e9vitant l&#8217;inconfort sur les \u00e9paules. Les lames peuvent \u00eatre stock\u00e9es verticalement \u00e0 l&#8217;int\u00e9rieur.<\/p>\n<p><strong> Caract\u00e9ristiques techniques du sac \u00e0 dos Siux Paddle<\/p>\n<p>-Dans un design attrayant en noir et rouge.<\/p>\n<p>-Les mat\u00e9riaux de haute qualit\u00e9, fabriqu\u00e9s en tissu polyester.<\/p>\n<p>-Sosasy pour plus de r\u00e9confort.<\/p>\n<p>-Re dos de maillage worral pour les petits objets.<\/p>\n<p>-COMPACT et spacieux en m\u00eame temps.<strong>\u00bfPor qu\u00e9 te encantar\u00e1 la mochila de p\u00e1del Siux?<\/strong><\/p>\n","protected":false},"excerpt":{"rendered":"<p>Le backpack <strong> Siux Paddle <\/strong> dans les couleurs noir et rouge est un mod\u00e8le compact, pratique et l\u00e9ger, pour garder tout n\u00e9cessaire pour les pratiques ou les jeux de pagaie.<strong>mochila de p\u00e1del Siux<\/strong><\/p>\n","protected":false},"featured_media":124743,"comment_status":"open","ping_status":"closed","template":"","meta":{"_acf_changed":false,"_joinchat":[]},"acabado":[],"balance":[],"dureza":[],"forma":[],"jugador":[],"marca":[1307],"nivel-de-juego":[],"superficie":[],"tipo-de-juego":[],"product_brand":[],"product_cat":[320],"product_tag":[],"class_list":{"0":"post-125472","1":"product","2":"type-product","3":"status-publish","4":"has-post-thumbnail","6":"marca-siux-fr","7":"product_cat-sacs","9":"first","10":"outofstock","11":"taxable","12":"shipping-taxable","13":"purchasable","14":"product-type-simple"},"acf":[],"yoast_head":"<!-- This site is optimized with the Yoast SEO plugin v27.3 - https:\/\/yoast.com\/product\/yoast-seo-wordpress\/ -->\n<title>MOCHILA SIUX FUSION NEGRO ROJO - Revolution Padel Store<\/title>\n<meta name=\"description\" content=\"La mochila de p\u00e1del Siux est\u00e1 fabricada en tela de poli\u00e9ster, es de f\u00e1cil limpieza y resistente al peso y a diferentes temperaturas. Esto permite que se puedan conservar bien las palas de p\u00e1del y los dem\u00e1s accesorios. Adem\u00e1s, permite transportarlos de forma segura. La mochila de p\u00e1del tiene varios compartimentos internos y bolsillos externos para tener todo en orden.\" \/>\n<meta name=\"robots\" content=\"index, follow, max-snippet:-1, max-image-preview:large, max-video-preview:-1\" \/>\n<link rel=\"canonical\" href=\"https:\/\/revolutionpadelstore.com\/fr\/produit\/mochila-siux-fusion-negro-rojo-3\/\" \/>\n<meta property=\"og:locale\" content=\"fr_FR\" \/>\n<meta property=\"og:type\" content=\"article\" \/>\n<meta property=\"og:title\" content=\"MOCHILA SIUX FUSION NEGRO ROJO - Revolution Padel Store\" \/>\n<meta property=\"og:description\" content=\"La mochila de p\u00e1del Siux est\u00e1 fabricada en tela de poli\u00e9ster, es de f\u00e1cil limpieza y resistente al peso y a diferentes temperaturas. Esto permite que se puedan conservar bien las palas de p\u00e1del y los dem\u00e1s accesorios. Adem\u00e1s, permite transportarlos de forma segura. La mochila de p\u00e1del tiene varios compartimentos internos y bolsillos externos para tener todo en orden.\" \/>\n<meta property=\"og:url\" content=\"https:\/\/revolutionpadelstore.com\/fr\/produit\/mochila-siux-fusion-negro-rojo-3\/\" \/>\n<meta property=\"og:site_name\" content=\"Revolution Padel Store\" \/>\n<meta property=\"article:modified_time\" content=\"2026-04-01T04:56:30+00:00\" \/>\n<meta property=\"og:image\" content=\"https:\/\/revolutionpadelstore.com\/wp-content\/uploads\/2024\/11\/SIUX_FUSION_RED_1000_1000_a9e5.webp\" \/>\n\t<meta property=\"og:image:width\" content=\"1000\" \/>\n\t<meta property=\"og:image:height\" content=\"1000\" \/>\n\t<meta property=\"og:image:type\" content=\"image\/webp\" \/>\n<meta name=\"twitter:card\" content=\"summary_large_image\" \/>\n<meta name=\"twitter:label1\" content=\"Dur\u00e9e de lecture estim\u00e9e\" \/>\n\t<meta name=\"twitter:data1\" content=\"2 minutes\" \/>\n<script type=\"application\/ld+json\" class=\"yoast-schema-graph\">{\"@context\":\"https:\\\/\\\/schema.org\",\"@graph\":[{\"@type\":\"WebPage\",\"@id\":\"https:\\\/\\\/revolutionpadelstore.com\\\/fr\\\/produit\\\/mochila-siux-fusion-negro-rojo-3\\\/\",\"url\":\"https:\\\/\\\/revolutionpadelstore.com\\\/fr\\\/produit\\\/mochila-siux-fusion-negro-rojo-3\\\/\",\"name\":\"MOCHILA SIUX FUSION NEGRO ROJO - Revolution Padel Store\",\"isPartOf\":{\"@id\":\"https:\\\/\\\/revolutionpadelstore.com\\\/fr\\\/#website\"},\"primaryImageOfPage\":{\"@id\":\"https:\\\/\\\/revolutionpadelstore.com\\\/fr\\\/produit\\\/mochila-siux-fusion-negro-rojo-3\\\/#primaryimage\"},\"image\":{\"@id\":\"https:\\\/\\\/revolutionpadelstore.com\\\/fr\\\/produit\\\/mochila-siux-fusion-negro-rojo-3\\\/#primaryimage\"},\"thumbnailUrl\":\"https:\\\/\\\/revolutionpadelstore.com\\\/wp-content\\\/uploads\\\/2024\\\/11\\\/SIUX_FUSION_RED_1000_1000_a9e5.webp\",\"datePublished\":\"2024-11-21T07:41:28+00:00\",\"dateModified\":\"2026-04-01T04:56:30+00:00\",\"description\":\"La mochila de p\u00e1del Siux est\u00e1 fabricada en tela de poli\u00e9ster, es de f\u00e1cil limpieza y resistente al peso y a diferentes temperaturas. Esto permite que se puedan conservar bien las palas de p\u00e1del y los dem\u00e1s accesorios. Adem\u00e1s, permite transportarlos de forma segura. La mochila de p\u00e1del tiene varios compartimentos internos y bolsillos externos para tener todo en orden.\",\"breadcrumb\":{\"@id\":\"https:\\\/\\\/revolutionpadelstore.com\\\/fr\\\/produit\\\/mochila-siux-fusion-negro-rojo-3\\\/#breadcrumb\"},\"inLanguage\":\"fr-FR\",\"potentialAction\":[{\"@type\":\"ReadAction\",\"target\":[\"https:\\\/\\\/revolutionpadelstore.com\\\/fr\\\/produit\\\/mochila-siux-fusion-negro-rojo-3\\\/\"]}]},{\"@type\":\"ImageObject\",\"inLanguage\":\"fr-FR\",\"@id\":\"https:\\\/\\\/revolutionpadelstore.com\\\/fr\\\/produit\\\/mochila-siux-fusion-negro-rojo-3\\\/#primaryimage\",\"url\":\"https:\\\/\\\/revolutionpadelstore.com\\\/wp-content\\\/uploads\\\/2024\\\/11\\\/SIUX_FUSION_RED_1000_1000_a9e5.webp\",\"contentUrl\":\"https:\\\/\\\/revolutionpadelstore.com\\\/wp-content\\\/uploads\\\/2024\\\/11\\\/SIUX_FUSION_RED_1000_1000_a9e5.webp\",\"width\":1000,\"height\":1000},{\"@type\":\"BreadcrumbList\",\"@id\":\"https:\\\/\\\/revolutionpadelstore.com\\\/fr\\\/produit\\\/mochila-siux-fusion-negro-rojo-3\\\/#breadcrumb\",\"itemListElement\":[{\"@type\":\"ListItem\",\"position\":1,\"name\":\"Portada\",\"item\":\"https:\\\/\\\/revolutionpadelstore.com\\\/fr\\\/\"},{\"@type\":\"ListItem\",\"position\":2,\"name\":\"Boutique\",\"item\":\"https:\\\/\\\/revolutionpadelstore.com\\\/fr\\\/tienda\\\/\"},{\"@type\":\"ListItem\",\"position\":3,\"name\":\"MOCHILA SIUX FUSION NEGRO ROJO\"}]},{\"@type\":\"WebSite\",\"@id\":\"https:\\\/\\\/revolutionpadelstore.com\\\/fr\\\/#website\",\"url\":\"https:\\\/\\\/revolutionpadelstore.com\\\/fr\\\/\",\"name\":\"Revolution Padel Store\",\"description\":\"\",\"publisher\":{\"@id\":\"https:\\\/\\\/revolutionpadelstore.com\\\/fr\\\/#organization\"},\"potentialAction\":[{\"@type\":\"SearchAction\",\"target\":{\"@type\":\"EntryPoint\",\"urlTemplate\":\"https:\\\/\\\/revolutionpadelstore.com\\\/fr\\\/?s={search_term_string}\"},\"query-input\":{\"@type\":\"PropertyValueSpecification\",\"valueRequired\":true,\"valueName\":\"search_term_string\"}}],\"inLanguage\":\"fr-FR\"},{\"@type\":\"Organization\",\"@id\":\"https:\\\/\\\/revolutionpadelstore.com\\\/fr\\\/#organization\",\"name\":\"Revolution Padel Store\",\"url\":\"https:\\\/\\\/revolutionpadelstore.com\\\/fr\\\/\",\"logo\":{\"@type\":\"ImageObject\",\"inLanguage\":\"fr-FR\",\"@id\":\"https:\\\/\\\/revolutionpadelstore.com\\\/fr\\\/#\\\/schema\\\/logo\\\/image\\\/\",\"url\":\"https:\\\/\\\/revolutionpadelstore.com\\\/wp-content\\\/uploads\\\/2026\\\/02\\\/revolution-padel-store.jpg\",\"contentUrl\":\"https:\\\/\\\/revolutionpadelstore.com\\\/wp-content\\\/uploads\\\/2026\\\/02\\\/revolution-padel-store.jpg\",\"width\":2000,\"height\":2000,\"caption\":\"Revolution Padel Store\"},\"image\":{\"@id\":\"https:\\\/\\\/revolutionpadelstore.com\\\/fr\\\/#\\\/schema\\\/logo\\\/image\\\/\"},\"sameAs\":[\"https:\\\/\\\/www.instagram.com\\\/revolutionpadelstore\\\/\"]}]}<\/script>\n<!-- \/ Yoast SEO plugin. -->","yoast_head_json":{"title":"MOCHILA SIUX FUSION NEGRO ROJO - Revolution Padel Store","description":"La mochila de p\u00e1del Siux est\u00e1 fabricada en tela de poli\u00e9ster, es de f\u00e1cil limpieza y resistente al peso y a diferentes temperaturas. Esto permite que se puedan conservar bien las palas de p\u00e1del y los dem\u00e1s accesorios. Adem\u00e1s, permite transportarlos de forma segura. La mochila de p\u00e1del tiene varios compartimentos internos y bolsillos externos para tener todo en orden.","robots":{"index":"index","follow":"follow","max-snippet":"max-snippet:-1","max-image-preview":"max-image-preview:large","max-video-preview":"max-video-preview:-1"},"canonical":"https:\/\/revolutionpadelstore.com\/fr\/produit\/mochila-siux-fusion-negro-rojo-3\/","og_locale":"fr_FR","og_type":"article","og_title":"MOCHILA SIUX FUSION NEGRO ROJO - Revolution Padel Store","og_description":"La mochila de p\u00e1del Siux est\u00e1 fabricada en tela de poli\u00e9ster, es de f\u00e1cil limpieza y resistente al peso y a diferentes temperaturas. Esto permite que se puedan conservar bien las palas de p\u00e1del y los dem\u00e1s accesorios. Adem\u00e1s, permite transportarlos de forma segura. La mochila de p\u00e1del tiene varios compartimentos internos y bolsillos externos para tener todo en orden.","og_url":"https:\/\/revolutionpadelstore.com\/fr\/produit\/mochila-siux-fusion-negro-rojo-3\/","og_site_name":"Revolution Padel Store","article_modified_time":"2026-04-01T04:56:30+00:00","og_image":[{"width":1000,"height":1000,"url":"https:\/\/revolutionpadelstore.com\/wp-content\/uploads\/2024\/11\/SIUX_FUSION_RED_1000_1000_a9e5.webp","type":"image\/webp"}],"twitter_card":"summary_large_image","twitter_misc":{"Dur\u00e9e de lecture estim\u00e9e":"2 minutes"},"schema":{"@context":"https:\/\/schema.org","@graph":[{"@type":"WebPage","@id":"https:\/\/revolutionpadelstore.com\/fr\/produit\/mochila-siux-fusion-negro-rojo-3\/","url":"https:\/\/revolutionpadelstore.com\/fr\/produit\/mochila-siux-fusion-negro-rojo-3\/","name":"MOCHILA SIUX FUSION NEGRO ROJO - Revolution Padel Store","isPartOf":{"@id":"https:\/\/revolutionpadelstore.com\/fr\/#website"},"primaryImageOfPage":{"@id":"https:\/\/revolutionpadelstore.com\/fr\/produit\/mochila-siux-fusion-negro-rojo-3\/#primaryimage"},"image":{"@id":"https:\/\/revolutionpadelstore.com\/fr\/produit\/mochila-siux-fusion-negro-rojo-3\/#primaryimage"},"thumbnailUrl":"https:\/\/revolutionpadelstore.com\/wp-content\/uploads\/2024\/11\/SIUX_FUSION_RED_1000_1000_a9e5.webp","datePublished":"2024-11-21T07:41:28+00:00","dateModified":"2026-04-01T04:56:30+00:00","description":"La mochila de p\u00e1del Siux est\u00e1 fabricada en tela de poli\u00e9ster, es de f\u00e1cil limpieza y resistente al peso y a diferentes temperaturas. Esto permite que se puedan conservar bien las palas de p\u00e1del y los dem\u00e1s accesorios. Adem\u00e1s, permite transportarlos de forma segura. La mochila de p\u00e1del tiene varios compartimentos internos y bolsillos externos para tener todo en orden.","breadcrumb":{"@id":"https:\/\/revolutionpadelstore.com\/fr\/produit\/mochila-siux-fusion-negro-rojo-3\/#breadcrumb"},"inLanguage":"fr-FR","potentialAction":[{"@type":"ReadAction","target":["https:\/\/revolutionpadelstore.com\/fr\/produit\/mochila-siux-fusion-negro-rojo-3\/"]}]},{"@type":"ImageObject","inLanguage":"fr-FR","@id":"https:\/\/revolutionpadelstore.com\/fr\/produit\/mochila-siux-fusion-negro-rojo-3\/#primaryimage","url":"https:\/\/revolutionpadelstore.com\/wp-content\/uploads\/2024\/11\/SIUX_FUSION_RED_1000_1000_a9e5.webp","contentUrl":"https:\/\/revolutionpadelstore.com\/wp-content\/uploads\/2024\/11\/SIUX_FUSION_RED_1000_1000_a9e5.webp","width":1000,"height":1000},{"@type":"BreadcrumbList","@id":"https:\/\/revolutionpadelstore.com\/fr\/produit\/mochila-siux-fusion-negro-rojo-3\/#breadcrumb","itemListElement":[{"@type":"ListItem","position":1,"name":"Portada","item":"https:\/\/revolutionpadelstore.com\/fr\/"},{"@type":"ListItem","position":2,"name":"Boutique","item":"https:\/\/revolutionpadelstore.com\/fr\/tienda\/"},{"@type":"ListItem","position":3,"name":"MOCHILA SIUX FUSION NEGRO ROJO"}]},{"@type":"WebSite","@id":"https:\/\/revolutionpadelstore.com\/fr\/#website","url":"https:\/\/revolutionpadelstore.com\/fr\/","name":"Revolution Padel Store","description":"","publisher":{"@id":"https:\/\/revolutionpadelstore.com\/fr\/#organization"},"potentialAction":[{"@type":"SearchAction","target":{"@type":"EntryPoint","urlTemplate":"https:\/\/revolutionpadelstore.com\/fr\/?s={search_term_string}"},"query-input":{"@type":"PropertyValueSpecification","valueRequired":true,"valueName":"search_term_string"}}],"inLanguage":"fr-FR"},{"@type":"Organization","@id":"https:\/\/revolutionpadelstore.com\/fr\/#organization","name":"Revolution Padel Store","url":"https:\/\/revolutionpadelstore.com\/fr\/","logo":{"@type":"ImageObject","inLanguage":"fr-FR","@id":"https:\/\/revolutionpadelstore.com\/fr\/#\/schema\/logo\/image\/","url":"https:\/\/revolutionpadelstore.com\/wp-content\/uploads\/2026\/02\/revolution-padel-store.jpg","contentUrl":"https:\/\/revolutionpadelstore.com\/wp-content\/uploads\/2026\/02\/revolution-padel-store.jpg","width":2000,"height":2000,"caption":"Revolution Padel Store"},"image":{"@id":"https:\/\/revolutionpadelstore.com\/fr\/#\/schema\/logo\/image\/"},"sameAs":["https:\/\/www.instagram.com\/revolutionpadelstore\/"]}]}},"_links":{"self":[{"href":"https:\/\/revolutionpadelstore.com\/fr\/wp-json\/wp\/v2\/product\/125472","targetHints":{"allow":["GET"]}}],"collection":[{"href":"https:\/\/revolutionpadelstore.com\/fr\/wp-json\/wp\/v2\/product"}],"about":[{"href":"https:\/\/revolutionpadelstore.com\/fr\/wp-json\/wp\/v2\/types\/product"}],"replies":[{"embeddable":true,"href":"https:\/\/revolutionpadelstore.com\/fr\/wp-json\/wp\/v2\/comments?post=125472"}],"wp:featuredmedia":[{"embeddable":true,"href":"https:\/\/revolutionpadelstore.com\/fr\/wp-json\/wp\/v2\/media\/124743"}],"wp:attachment":[{"href":"https:\/\/revolutionpadelstore.com\/fr\/wp-json\/wp\/v2\/media?parent=125472"}],"wp:term":[{"taxonomy":"acabado","embeddable":true,"href":"https:\/\/revolutionpadelstore.com\/fr\/wp-json\/wp\/v2\/acabado?post=125472"},{"taxonomy":"balance","embeddable":true,"href":"https:\/\/revolutionpadelstore.com\/fr\/wp-json\/wp\/v2\/balance?post=125472"},{"taxonomy":"dureza","embeddable":true,"href":"https:\/\/revolutionpadelstore.com\/fr\/wp-json\/wp\/v2\/dureza?post=125472"},{"taxonomy":"forma","embeddable":true,"href":"https:\/\/revolutionpadelstore.com\/fr\/wp-json\/wp\/v2\/forma?post=125472"},{"taxonomy":"jugador","embeddable":true,"href":"https:\/\/revolutionpadelstore.com\/fr\/wp-json\/wp\/v2\/jugador?post=125472"},{"taxonomy":"marca","embeddable":true,"href":"https:\/\/revolutionpadelstore.com\/fr\/wp-json\/wp\/v2\/marca?post=125472"},{"taxonomy":"nivel-de-juego","embeddable":true,"href":"https:\/\/revolutionpadelstore.com\/fr\/wp-json\/wp\/v2\/nivel-de-juego?post=125472"},{"taxonomy":"superficie","embeddable":true,"href":"https:\/\/revolutionpadelstore.com\/fr\/wp-json\/wp\/v2\/superficie?post=125472"},{"taxonomy":"tipo-de-juego","embeddable":true,"href":"https:\/\/revolutionpadelstore.com\/fr\/wp-json\/wp\/v2\/tipo-de-juego?post=125472"},{"taxonomy":"product_brand","embeddable":true,"href":"https:\/\/revolutionpadelstore.com\/fr\/wp-json\/wp\/v2\/product_brand?post=125472"},{"taxonomy":"product_cat","embeddable":true,"href":"https:\/\/revolutionpadelstore.com\/fr\/wp-json\/wp\/v2\/product_cat?post=125472"},{"taxonomy":"product_tag","embeddable":true,"href":"https:\/\/revolutionpadelstore.com\/fr\/wp-json\/wp\/v2\/product_tag?post=125472"}],"curies":[{"name":"wp","href":"https:\/\/api.w.org\/{rel}","templated":true}]}}