{"id":125467,"date":"2024-11-22T08:17:30","date_gmt":"2024-11-22T07:17:30","guid":{"rendered":"https:\/\/revolutionpadelstore.com\/kombat-osorno\/"},"modified":"2026-04-01T06:54:20","modified_gmt":"2026-04-01T04:54:20","slug":"kombat-osorno","status":"publish","type":"product","link":"https:\/\/revolutionpadelstore.com\/fr\/produit\/kombat-osorno\/","title":{"rendered":"KOMBAT OSORNO"},"content":{"rendered":"<p><strong> Kombat Osorno, Tear Shovel Collection 2025 <\/strong><br \/>\nLe Kombat Osorno est con\u00e7u pour ceux qui recherchent un \u00e9quilibre parfait entre puissance et confort dans leur jeu. Inspir\u00e9 par la majest\u00e9 du volcan Osorno au Chili, cette pelle a un design en forme de larme qui offre des performances exceptionnelles \u00e0 la fois en contr\u00f4le et en balle. Son noyau en caoutchouc EVA \u00e0 double densit\u00e9 offre une sensation douce et pr\u00e9cise dans chaque coup, permettant des mouvements agiles et exacts. Si vous avez besoin d&#8217;une pelle qui combine le confort avec des performances explosives, le Kombat Osorno est l&#8217;option id\u00e9ale pour apporter votre jeu \u00e0 de nouveaux sommets.<\/p>\n<p><strong> Kombat Osorno pour les joueurs polyvalents <\/strong><br \/>\nLe Kombat Osorno est le choix parfait pour les joueurs \u00e0 la recherche d&#8217;une pelle qui offre un confort et une excellente prise de balle sans abandonner le pouvoir. Son noyau en caoutchouc EVA \u00e0 double densit\u00e9 est id\u00e9al pour ceux qui souhaitent g\u00e9n\u00e9rer de la vitesse dans leurs coups, maintenant toujours un contr\u00f4le exceptionnel. Avec un \u00e9quilibre interm\u00e9diaire, cette pelle s&#8217;adapte \u00e0 diff\u00e9rents styles de jeu, facilitant les attaques et les d\u00e9fenses. Vous \u00eates d\u00e9j\u00e0 un joueur de niveau avanc\u00e9 ou interm\u00e9diaire, le Kombat Osorno vous permettra d&#8217;am\u00e9liorer vos performances sur le terrain, vous offrant une exp\u00e9rience de jeu confortable et efficace.<\/p>\n<p><strong> Kombat Osorno dans Revolution Padel Store <\/strong><\/p>\n<p>N&#8217;attendez plus pour am\u00e9liorer votre jeu avec le <strong> Kombat Osorno <\/strong>. Sa conception innovante vous permettra de g\u00e9n\u00e9rer des coups rapides et pr\u00e9cis sans perdre le contr\u00f4le. Obtenez le v\u00f4tre et faites l&#8217;exp\u00e9rience de la diff\u00e9rence dans votre entra\u00eenement et vos matchs!<strong>Kombat Osorno, pala de l\u00e1grima Colecci\u00f3n 2025<\/strong><\/p>\n","protected":false},"excerpt":{"rendered":"<p>Le Kombat Osorno offre un \u00e9quilibre entre le contr\u00f4le et la puissance, id\u00e9al pour les joueurs \u00e0 la recherche de confort et une grande prise de balle dans chaque coup.<\/p>\n","protected":false},"featured_media":124919,"comment_status":"open","ping_status":"closed","template":"","meta":{"_acf_changed":false,"_joinchat":[]},"acabado":[1092],"balance":[1142],"dureza":[1152],"forma":[1187],"jugador":[1192,1202],"marca":[1702],"nivel-de-juego":[1337],"superficie":[1362],"tipo-de-juego":[1387],"product_brand":[],"product_cat":[302],"product_tag":[],"class_list":{"0":"post-125467","1":"product","2":"type-product","3":"status-publish","4":"has-post-thumbnail","6":"acabado-soulager-la-3d","7":"balance-moyen","8":"dureza-blanda-fr","9":"forma-lagrima-fr","10":"jugador-homme","11":"jugador-polivalente-fr","12":"marca-kombat-fr","13":"superficie-rugosa-fr","14":"tipo-de-juego-polivalente-fr","15":"product_cat-palas-de-padel-fr","17":"first","18":"instock","19":"taxable","20":"shipping-taxable","21":"purchasable","22":"product-type-simple"},"acf":[],"yoast_head":"<!-- This site is optimized with the Yoast SEO plugin v27.3 - https:\/\/yoast.com\/product\/yoast-seo-wordpress\/ -->\n<title>KOMBAT OSORNO - Revolution Padel Store<\/title>\n<meta name=\"description\" content=\"La Kombat Osorno est\u00e1 pensada para quienes buscan un equilibrio perfecto entre potencia y confort en su juego. Inspirada en la majestuosidad del volc\u00e1n Osorno en Chile, esta pala tiene un dise\u00f1o en forma de l\u00e1grima que ofrece un rendimiento sobresaliente tanto en control como en salida de bola\" \/>\n<meta name=\"robots\" content=\"index, follow, max-snippet:-1, max-image-preview:large, max-video-preview:-1\" \/>\n<link rel=\"canonical\" href=\"https:\/\/revolutionpadelstore.com\/fr\/produit\/kombat-osorno\/\" \/>\n<meta property=\"og:locale\" content=\"fr_FR\" \/>\n<meta property=\"og:type\" content=\"article\" \/>\n<meta property=\"og:title\" content=\"KOMBAT OSORNO - Revolution Padel Store\" \/>\n<meta property=\"og:description\" content=\"La Kombat Osorno est\u00e1 pensada para quienes buscan un equilibrio perfecto entre potencia y confort en su juego. Inspirada en la majestuosidad del volc\u00e1n Osorno en Chile, esta pala tiene un dise\u00f1o en forma de l\u00e1grima que ofrece un rendimiento sobresaliente tanto en control como en salida de bola\" \/>\n<meta property=\"og:url\" content=\"https:\/\/revolutionpadelstore.com\/fr\/produit\/kombat-osorno\/\" \/>\n<meta property=\"og:site_name\" content=\"Revolution Padel Store\" \/>\n<meta property=\"article:modified_time\" content=\"2026-04-01T04:54:20+00:00\" \/>\n<meta property=\"og:image\" content=\"https:\/\/revolutionpadelstore.com\/wp-content\/uploads\/2024\/11\/115025_pala_kombat_osorno_1500x1500_1_66f0.webp\" \/>\n\t<meta property=\"og:image:width\" content=\"1500\" \/>\n\t<meta property=\"og:image:height\" content=\"1500\" \/>\n\t<meta property=\"og:image:type\" content=\"image\/webp\" \/>\n<meta name=\"twitter:card\" content=\"summary_large_image\" \/>\n<meta name=\"twitter:label1\" content=\"Dur\u00e9e de lecture estim\u00e9e\" \/>\n\t<meta name=\"twitter:data1\" content=\"2 minutes\" \/>\n<script type=\"application\/ld+json\" class=\"yoast-schema-graph\">{\"@context\":\"https:\\\/\\\/schema.org\",\"@graph\":[{\"@type\":\"WebPage\",\"@id\":\"https:\\\/\\\/revolutionpadelstore.com\\\/fr\\\/produit\\\/kombat-osorno\\\/\",\"url\":\"https:\\\/\\\/revolutionpadelstore.com\\\/fr\\\/produit\\\/kombat-osorno\\\/\",\"name\":\"KOMBAT OSORNO - Revolution Padel Store\",\"isPartOf\":{\"@id\":\"https:\\\/\\\/revolutionpadelstore.com\\\/fr\\\/#website\"},\"primaryImageOfPage\":{\"@id\":\"https:\\\/\\\/revolutionpadelstore.com\\\/fr\\\/produit\\\/kombat-osorno\\\/#primaryimage\"},\"image\":{\"@id\":\"https:\\\/\\\/revolutionpadelstore.com\\\/fr\\\/produit\\\/kombat-osorno\\\/#primaryimage\"},\"thumbnailUrl\":\"https:\\\/\\\/revolutionpadelstore.com\\\/wp-content\\\/uploads\\\/2024\\\/11\\\/115025_pala_kombat_osorno_1500x1500_1_66f0.webp\",\"datePublished\":\"2024-11-22T07:17:30+00:00\",\"dateModified\":\"2026-04-01T04:54:20+00:00\",\"description\":\"La Kombat Osorno est\u00e1 pensada para quienes buscan un equilibrio perfecto entre potencia y confort en su juego. Inspirada en la majestuosidad del volc\u00e1n Osorno en Chile, esta pala tiene un dise\u00f1o en forma de l\u00e1grima que ofrece un rendimiento sobresaliente tanto en control como en salida de bola\",\"breadcrumb\":{\"@id\":\"https:\\\/\\\/revolutionpadelstore.com\\\/fr\\\/produit\\\/kombat-osorno\\\/#breadcrumb\"},\"inLanguage\":\"fr-FR\",\"potentialAction\":[{\"@type\":\"ReadAction\",\"target\":[\"https:\\\/\\\/revolutionpadelstore.com\\\/fr\\\/produit\\\/kombat-osorno\\\/\"]}]},{\"@type\":\"ImageObject\",\"inLanguage\":\"fr-FR\",\"@id\":\"https:\\\/\\\/revolutionpadelstore.com\\\/fr\\\/produit\\\/kombat-osorno\\\/#primaryimage\",\"url\":\"https:\\\/\\\/revolutionpadelstore.com\\\/wp-content\\\/uploads\\\/2024\\\/11\\\/115025_pala_kombat_osorno_1500x1500_1_66f0.webp\",\"contentUrl\":\"https:\\\/\\\/revolutionpadelstore.com\\\/wp-content\\\/uploads\\\/2024\\\/11\\\/115025_pala_kombat_osorno_1500x1500_1_66f0.webp\",\"width\":1500,\"height\":1500},{\"@type\":\"BreadcrumbList\",\"@id\":\"https:\\\/\\\/revolutionpadelstore.com\\\/fr\\\/produit\\\/kombat-osorno\\\/#breadcrumb\",\"itemListElement\":[{\"@type\":\"ListItem\",\"position\":1,\"name\":\"Portada\",\"item\":\"https:\\\/\\\/revolutionpadelstore.com\\\/fr\\\/\"},{\"@type\":\"ListItem\",\"position\":2,\"name\":\"Boutique\",\"item\":\"https:\\\/\\\/revolutionpadelstore.com\\\/fr\\\/tienda\\\/\"},{\"@type\":\"ListItem\",\"position\":3,\"name\":\"KOMBAT OSORNO\"}]},{\"@type\":\"WebSite\",\"@id\":\"https:\\\/\\\/revolutionpadelstore.com\\\/fr\\\/#website\",\"url\":\"https:\\\/\\\/revolutionpadelstore.com\\\/fr\\\/\",\"name\":\"Revolution Padel Store\",\"description\":\"\",\"publisher\":{\"@id\":\"https:\\\/\\\/revolutionpadelstore.com\\\/fr\\\/#organization\"},\"potentialAction\":[{\"@type\":\"SearchAction\",\"target\":{\"@type\":\"EntryPoint\",\"urlTemplate\":\"https:\\\/\\\/revolutionpadelstore.com\\\/fr\\\/?s={search_term_string}\"},\"query-input\":{\"@type\":\"PropertyValueSpecification\",\"valueRequired\":true,\"valueName\":\"search_term_string\"}}],\"inLanguage\":\"fr-FR\"},{\"@type\":\"Organization\",\"@id\":\"https:\\\/\\\/revolutionpadelstore.com\\\/fr\\\/#organization\",\"name\":\"Revolution Padel Store\",\"url\":\"https:\\\/\\\/revolutionpadelstore.com\\\/fr\\\/\",\"logo\":{\"@type\":\"ImageObject\",\"inLanguage\":\"fr-FR\",\"@id\":\"https:\\\/\\\/revolutionpadelstore.com\\\/fr\\\/#\\\/schema\\\/logo\\\/image\\\/\",\"url\":\"https:\\\/\\\/revolutionpadelstore.com\\\/wp-content\\\/uploads\\\/2026\\\/02\\\/revolution-padel-store.jpg\",\"contentUrl\":\"https:\\\/\\\/revolutionpadelstore.com\\\/wp-content\\\/uploads\\\/2026\\\/02\\\/revolution-padel-store.jpg\",\"width\":2000,\"height\":2000,\"caption\":\"Revolution Padel Store\"},\"image\":{\"@id\":\"https:\\\/\\\/revolutionpadelstore.com\\\/fr\\\/#\\\/schema\\\/logo\\\/image\\\/\"},\"sameAs\":[\"https:\\\/\\\/www.instagram.com\\\/revolutionpadelstore\\\/\"]}]}<\/script>\n<!-- \/ Yoast SEO plugin. -->","yoast_head_json":{"title":"KOMBAT OSORNO - Revolution Padel Store","description":"La Kombat Osorno est\u00e1 pensada para quienes buscan un equilibrio perfecto entre potencia y confort en su juego. Inspirada en la majestuosidad del volc\u00e1n Osorno en Chile, esta pala tiene un dise\u00f1o en forma de l\u00e1grima que ofrece un rendimiento sobresaliente tanto en control como en salida de bola","robots":{"index":"index","follow":"follow","max-snippet":"max-snippet:-1","max-image-preview":"max-image-preview:large","max-video-preview":"max-video-preview:-1"},"canonical":"https:\/\/revolutionpadelstore.com\/fr\/produit\/kombat-osorno\/","og_locale":"fr_FR","og_type":"article","og_title":"KOMBAT OSORNO - Revolution Padel Store","og_description":"La Kombat Osorno est\u00e1 pensada para quienes buscan un equilibrio perfecto entre potencia y confort en su juego. Inspirada en la majestuosidad del volc\u00e1n Osorno en Chile, esta pala tiene un dise\u00f1o en forma de l\u00e1grima que ofrece un rendimiento sobresaliente tanto en control como en salida de bola","og_url":"https:\/\/revolutionpadelstore.com\/fr\/produit\/kombat-osorno\/","og_site_name":"Revolution Padel Store","article_modified_time":"2026-04-01T04:54:20+00:00","og_image":[{"width":1500,"height":1500,"url":"https:\/\/revolutionpadelstore.com\/wp-content\/uploads\/2024\/11\/115025_pala_kombat_osorno_1500x1500_1_66f0.webp","type":"image\/webp"}],"twitter_card":"summary_large_image","twitter_misc":{"Dur\u00e9e de lecture estim\u00e9e":"2 minutes"},"schema":{"@context":"https:\/\/schema.org","@graph":[{"@type":"WebPage","@id":"https:\/\/revolutionpadelstore.com\/fr\/produit\/kombat-osorno\/","url":"https:\/\/revolutionpadelstore.com\/fr\/produit\/kombat-osorno\/","name":"KOMBAT OSORNO - Revolution Padel Store","isPartOf":{"@id":"https:\/\/revolutionpadelstore.com\/fr\/#website"},"primaryImageOfPage":{"@id":"https:\/\/revolutionpadelstore.com\/fr\/produit\/kombat-osorno\/#primaryimage"},"image":{"@id":"https:\/\/revolutionpadelstore.com\/fr\/produit\/kombat-osorno\/#primaryimage"},"thumbnailUrl":"https:\/\/revolutionpadelstore.com\/wp-content\/uploads\/2024\/11\/115025_pala_kombat_osorno_1500x1500_1_66f0.webp","datePublished":"2024-11-22T07:17:30+00:00","dateModified":"2026-04-01T04:54:20+00:00","description":"La Kombat Osorno est\u00e1 pensada para quienes buscan un equilibrio perfecto entre potencia y confort en su juego. Inspirada en la majestuosidad del volc\u00e1n Osorno en Chile, esta pala tiene un dise\u00f1o en forma de l\u00e1grima que ofrece un rendimiento sobresaliente tanto en control como en salida de bola","breadcrumb":{"@id":"https:\/\/revolutionpadelstore.com\/fr\/produit\/kombat-osorno\/#breadcrumb"},"inLanguage":"fr-FR","potentialAction":[{"@type":"ReadAction","target":["https:\/\/revolutionpadelstore.com\/fr\/produit\/kombat-osorno\/"]}]},{"@type":"ImageObject","inLanguage":"fr-FR","@id":"https:\/\/revolutionpadelstore.com\/fr\/produit\/kombat-osorno\/#primaryimage","url":"https:\/\/revolutionpadelstore.com\/wp-content\/uploads\/2024\/11\/115025_pala_kombat_osorno_1500x1500_1_66f0.webp","contentUrl":"https:\/\/revolutionpadelstore.com\/wp-content\/uploads\/2024\/11\/115025_pala_kombat_osorno_1500x1500_1_66f0.webp","width":1500,"height":1500},{"@type":"BreadcrumbList","@id":"https:\/\/revolutionpadelstore.com\/fr\/produit\/kombat-osorno\/#breadcrumb","itemListElement":[{"@type":"ListItem","position":1,"name":"Portada","item":"https:\/\/revolutionpadelstore.com\/fr\/"},{"@type":"ListItem","position":2,"name":"Boutique","item":"https:\/\/revolutionpadelstore.com\/fr\/tienda\/"},{"@type":"ListItem","position":3,"name":"KOMBAT OSORNO"}]},{"@type":"WebSite","@id":"https:\/\/revolutionpadelstore.com\/fr\/#website","url":"https:\/\/revolutionpadelstore.com\/fr\/","name":"Revolution Padel Store","description":"","publisher":{"@id":"https:\/\/revolutionpadelstore.com\/fr\/#organization"},"potentialAction":[{"@type":"SearchAction","target":{"@type":"EntryPoint","urlTemplate":"https:\/\/revolutionpadelstore.com\/fr\/?s={search_term_string}"},"query-input":{"@type":"PropertyValueSpecification","valueRequired":true,"valueName":"search_term_string"}}],"inLanguage":"fr-FR"},{"@type":"Organization","@id":"https:\/\/revolutionpadelstore.com\/fr\/#organization","name":"Revolution Padel Store","url":"https:\/\/revolutionpadelstore.com\/fr\/","logo":{"@type":"ImageObject","inLanguage":"fr-FR","@id":"https:\/\/revolutionpadelstore.com\/fr\/#\/schema\/logo\/image\/","url":"https:\/\/revolutionpadelstore.com\/wp-content\/uploads\/2026\/02\/revolution-padel-store.jpg","contentUrl":"https:\/\/revolutionpadelstore.com\/wp-content\/uploads\/2026\/02\/revolution-padel-store.jpg","width":2000,"height":2000,"caption":"Revolution Padel Store"},"image":{"@id":"https:\/\/revolutionpadelstore.com\/fr\/#\/schema\/logo\/image\/"},"sameAs":["https:\/\/www.instagram.com\/revolutionpadelstore\/"]}]}},"_links":{"self":[{"href":"https:\/\/revolutionpadelstore.com\/fr\/wp-json\/wp\/v2\/product\/125467","targetHints":{"allow":["GET"]}}],"collection":[{"href":"https:\/\/revolutionpadelstore.com\/fr\/wp-json\/wp\/v2\/product"}],"about":[{"href":"https:\/\/revolutionpadelstore.com\/fr\/wp-json\/wp\/v2\/types\/product"}],"replies":[{"embeddable":true,"href":"https:\/\/revolutionpadelstore.com\/fr\/wp-json\/wp\/v2\/comments?post=125467"}],"wp:featuredmedia":[{"embeddable":true,"href":"https:\/\/revolutionpadelstore.com\/fr\/wp-json\/wp\/v2\/media\/124919"}],"wp:attachment":[{"href":"https:\/\/revolutionpadelstore.com\/fr\/wp-json\/wp\/v2\/media?parent=125467"}],"wp:term":[{"taxonomy":"acabado","embeddable":true,"href":"https:\/\/revolutionpadelstore.com\/fr\/wp-json\/wp\/v2\/acabado?post=125467"},{"taxonomy":"balance","embeddable":true,"href":"https:\/\/revolutionpadelstore.com\/fr\/wp-json\/wp\/v2\/balance?post=125467"},{"taxonomy":"dureza","embeddable":true,"href":"https:\/\/revolutionpadelstore.com\/fr\/wp-json\/wp\/v2\/dureza?post=125467"},{"taxonomy":"forma","embeddable":true,"href":"https:\/\/revolutionpadelstore.com\/fr\/wp-json\/wp\/v2\/forma?post=125467"},{"taxonomy":"jugador","embeddable":true,"href":"https:\/\/revolutionpadelstore.com\/fr\/wp-json\/wp\/v2\/jugador?post=125467"},{"taxonomy":"marca","embeddable":true,"href":"https:\/\/revolutionpadelstore.com\/fr\/wp-json\/wp\/v2\/marca?post=125467"},{"taxonomy":"nivel-de-juego","embeddable":true,"href":"https:\/\/revolutionpadelstore.com\/fr\/wp-json\/wp\/v2\/nivel-de-juego?post=125467"},{"taxonomy":"superficie","embeddable":true,"href":"https:\/\/revolutionpadelstore.com\/fr\/wp-json\/wp\/v2\/superficie?post=125467"},{"taxonomy":"tipo-de-juego","embeddable":true,"href":"https:\/\/revolutionpadelstore.com\/fr\/wp-json\/wp\/v2\/tipo-de-juego?post=125467"},{"taxonomy":"product_brand","embeddable":true,"href":"https:\/\/revolutionpadelstore.com\/fr\/wp-json\/wp\/v2\/product_brand?post=125467"},{"taxonomy":"product_cat","embeddable":true,"href":"https:\/\/revolutionpadelstore.com\/fr\/wp-json\/wp\/v2\/product_cat?post=125467"},{"taxonomy":"product_tag","embeddable":true,"href":"https:\/\/revolutionpadelstore.com\/fr\/wp-json\/wp\/v2\/product_tag?post=125467"}],"curies":[{"name":"wp","href":"https:\/\/api.w.org\/{rel}","templated":true}]}}