{"id":125462,"date":"2024-11-22T08:29:02","date_gmt":"2024-11-22T07:29:02","guid":{"rendered":"https:\/\/revolutionpadelstore.com\/kombat-fuji\/"},"modified":"2026-04-01T06:53:55","modified_gmt":"2026-04-01T04:53:55","slug":"kombat-fuji-3","status":"publish","type":"product","link":"https:\/\/revolutionpadelstore.com\/fr\/produit\/kombat-fuji-3\/","title":{"rendered":"KOMBAT FUJI"},"content":{"rendered":"<h2> <strong> Kombat Fuji, polyvalence maximale <\/strong> <\/h2>\n<p>Le Fuji Paddle Rongl de Kombat est le mod\u00e8le pr\u00e9f\u00e9r\u00e9 par Manu Mart\u00edn au sein de la collection Vulcano, gr\u00e2ce \u00e0 ses caract\u00e9ristiques exceptionnelles et \u00e0 sa construction robuste, qui garantit des performances sup\u00e9rieures sur la piste. Son design est inspir\u00e9 par la majest\u00e9 du mont Fuji.<\/p>\n<p>Avec un moule en forme de larme, un \u00e9quilibre moyen et un point sucr\u00e9 centr\u00e9, le Fuji Kombat se d\u00e9marque pour sa polyvalence et sa capacit\u00e9 \u00e0 s&#8217;adapter \u00e0 n&#8217;importe quelle situation de jeu. L&#8217;\u00e9quilibre interm\u00e9diaire distribue le poids de mani\u00e8re \u00e9quilibr\u00e9e, tandis que le point sucr\u00e9 au centre permet d&#8217;obtenir les meilleures performances dans une grande vari\u00e9t\u00e9 de coups.<\/p>\n<h2> <strong> pala fuji, id\u00e9al pour exiger les joueurs <\/strong> <\/h2>\n<p>Cette pelle a \u00e9t\u00e9 sp\u00e9cialement con\u00e7ue pour les joueurs de pagaie qui recherchent une plus grande polyvalence dans leur jeu et souhaitent imprimer plus d&#8217;effets sur le ballon, ce qui leur permet d&#8217;ex\u00e9cuter une gamme plus large de coups. Il est parfait pour exiger que les joueurs \u00e0 la recherche d&#8217;un \u00e9quilibre entre le contr\u00f4le et la puissance, offrant une prise de balle exceptionnelle.<\/p>\n<h2> <strong> Kombat Fuji Phelbel Caract\u00e9ristiques <\/strong> <\/h2>\n<p><strong> -Black Eva Eva Nougen Nighness Nighness <\/strong>: Il offre une sensation pr\u00e9cise et une excellente prise de balle.<\/p>\n<p><strong> -barco Fibre de carbone tubulaire 100% <\/strong>: am\u00e9liore la durabilit\u00e9 gr\u00e2ce \u00e0 sa grande r\u00e9sistance \u00e0 l&#8217;usure.<\/p>\n<p><strong> -carbone Plans 18K Aluminis\u00e9 <\/strong>: Ils offrent une flexibilit\u00e9 et un contr\u00f4le am\u00e9lior\u00e9.<\/p>\n<p><strong> -Superficie Rugosa <\/strong>: permet une plus grande prise de la balle, ce qui facilite la frappe avec plus d&#8217;effet.<br \/>\n&lt;En<br \/>\nNe manquez pas l&#039;occasion d&#039;atteindre votre niveau maximum sur la piste avec le Kombat Fuji, la pelle de larme la plus \u00e9quilibr\u00e9e de la collection Kombat Vulcan. Avec des plans de carbone 18K et un noyau EVA noir, cette pelle offre des performances exceptionnelles \u00e0 tout moment.<\/p>\n<h2><strong>Kombat Fuji, m\u00e1xima versatilidad<\/strong><\/p>\n","protected":false},"excerpt":{"rendered":"<p>Kombat Fuji, Tear Phel avec un \u00e9quilibre interm\u00e9diaire pour les joueurs qui ont besoin d&#8217;une polyvalence suppl\u00e9mentaire pour am\u00e9liorer leurs performances sur la piste. Noyau Eva noir et plans de carbone rugueux 18K.<\/p>\n","protected":false},"featured_media":124950,"comment_status":"open","ping_status":"closed","template":"","meta":{"_acf_changed":false,"_joinchat":[]},"acabado":[1082,1087,1092],"balance":[1142],"dureza":[1157],"forma":[1187],"jugador":[1192,1202],"marca":[1702],"nivel-de-juego":[1337,1342],"superficie":[1362],"tipo-de-juego":[1387],"product_brand":[],"product_cat":[302],"product_tag":[],"class_list":{"0":"post-125462","1":"product","2":"type-product","3":"status-publish","4":"has-post-thumbnail","6":"acabado-luminosite","7":"acabado-mon-pote","8":"acabado-soulager-la-3d","9":"balance-moyen","10":"dureza-media-fr","11":"forma-lagrima-fr","12":"jugador-homme","13":"jugador-polivalente-fr","14":"marca-kombat-fr","15":"superficie-rugosa-fr","16":"tipo-de-juego-polivalente-fr","17":"product_cat-palas-de-padel-fr","19":"first","20":"instock","21":"taxable","22":"shipping-taxable","23":"purchasable","24":"product-type-simple"},"acf":[],"yoast_head":"<!-- This site is optimized with the Yoast SEO plugin v27.3 - https:\/\/yoast.com\/product\/yoast-seo-wordpress\/ -->\n<title>KOMBAT FUJI - Revolution Padel Store<\/title>\n<meta name=\"description\" content=\"La pala de p\u00e1del Fuji de Kombat es el modelo favorito de Manu Mart\u00edn de la colecci\u00f3n Vulcano por sus incre\u00edbles prestaciones y construcci\u00f3n robusta, que la convierten en una opci\u00f3n que garantiza un gran rendimiento en el terreno de juego. Inspirada en la majestuosidad del monte Fuji.\" \/>\n<meta name=\"robots\" content=\"index, follow, max-snippet:-1, max-image-preview:large, max-video-preview:-1\" \/>\n<link rel=\"canonical\" href=\"https:\/\/revolutionpadelstore.com\/fr\/produit\/kombat-fuji-3\/\" \/>\n<meta property=\"og:locale\" content=\"fr_FR\" \/>\n<meta property=\"og:type\" content=\"article\" \/>\n<meta property=\"og:title\" content=\"KOMBAT FUJI - Revolution Padel Store\" \/>\n<meta property=\"og:description\" content=\"La pala de p\u00e1del Fuji de Kombat es el modelo favorito de Manu Mart\u00edn de la colecci\u00f3n Vulcano por sus incre\u00edbles prestaciones y construcci\u00f3n robusta, que la convierten en una opci\u00f3n que garantiza un gran rendimiento en el terreno de juego. Inspirada en la majestuosidad del monte Fuji.\" \/>\n<meta property=\"og:url\" content=\"https:\/\/revolutionpadelstore.com\/fr\/produit\/kombat-fuji-3\/\" \/>\n<meta property=\"og:site_name\" content=\"Revolution Padel Store\" \/>\n<meta property=\"article:modified_time\" content=\"2026-04-01T04:53:55+00:00\" \/>\n<meta property=\"og:image\" content=\"https:\/\/revolutionpadelstore.com\/wp-content\/uploads\/2024\/11\/115022_pala_kombat_fuji_1500x1500_1_b0e5.webp\" \/>\n\t<meta property=\"og:image:width\" content=\"1500\" \/>\n\t<meta property=\"og:image:height\" content=\"1500\" \/>\n\t<meta property=\"og:image:type\" content=\"image\/webp\" \/>\n<meta name=\"twitter:card\" content=\"summary_large_image\" \/>\n<meta name=\"twitter:label1\" content=\"Dur\u00e9e de lecture estim\u00e9e\" \/>\n\t<meta name=\"twitter:data1\" content=\"2 minutes\" \/>\n<script type=\"application\/ld+json\" class=\"yoast-schema-graph\">{\"@context\":\"https:\\\/\\\/schema.org\",\"@graph\":[{\"@type\":\"WebPage\",\"@id\":\"https:\\\/\\\/revolutionpadelstore.com\\\/fr\\\/produit\\\/kombat-fuji-3\\\/\",\"url\":\"https:\\\/\\\/revolutionpadelstore.com\\\/fr\\\/produit\\\/kombat-fuji-3\\\/\",\"name\":\"KOMBAT FUJI - Revolution Padel Store\",\"isPartOf\":{\"@id\":\"https:\\\/\\\/revolutionpadelstore.com\\\/fr\\\/#website\"},\"primaryImageOfPage\":{\"@id\":\"https:\\\/\\\/revolutionpadelstore.com\\\/fr\\\/produit\\\/kombat-fuji-3\\\/#primaryimage\"},\"image\":{\"@id\":\"https:\\\/\\\/revolutionpadelstore.com\\\/fr\\\/produit\\\/kombat-fuji-3\\\/#primaryimage\"},\"thumbnailUrl\":\"https:\\\/\\\/revolutionpadelstore.com\\\/wp-content\\\/uploads\\\/2024\\\/11\\\/115022_pala_kombat_fuji_1500x1500_1_b0e5.webp\",\"datePublished\":\"2024-11-22T07:29:02+00:00\",\"dateModified\":\"2026-04-01T04:53:55+00:00\",\"description\":\"La pala de p\u00e1del Fuji de Kombat es el modelo favorito de Manu Mart\u00edn de la colecci\u00f3n Vulcano por sus incre\u00edbles prestaciones y construcci\u00f3n robusta, que la convierten en una opci\u00f3n que garantiza un gran rendimiento en el terreno de juego. Inspirada en la majestuosidad del monte Fuji.\",\"breadcrumb\":{\"@id\":\"https:\\\/\\\/revolutionpadelstore.com\\\/fr\\\/produit\\\/kombat-fuji-3\\\/#breadcrumb\"},\"inLanguage\":\"fr-FR\",\"potentialAction\":[{\"@type\":\"ReadAction\",\"target\":[\"https:\\\/\\\/revolutionpadelstore.com\\\/fr\\\/produit\\\/kombat-fuji-3\\\/\"]}]},{\"@type\":\"ImageObject\",\"inLanguage\":\"fr-FR\",\"@id\":\"https:\\\/\\\/revolutionpadelstore.com\\\/fr\\\/produit\\\/kombat-fuji-3\\\/#primaryimage\",\"url\":\"https:\\\/\\\/revolutionpadelstore.com\\\/wp-content\\\/uploads\\\/2024\\\/11\\\/115022_pala_kombat_fuji_1500x1500_1_b0e5.webp\",\"contentUrl\":\"https:\\\/\\\/revolutionpadelstore.com\\\/wp-content\\\/uploads\\\/2024\\\/11\\\/115022_pala_kombat_fuji_1500x1500_1_b0e5.webp\",\"width\":1500,\"height\":1500},{\"@type\":\"BreadcrumbList\",\"@id\":\"https:\\\/\\\/revolutionpadelstore.com\\\/fr\\\/produit\\\/kombat-fuji-3\\\/#breadcrumb\",\"itemListElement\":[{\"@type\":\"ListItem\",\"position\":1,\"name\":\"Portada\",\"item\":\"https:\\\/\\\/revolutionpadelstore.com\\\/fr\\\/\"},{\"@type\":\"ListItem\",\"position\":2,\"name\":\"Boutique\",\"item\":\"https:\\\/\\\/revolutionpadelstore.com\\\/fr\\\/tienda\\\/\"},{\"@type\":\"ListItem\",\"position\":3,\"name\":\"KOMBAT FUJI\"}]},{\"@type\":\"WebSite\",\"@id\":\"https:\\\/\\\/revolutionpadelstore.com\\\/fr\\\/#website\",\"url\":\"https:\\\/\\\/revolutionpadelstore.com\\\/fr\\\/\",\"name\":\"Revolution Padel Store\",\"description\":\"\",\"publisher\":{\"@id\":\"https:\\\/\\\/revolutionpadelstore.com\\\/fr\\\/#organization\"},\"potentialAction\":[{\"@type\":\"SearchAction\",\"target\":{\"@type\":\"EntryPoint\",\"urlTemplate\":\"https:\\\/\\\/revolutionpadelstore.com\\\/fr\\\/?s={search_term_string}\"},\"query-input\":{\"@type\":\"PropertyValueSpecification\",\"valueRequired\":true,\"valueName\":\"search_term_string\"}}],\"inLanguage\":\"fr-FR\"},{\"@type\":\"Organization\",\"@id\":\"https:\\\/\\\/revolutionpadelstore.com\\\/fr\\\/#organization\",\"name\":\"Revolution Padel Store\",\"url\":\"https:\\\/\\\/revolutionpadelstore.com\\\/fr\\\/\",\"logo\":{\"@type\":\"ImageObject\",\"inLanguage\":\"fr-FR\",\"@id\":\"https:\\\/\\\/revolutionpadelstore.com\\\/fr\\\/#\\\/schema\\\/logo\\\/image\\\/\",\"url\":\"https:\\\/\\\/revolutionpadelstore.com\\\/wp-content\\\/uploads\\\/2026\\\/02\\\/revolution-padel-store.jpg\",\"contentUrl\":\"https:\\\/\\\/revolutionpadelstore.com\\\/wp-content\\\/uploads\\\/2026\\\/02\\\/revolution-padel-store.jpg\",\"width\":2000,\"height\":2000,\"caption\":\"Revolution Padel Store\"},\"image\":{\"@id\":\"https:\\\/\\\/revolutionpadelstore.com\\\/fr\\\/#\\\/schema\\\/logo\\\/image\\\/\"},\"sameAs\":[\"https:\\\/\\\/www.instagram.com\\\/revolutionpadelstore\\\/\"]}]}<\/script>\n<!-- \/ Yoast SEO plugin. -->","yoast_head_json":{"title":"KOMBAT FUJI - Revolution Padel Store","description":"La pala de p\u00e1del Fuji de Kombat es el modelo favorito de Manu Mart\u00edn de la colecci\u00f3n Vulcano por sus incre\u00edbles prestaciones y construcci\u00f3n robusta, que la convierten en una opci\u00f3n que garantiza un gran rendimiento en el terreno de juego. Inspirada en la majestuosidad del monte Fuji.","robots":{"index":"index","follow":"follow","max-snippet":"max-snippet:-1","max-image-preview":"max-image-preview:large","max-video-preview":"max-video-preview:-1"},"canonical":"https:\/\/revolutionpadelstore.com\/fr\/produit\/kombat-fuji-3\/","og_locale":"fr_FR","og_type":"article","og_title":"KOMBAT FUJI - Revolution Padel Store","og_description":"La pala de p\u00e1del Fuji de Kombat es el modelo favorito de Manu Mart\u00edn de la colecci\u00f3n Vulcano por sus incre\u00edbles prestaciones y construcci\u00f3n robusta, que la convierten en una opci\u00f3n que garantiza un gran rendimiento en el terreno de juego. Inspirada en la majestuosidad del monte Fuji.","og_url":"https:\/\/revolutionpadelstore.com\/fr\/produit\/kombat-fuji-3\/","og_site_name":"Revolution Padel Store","article_modified_time":"2026-04-01T04:53:55+00:00","og_image":[{"width":1500,"height":1500,"url":"https:\/\/revolutionpadelstore.com\/wp-content\/uploads\/2024\/11\/115022_pala_kombat_fuji_1500x1500_1_b0e5.webp","type":"image\/webp"}],"twitter_card":"summary_large_image","twitter_misc":{"Dur\u00e9e de lecture estim\u00e9e":"2 minutes"},"schema":{"@context":"https:\/\/schema.org","@graph":[{"@type":"WebPage","@id":"https:\/\/revolutionpadelstore.com\/fr\/produit\/kombat-fuji-3\/","url":"https:\/\/revolutionpadelstore.com\/fr\/produit\/kombat-fuji-3\/","name":"KOMBAT FUJI - Revolution Padel Store","isPartOf":{"@id":"https:\/\/revolutionpadelstore.com\/fr\/#website"},"primaryImageOfPage":{"@id":"https:\/\/revolutionpadelstore.com\/fr\/produit\/kombat-fuji-3\/#primaryimage"},"image":{"@id":"https:\/\/revolutionpadelstore.com\/fr\/produit\/kombat-fuji-3\/#primaryimage"},"thumbnailUrl":"https:\/\/revolutionpadelstore.com\/wp-content\/uploads\/2024\/11\/115022_pala_kombat_fuji_1500x1500_1_b0e5.webp","datePublished":"2024-11-22T07:29:02+00:00","dateModified":"2026-04-01T04:53:55+00:00","description":"La pala de p\u00e1del Fuji de Kombat es el modelo favorito de Manu Mart\u00edn de la colecci\u00f3n Vulcano por sus incre\u00edbles prestaciones y construcci\u00f3n robusta, que la convierten en una opci\u00f3n que garantiza un gran rendimiento en el terreno de juego. Inspirada en la majestuosidad del monte Fuji.","breadcrumb":{"@id":"https:\/\/revolutionpadelstore.com\/fr\/produit\/kombat-fuji-3\/#breadcrumb"},"inLanguage":"fr-FR","potentialAction":[{"@type":"ReadAction","target":["https:\/\/revolutionpadelstore.com\/fr\/produit\/kombat-fuji-3\/"]}]},{"@type":"ImageObject","inLanguage":"fr-FR","@id":"https:\/\/revolutionpadelstore.com\/fr\/produit\/kombat-fuji-3\/#primaryimage","url":"https:\/\/revolutionpadelstore.com\/wp-content\/uploads\/2024\/11\/115022_pala_kombat_fuji_1500x1500_1_b0e5.webp","contentUrl":"https:\/\/revolutionpadelstore.com\/wp-content\/uploads\/2024\/11\/115022_pala_kombat_fuji_1500x1500_1_b0e5.webp","width":1500,"height":1500},{"@type":"BreadcrumbList","@id":"https:\/\/revolutionpadelstore.com\/fr\/produit\/kombat-fuji-3\/#breadcrumb","itemListElement":[{"@type":"ListItem","position":1,"name":"Portada","item":"https:\/\/revolutionpadelstore.com\/fr\/"},{"@type":"ListItem","position":2,"name":"Boutique","item":"https:\/\/revolutionpadelstore.com\/fr\/tienda\/"},{"@type":"ListItem","position":3,"name":"KOMBAT FUJI"}]},{"@type":"WebSite","@id":"https:\/\/revolutionpadelstore.com\/fr\/#website","url":"https:\/\/revolutionpadelstore.com\/fr\/","name":"Revolution Padel Store","description":"","publisher":{"@id":"https:\/\/revolutionpadelstore.com\/fr\/#organization"},"potentialAction":[{"@type":"SearchAction","target":{"@type":"EntryPoint","urlTemplate":"https:\/\/revolutionpadelstore.com\/fr\/?s={search_term_string}"},"query-input":{"@type":"PropertyValueSpecification","valueRequired":true,"valueName":"search_term_string"}}],"inLanguage":"fr-FR"},{"@type":"Organization","@id":"https:\/\/revolutionpadelstore.com\/fr\/#organization","name":"Revolution Padel Store","url":"https:\/\/revolutionpadelstore.com\/fr\/","logo":{"@type":"ImageObject","inLanguage":"fr-FR","@id":"https:\/\/revolutionpadelstore.com\/fr\/#\/schema\/logo\/image\/","url":"https:\/\/revolutionpadelstore.com\/wp-content\/uploads\/2026\/02\/revolution-padel-store.jpg","contentUrl":"https:\/\/revolutionpadelstore.com\/wp-content\/uploads\/2026\/02\/revolution-padel-store.jpg","width":2000,"height":2000,"caption":"Revolution Padel Store"},"image":{"@id":"https:\/\/revolutionpadelstore.com\/fr\/#\/schema\/logo\/image\/"},"sameAs":["https:\/\/www.instagram.com\/revolutionpadelstore\/"]}]}},"_links":{"self":[{"href":"https:\/\/revolutionpadelstore.com\/fr\/wp-json\/wp\/v2\/product\/125462","targetHints":{"allow":["GET"]}}],"collection":[{"href":"https:\/\/revolutionpadelstore.com\/fr\/wp-json\/wp\/v2\/product"}],"about":[{"href":"https:\/\/revolutionpadelstore.com\/fr\/wp-json\/wp\/v2\/types\/product"}],"replies":[{"embeddable":true,"href":"https:\/\/revolutionpadelstore.com\/fr\/wp-json\/wp\/v2\/comments?post=125462"}],"wp:featuredmedia":[{"embeddable":true,"href":"https:\/\/revolutionpadelstore.com\/fr\/wp-json\/wp\/v2\/media\/124950"}],"wp:attachment":[{"href":"https:\/\/revolutionpadelstore.com\/fr\/wp-json\/wp\/v2\/media?parent=125462"}],"wp:term":[{"taxonomy":"acabado","embeddable":true,"href":"https:\/\/revolutionpadelstore.com\/fr\/wp-json\/wp\/v2\/acabado?post=125462"},{"taxonomy":"balance","embeddable":true,"href":"https:\/\/revolutionpadelstore.com\/fr\/wp-json\/wp\/v2\/balance?post=125462"},{"taxonomy":"dureza","embeddable":true,"href":"https:\/\/revolutionpadelstore.com\/fr\/wp-json\/wp\/v2\/dureza?post=125462"},{"taxonomy":"forma","embeddable":true,"href":"https:\/\/revolutionpadelstore.com\/fr\/wp-json\/wp\/v2\/forma?post=125462"},{"taxonomy":"jugador","embeddable":true,"href":"https:\/\/revolutionpadelstore.com\/fr\/wp-json\/wp\/v2\/jugador?post=125462"},{"taxonomy":"marca","embeddable":true,"href":"https:\/\/revolutionpadelstore.com\/fr\/wp-json\/wp\/v2\/marca?post=125462"},{"taxonomy":"nivel-de-juego","embeddable":true,"href":"https:\/\/revolutionpadelstore.com\/fr\/wp-json\/wp\/v2\/nivel-de-juego?post=125462"},{"taxonomy":"superficie","embeddable":true,"href":"https:\/\/revolutionpadelstore.com\/fr\/wp-json\/wp\/v2\/superficie?post=125462"},{"taxonomy":"tipo-de-juego","embeddable":true,"href":"https:\/\/revolutionpadelstore.com\/fr\/wp-json\/wp\/v2\/tipo-de-juego?post=125462"},{"taxonomy":"product_brand","embeddable":true,"href":"https:\/\/revolutionpadelstore.com\/fr\/wp-json\/wp\/v2\/product_brand?post=125462"},{"taxonomy":"product_cat","embeddable":true,"href":"https:\/\/revolutionpadelstore.com\/fr\/wp-json\/wp\/v2\/product_cat?post=125462"},{"taxonomy":"product_tag","embeddable":true,"href":"https:\/\/revolutionpadelstore.com\/fr\/wp-json\/wp\/v2\/product_tag?post=125462"}],"curies":[{"name":"wp","href":"https:\/\/api.w.org\/{rel}","templated":true}]}}