{"id":125457,"date":"2024-11-23T00:58:34","date_gmt":"2024-11-22T23:58:34","guid":{"rendered":"https:\/\/revolutionpadelstore.com\/kombat-etna\/"},"modified":"2026-04-01T06:53:31","modified_gmt":"2026-04-01T04:53:31","slug":"kombat-etna","status":"publish","type":"product","link":"https:\/\/revolutionpadelstore.com\/fr\/produit\/kombat-etna\/","title":{"rendered":"KOMBAT ETNA"},"content":{"rendered":"<p><strong> Kombat Etna 2025: puissance maximale <\/strong><\/p>\n<p>La lame de paddle de l&#8217;Etna Kombat, qui fait partie de la collection Vulcano by Manu Mart\u00edn, a une forme de diamant avec un \u00e9quilibre \u00e9lev\u00e9 et un point doux orient\u00e9 vers la partie sup\u00e9rieure, ce qui en fait une option parfaite pour les joueurs \u00e0 la recherche d&#8217;une puissance extraordinaire dans leurs coups. Dominez chaque point du r\u00e9seau avec la r\u00e9sistance et la stabilit\u00e9 de vos photos. Sa conception est inspir\u00e9e par l&#8217;\u00e9nergie imposante du volcan ETNA.<\/p>\n<p><strong> Pala Fuji: Pour les joueurs ambitieux <\/strong><\/p>\n<p>Le Fuji Shovel est con\u00e7u pour les joueurs offensifs qui souhaitent dominer chaque jeu pr\u00e8s du r\u00e9seau, cherchant \u00e0 augmenter la puissance et la vitesse dans leurs coups sans perdre le contr\u00f4le dans les tirs d\u00e9centralis\u00e9s. C&#8217;est l&#8217;option id\u00e9ale pour les joueurs ambitieux qui cherchent \u00e0 atteindre leur performance maximale sur le terrain.<\/p>\n<p><strong> Caract\u00e9ristiques de l&#8217;Etna Kombat <\/strong><\/p>\n<p>-12K Plans en carbone qui fournissent une r\u00e9ponse solide et rapide dans chaque coup<\/p>\n<p>-Cars avec une finition rugueuse pour une plus grande pr\u00e9cision lors de la frappe avec effet<\/p>\n<p>-100% en fibre de carbone Marco tubulaire, ce qui lui donne la l\u00e9g\u00e8ret\u00e9 et la r\u00e9sistance<\/p>\n<p>-Le Noun en caoutchouc de haute densit\u00e9 Eva Black, assurant un excellent transfert d&#8217;\u00e9nergie et une touche ferme<\/p>\n<p>-Diamond Form avec un \u00e9quilibre \u00e9lev\u00e9 pour une puissante attaque sur le r\u00e9seau<\/p>\n<p>-SISTEMA SHARP THE, qui \u00e9tend le point doux, offrant une plus grande pr\u00e9cision lors de la frappe<\/p>\n<p><strong> Disponible au Revolution Padel Store <\/strong><\/p>\n<p>Si vous \u00eates un joueur exigeant qui cherche plus de puissance dans des \u00e9changes offensifs pr\u00e8s du r\u00e9seau, l&#8217;Etna Kombat, avec sa forme de diamant et sa balance \u00e9lev\u00e9e, vous fournira une performance exceptionnelle et une excellente prise de balle, am\u00e9liorant votre jeu rapidement.<strong>Kombat Etna 2025: Potencia al m\u00e1ximo<\/strong><\/p>\n","protected":false},"excerpt":{"rendered":"<p>Kombat Etna 2025 de la collection Manu Mart\u00edn Vulcano. Pelle en diamant avec un \u00e9quilibre \u00e9lev\u00e9 id\u00e9al pour l&#8217;effet d&#8217;impression et la puissance \u00e0 chaque coup. Con\u00e7u pour les joueurs offensifs.<\/p>\n","protected":false},"featured_media":125035,"comment_status":"open","ping_status":"closed","template":"","meta":{"_acf_changed":false,"_joinchat":[]},"acabado":[1082,1087],"balance":[1137],"dureza":[1162],"forma":[1172],"jugador":[1192,1202],"marca":[1702],"nivel-de-juego":[1337],"superficie":[1362],"tipo-de-juego":[1377],"product_brand":[],"product_cat":[302],"product_tag":[],"class_list":{"0":"post-125457","1":"product","2":"type-product","3":"status-publish","4":"has-post-thumbnail","6":"acabado-luminosite","7":"acabado-mon-pote","8":"balance-eleve","9":"dureza-dure","10":"forma-diamant","11":"jugador-homme","12":"jugador-polivalente-fr","13":"marca-kombat-fr","14":"superficie-rugosa-fr","15":"tipo-de-juego-puissance","16":"product_cat-palas-de-padel-fr","18":"first","19":"instock","20":"taxable","21":"shipping-taxable","22":"purchasable","23":"product-type-simple"},"acf":[],"yoast_head":"<!-- This site is optimized with the Yoast SEO plugin v27.3 - https:\/\/yoast.com\/product\/yoast-seo-wordpress\/ -->\n<title>KOMBAT ETNA - Revolution Padel Store<\/title>\n<meta name=\"description\" content=\"La pala de p\u00e1del Kombat Etna, que pertenece a la colecci\u00f3n Vulcano by Manu Mart\u00edn, presenta una forma de diamante con un balance alto y punto dulce inclinado hacia la cabeza, por lo que es una opci\u00f3n que garantiza una espectacular potencia en el ataque. Podr\u00e1s dominar cada punto desde la red gracias a la magn\u00edfica potencia y solidez de tus golpes. Su dise\u00f1o se inspira en la incre\u00edble fuerza del volc\u00e1n Etna\" \/>\n<meta name=\"robots\" content=\"index, follow, max-snippet:-1, max-image-preview:large, max-video-preview:-1\" \/>\n<link rel=\"canonical\" href=\"https:\/\/revolutionpadelstore.com\/fr\/produit\/kombat-etna\/\" \/>\n<meta property=\"og:locale\" content=\"fr_FR\" \/>\n<meta property=\"og:type\" content=\"article\" \/>\n<meta property=\"og:title\" content=\"KOMBAT ETNA - Revolution Padel Store\" \/>\n<meta property=\"og:description\" content=\"La pala de p\u00e1del Kombat Etna, que pertenece a la colecci\u00f3n Vulcano by Manu Mart\u00edn, presenta una forma de diamante con un balance alto y punto dulce inclinado hacia la cabeza, por lo que es una opci\u00f3n que garantiza una espectacular potencia en el ataque. Podr\u00e1s dominar cada punto desde la red gracias a la magn\u00edfica potencia y solidez de tus golpes. Su dise\u00f1o se inspira en la incre\u00edble fuerza del volc\u00e1n Etna\" \/>\n<meta property=\"og:url\" content=\"https:\/\/revolutionpadelstore.com\/fr\/produit\/kombat-etna\/\" \/>\n<meta property=\"og:site_name\" content=\"Revolution Padel Store\" \/>\n<meta property=\"article:modified_time\" content=\"2026-04-01T04:53:31+00:00\" \/>\n<meta property=\"og:image\" content=\"https:\/\/revolutionpadelstore.com\/wp-content\/uploads\/2024\/11\/115021_pala_kombat_etna_1500x1500_1_fc5d.webp\" \/>\n\t<meta property=\"og:image:width\" content=\"1500\" \/>\n\t<meta property=\"og:image:height\" content=\"1500\" \/>\n\t<meta property=\"og:image:type\" content=\"image\/webp\" \/>\n<meta name=\"twitter:card\" content=\"summary_large_image\" \/>\n<meta name=\"twitter:label1\" content=\"Dur\u00e9e de lecture estim\u00e9e\" \/>\n\t<meta name=\"twitter:data1\" content=\"2 minutes\" \/>\n<script type=\"application\/ld+json\" class=\"yoast-schema-graph\">{\"@context\":\"https:\\\/\\\/schema.org\",\"@graph\":[{\"@type\":\"WebPage\",\"@id\":\"https:\\\/\\\/revolutionpadelstore.com\\\/fr\\\/produit\\\/kombat-etna\\\/\",\"url\":\"https:\\\/\\\/revolutionpadelstore.com\\\/fr\\\/produit\\\/kombat-etna\\\/\",\"name\":\"KOMBAT ETNA - Revolution Padel Store\",\"isPartOf\":{\"@id\":\"https:\\\/\\\/revolutionpadelstore.com\\\/fr\\\/#website\"},\"primaryImageOfPage\":{\"@id\":\"https:\\\/\\\/revolutionpadelstore.com\\\/fr\\\/produit\\\/kombat-etna\\\/#primaryimage\"},\"image\":{\"@id\":\"https:\\\/\\\/revolutionpadelstore.com\\\/fr\\\/produit\\\/kombat-etna\\\/#primaryimage\"},\"thumbnailUrl\":\"https:\\\/\\\/revolutionpadelstore.com\\\/wp-content\\\/uploads\\\/2024\\\/11\\\/115021_pala_kombat_etna_1500x1500_1_fc5d.webp\",\"datePublished\":\"2024-11-22T23:58:34+00:00\",\"dateModified\":\"2026-04-01T04:53:31+00:00\",\"description\":\"La pala de p\u00e1del Kombat Etna, que pertenece a la colecci\u00f3n Vulcano by Manu Mart\u00edn, presenta una forma de diamante con un balance alto y punto dulce inclinado hacia la cabeza, por lo que es una opci\u00f3n que garantiza una espectacular potencia en el ataque. Podr\u00e1s dominar cada punto desde la red gracias a la magn\u00edfica potencia y solidez de tus golpes. Su dise\u00f1o se inspira en la incre\u00edble fuerza del volc\u00e1n Etna\",\"breadcrumb\":{\"@id\":\"https:\\\/\\\/revolutionpadelstore.com\\\/fr\\\/produit\\\/kombat-etna\\\/#breadcrumb\"},\"inLanguage\":\"fr-FR\",\"potentialAction\":[{\"@type\":\"ReadAction\",\"target\":[\"https:\\\/\\\/revolutionpadelstore.com\\\/fr\\\/produit\\\/kombat-etna\\\/\"]}]},{\"@type\":\"ImageObject\",\"inLanguage\":\"fr-FR\",\"@id\":\"https:\\\/\\\/revolutionpadelstore.com\\\/fr\\\/produit\\\/kombat-etna\\\/#primaryimage\",\"url\":\"https:\\\/\\\/revolutionpadelstore.com\\\/wp-content\\\/uploads\\\/2024\\\/11\\\/115021_pala_kombat_etna_1500x1500_1_fc5d.webp\",\"contentUrl\":\"https:\\\/\\\/revolutionpadelstore.com\\\/wp-content\\\/uploads\\\/2024\\\/11\\\/115021_pala_kombat_etna_1500x1500_1_fc5d.webp\",\"width\":1500,\"height\":1500},{\"@type\":\"BreadcrumbList\",\"@id\":\"https:\\\/\\\/revolutionpadelstore.com\\\/fr\\\/produit\\\/kombat-etna\\\/#breadcrumb\",\"itemListElement\":[{\"@type\":\"ListItem\",\"position\":1,\"name\":\"Portada\",\"item\":\"https:\\\/\\\/revolutionpadelstore.com\\\/fr\\\/\"},{\"@type\":\"ListItem\",\"position\":2,\"name\":\"Boutique\",\"item\":\"https:\\\/\\\/revolutionpadelstore.com\\\/fr\\\/tienda\\\/\"},{\"@type\":\"ListItem\",\"position\":3,\"name\":\"KOMBAT ETNA\"}]},{\"@type\":\"WebSite\",\"@id\":\"https:\\\/\\\/revolutionpadelstore.com\\\/fr\\\/#website\",\"url\":\"https:\\\/\\\/revolutionpadelstore.com\\\/fr\\\/\",\"name\":\"Revolution Padel Store\",\"description\":\"\",\"publisher\":{\"@id\":\"https:\\\/\\\/revolutionpadelstore.com\\\/fr\\\/#organization\"},\"potentialAction\":[{\"@type\":\"SearchAction\",\"target\":{\"@type\":\"EntryPoint\",\"urlTemplate\":\"https:\\\/\\\/revolutionpadelstore.com\\\/fr\\\/?s={search_term_string}\"},\"query-input\":{\"@type\":\"PropertyValueSpecification\",\"valueRequired\":true,\"valueName\":\"search_term_string\"}}],\"inLanguage\":\"fr-FR\"},{\"@type\":\"Organization\",\"@id\":\"https:\\\/\\\/revolutionpadelstore.com\\\/fr\\\/#organization\",\"name\":\"Revolution Padel Store\",\"url\":\"https:\\\/\\\/revolutionpadelstore.com\\\/fr\\\/\",\"logo\":{\"@type\":\"ImageObject\",\"inLanguage\":\"fr-FR\",\"@id\":\"https:\\\/\\\/revolutionpadelstore.com\\\/fr\\\/#\\\/schema\\\/logo\\\/image\\\/\",\"url\":\"https:\\\/\\\/revolutionpadelstore.com\\\/wp-content\\\/uploads\\\/2026\\\/02\\\/revolution-padel-store.jpg\",\"contentUrl\":\"https:\\\/\\\/revolutionpadelstore.com\\\/wp-content\\\/uploads\\\/2026\\\/02\\\/revolution-padel-store.jpg\",\"width\":2000,\"height\":2000,\"caption\":\"Revolution Padel Store\"},\"image\":{\"@id\":\"https:\\\/\\\/revolutionpadelstore.com\\\/fr\\\/#\\\/schema\\\/logo\\\/image\\\/\"},\"sameAs\":[\"https:\\\/\\\/www.instagram.com\\\/revolutionpadelstore\\\/\"]}]}<\/script>\n<!-- \/ Yoast SEO plugin. -->","yoast_head_json":{"title":"KOMBAT ETNA - Revolution Padel Store","description":"La pala de p\u00e1del Kombat Etna, que pertenece a la colecci\u00f3n Vulcano by Manu Mart\u00edn, presenta una forma de diamante con un balance alto y punto dulce inclinado hacia la cabeza, por lo que es una opci\u00f3n que garantiza una espectacular potencia en el ataque. Podr\u00e1s dominar cada punto desde la red gracias a la magn\u00edfica potencia y solidez de tus golpes. Su dise\u00f1o se inspira en la incre\u00edble fuerza del volc\u00e1n Etna","robots":{"index":"index","follow":"follow","max-snippet":"max-snippet:-1","max-image-preview":"max-image-preview:large","max-video-preview":"max-video-preview:-1"},"canonical":"https:\/\/revolutionpadelstore.com\/fr\/produit\/kombat-etna\/","og_locale":"fr_FR","og_type":"article","og_title":"KOMBAT ETNA - Revolution Padel Store","og_description":"La pala de p\u00e1del Kombat Etna, que pertenece a la colecci\u00f3n Vulcano by Manu Mart\u00edn, presenta una forma de diamante con un balance alto y punto dulce inclinado hacia la cabeza, por lo que es una opci\u00f3n que garantiza una espectacular potencia en el ataque. Podr\u00e1s dominar cada punto desde la red gracias a la magn\u00edfica potencia y solidez de tus golpes. Su dise\u00f1o se inspira en la incre\u00edble fuerza del volc\u00e1n Etna","og_url":"https:\/\/revolutionpadelstore.com\/fr\/produit\/kombat-etna\/","og_site_name":"Revolution Padel Store","article_modified_time":"2026-04-01T04:53:31+00:00","og_image":[{"width":1500,"height":1500,"url":"https:\/\/revolutionpadelstore.com\/wp-content\/uploads\/2024\/11\/115021_pala_kombat_etna_1500x1500_1_fc5d.webp","type":"image\/webp"}],"twitter_card":"summary_large_image","twitter_misc":{"Dur\u00e9e de lecture estim\u00e9e":"2 minutes"},"schema":{"@context":"https:\/\/schema.org","@graph":[{"@type":"WebPage","@id":"https:\/\/revolutionpadelstore.com\/fr\/produit\/kombat-etna\/","url":"https:\/\/revolutionpadelstore.com\/fr\/produit\/kombat-etna\/","name":"KOMBAT ETNA - Revolution Padel Store","isPartOf":{"@id":"https:\/\/revolutionpadelstore.com\/fr\/#website"},"primaryImageOfPage":{"@id":"https:\/\/revolutionpadelstore.com\/fr\/produit\/kombat-etna\/#primaryimage"},"image":{"@id":"https:\/\/revolutionpadelstore.com\/fr\/produit\/kombat-etna\/#primaryimage"},"thumbnailUrl":"https:\/\/revolutionpadelstore.com\/wp-content\/uploads\/2024\/11\/115021_pala_kombat_etna_1500x1500_1_fc5d.webp","datePublished":"2024-11-22T23:58:34+00:00","dateModified":"2026-04-01T04:53:31+00:00","description":"La pala de p\u00e1del Kombat Etna, que pertenece a la colecci\u00f3n Vulcano by Manu Mart\u00edn, presenta una forma de diamante con un balance alto y punto dulce inclinado hacia la cabeza, por lo que es una opci\u00f3n que garantiza una espectacular potencia en el ataque. Podr\u00e1s dominar cada punto desde la red gracias a la magn\u00edfica potencia y solidez de tus golpes. Su dise\u00f1o se inspira en la incre\u00edble fuerza del volc\u00e1n Etna","breadcrumb":{"@id":"https:\/\/revolutionpadelstore.com\/fr\/produit\/kombat-etna\/#breadcrumb"},"inLanguage":"fr-FR","potentialAction":[{"@type":"ReadAction","target":["https:\/\/revolutionpadelstore.com\/fr\/produit\/kombat-etna\/"]}]},{"@type":"ImageObject","inLanguage":"fr-FR","@id":"https:\/\/revolutionpadelstore.com\/fr\/produit\/kombat-etna\/#primaryimage","url":"https:\/\/revolutionpadelstore.com\/wp-content\/uploads\/2024\/11\/115021_pala_kombat_etna_1500x1500_1_fc5d.webp","contentUrl":"https:\/\/revolutionpadelstore.com\/wp-content\/uploads\/2024\/11\/115021_pala_kombat_etna_1500x1500_1_fc5d.webp","width":1500,"height":1500},{"@type":"BreadcrumbList","@id":"https:\/\/revolutionpadelstore.com\/fr\/produit\/kombat-etna\/#breadcrumb","itemListElement":[{"@type":"ListItem","position":1,"name":"Portada","item":"https:\/\/revolutionpadelstore.com\/fr\/"},{"@type":"ListItem","position":2,"name":"Boutique","item":"https:\/\/revolutionpadelstore.com\/fr\/tienda\/"},{"@type":"ListItem","position":3,"name":"KOMBAT ETNA"}]},{"@type":"WebSite","@id":"https:\/\/revolutionpadelstore.com\/fr\/#website","url":"https:\/\/revolutionpadelstore.com\/fr\/","name":"Revolution Padel Store","description":"","publisher":{"@id":"https:\/\/revolutionpadelstore.com\/fr\/#organization"},"potentialAction":[{"@type":"SearchAction","target":{"@type":"EntryPoint","urlTemplate":"https:\/\/revolutionpadelstore.com\/fr\/?s={search_term_string}"},"query-input":{"@type":"PropertyValueSpecification","valueRequired":true,"valueName":"search_term_string"}}],"inLanguage":"fr-FR"},{"@type":"Organization","@id":"https:\/\/revolutionpadelstore.com\/fr\/#organization","name":"Revolution Padel Store","url":"https:\/\/revolutionpadelstore.com\/fr\/","logo":{"@type":"ImageObject","inLanguage":"fr-FR","@id":"https:\/\/revolutionpadelstore.com\/fr\/#\/schema\/logo\/image\/","url":"https:\/\/revolutionpadelstore.com\/wp-content\/uploads\/2026\/02\/revolution-padel-store.jpg","contentUrl":"https:\/\/revolutionpadelstore.com\/wp-content\/uploads\/2026\/02\/revolution-padel-store.jpg","width":2000,"height":2000,"caption":"Revolution Padel Store"},"image":{"@id":"https:\/\/revolutionpadelstore.com\/fr\/#\/schema\/logo\/image\/"},"sameAs":["https:\/\/www.instagram.com\/revolutionpadelstore\/"]}]}},"_links":{"self":[{"href":"https:\/\/revolutionpadelstore.com\/fr\/wp-json\/wp\/v2\/product\/125457","targetHints":{"allow":["GET"]}}],"collection":[{"href":"https:\/\/revolutionpadelstore.com\/fr\/wp-json\/wp\/v2\/product"}],"about":[{"href":"https:\/\/revolutionpadelstore.com\/fr\/wp-json\/wp\/v2\/types\/product"}],"replies":[{"embeddable":true,"href":"https:\/\/revolutionpadelstore.com\/fr\/wp-json\/wp\/v2\/comments?post=125457"}],"wp:featuredmedia":[{"embeddable":true,"href":"https:\/\/revolutionpadelstore.com\/fr\/wp-json\/wp\/v2\/media\/125035"}],"wp:attachment":[{"href":"https:\/\/revolutionpadelstore.com\/fr\/wp-json\/wp\/v2\/media?parent=125457"}],"wp:term":[{"taxonomy":"acabado","embeddable":true,"href":"https:\/\/revolutionpadelstore.com\/fr\/wp-json\/wp\/v2\/acabado?post=125457"},{"taxonomy":"balance","embeddable":true,"href":"https:\/\/revolutionpadelstore.com\/fr\/wp-json\/wp\/v2\/balance?post=125457"},{"taxonomy":"dureza","embeddable":true,"href":"https:\/\/revolutionpadelstore.com\/fr\/wp-json\/wp\/v2\/dureza?post=125457"},{"taxonomy":"forma","embeddable":true,"href":"https:\/\/revolutionpadelstore.com\/fr\/wp-json\/wp\/v2\/forma?post=125457"},{"taxonomy":"jugador","embeddable":true,"href":"https:\/\/revolutionpadelstore.com\/fr\/wp-json\/wp\/v2\/jugador?post=125457"},{"taxonomy":"marca","embeddable":true,"href":"https:\/\/revolutionpadelstore.com\/fr\/wp-json\/wp\/v2\/marca?post=125457"},{"taxonomy":"nivel-de-juego","embeddable":true,"href":"https:\/\/revolutionpadelstore.com\/fr\/wp-json\/wp\/v2\/nivel-de-juego?post=125457"},{"taxonomy":"superficie","embeddable":true,"href":"https:\/\/revolutionpadelstore.com\/fr\/wp-json\/wp\/v2\/superficie?post=125457"},{"taxonomy":"tipo-de-juego","embeddable":true,"href":"https:\/\/revolutionpadelstore.com\/fr\/wp-json\/wp\/v2\/tipo-de-juego?post=125457"},{"taxonomy":"product_brand","embeddable":true,"href":"https:\/\/revolutionpadelstore.com\/fr\/wp-json\/wp\/v2\/product_brand?post=125457"},{"taxonomy":"product_cat","embeddable":true,"href":"https:\/\/revolutionpadelstore.com\/fr\/wp-json\/wp\/v2\/product_cat?post=125457"},{"taxonomy":"product_tag","embeddable":true,"href":"https:\/\/revolutionpadelstore.com\/fr\/wp-json\/wp\/v2\/product_tag?post=125457"}],"curies":[{"name":"wp","href":"https:\/\/api.w.org\/{rel}","templated":true}]}}