{"id":125452,"date":"2024-11-23T01:07:17","date_gmt":"2024-11-23T00:07:17","guid":{"rendered":"https:\/\/revolutionpadelstore.com\/kombat-teide\/"},"modified":"2026-04-01T06:53:06","modified_gmt":"2026-04-01T04:53:06","slug":"kombat-teide","status":"publish","type":"product","link":"https:\/\/revolutionpadelstore.com\/fr\/produit\/kombat-teide\/","title":{"rendered":"KOMBAT TEIDE"},"content":{"rendered":"<p><strong> Kombat Teide 2025: Diamond Power and Control Phel <\/strong><\/p>\n<p>Le Kombat Teide est la pelle id\u00e9ale pour ceux qui recherchent un \u00e9quilibre parfait entre puissance et pr\u00e9cision. Inspir\u00e9 par la majest\u00e9 du volcan Teide en Espagne, il pr\u00e9sente une forme de diamant qui optimise le punch sans sacrifier la pr\u00e9cision. Sa conception et sa construction permettent des coups puissants, tout en maintenant un contr\u00f4le exceptionnel. Avec une touche de duret\u00e9 moyenne, le Kombat Teide est id\u00e9al pour les joueurs offensifs et d\u00e9fensifs, offrant des performances exceptionnelles dans n&#8217;importe quelle situation de jeu.<\/p>\n<p><strong> Kombat Teide: Pour les techniques offensives, les joueurs <\/strong><\/p>\n<p>Recommand\u00e9 pour les joueurs polyvalents, le Kombat Teide est parfait pour ceux qui souhaitent dominer le tribunal avec une combinaison de pouvoir et de contr\u00f4le. Son noyau Eva bleu dur moyen offre une excellente sensation de balle, offrant un confort et une r\u00e9ponse ferme dans chaque coup. Cette pelle convient aux joueurs de tous niveaux, des d\u00e9butants aux experts, ce qui en fait une option polyvalente pour am\u00e9liorer les performances de la piste. Sa structure l\u00e9g\u00e8re et \u00e9quilibr\u00e9e permet d&#8217;ex\u00e9cuter une grande vari\u00e9t\u00e9 de coups avec confiance, \u00e0 la fois dans l&#8217;attaque et la d\u00e9fense.<\/p>\n<p><strong> Caract\u00e9ristiques du kombat teide <\/strong><\/p>\n<p><strong> -forma <\/strong>: diamant avec \u00e9quilibre \u00e9lev\u00e9<\/p>\n<p><strong> -nucole <\/strong>: Eva bleu de duret\u00e9 moyenne<\/p>\n<p><strong> -tubular <\/strong>: 100% fibre de carbone<\/p>\n<p><strong> -plano <\/strong>: carbone bleu rugous<\/p>\n<p><strong> -Ambrado <\/strong>: briller et mec<\/p>\n<p><strong> -zone sweet <\/strong>: large<\/p>\n<p><strong> -pence <\/strong>: 9\/10<\/p>\n<p><strong> -Control <\/strong>: 9\/10<\/p>\n<p><strong> -bolaida <\/strong>: 9\/10<\/p>\n<p><strong> Kombat Teide disponible au Revolution Padel Store <\/strong><\/p>\n<p>Ne manquez pas l&#8217;occasion d&#8217;am\u00e9liorer votre jeu avec le Kombat Teide. Cette pelle est con\u00e7ue pour vous offrir l&#8217;\u00e9quilibre id\u00e9al entre la puissance et le contr\u00f4le, vous permettant d&#8217;ex\u00e9cuter vos coups pr\u00e9cis\u00e9ment. Passez votre commande aujourd&#8217;hui et am\u00e9liorez vos performances sur le terrain!<strong>Kombat Teide 2025: Pala Diamante de Potencia y Control<\/strong><\/p>\n","protected":false},"excerpt":{"rendered":"<p>Le Kombat Teide est une pelle \u00e0 palette con\u00e7ue pour offrir un \u00e9quilibre entre puissance et contr\u00f4le, id\u00e9al pour les joueurs polyvalents qui recherchent des performances exceptionnelles dans chaque coup.<\/p>\n","protected":false},"featured_media":125067,"comment_status":"open","ping_status":"closed","template":"","meta":{"_acf_changed":false,"_joinchat":[]},"acabado":[1092],"balance":[1137],"dureza":[1157],"forma":[1172],"jugador":[1192,1202],"marca":[1702],"nivel-de-juego":[1337],"superficie":[1362],"tipo-de-juego":[1377],"product_brand":[],"product_cat":[302],"product_tag":[],"class_list":{"0":"post-125452","1":"product","2":"type-product","3":"status-publish","4":"has-post-thumbnail","6":"acabado-soulager-la-3d","7":"balance-eleve","8":"dureza-media-fr","9":"forma-diamant","10":"jugador-homme","11":"jugador-polivalente-fr","12":"marca-kombat-fr","13":"superficie-rugosa-fr","14":"tipo-de-juego-puissance","15":"product_cat-palas-de-padel-fr","17":"first","18":"instock","19":"taxable","20":"shipping-taxable","21":"purchasable","22":"product-type-simple"},"acf":[],"yoast_head":"<!-- This site is optimized with the Yoast SEO plugin v27.3 - https:\/\/yoast.com\/product\/yoast-seo-wordpress\/ -->\n<title>KOMBAT TEIDE - Revolution Padel Store<\/title>\n<meta name=\"description\" content=\"La Kombat Teide es la pala ideal para quienes buscan un equilibrio perfecto entre potencia y calidad. Inspirada en la grandeza del volc\u00e1n Teide en Espa\u00f1a, esta pala tiene una forma de diamante que maximiza la pegada sin comprometer la precisi\u00f3n. Su dise\u00f1o y construcci\u00f3n permiten a los jugadores ejecutar golpes contundentes y a la vez mantener un control excepcional. Con un tacto de dureza media, la Kombat Teide es perfecta para aquellos que desean destacarse en la red y en la defensa, ofreciendo un rendimiento sobresaliente en cada situaci\u00f3n de juego.\" \/>\n<meta name=\"robots\" content=\"index, follow, max-snippet:-1, max-image-preview:large, max-video-preview:-1\" \/>\n<link rel=\"canonical\" href=\"https:\/\/revolutionpadelstore.com\/fr\/produit\/kombat-teide\/\" \/>\n<meta property=\"og:locale\" content=\"fr_FR\" \/>\n<meta property=\"og:type\" content=\"article\" \/>\n<meta property=\"og:title\" content=\"KOMBAT TEIDE - Revolution Padel Store\" \/>\n<meta property=\"og:description\" content=\"La Kombat Teide es la pala ideal para quienes buscan un equilibrio perfecto entre potencia y calidad. Inspirada en la grandeza del volc\u00e1n Teide en Espa\u00f1a, esta pala tiene una forma de diamante que maximiza la pegada sin comprometer la precisi\u00f3n. Su dise\u00f1o y construcci\u00f3n permiten a los jugadores ejecutar golpes contundentes y a la vez mantener un control excepcional. Con un tacto de dureza media, la Kombat Teide es perfecta para aquellos que desean destacarse en la red y en la defensa, ofreciendo un rendimiento sobresaliente en cada situaci\u00f3n de juego.\" \/>\n<meta property=\"og:url\" content=\"https:\/\/revolutionpadelstore.com\/fr\/produit\/kombat-teide\/\" \/>\n<meta property=\"og:site_name\" content=\"Revolution Padel Store\" \/>\n<meta property=\"article:modified_time\" content=\"2026-04-01T04:53:06+00:00\" \/>\n<meta property=\"og:image\" content=\"https:\/\/revolutionpadelstore.com\/wp-content\/uploads\/2024\/11\/115026_pala_kombat_teide_1500x1500_1_a7c3.webp\" \/>\n\t<meta property=\"og:image:width\" content=\"1500\" \/>\n\t<meta property=\"og:image:height\" content=\"1500\" \/>\n\t<meta property=\"og:image:type\" content=\"image\/webp\" \/>\n<meta name=\"twitter:card\" content=\"summary_large_image\" \/>\n<meta name=\"twitter:label1\" content=\"Dur\u00e9e de lecture estim\u00e9e\" \/>\n\t<meta name=\"twitter:data1\" content=\"2 minutes\" \/>\n<script type=\"application\/ld+json\" class=\"yoast-schema-graph\">{\"@context\":\"https:\\\/\\\/schema.org\",\"@graph\":[{\"@type\":\"WebPage\",\"@id\":\"https:\\\/\\\/revolutionpadelstore.com\\\/fr\\\/produit\\\/kombat-teide\\\/\",\"url\":\"https:\\\/\\\/revolutionpadelstore.com\\\/fr\\\/produit\\\/kombat-teide\\\/\",\"name\":\"KOMBAT TEIDE - Revolution Padel Store\",\"isPartOf\":{\"@id\":\"https:\\\/\\\/revolutionpadelstore.com\\\/fr\\\/#website\"},\"primaryImageOfPage\":{\"@id\":\"https:\\\/\\\/revolutionpadelstore.com\\\/fr\\\/produit\\\/kombat-teide\\\/#primaryimage\"},\"image\":{\"@id\":\"https:\\\/\\\/revolutionpadelstore.com\\\/fr\\\/produit\\\/kombat-teide\\\/#primaryimage\"},\"thumbnailUrl\":\"https:\\\/\\\/revolutionpadelstore.com\\\/wp-content\\\/uploads\\\/2024\\\/11\\\/115026_pala_kombat_teide_1500x1500_1_a7c3.webp\",\"datePublished\":\"2024-11-23T00:07:17+00:00\",\"dateModified\":\"2026-04-01T04:53:06+00:00\",\"description\":\"La Kombat Teide es la pala ideal para quienes buscan un equilibrio perfecto entre potencia y calidad. Inspirada en la grandeza del volc\u00e1n Teide en Espa\u00f1a, esta pala tiene una forma de diamante que maximiza la pegada sin comprometer la precisi\u00f3n. Su dise\u00f1o y construcci\u00f3n permiten a los jugadores ejecutar golpes contundentes y a la vez mantener un control excepcional. Con un tacto de dureza media, la Kombat Teide es perfecta para aquellos que desean destacarse en la red y en la defensa, ofreciendo un rendimiento sobresaliente en cada situaci\u00f3n de juego.\",\"breadcrumb\":{\"@id\":\"https:\\\/\\\/revolutionpadelstore.com\\\/fr\\\/produit\\\/kombat-teide\\\/#breadcrumb\"},\"inLanguage\":\"fr-FR\",\"potentialAction\":[{\"@type\":\"ReadAction\",\"target\":[\"https:\\\/\\\/revolutionpadelstore.com\\\/fr\\\/produit\\\/kombat-teide\\\/\"]}]},{\"@type\":\"ImageObject\",\"inLanguage\":\"fr-FR\",\"@id\":\"https:\\\/\\\/revolutionpadelstore.com\\\/fr\\\/produit\\\/kombat-teide\\\/#primaryimage\",\"url\":\"https:\\\/\\\/revolutionpadelstore.com\\\/wp-content\\\/uploads\\\/2024\\\/11\\\/115026_pala_kombat_teide_1500x1500_1_a7c3.webp\",\"contentUrl\":\"https:\\\/\\\/revolutionpadelstore.com\\\/wp-content\\\/uploads\\\/2024\\\/11\\\/115026_pala_kombat_teide_1500x1500_1_a7c3.webp\",\"width\":1500,\"height\":1500},{\"@type\":\"BreadcrumbList\",\"@id\":\"https:\\\/\\\/revolutionpadelstore.com\\\/fr\\\/produit\\\/kombat-teide\\\/#breadcrumb\",\"itemListElement\":[{\"@type\":\"ListItem\",\"position\":1,\"name\":\"Portada\",\"item\":\"https:\\\/\\\/revolutionpadelstore.com\\\/fr\\\/\"},{\"@type\":\"ListItem\",\"position\":2,\"name\":\"Boutique\",\"item\":\"https:\\\/\\\/revolutionpadelstore.com\\\/fr\\\/tienda\\\/\"},{\"@type\":\"ListItem\",\"position\":3,\"name\":\"KOMBAT TEIDE\"}]},{\"@type\":\"WebSite\",\"@id\":\"https:\\\/\\\/revolutionpadelstore.com\\\/fr\\\/#website\",\"url\":\"https:\\\/\\\/revolutionpadelstore.com\\\/fr\\\/\",\"name\":\"Revolution Padel Store\",\"description\":\"\",\"publisher\":{\"@id\":\"https:\\\/\\\/revolutionpadelstore.com\\\/fr\\\/#organization\"},\"potentialAction\":[{\"@type\":\"SearchAction\",\"target\":{\"@type\":\"EntryPoint\",\"urlTemplate\":\"https:\\\/\\\/revolutionpadelstore.com\\\/fr\\\/?s={search_term_string}\"},\"query-input\":{\"@type\":\"PropertyValueSpecification\",\"valueRequired\":true,\"valueName\":\"search_term_string\"}}],\"inLanguage\":\"fr-FR\"},{\"@type\":\"Organization\",\"@id\":\"https:\\\/\\\/revolutionpadelstore.com\\\/fr\\\/#organization\",\"name\":\"Revolution Padel Store\",\"url\":\"https:\\\/\\\/revolutionpadelstore.com\\\/fr\\\/\",\"logo\":{\"@type\":\"ImageObject\",\"inLanguage\":\"fr-FR\",\"@id\":\"https:\\\/\\\/revolutionpadelstore.com\\\/fr\\\/#\\\/schema\\\/logo\\\/image\\\/\",\"url\":\"https:\\\/\\\/revolutionpadelstore.com\\\/wp-content\\\/uploads\\\/2026\\\/02\\\/revolution-padel-store.jpg\",\"contentUrl\":\"https:\\\/\\\/revolutionpadelstore.com\\\/wp-content\\\/uploads\\\/2026\\\/02\\\/revolution-padel-store.jpg\",\"width\":2000,\"height\":2000,\"caption\":\"Revolution Padel Store\"},\"image\":{\"@id\":\"https:\\\/\\\/revolutionpadelstore.com\\\/fr\\\/#\\\/schema\\\/logo\\\/image\\\/\"},\"sameAs\":[\"https:\\\/\\\/www.instagram.com\\\/revolutionpadelstore\\\/\"]}]}<\/script>\n<!-- \/ Yoast SEO plugin. -->","yoast_head_json":{"title":"KOMBAT TEIDE - Revolution Padel Store","description":"La Kombat Teide es la pala ideal para quienes buscan un equilibrio perfecto entre potencia y calidad. Inspirada en la grandeza del volc\u00e1n Teide en Espa\u00f1a, esta pala tiene una forma de diamante que maximiza la pegada sin comprometer la precisi\u00f3n. Su dise\u00f1o y construcci\u00f3n permiten a los jugadores ejecutar golpes contundentes y a la vez mantener un control excepcional. Con un tacto de dureza media, la Kombat Teide es perfecta para aquellos que desean destacarse en la red y en la defensa, ofreciendo un rendimiento sobresaliente en cada situaci\u00f3n de juego.","robots":{"index":"index","follow":"follow","max-snippet":"max-snippet:-1","max-image-preview":"max-image-preview:large","max-video-preview":"max-video-preview:-1"},"canonical":"https:\/\/revolutionpadelstore.com\/fr\/produit\/kombat-teide\/","og_locale":"fr_FR","og_type":"article","og_title":"KOMBAT TEIDE - Revolution Padel Store","og_description":"La Kombat Teide es la pala ideal para quienes buscan un equilibrio perfecto entre potencia y calidad. Inspirada en la grandeza del volc\u00e1n Teide en Espa\u00f1a, esta pala tiene una forma de diamante que maximiza la pegada sin comprometer la precisi\u00f3n. Su dise\u00f1o y construcci\u00f3n permiten a los jugadores ejecutar golpes contundentes y a la vez mantener un control excepcional. Con un tacto de dureza media, la Kombat Teide es perfecta para aquellos que desean destacarse en la red y en la defensa, ofreciendo un rendimiento sobresaliente en cada situaci\u00f3n de juego.","og_url":"https:\/\/revolutionpadelstore.com\/fr\/produit\/kombat-teide\/","og_site_name":"Revolution Padel Store","article_modified_time":"2026-04-01T04:53:06+00:00","og_image":[{"width":1500,"height":1500,"url":"https:\/\/revolutionpadelstore.com\/wp-content\/uploads\/2024\/11\/115026_pala_kombat_teide_1500x1500_1_a7c3.webp","type":"image\/webp"}],"twitter_card":"summary_large_image","twitter_misc":{"Dur\u00e9e de lecture estim\u00e9e":"2 minutes"},"schema":{"@context":"https:\/\/schema.org","@graph":[{"@type":"WebPage","@id":"https:\/\/revolutionpadelstore.com\/fr\/produit\/kombat-teide\/","url":"https:\/\/revolutionpadelstore.com\/fr\/produit\/kombat-teide\/","name":"KOMBAT TEIDE - Revolution Padel Store","isPartOf":{"@id":"https:\/\/revolutionpadelstore.com\/fr\/#website"},"primaryImageOfPage":{"@id":"https:\/\/revolutionpadelstore.com\/fr\/produit\/kombat-teide\/#primaryimage"},"image":{"@id":"https:\/\/revolutionpadelstore.com\/fr\/produit\/kombat-teide\/#primaryimage"},"thumbnailUrl":"https:\/\/revolutionpadelstore.com\/wp-content\/uploads\/2024\/11\/115026_pala_kombat_teide_1500x1500_1_a7c3.webp","datePublished":"2024-11-23T00:07:17+00:00","dateModified":"2026-04-01T04:53:06+00:00","description":"La Kombat Teide es la pala ideal para quienes buscan un equilibrio perfecto entre potencia y calidad. Inspirada en la grandeza del volc\u00e1n Teide en Espa\u00f1a, esta pala tiene una forma de diamante que maximiza la pegada sin comprometer la precisi\u00f3n. Su dise\u00f1o y construcci\u00f3n permiten a los jugadores ejecutar golpes contundentes y a la vez mantener un control excepcional. Con un tacto de dureza media, la Kombat Teide es perfecta para aquellos que desean destacarse en la red y en la defensa, ofreciendo un rendimiento sobresaliente en cada situaci\u00f3n de juego.","breadcrumb":{"@id":"https:\/\/revolutionpadelstore.com\/fr\/produit\/kombat-teide\/#breadcrumb"},"inLanguage":"fr-FR","potentialAction":[{"@type":"ReadAction","target":["https:\/\/revolutionpadelstore.com\/fr\/produit\/kombat-teide\/"]}]},{"@type":"ImageObject","inLanguage":"fr-FR","@id":"https:\/\/revolutionpadelstore.com\/fr\/produit\/kombat-teide\/#primaryimage","url":"https:\/\/revolutionpadelstore.com\/wp-content\/uploads\/2024\/11\/115026_pala_kombat_teide_1500x1500_1_a7c3.webp","contentUrl":"https:\/\/revolutionpadelstore.com\/wp-content\/uploads\/2024\/11\/115026_pala_kombat_teide_1500x1500_1_a7c3.webp","width":1500,"height":1500},{"@type":"BreadcrumbList","@id":"https:\/\/revolutionpadelstore.com\/fr\/produit\/kombat-teide\/#breadcrumb","itemListElement":[{"@type":"ListItem","position":1,"name":"Portada","item":"https:\/\/revolutionpadelstore.com\/fr\/"},{"@type":"ListItem","position":2,"name":"Boutique","item":"https:\/\/revolutionpadelstore.com\/fr\/tienda\/"},{"@type":"ListItem","position":3,"name":"KOMBAT TEIDE"}]},{"@type":"WebSite","@id":"https:\/\/revolutionpadelstore.com\/fr\/#website","url":"https:\/\/revolutionpadelstore.com\/fr\/","name":"Revolution Padel Store","description":"","publisher":{"@id":"https:\/\/revolutionpadelstore.com\/fr\/#organization"},"potentialAction":[{"@type":"SearchAction","target":{"@type":"EntryPoint","urlTemplate":"https:\/\/revolutionpadelstore.com\/fr\/?s={search_term_string}"},"query-input":{"@type":"PropertyValueSpecification","valueRequired":true,"valueName":"search_term_string"}}],"inLanguage":"fr-FR"},{"@type":"Organization","@id":"https:\/\/revolutionpadelstore.com\/fr\/#organization","name":"Revolution Padel Store","url":"https:\/\/revolutionpadelstore.com\/fr\/","logo":{"@type":"ImageObject","inLanguage":"fr-FR","@id":"https:\/\/revolutionpadelstore.com\/fr\/#\/schema\/logo\/image\/","url":"https:\/\/revolutionpadelstore.com\/wp-content\/uploads\/2026\/02\/revolution-padel-store.jpg","contentUrl":"https:\/\/revolutionpadelstore.com\/wp-content\/uploads\/2026\/02\/revolution-padel-store.jpg","width":2000,"height":2000,"caption":"Revolution Padel Store"},"image":{"@id":"https:\/\/revolutionpadelstore.com\/fr\/#\/schema\/logo\/image\/"},"sameAs":["https:\/\/www.instagram.com\/revolutionpadelstore\/"]}]}},"_links":{"self":[{"href":"https:\/\/revolutionpadelstore.com\/fr\/wp-json\/wp\/v2\/product\/125452","targetHints":{"allow":["GET"]}}],"collection":[{"href":"https:\/\/revolutionpadelstore.com\/fr\/wp-json\/wp\/v2\/product"}],"about":[{"href":"https:\/\/revolutionpadelstore.com\/fr\/wp-json\/wp\/v2\/types\/product"}],"replies":[{"embeddable":true,"href":"https:\/\/revolutionpadelstore.com\/fr\/wp-json\/wp\/v2\/comments?post=125452"}],"wp:featuredmedia":[{"embeddable":true,"href":"https:\/\/revolutionpadelstore.com\/fr\/wp-json\/wp\/v2\/media\/125067"}],"wp:attachment":[{"href":"https:\/\/revolutionpadelstore.com\/fr\/wp-json\/wp\/v2\/media?parent=125452"}],"wp:term":[{"taxonomy":"acabado","embeddable":true,"href":"https:\/\/revolutionpadelstore.com\/fr\/wp-json\/wp\/v2\/acabado?post=125452"},{"taxonomy":"balance","embeddable":true,"href":"https:\/\/revolutionpadelstore.com\/fr\/wp-json\/wp\/v2\/balance?post=125452"},{"taxonomy":"dureza","embeddable":true,"href":"https:\/\/revolutionpadelstore.com\/fr\/wp-json\/wp\/v2\/dureza?post=125452"},{"taxonomy":"forma","embeddable":true,"href":"https:\/\/revolutionpadelstore.com\/fr\/wp-json\/wp\/v2\/forma?post=125452"},{"taxonomy":"jugador","embeddable":true,"href":"https:\/\/revolutionpadelstore.com\/fr\/wp-json\/wp\/v2\/jugador?post=125452"},{"taxonomy":"marca","embeddable":true,"href":"https:\/\/revolutionpadelstore.com\/fr\/wp-json\/wp\/v2\/marca?post=125452"},{"taxonomy":"nivel-de-juego","embeddable":true,"href":"https:\/\/revolutionpadelstore.com\/fr\/wp-json\/wp\/v2\/nivel-de-juego?post=125452"},{"taxonomy":"superficie","embeddable":true,"href":"https:\/\/revolutionpadelstore.com\/fr\/wp-json\/wp\/v2\/superficie?post=125452"},{"taxonomy":"tipo-de-juego","embeddable":true,"href":"https:\/\/revolutionpadelstore.com\/fr\/wp-json\/wp\/v2\/tipo-de-juego?post=125452"},{"taxonomy":"product_brand","embeddable":true,"href":"https:\/\/revolutionpadelstore.com\/fr\/wp-json\/wp\/v2\/product_brand?post=125452"},{"taxonomy":"product_cat","embeddable":true,"href":"https:\/\/revolutionpadelstore.com\/fr\/wp-json\/wp\/v2\/product_cat?post=125452"},{"taxonomy":"product_tag","embeddable":true,"href":"https:\/\/revolutionpadelstore.com\/fr\/wp-json\/wp\/v2\/product_tag?post=125452"}],"curies":[{"name":"wp","href":"https:\/\/api.w.org\/{rel}","templated":true}]}}