{"id":125447,"date":"2024-11-23T11:16:46","date_gmt":"2024-11-23T10:16:46","guid":{"rendered":"https:\/\/revolutionpadelstore.com\/kombat-vesubio\/"},"modified":"2026-04-01T06:52:44","modified_gmt":"2026-04-01T04:52:44","slug":"kombat-vesubio-2","status":"publish","type":"product","link":"https:\/\/revolutionpadelstore.com\/fr\/produit\/kombat-vesubio-2\/","title":{"rendered":"KOMBAT VESUBIO"},"content":{"rendered":"<h2> <strong> Kombat Vesubio, collection 2025 <\/strong> <\/h2>\n<p>D\u00e9couvrez le Kombat Vesubio, une pelle id\u00e9ale pour ceux qui recherchent une sensation douce sans abandonner une performance explosive dans chaque coup. Sa conception, inspir\u00e9e par la force du volcan Vesubio, en fait un outil exceptionnel pour les joueurs qui veulent un m\u00e9lange unique de confort et de puissance. Avec sa forme de diamant et un \u00e9quilibre \u00e9lev\u00e9, cette pelle est con\u00e7ue pour offrir d&#8217;excellentes performances \u00e0 la fois en attaque et en d\u00e9fense, garantissant une pr\u00e9cision dans chaque coup.<\/p>\n<h2> <strong> Kombat Vesubio, Diamond Phel<br \/>\nLe Kombat Vesubio est parfait pour les joueurs qui pr\u00e9f\u00e8rent une touche plus douce mais ont \u00e9galement besoin de puissance pour effectuer des coups forts au bon moment. Son noyau en caoutchouc EVA \u00e0 double densit\u00e9 optimise le confort, tandis que sa structure l\u00e9g\u00e8re et durable offre une excellente prise de balle. Cette pelle est id\u00e9ale pour ceux qui recherchent un \u00e9quilibre parfait entre le contr\u00f4le et la puissance, ce qui en fait une option exceptionnelle pour les joueurs de tous niveaux.<\/p>\n<p><strong> Kombat Vesubio 2025 <\/strong> Kombat Caract\u00e9ristiques<\/p>\n<p> <strong> -form: <\/strong> diamant avec \u00e9quilibre \u00e9lev\u00e9, id\u00e9al pour la puissance.<br \/>\n<P> <strong> -NuCole: <\/strong> Eva noir de double densit\u00e9, optimisant la sortie et la r\u00e9ponse rapides.<\/p>\n<p> <strong>-tubular: <\/strong> Fibre de carbone 100%, l\u00e9ger et r\u00e9sistant.<\/p>\n<p> <strong> -plano: <\/strong> carbone rugueux 3D pour jouer \u00e0 chaque coup.<br \/>\n<P style=\"padding-left: 40px\"> <strong> -ving-le-de-chauss\u00e9e: <\/strong> briller et mat.<\/p>\n<p> <strong> -Sweet Zone: <\/strong> demi-high.<\/p>\n<p> <strong> -bolida: <\/strong> 10\/10.<br \/>\n<P> <strong> -Petence: <\/strong> 8\/10.<br \/>\n<P> <strong> -Contr\u00f4le: <\/strong> 9\/10.<br \/>\n<strong> Kombat Vesubio 2025 dans Revolution Padel Store <\/strong><\/p>\n<p>Ne manquez pas l&#8217;occasion d&#8217;am\u00e9liorer vos performances avec le Kombat Vesubio. Sa conception innovante et la combinaison exceptionnelle de fonctionnalit\u00e9s sont faites une pelle essentielle pour tout joueur. Osez sentir la puissance du volcan Vesubio dans chaque coup. Obtenez le v\u00f4tre maintenant et portez votre jeu au niveau sup\u00e9rieur!<\/p>\n<h2><strong>Kombat Vesubio, colecci\u00f3n 2025<\/strong><\/p>\n","protected":false},"excerpt":{"rendered":"<p>Le Kombat Vesubio est une pelle \u00e0 palette id\u00e9ale pour les joueurs \u00e0 la recherche d&#8217;une touche douce et explosive, offrant un \u00e9quilibre parfait entre le confort et la puissance.<\/p>\n","protected":false},"featured_media":125100,"comment_status":"open","ping_status":"closed","template":"","meta":{"_acf_changed":false,"_joinchat":[]},"acabado":[1092],"balance":[1137],"dureza":[1152],"forma":[1172],"jugador":[1192,1202],"marca":[1702],"nivel-de-juego":[1337],"superficie":[1362],"tipo-de-juego":[1377],"product_brand":[],"product_cat":[302],"product_tag":[],"class_list":{"0":"post-125447","1":"product","2":"type-product","3":"status-publish","4":"has-post-thumbnail","6":"acabado-soulager-la-3d","7":"balance-eleve","8":"dureza-blanda-fr","9":"forma-diamant","10":"jugador-homme","11":"jugador-polivalente-fr","12":"marca-kombat-fr","13":"superficie-rugosa-fr","14":"tipo-de-juego-puissance","15":"product_cat-palas-de-padel-fr","17":"first","18":"instock","19":"taxable","20":"shipping-taxable","21":"purchasable","22":"product-type-simple"},"acf":[],"yoast_head":"<!-- This site is optimized with the Yoast SEO plugin v27.3 - https:\/\/yoast.com\/product\/yoast-seo-wordpress\/ -->\n<title>KOMBAT VESUBIO - Revolution Padel Store<\/title>\n<meta name=\"description\" content=\"Descubre la Kombat Vesubio, la pala perfecta para aquellos que buscan un tacto blando sin sacrificar el rendimiento explosivo en cada golpe. Su dise\u00f1o inspirado en el poder del volc\u00e1n Vesubio la convierte en una herramienta excepcional para los jugadores que desean una combinaci\u00f3n \u00fanica de comodidad y potencia. Con su forma de diamante y un balance alto, esta pala est\u00e1 dise\u00f1ada para ofrecer un desempe\u00f1o sobresaliente tanto en ataque como en defensa, garantizando precisi\u00f3n en cada golpe.\" \/>\n<meta name=\"robots\" content=\"index, follow, max-snippet:-1, max-image-preview:large, max-video-preview:-1\" \/>\n<link rel=\"canonical\" href=\"https:\/\/revolutionpadelstore.com\/fr\/produit\/kombat-vesubio-2\/\" \/>\n<meta property=\"og:locale\" content=\"fr_FR\" \/>\n<meta property=\"og:type\" content=\"article\" \/>\n<meta property=\"og:title\" content=\"KOMBAT VESUBIO - Revolution Padel Store\" \/>\n<meta property=\"og:description\" content=\"Descubre la Kombat Vesubio, la pala perfecta para aquellos que buscan un tacto blando sin sacrificar el rendimiento explosivo en cada golpe. Su dise\u00f1o inspirado en el poder del volc\u00e1n Vesubio la convierte en una herramienta excepcional para los jugadores que desean una combinaci\u00f3n \u00fanica de comodidad y potencia. Con su forma de diamante y un balance alto, esta pala est\u00e1 dise\u00f1ada para ofrecer un desempe\u00f1o sobresaliente tanto en ataque como en defensa, garantizando precisi\u00f3n en cada golpe.\" \/>\n<meta property=\"og:url\" content=\"https:\/\/revolutionpadelstore.com\/fr\/produit\/kombat-vesubio-2\/\" \/>\n<meta property=\"og:site_name\" content=\"Revolution Padel Store\" \/>\n<meta property=\"article:modified_time\" content=\"2026-04-01T04:52:44+00:00\" \/>\n<meta property=\"og:image\" content=\"https:\/\/revolutionpadelstore.com\/wp-content\/uploads\/2024\/11\/115027_pala_kombat_vesubio_1500x1500_1_684b.webp\" \/>\n\t<meta property=\"og:image:width\" content=\"1500\" \/>\n\t<meta property=\"og:image:height\" content=\"1500\" \/>\n\t<meta property=\"og:image:type\" content=\"image\/webp\" \/>\n<meta name=\"twitter:card\" content=\"summary_large_image\" \/>\n<meta name=\"twitter:label1\" content=\"Dur\u00e9e de lecture estim\u00e9e\" \/>\n\t<meta name=\"twitter:data1\" content=\"2 minutes\" \/>\n<script type=\"application\/ld+json\" class=\"yoast-schema-graph\">{\"@context\":\"https:\\\/\\\/schema.org\",\"@graph\":[{\"@type\":\"WebPage\",\"@id\":\"https:\\\/\\\/revolutionpadelstore.com\\\/fr\\\/produit\\\/kombat-vesubio-2\\\/\",\"url\":\"https:\\\/\\\/revolutionpadelstore.com\\\/fr\\\/produit\\\/kombat-vesubio-2\\\/\",\"name\":\"KOMBAT VESUBIO - Revolution Padel Store\",\"isPartOf\":{\"@id\":\"https:\\\/\\\/revolutionpadelstore.com\\\/fr\\\/#website\"},\"primaryImageOfPage\":{\"@id\":\"https:\\\/\\\/revolutionpadelstore.com\\\/fr\\\/produit\\\/kombat-vesubio-2\\\/#primaryimage\"},\"image\":{\"@id\":\"https:\\\/\\\/revolutionpadelstore.com\\\/fr\\\/produit\\\/kombat-vesubio-2\\\/#primaryimage\"},\"thumbnailUrl\":\"https:\\\/\\\/revolutionpadelstore.com\\\/wp-content\\\/uploads\\\/2024\\\/11\\\/115027_pala_kombat_vesubio_1500x1500_1_684b.webp\",\"datePublished\":\"2024-11-23T10:16:46+00:00\",\"dateModified\":\"2026-04-01T04:52:44+00:00\",\"description\":\"Descubre la Kombat Vesubio, la pala perfecta para aquellos que buscan un tacto blando sin sacrificar el rendimiento explosivo en cada golpe. Su dise\u00f1o inspirado en el poder del volc\u00e1n Vesubio la convierte en una herramienta excepcional para los jugadores que desean una combinaci\u00f3n \u00fanica de comodidad y potencia. Con su forma de diamante y un balance alto, esta pala est\u00e1 dise\u00f1ada para ofrecer un desempe\u00f1o sobresaliente tanto en ataque como en defensa, garantizando precisi\u00f3n en cada golpe.\",\"breadcrumb\":{\"@id\":\"https:\\\/\\\/revolutionpadelstore.com\\\/fr\\\/produit\\\/kombat-vesubio-2\\\/#breadcrumb\"},\"inLanguage\":\"fr-FR\",\"potentialAction\":[{\"@type\":\"ReadAction\",\"target\":[\"https:\\\/\\\/revolutionpadelstore.com\\\/fr\\\/produit\\\/kombat-vesubio-2\\\/\"]}]},{\"@type\":\"ImageObject\",\"inLanguage\":\"fr-FR\",\"@id\":\"https:\\\/\\\/revolutionpadelstore.com\\\/fr\\\/produit\\\/kombat-vesubio-2\\\/#primaryimage\",\"url\":\"https:\\\/\\\/revolutionpadelstore.com\\\/wp-content\\\/uploads\\\/2024\\\/11\\\/115027_pala_kombat_vesubio_1500x1500_1_684b.webp\",\"contentUrl\":\"https:\\\/\\\/revolutionpadelstore.com\\\/wp-content\\\/uploads\\\/2024\\\/11\\\/115027_pala_kombat_vesubio_1500x1500_1_684b.webp\",\"width\":1500,\"height\":1500},{\"@type\":\"BreadcrumbList\",\"@id\":\"https:\\\/\\\/revolutionpadelstore.com\\\/fr\\\/produit\\\/kombat-vesubio-2\\\/#breadcrumb\",\"itemListElement\":[{\"@type\":\"ListItem\",\"position\":1,\"name\":\"Portada\",\"item\":\"https:\\\/\\\/revolutionpadelstore.com\\\/fr\\\/\"},{\"@type\":\"ListItem\",\"position\":2,\"name\":\"Boutique\",\"item\":\"https:\\\/\\\/revolutionpadelstore.com\\\/fr\\\/tienda\\\/\"},{\"@type\":\"ListItem\",\"position\":3,\"name\":\"KOMBAT VESUBIO\"}]},{\"@type\":\"WebSite\",\"@id\":\"https:\\\/\\\/revolutionpadelstore.com\\\/fr\\\/#website\",\"url\":\"https:\\\/\\\/revolutionpadelstore.com\\\/fr\\\/\",\"name\":\"Revolution Padel Store\",\"description\":\"\",\"publisher\":{\"@id\":\"https:\\\/\\\/revolutionpadelstore.com\\\/fr\\\/#organization\"},\"potentialAction\":[{\"@type\":\"SearchAction\",\"target\":{\"@type\":\"EntryPoint\",\"urlTemplate\":\"https:\\\/\\\/revolutionpadelstore.com\\\/fr\\\/?s={search_term_string}\"},\"query-input\":{\"@type\":\"PropertyValueSpecification\",\"valueRequired\":true,\"valueName\":\"search_term_string\"}}],\"inLanguage\":\"fr-FR\"},{\"@type\":\"Organization\",\"@id\":\"https:\\\/\\\/revolutionpadelstore.com\\\/fr\\\/#organization\",\"name\":\"Revolution Padel Store\",\"url\":\"https:\\\/\\\/revolutionpadelstore.com\\\/fr\\\/\",\"logo\":{\"@type\":\"ImageObject\",\"inLanguage\":\"fr-FR\",\"@id\":\"https:\\\/\\\/revolutionpadelstore.com\\\/fr\\\/#\\\/schema\\\/logo\\\/image\\\/\",\"url\":\"https:\\\/\\\/revolutionpadelstore.com\\\/wp-content\\\/uploads\\\/2026\\\/02\\\/revolution-padel-store.jpg\",\"contentUrl\":\"https:\\\/\\\/revolutionpadelstore.com\\\/wp-content\\\/uploads\\\/2026\\\/02\\\/revolution-padel-store.jpg\",\"width\":2000,\"height\":2000,\"caption\":\"Revolution Padel Store\"},\"image\":{\"@id\":\"https:\\\/\\\/revolutionpadelstore.com\\\/fr\\\/#\\\/schema\\\/logo\\\/image\\\/\"},\"sameAs\":[\"https:\\\/\\\/www.instagram.com\\\/revolutionpadelstore\\\/\"]}]}<\/script>\n<!-- \/ Yoast SEO plugin. -->","yoast_head_json":{"title":"KOMBAT VESUBIO - Revolution Padel Store","description":"Descubre la Kombat Vesubio, la pala perfecta para aquellos que buscan un tacto blando sin sacrificar el rendimiento explosivo en cada golpe. Su dise\u00f1o inspirado en el poder del volc\u00e1n Vesubio la convierte en una herramienta excepcional para los jugadores que desean una combinaci\u00f3n \u00fanica de comodidad y potencia. Con su forma de diamante y un balance alto, esta pala est\u00e1 dise\u00f1ada para ofrecer un desempe\u00f1o sobresaliente tanto en ataque como en defensa, garantizando precisi\u00f3n en cada golpe.","robots":{"index":"index","follow":"follow","max-snippet":"max-snippet:-1","max-image-preview":"max-image-preview:large","max-video-preview":"max-video-preview:-1"},"canonical":"https:\/\/revolutionpadelstore.com\/fr\/produit\/kombat-vesubio-2\/","og_locale":"fr_FR","og_type":"article","og_title":"KOMBAT VESUBIO - Revolution Padel Store","og_description":"Descubre la Kombat Vesubio, la pala perfecta para aquellos que buscan un tacto blando sin sacrificar el rendimiento explosivo en cada golpe. Su dise\u00f1o inspirado en el poder del volc\u00e1n Vesubio la convierte en una herramienta excepcional para los jugadores que desean una combinaci\u00f3n \u00fanica de comodidad y potencia. Con su forma de diamante y un balance alto, esta pala est\u00e1 dise\u00f1ada para ofrecer un desempe\u00f1o sobresaliente tanto en ataque como en defensa, garantizando precisi\u00f3n en cada golpe.","og_url":"https:\/\/revolutionpadelstore.com\/fr\/produit\/kombat-vesubio-2\/","og_site_name":"Revolution Padel Store","article_modified_time":"2026-04-01T04:52:44+00:00","og_image":[{"width":1500,"height":1500,"url":"https:\/\/revolutionpadelstore.com\/wp-content\/uploads\/2024\/11\/115027_pala_kombat_vesubio_1500x1500_1_684b.webp","type":"image\/webp"}],"twitter_card":"summary_large_image","twitter_misc":{"Dur\u00e9e de lecture estim\u00e9e":"2 minutes"},"schema":{"@context":"https:\/\/schema.org","@graph":[{"@type":"WebPage","@id":"https:\/\/revolutionpadelstore.com\/fr\/produit\/kombat-vesubio-2\/","url":"https:\/\/revolutionpadelstore.com\/fr\/produit\/kombat-vesubio-2\/","name":"KOMBAT VESUBIO - Revolution Padel Store","isPartOf":{"@id":"https:\/\/revolutionpadelstore.com\/fr\/#website"},"primaryImageOfPage":{"@id":"https:\/\/revolutionpadelstore.com\/fr\/produit\/kombat-vesubio-2\/#primaryimage"},"image":{"@id":"https:\/\/revolutionpadelstore.com\/fr\/produit\/kombat-vesubio-2\/#primaryimage"},"thumbnailUrl":"https:\/\/revolutionpadelstore.com\/wp-content\/uploads\/2024\/11\/115027_pala_kombat_vesubio_1500x1500_1_684b.webp","datePublished":"2024-11-23T10:16:46+00:00","dateModified":"2026-04-01T04:52:44+00:00","description":"Descubre la Kombat Vesubio, la pala perfecta para aquellos que buscan un tacto blando sin sacrificar el rendimiento explosivo en cada golpe. Su dise\u00f1o inspirado en el poder del volc\u00e1n Vesubio la convierte en una herramienta excepcional para los jugadores que desean una combinaci\u00f3n \u00fanica de comodidad y potencia. Con su forma de diamante y un balance alto, esta pala est\u00e1 dise\u00f1ada para ofrecer un desempe\u00f1o sobresaliente tanto en ataque como en defensa, garantizando precisi\u00f3n en cada golpe.","breadcrumb":{"@id":"https:\/\/revolutionpadelstore.com\/fr\/produit\/kombat-vesubio-2\/#breadcrumb"},"inLanguage":"fr-FR","potentialAction":[{"@type":"ReadAction","target":["https:\/\/revolutionpadelstore.com\/fr\/produit\/kombat-vesubio-2\/"]}]},{"@type":"ImageObject","inLanguage":"fr-FR","@id":"https:\/\/revolutionpadelstore.com\/fr\/produit\/kombat-vesubio-2\/#primaryimage","url":"https:\/\/revolutionpadelstore.com\/wp-content\/uploads\/2024\/11\/115027_pala_kombat_vesubio_1500x1500_1_684b.webp","contentUrl":"https:\/\/revolutionpadelstore.com\/wp-content\/uploads\/2024\/11\/115027_pala_kombat_vesubio_1500x1500_1_684b.webp","width":1500,"height":1500},{"@type":"BreadcrumbList","@id":"https:\/\/revolutionpadelstore.com\/fr\/produit\/kombat-vesubio-2\/#breadcrumb","itemListElement":[{"@type":"ListItem","position":1,"name":"Portada","item":"https:\/\/revolutionpadelstore.com\/fr\/"},{"@type":"ListItem","position":2,"name":"Boutique","item":"https:\/\/revolutionpadelstore.com\/fr\/tienda\/"},{"@type":"ListItem","position":3,"name":"KOMBAT VESUBIO"}]},{"@type":"WebSite","@id":"https:\/\/revolutionpadelstore.com\/fr\/#website","url":"https:\/\/revolutionpadelstore.com\/fr\/","name":"Revolution Padel Store","description":"","publisher":{"@id":"https:\/\/revolutionpadelstore.com\/fr\/#organization"},"potentialAction":[{"@type":"SearchAction","target":{"@type":"EntryPoint","urlTemplate":"https:\/\/revolutionpadelstore.com\/fr\/?s={search_term_string}"},"query-input":{"@type":"PropertyValueSpecification","valueRequired":true,"valueName":"search_term_string"}}],"inLanguage":"fr-FR"},{"@type":"Organization","@id":"https:\/\/revolutionpadelstore.com\/fr\/#organization","name":"Revolution Padel Store","url":"https:\/\/revolutionpadelstore.com\/fr\/","logo":{"@type":"ImageObject","inLanguage":"fr-FR","@id":"https:\/\/revolutionpadelstore.com\/fr\/#\/schema\/logo\/image\/","url":"https:\/\/revolutionpadelstore.com\/wp-content\/uploads\/2026\/02\/revolution-padel-store.jpg","contentUrl":"https:\/\/revolutionpadelstore.com\/wp-content\/uploads\/2026\/02\/revolution-padel-store.jpg","width":2000,"height":2000,"caption":"Revolution Padel Store"},"image":{"@id":"https:\/\/revolutionpadelstore.com\/fr\/#\/schema\/logo\/image\/"},"sameAs":["https:\/\/www.instagram.com\/revolutionpadelstore\/"]}]}},"_links":{"self":[{"href":"https:\/\/revolutionpadelstore.com\/fr\/wp-json\/wp\/v2\/product\/125447","targetHints":{"allow":["GET"]}}],"collection":[{"href":"https:\/\/revolutionpadelstore.com\/fr\/wp-json\/wp\/v2\/product"}],"about":[{"href":"https:\/\/revolutionpadelstore.com\/fr\/wp-json\/wp\/v2\/types\/product"}],"replies":[{"embeddable":true,"href":"https:\/\/revolutionpadelstore.com\/fr\/wp-json\/wp\/v2\/comments?post=125447"}],"wp:featuredmedia":[{"embeddable":true,"href":"https:\/\/revolutionpadelstore.com\/fr\/wp-json\/wp\/v2\/media\/125100"}],"wp:attachment":[{"href":"https:\/\/revolutionpadelstore.com\/fr\/wp-json\/wp\/v2\/media?parent=125447"}],"wp:term":[{"taxonomy":"acabado","embeddable":true,"href":"https:\/\/revolutionpadelstore.com\/fr\/wp-json\/wp\/v2\/acabado?post=125447"},{"taxonomy":"balance","embeddable":true,"href":"https:\/\/revolutionpadelstore.com\/fr\/wp-json\/wp\/v2\/balance?post=125447"},{"taxonomy":"dureza","embeddable":true,"href":"https:\/\/revolutionpadelstore.com\/fr\/wp-json\/wp\/v2\/dureza?post=125447"},{"taxonomy":"forma","embeddable":true,"href":"https:\/\/revolutionpadelstore.com\/fr\/wp-json\/wp\/v2\/forma?post=125447"},{"taxonomy":"jugador","embeddable":true,"href":"https:\/\/revolutionpadelstore.com\/fr\/wp-json\/wp\/v2\/jugador?post=125447"},{"taxonomy":"marca","embeddable":true,"href":"https:\/\/revolutionpadelstore.com\/fr\/wp-json\/wp\/v2\/marca?post=125447"},{"taxonomy":"nivel-de-juego","embeddable":true,"href":"https:\/\/revolutionpadelstore.com\/fr\/wp-json\/wp\/v2\/nivel-de-juego?post=125447"},{"taxonomy":"superficie","embeddable":true,"href":"https:\/\/revolutionpadelstore.com\/fr\/wp-json\/wp\/v2\/superficie?post=125447"},{"taxonomy":"tipo-de-juego","embeddable":true,"href":"https:\/\/revolutionpadelstore.com\/fr\/wp-json\/wp\/v2\/tipo-de-juego?post=125447"},{"taxonomy":"product_brand","embeddable":true,"href":"https:\/\/revolutionpadelstore.com\/fr\/wp-json\/wp\/v2\/product_brand?post=125447"},{"taxonomy":"product_cat","embeddable":true,"href":"https:\/\/revolutionpadelstore.com\/fr\/wp-json\/wp\/v2\/product_cat?post=125447"},{"taxonomy":"product_tag","embeddable":true,"href":"https:\/\/revolutionpadelstore.com\/fr\/wp-json\/wp\/v2\/product_tag?post=125447"}],"curies":[{"name":"wp","href":"https:\/\/api.w.org\/{rel}","templated":true}]}}