{"id":125442,"date":"2024-11-23T11:23:50","date_gmt":"2024-11-23T10:23:50","guid":{"rendered":"https:\/\/revolutionpadelstore.com\/kombat-arenal-mujer\/"},"modified":"2026-04-01T06:52:22","modified_gmt":"2026-04-01T04:52:22","slug":"kombat-arenal-mujer-3","status":"publish","type":"product","link":"https:\/\/revolutionpadelstore.com\/fr\/produit\/kombat-arenal-mujer-3\/","title":{"rendered":"KOMBAT ARENAL MUJER"},"content":{"rendered":"<h2> <strong> Kombat Arenal Woman 2025, Power and Precision <\/strong> <\/h2>\n<p>L&#8217;Arenal de Kombat, qui fait partie de la collection Vulcano cr\u00e9\u00e9e en collaboration avec Manu Mart\u00edn, est un mod\u00e8le con\u00e7u pour offrir un pouvoir explosif sans sacrifier le contr\u00f4le n\u00e9cessaire pour ex\u00e9cuter des attaques pr\u00e9cises. Sa forme de diamant, son \u00e9quilibre \u00e9lev\u00e9 et un point doux situ\u00e9 sur la t\u00eate de la lame assurent un gros coup de poing \u00e0 chaque coup.<\/p>\n<p>Avec un poids l\u00e9ger de 355 grammes, cette pelle ressort de sa g\u00e9rabilit\u00e9 sans perdre la puissance caract\u00e9ristique du moule en diamant. De plus, le syst\u00e8me de propulsions de vibrations du syst\u00e8me de propositions aide \u00e0 minimiser l&#8217;impact sur les joints et am\u00e9liore la stabilit\u00e9.<\/p>\n<h2> <strong> pala arenal, id\u00e9al pour les joueurs agressifs <\/strong> <\/h2>\n<p>Con\u00e7u sp\u00e9cifiquement pour les joueurs offensifs, Kombat Arenal 2025 pour les femmes s&#8217;adapte parfaitement aux joueurs qui cherchent \u00e0 \u00eatre plus agressifs dans leurs attaques pr\u00e8s du r\u00e9seau. C&#8217;est le mod\u00e8le parfait pour ceux qui veulent une sensation plus solide et stable lors de la frappe du ballon.<\/p>\n<p>De plus, sa surface rugueuse vous permettra d&#8217;appliquer des effets avec une pr\u00e9cision totale, surprenant facilement pour vos adversaires.<\/p>\n<p><strong> Caract\u00e9ristiques et technologies de la pelle Kombat Arenal <\/strong><\/p>\n<p> &#8211; Structure plus l\u00e9g\u00e8re et plus l\u00e9g\u00e8re gr\u00e2ce au cadre tubulaire \u00e0 100% en fibre de carbone.<\/p>\n<p style=\"padding-left: 40px\"> &#8211; 18k plans de carbone avec finition lumineuse et mat, offrant une plus grande r\u00e9sistance.<\/p>\n<p> &#8211; Surface rugueuse pour un coup avec effet.<br \/>\n<P> &#8211; Black Eva Rubber Heart de duret\u00e9 moyenne, qui \u00e9quilibre le toucher et fournit la solidit\u00e9 \u00e0 chaque impact.<\/p>\n<p style=\"padding-left: 40px\"> &#8211; inclut le syst\u00e8me de trous tranchants <strong> <\/strong>, qui \u00e9largit le point doux, permettant un coup plus pr\u00e9cis.<br \/>\n<P> &#8211; La stabilit\u00e9 et la fermet\u00e9 sont am\u00e9lior\u00e9es avec le syst\u00e8me <strong> Protuneed <\/strong>, ce qui r\u00e9duit les vibrations.<br \/>\n<strong> Acheter \u00e0 Revolution Padel Store La pelle pour les femmes Kombat Arenal 2025 <\/strong><\/p>\n<p>Parfait pour les joueurs qui cherchent \u00e0 dominer le r\u00e9seau de mani\u00e8re agressive, cette feuille de diamant et de balayage \u00e9lev\u00e9 offre un contr\u00f4le \u00e9lev\u00e9 et une sortie de la balle sup\u00e9rieure, assurant des performances optimales dans toute situation de jeu.<\/p>\n<h2><strong>Kombat Arenal Mujer 2025, potencia y precisi\u00f3n<\/strong><\/p>\n","protected":false},"excerpt":{"rendered":"<p>Diamond Phel avec un \u00e9quilibre \u00e9lev\u00e9 pour les femmes Kombat Arenal pour des jeux offensifs agressifs. Avec des plans rugueux en carbone 18K et noyau en caoutchouc EVA noir.<\/p>\n","protected":false},"featured_media":125131,"comment_status":"open","ping_status":"closed","template":"","meta":{"_acf_changed":false,"_joinchat":[]},"acabado":[1082,1087],"balance":[1137],"dureza":[1157],"forma":[1172],"jugador":[1197],"marca":[1702],"nivel-de-juego":[1337,1342],"superficie":[1362],"tipo-de-juego":[1377],"product_brand":[],"product_cat":[302],"product_tag":[],"class_list":{"0":"post-125442","1":"product","2":"type-product","3":"status-publish","4":"has-post-thumbnail","6":"acabado-luminosite","7":"acabado-mon-pote","8":"balance-eleve","9":"dureza-media-fr","10":"forma-diamant","11":"jugador-mujer-fr","12":"marca-kombat-fr","13":"superficie-rugosa-fr","14":"tipo-de-juego-puissance","15":"product_cat-palas-de-padel-fr","17":"first","18":"instock","19":"taxable","20":"shipping-taxable","21":"purchasable","22":"product-type-simple"},"acf":[],"yoast_head":"<!-- This site is optimized with the Yoast SEO plugin v27.3 - https:\/\/yoast.com\/product\/yoast-seo-wordpress\/ -->\n<title>KOMBAT ARENAL MUJER - Revolution Padel Store<\/title>\n<meta name=\"description\" content=\"La pala de p\u00e1del Arenal de Kombat es un modelo que pertenece a la colecci\u00f3n Vulcano dise\u00f1ada en colaboraci\u00f3n con Manu Mart\u00edn. Esta pala con forma de diamante, balance alto y punto dulce en la cabeza garantiza una potencia explosiva en cada golpe, sin perder un control sobresaliente para atacar con precisi\u00f3n.\" \/>\n<meta name=\"robots\" content=\"index, follow, max-snippet:-1, max-image-preview:large, max-video-preview:-1\" \/>\n<link rel=\"canonical\" href=\"https:\/\/revolutionpadelstore.com\/fr\/produit\/kombat-arenal-mujer-3\/\" \/>\n<meta property=\"og:locale\" content=\"fr_FR\" \/>\n<meta property=\"og:type\" content=\"article\" \/>\n<meta property=\"og:title\" content=\"KOMBAT ARENAL MUJER - Revolution Padel Store\" \/>\n<meta property=\"og:description\" content=\"La pala de p\u00e1del Arenal de Kombat es un modelo que pertenece a la colecci\u00f3n Vulcano dise\u00f1ada en colaboraci\u00f3n con Manu Mart\u00edn. Esta pala con forma de diamante, balance alto y punto dulce en la cabeza garantiza una potencia explosiva en cada golpe, sin perder un control sobresaliente para atacar con precisi\u00f3n.\" \/>\n<meta property=\"og:url\" content=\"https:\/\/revolutionpadelstore.com\/fr\/produit\/kombat-arenal-mujer-3\/\" \/>\n<meta property=\"og:site_name\" content=\"Revolution Padel Store\" \/>\n<meta property=\"article:modified_time\" content=\"2026-04-01T04:52:22+00:00\" \/>\n<meta property=\"og:image\" content=\"https:\/\/revolutionpadelstore.com\/wp-content\/uploads\/2024\/11\/115020_pala_kombat_arenal_1500x1500_1_141c-1.webp\" \/>\n\t<meta property=\"og:image:width\" content=\"1500\" \/>\n\t<meta property=\"og:image:height\" content=\"1500\" \/>\n\t<meta property=\"og:image:type\" content=\"image\/webp\" \/>\n<meta name=\"twitter:card\" content=\"summary_large_image\" \/>\n<meta name=\"twitter:label1\" content=\"Dur\u00e9e de lecture estim\u00e9e\" \/>\n\t<meta name=\"twitter:data1\" content=\"2 minutes\" \/>\n<script type=\"application\/ld+json\" class=\"yoast-schema-graph\">{\"@context\":\"https:\\\/\\\/schema.org\",\"@graph\":[{\"@type\":\"WebPage\",\"@id\":\"https:\\\/\\\/revolutionpadelstore.com\\\/fr\\\/produit\\\/kombat-arenal-mujer-3\\\/\",\"url\":\"https:\\\/\\\/revolutionpadelstore.com\\\/fr\\\/produit\\\/kombat-arenal-mujer-3\\\/\",\"name\":\"KOMBAT ARENAL MUJER - Revolution Padel Store\",\"isPartOf\":{\"@id\":\"https:\\\/\\\/revolutionpadelstore.com\\\/fr\\\/#website\"},\"primaryImageOfPage\":{\"@id\":\"https:\\\/\\\/revolutionpadelstore.com\\\/fr\\\/produit\\\/kombat-arenal-mujer-3\\\/#primaryimage\"},\"image\":{\"@id\":\"https:\\\/\\\/revolutionpadelstore.com\\\/fr\\\/produit\\\/kombat-arenal-mujer-3\\\/#primaryimage\"},\"thumbnailUrl\":\"https:\\\/\\\/revolutionpadelstore.com\\\/wp-content\\\/uploads\\\/2024\\\/11\\\/115020_pala_kombat_arenal_1500x1500_1_141c-1.webp\",\"datePublished\":\"2024-11-23T10:23:50+00:00\",\"dateModified\":\"2026-04-01T04:52:22+00:00\",\"description\":\"La pala de p\u00e1del Arenal de Kombat es un modelo que pertenece a la colecci\u00f3n Vulcano dise\u00f1ada en colaboraci\u00f3n con Manu Mart\u00edn. Esta pala con forma de diamante, balance alto y punto dulce en la cabeza garantiza una potencia explosiva en cada golpe, sin perder un control sobresaliente para atacar con precisi\u00f3n.\",\"breadcrumb\":{\"@id\":\"https:\\\/\\\/revolutionpadelstore.com\\\/fr\\\/produit\\\/kombat-arenal-mujer-3\\\/#breadcrumb\"},\"inLanguage\":\"fr-FR\",\"potentialAction\":[{\"@type\":\"ReadAction\",\"target\":[\"https:\\\/\\\/revolutionpadelstore.com\\\/fr\\\/produit\\\/kombat-arenal-mujer-3\\\/\"]}]},{\"@type\":\"ImageObject\",\"inLanguage\":\"fr-FR\",\"@id\":\"https:\\\/\\\/revolutionpadelstore.com\\\/fr\\\/produit\\\/kombat-arenal-mujer-3\\\/#primaryimage\",\"url\":\"https:\\\/\\\/revolutionpadelstore.com\\\/wp-content\\\/uploads\\\/2024\\\/11\\\/115020_pala_kombat_arenal_1500x1500_1_141c-1.webp\",\"contentUrl\":\"https:\\\/\\\/revolutionpadelstore.com\\\/wp-content\\\/uploads\\\/2024\\\/11\\\/115020_pala_kombat_arenal_1500x1500_1_141c-1.webp\",\"width\":1500,\"height\":1500},{\"@type\":\"BreadcrumbList\",\"@id\":\"https:\\\/\\\/revolutionpadelstore.com\\\/fr\\\/produit\\\/kombat-arenal-mujer-3\\\/#breadcrumb\",\"itemListElement\":[{\"@type\":\"ListItem\",\"position\":1,\"name\":\"Portada\",\"item\":\"https:\\\/\\\/revolutionpadelstore.com\\\/fr\\\/\"},{\"@type\":\"ListItem\",\"position\":2,\"name\":\"Boutique\",\"item\":\"https:\\\/\\\/revolutionpadelstore.com\\\/fr\\\/tienda\\\/\"},{\"@type\":\"ListItem\",\"position\":3,\"name\":\"KOMBAT ARENAL MUJER\"}]},{\"@type\":\"WebSite\",\"@id\":\"https:\\\/\\\/revolutionpadelstore.com\\\/fr\\\/#website\",\"url\":\"https:\\\/\\\/revolutionpadelstore.com\\\/fr\\\/\",\"name\":\"Revolution Padel Store\",\"description\":\"\",\"publisher\":{\"@id\":\"https:\\\/\\\/revolutionpadelstore.com\\\/fr\\\/#organization\"},\"potentialAction\":[{\"@type\":\"SearchAction\",\"target\":{\"@type\":\"EntryPoint\",\"urlTemplate\":\"https:\\\/\\\/revolutionpadelstore.com\\\/fr\\\/?s={search_term_string}\"},\"query-input\":{\"@type\":\"PropertyValueSpecification\",\"valueRequired\":true,\"valueName\":\"search_term_string\"}}],\"inLanguage\":\"fr-FR\"},{\"@type\":\"Organization\",\"@id\":\"https:\\\/\\\/revolutionpadelstore.com\\\/fr\\\/#organization\",\"name\":\"Revolution Padel Store\",\"url\":\"https:\\\/\\\/revolutionpadelstore.com\\\/fr\\\/\",\"logo\":{\"@type\":\"ImageObject\",\"inLanguage\":\"fr-FR\",\"@id\":\"https:\\\/\\\/revolutionpadelstore.com\\\/fr\\\/#\\\/schema\\\/logo\\\/image\\\/\",\"url\":\"https:\\\/\\\/revolutionpadelstore.com\\\/wp-content\\\/uploads\\\/2026\\\/02\\\/revolution-padel-store.jpg\",\"contentUrl\":\"https:\\\/\\\/revolutionpadelstore.com\\\/wp-content\\\/uploads\\\/2026\\\/02\\\/revolution-padel-store.jpg\",\"width\":2000,\"height\":2000,\"caption\":\"Revolution Padel Store\"},\"image\":{\"@id\":\"https:\\\/\\\/revolutionpadelstore.com\\\/fr\\\/#\\\/schema\\\/logo\\\/image\\\/\"},\"sameAs\":[\"https:\\\/\\\/www.instagram.com\\\/revolutionpadelstore\\\/\"]}]}<\/script>\n<!-- \/ Yoast SEO plugin. -->","yoast_head_json":{"title":"KOMBAT ARENAL MUJER - Revolution Padel Store","description":"La pala de p\u00e1del Arenal de Kombat es un modelo que pertenece a la colecci\u00f3n Vulcano dise\u00f1ada en colaboraci\u00f3n con Manu Mart\u00edn. Esta pala con forma de diamante, balance alto y punto dulce en la cabeza garantiza una potencia explosiva en cada golpe, sin perder un control sobresaliente para atacar con precisi\u00f3n.","robots":{"index":"index","follow":"follow","max-snippet":"max-snippet:-1","max-image-preview":"max-image-preview:large","max-video-preview":"max-video-preview:-1"},"canonical":"https:\/\/revolutionpadelstore.com\/fr\/produit\/kombat-arenal-mujer-3\/","og_locale":"fr_FR","og_type":"article","og_title":"KOMBAT ARENAL MUJER - Revolution Padel Store","og_description":"La pala de p\u00e1del Arenal de Kombat es un modelo que pertenece a la colecci\u00f3n Vulcano dise\u00f1ada en colaboraci\u00f3n con Manu Mart\u00edn. Esta pala con forma de diamante, balance alto y punto dulce en la cabeza garantiza una potencia explosiva en cada golpe, sin perder un control sobresaliente para atacar con precisi\u00f3n.","og_url":"https:\/\/revolutionpadelstore.com\/fr\/produit\/kombat-arenal-mujer-3\/","og_site_name":"Revolution Padel Store","article_modified_time":"2026-04-01T04:52:22+00:00","og_image":[{"width":1500,"height":1500,"url":"https:\/\/revolutionpadelstore.com\/wp-content\/uploads\/2024\/11\/115020_pala_kombat_arenal_1500x1500_1_141c-1.webp","type":"image\/webp"}],"twitter_card":"summary_large_image","twitter_misc":{"Dur\u00e9e de lecture estim\u00e9e":"2 minutes"},"schema":{"@context":"https:\/\/schema.org","@graph":[{"@type":"WebPage","@id":"https:\/\/revolutionpadelstore.com\/fr\/produit\/kombat-arenal-mujer-3\/","url":"https:\/\/revolutionpadelstore.com\/fr\/produit\/kombat-arenal-mujer-3\/","name":"KOMBAT ARENAL MUJER - Revolution Padel Store","isPartOf":{"@id":"https:\/\/revolutionpadelstore.com\/fr\/#website"},"primaryImageOfPage":{"@id":"https:\/\/revolutionpadelstore.com\/fr\/produit\/kombat-arenal-mujer-3\/#primaryimage"},"image":{"@id":"https:\/\/revolutionpadelstore.com\/fr\/produit\/kombat-arenal-mujer-3\/#primaryimage"},"thumbnailUrl":"https:\/\/revolutionpadelstore.com\/wp-content\/uploads\/2024\/11\/115020_pala_kombat_arenal_1500x1500_1_141c-1.webp","datePublished":"2024-11-23T10:23:50+00:00","dateModified":"2026-04-01T04:52:22+00:00","description":"La pala de p\u00e1del Arenal de Kombat es un modelo que pertenece a la colecci\u00f3n Vulcano dise\u00f1ada en colaboraci\u00f3n con Manu Mart\u00edn. Esta pala con forma de diamante, balance alto y punto dulce en la cabeza garantiza una potencia explosiva en cada golpe, sin perder un control sobresaliente para atacar con precisi\u00f3n.","breadcrumb":{"@id":"https:\/\/revolutionpadelstore.com\/fr\/produit\/kombat-arenal-mujer-3\/#breadcrumb"},"inLanguage":"fr-FR","potentialAction":[{"@type":"ReadAction","target":["https:\/\/revolutionpadelstore.com\/fr\/produit\/kombat-arenal-mujer-3\/"]}]},{"@type":"ImageObject","inLanguage":"fr-FR","@id":"https:\/\/revolutionpadelstore.com\/fr\/produit\/kombat-arenal-mujer-3\/#primaryimage","url":"https:\/\/revolutionpadelstore.com\/wp-content\/uploads\/2024\/11\/115020_pala_kombat_arenal_1500x1500_1_141c-1.webp","contentUrl":"https:\/\/revolutionpadelstore.com\/wp-content\/uploads\/2024\/11\/115020_pala_kombat_arenal_1500x1500_1_141c-1.webp","width":1500,"height":1500},{"@type":"BreadcrumbList","@id":"https:\/\/revolutionpadelstore.com\/fr\/produit\/kombat-arenal-mujer-3\/#breadcrumb","itemListElement":[{"@type":"ListItem","position":1,"name":"Portada","item":"https:\/\/revolutionpadelstore.com\/fr\/"},{"@type":"ListItem","position":2,"name":"Boutique","item":"https:\/\/revolutionpadelstore.com\/fr\/tienda\/"},{"@type":"ListItem","position":3,"name":"KOMBAT ARENAL MUJER"}]},{"@type":"WebSite","@id":"https:\/\/revolutionpadelstore.com\/fr\/#website","url":"https:\/\/revolutionpadelstore.com\/fr\/","name":"Revolution Padel Store","description":"","publisher":{"@id":"https:\/\/revolutionpadelstore.com\/fr\/#organization"},"potentialAction":[{"@type":"SearchAction","target":{"@type":"EntryPoint","urlTemplate":"https:\/\/revolutionpadelstore.com\/fr\/?s={search_term_string}"},"query-input":{"@type":"PropertyValueSpecification","valueRequired":true,"valueName":"search_term_string"}}],"inLanguage":"fr-FR"},{"@type":"Organization","@id":"https:\/\/revolutionpadelstore.com\/fr\/#organization","name":"Revolution Padel Store","url":"https:\/\/revolutionpadelstore.com\/fr\/","logo":{"@type":"ImageObject","inLanguage":"fr-FR","@id":"https:\/\/revolutionpadelstore.com\/fr\/#\/schema\/logo\/image\/","url":"https:\/\/revolutionpadelstore.com\/wp-content\/uploads\/2026\/02\/revolution-padel-store.jpg","contentUrl":"https:\/\/revolutionpadelstore.com\/wp-content\/uploads\/2026\/02\/revolution-padel-store.jpg","width":2000,"height":2000,"caption":"Revolution Padel Store"},"image":{"@id":"https:\/\/revolutionpadelstore.com\/fr\/#\/schema\/logo\/image\/"},"sameAs":["https:\/\/www.instagram.com\/revolutionpadelstore\/"]}]}},"_links":{"self":[{"href":"https:\/\/revolutionpadelstore.com\/fr\/wp-json\/wp\/v2\/product\/125442","targetHints":{"allow":["GET"]}}],"collection":[{"href":"https:\/\/revolutionpadelstore.com\/fr\/wp-json\/wp\/v2\/product"}],"about":[{"href":"https:\/\/revolutionpadelstore.com\/fr\/wp-json\/wp\/v2\/types\/product"}],"replies":[{"embeddable":true,"href":"https:\/\/revolutionpadelstore.com\/fr\/wp-json\/wp\/v2\/comments?post=125442"}],"wp:featuredmedia":[{"embeddable":true,"href":"https:\/\/revolutionpadelstore.com\/fr\/wp-json\/wp\/v2\/media\/125131"}],"wp:attachment":[{"href":"https:\/\/revolutionpadelstore.com\/fr\/wp-json\/wp\/v2\/media?parent=125442"}],"wp:term":[{"taxonomy":"acabado","embeddable":true,"href":"https:\/\/revolutionpadelstore.com\/fr\/wp-json\/wp\/v2\/acabado?post=125442"},{"taxonomy":"balance","embeddable":true,"href":"https:\/\/revolutionpadelstore.com\/fr\/wp-json\/wp\/v2\/balance?post=125442"},{"taxonomy":"dureza","embeddable":true,"href":"https:\/\/revolutionpadelstore.com\/fr\/wp-json\/wp\/v2\/dureza?post=125442"},{"taxonomy":"forma","embeddable":true,"href":"https:\/\/revolutionpadelstore.com\/fr\/wp-json\/wp\/v2\/forma?post=125442"},{"taxonomy":"jugador","embeddable":true,"href":"https:\/\/revolutionpadelstore.com\/fr\/wp-json\/wp\/v2\/jugador?post=125442"},{"taxonomy":"marca","embeddable":true,"href":"https:\/\/revolutionpadelstore.com\/fr\/wp-json\/wp\/v2\/marca?post=125442"},{"taxonomy":"nivel-de-juego","embeddable":true,"href":"https:\/\/revolutionpadelstore.com\/fr\/wp-json\/wp\/v2\/nivel-de-juego?post=125442"},{"taxonomy":"superficie","embeddable":true,"href":"https:\/\/revolutionpadelstore.com\/fr\/wp-json\/wp\/v2\/superficie?post=125442"},{"taxonomy":"tipo-de-juego","embeddable":true,"href":"https:\/\/revolutionpadelstore.com\/fr\/wp-json\/wp\/v2\/tipo-de-juego?post=125442"},{"taxonomy":"product_brand","embeddable":true,"href":"https:\/\/revolutionpadelstore.com\/fr\/wp-json\/wp\/v2\/product_brand?post=125442"},{"taxonomy":"product_cat","embeddable":true,"href":"https:\/\/revolutionpadelstore.com\/fr\/wp-json\/wp\/v2\/product_cat?post=125442"},{"taxonomy":"product_tag","embeddable":true,"href":"https:\/\/revolutionpadelstore.com\/fr\/wp-json\/wp\/v2\/product_tag?post=125442"}],"curies":[{"name":"wp","href":"https:\/\/api.w.org\/{rel}","templated":true}]}}