{"id":125227,"date":"2024-11-23T12:02:11","date_gmt":"2024-11-23T11:02:11","guid":{"rendered":"https:\/\/revolutionpadelstore.com\/kombat-galeras-mujer\/"},"modified":"2026-04-01T06:51:34","modified_gmt":"2026-04-01T04:51:34","slug":"kombat-galeras-mujer-3","status":"publish","type":"product","link":"https:\/\/revolutionpadelstore.com\/fr\/produit\/kombat-galeras-mujer-3\/","title":{"rendered":"KOMBAT GALERAS MUJER"},"content":{"rendered":"<p>&lt;Il<br \/>\nInspir\u00e9e par la force du volcan Galeras, la pelle de paddle de la cuisine Kombat est con\u00e7ue pour offrir une l\u00e9g\u00e8ret\u00e9 extr\u00eame, une excellente g\u00e9rabilit\u00e9 et des performances \u00e9lev\u00e9es dans chaque coup.<\/p>\n<p>Avec une forme de larme, un \u00e9quilibre moyen et un point sucr\u00e9 centr\u00e9, cette pelle fournit un \u00e9quilibre parfait entre le contr\u00f4le et la puissance, ce qui en fait une option tr\u00e8s \u00e9quilibr\u00e9e. Le point sucr\u00e9 moyen garantit une prise de balle exceptionnelle, tandis que l&#039;\u00e9quilibre interm\u00e9diaire distribue l&#039;uniforme de poids, am\u00e9liorant la gestion.<\/p>\n<h2> <strong> pala galeras, id\u00e9al pour les joueurs dynamiques <\/strong> <\/h2>\n<p>La pelle Kombat Galeras a \u00e9t\u00e9 pens\u00e9e pour les joueurs \u00e0 la recherche d&#8217;une option l\u00e9g\u00e8re, facile \u00e0 manipuler et \u00e9quilibr\u00e9e. Il est parfait pour ceux qui veulent une r\u00e9ponse rapide et des coups pr\u00e9cis.<\/p>\n<p>Ce mod\u00e8le est id\u00e9al pour les joueurs techniques qui recherchent les meilleures performances dans chaque coup. Sa finition approximative sur les plans permet d&#8217;appliquer des effets au ballon avec une plus grande pr\u00e9cision, ce qui vous permettra de surprendre vos rivaux et de faire une vari\u00e9t\u00e9 de coups.<\/p>\n<h2> <strong> Caract\u00e9ristiques de la pelle Kombat Galeras <\/strong> <\/h2>\n<p> &#8211; Nucle de caoutchouc Eva noir \u00e9lev\u00e9, fournissant une touche ferme et un bon rebond.<\/p>\n<p> &#8211; 18K Plans de carbone, offrant une sensation de plus grande rigidit\u00e9.<\/p>\n<p> &#8211; Surface rugueuse sur les faces, permettant d&#8217;imprimer des effets avec une plus grande pr\u00e9cision.<\/p>\n<p> &#8211; Cadre tubulaire \u00e0 fibre de carbone \u00e0 100%, garantissant une plus grande r\u00e9sistance et durabilit\u00e9.<\/p>\n<p style=\"padding-left: 40px\"> &#8211; 355 grammes l\u00e9gers, ce qui offre une gestion et une agilit\u00e9 sup\u00e9rieures.<\/p>\n<p> &#8211; Technologie anti-vibrations pour obtenir un coup plus fort et plus stable.<\/p>\n<h2> <strong> Obtenez le Kombat Galeras 2025 dans le magasin Revolution Padel.<br \/>\nLe Kombat Galeras est une pelle \u00e0 la d\u00e9chirure avec un \u00e9quilibre moyen pour les femmes, en carbone et un noyau en caoutchouc dur Eva. Il garantit des coups coh\u00e9rents et un jeu explosif et pr\u00e9cis, id\u00e9al pour les joueurs \u00e0 la recherche de polyvalence et de performances dans toutes les situations de jeu.<\/p>\n<h2><strong>Kombat Galeras Mujer 2025, explosividad y precisi\u00f3n<\/strong><\/p>\n","protected":false},"excerpt":{"rendered":"<p>THEAR PHOVEL et HEMP KOMBAT GALERAS 2025, con\u00e7u pour fournir une pr\u00e9cision et une explosivit\u00e9 aux joueurs de pagaie exigeants. Avec des plans en carbone RUFO 18K et noyau EVA noir.<\/p>\n","protected":false},"featured_media":125198,"comment_status":"open","ping_status":"closed","template":"","meta":{"_acf_changed":false,"_joinchat":[]},"acabado":[1082,1087],"balance":[1142],"dureza":[1162],"forma":[1187],"jugador":[1197],"marca":[1702],"nivel-de-juego":[1337,1342],"superficie":[1362],"tipo-de-juego":[1387],"product_brand":[],"product_cat":[302],"product_tag":[],"class_list":{"0":"post-125227","1":"product","2":"type-product","3":"status-publish","4":"has-post-thumbnail","6":"acabado-luminosite","7":"acabado-mon-pote","8":"balance-moyen","9":"dureza-dure","10":"forma-lagrima-fr","11":"jugador-mujer-fr","12":"marca-kombat-fr","13":"superficie-rugosa-fr","14":"tipo-de-juego-polivalente-fr","15":"product_cat-palas-de-padel-fr","17":"first","18":"instock","19":"taxable","20":"shipping-taxable","21":"purchasable","22":"product-type-simple"},"acf":[],"yoast_head":"<!-- This site is optimized with the Yoast SEO plugin v27.3 - https:\/\/yoast.com\/product\/yoast-seo-wordpress\/ -->\n<title>KOMBAT GALERAS MUJER - Revolution Padel Store<\/title>\n<meta name=\"description\" content=\"Dise\u00f1ada para brindar una extrema ligereza, f\u00e1cil manejabilidad y alto rendimiento en cada golpe, la pala de p\u00e1del Galeras de Kombat est\u00e1 inspirada en la fuerza del volc\u00e1n Galeras. Presenta una forma de l\u00e1grima, un balance medio y punto dulce centrado, por lo que concede un equilibrio superior entre control y potencia. Se considera una pala muy equilibrada. Gracias al punto dulce medio se consigue una salida de bola sobresaliente, mientras que el balance intermedio distribuye el peso uniformemente para una mejor manejabilidad.\" \/>\n<meta name=\"robots\" content=\"index, follow, max-snippet:-1, max-image-preview:large, max-video-preview:-1\" \/>\n<link rel=\"canonical\" href=\"https:\/\/revolutionpadelstore.com\/fr\/produit\/kombat-galeras-mujer-3\/\" \/>\n<meta property=\"og:locale\" content=\"fr_FR\" \/>\n<meta property=\"og:type\" content=\"article\" \/>\n<meta property=\"og:title\" content=\"KOMBAT GALERAS MUJER - Revolution Padel Store\" \/>\n<meta property=\"og:description\" content=\"Dise\u00f1ada para brindar una extrema ligereza, f\u00e1cil manejabilidad y alto rendimiento en cada golpe, la pala de p\u00e1del Galeras de Kombat est\u00e1 inspirada en la fuerza del volc\u00e1n Galeras. Presenta una forma de l\u00e1grima, un balance medio y punto dulce centrado, por lo que concede un equilibrio superior entre control y potencia. Se considera una pala muy equilibrada. Gracias al punto dulce medio se consigue una salida de bola sobresaliente, mientras que el balance intermedio distribuye el peso uniformemente para una mejor manejabilidad.\" \/>\n<meta property=\"og:url\" content=\"https:\/\/revolutionpadelstore.com\/fr\/produit\/kombat-galeras-mujer-3\/\" \/>\n<meta property=\"og:site_name\" content=\"Revolution Padel Store\" \/>\n<meta property=\"article:modified_time\" content=\"2026-04-01T04:51:34+00:00\" \/>\n<meta property=\"og:image\" content=\"https:\/\/revolutionpadelstore.com\/wp-content\/uploads\/2024\/11\/115023_pala_kombat_galeras_1500x1500_1_19bf.webp\" \/>\n\t<meta property=\"og:image:width\" content=\"1500\" \/>\n\t<meta property=\"og:image:height\" content=\"1500\" \/>\n\t<meta property=\"og:image:type\" content=\"image\/webp\" \/>\n<meta name=\"twitter:card\" content=\"summary_large_image\" \/>\n<meta name=\"twitter:label1\" content=\"Dur\u00e9e de lecture estim\u00e9e\" \/>\n\t<meta name=\"twitter:data1\" content=\"2 minutes\" \/>\n<script type=\"application\/ld+json\" class=\"yoast-schema-graph\">{\"@context\":\"https:\\\/\\\/schema.org\",\"@graph\":[{\"@type\":\"WebPage\",\"@id\":\"https:\\\/\\\/revolutionpadelstore.com\\\/fr\\\/produit\\\/kombat-galeras-mujer-3\\\/\",\"url\":\"https:\\\/\\\/revolutionpadelstore.com\\\/fr\\\/produit\\\/kombat-galeras-mujer-3\\\/\",\"name\":\"KOMBAT GALERAS MUJER - Revolution Padel Store\",\"isPartOf\":{\"@id\":\"https:\\\/\\\/revolutionpadelstore.com\\\/fr\\\/#website\"},\"primaryImageOfPage\":{\"@id\":\"https:\\\/\\\/revolutionpadelstore.com\\\/fr\\\/produit\\\/kombat-galeras-mujer-3\\\/#primaryimage\"},\"image\":{\"@id\":\"https:\\\/\\\/revolutionpadelstore.com\\\/fr\\\/produit\\\/kombat-galeras-mujer-3\\\/#primaryimage\"},\"thumbnailUrl\":\"https:\\\/\\\/revolutionpadelstore.com\\\/wp-content\\\/uploads\\\/2024\\\/11\\\/115023_pala_kombat_galeras_1500x1500_1_19bf.webp\",\"datePublished\":\"2024-11-23T11:02:11+00:00\",\"dateModified\":\"2026-04-01T04:51:34+00:00\",\"description\":\"Dise\u00f1ada para brindar una extrema ligereza, f\u00e1cil manejabilidad y alto rendimiento en cada golpe, la pala de p\u00e1del Galeras de Kombat est\u00e1 inspirada en la fuerza del volc\u00e1n Galeras. Presenta una forma de l\u00e1grima, un balance medio y punto dulce centrado, por lo que concede un equilibrio superior entre control y potencia. Se considera una pala muy equilibrada. Gracias al punto dulce medio se consigue una salida de bola sobresaliente, mientras que el balance intermedio distribuye el peso uniformemente para una mejor manejabilidad.\",\"breadcrumb\":{\"@id\":\"https:\\\/\\\/revolutionpadelstore.com\\\/fr\\\/produit\\\/kombat-galeras-mujer-3\\\/#breadcrumb\"},\"inLanguage\":\"fr-FR\",\"potentialAction\":[{\"@type\":\"ReadAction\",\"target\":[\"https:\\\/\\\/revolutionpadelstore.com\\\/fr\\\/produit\\\/kombat-galeras-mujer-3\\\/\"]}]},{\"@type\":\"ImageObject\",\"inLanguage\":\"fr-FR\",\"@id\":\"https:\\\/\\\/revolutionpadelstore.com\\\/fr\\\/produit\\\/kombat-galeras-mujer-3\\\/#primaryimage\",\"url\":\"https:\\\/\\\/revolutionpadelstore.com\\\/wp-content\\\/uploads\\\/2024\\\/11\\\/115023_pala_kombat_galeras_1500x1500_1_19bf.webp\",\"contentUrl\":\"https:\\\/\\\/revolutionpadelstore.com\\\/wp-content\\\/uploads\\\/2024\\\/11\\\/115023_pala_kombat_galeras_1500x1500_1_19bf.webp\",\"width\":1500,\"height\":1500},{\"@type\":\"BreadcrumbList\",\"@id\":\"https:\\\/\\\/revolutionpadelstore.com\\\/fr\\\/produit\\\/kombat-galeras-mujer-3\\\/#breadcrumb\",\"itemListElement\":[{\"@type\":\"ListItem\",\"position\":1,\"name\":\"Portada\",\"item\":\"https:\\\/\\\/revolutionpadelstore.com\\\/fr\\\/\"},{\"@type\":\"ListItem\",\"position\":2,\"name\":\"Boutique\",\"item\":\"https:\\\/\\\/revolutionpadelstore.com\\\/fr\\\/tienda\\\/\"},{\"@type\":\"ListItem\",\"position\":3,\"name\":\"KOMBAT GALERAS MUJER\"}]},{\"@type\":\"WebSite\",\"@id\":\"https:\\\/\\\/revolutionpadelstore.com\\\/fr\\\/#website\",\"url\":\"https:\\\/\\\/revolutionpadelstore.com\\\/fr\\\/\",\"name\":\"Revolution Padel Store\",\"description\":\"\",\"publisher\":{\"@id\":\"https:\\\/\\\/revolutionpadelstore.com\\\/fr\\\/#organization\"},\"potentialAction\":[{\"@type\":\"SearchAction\",\"target\":{\"@type\":\"EntryPoint\",\"urlTemplate\":\"https:\\\/\\\/revolutionpadelstore.com\\\/fr\\\/?s={search_term_string}\"},\"query-input\":{\"@type\":\"PropertyValueSpecification\",\"valueRequired\":true,\"valueName\":\"search_term_string\"}}],\"inLanguage\":\"fr-FR\"},{\"@type\":\"Organization\",\"@id\":\"https:\\\/\\\/revolutionpadelstore.com\\\/fr\\\/#organization\",\"name\":\"Revolution Padel Store\",\"url\":\"https:\\\/\\\/revolutionpadelstore.com\\\/fr\\\/\",\"logo\":{\"@type\":\"ImageObject\",\"inLanguage\":\"fr-FR\",\"@id\":\"https:\\\/\\\/revolutionpadelstore.com\\\/fr\\\/#\\\/schema\\\/logo\\\/image\\\/\",\"url\":\"https:\\\/\\\/revolutionpadelstore.com\\\/wp-content\\\/uploads\\\/2026\\\/02\\\/revolution-padel-store.jpg\",\"contentUrl\":\"https:\\\/\\\/revolutionpadelstore.com\\\/wp-content\\\/uploads\\\/2026\\\/02\\\/revolution-padel-store.jpg\",\"width\":2000,\"height\":2000,\"caption\":\"Revolution Padel Store\"},\"image\":{\"@id\":\"https:\\\/\\\/revolutionpadelstore.com\\\/fr\\\/#\\\/schema\\\/logo\\\/image\\\/\"},\"sameAs\":[\"https:\\\/\\\/www.instagram.com\\\/revolutionpadelstore\\\/\"]}]}<\/script>\n<!-- \/ Yoast SEO plugin. -->","yoast_head_json":{"title":"KOMBAT GALERAS MUJER - Revolution Padel Store","description":"Dise\u00f1ada para brindar una extrema ligereza, f\u00e1cil manejabilidad y alto rendimiento en cada golpe, la pala de p\u00e1del Galeras de Kombat est\u00e1 inspirada en la fuerza del volc\u00e1n Galeras. Presenta una forma de l\u00e1grima, un balance medio y punto dulce centrado, por lo que concede un equilibrio superior entre control y potencia. Se considera una pala muy equilibrada. Gracias al punto dulce medio se consigue una salida de bola sobresaliente, mientras que el balance intermedio distribuye el peso uniformemente para una mejor manejabilidad.","robots":{"index":"index","follow":"follow","max-snippet":"max-snippet:-1","max-image-preview":"max-image-preview:large","max-video-preview":"max-video-preview:-1"},"canonical":"https:\/\/revolutionpadelstore.com\/fr\/produit\/kombat-galeras-mujer-3\/","og_locale":"fr_FR","og_type":"article","og_title":"KOMBAT GALERAS MUJER - Revolution Padel Store","og_description":"Dise\u00f1ada para brindar una extrema ligereza, f\u00e1cil manejabilidad y alto rendimiento en cada golpe, la pala de p\u00e1del Galeras de Kombat est\u00e1 inspirada en la fuerza del volc\u00e1n Galeras. Presenta una forma de l\u00e1grima, un balance medio y punto dulce centrado, por lo que concede un equilibrio superior entre control y potencia. Se considera una pala muy equilibrada. Gracias al punto dulce medio se consigue una salida de bola sobresaliente, mientras que el balance intermedio distribuye el peso uniformemente para una mejor manejabilidad.","og_url":"https:\/\/revolutionpadelstore.com\/fr\/produit\/kombat-galeras-mujer-3\/","og_site_name":"Revolution Padel Store","article_modified_time":"2026-04-01T04:51:34+00:00","og_image":[{"width":1500,"height":1500,"url":"https:\/\/revolutionpadelstore.com\/wp-content\/uploads\/2024\/11\/115023_pala_kombat_galeras_1500x1500_1_19bf.webp","type":"image\/webp"}],"twitter_card":"summary_large_image","twitter_misc":{"Dur\u00e9e de lecture estim\u00e9e":"2 minutes"},"schema":{"@context":"https:\/\/schema.org","@graph":[{"@type":"WebPage","@id":"https:\/\/revolutionpadelstore.com\/fr\/produit\/kombat-galeras-mujer-3\/","url":"https:\/\/revolutionpadelstore.com\/fr\/produit\/kombat-galeras-mujer-3\/","name":"KOMBAT GALERAS MUJER - Revolution Padel Store","isPartOf":{"@id":"https:\/\/revolutionpadelstore.com\/fr\/#website"},"primaryImageOfPage":{"@id":"https:\/\/revolutionpadelstore.com\/fr\/produit\/kombat-galeras-mujer-3\/#primaryimage"},"image":{"@id":"https:\/\/revolutionpadelstore.com\/fr\/produit\/kombat-galeras-mujer-3\/#primaryimage"},"thumbnailUrl":"https:\/\/revolutionpadelstore.com\/wp-content\/uploads\/2024\/11\/115023_pala_kombat_galeras_1500x1500_1_19bf.webp","datePublished":"2024-11-23T11:02:11+00:00","dateModified":"2026-04-01T04:51:34+00:00","description":"Dise\u00f1ada para brindar una extrema ligereza, f\u00e1cil manejabilidad y alto rendimiento en cada golpe, la pala de p\u00e1del Galeras de Kombat est\u00e1 inspirada en la fuerza del volc\u00e1n Galeras. Presenta una forma de l\u00e1grima, un balance medio y punto dulce centrado, por lo que concede un equilibrio superior entre control y potencia. Se considera una pala muy equilibrada. Gracias al punto dulce medio se consigue una salida de bola sobresaliente, mientras que el balance intermedio distribuye el peso uniformemente para una mejor manejabilidad.","breadcrumb":{"@id":"https:\/\/revolutionpadelstore.com\/fr\/produit\/kombat-galeras-mujer-3\/#breadcrumb"},"inLanguage":"fr-FR","potentialAction":[{"@type":"ReadAction","target":["https:\/\/revolutionpadelstore.com\/fr\/produit\/kombat-galeras-mujer-3\/"]}]},{"@type":"ImageObject","inLanguage":"fr-FR","@id":"https:\/\/revolutionpadelstore.com\/fr\/produit\/kombat-galeras-mujer-3\/#primaryimage","url":"https:\/\/revolutionpadelstore.com\/wp-content\/uploads\/2024\/11\/115023_pala_kombat_galeras_1500x1500_1_19bf.webp","contentUrl":"https:\/\/revolutionpadelstore.com\/wp-content\/uploads\/2024\/11\/115023_pala_kombat_galeras_1500x1500_1_19bf.webp","width":1500,"height":1500},{"@type":"BreadcrumbList","@id":"https:\/\/revolutionpadelstore.com\/fr\/produit\/kombat-galeras-mujer-3\/#breadcrumb","itemListElement":[{"@type":"ListItem","position":1,"name":"Portada","item":"https:\/\/revolutionpadelstore.com\/fr\/"},{"@type":"ListItem","position":2,"name":"Boutique","item":"https:\/\/revolutionpadelstore.com\/fr\/tienda\/"},{"@type":"ListItem","position":3,"name":"KOMBAT GALERAS MUJER"}]},{"@type":"WebSite","@id":"https:\/\/revolutionpadelstore.com\/fr\/#website","url":"https:\/\/revolutionpadelstore.com\/fr\/","name":"Revolution Padel Store","description":"","publisher":{"@id":"https:\/\/revolutionpadelstore.com\/fr\/#organization"},"potentialAction":[{"@type":"SearchAction","target":{"@type":"EntryPoint","urlTemplate":"https:\/\/revolutionpadelstore.com\/fr\/?s={search_term_string}"},"query-input":{"@type":"PropertyValueSpecification","valueRequired":true,"valueName":"search_term_string"}}],"inLanguage":"fr-FR"},{"@type":"Organization","@id":"https:\/\/revolutionpadelstore.com\/fr\/#organization","name":"Revolution Padel Store","url":"https:\/\/revolutionpadelstore.com\/fr\/","logo":{"@type":"ImageObject","inLanguage":"fr-FR","@id":"https:\/\/revolutionpadelstore.com\/fr\/#\/schema\/logo\/image\/","url":"https:\/\/revolutionpadelstore.com\/wp-content\/uploads\/2026\/02\/revolution-padel-store.jpg","contentUrl":"https:\/\/revolutionpadelstore.com\/wp-content\/uploads\/2026\/02\/revolution-padel-store.jpg","width":2000,"height":2000,"caption":"Revolution Padel Store"},"image":{"@id":"https:\/\/revolutionpadelstore.com\/fr\/#\/schema\/logo\/image\/"},"sameAs":["https:\/\/www.instagram.com\/revolutionpadelstore\/"]}]}},"_links":{"self":[{"href":"https:\/\/revolutionpadelstore.com\/fr\/wp-json\/wp\/v2\/product\/125227","targetHints":{"allow":["GET"]}}],"collection":[{"href":"https:\/\/revolutionpadelstore.com\/fr\/wp-json\/wp\/v2\/product"}],"about":[{"href":"https:\/\/revolutionpadelstore.com\/fr\/wp-json\/wp\/v2\/types\/product"}],"replies":[{"embeddable":true,"href":"https:\/\/revolutionpadelstore.com\/fr\/wp-json\/wp\/v2\/comments?post=125227"}],"wp:featuredmedia":[{"embeddable":true,"href":"https:\/\/revolutionpadelstore.com\/fr\/wp-json\/wp\/v2\/media\/125198"}],"wp:attachment":[{"href":"https:\/\/revolutionpadelstore.com\/fr\/wp-json\/wp\/v2\/media?parent=125227"}],"wp:term":[{"taxonomy":"acabado","embeddable":true,"href":"https:\/\/revolutionpadelstore.com\/fr\/wp-json\/wp\/v2\/acabado?post=125227"},{"taxonomy":"balance","embeddable":true,"href":"https:\/\/revolutionpadelstore.com\/fr\/wp-json\/wp\/v2\/balance?post=125227"},{"taxonomy":"dureza","embeddable":true,"href":"https:\/\/revolutionpadelstore.com\/fr\/wp-json\/wp\/v2\/dureza?post=125227"},{"taxonomy":"forma","embeddable":true,"href":"https:\/\/revolutionpadelstore.com\/fr\/wp-json\/wp\/v2\/forma?post=125227"},{"taxonomy":"jugador","embeddable":true,"href":"https:\/\/revolutionpadelstore.com\/fr\/wp-json\/wp\/v2\/jugador?post=125227"},{"taxonomy":"marca","embeddable":true,"href":"https:\/\/revolutionpadelstore.com\/fr\/wp-json\/wp\/v2\/marca?post=125227"},{"taxonomy":"nivel-de-juego","embeddable":true,"href":"https:\/\/revolutionpadelstore.com\/fr\/wp-json\/wp\/v2\/nivel-de-juego?post=125227"},{"taxonomy":"superficie","embeddable":true,"href":"https:\/\/revolutionpadelstore.com\/fr\/wp-json\/wp\/v2\/superficie?post=125227"},{"taxonomy":"tipo-de-juego","embeddable":true,"href":"https:\/\/revolutionpadelstore.com\/fr\/wp-json\/wp\/v2\/tipo-de-juego?post=125227"},{"taxonomy":"product_brand","embeddable":true,"href":"https:\/\/revolutionpadelstore.com\/fr\/wp-json\/wp\/v2\/product_brand?post=125227"},{"taxonomy":"product_cat","embeddable":true,"href":"https:\/\/revolutionpadelstore.com\/fr\/wp-json\/wp\/v2\/product_cat?post=125227"},{"taxonomy":"product_tag","embeddable":true,"href":"https:\/\/revolutionpadelstore.com\/fr\/wp-json\/wp\/v2\/product_tag?post=125227"}],"curies":[{"name":"wp","href":"https:\/\/api.w.org\/{rel}","templated":true}]}}