{"id":125191,"date":"2024-11-23T11:51:43","date_gmt":"2024-11-23T10:51:43","guid":{"rendered":"https:\/\/revolutionpadelstore.com\/kombat-krakatoa\/"},"modified":"2026-04-01T06:51:59","modified_gmt":"2026-04-01T04:51:59","slug":"kombat-krakatoa","status":"publish","type":"product","link":"https:\/\/revolutionpadelstore.com\/fr\/produit\/kombat-krakatoa\/","title":{"rendered":"KOMBAT KRAKATOA"},"content":{"rendered":"<h2> kombat krakatoa, rond Padel pala<br \/>\nLe <strong> kombat krakatoa <\/strong> est une pelle de <strong> moule <\/strong> <strong> rond <\/strong> qui se d\u00e9marque dans la collection Vulcano, inspir\u00e9e de la puissance et de la stabilit\u00e9 du volcan Krakatoa. Con\u00e7u pour fournir un contr\u00f4le absolu dans chaque coup, cette pelle combine la pr\u00e9cision et l&#8217;agilit\u00e9, offrant une zone sucr\u00e9e parfaitement centr\u00e9e. Avec un \u00e9quilibre orient\u00e9 vers la poign\u00e9e, gr\u00e2ce \u00e0 son sch\u00e9ma innovant de trous, le Kombat Krakatoa offre une manipulation exceptionnellement confortable. Si vous recherchez une pelle qui offre une pr\u00e9cision \u00e0 chaque point et la stabilit\u00e9 du jeu, le Krakatoa est con\u00e7u pour vous.<\/p>\n<h2> Kombat Krakatoa pour les joueurs de contr\u00f4le <\/h2>\n<p>Le <strong> kombat krakatoa <\/strong> est une id\u00e9e <strong> l pour les joueurs qui appr\u00e9cient le contr\u00f4le <\/strong> au pouvoir. Parfait pour ceux qui commencent dans la pagaie ou pour les joueurs amateurs qui pr\u00e9f\u00e8rent une approche technique et pr\u00e9cise. La pelle offre un confort incomparable, sans sacrifier la puissance n\u00e9cessaire aux moments cl\u00e9s du jeu. Gr\u00e2ce \u00e0 son noyau EVA noir de duret\u00e9 moyenne, il permet un \u00e9quilibre entre le toucher doux et la r\u00e9ponse rapide, offrant une grande sensation dans chaque coup. Avec un design polyvalent, il s&#8217;adapte \u00e0 la fois aux nouveaux joueurs et \u00e0 ceux qui cherchent \u00e0 perfectionner leur style.<\/p>\n<h2> Kombat Krakatoa et ses caract\u00e9ristiques <\/h2>\n<p> &#8211; Formulaire: <strong> Round <\/strong> avec un faible \u00e9quilibre.<br \/>\n<P> <strong> -NuCole <\/strong>: noir <strong> eva <\/strong> de la duret\u00e9 moyenne <\/strong>.<\/p>\n<p> &#8211; Tubulaire: 100% de fibre de carbone.<\/p>\n<p> &#8211; Plane: <strong> carbone 12k <\/strong> rugueux.<\/p>\n<p style=\"padding-left: 40px\"> &#8211; finition: luminosit\u00e9 \/ mate <\/p>\n<p> &#8211; Power: 8\/10 <\/p>\n<p> &#8211; Contr\u00f4le: 10\/10 <\/p>\n<p> &#8211; Sortie de balle: 9\/10 <\/p>\n<h2> Kombat Krakatoa disponible dans Revolution Padel Store <\/h2>\n<p>Ne manquez pas l&#8217;occasion de faire passer votre jeu au niveau sup\u00e9rieur avec le <strong> kombat krakatoa <\/strong>. Votre conception et votre contr\u00f4le sup\u00e9rieurs vous aideront \u00e0 ma\u00eetriser chaque point. Achetez le v\u00f4tre maintenant et am\u00e9liorez votre pr\u00e9cision sur la piste!<\/p>\n<h2>Kombat Krakatoa, pala de p\u00e1del redonda colecci\u00f3n 2025<\/h2>\n","protected":false},"excerpt":{"rendered":"<p>Le Krakatoa Kombat offre un contr\u00f4le sup\u00e9rieur gr\u00e2ce \u00e0 sa conception ronde et \u00e0 sa zone sucr\u00e9e centr\u00e9e, id\u00e9ale pour les joueurs techniques qui priorisent la pr\u00e9cision.<\/p>\n","protected":false},"featured_media":125162,"comment_status":"open","ping_status":"closed","template":"","meta":{"_acf_changed":false,"_joinchat":[]},"acabado":[1092],"balance":[1147],"dureza":[1157],"forma":[1182],"jugador":[1192,1202],"marca":[1702],"nivel-de-juego":[1337,1342],"superficie":[1362],"tipo-de-juego":[1372],"product_brand":[],"product_cat":[302],"product_tag":[],"class_list":{"0":"post-125191","1":"product","2":"type-product","3":"status-publish","4":"has-post-thumbnail","6":"acabado-soulager-la-3d","7":"balance-faible","8":"dureza-media-fr","9":"forma-rond","10":"jugador-homme","11":"jugador-polivalente-fr","12":"marca-kombat-fr","13":"superficie-rugosa-fr","14":"tipo-de-juego-control-fr","15":"product_cat-palas-de-padel-fr","17":"first","18":"instock","19":"taxable","20":"shipping-taxable","21":"purchasable","22":"product-type-simple"},"acf":[],"yoast_head":"<!-- This site is optimized with the Yoast SEO plugin v27.3 - https:\/\/yoast.com\/product\/yoast-seo-wordpress\/ -->\n<title>KOMBAT KRAKATOA - Revolution Padel Store<\/title>\n<meta name=\"description\" content=\"La Kombat Krakatoa es una pala de molde redondo que destaca dentro de la colecci\u00f3n Vulcano, inspirada en la potencia y estabilidad del volc\u00e1n Krakatoa. Dise\u00f1ada para proporcionar un control absoluto en cada golpe, esta pala combina precisi\u00f3n y agilidad, ofreciendo una zona dulce perfectamente centrada. Con un balance orientado hacia la empu\u00f1adura, gracias a su innovador patr\u00f3n de agujeros, la Kombat Krakatoa proporciona un manejo excepcionalmente c\u00f3modo. Si buscas una pala que ofrezca precisi\u00f3n en cada punto y estabilidad en el juego, la Krakatoa est\u00e1 pensada para ti.\" \/>\n<meta name=\"robots\" content=\"index, follow, max-snippet:-1, max-image-preview:large, max-video-preview:-1\" \/>\n<link rel=\"canonical\" href=\"https:\/\/revolutionpadelstore.com\/fr\/produit\/kombat-krakatoa\/\" \/>\n<meta property=\"og:locale\" content=\"fr_FR\" \/>\n<meta property=\"og:type\" content=\"article\" \/>\n<meta property=\"og:title\" content=\"KOMBAT KRAKATOA - Revolution Padel Store\" \/>\n<meta property=\"og:description\" content=\"La Kombat Krakatoa es una pala de molde redondo que destaca dentro de la colecci\u00f3n Vulcano, inspirada en la potencia y estabilidad del volc\u00e1n Krakatoa. Dise\u00f1ada para proporcionar un control absoluto en cada golpe, esta pala combina precisi\u00f3n y agilidad, ofreciendo una zona dulce perfectamente centrada. Con un balance orientado hacia la empu\u00f1adura, gracias a su innovador patr\u00f3n de agujeros, la Kombat Krakatoa proporciona un manejo excepcionalmente c\u00f3modo. Si buscas una pala que ofrezca precisi\u00f3n en cada punto y estabilidad en el juego, la Krakatoa est\u00e1 pensada para ti.\" \/>\n<meta property=\"og:url\" content=\"https:\/\/revolutionpadelstore.com\/fr\/produit\/kombat-krakatoa\/\" \/>\n<meta property=\"og:site_name\" content=\"Revolution Padel Store\" \/>\n<meta property=\"article:modified_time\" content=\"2026-04-01T04:51:59+00:00\" \/>\n<meta property=\"og:image\" content=\"https:\/\/revolutionpadelstore.com\/wp-content\/uploads\/2024\/11\/115024_pala_kombat_krakatoa_1500x1500_1_7937.webp\" \/>\n\t<meta property=\"og:image:width\" content=\"1500\" \/>\n\t<meta property=\"og:image:height\" content=\"1500\" \/>\n\t<meta property=\"og:image:type\" content=\"image\/webp\" \/>\n<meta name=\"twitter:card\" content=\"summary_large_image\" \/>\n<meta name=\"twitter:label1\" content=\"Dur\u00e9e de lecture estim\u00e9e\" \/>\n\t<meta name=\"twitter:data1\" content=\"2 minutes\" \/>\n<script type=\"application\/ld+json\" class=\"yoast-schema-graph\">{\"@context\":\"https:\\\/\\\/schema.org\",\"@graph\":[{\"@type\":\"WebPage\",\"@id\":\"https:\\\/\\\/revolutionpadelstore.com\\\/fr\\\/produit\\\/kombat-krakatoa\\\/\",\"url\":\"https:\\\/\\\/revolutionpadelstore.com\\\/fr\\\/produit\\\/kombat-krakatoa\\\/\",\"name\":\"KOMBAT KRAKATOA - Revolution Padel Store\",\"isPartOf\":{\"@id\":\"https:\\\/\\\/revolutionpadelstore.com\\\/fr\\\/#website\"},\"primaryImageOfPage\":{\"@id\":\"https:\\\/\\\/revolutionpadelstore.com\\\/fr\\\/produit\\\/kombat-krakatoa\\\/#primaryimage\"},\"image\":{\"@id\":\"https:\\\/\\\/revolutionpadelstore.com\\\/fr\\\/produit\\\/kombat-krakatoa\\\/#primaryimage\"},\"thumbnailUrl\":\"https:\\\/\\\/revolutionpadelstore.com\\\/wp-content\\\/uploads\\\/2024\\\/11\\\/115024_pala_kombat_krakatoa_1500x1500_1_7937.webp\",\"datePublished\":\"2024-11-23T10:51:43+00:00\",\"dateModified\":\"2026-04-01T04:51:59+00:00\",\"description\":\"La Kombat Krakatoa es una pala de molde redondo que destaca dentro de la colecci\u00f3n Vulcano, inspirada en la potencia y estabilidad del volc\u00e1n Krakatoa. Dise\u00f1ada para proporcionar un control absoluto en cada golpe, esta pala combina precisi\u00f3n y agilidad, ofreciendo una zona dulce perfectamente centrada. Con un balance orientado hacia la empu\u00f1adura, gracias a su innovador patr\u00f3n de agujeros, la Kombat Krakatoa proporciona un manejo excepcionalmente c\u00f3modo. Si buscas una pala que ofrezca precisi\u00f3n en cada punto y estabilidad en el juego, la Krakatoa est\u00e1 pensada para ti.\",\"breadcrumb\":{\"@id\":\"https:\\\/\\\/revolutionpadelstore.com\\\/fr\\\/produit\\\/kombat-krakatoa\\\/#breadcrumb\"},\"inLanguage\":\"fr-FR\",\"potentialAction\":[{\"@type\":\"ReadAction\",\"target\":[\"https:\\\/\\\/revolutionpadelstore.com\\\/fr\\\/produit\\\/kombat-krakatoa\\\/\"]}]},{\"@type\":\"ImageObject\",\"inLanguage\":\"fr-FR\",\"@id\":\"https:\\\/\\\/revolutionpadelstore.com\\\/fr\\\/produit\\\/kombat-krakatoa\\\/#primaryimage\",\"url\":\"https:\\\/\\\/revolutionpadelstore.com\\\/wp-content\\\/uploads\\\/2024\\\/11\\\/115024_pala_kombat_krakatoa_1500x1500_1_7937.webp\",\"contentUrl\":\"https:\\\/\\\/revolutionpadelstore.com\\\/wp-content\\\/uploads\\\/2024\\\/11\\\/115024_pala_kombat_krakatoa_1500x1500_1_7937.webp\",\"width\":1500,\"height\":1500},{\"@type\":\"BreadcrumbList\",\"@id\":\"https:\\\/\\\/revolutionpadelstore.com\\\/fr\\\/produit\\\/kombat-krakatoa\\\/#breadcrumb\",\"itemListElement\":[{\"@type\":\"ListItem\",\"position\":1,\"name\":\"Portada\",\"item\":\"https:\\\/\\\/revolutionpadelstore.com\\\/fr\\\/\"},{\"@type\":\"ListItem\",\"position\":2,\"name\":\"Boutique\",\"item\":\"https:\\\/\\\/revolutionpadelstore.com\\\/fr\\\/tienda\\\/\"},{\"@type\":\"ListItem\",\"position\":3,\"name\":\"KOMBAT KRAKATOA\"}]},{\"@type\":\"WebSite\",\"@id\":\"https:\\\/\\\/revolutionpadelstore.com\\\/fr\\\/#website\",\"url\":\"https:\\\/\\\/revolutionpadelstore.com\\\/fr\\\/\",\"name\":\"Revolution Padel Store\",\"description\":\"\",\"publisher\":{\"@id\":\"https:\\\/\\\/revolutionpadelstore.com\\\/fr\\\/#organization\"},\"potentialAction\":[{\"@type\":\"SearchAction\",\"target\":{\"@type\":\"EntryPoint\",\"urlTemplate\":\"https:\\\/\\\/revolutionpadelstore.com\\\/fr\\\/?s={search_term_string}\"},\"query-input\":{\"@type\":\"PropertyValueSpecification\",\"valueRequired\":true,\"valueName\":\"search_term_string\"}}],\"inLanguage\":\"fr-FR\"},{\"@type\":\"Organization\",\"@id\":\"https:\\\/\\\/revolutionpadelstore.com\\\/fr\\\/#organization\",\"name\":\"Revolution Padel Store\",\"url\":\"https:\\\/\\\/revolutionpadelstore.com\\\/fr\\\/\",\"logo\":{\"@type\":\"ImageObject\",\"inLanguage\":\"fr-FR\",\"@id\":\"https:\\\/\\\/revolutionpadelstore.com\\\/fr\\\/#\\\/schema\\\/logo\\\/image\\\/\",\"url\":\"https:\\\/\\\/revolutionpadelstore.com\\\/wp-content\\\/uploads\\\/2026\\\/02\\\/revolution-padel-store.jpg\",\"contentUrl\":\"https:\\\/\\\/revolutionpadelstore.com\\\/wp-content\\\/uploads\\\/2026\\\/02\\\/revolution-padel-store.jpg\",\"width\":2000,\"height\":2000,\"caption\":\"Revolution Padel Store\"},\"image\":{\"@id\":\"https:\\\/\\\/revolutionpadelstore.com\\\/fr\\\/#\\\/schema\\\/logo\\\/image\\\/\"},\"sameAs\":[\"https:\\\/\\\/www.instagram.com\\\/revolutionpadelstore\\\/\"]}]}<\/script>\n<!-- \/ Yoast SEO plugin. -->","yoast_head_json":{"title":"KOMBAT KRAKATOA - Revolution Padel Store","description":"La Kombat Krakatoa es una pala de molde redondo que destaca dentro de la colecci\u00f3n Vulcano, inspirada en la potencia y estabilidad del volc\u00e1n Krakatoa. Dise\u00f1ada para proporcionar un control absoluto en cada golpe, esta pala combina precisi\u00f3n y agilidad, ofreciendo una zona dulce perfectamente centrada. Con un balance orientado hacia la empu\u00f1adura, gracias a su innovador patr\u00f3n de agujeros, la Kombat Krakatoa proporciona un manejo excepcionalmente c\u00f3modo. Si buscas una pala que ofrezca precisi\u00f3n en cada punto y estabilidad en el juego, la Krakatoa est\u00e1 pensada para ti.","robots":{"index":"index","follow":"follow","max-snippet":"max-snippet:-1","max-image-preview":"max-image-preview:large","max-video-preview":"max-video-preview:-1"},"canonical":"https:\/\/revolutionpadelstore.com\/fr\/produit\/kombat-krakatoa\/","og_locale":"fr_FR","og_type":"article","og_title":"KOMBAT KRAKATOA - Revolution Padel Store","og_description":"La Kombat Krakatoa es una pala de molde redondo que destaca dentro de la colecci\u00f3n Vulcano, inspirada en la potencia y estabilidad del volc\u00e1n Krakatoa. Dise\u00f1ada para proporcionar un control absoluto en cada golpe, esta pala combina precisi\u00f3n y agilidad, ofreciendo una zona dulce perfectamente centrada. Con un balance orientado hacia la empu\u00f1adura, gracias a su innovador patr\u00f3n de agujeros, la Kombat Krakatoa proporciona un manejo excepcionalmente c\u00f3modo. Si buscas una pala que ofrezca precisi\u00f3n en cada punto y estabilidad en el juego, la Krakatoa est\u00e1 pensada para ti.","og_url":"https:\/\/revolutionpadelstore.com\/fr\/produit\/kombat-krakatoa\/","og_site_name":"Revolution Padel Store","article_modified_time":"2026-04-01T04:51:59+00:00","og_image":[{"width":1500,"height":1500,"url":"https:\/\/revolutionpadelstore.com\/wp-content\/uploads\/2024\/11\/115024_pala_kombat_krakatoa_1500x1500_1_7937.webp","type":"image\/webp"}],"twitter_card":"summary_large_image","twitter_misc":{"Dur\u00e9e de lecture estim\u00e9e":"2 minutes"},"schema":{"@context":"https:\/\/schema.org","@graph":[{"@type":"WebPage","@id":"https:\/\/revolutionpadelstore.com\/fr\/produit\/kombat-krakatoa\/","url":"https:\/\/revolutionpadelstore.com\/fr\/produit\/kombat-krakatoa\/","name":"KOMBAT KRAKATOA - Revolution Padel Store","isPartOf":{"@id":"https:\/\/revolutionpadelstore.com\/fr\/#website"},"primaryImageOfPage":{"@id":"https:\/\/revolutionpadelstore.com\/fr\/produit\/kombat-krakatoa\/#primaryimage"},"image":{"@id":"https:\/\/revolutionpadelstore.com\/fr\/produit\/kombat-krakatoa\/#primaryimage"},"thumbnailUrl":"https:\/\/revolutionpadelstore.com\/wp-content\/uploads\/2024\/11\/115024_pala_kombat_krakatoa_1500x1500_1_7937.webp","datePublished":"2024-11-23T10:51:43+00:00","dateModified":"2026-04-01T04:51:59+00:00","description":"La Kombat Krakatoa es una pala de molde redondo que destaca dentro de la colecci\u00f3n Vulcano, inspirada en la potencia y estabilidad del volc\u00e1n Krakatoa. Dise\u00f1ada para proporcionar un control absoluto en cada golpe, esta pala combina precisi\u00f3n y agilidad, ofreciendo una zona dulce perfectamente centrada. Con un balance orientado hacia la empu\u00f1adura, gracias a su innovador patr\u00f3n de agujeros, la Kombat Krakatoa proporciona un manejo excepcionalmente c\u00f3modo. Si buscas una pala que ofrezca precisi\u00f3n en cada punto y estabilidad en el juego, la Krakatoa est\u00e1 pensada para ti.","breadcrumb":{"@id":"https:\/\/revolutionpadelstore.com\/fr\/produit\/kombat-krakatoa\/#breadcrumb"},"inLanguage":"fr-FR","potentialAction":[{"@type":"ReadAction","target":["https:\/\/revolutionpadelstore.com\/fr\/produit\/kombat-krakatoa\/"]}]},{"@type":"ImageObject","inLanguage":"fr-FR","@id":"https:\/\/revolutionpadelstore.com\/fr\/produit\/kombat-krakatoa\/#primaryimage","url":"https:\/\/revolutionpadelstore.com\/wp-content\/uploads\/2024\/11\/115024_pala_kombat_krakatoa_1500x1500_1_7937.webp","contentUrl":"https:\/\/revolutionpadelstore.com\/wp-content\/uploads\/2024\/11\/115024_pala_kombat_krakatoa_1500x1500_1_7937.webp","width":1500,"height":1500},{"@type":"BreadcrumbList","@id":"https:\/\/revolutionpadelstore.com\/fr\/produit\/kombat-krakatoa\/#breadcrumb","itemListElement":[{"@type":"ListItem","position":1,"name":"Portada","item":"https:\/\/revolutionpadelstore.com\/fr\/"},{"@type":"ListItem","position":2,"name":"Boutique","item":"https:\/\/revolutionpadelstore.com\/fr\/tienda\/"},{"@type":"ListItem","position":3,"name":"KOMBAT KRAKATOA"}]},{"@type":"WebSite","@id":"https:\/\/revolutionpadelstore.com\/fr\/#website","url":"https:\/\/revolutionpadelstore.com\/fr\/","name":"Revolution Padel Store","description":"","publisher":{"@id":"https:\/\/revolutionpadelstore.com\/fr\/#organization"},"potentialAction":[{"@type":"SearchAction","target":{"@type":"EntryPoint","urlTemplate":"https:\/\/revolutionpadelstore.com\/fr\/?s={search_term_string}"},"query-input":{"@type":"PropertyValueSpecification","valueRequired":true,"valueName":"search_term_string"}}],"inLanguage":"fr-FR"},{"@type":"Organization","@id":"https:\/\/revolutionpadelstore.com\/fr\/#organization","name":"Revolution Padel Store","url":"https:\/\/revolutionpadelstore.com\/fr\/","logo":{"@type":"ImageObject","inLanguage":"fr-FR","@id":"https:\/\/revolutionpadelstore.com\/fr\/#\/schema\/logo\/image\/","url":"https:\/\/revolutionpadelstore.com\/wp-content\/uploads\/2026\/02\/revolution-padel-store.jpg","contentUrl":"https:\/\/revolutionpadelstore.com\/wp-content\/uploads\/2026\/02\/revolution-padel-store.jpg","width":2000,"height":2000,"caption":"Revolution Padel Store"},"image":{"@id":"https:\/\/revolutionpadelstore.com\/fr\/#\/schema\/logo\/image\/"},"sameAs":["https:\/\/www.instagram.com\/revolutionpadelstore\/"]}]}},"_links":{"self":[{"href":"https:\/\/revolutionpadelstore.com\/fr\/wp-json\/wp\/v2\/product\/125191","targetHints":{"allow":["GET"]}}],"collection":[{"href":"https:\/\/revolutionpadelstore.com\/fr\/wp-json\/wp\/v2\/product"}],"about":[{"href":"https:\/\/revolutionpadelstore.com\/fr\/wp-json\/wp\/v2\/types\/product"}],"replies":[{"embeddable":true,"href":"https:\/\/revolutionpadelstore.com\/fr\/wp-json\/wp\/v2\/comments?post=125191"}],"wp:featuredmedia":[{"embeddable":true,"href":"https:\/\/revolutionpadelstore.com\/fr\/wp-json\/wp\/v2\/media\/125162"}],"wp:attachment":[{"href":"https:\/\/revolutionpadelstore.com\/fr\/wp-json\/wp\/v2\/media?parent=125191"}],"wp:term":[{"taxonomy":"acabado","embeddable":true,"href":"https:\/\/revolutionpadelstore.com\/fr\/wp-json\/wp\/v2\/acabado?post=125191"},{"taxonomy":"balance","embeddable":true,"href":"https:\/\/revolutionpadelstore.com\/fr\/wp-json\/wp\/v2\/balance?post=125191"},{"taxonomy":"dureza","embeddable":true,"href":"https:\/\/revolutionpadelstore.com\/fr\/wp-json\/wp\/v2\/dureza?post=125191"},{"taxonomy":"forma","embeddable":true,"href":"https:\/\/revolutionpadelstore.com\/fr\/wp-json\/wp\/v2\/forma?post=125191"},{"taxonomy":"jugador","embeddable":true,"href":"https:\/\/revolutionpadelstore.com\/fr\/wp-json\/wp\/v2\/jugador?post=125191"},{"taxonomy":"marca","embeddable":true,"href":"https:\/\/revolutionpadelstore.com\/fr\/wp-json\/wp\/v2\/marca?post=125191"},{"taxonomy":"nivel-de-juego","embeddable":true,"href":"https:\/\/revolutionpadelstore.com\/fr\/wp-json\/wp\/v2\/nivel-de-juego?post=125191"},{"taxonomy":"superficie","embeddable":true,"href":"https:\/\/revolutionpadelstore.com\/fr\/wp-json\/wp\/v2\/superficie?post=125191"},{"taxonomy":"tipo-de-juego","embeddable":true,"href":"https:\/\/revolutionpadelstore.com\/fr\/wp-json\/wp\/v2\/tipo-de-juego?post=125191"},{"taxonomy":"product_brand","embeddable":true,"href":"https:\/\/revolutionpadelstore.com\/fr\/wp-json\/wp\/v2\/product_brand?post=125191"},{"taxonomy":"product_cat","embeddable":true,"href":"https:\/\/revolutionpadelstore.com\/fr\/wp-json\/wp\/v2\/product_cat?post=125191"},{"taxonomy":"product_tag","embeddable":true,"href":"https:\/\/revolutionpadelstore.com\/fr\/wp-json\/wp\/v2\/product_tag?post=125191"}],"curies":[{"name":"wp","href":"https:\/\/api.w.org\/{rel}","templated":true}]}}