{"id":12399,"date":"2024-04-22T15:26:08","date_gmt":"2024-04-22T13:26:08","guid":{"rendered":"https:\/\/revolutionpadelstore.com\/joma-t-slam-2303-azul-amarillo-tslams2303p-marino-rosa\/"},"modified":"2025-09-02T02:02:45","modified_gmt":"2025-09-02T00:02:45","slug":"joma-t-slam-2303-azul-amarillo-tslams2303p-marino-rosa","status":"publish","type":"product","link":"https:\/\/revolutionpadelstore.com\/fr\/produit\/joma-t-slam-2303-azul-amarillo-tslams2303p-marino-rosa\/","title":{"rendered":"JOMA T.SLAM 2303 AZUL AMARILLO TSLAMS2303P MARINO ROSA"},"content":{"rendered":"<p>Chez Revolution Padel Store, vous trouverez les meilleures chaussures de padel du march\u00e9, comme la Joma T.Slam 2303 dans son mod\u00e8le bleu et jaune. Ces baskets sont con\u00e7ues avec la plus haute technologie et des mat\u00e9riaux de qualit\u00e9 pour garantir une durabilit\u00e9 exceptionnelle. Fabriqu\u00e9es en nylon et PU, ces baskets offrent une grande r\u00e9sistance \u00e0 l&#8217;usure par abrasion gr\u00e2ce \u00e0 leur semelle en caoutchouc DURABILITY.<\/p>\n<p>Mais ce n&#8217;est pas tout, les chaussures Joma T.Slam 2303 int\u00e8grent \u00e9galement la technologie VTS, un syst\u00e8me de ventilation qui garde vos pieds au frais et confortables tout au long du match. De plus, sa semelle interm\u00e9diaire est dot\u00e9e de la technologie REACTIVE BALL, qui absorbe les impacts et r\u00e9duit la charge sur vos articulations, vous donnant un \u00e9lan suppl\u00e9mentaire \u00e0 chaque pas.<\/p>\n<p>La semelle interm\u00e9diaire de ces chaussures a \u00e9galement une base en phylon de plus haute densit\u00e9 et fait partie du syst\u00e8me FULL DUAL PULSOR, qui offre stabilit\u00e9 et meilleures performances sur le terrain. Et pour s&#8217;adapter ergonomiquement \u00e0 votre empreinte, les chaussures Joma T.Slam 2303 sont dot\u00e9es de lignes flexibles FLEXO dans la semelle interm\u00e9diaire et d&#8217;une pi\u00e8ce STABILIS qui \u00e9vite les virages inappropri\u00e9s et \u00e9vite les blessures.<\/p>\n<p>N&#8217;attendez plus pour essayer les chaussures de padel Joma T.Slam 2303 dans le Revolution Padel Store, o\u00f9 vous trouverez la combinaison parfaite entre technologie avanc\u00e9e et durabilit\u00e9 maximale. Obtenez-les et am\u00e9liorez votre jeu sur le terrain !<\/p>\n","protected":false},"excerpt":{"rendered":"<p>Chaussures de padel Joma T.Slam 2303 en bleu et jaune avec une technologie avanc\u00e9e et une grande durabilit\u00e9 chez Revolution Padel Store<\/p>\n","protected":false},"featured_media":32511,"comment_status":"closed","ping_status":"closed","template":"","meta":{"_acf_changed":false,"_joinchat":[]},"acabado":[],"balance":[],"dureza":[],"forma":[],"jugador":[1192],"marca":[1227],"nivel-de-juego":[1337,1342,1347],"superficie":[],"tipo-de-juego":[1372],"product_brand":[],"product_cat":[407],"product_tag":[],"class_list":{"0":"post-12399","1":"product","2":"type-product","3":"status-publish","4":"has-post-thumbnail","6":"jugador-homme","7":"marca-joma-fr","8":"tipo-de-juego-control-fr","9":"product_cat-sneakers-pour-hommes","11":"first","12":"instock","13":"sale","14":"taxable","15":"shipping-taxable","16":"purchasable","17":"product-type-variable"},"acf":[],"yoast_head":"<!-- This site is optimized with the Yoast SEO plugin v27.4 - https:\/\/yoast.com\/product\/yoast-seo-wordpress\/ -->\n<title>JOMA T.SLAM 2303 AZUL AMARILLO TSLAMS2303P MARINO ROSA - Revolution Padel Store<\/title>\n<meta name=\"description\" content=\"Zapatillas de p\u00e1del Joma T.Slam 2303 en azul y amarillo con tecnolog\u00eda avanzada y gran durabilidad en Revolution Padel Store\" \/>\n<meta name=\"robots\" content=\"index, follow, max-snippet:-1, max-image-preview:large, max-video-preview:-1\" \/>\n<link rel=\"canonical\" href=\"https:\/\/revolutionpadelstore.com\/fr\/produit\/joma-t-slam-2303-azul-amarillo-tslams2303p-marino-rosa\/\" \/>\n<meta property=\"og:locale\" content=\"fr_FR\" \/>\n<meta property=\"og:type\" content=\"article\" \/>\n<meta property=\"og:title\" content=\"JOMA T.SLAM 2303 AZUL AMARILLO TSLAMS2303P MARINO ROSA - Revolution Padel Store\" \/>\n<meta property=\"og:description\" content=\"Zapatillas de p\u00e1del Joma T.Slam 2303 en azul y amarillo con tecnolog\u00eda avanzada y gran durabilidad en Revolution Padel Store\" \/>\n<meta property=\"og:url\" content=\"https:\/\/revolutionpadelstore.com\/fr\/produit\/joma-t-slam-2303-azul-amarillo-tslams2303p-marino-rosa\/\" \/>\n<meta property=\"og:site_name\" content=\"Revolution Padel Store\" \/>\n<meta property=\"article:modified_time\" content=\"2025-09-02T00:02:45+00:00\" \/>\n<meta property=\"og:image\" content=\"https:\/\/revolutionpadelstore.com\/wp-content\/uploads\/2024\/04\/C-106559-P-0-4.jpg\" \/>\n\t<meta property=\"og:image:width\" content=\"1000\" \/>\n\t<meta property=\"og:image:height\" content=\"1000\" \/>\n\t<meta property=\"og:image:type\" content=\"image\/jpeg\" \/>\n<meta name=\"twitter:card\" content=\"summary_large_image\" \/>\n<meta name=\"twitter:label1\" content=\"Dur\u00e9e de lecture estim\u00e9e\" \/>\n\t<meta name=\"twitter:data1\" content=\"2 minutes\" \/>\n<script type=\"application\/ld+json\" class=\"yoast-schema-graph\">{\"@context\":\"https:\\\/\\\/schema.org\",\"@graph\":[{\"@type\":\"WebPage\",\"@id\":\"https:\\\/\\\/revolutionpadelstore.com\\\/fr\\\/produit\\\/joma-t-slam-2303-azul-amarillo-tslams2303p-marino-rosa\\\/\",\"url\":\"https:\\\/\\\/revolutionpadelstore.com\\\/fr\\\/produit\\\/joma-t-slam-2303-azul-amarillo-tslams2303p-marino-rosa\\\/\",\"name\":\"JOMA T.SLAM 2303 AZUL AMARILLO TSLAMS2303P MARINO ROSA - Revolution Padel Store\",\"isPartOf\":{\"@id\":\"https:\\\/\\\/revolutionpadelstore.com\\\/fr\\\/#website\"},\"primaryImageOfPage\":{\"@id\":\"https:\\\/\\\/revolutionpadelstore.com\\\/fr\\\/produit\\\/joma-t-slam-2303-azul-amarillo-tslams2303p-marino-rosa\\\/#primaryimage\"},\"image\":{\"@id\":\"https:\\\/\\\/revolutionpadelstore.com\\\/fr\\\/produit\\\/joma-t-slam-2303-azul-amarillo-tslams2303p-marino-rosa\\\/#primaryimage\"},\"thumbnailUrl\":\"https:\\\/\\\/revolutionpadelstore.com\\\/wp-content\\\/uploads\\\/2024\\\/04\\\/C-106559-P-0-4.jpg\",\"datePublished\":\"2024-04-22T13:26:08+00:00\",\"dateModified\":\"2025-09-02T00:02:45+00:00\",\"description\":\"Zapatillas de p\u00e1del Joma T.Slam 2303 en azul y amarillo con tecnolog\u00eda avanzada y gran durabilidad en Revolution Padel Store\",\"breadcrumb\":{\"@id\":\"https:\\\/\\\/revolutionpadelstore.com\\\/fr\\\/produit\\\/joma-t-slam-2303-azul-amarillo-tslams2303p-marino-rosa\\\/#breadcrumb\"},\"inLanguage\":\"fr-FR\",\"potentialAction\":[{\"@type\":\"ReadAction\",\"target\":[\"https:\\\/\\\/revolutionpadelstore.com\\\/fr\\\/produit\\\/joma-t-slam-2303-azul-amarillo-tslams2303p-marino-rosa\\\/\"]}]},{\"@type\":\"ImageObject\",\"inLanguage\":\"fr-FR\",\"@id\":\"https:\\\/\\\/revolutionpadelstore.com\\\/fr\\\/produit\\\/joma-t-slam-2303-azul-amarillo-tslams2303p-marino-rosa\\\/#primaryimage\",\"url\":\"https:\\\/\\\/revolutionpadelstore.com\\\/wp-content\\\/uploads\\\/2024\\\/04\\\/C-106559-P-0-4.jpg\",\"contentUrl\":\"https:\\\/\\\/revolutionpadelstore.com\\\/wp-content\\\/uploads\\\/2024\\\/04\\\/C-106559-P-0-4.jpg\",\"width\":1000,\"height\":1000},{\"@type\":\"BreadcrumbList\",\"@id\":\"https:\\\/\\\/revolutionpadelstore.com\\\/fr\\\/produit\\\/joma-t-slam-2303-azul-amarillo-tslams2303p-marino-rosa\\\/#breadcrumb\",\"itemListElement\":[{\"@type\":\"ListItem\",\"position\":1,\"name\":\"Portada\",\"item\":\"https:\\\/\\\/revolutionpadelstore.com\\\/fr\\\/\"},{\"@type\":\"ListItem\",\"position\":2,\"name\":\"Boutique\",\"item\":\"https:\\\/\\\/revolutionpadelstore.com\\\/fr\\\/tienda\\\/\"},{\"@type\":\"ListItem\",\"position\":3,\"name\":\"JOMA T.SLAM 2303 AZUL AMARILLO TSLAMS2303P MARINO ROSA\"}]},{\"@type\":\"WebSite\",\"@id\":\"https:\\\/\\\/revolutionpadelstore.com\\\/fr\\\/#website\",\"url\":\"https:\\\/\\\/revolutionpadelstore.com\\\/fr\\\/\",\"name\":\"Revolution Padel Store\",\"description\":\"\",\"publisher\":{\"@id\":\"https:\\\/\\\/revolutionpadelstore.com\\\/fr\\\/#organization\"},\"potentialAction\":[{\"@type\":\"SearchAction\",\"target\":{\"@type\":\"EntryPoint\",\"urlTemplate\":\"https:\\\/\\\/revolutionpadelstore.com\\\/fr\\\/?s={search_term_string}\"},\"query-input\":{\"@type\":\"PropertyValueSpecification\",\"valueRequired\":true,\"valueName\":\"search_term_string\"}}],\"inLanguage\":\"fr-FR\"},{\"@type\":\"Organization\",\"@id\":\"https:\\\/\\\/revolutionpadelstore.com\\\/fr\\\/#organization\",\"name\":\"Revolution Padel Store\",\"url\":\"https:\\\/\\\/revolutionpadelstore.com\\\/fr\\\/\",\"logo\":{\"@type\":\"ImageObject\",\"inLanguage\":\"fr-FR\",\"@id\":\"https:\\\/\\\/revolutionpadelstore.com\\\/fr\\\/#\\\/schema\\\/logo\\\/image\\\/\",\"url\":\"https:\\\/\\\/revolutionpadelstore.com\\\/wp-content\\\/uploads\\\/2026\\\/02\\\/revolution-padel-store.jpg\",\"contentUrl\":\"https:\\\/\\\/revolutionpadelstore.com\\\/wp-content\\\/uploads\\\/2026\\\/02\\\/revolution-padel-store.jpg\",\"width\":2000,\"height\":2000,\"caption\":\"Revolution Padel Store\"},\"image\":{\"@id\":\"https:\\\/\\\/revolutionpadelstore.com\\\/fr\\\/#\\\/schema\\\/logo\\\/image\\\/\"},\"sameAs\":[\"https:\\\/\\\/www.instagram.com\\\/revolutionpadelstore\\\/\"]}]}<\/script>\n<!-- \/ Yoast SEO plugin. -->","yoast_head_json":{"title":"JOMA T.SLAM 2303 AZUL AMARILLO TSLAMS2303P MARINO ROSA - Revolution Padel Store","description":"Zapatillas de p\u00e1del Joma T.Slam 2303 en azul y amarillo con tecnolog\u00eda avanzada y gran durabilidad en Revolution Padel Store","robots":{"index":"index","follow":"follow","max-snippet":"max-snippet:-1","max-image-preview":"max-image-preview:large","max-video-preview":"max-video-preview:-1"},"canonical":"https:\/\/revolutionpadelstore.com\/fr\/produit\/joma-t-slam-2303-azul-amarillo-tslams2303p-marino-rosa\/","og_locale":"fr_FR","og_type":"article","og_title":"JOMA T.SLAM 2303 AZUL AMARILLO TSLAMS2303P MARINO ROSA - Revolution Padel Store","og_description":"Zapatillas de p\u00e1del Joma T.Slam 2303 en azul y amarillo con tecnolog\u00eda avanzada y gran durabilidad en Revolution Padel Store","og_url":"https:\/\/revolutionpadelstore.com\/fr\/produit\/joma-t-slam-2303-azul-amarillo-tslams2303p-marino-rosa\/","og_site_name":"Revolution Padel Store","article_modified_time":"2025-09-02T00:02:45+00:00","og_image":[{"width":1000,"height":1000,"url":"https:\/\/revolutionpadelstore.com\/wp-content\/uploads\/2024\/04\/C-106559-P-0-4.jpg","type":"image\/jpeg"}],"twitter_card":"summary_large_image","twitter_misc":{"Dur\u00e9e de lecture estim\u00e9e":"2 minutes"},"schema":{"@context":"https:\/\/schema.org","@graph":[{"@type":"WebPage","@id":"https:\/\/revolutionpadelstore.com\/fr\/produit\/joma-t-slam-2303-azul-amarillo-tslams2303p-marino-rosa\/","url":"https:\/\/revolutionpadelstore.com\/fr\/produit\/joma-t-slam-2303-azul-amarillo-tslams2303p-marino-rosa\/","name":"JOMA T.SLAM 2303 AZUL AMARILLO TSLAMS2303P MARINO ROSA - Revolution Padel Store","isPartOf":{"@id":"https:\/\/revolutionpadelstore.com\/fr\/#website"},"primaryImageOfPage":{"@id":"https:\/\/revolutionpadelstore.com\/fr\/produit\/joma-t-slam-2303-azul-amarillo-tslams2303p-marino-rosa\/#primaryimage"},"image":{"@id":"https:\/\/revolutionpadelstore.com\/fr\/produit\/joma-t-slam-2303-azul-amarillo-tslams2303p-marino-rosa\/#primaryimage"},"thumbnailUrl":"https:\/\/revolutionpadelstore.com\/wp-content\/uploads\/2024\/04\/C-106559-P-0-4.jpg","datePublished":"2024-04-22T13:26:08+00:00","dateModified":"2025-09-02T00:02:45+00:00","description":"Zapatillas de p\u00e1del Joma T.Slam 2303 en azul y amarillo con tecnolog\u00eda avanzada y gran durabilidad en Revolution Padel Store","breadcrumb":{"@id":"https:\/\/revolutionpadelstore.com\/fr\/produit\/joma-t-slam-2303-azul-amarillo-tslams2303p-marino-rosa\/#breadcrumb"},"inLanguage":"fr-FR","potentialAction":[{"@type":"ReadAction","target":["https:\/\/revolutionpadelstore.com\/fr\/produit\/joma-t-slam-2303-azul-amarillo-tslams2303p-marino-rosa\/"]}]},{"@type":"ImageObject","inLanguage":"fr-FR","@id":"https:\/\/revolutionpadelstore.com\/fr\/produit\/joma-t-slam-2303-azul-amarillo-tslams2303p-marino-rosa\/#primaryimage","url":"https:\/\/revolutionpadelstore.com\/wp-content\/uploads\/2024\/04\/C-106559-P-0-4.jpg","contentUrl":"https:\/\/revolutionpadelstore.com\/wp-content\/uploads\/2024\/04\/C-106559-P-0-4.jpg","width":1000,"height":1000},{"@type":"BreadcrumbList","@id":"https:\/\/revolutionpadelstore.com\/fr\/produit\/joma-t-slam-2303-azul-amarillo-tslams2303p-marino-rosa\/#breadcrumb","itemListElement":[{"@type":"ListItem","position":1,"name":"Portada","item":"https:\/\/revolutionpadelstore.com\/fr\/"},{"@type":"ListItem","position":2,"name":"Boutique","item":"https:\/\/revolutionpadelstore.com\/fr\/tienda\/"},{"@type":"ListItem","position":3,"name":"JOMA T.SLAM 2303 AZUL AMARILLO TSLAMS2303P MARINO ROSA"}]},{"@type":"WebSite","@id":"https:\/\/revolutionpadelstore.com\/fr\/#website","url":"https:\/\/revolutionpadelstore.com\/fr\/","name":"Revolution Padel Store","description":"","publisher":{"@id":"https:\/\/revolutionpadelstore.com\/fr\/#organization"},"potentialAction":[{"@type":"SearchAction","target":{"@type":"EntryPoint","urlTemplate":"https:\/\/revolutionpadelstore.com\/fr\/?s={search_term_string}"},"query-input":{"@type":"PropertyValueSpecification","valueRequired":true,"valueName":"search_term_string"}}],"inLanguage":"fr-FR"},{"@type":"Organization","@id":"https:\/\/revolutionpadelstore.com\/fr\/#organization","name":"Revolution Padel Store","url":"https:\/\/revolutionpadelstore.com\/fr\/","logo":{"@type":"ImageObject","inLanguage":"fr-FR","@id":"https:\/\/revolutionpadelstore.com\/fr\/#\/schema\/logo\/image\/","url":"https:\/\/revolutionpadelstore.com\/wp-content\/uploads\/2026\/02\/revolution-padel-store.jpg","contentUrl":"https:\/\/revolutionpadelstore.com\/wp-content\/uploads\/2026\/02\/revolution-padel-store.jpg","width":2000,"height":2000,"caption":"Revolution Padel Store"},"image":{"@id":"https:\/\/revolutionpadelstore.com\/fr\/#\/schema\/logo\/image\/"},"sameAs":["https:\/\/www.instagram.com\/revolutionpadelstore\/"]}]}},"_links":{"self":[{"href":"https:\/\/revolutionpadelstore.com\/fr\/wp-json\/wp\/v2\/product\/12399","targetHints":{"allow":["GET"]}}],"collection":[{"href":"https:\/\/revolutionpadelstore.com\/fr\/wp-json\/wp\/v2\/product"}],"about":[{"href":"https:\/\/revolutionpadelstore.com\/fr\/wp-json\/wp\/v2\/types\/product"}],"replies":[{"embeddable":true,"href":"https:\/\/revolutionpadelstore.com\/fr\/wp-json\/wp\/v2\/comments?post=12399"}],"wp:featuredmedia":[{"embeddable":true,"href":"https:\/\/revolutionpadelstore.com\/fr\/wp-json\/wp\/v2\/media\/32511"}],"wp:attachment":[{"href":"https:\/\/revolutionpadelstore.com\/fr\/wp-json\/wp\/v2\/media?parent=12399"}],"wp:term":[{"taxonomy":"acabado","embeddable":true,"href":"https:\/\/revolutionpadelstore.com\/fr\/wp-json\/wp\/v2\/acabado?post=12399"},{"taxonomy":"balance","embeddable":true,"href":"https:\/\/revolutionpadelstore.com\/fr\/wp-json\/wp\/v2\/balance?post=12399"},{"taxonomy":"dureza","embeddable":true,"href":"https:\/\/revolutionpadelstore.com\/fr\/wp-json\/wp\/v2\/dureza?post=12399"},{"taxonomy":"forma","embeddable":true,"href":"https:\/\/revolutionpadelstore.com\/fr\/wp-json\/wp\/v2\/forma?post=12399"},{"taxonomy":"jugador","embeddable":true,"href":"https:\/\/revolutionpadelstore.com\/fr\/wp-json\/wp\/v2\/jugador?post=12399"},{"taxonomy":"marca","embeddable":true,"href":"https:\/\/revolutionpadelstore.com\/fr\/wp-json\/wp\/v2\/marca?post=12399"},{"taxonomy":"nivel-de-juego","embeddable":true,"href":"https:\/\/revolutionpadelstore.com\/fr\/wp-json\/wp\/v2\/nivel-de-juego?post=12399"},{"taxonomy":"superficie","embeddable":true,"href":"https:\/\/revolutionpadelstore.com\/fr\/wp-json\/wp\/v2\/superficie?post=12399"},{"taxonomy":"tipo-de-juego","embeddable":true,"href":"https:\/\/revolutionpadelstore.com\/fr\/wp-json\/wp\/v2\/tipo-de-juego?post=12399"},{"taxonomy":"product_brand","embeddable":true,"href":"https:\/\/revolutionpadelstore.com\/fr\/wp-json\/wp\/v2\/product_brand?post=12399"},{"taxonomy":"product_cat","embeddable":true,"href":"https:\/\/revolutionpadelstore.com\/fr\/wp-json\/wp\/v2\/product_cat?post=12399"},{"taxonomy":"product_tag","embeddable":true,"href":"https:\/\/revolutionpadelstore.com\/fr\/wp-json\/wp\/v2\/product_tag?post=12399"}],"curies":[{"name":"wp","href":"https:\/\/api.w.org\/{rel}","templated":true}]}}