{"id":12059,"date":"2024-03-01T14:20:01","date_gmt":"2024-03-01T13:20:01","guid":{"rendered":"https:\/\/revolutionpadelstore.com\/adidas-metalbone-hrd-2024\/"},"modified":"2026-04-08T16:14:36","modified_gmt":"2026-04-08T14:14:36","slug":"adidas-metalbone-hrd-2024","status":"publish","type":"product","link":"https:\/\/revolutionpadelstore.com\/fr\/produit\/adidas-metalbone-hrd-2024\/","title":{"rendered":"ADIDAS METALBONE HRD+ 2024"},"content":{"rendered":"<h2>Collection Adidas Metalbone HRD+ 2024<\/h2>\n<p><strong>Adidas Metalbone HRD+<\/strong>, ce mod\u00e8le de raquette Adidas est issu de la collection <strong>2024<\/strong>. C&#8217;est une raquette avec un corps surdimensionn\u00e9 en forme de diamant, parfaite pour les joueurs de niveau professionnel. C&#8217;est pourquoi c&#8217;est le racket officiel de <strong>Ale Gal\u00e1n<\/strong>.<\/p>\n<p>Avec son corps en diamant surdimensionn\u00e9 et son \u00e9quilibre \u00e9lev\u00e9, il joue avec la puissance. Il a plus de surface de contact. Terminez avec <strong>puissance et agressivit\u00e9<\/strong> contre votre rival pour marquer le point d\u00e9cisif.<\/p>\n<p>Technologie <strong>Weight &amp; Balance System<\/em><\/strong> exclusive \u00e0 Adidas. Ajoutez ou supprimez des poids personnalisables \u00e0 la raquette pour changer son poids et la direction de son \u00e9quilibre afin de modifier votre technique de jeu.<\/p>\n<h2>Course pour joueurs avec technique de puissance<\/h2>\n<p>Le cadre est en fibre de carbone avec une excellente r\u00e9sistance et durabilit\u00e9. Les faces ont \u00e9t\u00e9 r\u00e9alis\u00e9es en <strong><em>Carbone Aluminis\u00e9 2 \u00e0 1<\/em><\/strong>. Fibre de carbone aluminis\u00e9e entrelac\u00e9e 2 \u00e0 1 qui g\u00e9n\u00e8re une surface dure et inflexible pour frapper avec une grande puissance.<\/p>\n<p>Dans le noyau se trouve le <strong>caoutchouc EVA<em>Haute m\u00e9moire<\/em><\/strong>. Ce caoutchouc haute densit\u00e9 permet de jouer avec des balles qui se d\u00e9placent \u00e0 grande vitesse. Ressentez \u00e9galement la fa\u00e7on dont vous frappez avec une puissance maximale.<\/p>\n<p>Obtenez des effets incroyables avec les technologies <strong>Spin Blade Decal<\/em> et <em>Smart Holes Curve<\/em><\/strong>. Une surface au fini rugueux qui augmente la quantit\u00e9 d&#8217;effets et la sensation de contr\u00f4le sur la balle. Et obtenez des effets sur tous les coups gr\u00e2ce \u00e0 la disposition des matrices.<\/p>\n<h3>Une raquette solide et r\u00e9sistante<\/h3>\n<p>Une raquette r\u00e9sistante et solide avec la technologie <strong>Structure Octogonale<\/em> et <em>Structural Reinforcement<\/em><\/strong>. Un tube octogonal en carbone et un renfort p\u00e9rim\u00e9trique rendent cette raquette r\u00e9sistante \u00e0 la torsion et offre une durabilit\u00e9 sup\u00e9rieure. Et avec Metalbone Protector Tape, un protecteur adh\u00e9sif 3M con\u00e7u sur mesure pour prot\u00e9ger la raquette pendant que vous jouez.<\/p>\n<p>Il pr\u00e9sente un design impeccable et minimaliste avec le corps en noir, le logo sur les avions, le pont et la poign\u00e9e en blanc et la signature de Gal\u00e1n en rouge.<\/p>\n<h2>Adidas Metalbone HRD+ colecci\u00f3n 2024<\/h2>\n","protected":false},"excerpt":{"rendered":"<p>Adidas Metalbone HRD+ : Puissance et contr\u00f4le dans une raquette con\u00e7ue pour les joueurs de niveau professionnel. Collection 2024, avec une forme de diamant surdimensionn\u00e9e et des technologies exclusives pour des effets surprenants.<\/p>\n","protected":false},"featured_media":62120,"comment_status":"open","ping_status":"closed","template":"","meta":{"_acf_changed":false,"_joinchat":[]},"acabado":[1102],"balance":[1137],"dureza":[1162],"forma":[1172],"jugador":[1192,1202],"marca":[1232],"nivel-de-juego":[1337],"superficie":[1362],"tipo-de-juego":[1392],"product_brand":[],"product_cat":[302],"product_tag":[],"class_list":{"0":"post-12059","1":"product","2":"type-product","3":"status-publish","4":"has-post-thumbnail","6":"acabado-aluminium-carbone","7":"balance-eleve","8":"dureza-dure","9":"forma-diamant","10":"jugador-homme","11":"jugador-polivalente-fr","12":"marca-adidas-fr","13":"superficie-rugosa-fr","14":"tipo-de-juego-avanzado-competicion-fr","15":"product_cat-palas-de-padel-fr","17":"first","18":"outofstock","19":"sale","20":"taxable","21":"shipping-taxable","22":"purchasable","23":"product-type-simple"},"acf":[],"yoast_head":"<!-- This site is optimized with the Yoast SEO plugin v27.4 - https:\/\/yoast.com\/product\/yoast-seo-wordpress\/ -->\n<title>ADIDAS METALBONE HRD+ 2024 - Revolution Padel Store<\/title>\n<meta name=\"description\" content=\"Adidas Metalbone HRD+: Potencia y control en una pala dise\u00f1ada para jugadores de nivel profesional. Colecci\u00f3n 2024, con forma de diamante oversize y tecnolog\u00edas exclusivas para efectos sorprendentes.\" \/>\n<meta name=\"robots\" content=\"index, follow, max-snippet:-1, max-image-preview:large, max-video-preview:-1\" \/>\n<link rel=\"canonical\" href=\"https:\/\/revolutionpadelstore.com\/fr\/produit\/adidas-metalbone-hrd-2024\/\" \/>\n<meta property=\"og:locale\" content=\"fr_FR\" \/>\n<meta property=\"og:type\" content=\"article\" \/>\n<meta property=\"og:title\" content=\"ADIDAS METALBONE HRD+ 2024\" \/>\n<meta property=\"og:description\" content=\"Adidas Metalbone HRD+: Potencia y control en una pala dise\u00f1ada para jugadores de nivel profesional. Colecci\u00f3n 2024, con forma de diamante oversize y tecnolog\u00edas exclusivas para efectos sorprendentes.\" \/>\n<meta property=\"og:url\" content=\"https:\/\/revolutionpadelstore.com\/fr\/produit\/adidas-metalbone-hrd-2024\/\" \/>\n<meta property=\"og:site_name\" content=\"Revolution Padel Store\" \/>\n<meta property=\"article:modified_time\" content=\"2026-04-08T14:14:36+00:00\" \/>\n<meta property=\"og:image\" content=\"https:\/\/revolutionpadelstore.com\/wp-content\/uploads\/2024\/03\/110145_padel_webs_padel_y_grupo_pala_adidas_metalbone_hrd_adrk1aa1u0016f_1500x1_9bd9.webp\" \/>\n\t<meta property=\"og:image:width\" content=\"1500\" \/>\n\t<meta property=\"og:image:height\" content=\"1500\" \/>\n\t<meta property=\"og:image:type\" content=\"image\/webp\" \/>\n<meta name=\"twitter:card\" content=\"summary_large_image\" \/>\n<meta name=\"twitter:label1\" content=\"Dur\u00e9e de lecture estim\u00e9e\" \/>\n\t<meta name=\"twitter:data1\" content=\"2 minutes\" \/>\n<script type=\"application\/ld+json\" class=\"yoast-schema-graph\">{\"@context\":\"https:\\\/\\\/schema.org\",\"@graph\":[{\"@type\":\"WebPage\",\"@id\":\"https:\\\/\\\/revolutionpadelstore.com\\\/fr\\\/produit\\\/adidas-metalbone-hrd-2024\\\/\",\"url\":\"https:\\\/\\\/revolutionpadelstore.com\\\/fr\\\/produit\\\/adidas-metalbone-hrd-2024\\\/\",\"name\":\"ADIDAS METALBONE HRD+ 2024 - Revolution Padel Store\",\"isPartOf\":{\"@id\":\"https:\\\/\\\/revolutionpadelstore.com\\\/fr\\\/#website\"},\"primaryImageOfPage\":{\"@id\":\"https:\\\/\\\/revolutionpadelstore.com\\\/fr\\\/produit\\\/adidas-metalbone-hrd-2024\\\/#primaryimage\"},\"image\":{\"@id\":\"https:\\\/\\\/revolutionpadelstore.com\\\/fr\\\/produit\\\/adidas-metalbone-hrd-2024\\\/#primaryimage\"},\"thumbnailUrl\":\"https:\\\/\\\/revolutionpadelstore.com\\\/wp-content\\\/uploads\\\/2024\\\/03\\\/110145_padel_webs_padel_y_grupo_pala_adidas_metalbone_hrd_adrk1aa1u0016f_1500x1_9bd9.webp\",\"datePublished\":\"2024-03-01T13:20:01+00:00\",\"dateModified\":\"2026-04-08T14:14:36+00:00\",\"description\":\"Adidas Metalbone HRD+: Potencia y control en una pala dise\u00f1ada para jugadores de nivel profesional. Colecci\u00f3n 2024, con forma de diamante oversize y tecnolog\u00edas exclusivas para efectos sorprendentes.\",\"breadcrumb\":{\"@id\":\"https:\\\/\\\/revolutionpadelstore.com\\\/fr\\\/produit\\\/adidas-metalbone-hrd-2024\\\/#breadcrumb\"},\"inLanguage\":\"fr-FR\",\"potentialAction\":[{\"@type\":\"ReadAction\",\"target\":[\"https:\\\/\\\/revolutionpadelstore.com\\\/fr\\\/produit\\\/adidas-metalbone-hrd-2024\\\/\"]}]},{\"@type\":\"ImageObject\",\"inLanguage\":\"fr-FR\",\"@id\":\"https:\\\/\\\/revolutionpadelstore.com\\\/fr\\\/produit\\\/adidas-metalbone-hrd-2024\\\/#primaryimage\",\"url\":\"https:\\\/\\\/revolutionpadelstore.com\\\/wp-content\\\/uploads\\\/2024\\\/03\\\/110145_padel_webs_padel_y_grupo_pala_adidas_metalbone_hrd_adrk1aa1u0016f_1500x1_9bd9.webp\",\"contentUrl\":\"https:\\\/\\\/revolutionpadelstore.com\\\/wp-content\\\/uploads\\\/2024\\\/03\\\/110145_padel_webs_padel_y_grupo_pala_adidas_metalbone_hrd_adrk1aa1u0016f_1500x1_9bd9.webp\",\"width\":1500,\"height\":1500},{\"@type\":\"BreadcrumbList\",\"@id\":\"https:\\\/\\\/revolutionpadelstore.com\\\/fr\\\/produit\\\/adidas-metalbone-hrd-2024\\\/#breadcrumb\",\"itemListElement\":[{\"@type\":\"ListItem\",\"position\":1,\"name\":\"Portada\",\"item\":\"https:\\\/\\\/revolutionpadelstore.com\\\/fr\\\/\"},{\"@type\":\"ListItem\",\"position\":2,\"name\":\"Boutique\",\"item\":\"https:\\\/\\\/revolutionpadelstore.com\\\/fr\\\/tienda\\\/\"},{\"@type\":\"ListItem\",\"position\":3,\"name\":\"ADIDAS METALBONE HRD+ 2024\"}]},{\"@type\":\"WebSite\",\"@id\":\"https:\\\/\\\/revolutionpadelstore.com\\\/fr\\\/#website\",\"url\":\"https:\\\/\\\/revolutionpadelstore.com\\\/fr\\\/\",\"name\":\"Revolution Padel Store\",\"description\":\"\",\"publisher\":{\"@id\":\"https:\\\/\\\/revolutionpadelstore.com\\\/fr\\\/#organization\"},\"potentialAction\":[{\"@type\":\"SearchAction\",\"target\":{\"@type\":\"EntryPoint\",\"urlTemplate\":\"https:\\\/\\\/revolutionpadelstore.com\\\/fr\\\/?s={search_term_string}\"},\"query-input\":{\"@type\":\"PropertyValueSpecification\",\"valueRequired\":true,\"valueName\":\"search_term_string\"}}],\"inLanguage\":\"fr-FR\"},{\"@type\":\"Organization\",\"@id\":\"https:\\\/\\\/revolutionpadelstore.com\\\/fr\\\/#organization\",\"name\":\"Revolution Padel Store\",\"url\":\"https:\\\/\\\/revolutionpadelstore.com\\\/fr\\\/\",\"logo\":{\"@type\":\"ImageObject\",\"inLanguage\":\"fr-FR\",\"@id\":\"https:\\\/\\\/revolutionpadelstore.com\\\/fr\\\/#\\\/schema\\\/logo\\\/image\\\/\",\"url\":\"https:\\\/\\\/revolutionpadelstore.com\\\/wp-content\\\/uploads\\\/2026\\\/02\\\/revolution-padel-store.jpg\",\"contentUrl\":\"https:\\\/\\\/revolutionpadelstore.com\\\/wp-content\\\/uploads\\\/2026\\\/02\\\/revolution-padel-store.jpg\",\"width\":2000,\"height\":2000,\"caption\":\"Revolution Padel Store\"},\"image\":{\"@id\":\"https:\\\/\\\/revolutionpadelstore.com\\\/fr\\\/#\\\/schema\\\/logo\\\/image\\\/\"},\"sameAs\":[\"https:\\\/\\\/www.instagram.com\\\/revolutionpadelstore\\\/\"]}]}<\/script>\n<!-- \/ Yoast SEO plugin. -->","yoast_head_json":{"title":"ADIDAS METALBONE HRD+ 2024 - Revolution Padel Store","description":"Adidas Metalbone HRD+: Potencia y control en una pala dise\u00f1ada para jugadores de nivel profesional. Colecci\u00f3n 2024, con forma de diamante oversize y tecnolog\u00edas exclusivas para efectos sorprendentes.","robots":{"index":"index","follow":"follow","max-snippet":"max-snippet:-1","max-image-preview":"max-image-preview:large","max-video-preview":"max-video-preview:-1"},"canonical":"https:\/\/revolutionpadelstore.com\/fr\/produit\/adidas-metalbone-hrd-2024\/","og_locale":"fr_FR","og_type":"article","og_title":"ADIDAS METALBONE HRD+ 2024","og_description":"Adidas Metalbone HRD+: Potencia y control en una pala dise\u00f1ada para jugadores de nivel profesional. Colecci\u00f3n 2024, con forma de diamante oversize y tecnolog\u00edas exclusivas para efectos sorprendentes.","og_url":"https:\/\/revolutionpadelstore.com\/fr\/produit\/adidas-metalbone-hrd-2024\/","og_site_name":"Revolution Padel Store","article_modified_time":"2026-04-08T14:14:36+00:00","og_image":[{"width":1500,"height":1500,"url":"https:\/\/revolutionpadelstore.com\/wp-content\/uploads\/2024\/03\/110145_padel_webs_padel_y_grupo_pala_adidas_metalbone_hrd_adrk1aa1u0016f_1500x1_9bd9.webp","type":"image\/webp"}],"twitter_card":"summary_large_image","twitter_misc":{"Dur\u00e9e de lecture estim\u00e9e":"2 minutes"},"schema":{"@context":"https:\/\/schema.org","@graph":[{"@type":"WebPage","@id":"https:\/\/revolutionpadelstore.com\/fr\/produit\/adidas-metalbone-hrd-2024\/","url":"https:\/\/revolutionpadelstore.com\/fr\/produit\/adidas-metalbone-hrd-2024\/","name":"ADIDAS METALBONE HRD+ 2024 - Revolution Padel Store","isPartOf":{"@id":"https:\/\/revolutionpadelstore.com\/fr\/#website"},"primaryImageOfPage":{"@id":"https:\/\/revolutionpadelstore.com\/fr\/produit\/adidas-metalbone-hrd-2024\/#primaryimage"},"image":{"@id":"https:\/\/revolutionpadelstore.com\/fr\/produit\/adidas-metalbone-hrd-2024\/#primaryimage"},"thumbnailUrl":"https:\/\/revolutionpadelstore.com\/wp-content\/uploads\/2024\/03\/110145_padel_webs_padel_y_grupo_pala_adidas_metalbone_hrd_adrk1aa1u0016f_1500x1_9bd9.webp","datePublished":"2024-03-01T13:20:01+00:00","dateModified":"2026-04-08T14:14:36+00:00","description":"Adidas Metalbone HRD+: Potencia y control en una pala dise\u00f1ada para jugadores de nivel profesional. Colecci\u00f3n 2024, con forma de diamante oversize y tecnolog\u00edas exclusivas para efectos sorprendentes.","breadcrumb":{"@id":"https:\/\/revolutionpadelstore.com\/fr\/produit\/adidas-metalbone-hrd-2024\/#breadcrumb"},"inLanguage":"fr-FR","potentialAction":[{"@type":"ReadAction","target":["https:\/\/revolutionpadelstore.com\/fr\/produit\/adidas-metalbone-hrd-2024\/"]}]},{"@type":"ImageObject","inLanguage":"fr-FR","@id":"https:\/\/revolutionpadelstore.com\/fr\/produit\/adidas-metalbone-hrd-2024\/#primaryimage","url":"https:\/\/revolutionpadelstore.com\/wp-content\/uploads\/2024\/03\/110145_padel_webs_padel_y_grupo_pala_adidas_metalbone_hrd_adrk1aa1u0016f_1500x1_9bd9.webp","contentUrl":"https:\/\/revolutionpadelstore.com\/wp-content\/uploads\/2024\/03\/110145_padel_webs_padel_y_grupo_pala_adidas_metalbone_hrd_adrk1aa1u0016f_1500x1_9bd9.webp","width":1500,"height":1500},{"@type":"BreadcrumbList","@id":"https:\/\/revolutionpadelstore.com\/fr\/produit\/adidas-metalbone-hrd-2024\/#breadcrumb","itemListElement":[{"@type":"ListItem","position":1,"name":"Portada","item":"https:\/\/revolutionpadelstore.com\/fr\/"},{"@type":"ListItem","position":2,"name":"Boutique","item":"https:\/\/revolutionpadelstore.com\/fr\/tienda\/"},{"@type":"ListItem","position":3,"name":"ADIDAS METALBONE HRD+ 2024"}]},{"@type":"WebSite","@id":"https:\/\/revolutionpadelstore.com\/fr\/#website","url":"https:\/\/revolutionpadelstore.com\/fr\/","name":"Revolution Padel Store","description":"","publisher":{"@id":"https:\/\/revolutionpadelstore.com\/fr\/#organization"},"potentialAction":[{"@type":"SearchAction","target":{"@type":"EntryPoint","urlTemplate":"https:\/\/revolutionpadelstore.com\/fr\/?s={search_term_string}"},"query-input":{"@type":"PropertyValueSpecification","valueRequired":true,"valueName":"search_term_string"}}],"inLanguage":"fr-FR"},{"@type":"Organization","@id":"https:\/\/revolutionpadelstore.com\/fr\/#organization","name":"Revolution Padel Store","url":"https:\/\/revolutionpadelstore.com\/fr\/","logo":{"@type":"ImageObject","inLanguage":"fr-FR","@id":"https:\/\/revolutionpadelstore.com\/fr\/#\/schema\/logo\/image\/","url":"https:\/\/revolutionpadelstore.com\/wp-content\/uploads\/2026\/02\/revolution-padel-store.jpg","contentUrl":"https:\/\/revolutionpadelstore.com\/wp-content\/uploads\/2026\/02\/revolution-padel-store.jpg","width":2000,"height":2000,"caption":"Revolution Padel Store"},"image":{"@id":"https:\/\/revolutionpadelstore.com\/fr\/#\/schema\/logo\/image\/"},"sameAs":["https:\/\/www.instagram.com\/revolutionpadelstore\/"]}]}},"_links":{"self":[{"href":"https:\/\/revolutionpadelstore.com\/fr\/wp-json\/wp\/v2\/product\/12059","targetHints":{"allow":["GET"]}}],"collection":[{"href":"https:\/\/revolutionpadelstore.com\/fr\/wp-json\/wp\/v2\/product"}],"about":[{"href":"https:\/\/revolutionpadelstore.com\/fr\/wp-json\/wp\/v2\/types\/product"}],"replies":[{"embeddable":true,"href":"https:\/\/revolutionpadelstore.com\/fr\/wp-json\/wp\/v2\/comments?post=12059"}],"wp:featuredmedia":[{"embeddable":true,"href":"https:\/\/revolutionpadelstore.com\/fr\/wp-json\/wp\/v2\/media\/62120"}],"wp:attachment":[{"href":"https:\/\/revolutionpadelstore.com\/fr\/wp-json\/wp\/v2\/media?parent=12059"}],"wp:term":[{"taxonomy":"acabado","embeddable":true,"href":"https:\/\/revolutionpadelstore.com\/fr\/wp-json\/wp\/v2\/acabado?post=12059"},{"taxonomy":"balance","embeddable":true,"href":"https:\/\/revolutionpadelstore.com\/fr\/wp-json\/wp\/v2\/balance?post=12059"},{"taxonomy":"dureza","embeddable":true,"href":"https:\/\/revolutionpadelstore.com\/fr\/wp-json\/wp\/v2\/dureza?post=12059"},{"taxonomy":"forma","embeddable":true,"href":"https:\/\/revolutionpadelstore.com\/fr\/wp-json\/wp\/v2\/forma?post=12059"},{"taxonomy":"jugador","embeddable":true,"href":"https:\/\/revolutionpadelstore.com\/fr\/wp-json\/wp\/v2\/jugador?post=12059"},{"taxonomy":"marca","embeddable":true,"href":"https:\/\/revolutionpadelstore.com\/fr\/wp-json\/wp\/v2\/marca?post=12059"},{"taxonomy":"nivel-de-juego","embeddable":true,"href":"https:\/\/revolutionpadelstore.com\/fr\/wp-json\/wp\/v2\/nivel-de-juego?post=12059"},{"taxonomy":"superficie","embeddable":true,"href":"https:\/\/revolutionpadelstore.com\/fr\/wp-json\/wp\/v2\/superficie?post=12059"},{"taxonomy":"tipo-de-juego","embeddable":true,"href":"https:\/\/revolutionpadelstore.com\/fr\/wp-json\/wp\/v2\/tipo-de-juego?post=12059"},{"taxonomy":"product_brand","embeddable":true,"href":"https:\/\/revolutionpadelstore.com\/fr\/wp-json\/wp\/v2\/product_brand?post=12059"},{"taxonomy":"product_cat","embeddable":true,"href":"https:\/\/revolutionpadelstore.com\/fr\/wp-json\/wp\/v2\/product_cat?post=12059"},{"taxonomy":"product_tag","embeddable":true,"href":"https:\/\/revolutionpadelstore.com\/fr\/wp-json\/wp\/v2\/product_tag?post=12059"}],"curies":[{"name":"wp","href":"https:\/\/api.w.org\/{rel}","templated":true}]}}