{"id":119540,"date":"2024-11-20T23:53:44","date_gmt":"2024-11-20T22:53:44","guid":{"rendered":"https:\/\/revolutionpadelstore.com\/head-gravity-team-light-2024\/"},"modified":"2026-04-08T10:15:24","modified_gmt":"2026-04-08T08:15:24","slug":"head-gravity-team-light-2024-3","status":"publish","type":"product","link":"https:\/\/revolutionpadelstore.com\/fr\/produit\/head-gravity-team-light-2024-3\/","title":{"rendered":"HEAD GRAVITY TEAM LIGHT 2024"},"content":{"rendered":"<p><strong> Head Gravity Team Light 2024: Contr\u00f4le et confort dans chaque coup <\/strong><\/p>\n<p>Team Team Team 2024 de Head se distingue en offrant une exp\u00e9rience de jeu bas\u00e9e sur le contr\u00f4le, la l\u00e9g\u00e8ret\u00e9 et le confort dans chaque coup. Son design rond et largement sucr\u00e9 facilite une plus grande pr\u00e9cision dans les prises de vue, permettant aux joueurs de se produire au maximum dans les \u00e9changes d\u00e9fensifs du bas de la piste.<\/p>\n<p>Avec seulement 340 grammes de poids, ce mod\u00e8le est le plus l\u00e9ger de la gamme de gravit\u00e9, qui offre une exp\u00e9rience de jeu plus confortable et accessible, permettant une manipulation facile et sans effort. Son poids l\u00e9ger r\u00e9duit \u00e9galement le risque de blessures.<\/p>\n<p><strong> Pala Gravity Team Light 2024, parfaite pour les joueurs occasionnels <\/strong><\/p>\n<p>Cette pelle l\u00e9g\u00e8re de t\u00eate est id\u00e9ale pour les joueurs interm\u00e9diaires ou ceux qui s&#8217;entra\u00eenent de temps en temps et cherchent \u00e0 maintenir le contr\u00f4le total pendant le jeu. Sa forme ronde, son large point sucr\u00e9, le noyau de contr\u00f4le l\u00e9ger et de mousse permettent une pr\u00e9cision et un contr\u00f4le exceptionnels.<\/p>\n<p><strong> Caract\u00e9ristiques et technologies de la lumi\u00e8re de l&#8217;\u00e9quipe de gravit\u00e9 de la t\u00eate <\/strong><\/p>\n<p>-FOAM Nuccle de contr\u00f4le qui offre une tol\u00e9rance, une pr\u00e9cision et un point sucr\u00e9 \u00e9largi<\/p>\n<p>-Carbon et Graph\u00e8ne Marco qui assure une r\u00e9sistance et une durabilit\u00e9 \u00e9lev\u00e9es<\/p>\n<p>-Tection de trameurs pour des performances plus \u00e9lev\u00e9es, une plus grande tol\u00e9rance et un gameplay<\/p>\n<p>-Pr\u00e9citer les plans en fibre de verre qui offrent une touche douce, une grande prise de balle et un excellent confort<\/p>\n<p>-Imphraxabilit\u00e9 et sensation d&#8217;impact gr\u00e2ce \u00e0 la technologie Traph\u00e8ne 360+<\/p>\n<p>-Pr\u00e9gnant en carbone (IPS)<\/p>\n<p>-Peso de 340 grammes et forme ronde pour une plus grande gestion et pr\u00e9cision<\/p>\n<p><strong> Je re\u00e7ois d\u00e9j\u00e0 l&#8217;\u00e9quipe de t\u00eate de la t\u00eate 2024 dans Revolution Padel Store <\/strong><\/p>\n<p>Profitez d&#8217;un jeu confortable et simple avec la t\u00eate de Gravity Team Light 2024, une pelle ronde avec un large point sucr\u00e9, con\u00e7u pour offrir une gestion et un contr\u00f4le aux joueurs interm\u00e9diaires ou occasionnels qui souhaitent am\u00e9liorer leur jeu du bas de la piste.<strong>Head Gravity Team Light 2024: Control y Comodidad en Cada Golpe<\/strong><\/p>\n","protected":false},"excerpt":{"rendered":"<p>Blade rond avec l&#8217;\u00e9quipe de gravit\u00e9 de t\u00eate douce et l\u00e9g\u00e8re Lumi\u00e8re 2024. Avec des avions en fibre de verre pour une bonne sortie de balle et un noyau de contr\u00f4le en mousse.<\/p>\n","protected":false},"featured_media":119515,"comment_status":"open","ping_status":"closed","template":"","meta":{"_acf_changed":false,"_joinchat":[]},"acabado":[1087],"balance":[1147],"dureza":[1152],"forma":[1182],"jugador":[1197],"marca":[1222],"nivel-de-juego":[1352],"superficie":[1357],"tipo-de-juego":[1372],"product_brand":[],"product_cat":[302],"product_tag":[],"class_list":{"0":"post-119540","1":"product","2":"type-product","3":"status-publish","4":"has-post-thumbnail","6":"acabado-mon-pote","7":"balance-faible","8":"dureza-blanda-fr","9":"forma-rond","10":"jugador-mujer-fr","11":"marca-tete","12":"superficie-lise","13":"tipo-de-juego-control-fr","14":"product_cat-palas-de-padel-fr","16":"first","17":"outofstock","18":"sale","19":"taxable","20":"shipping-taxable","21":"purchasable","22":"product-type-simple"},"acf":[],"yoast_head":"<!-- This site is optimized with the Yoast SEO plugin v27.4 - https:\/\/yoast.com\/product\/yoast-seo-wordpress\/ -->\n<title>HEAD GRAVITY TEAM LIGHT 2024 - Revolution Padel Store<\/title>\n<meta name=\"description\" content=\"La pala Gravity Team 2024 de Head se distingue por ofrecer una experiencia de juego basada en el control, ligereza y confort en cada golpe. Su dise\u00f1o de forma redonda y amplio punto dulce facilita una mayor precisi\u00f3n en los disparos, permitiendo a los jugadores rendir al m\u00e1ximo en los intercambios defensivos desde el fondo de la pista.\" \/>\n<meta name=\"robots\" content=\"index, follow, max-snippet:-1, max-image-preview:large, max-video-preview:-1\" \/>\n<link rel=\"canonical\" href=\"https:\/\/revolutionpadelstore.com\/fr\/produit\/head-gravity-team-light-2024-3\/\" \/>\n<meta property=\"og:locale\" content=\"fr_FR\" \/>\n<meta property=\"og:type\" content=\"article\" \/>\n<meta property=\"og:title\" content=\"HEAD GRAVITY TEAM LIGHT 2024 - Revolution Padel Store\" \/>\n<meta property=\"og:description\" content=\"La pala Gravity Team 2024 de Head se distingue por ofrecer una experiencia de juego basada en el control, ligereza y confort en cada golpe. Su dise\u00f1o de forma redonda y amplio punto dulce facilita una mayor precisi\u00f3n en los disparos, permitiendo a los jugadores rendir al m\u00e1ximo en los intercambios defensivos desde el fondo de la pista.\" \/>\n<meta property=\"og:url\" content=\"https:\/\/revolutionpadelstore.com\/fr\/produit\/head-gravity-team-light-2024-3\/\" \/>\n<meta property=\"og:site_name\" content=\"Revolution Padel Store\" \/>\n<meta property=\"article:modified_time\" content=\"2026-04-08T08:15:24+00:00\" \/>\n<meta property=\"og:image\" content=\"https:\/\/revolutionpadelstore.com\/wp-content\/uploads\/2024\/11\/113829_pala_de_padel_gravity_team_light_2024_224064_1000x1000_1_1899.webp\" \/>\n\t<meta property=\"og:image:width\" content=\"1000\" \/>\n\t<meta property=\"og:image:height\" content=\"1000\" \/>\n\t<meta property=\"og:image:type\" content=\"image\/webp\" \/>\n<meta name=\"twitter:card\" content=\"summary_large_image\" \/>\n<meta name=\"twitter:label1\" content=\"Dur\u00e9e de lecture estim\u00e9e\" \/>\n\t<meta name=\"twitter:data1\" content=\"2 minutes\" \/>\n<script type=\"application\/ld+json\" class=\"yoast-schema-graph\">{\"@context\":\"https:\\\/\\\/schema.org\",\"@graph\":[{\"@type\":\"WebPage\",\"@id\":\"https:\\\/\\\/revolutionpadelstore.com\\\/fr\\\/produit\\\/head-gravity-team-light-2024-3\\\/\",\"url\":\"https:\\\/\\\/revolutionpadelstore.com\\\/fr\\\/produit\\\/head-gravity-team-light-2024-3\\\/\",\"name\":\"HEAD GRAVITY TEAM LIGHT 2024 - Revolution Padel Store\",\"isPartOf\":{\"@id\":\"https:\\\/\\\/revolutionpadelstore.com\\\/fr\\\/#website\"},\"primaryImageOfPage\":{\"@id\":\"https:\\\/\\\/revolutionpadelstore.com\\\/fr\\\/produit\\\/head-gravity-team-light-2024-3\\\/#primaryimage\"},\"image\":{\"@id\":\"https:\\\/\\\/revolutionpadelstore.com\\\/fr\\\/produit\\\/head-gravity-team-light-2024-3\\\/#primaryimage\"},\"thumbnailUrl\":\"https:\\\/\\\/revolutionpadelstore.com\\\/wp-content\\\/uploads\\\/2024\\\/11\\\/113829_pala_de_padel_gravity_team_light_2024_224064_1000x1000_1_1899.webp\",\"datePublished\":\"2024-11-20T22:53:44+00:00\",\"dateModified\":\"2026-04-08T08:15:24+00:00\",\"description\":\"La pala Gravity Team 2024 de Head se distingue por ofrecer una experiencia de juego basada en el control, ligereza y confort en cada golpe. Su dise\u00f1o de forma redonda y amplio punto dulce facilita una mayor precisi\u00f3n en los disparos, permitiendo a los jugadores rendir al m\u00e1ximo en los intercambios defensivos desde el fondo de la pista.\",\"breadcrumb\":{\"@id\":\"https:\\\/\\\/revolutionpadelstore.com\\\/fr\\\/produit\\\/head-gravity-team-light-2024-3\\\/#breadcrumb\"},\"inLanguage\":\"fr-FR\",\"potentialAction\":[{\"@type\":\"ReadAction\",\"target\":[\"https:\\\/\\\/revolutionpadelstore.com\\\/fr\\\/produit\\\/head-gravity-team-light-2024-3\\\/\"]}]},{\"@type\":\"ImageObject\",\"inLanguage\":\"fr-FR\",\"@id\":\"https:\\\/\\\/revolutionpadelstore.com\\\/fr\\\/produit\\\/head-gravity-team-light-2024-3\\\/#primaryimage\",\"url\":\"https:\\\/\\\/revolutionpadelstore.com\\\/wp-content\\\/uploads\\\/2024\\\/11\\\/113829_pala_de_padel_gravity_team_light_2024_224064_1000x1000_1_1899.webp\",\"contentUrl\":\"https:\\\/\\\/revolutionpadelstore.com\\\/wp-content\\\/uploads\\\/2024\\\/11\\\/113829_pala_de_padel_gravity_team_light_2024_224064_1000x1000_1_1899.webp\",\"width\":1000,\"height\":1000},{\"@type\":\"BreadcrumbList\",\"@id\":\"https:\\\/\\\/revolutionpadelstore.com\\\/fr\\\/produit\\\/head-gravity-team-light-2024-3\\\/#breadcrumb\",\"itemListElement\":[{\"@type\":\"ListItem\",\"position\":1,\"name\":\"Portada\",\"item\":\"https:\\\/\\\/revolutionpadelstore.com\\\/fr\\\/\"},{\"@type\":\"ListItem\",\"position\":2,\"name\":\"Boutique\",\"item\":\"https:\\\/\\\/revolutionpadelstore.com\\\/fr\\\/tienda\\\/\"},{\"@type\":\"ListItem\",\"position\":3,\"name\":\"HEAD GRAVITY TEAM LIGHT 2024\"}]},{\"@type\":\"WebSite\",\"@id\":\"https:\\\/\\\/revolutionpadelstore.com\\\/fr\\\/#website\",\"url\":\"https:\\\/\\\/revolutionpadelstore.com\\\/fr\\\/\",\"name\":\"Revolution Padel Store\",\"description\":\"\",\"publisher\":{\"@id\":\"https:\\\/\\\/revolutionpadelstore.com\\\/fr\\\/#organization\"},\"potentialAction\":[{\"@type\":\"SearchAction\",\"target\":{\"@type\":\"EntryPoint\",\"urlTemplate\":\"https:\\\/\\\/revolutionpadelstore.com\\\/fr\\\/?s={search_term_string}\"},\"query-input\":{\"@type\":\"PropertyValueSpecification\",\"valueRequired\":true,\"valueName\":\"search_term_string\"}}],\"inLanguage\":\"fr-FR\"},{\"@type\":\"Organization\",\"@id\":\"https:\\\/\\\/revolutionpadelstore.com\\\/fr\\\/#organization\",\"name\":\"Revolution Padel Store\",\"url\":\"https:\\\/\\\/revolutionpadelstore.com\\\/fr\\\/\",\"logo\":{\"@type\":\"ImageObject\",\"inLanguage\":\"fr-FR\",\"@id\":\"https:\\\/\\\/revolutionpadelstore.com\\\/fr\\\/#\\\/schema\\\/logo\\\/image\\\/\",\"url\":\"https:\\\/\\\/revolutionpadelstore.com\\\/wp-content\\\/uploads\\\/2026\\\/02\\\/revolution-padel-store.jpg\",\"contentUrl\":\"https:\\\/\\\/revolutionpadelstore.com\\\/wp-content\\\/uploads\\\/2026\\\/02\\\/revolution-padel-store.jpg\",\"width\":2000,\"height\":2000,\"caption\":\"Revolution Padel Store\"},\"image\":{\"@id\":\"https:\\\/\\\/revolutionpadelstore.com\\\/fr\\\/#\\\/schema\\\/logo\\\/image\\\/\"},\"sameAs\":[\"https:\\\/\\\/www.instagram.com\\\/revolutionpadelstore\\\/\"]}]}<\/script>\n<!-- \/ Yoast SEO plugin. -->","yoast_head_json":{"title":"HEAD GRAVITY TEAM LIGHT 2024 - Revolution Padel Store","description":"La pala Gravity Team 2024 de Head se distingue por ofrecer una experiencia de juego basada en el control, ligereza y confort en cada golpe. Su dise\u00f1o de forma redonda y amplio punto dulce facilita una mayor precisi\u00f3n en los disparos, permitiendo a los jugadores rendir al m\u00e1ximo en los intercambios defensivos desde el fondo de la pista.","robots":{"index":"index","follow":"follow","max-snippet":"max-snippet:-1","max-image-preview":"max-image-preview:large","max-video-preview":"max-video-preview:-1"},"canonical":"https:\/\/revolutionpadelstore.com\/fr\/produit\/head-gravity-team-light-2024-3\/","og_locale":"fr_FR","og_type":"article","og_title":"HEAD GRAVITY TEAM LIGHT 2024 - Revolution Padel Store","og_description":"La pala Gravity Team 2024 de Head se distingue por ofrecer una experiencia de juego basada en el control, ligereza y confort en cada golpe. Su dise\u00f1o de forma redonda y amplio punto dulce facilita una mayor precisi\u00f3n en los disparos, permitiendo a los jugadores rendir al m\u00e1ximo en los intercambios defensivos desde el fondo de la pista.","og_url":"https:\/\/revolutionpadelstore.com\/fr\/produit\/head-gravity-team-light-2024-3\/","og_site_name":"Revolution Padel Store","article_modified_time":"2026-04-08T08:15:24+00:00","og_image":[{"width":1000,"height":1000,"url":"https:\/\/revolutionpadelstore.com\/wp-content\/uploads\/2024\/11\/113829_pala_de_padel_gravity_team_light_2024_224064_1000x1000_1_1899.webp","type":"image\/webp"}],"twitter_card":"summary_large_image","twitter_misc":{"Dur\u00e9e de lecture estim\u00e9e":"2 minutes"},"schema":{"@context":"https:\/\/schema.org","@graph":[{"@type":"WebPage","@id":"https:\/\/revolutionpadelstore.com\/fr\/produit\/head-gravity-team-light-2024-3\/","url":"https:\/\/revolutionpadelstore.com\/fr\/produit\/head-gravity-team-light-2024-3\/","name":"HEAD GRAVITY TEAM LIGHT 2024 - Revolution Padel Store","isPartOf":{"@id":"https:\/\/revolutionpadelstore.com\/fr\/#website"},"primaryImageOfPage":{"@id":"https:\/\/revolutionpadelstore.com\/fr\/produit\/head-gravity-team-light-2024-3\/#primaryimage"},"image":{"@id":"https:\/\/revolutionpadelstore.com\/fr\/produit\/head-gravity-team-light-2024-3\/#primaryimage"},"thumbnailUrl":"https:\/\/revolutionpadelstore.com\/wp-content\/uploads\/2024\/11\/113829_pala_de_padel_gravity_team_light_2024_224064_1000x1000_1_1899.webp","datePublished":"2024-11-20T22:53:44+00:00","dateModified":"2026-04-08T08:15:24+00:00","description":"La pala Gravity Team 2024 de Head se distingue por ofrecer una experiencia de juego basada en el control, ligereza y confort en cada golpe. Su dise\u00f1o de forma redonda y amplio punto dulce facilita una mayor precisi\u00f3n en los disparos, permitiendo a los jugadores rendir al m\u00e1ximo en los intercambios defensivos desde el fondo de la pista.","breadcrumb":{"@id":"https:\/\/revolutionpadelstore.com\/fr\/produit\/head-gravity-team-light-2024-3\/#breadcrumb"},"inLanguage":"fr-FR","potentialAction":[{"@type":"ReadAction","target":["https:\/\/revolutionpadelstore.com\/fr\/produit\/head-gravity-team-light-2024-3\/"]}]},{"@type":"ImageObject","inLanguage":"fr-FR","@id":"https:\/\/revolutionpadelstore.com\/fr\/produit\/head-gravity-team-light-2024-3\/#primaryimage","url":"https:\/\/revolutionpadelstore.com\/wp-content\/uploads\/2024\/11\/113829_pala_de_padel_gravity_team_light_2024_224064_1000x1000_1_1899.webp","contentUrl":"https:\/\/revolutionpadelstore.com\/wp-content\/uploads\/2024\/11\/113829_pala_de_padel_gravity_team_light_2024_224064_1000x1000_1_1899.webp","width":1000,"height":1000},{"@type":"BreadcrumbList","@id":"https:\/\/revolutionpadelstore.com\/fr\/produit\/head-gravity-team-light-2024-3\/#breadcrumb","itemListElement":[{"@type":"ListItem","position":1,"name":"Portada","item":"https:\/\/revolutionpadelstore.com\/fr\/"},{"@type":"ListItem","position":2,"name":"Boutique","item":"https:\/\/revolutionpadelstore.com\/fr\/tienda\/"},{"@type":"ListItem","position":3,"name":"HEAD GRAVITY TEAM LIGHT 2024"}]},{"@type":"WebSite","@id":"https:\/\/revolutionpadelstore.com\/fr\/#website","url":"https:\/\/revolutionpadelstore.com\/fr\/","name":"Revolution Padel Store","description":"","publisher":{"@id":"https:\/\/revolutionpadelstore.com\/fr\/#organization"},"potentialAction":[{"@type":"SearchAction","target":{"@type":"EntryPoint","urlTemplate":"https:\/\/revolutionpadelstore.com\/fr\/?s={search_term_string}"},"query-input":{"@type":"PropertyValueSpecification","valueRequired":true,"valueName":"search_term_string"}}],"inLanguage":"fr-FR"},{"@type":"Organization","@id":"https:\/\/revolutionpadelstore.com\/fr\/#organization","name":"Revolution Padel Store","url":"https:\/\/revolutionpadelstore.com\/fr\/","logo":{"@type":"ImageObject","inLanguage":"fr-FR","@id":"https:\/\/revolutionpadelstore.com\/fr\/#\/schema\/logo\/image\/","url":"https:\/\/revolutionpadelstore.com\/wp-content\/uploads\/2026\/02\/revolution-padel-store.jpg","contentUrl":"https:\/\/revolutionpadelstore.com\/wp-content\/uploads\/2026\/02\/revolution-padel-store.jpg","width":2000,"height":2000,"caption":"Revolution Padel Store"},"image":{"@id":"https:\/\/revolutionpadelstore.com\/fr\/#\/schema\/logo\/image\/"},"sameAs":["https:\/\/www.instagram.com\/revolutionpadelstore\/"]}]}},"_links":{"self":[{"href":"https:\/\/revolutionpadelstore.com\/fr\/wp-json\/wp\/v2\/product\/119540","targetHints":{"allow":["GET"]}}],"collection":[{"href":"https:\/\/revolutionpadelstore.com\/fr\/wp-json\/wp\/v2\/product"}],"about":[{"href":"https:\/\/revolutionpadelstore.com\/fr\/wp-json\/wp\/v2\/types\/product"}],"replies":[{"embeddable":true,"href":"https:\/\/revolutionpadelstore.com\/fr\/wp-json\/wp\/v2\/comments?post=119540"}],"wp:featuredmedia":[{"embeddable":true,"href":"https:\/\/revolutionpadelstore.com\/fr\/wp-json\/wp\/v2\/media\/119515"}],"wp:attachment":[{"href":"https:\/\/revolutionpadelstore.com\/fr\/wp-json\/wp\/v2\/media?parent=119540"}],"wp:term":[{"taxonomy":"acabado","embeddable":true,"href":"https:\/\/revolutionpadelstore.com\/fr\/wp-json\/wp\/v2\/acabado?post=119540"},{"taxonomy":"balance","embeddable":true,"href":"https:\/\/revolutionpadelstore.com\/fr\/wp-json\/wp\/v2\/balance?post=119540"},{"taxonomy":"dureza","embeddable":true,"href":"https:\/\/revolutionpadelstore.com\/fr\/wp-json\/wp\/v2\/dureza?post=119540"},{"taxonomy":"forma","embeddable":true,"href":"https:\/\/revolutionpadelstore.com\/fr\/wp-json\/wp\/v2\/forma?post=119540"},{"taxonomy":"jugador","embeddable":true,"href":"https:\/\/revolutionpadelstore.com\/fr\/wp-json\/wp\/v2\/jugador?post=119540"},{"taxonomy":"marca","embeddable":true,"href":"https:\/\/revolutionpadelstore.com\/fr\/wp-json\/wp\/v2\/marca?post=119540"},{"taxonomy":"nivel-de-juego","embeddable":true,"href":"https:\/\/revolutionpadelstore.com\/fr\/wp-json\/wp\/v2\/nivel-de-juego?post=119540"},{"taxonomy":"superficie","embeddable":true,"href":"https:\/\/revolutionpadelstore.com\/fr\/wp-json\/wp\/v2\/superficie?post=119540"},{"taxonomy":"tipo-de-juego","embeddable":true,"href":"https:\/\/revolutionpadelstore.com\/fr\/wp-json\/wp\/v2\/tipo-de-juego?post=119540"},{"taxonomy":"product_brand","embeddable":true,"href":"https:\/\/revolutionpadelstore.com\/fr\/wp-json\/wp\/v2\/product_brand?post=119540"},{"taxonomy":"product_cat","embeddable":true,"href":"https:\/\/revolutionpadelstore.com\/fr\/wp-json\/wp\/v2\/product_cat?post=119540"},{"taxonomy":"product_tag","embeddable":true,"href":"https:\/\/revolutionpadelstore.com\/fr\/wp-json\/wp\/v2\/product_tag?post=119540"}],"curies":[{"name":"wp","href":"https:\/\/api.w.org\/{rel}","templated":true}]}}