{"id":119508,"date":"2024-11-20T23:28:50","date_gmt":"2024-11-20T22:28:50","guid":{"rendered":"https:\/\/revolutionpadelstore.com\/head-gravity-team-2024\/"},"modified":"2026-04-08T10:15:49","modified_gmt":"2026-04-08T08:15:49","slug":"head-gravity-team-2024-3","status":"publish","type":"product","link":"https:\/\/revolutionpadelstore.com\/fr\/produit\/head-gravity-team-2024-3\/","title":{"rendered":"HEAD GRAVITY TEAM 2024"},"content":{"rendered":"<p>La <strong> Head Gravity Team 2024 <\/strong> est une pelle \u00e0 palette qui se d\u00e9marque pour sa combinaison id\u00e9ale de contr\u00f4le et de confort. Avec une structure l\u00e9g\u00e8re et un design arrondi, cette pelle offre un faible \u00e9quilibre, \u00e9tant parfait pour les joueurs de niveau interm\u00e9diaire qui cherchent \u00e0 am\u00e9liorer leur technique sur le terrain. Son design renouvel\u00e9 et moderne int\u00e8gre la technologie <strong> Auxetic 2.0 <\/strong>, qui optimise la connexion avec le ballon, offrant une touche plus pr\u00e9cise dans chaque coup.<br \/>\n<H2> Head Gravity Team 2024 pour les joueurs de niveau interm\u00e9diaire <\/h2>\n<p>Pens\u00e9 sp\u00e9cialement pour les joueurs interm\u00e9diaires, cette pelle est con\u00e7ue pour ceux qui veulent perfectionner leur contr\u00f4le sans sacrifier le confort. Gr\u00e2ce \u00e0 son poids l\u00e9ger et \u00e0 son \u00e9quilibre \u00e9quilibr\u00e9, il est facile \u00e0 manipuler, ce qui en fait une excellente option pour ceux qui recherchent la pr\u00e9cision en coups tactiques tels que le plateau ou la vol\u00e9e.<\/p>\n<h2> Caract\u00e9ristiques et technologies de l&#8217;\u00e9quipe de gravit\u00e9 de la t\u00eate 2024 <\/h2>\n<p><strong> &#8211; Auxetic 2.0 <\/strong>: am\u00e9liore la connexion avec la balle, offrant une touche plus pr\u00e9cise et fiable.<\/p>\n<p><strong> -Control mousse <\/strong>: caoutchouc qui \u00e9largit le point sucr\u00e9, offrant une plus grande pr\u00e9cision et une meilleure r\u00e9ponse dans les coups techniques.<\/p>\n<p><strong> -Smart Bridge <\/strong>: Technologie qui ajuste la zone du pont pour mieux s&#8217;adapter aux besoins du joueur.<\/p>\n<p><strong> &#8211; Capulet de crosse <\/strong>: capuchon souple qui r\u00e9duit les vibrations, offrant une adh\u00e9rence plus confortable et s\u00fbre.<\/p>\n<p><strong> -Graph\u00e8ne \u00e0 l&#8217;int\u00e9rieur <\/strong>: renforce le cadre, am\u00e9liorant la stabilit\u00e9 et la sortie de la balle.<\/p>\n<p><strong> -glass Fibre <\/strong>: surface de frappe douce qui augmente le confort et facilite la puissance accessible.<\/p>\n<p>Si vous recherchez une pelle qui combine le contr\u00f4le et le confort, la <strong> Head Gravity Team 2024 <\/strong> est une excellente option pour am\u00e9liorer votre jeu, en profitant des technologies les plus avanc\u00e9es du march\u00e9.<strong>Head Gravity Team 2024<\/strong><\/p>\n","protected":false},"excerpt":{"rendered":"<p>La Shovel Head Gravity Team 2024 combine le contr\u00f4le et le confort avec les technologies avanc\u00e9es, id\u00e9ale pour les joueurs interm\u00e9diaires qui cherchent \u00e0 am\u00e9liorer leur pr\u00e9cision et leur g\u00e9rabilit\u00e9.<\/p>\n","protected":false},"featured_media":119479,"comment_status":"open","ping_status":"closed","template":"","meta":{"_acf_changed":false,"_joinchat":[]},"acabado":[1082],"balance":[1147],"dureza":[1152],"forma":[1182],"jugador":[1192,1202],"marca":[1222],"nivel-de-juego":[1342,1352],"superficie":[1357],"tipo-de-juego":[1372],"product_brand":[],"product_cat":[302],"product_tag":[],"class_list":{"0":"post-119508","1":"product","2":"type-product","3":"status-publish","4":"has-post-thumbnail","6":"acabado-luminosite","7":"balance-faible","8":"dureza-blanda-fr","9":"forma-rond","10":"jugador-homme","11":"jugador-polivalente-fr","12":"marca-tete","13":"superficie-lise","14":"tipo-de-juego-control-fr","15":"product_cat-palas-de-padel-fr","17":"first","18":"instock","19":"sale","20":"taxable","21":"shipping-taxable","22":"purchasable","23":"product-type-simple"},"acf":[],"yoast_head":"<!-- This site is optimized with the Yoast SEO plugin v27.4 - https:\/\/yoast.com\/product\/yoast-seo-wordpress\/ -->\n<title>HEAD GRAVITY TEAM 2024 - Revolution Padel Store<\/title>\n<meta name=\"description\" content=\"La Head Gravity Team 2024 es una pala que destaca por su mezcla perfecta de control y confort. Dise\u00f1ada con una estructura ligera redonda y un balance bajo, esta pala est\u00e1 pensada para jugadores de nivel intermedio que desean perfeccionar su t\u00e9cnica en la pista. Con un dise\u00f1o renovado y moderno, la Head Gravity Team 2024 incorpora la tecnolog\u00eda Auxetic 2.0, la cual mejora notablemente la conexi\u00f3n y el tacto con la pelota, proporcionando una sensaci\u00f3n m\u00e1s precisa en cada golpe.\" \/>\n<meta name=\"robots\" content=\"index, follow, max-snippet:-1, max-image-preview:large, max-video-preview:-1\" \/>\n<link rel=\"canonical\" href=\"https:\/\/revolutionpadelstore.com\/fr\/produit\/head-gravity-team-2024-3\/\" \/>\n<meta property=\"og:locale\" content=\"fr_FR\" \/>\n<meta property=\"og:type\" content=\"article\" \/>\n<meta property=\"og:title\" content=\"HEAD GRAVITY TEAM 2024 - Revolution Padel Store\" \/>\n<meta property=\"og:description\" content=\"La Head Gravity Team 2024 es una pala que destaca por su mezcla perfecta de control y confort. Dise\u00f1ada con una estructura ligera redonda y un balance bajo, esta pala est\u00e1 pensada para jugadores de nivel intermedio que desean perfeccionar su t\u00e9cnica en la pista. Con un dise\u00f1o renovado y moderno, la Head Gravity Team 2024 incorpora la tecnolog\u00eda Auxetic 2.0, la cual mejora notablemente la conexi\u00f3n y el tacto con la pelota, proporcionando una sensaci\u00f3n m\u00e1s precisa en cada golpe.\" \/>\n<meta property=\"og:url\" content=\"https:\/\/revolutionpadelstore.com\/fr\/produit\/head-gravity-team-2024-3\/\" \/>\n<meta property=\"og:site_name\" content=\"Revolution Padel Store\" \/>\n<meta property=\"article:modified_time\" content=\"2026-04-08T08:15:49+00:00\" \/>\n<meta property=\"og:image\" content=\"https:\/\/revolutionpadelstore.com\/wp-content\/uploads\/2024\/11\/113826_pala_de_padel_gravity_elite_2024224024_1000x1000_1_b72b.webp\" \/>\n\t<meta property=\"og:image:width\" content=\"1000\" \/>\n\t<meta property=\"og:image:height\" content=\"1000\" \/>\n\t<meta property=\"og:image:type\" content=\"image\/webp\" \/>\n<meta name=\"twitter:card\" content=\"summary_large_image\" \/>\n<meta name=\"twitter:label1\" content=\"Dur\u00e9e de lecture estim\u00e9e\" \/>\n\t<meta name=\"twitter:data1\" content=\"2 minutes\" \/>\n<script type=\"application\/ld+json\" class=\"yoast-schema-graph\">{\"@context\":\"https:\\\/\\\/schema.org\",\"@graph\":[{\"@type\":\"WebPage\",\"@id\":\"https:\\\/\\\/revolutionpadelstore.com\\\/fr\\\/produit\\\/head-gravity-team-2024-3\\\/\",\"url\":\"https:\\\/\\\/revolutionpadelstore.com\\\/fr\\\/produit\\\/head-gravity-team-2024-3\\\/\",\"name\":\"HEAD GRAVITY TEAM 2024 - Revolution Padel Store\",\"isPartOf\":{\"@id\":\"https:\\\/\\\/revolutionpadelstore.com\\\/fr\\\/#website\"},\"primaryImageOfPage\":{\"@id\":\"https:\\\/\\\/revolutionpadelstore.com\\\/fr\\\/produit\\\/head-gravity-team-2024-3\\\/#primaryimage\"},\"image\":{\"@id\":\"https:\\\/\\\/revolutionpadelstore.com\\\/fr\\\/produit\\\/head-gravity-team-2024-3\\\/#primaryimage\"},\"thumbnailUrl\":\"https:\\\/\\\/revolutionpadelstore.com\\\/wp-content\\\/uploads\\\/2024\\\/11\\\/113826_pala_de_padel_gravity_elite_2024224024_1000x1000_1_b72b.webp\",\"datePublished\":\"2024-11-20T22:28:50+00:00\",\"dateModified\":\"2026-04-08T08:15:49+00:00\",\"description\":\"La Head Gravity Team 2024 es una pala que destaca por su mezcla perfecta de control y confort. Dise\u00f1ada con una estructura ligera redonda y un balance bajo, esta pala est\u00e1 pensada para jugadores de nivel intermedio que desean perfeccionar su t\u00e9cnica en la pista. Con un dise\u00f1o renovado y moderno, la Head Gravity Team 2024 incorpora la tecnolog\u00eda Auxetic 2.0, la cual mejora notablemente la conexi\u00f3n y el tacto con la pelota, proporcionando una sensaci\u00f3n m\u00e1s precisa en cada golpe.\",\"breadcrumb\":{\"@id\":\"https:\\\/\\\/revolutionpadelstore.com\\\/fr\\\/produit\\\/head-gravity-team-2024-3\\\/#breadcrumb\"},\"inLanguage\":\"fr-FR\",\"potentialAction\":[{\"@type\":\"ReadAction\",\"target\":[\"https:\\\/\\\/revolutionpadelstore.com\\\/fr\\\/produit\\\/head-gravity-team-2024-3\\\/\"]}]},{\"@type\":\"ImageObject\",\"inLanguage\":\"fr-FR\",\"@id\":\"https:\\\/\\\/revolutionpadelstore.com\\\/fr\\\/produit\\\/head-gravity-team-2024-3\\\/#primaryimage\",\"url\":\"https:\\\/\\\/revolutionpadelstore.com\\\/wp-content\\\/uploads\\\/2024\\\/11\\\/113826_pala_de_padel_gravity_elite_2024224024_1000x1000_1_b72b.webp\",\"contentUrl\":\"https:\\\/\\\/revolutionpadelstore.com\\\/wp-content\\\/uploads\\\/2024\\\/11\\\/113826_pala_de_padel_gravity_elite_2024224024_1000x1000_1_b72b.webp\",\"width\":1000,\"height\":1000},{\"@type\":\"BreadcrumbList\",\"@id\":\"https:\\\/\\\/revolutionpadelstore.com\\\/fr\\\/produit\\\/head-gravity-team-2024-3\\\/#breadcrumb\",\"itemListElement\":[{\"@type\":\"ListItem\",\"position\":1,\"name\":\"Portada\",\"item\":\"https:\\\/\\\/revolutionpadelstore.com\\\/fr\\\/\"},{\"@type\":\"ListItem\",\"position\":2,\"name\":\"Boutique\",\"item\":\"https:\\\/\\\/revolutionpadelstore.com\\\/fr\\\/tienda\\\/\"},{\"@type\":\"ListItem\",\"position\":3,\"name\":\"HEAD GRAVITY TEAM 2024\"}]},{\"@type\":\"WebSite\",\"@id\":\"https:\\\/\\\/revolutionpadelstore.com\\\/fr\\\/#website\",\"url\":\"https:\\\/\\\/revolutionpadelstore.com\\\/fr\\\/\",\"name\":\"Revolution Padel Store\",\"description\":\"\",\"publisher\":{\"@id\":\"https:\\\/\\\/revolutionpadelstore.com\\\/fr\\\/#organization\"},\"potentialAction\":[{\"@type\":\"SearchAction\",\"target\":{\"@type\":\"EntryPoint\",\"urlTemplate\":\"https:\\\/\\\/revolutionpadelstore.com\\\/fr\\\/?s={search_term_string}\"},\"query-input\":{\"@type\":\"PropertyValueSpecification\",\"valueRequired\":true,\"valueName\":\"search_term_string\"}}],\"inLanguage\":\"fr-FR\"},{\"@type\":\"Organization\",\"@id\":\"https:\\\/\\\/revolutionpadelstore.com\\\/fr\\\/#organization\",\"name\":\"Revolution Padel Store\",\"url\":\"https:\\\/\\\/revolutionpadelstore.com\\\/fr\\\/\",\"logo\":{\"@type\":\"ImageObject\",\"inLanguage\":\"fr-FR\",\"@id\":\"https:\\\/\\\/revolutionpadelstore.com\\\/fr\\\/#\\\/schema\\\/logo\\\/image\\\/\",\"url\":\"https:\\\/\\\/revolutionpadelstore.com\\\/wp-content\\\/uploads\\\/2026\\\/02\\\/revolution-padel-store.jpg\",\"contentUrl\":\"https:\\\/\\\/revolutionpadelstore.com\\\/wp-content\\\/uploads\\\/2026\\\/02\\\/revolution-padel-store.jpg\",\"width\":2000,\"height\":2000,\"caption\":\"Revolution Padel Store\"},\"image\":{\"@id\":\"https:\\\/\\\/revolutionpadelstore.com\\\/fr\\\/#\\\/schema\\\/logo\\\/image\\\/\"},\"sameAs\":[\"https:\\\/\\\/www.instagram.com\\\/revolutionpadelstore\\\/\"]}]}<\/script>\n<!-- \/ Yoast SEO plugin. -->","yoast_head_json":{"title":"HEAD GRAVITY TEAM 2024 - Revolution Padel Store","description":"La Head Gravity Team 2024 es una pala que destaca por su mezcla perfecta de control y confort. Dise\u00f1ada con una estructura ligera redonda y un balance bajo, esta pala est\u00e1 pensada para jugadores de nivel intermedio que desean perfeccionar su t\u00e9cnica en la pista. Con un dise\u00f1o renovado y moderno, la Head Gravity Team 2024 incorpora la tecnolog\u00eda Auxetic 2.0, la cual mejora notablemente la conexi\u00f3n y el tacto con la pelota, proporcionando una sensaci\u00f3n m\u00e1s precisa en cada golpe.","robots":{"index":"index","follow":"follow","max-snippet":"max-snippet:-1","max-image-preview":"max-image-preview:large","max-video-preview":"max-video-preview:-1"},"canonical":"https:\/\/revolutionpadelstore.com\/fr\/produit\/head-gravity-team-2024-3\/","og_locale":"fr_FR","og_type":"article","og_title":"HEAD GRAVITY TEAM 2024 - Revolution Padel Store","og_description":"La Head Gravity Team 2024 es una pala que destaca por su mezcla perfecta de control y confort. Dise\u00f1ada con una estructura ligera redonda y un balance bajo, esta pala est\u00e1 pensada para jugadores de nivel intermedio que desean perfeccionar su t\u00e9cnica en la pista. Con un dise\u00f1o renovado y moderno, la Head Gravity Team 2024 incorpora la tecnolog\u00eda Auxetic 2.0, la cual mejora notablemente la conexi\u00f3n y el tacto con la pelota, proporcionando una sensaci\u00f3n m\u00e1s precisa en cada golpe.","og_url":"https:\/\/revolutionpadelstore.com\/fr\/produit\/head-gravity-team-2024-3\/","og_site_name":"Revolution Padel Store","article_modified_time":"2026-04-08T08:15:49+00:00","og_image":[{"width":1000,"height":1000,"url":"https:\/\/revolutionpadelstore.com\/wp-content\/uploads\/2024\/11\/113826_pala_de_padel_gravity_elite_2024224024_1000x1000_1_b72b.webp","type":"image\/webp"}],"twitter_card":"summary_large_image","twitter_misc":{"Dur\u00e9e de lecture estim\u00e9e":"2 minutes"},"schema":{"@context":"https:\/\/schema.org","@graph":[{"@type":"WebPage","@id":"https:\/\/revolutionpadelstore.com\/fr\/produit\/head-gravity-team-2024-3\/","url":"https:\/\/revolutionpadelstore.com\/fr\/produit\/head-gravity-team-2024-3\/","name":"HEAD GRAVITY TEAM 2024 - Revolution Padel Store","isPartOf":{"@id":"https:\/\/revolutionpadelstore.com\/fr\/#website"},"primaryImageOfPage":{"@id":"https:\/\/revolutionpadelstore.com\/fr\/produit\/head-gravity-team-2024-3\/#primaryimage"},"image":{"@id":"https:\/\/revolutionpadelstore.com\/fr\/produit\/head-gravity-team-2024-3\/#primaryimage"},"thumbnailUrl":"https:\/\/revolutionpadelstore.com\/wp-content\/uploads\/2024\/11\/113826_pala_de_padel_gravity_elite_2024224024_1000x1000_1_b72b.webp","datePublished":"2024-11-20T22:28:50+00:00","dateModified":"2026-04-08T08:15:49+00:00","description":"La Head Gravity Team 2024 es una pala que destaca por su mezcla perfecta de control y confort. Dise\u00f1ada con una estructura ligera redonda y un balance bajo, esta pala est\u00e1 pensada para jugadores de nivel intermedio que desean perfeccionar su t\u00e9cnica en la pista. Con un dise\u00f1o renovado y moderno, la Head Gravity Team 2024 incorpora la tecnolog\u00eda Auxetic 2.0, la cual mejora notablemente la conexi\u00f3n y el tacto con la pelota, proporcionando una sensaci\u00f3n m\u00e1s precisa en cada golpe.","breadcrumb":{"@id":"https:\/\/revolutionpadelstore.com\/fr\/produit\/head-gravity-team-2024-3\/#breadcrumb"},"inLanguage":"fr-FR","potentialAction":[{"@type":"ReadAction","target":["https:\/\/revolutionpadelstore.com\/fr\/produit\/head-gravity-team-2024-3\/"]}]},{"@type":"ImageObject","inLanguage":"fr-FR","@id":"https:\/\/revolutionpadelstore.com\/fr\/produit\/head-gravity-team-2024-3\/#primaryimage","url":"https:\/\/revolutionpadelstore.com\/wp-content\/uploads\/2024\/11\/113826_pala_de_padel_gravity_elite_2024224024_1000x1000_1_b72b.webp","contentUrl":"https:\/\/revolutionpadelstore.com\/wp-content\/uploads\/2024\/11\/113826_pala_de_padel_gravity_elite_2024224024_1000x1000_1_b72b.webp","width":1000,"height":1000},{"@type":"BreadcrumbList","@id":"https:\/\/revolutionpadelstore.com\/fr\/produit\/head-gravity-team-2024-3\/#breadcrumb","itemListElement":[{"@type":"ListItem","position":1,"name":"Portada","item":"https:\/\/revolutionpadelstore.com\/fr\/"},{"@type":"ListItem","position":2,"name":"Boutique","item":"https:\/\/revolutionpadelstore.com\/fr\/tienda\/"},{"@type":"ListItem","position":3,"name":"HEAD GRAVITY TEAM 2024"}]},{"@type":"WebSite","@id":"https:\/\/revolutionpadelstore.com\/fr\/#website","url":"https:\/\/revolutionpadelstore.com\/fr\/","name":"Revolution Padel Store","description":"","publisher":{"@id":"https:\/\/revolutionpadelstore.com\/fr\/#organization"},"potentialAction":[{"@type":"SearchAction","target":{"@type":"EntryPoint","urlTemplate":"https:\/\/revolutionpadelstore.com\/fr\/?s={search_term_string}"},"query-input":{"@type":"PropertyValueSpecification","valueRequired":true,"valueName":"search_term_string"}}],"inLanguage":"fr-FR"},{"@type":"Organization","@id":"https:\/\/revolutionpadelstore.com\/fr\/#organization","name":"Revolution Padel Store","url":"https:\/\/revolutionpadelstore.com\/fr\/","logo":{"@type":"ImageObject","inLanguage":"fr-FR","@id":"https:\/\/revolutionpadelstore.com\/fr\/#\/schema\/logo\/image\/","url":"https:\/\/revolutionpadelstore.com\/wp-content\/uploads\/2026\/02\/revolution-padel-store.jpg","contentUrl":"https:\/\/revolutionpadelstore.com\/wp-content\/uploads\/2026\/02\/revolution-padel-store.jpg","width":2000,"height":2000,"caption":"Revolution Padel Store"},"image":{"@id":"https:\/\/revolutionpadelstore.com\/fr\/#\/schema\/logo\/image\/"},"sameAs":["https:\/\/www.instagram.com\/revolutionpadelstore\/"]}]}},"_links":{"self":[{"href":"https:\/\/revolutionpadelstore.com\/fr\/wp-json\/wp\/v2\/product\/119508","targetHints":{"allow":["GET"]}}],"collection":[{"href":"https:\/\/revolutionpadelstore.com\/fr\/wp-json\/wp\/v2\/product"}],"about":[{"href":"https:\/\/revolutionpadelstore.com\/fr\/wp-json\/wp\/v2\/types\/product"}],"replies":[{"embeddable":true,"href":"https:\/\/revolutionpadelstore.com\/fr\/wp-json\/wp\/v2\/comments?post=119508"}],"wp:featuredmedia":[{"embeddable":true,"href":"https:\/\/revolutionpadelstore.com\/fr\/wp-json\/wp\/v2\/media\/119479"}],"wp:attachment":[{"href":"https:\/\/revolutionpadelstore.com\/fr\/wp-json\/wp\/v2\/media?parent=119508"}],"wp:term":[{"taxonomy":"acabado","embeddable":true,"href":"https:\/\/revolutionpadelstore.com\/fr\/wp-json\/wp\/v2\/acabado?post=119508"},{"taxonomy":"balance","embeddable":true,"href":"https:\/\/revolutionpadelstore.com\/fr\/wp-json\/wp\/v2\/balance?post=119508"},{"taxonomy":"dureza","embeddable":true,"href":"https:\/\/revolutionpadelstore.com\/fr\/wp-json\/wp\/v2\/dureza?post=119508"},{"taxonomy":"forma","embeddable":true,"href":"https:\/\/revolutionpadelstore.com\/fr\/wp-json\/wp\/v2\/forma?post=119508"},{"taxonomy":"jugador","embeddable":true,"href":"https:\/\/revolutionpadelstore.com\/fr\/wp-json\/wp\/v2\/jugador?post=119508"},{"taxonomy":"marca","embeddable":true,"href":"https:\/\/revolutionpadelstore.com\/fr\/wp-json\/wp\/v2\/marca?post=119508"},{"taxonomy":"nivel-de-juego","embeddable":true,"href":"https:\/\/revolutionpadelstore.com\/fr\/wp-json\/wp\/v2\/nivel-de-juego?post=119508"},{"taxonomy":"superficie","embeddable":true,"href":"https:\/\/revolutionpadelstore.com\/fr\/wp-json\/wp\/v2\/superficie?post=119508"},{"taxonomy":"tipo-de-juego","embeddable":true,"href":"https:\/\/revolutionpadelstore.com\/fr\/wp-json\/wp\/v2\/tipo-de-juego?post=119508"},{"taxonomy":"product_brand","embeddable":true,"href":"https:\/\/revolutionpadelstore.com\/fr\/wp-json\/wp\/v2\/product_brand?post=119508"},{"taxonomy":"product_cat","embeddable":true,"href":"https:\/\/revolutionpadelstore.com\/fr\/wp-json\/wp\/v2\/product_cat?post=119508"},{"taxonomy":"product_tag","embeddable":true,"href":"https:\/\/revolutionpadelstore.com\/fr\/wp-json\/wp\/v2\/product_tag?post=119508"}],"curies":[{"name":"wp","href":"https:\/\/api.w.org\/{rel}","templated":true}]}}