{"id":119459,"date":"2024-11-15T08:03:29","date_gmt":"2024-11-15T07:03:29","guid":{"rendered":"https:\/\/revolutionpadelstore.com\/nox-at10-lux-negro-rojo\/"},"modified":"2026-04-08T10:21:37","modified_gmt":"2026-04-08T08:21:37","slug":"nox-at10-lux-negro-rojo-3","status":"publish","type":"product","link":"https:\/\/revolutionpadelstore.com\/fr\/produit\/nox-at10-lux-negro-rojo-3\/","title":{"rendered":"NOX AT10 LUX NEGRO ROJO"},"content":{"rendered":"<p>Ces chaussures \u00e0 pagaie ont \u00e9t\u00e9 fabriqu\u00e9es avec des mat\u00e9riaux de la plus haute qualit\u00e9, offrant un excellent coussin gr\u00e2ce \u00e0 leur semelle interm\u00e9diaire du phylon inject\u00e9e, un composant de faible densit\u00e9 qui optimise l&#8217;absorption du rebond et de l&#8217;impact gr\u00e2ce \u00e0 une gestion efficace de l&#8217;\u00e9nergie.<\/p>\n<p>La conception du Nox AT10 Lux, dans des tons noirs et rouges, se distingue par sa stabilit\u00e9. Les supports du syst\u00e8me de support r\u00e9duisent le risque de g\u00e2teaux pendant les mouvements lat\u00e9raux, permettant d&#8217;atteindre une vitesse \u00e9lev\u00e9e et \u00e0 tour de r\u00f4le en toute s\u00e9curit\u00e9.<\/p>\n<p>La semelle de ces chaussures est \u00e9quip\u00e9e d&#8217;un motif de pointes combin\u00e9 \u00e0 de petits tacos, ce qui am\u00e9liore la traction sur diverses surfaces.<\/p>\n<p>Ce sont des chaussures confortables, car leur partie sup\u00e9rieure incorpore un maillage respirant dans la zone du cou, ainsi que des rev\u00eatements qui optimisent le r\u00e9glage et la fixation du pied.<\/p>\n<p>Esth\u00e9tiquement, sa conception est choquante, avec un fond noir et des d\u00e9tails rouges, tels que les lacets et le logo de la marque sur les c\u00f4t\u00e9s. De plus, ces chaussures sont certifi\u00e9es par des podiatres, ce qui assure leur qualit\u00e9 et leur confort du point de vue clinique.<\/p>\n","protected":false},"excerpt":{"rendered":"<p>Id\u00e9al pour le joueur le plus exigeant, les <strong> chaussures de paddle <\/strong> NOX AT10 Lux Black Red ont \u00e9t\u00e9 sp\u00e9cialement d\u00e9velopp\u00e9es avec des innovations technologiques qui cherchent \u00e0 minimiser la possibilit\u00e9 d&#8217;une blessure.<strong>zapatillas de p\u00e1del\u00a0<\/strong><\/p>\n","protected":false},"featured_media":110589,"comment_status":"open","ping_status":"closed","template":"","meta":{"_acf_changed":false,"_joinchat":[]},"acabado":[],"balance":[],"dureza":[],"forma":[],"jugador":[1192],"marca":[1262],"nivel-de-juego":[],"superficie":[],"tipo-de-juego":[],"product_brand":[],"product_cat":[830,407],"product_tag":[],"class_list":{"0":"post-119459","1":"product","2":"type-product","3":"status-publish","4":"has-post-thumbnail","6":"jugador-homme","7":"marca-nox-fr","8":"product_cat-baskets","9":"product_cat-sneakers-pour-hommes","11":"first","12":"outofstock","13":"sale","14":"taxable","15":"shipping-taxable","16":"purchasable","17":"product-type-variable"},"acf":[],"yoast_head":"<!-- This site is optimized with the Yoast SEO plugin v27.4 - https:\/\/yoast.com\/product\/yoast-seo-wordpress\/ -->\n<title>NOX AT10 LUX NEGRO ROJO - Revolution Padel Store<\/title>\n<meta name=\"description\" content=\"Estas zapatillas de p\u00e1del han sido fabricadas con materiales de la m\u00e1s alta calidad, ofreciendo una excelente amortiguaci\u00f3n gracias a su mediasuela de Phylon inyectado, un componente de baja densidad que optimiza el rebote y la absorci\u00f3n de impacto mediante una eficaz gesti\u00f3n de la energ\u00eda.\" \/>\n<meta name=\"robots\" content=\"index, follow, max-snippet:-1, max-image-preview:large, max-video-preview:-1\" \/>\n<link rel=\"canonical\" href=\"https:\/\/revolutionpadelstore.com\/fr\/produit\/nox-at10-lux-negro-rojo-3\/\" \/>\n<meta property=\"og:locale\" content=\"fr_FR\" \/>\n<meta property=\"og:type\" content=\"article\" \/>\n<meta property=\"og:title\" content=\"NOX AT10 LUX NEGRO ROJO - Revolution Padel Store\" \/>\n<meta property=\"og:description\" content=\"Estas zapatillas de p\u00e1del han sido fabricadas con materiales de la m\u00e1s alta calidad, ofreciendo una excelente amortiguaci\u00f3n gracias a su mediasuela de Phylon inyectado, un componente de baja densidad que optimiza el rebote y la absorci\u00f3n de impacto mediante una eficaz gesti\u00f3n de la energ\u00eda.\" \/>\n<meta property=\"og:url\" content=\"https:\/\/revolutionpadelstore.com\/fr\/produit\/nox-at10-lux-negro-rojo-3\/\" \/>\n<meta property=\"og:site_name\" content=\"Revolution Padel Store\" \/>\n<meta property=\"article:modified_time\" content=\"2026-04-08T08:21:37+00:00\" \/>\n<meta property=\"og:image\" content=\"https:\/\/revolutionpadelstore.com\/wp-content\/uploads\/2024\/11\/imagen_1_24128_efe75f49_e276.webp\" \/>\n\t<meta property=\"og:image:width\" content=\"1000\" \/>\n\t<meta property=\"og:image:height\" content=\"1000\" \/>\n\t<meta property=\"og:image:type\" content=\"image\/webp\" \/>\n<meta name=\"twitter:card\" content=\"summary_large_image\" \/>\n<meta name=\"twitter:label1\" content=\"Dur\u00e9e de lecture estim\u00e9e\" \/>\n\t<meta name=\"twitter:data1\" content=\"1 minute\" \/>\n<script type=\"application\/ld+json\" class=\"yoast-schema-graph\">{\"@context\":\"https:\\\/\\\/schema.org\",\"@graph\":[{\"@type\":\"WebPage\",\"@id\":\"https:\\\/\\\/revolutionpadelstore.com\\\/fr\\\/produit\\\/nox-at10-lux-negro-rojo-3\\\/\",\"url\":\"https:\\\/\\\/revolutionpadelstore.com\\\/fr\\\/produit\\\/nox-at10-lux-negro-rojo-3\\\/\",\"name\":\"NOX AT10 LUX NEGRO ROJO - Revolution Padel Store\",\"isPartOf\":{\"@id\":\"https:\\\/\\\/revolutionpadelstore.com\\\/fr\\\/#website\"},\"primaryImageOfPage\":{\"@id\":\"https:\\\/\\\/revolutionpadelstore.com\\\/fr\\\/produit\\\/nox-at10-lux-negro-rojo-3\\\/#primaryimage\"},\"image\":{\"@id\":\"https:\\\/\\\/revolutionpadelstore.com\\\/fr\\\/produit\\\/nox-at10-lux-negro-rojo-3\\\/#primaryimage\"},\"thumbnailUrl\":\"https:\\\/\\\/revolutionpadelstore.com\\\/wp-content\\\/uploads\\\/2024\\\/11\\\/imagen_1_24128_efe75f49_e276.webp\",\"datePublished\":\"2024-11-15T07:03:29+00:00\",\"dateModified\":\"2026-04-08T08:21:37+00:00\",\"description\":\"Estas zapatillas de p\u00e1del han sido fabricadas con materiales de la m\u00e1s alta calidad, ofreciendo una excelente amortiguaci\u00f3n gracias a su mediasuela de Phylon inyectado, un componente de baja densidad que optimiza el rebote y la absorci\u00f3n de impacto mediante una eficaz gesti\u00f3n de la energ\u00eda.\",\"breadcrumb\":{\"@id\":\"https:\\\/\\\/revolutionpadelstore.com\\\/fr\\\/produit\\\/nox-at10-lux-negro-rojo-3\\\/#breadcrumb\"},\"inLanguage\":\"fr-FR\",\"potentialAction\":[{\"@type\":\"ReadAction\",\"target\":[\"https:\\\/\\\/revolutionpadelstore.com\\\/fr\\\/produit\\\/nox-at10-lux-negro-rojo-3\\\/\"]}]},{\"@type\":\"ImageObject\",\"inLanguage\":\"fr-FR\",\"@id\":\"https:\\\/\\\/revolutionpadelstore.com\\\/fr\\\/produit\\\/nox-at10-lux-negro-rojo-3\\\/#primaryimage\",\"url\":\"https:\\\/\\\/revolutionpadelstore.com\\\/wp-content\\\/uploads\\\/2024\\\/11\\\/imagen_1_24128_efe75f49_e276.webp\",\"contentUrl\":\"https:\\\/\\\/revolutionpadelstore.com\\\/wp-content\\\/uploads\\\/2024\\\/11\\\/imagen_1_24128_efe75f49_e276.webp\",\"width\":1000,\"height\":1000},{\"@type\":\"BreadcrumbList\",\"@id\":\"https:\\\/\\\/revolutionpadelstore.com\\\/fr\\\/produit\\\/nox-at10-lux-negro-rojo-3\\\/#breadcrumb\",\"itemListElement\":[{\"@type\":\"ListItem\",\"position\":1,\"name\":\"Portada\",\"item\":\"https:\\\/\\\/revolutionpadelstore.com\\\/fr\\\/\"},{\"@type\":\"ListItem\",\"position\":2,\"name\":\"Boutique\",\"item\":\"https:\\\/\\\/revolutionpadelstore.com\\\/fr\\\/tienda\\\/\"},{\"@type\":\"ListItem\",\"position\":3,\"name\":\"NOX AT10 LUX NEGRO ROJO\"}]},{\"@type\":\"WebSite\",\"@id\":\"https:\\\/\\\/revolutionpadelstore.com\\\/fr\\\/#website\",\"url\":\"https:\\\/\\\/revolutionpadelstore.com\\\/fr\\\/\",\"name\":\"Revolution Padel Store\",\"description\":\"\",\"publisher\":{\"@id\":\"https:\\\/\\\/revolutionpadelstore.com\\\/fr\\\/#organization\"},\"potentialAction\":[{\"@type\":\"SearchAction\",\"target\":{\"@type\":\"EntryPoint\",\"urlTemplate\":\"https:\\\/\\\/revolutionpadelstore.com\\\/fr\\\/?s={search_term_string}\"},\"query-input\":{\"@type\":\"PropertyValueSpecification\",\"valueRequired\":true,\"valueName\":\"search_term_string\"}}],\"inLanguage\":\"fr-FR\"},{\"@type\":\"Organization\",\"@id\":\"https:\\\/\\\/revolutionpadelstore.com\\\/fr\\\/#organization\",\"name\":\"Revolution Padel Store\",\"url\":\"https:\\\/\\\/revolutionpadelstore.com\\\/fr\\\/\",\"logo\":{\"@type\":\"ImageObject\",\"inLanguage\":\"fr-FR\",\"@id\":\"https:\\\/\\\/revolutionpadelstore.com\\\/fr\\\/#\\\/schema\\\/logo\\\/image\\\/\",\"url\":\"https:\\\/\\\/revolutionpadelstore.com\\\/wp-content\\\/uploads\\\/2026\\\/02\\\/revolution-padel-store.jpg\",\"contentUrl\":\"https:\\\/\\\/revolutionpadelstore.com\\\/wp-content\\\/uploads\\\/2026\\\/02\\\/revolution-padel-store.jpg\",\"width\":2000,\"height\":2000,\"caption\":\"Revolution Padel Store\"},\"image\":{\"@id\":\"https:\\\/\\\/revolutionpadelstore.com\\\/fr\\\/#\\\/schema\\\/logo\\\/image\\\/\"},\"sameAs\":[\"https:\\\/\\\/www.instagram.com\\\/revolutionpadelstore\\\/\"]}]}<\/script>\n<!-- \/ Yoast SEO plugin. -->","yoast_head_json":{"title":"NOX AT10 LUX NEGRO ROJO - Revolution Padel Store","description":"Estas zapatillas de p\u00e1del han sido fabricadas con materiales de la m\u00e1s alta calidad, ofreciendo una excelente amortiguaci\u00f3n gracias a su mediasuela de Phylon inyectado, un componente de baja densidad que optimiza el rebote y la absorci\u00f3n de impacto mediante una eficaz gesti\u00f3n de la energ\u00eda.","robots":{"index":"index","follow":"follow","max-snippet":"max-snippet:-1","max-image-preview":"max-image-preview:large","max-video-preview":"max-video-preview:-1"},"canonical":"https:\/\/revolutionpadelstore.com\/fr\/produit\/nox-at10-lux-negro-rojo-3\/","og_locale":"fr_FR","og_type":"article","og_title":"NOX AT10 LUX NEGRO ROJO - Revolution Padel Store","og_description":"Estas zapatillas de p\u00e1del han sido fabricadas con materiales de la m\u00e1s alta calidad, ofreciendo una excelente amortiguaci\u00f3n gracias a su mediasuela de Phylon inyectado, un componente de baja densidad que optimiza el rebote y la absorci\u00f3n de impacto mediante una eficaz gesti\u00f3n de la energ\u00eda.","og_url":"https:\/\/revolutionpadelstore.com\/fr\/produit\/nox-at10-lux-negro-rojo-3\/","og_site_name":"Revolution Padel Store","article_modified_time":"2026-04-08T08:21:37+00:00","og_image":[{"width":1000,"height":1000,"url":"https:\/\/revolutionpadelstore.com\/wp-content\/uploads\/2024\/11\/imagen_1_24128_efe75f49_e276.webp","type":"image\/webp"}],"twitter_card":"summary_large_image","twitter_misc":{"Dur\u00e9e de lecture estim\u00e9e":"1 minute"},"schema":{"@context":"https:\/\/schema.org","@graph":[{"@type":"WebPage","@id":"https:\/\/revolutionpadelstore.com\/fr\/produit\/nox-at10-lux-negro-rojo-3\/","url":"https:\/\/revolutionpadelstore.com\/fr\/produit\/nox-at10-lux-negro-rojo-3\/","name":"NOX AT10 LUX NEGRO ROJO - Revolution Padel Store","isPartOf":{"@id":"https:\/\/revolutionpadelstore.com\/fr\/#website"},"primaryImageOfPage":{"@id":"https:\/\/revolutionpadelstore.com\/fr\/produit\/nox-at10-lux-negro-rojo-3\/#primaryimage"},"image":{"@id":"https:\/\/revolutionpadelstore.com\/fr\/produit\/nox-at10-lux-negro-rojo-3\/#primaryimage"},"thumbnailUrl":"https:\/\/revolutionpadelstore.com\/wp-content\/uploads\/2024\/11\/imagen_1_24128_efe75f49_e276.webp","datePublished":"2024-11-15T07:03:29+00:00","dateModified":"2026-04-08T08:21:37+00:00","description":"Estas zapatillas de p\u00e1del han sido fabricadas con materiales de la m\u00e1s alta calidad, ofreciendo una excelente amortiguaci\u00f3n gracias a su mediasuela de Phylon inyectado, un componente de baja densidad que optimiza el rebote y la absorci\u00f3n de impacto mediante una eficaz gesti\u00f3n de la energ\u00eda.","breadcrumb":{"@id":"https:\/\/revolutionpadelstore.com\/fr\/produit\/nox-at10-lux-negro-rojo-3\/#breadcrumb"},"inLanguage":"fr-FR","potentialAction":[{"@type":"ReadAction","target":["https:\/\/revolutionpadelstore.com\/fr\/produit\/nox-at10-lux-negro-rojo-3\/"]}]},{"@type":"ImageObject","inLanguage":"fr-FR","@id":"https:\/\/revolutionpadelstore.com\/fr\/produit\/nox-at10-lux-negro-rojo-3\/#primaryimage","url":"https:\/\/revolutionpadelstore.com\/wp-content\/uploads\/2024\/11\/imagen_1_24128_efe75f49_e276.webp","contentUrl":"https:\/\/revolutionpadelstore.com\/wp-content\/uploads\/2024\/11\/imagen_1_24128_efe75f49_e276.webp","width":1000,"height":1000},{"@type":"BreadcrumbList","@id":"https:\/\/revolutionpadelstore.com\/fr\/produit\/nox-at10-lux-negro-rojo-3\/#breadcrumb","itemListElement":[{"@type":"ListItem","position":1,"name":"Portada","item":"https:\/\/revolutionpadelstore.com\/fr\/"},{"@type":"ListItem","position":2,"name":"Boutique","item":"https:\/\/revolutionpadelstore.com\/fr\/tienda\/"},{"@type":"ListItem","position":3,"name":"NOX AT10 LUX NEGRO ROJO"}]},{"@type":"WebSite","@id":"https:\/\/revolutionpadelstore.com\/fr\/#website","url":"https:\/\/revolutionpadelstore.com\/fr\/","name":"Revolution Padel Store","description":"","publisher":{"@id":"https:\/\/revolutionpadelstore.com\/fr\/#organization"},"potentialAction":[{"@type":"SearchAction","target":{"@type":"EntryPoint","urlTemplate":"https:\/\/revolutionpadelstore.com\/fr\/?s={search_term_string}"},"query-input":{"@type":"PropertyValueSpecification","valueRequired":true,"valueName":"search_term_string"}}],"inLanguage":"fr-FR"},{"@type":"Organization","@id":"https:\/\/revolutionpadelstore.com\/fr\/#organization","name":"Revolution Padel Store","url":"https:\/\/revolutionpadelstore.com\/fr\/","logo":{"@type":"ImageObject","inLanguage":"fr-FR","@id":"https:\/\/revolutionpadelstore.com\/fr\/#\/schema\/logo\/image\/","url":"https:\/\/revolutionpadelstore.com\/wp-content\/uploads\/2026\/02\/revolution-padel-store.jpg","contentUrl":"https:\/\/revolutionpadelstore.com\/wp-content\/uploads\/2026\/02\/revolution-padel-store.jpg","width":2000,"height":2000,"caption":"Revolution Padel Store"},"image":{"@id":"https:\/\/revolutionpadelstore.com\/fr\/#\/schema\/logo\/image\/"},"sameAs":["https:\/\/www.instagram.com\/revolutionpadelstore\/"]}]}},"_links":{"self":[{"href":"https:\/\/revolutionpadelstore.com\/fr\/wp-json\/wp\/v2\/product\/119459","targetHints":{"allow":["GET"]}}],"collection":[{"href":"https:\/\/revolutionpadelstore.com\/fr\/wp-json\/wp\/v2\/product"}],"about":[{"href":"https:\/\/revolutionpadelstore.com\/fr\/wp-json\/wp\/v2\/types\/product"}],"replies":[{"embeddable":true,"href":"https:\/\/revolutionpadelstore.com\/fr\/wp-json\/wp\/v2\/comments?post=119459"}],"wp:featuredmedia":[{"embeddable":true,"href":"https:\/\/revolutionpadelstore.com\/fr\/wp-json\/wp\/v2\/media\/110589"}],"wp:attachment":[{"href":"https:\/\/revolutionpadelstore.com\/fr\/wp-json\/wp\/v2\/media?parent=119459"}],"wp:term":[{"taxonomy":"acabado","embeddable":true,"href":"https:\/\/revolutionpadelstore.com\/fr\/wp-json\/wp\/v2\/acabado?post=119459"},{"taxonomy":"balance","embeddable":true,"href":"https:\/\/revolutionpadelstore.com\/fr\/wp-json\/wp\/v2\/balance?post=119459"},{"taxonomy":"dureza","embeddable":true,"href":"https:\/\/revolutionpadelstore.com\/fr\/wp-json\/wp\/v2\/dureza?post=119459"},{"taxonomy":"forma","embeddable":true,"href":"https:\/\/revolutionpadelstore.com\/fr\/wp-json\/wp\/v2\/forma?post=119459"},{"taxonomy":"jugador","embeddable":true,"href":"https:\/\/revolutionpadelstore.com\/fr\/wp-json\/wp\/v2\/jugador?post=119459"},{"taxonomy":"marca","embeddable":true,"href":"https:\/\/revolutionpadelstore.com\/fr\/wp-json\/wp\/v2\/marca?post=119459"},{"taxonomy":"nivel-de-juego","embeddable":true,"href":"https:\/\/revolutionpadelstore.com\/fr\/wp-json\/wp\/v2\/nivel-de-juego?post=119459"},{"taxonomy":"superficie","embeddable":true,"href":"https:\/\/revolutionpadelstore.com\/fr\/wp-json\/wp\/v2\/superficie?post=119459"},{"taxonomy":"tipo-de-juego","embeddable":true,"href":"https:\/\/revolutionpadelstore.com\/fr\/wp-json\/wp\/v2\/tipo-de-juego?post=119459"},{"taxonomy":"product_brand","embeddable":true,"href":"https:\/\/revolutionpadelstore.com\/fr\/wp-json\/wp\/v2\/product_brand?post=119459"},{"taxonomy":"product_cat","embeddable":true,"href":"https:\/\/revolutionpadelstore.com\/fr\/wp-json\/wp\/v2\/product_cat?post=119459"},{"taxonomy":"product_tag","embeddable":true,"href":"https:\/\/revolutionpadelstore.com\/fr\/wp-json\/wp\/v2\/product_tag?post=119459"}],"curies":[{"name":"wp","href":"https:\/\/api.w.org\/{rel}","templated":true}]}}