{"id":119454,"date":"2024-11-15T08:24:32","date_gmt":"2024-11-15T07:24:32","guid":{"rendered":"https:\/\/revolutionpadelstore.com\/nox-ml10-hexa-black-slate-grey\/"},"modified":"2026-04-08T10:19:58","modified_gmt":"2026-04-08T08:19:58","slug":"nox-ml10-hexa-black-slate-grey-3","status":"publish","type":"product","link":"https:\/\/revolutionpadelstore.com\/fr\/produit\/nox-ml10-hexa-black-slate-grey-3\/","title":{"rendered":"NOX ML10 HEXA BLACK\/SLATE GREY"},"content":{"rendered":"<p><Div class=\"flex max-w-souppl-COLUP flex-Grow\"><br \/>\n<Div class=\"Min-H-8 Text-Message Flex W-Suppress Flee Flee-Message-auteur-Role =\"><\/p>\n<div class=\"flex w-flex-flex-col Gap-1 EMTY: Hidden First: pt- [3px]\">&gt;<\/p>\n<div class=\"Markdown continu\u00e9 W-Full Break-Words Dark: Prose-invert Dark\">\n<H2> NOX ML10 HEXA BLACK, FERMEUR ET SOUTIEN INCROYABLE <\/H2><br \/>\nNom Ml10 Hexa Black Paddle Les chaussures sont con\u00e7ues pour offrir une fermet\u00e9 et un soutien exceptionnels, con\u00e7us pour r\u00e9volutionner les performances de votre piste. Chos\u00e9s par Miguel Lamperti pour le premier Padel Espagne 2024, ces chaussures offrent des performances plus \u00e9lev\u00e9es et aident \u00e0 minimiser le risque de blessures.<\/p>\n<p>Certifi\u00e9 par le Inescop Footwear Technology Center \u00e0 Alicante, le ML10 Hexa de la s\u00e9rie de luxe a une semelle mixte qui combine les pointes et les microtacos, qui garantit une excellente adh\u00e9rence et la polyvalence dans tout type de surface de jeu.<\/p>\n<p>Pour assurer un amorti id\u00e9al et un excellent retour d&#8217;\u00e9nergie, les chaussures comprennent une plante en mousse strobque EVA et un phylon \u00e0 mi-chemin. De plus, le mod\u00e8le d&#8217;ortholite am\u00e9liore non seulement le confort, mais propose \u00e9galement des propri\u00e9t\u00e9s antimicrobiennes pour \u00e9viter la prolif\u00e9ration des bact\u00e9ries, en maintenant vos pieds frais et confortables.<\/p>\n<p>Le syst\u00e8me lat\u00e9ral soutient la stabilit\u00e9 dans chaque mouvement, en \u00e9largissant la surface de contact avec le sol et en r\u00e9duisant le risque de g\u00e2teaux. La technologie avanc\u00e9e de la g\u00e9om\u00e9trie de la gravit\u00e9 (AGG) facilite les d\u00e9parts rapides et am\u00e9liore la position d&#8217;attente. Il int\u00e8gre \u00e9galement le renforcement lat\u00e9ral de l&#8217;abraxone, ce qui augmente la r\u00e9sistance \u00e0 l&#8217;abrasion.<\/p>\n<p>Avec le NOX ML10 Hexa Black, vous pouvez am\u00e9liorer vos performances sur la piste, profiter d&#8217;un jeu plus s\u00fbr et efficace et augmenter votre niveau au maximum. Ne manquez pas l&#8217;occasion de faire passer votre jeu au niveau sup\u00e9rieur!<\/p>\n<\/div>\n<\/div>\n<\/div>\n<\/div>\n","protected":false},"excerpt":{"rendered":"<p>Les NOx ML10 Hexa 2024 sont les chaussures pr\u00e9f\u00e9r\u00e9es du joueur le plus charismatique du circuit de paddle, Miguel Lamperti. Il leur fait confiance pour leur formation et pour leurs partis officiels, assurant \u00e0 tout moment des performances optimales et un maximum de confort.<\/p>\n","protected":false},"featured_media":110597,"comment_status":"open","ping_status":"closed","template":"","meta":{"_acf_changed":false,"_joinchat":[]},"acabado":[],"balance":[],"dureza":[],"forma":[],"jugador":[1192],"marca":[1262],"nivel-de-juego":[],"superficie":[],"tipo-de-juego":[],"product_brand":[],"product_cat":[830],"product_tag":[],"class_list":{"0":"post-119454","1":"product","2":"type-product","3":"status-publish","4":"has-post-thumbnail","6":"jugador-homme","7":"marca-nox-fr","8":"product_cat-baskets","10":"first","11":"outofstock","12":"sale","13":"taxable","14":"shipping-taxable","15":"purchasable","16":"product-type-variable"},"acf":[],"yoast_head":"<!-- This site is optimized with the Yoast SEO plugin v27.4 - https:\/\/yoast.com\/product\/yoast-seo-wordpress\/ -->\n<title>NOX ML10 HEXA BLACK\/SLATE GREY - Revolution Padel Store<\/title>\n<meta name=\"description\" content=\"Las zapatillas de p\u00e1del Nox ML10 Hexa Negro est\u00e1n dise\u00f1adas para ofrecer una firmeza y soporte excepcionales, pensadas para revolucionar tu rendimiento en la pista. Escogidas por Miguel Lamperti para el Premier Padel Espa\u00f1a 2024, estas zapatillas proporcionan un rendimiento superior y ayudan a minimizar el riesgo de lesiones.\" \/>\n<meta name=\"robots\" content=\"index, follow, max-snippet:-1, max-image-preview:large, max-video-preview:-1\" \/>\n<link rel=\"canonical\" href=\"https:\/\/revolutionpadelstore.com\/fr\/produit\/nox-ml10-hexa-black-slate-grey-3\/\" \/>\n<meta property=\"og:locale\" content=\"fr_FR\" \/>\n<meta property=\"og:type\" content=\"article\" \/>\n<meta property=\"og:title\" content=\"NOX ML10 HEXA BLACK\/SLATE GREY - Revolution Padel Store\" \/>\n<meta property=\"og:description\" content=\"Las zapatillas de p\u00e1del Nox ML10 Hexa Negro est\u00e1n dise\u00f1adas para ofrecer una firmeza y soporte excepcionales, pensadas para revolucionar tu rendimiento en la pista. Escogidas por Miguel Lamperti para el Premier Padel Espa\u00f1a 2024, estas zapatillas proporcionan un rendimiento superior y ayudan a minimizar el riesgo de lesiones.\" \/>\n<meta property=\"og:url\" content=\"https:\/\/revolutionpadelstore.com\/fr\/produit\/nox-ml10-hexa-black-slate-grey-3\/\" \/>\n<meta property=\"og:site_name\" content=\"Revolution Padel Store\" \/>\n<meta property=\"article:modified_time\" content=\"2026-04-08T08:19:58+00:00\" \/>\n<meta property=\"og:image\" content=\"https:\/\/revolutionpadelstore.com\/wp-content\/uploads\/2024\/11\/113140_zapatillas_nox_ml10_hexa_calmlhexblgs_1500x1500_1_4667.webp\" \/>\n\t<meta property=\"og:image:width\" content=\"1500\" \/>\n\t<meta property=\"og:image:height\" content=\"1500\" \/>\n\t<meta property=\"og:image:type\" content=\"image\/webp\" \/>\n<meta name=\"twitter:card\" content=\"summary_large_image\" \/>\n<meta name=\"twitter:label1\" content=\"Dur\u00e9e de lecture estim\u00e9e\" \/>\n\t<meta name=\"twitter:data1\" content=\"2 minutes\" \/>\n<script type=\"application\/ld+json\" class=\"yoast-schema-graph\">{\"@context\":\"https:\\\/\\\/schema.org\",\"@graph\":[{\"@type\":\"WebPage\",\"@id\":\"https:\\\/\\\/revolutionpadelstore.com\\\/fr\\\/produit\\\/nox-ml10-hexa-black-slate-grey-3\\\/\",\"url\":\"https:\\\/\\\/revolutionpadelstore.com\\\/fr\\\/produit\\\/nox-ml10-hexa-black-slate-grey-3\\\/\",\"name\":\"NOX ML10 HEXA BLACK\\\/SLATE GREY - Revolution Padel Store\",\"isPartOf\":{\"@id\":\"https:\\\/\\\/revolutionpadelstore.com\\\/fr\\\/#website\"},\"primaryImageOfPage\":{\"@id\":\"https:\\\/\\\/revolutionpadelstore.com\\\/fr\\\/produit\\\/nox-ml10-hexa-black-slate-grey-3\\\/#primaryimage\"},\"image\":{\"@id\":\"https:\\\/\\\/revolutionpadelstore.com\\\/fr\\\/produit\\\/nox-ml10-hexa-black-slate-grey-3\\\/#primaryimage\"},\"thumbnailUrl\":\"https:\\\/\\\/revolutionpadelstore.com\\\/wp-content\\\/uploads\\\/2024\\\/11\\\/113140_zapatillas_nox_ml10_hexa_calmlhexblgs_1500x1500_1_4667.webp\",\"datePublished\":\"2024-11-15T07:24:32+00:00\",\"dateModified\":\"2026-04-08T08:19:58+00:00\",\"description\":\"Las zapatillas de p\u00e1del Nox ML10 Hexa Negro est\u00e1n dise\u00f1adas para ofrecer una firmeza y soporte excepcionales, pensadas para revolucionar tu rendimiento en la pista. Escogidas por Miguel Lamperti para el Premier Padel Espa\u00f1a 2024, estas zapatillas proporcionan un rendimiento superior y ayudan a minimizar el riesgo de lesiones.\",\"breadcrumb\":{\"@id\":\"https:\\\/\\\/revolutionpadelstore.com\\\/fr\\\/produit\\\/nox-ml10-hexa-black-slate-grey-3\\\/#breadcrumb\"},\"inLanguage\":\"fr-FR\",\"potentialAction\":[{\"@type\":\"ReadAction\",\"target\":[\"https:\\\/\\\/revolutionpadelstore.com\\\/fr\\\/produit\\\/nox-ml10-hexa-black-slate-grey-3\\\/\"]}]},{\"@type\":\"ImageObject\",\"inLanguage\":\"fr-FR\",\"@id\":\"https:\\\/\\\/revolutionpadelstore.com\\\/fr\\\/produit\\\/nox-ml10-hexa-black-slate-grey-3\\\/#primaryimage\",\"url\":\"https:\\\/\\\/revolutionpadelstore.com\\\/wp-content\\\/uploads\\\/2024\\\/11\\\/113140_zapatillas_nox_ml10_hexa_calmlhexblgs_1500x1500_1_4667.webp\",\"contentUrl\":\"https:\\\/\\\/revolutionpadelstore.com\\\/wp-content\\\/uploads\\\/2024\\\/11\\\/113140_zapatillas_nox_ml10_hexa_calmlhexblgs_1500x1500_1_4667.webp\",\"width\":1500,\"height\":1500},{\"@type\":\"BreadcrumbList\",\"@id\":\"https:\\\/\\\/revolutionpadelstore.com\\\/fr\\\/produit\\\/nox-ml10-hexa-black-slate-grey-3\\\/#breadcrumb\",\"itemListElement\":[{\"@type\":\"ListItem\",\"position\":1,\"name\":\"Portada\",\"item\":\"https:\\\/\\\/revolutionpadelstore.com\\\/fr\\\/\"},{\"@type\":\"ListItem\",\"position\":2,\"name\":\"Boutique\",\"item\":\"https:\\\/\\\/revolutionpadelstore.com\\\/fr\\\/tienda\\\/\"},{\"@type\":\"ListItem\",\"position\":3,\"name\":\"NOX ML10 HEXA BLACK\\\/SLATE GREY\"}]},{\"@type\":\"WebSite\",\"@id\":\"https:\\\/\\\/revolutionpadelstore.com\\\/fr\\\/#website\",\"url\":\"https:\\\/\\\/revolutionpadelstore.com\\\/fr\\\/\",\"name\":\"Revolution Padel Store\",\"description\":\"\",\"publisher\":{\"@id\":\"https:\\\/\\\/revolutionpadelstore.com\\\/fr\\\/#organization\"},\"potentialAction\":[{\"@type\":\"SearchAction\",\"target\":{\"@type\":\"EntryPoint\",\"urlTemplate\":\"https:\\\/\\\/revolutionpadelstore.com\\\/fr\\\/?s={search_term_string}\"},\"query-input\":{\"@type\":\"PropertyValueSpecification\",\"valueRequired\":true,\"valueName\":\"search_term_string\"}}],\"inLanguage\":\"fr-FR\"},{\"@type\":\"Organization\",\"@id\":\"https:\\\/\\\/revolutionpadelstore.com\\\/fr\\\/#organization\",\"name\":\"Revolution Padel Store\",\"url\":\"https:\\\/\\\/revolutionpadelstore.com\\\/fr\\\/\",\"logo\":{\"@type\":\"ImageObject\",\"inLanguage\":\"fr-FR\",\"@id\":\"https:\\\/\\\/revolutionpadelstore.com\\\/fr\\\/#\\\/schema\\\/logo\\\/image\\\/\",\"url\":\"https:\\\/\\\/revolutionpadelstore.com\\\/wp-content\\\/uploads\\\/2026\\\/02\\\/revolution-padel-store.jpg\",\"contentUrl\":\"https:\\\/\\\/revolutionpadelstore.com\\\/wp-content\\\/uploads\\\/2026\\\/02\\\/revolution-padel-store.jpg\",\"width\":2000,\"height\":2000,\"caption\":\"Revolution Padel Store\"},\"image\":{\"@id\":\"https:\\\/\\\/revolutionpadelstore.com\\\/fr\\\/#\\\/schema\\\/logo\\\/image\\\/\"},\"sameAs\":[\"https:\\\/\\\/www.instagram.com\\\/revolutionpadelstore\\\/\"]}]}<\/script>\n<!-- \/ Yoast SEO plugin. -->","yoast_head_json":{"title":"NOX ML10 HEXA BLACK\/SLATE GREY - Revolution Padel Store","description":"Las zapatillas de p\u00e1del Nox ML10 Hexa Negro est\u00e1n dise\u00f1adas para ofrecer una firmeza y soporte excepcionales, pensadas para revolucionar tu rendimiento en la pista. Escogidas por Miguel Lamperti para el Premier Padel Espa\u00f1a 2024, estas zapatillas proporcionan un rendimiento superior y ayudan a minimizar el riesgo de lesiones.","robots":{"index":"index","follow":"follow","max-snippet":"max-snippet:-1","max-image-preview":"max-image-preview:large","max-video-preview":"max-video-preview:-1"},"canonical":"https:\/\/revolutionpadelstore.com\/fr\/produit\/nox-ml10-hexa-black-slate-grey-3\/","og_locale":"fr_FR","og_type":"article","og_title":"NOX ML10 HEXA BLACK\/SLATE GREY - Revolution Padel Store","og_description":"Las zapatillas de p\u00e1del Nox ML10 Hexa Negro est\u00e1n dise\u00f1adas para ofrecer una firmeza y soporte excepcionales, pensadas para revolucionar tu rendimiento en la pista. Escogidas por Miguel Lamperti para el Premier Padel Espa\u00f1a 2024, estas zapatillas proporcionan un rendimiento superior y ayudan a minimizar el riesgo de lesiones.","og_url":"https:\/\/revolutionpadelstore.com\/fr\/produit\/nox-ml10-hexa-black-slate-grey-3\/","og_site_name":"Revolution Padel Store","article_modified_time":"2026-04-08T08:19:58+00:00","og_image":[{"width":1500,"height":1500,"url":"https:\/\/revolutionpadelstore.com\/wp-content\/uploads\/2024\/11\/113140_zapatillas_nox_ml10_hexa_calmlhexblgs_1500x1500_1_4667.webp","type":"image\/webp"}],"twitter_card":"summary_large_image","twitter_misc":{"Dur\u00e9e de lecture estim\u00e9e":"2 minutes"},"schema":{"@context":"https:\/\/schema.org","@graph":[{"@type":"WebPage","@id":"https:\/\/revolutionpadelstore.com\/fr\/produit\/nox-ml10-hexa-black-slate-grey-3\/","url":"https:\/\/revolutionpadelstore.com\/fr\/produit\/nox-ml10-hexa-black-slate-grey-3\/","name":"NOX ML10 HEXA BLACK\/SLATE GREY - Revolution Padel Store","isPartOf":{"@id":"https:\/\/revolutionpadelstore.com\/fr\/#website"},"primaryImageOfPage":{"@id":"https:\/\/revolutionpadelstore.com\/fr\/produit\/nox-ml10-hexa-black-slate-grey-3\/#primaryimage"},"image":{"@id":"https:\/\/revolutionpadelstore.com\/fr\/produit\/nox-ml10-hexa-black-slate-grey-3\/#primaryimage"},"thumbnailUrl":"https:\/\/revolutionpadelstore.com\/wp-content\/uploads\/2024\/11\/113140_zapatillas_nox_ml10_hexa_calmlhexblgs_1500x1500_1_4667.webp","datePublished":"2024-11-15T07:24:32+00:00","dateModified":"2026-04-08T08:19:58+00:00","description":"Las zapatillas de p\u00e1del Nox ML10 Hexa Negro est\u00e1n dise\u00f1adas para ofrecer una firmeza y soporte excepcionales, pensadas para revolucionar tu rendimiento en la pista. Escogidas por Miguel Lamperti para el Premier Padel Espa\u00f1a 2024, estas zapatillas proporcionan un rendimiento superior y ayudan a minimizar el riesgo de lesiones.","breadcrumb":{"@id":"https:\/\/revolutionpadelstore.com\/fr\/produit\/nox-ml10-hexa-black-slate-grey-3\/#breadcrumb"},"inLanguage":"fr-FR","potentialAction":[{"@type":"ReadAction","target":["https:\/\/revolutionpadelstore.com\/fr\/produit\/nox-ml10-hexa-black-slate-grey-3\/"]}]},{"@type":"ImageObject","inLanguage":"fr-FR","@id":"https:\/\/revolutionpadelstore.com\/fr\/produit\/nox-ml10-hexa-black-slate-grey-3\/#primaryimage","url":"https:\/\/revolutionpadelstore.com\/wp-content\/uploads\/2024\/11\/113140_zapatillas_nox_ml10_hexa_calmlhexblgs_1500x1500_1_4667.webp","contentUrl":"https:\/\/revolutionpadelstore.com\/wp-content\/uploads\/2024\/11\/113140_zapatillas_nox_ml10_hexa_calmlhexblgs_1500x1500_1_4667.webp","width":1500,"height":1500},{"@type":"BreadcrumbList","@id":"https:\/\/revolutionpadelstore.com\/fr\/produit\/nox-ml10-hexa-black-slate-grey-3\/#breadcrumb","itemListElement":[{"@type":"ListItem","position":1,"name":"Portada","item":"https:\/\/revolutionpadelstore.com\/fr\/"},{"@type":"ListItem","position":2,"name":"Boutique","item":"https:\/\/revolutionpadelstore.com\/fr\/tienda\/"},{"@type":"ListItem","position":3,"name":"NOX ML10 HEXA BLACK\/SLATE GREY"}]},{"@type":"WebSite","@id":"https:\/\/revolutionpadelstore.com\/fr\/#website","url":"https:\/\/revolutionpadelstore.com\/fr\/","name":"Revolution Padel Store","description":"","publisher":{"@id":"https:\/\/revolutionpadelstore.com\/fr\/#organization"},"potentialAction":[{"@type":"SearchAction","target":{"@type":"EntryPoint","urlTemplate":"https:\/\/revolutionpadelstore.com\/fr\/?s={search_term_string}"},"query-input":{"@type":"PropertyValueSpecification","valueRequired":true,"valueName":"search_term_string"}}],"inLanguage":"fr-FR"},{"@type":"Organization","@id":"https:\/\/revolutionpadelstore.com\/fr\/#organization","name":"Revolution Padel Store","url":"https:\/\/revolutionpadelstore.com\/fr\/","logo":{"@type":"ImageObject","inLanguage":"fr-FR","@id":"https:\/\/revolutionpadelstore.com\/fr\/#\/schema\/logo\/image\/","url":"https:\/\/revolutionpadelstore.com\/wp-content\/uploads\/2026\/02\/revolution-padel-store.jpg","contentUrl":"https:\/\/revolutionpadelstore.com\/wp-content\/uploads\/2026\/02\/revolution-padel-store.jpg","width":2000,"height":2000,"caption":"Revolution Padel Store"},"image":{"@id":"https:\/\/revolutionpadelstore.com\/fr\/#\/schema\/logo\/image\/"},"sameAs":["https:\/\/www.instagram.com\/revolutionpadelstore\/"]}]}},"_links":{"self":[{"href":"https:\/\/revolutionpadelstore.com\/fr\/wp-json\/wp\/v2\/product\/119454","targetHints":{"allow":["GET"]}}],"collection":[{"href":"https:\/\/revolutionpadelstore.com\/fr\/wp-json\/wp\/v2\/product"}],"about":[{"href":"https:\/\/revolutionpadelstore.com\/fr\/wp-json\/wp\/v2\/types\/product"}],"replies":[{"embeddable":true,"href":"https:\/\/revolutionpadelstore.com\/fr\/wp-json\/wp\/v2\/comments?post=119454"}],"wp:featuredmedia":[{"embeddable":true,"href":"https:\/\/revolutionpadelstore.com\/fr\/wp-json\/wp\/v2\/media\/110597"}],"wp:attachment":[{"href":"https:\/\/revolutionpadelstore.com\/fr\/wp-json\/wp\/v2\/media?parent=119454"}],"wp:term":[{"taxonomy":"acabado","embeddable":true,"href":"https:\/\/revolutionpadelstore.com\/fr\/wp-json\/wp\/v2\/acabado?post=119454"},{"taxonomy":"balance","embeddable":true,"href":"https:\/\/revolutionpadelstore.com\/fr\/wp-json\/wp\/v2\/balance?post=119454"},{"taxonomy":"dureza","embeddable":true,"href":"https:\/\/revolutionpadelstore.com\/fr\/wp-json\/wp\/v2\/dureza?post=119454"},{"taxonomy":"forma","embeddable":true,"href":"https:\/\/revolutionpadelstore.com\/fr\/wp-json\/wp\/v2\/forma?post=119454"},{"taxonomy":"jugador","embeddable":true,"href":"https:\/\/revolutionpadelstore.com\/fr\/wp-json\/wp\/v2\/jugador?post=119454"},{"taxonomy":"marca","embeddable":true,"href":"https:\/\/revolutionpadelstore.com\/fr\/wp-json\/wp\/v2\/marca?post=119454"},{"taxonomy":"nivel-de-juego","embeddable":true,"href":"https:\/\/revolutionpadelstore.com\/fr\/wp-json\/wp\/v2\/nivel-de-juego?post=119454"},{"taxonomy":"superficie","embeddable":true,"href":"https:\/\/revolutionpadelstore.com\/fr\/wp-json\/wp\/v2\/superficie?post=119454"},{"taxonomy":"tipo-de-juego","embeddable":true,"href":"https:\/\/revolutionpadelstore.com\/fr\/wp-json\/wp\/v2\/tipo-de-juego?post=119454"},{"taxonomy":"product_brand","embeddable":true,"href":"https:\/\/revolutionpadelstore.com\/fr\/wp-json\/wp\/v2\/product_brand?post=119454"},{"taxonomy":"product_cat","embeddable":true,"href":"https:\/\/revolutionpadelstore.com\/fr\/wp-json\/wp\/v2\/product_cat?post=119454"},{"taxonomy":"product_tag","embeddable":true,"href":"https:\/\/revolutionpadelstore.com\/fr\/wp-json\/wp\/v2\/product_tag?post=119454"}],"curies":[{"name":"wp","href":"https:\/\/api.w.org\/{rel}","templated":true}]}}