{"id":119443,"date":"2024-11-15T08:41:05","date_gmt":"2024-11-15T07:41:05","guid":{"rendered":"https:\/\/revolutionpadelstore.com\/paletero-nox-luxury-master-series-blanco-negro\/"},"modified":"2026-04-08T10:19:31","modified_gmt":"2026-04-08T08:19:31","slug":"paletero-nox-luxury-master-series-blanco-negro-3","status":"publish","type":"product","link":"https:\/\/revolutionpadelstore.com\/fr\/produit\/paletero-nox-luxury-master-series-blanco-negro-3\/","title":{"rendered":"PALETERO NOX LUXURY MASTER SERIES BLANCO NEGRO"},"content":{"rendered":"<p><H2> Paletero Nox Luxury Master Series Black Black, grande r\u00e9sistance <\/h2>\n<p>La s\u00e9rie ma\u00eetre de luxe de NOx, dans une couleur noire et blanc \u00e9l\u00e9gante, est con\u00e7ue pour offrir une exp\u00e9rience d&#8217;utilisation unique. Fabriqu\u00e9 avec l&#8217;\u00e9tat -Le-THE TECHNICAL MAT\u00c9RIAUX ET TEXTILES DE HAUTE QUALIT\u00c9, il garantit une grande r\u00e9sistance \u00e0 l&#8217;usure et, en m\u00eame temps, un poids plus l\u00e9ger. Une combinaison parfaite de durabilit\u00e9, de style et de fonctionnalit\u00e9.<\/p>\n<p>Avec une capacit\u00e9 de 60 litres et des dimensions de 60x30x35 cm, ce Paletero vous permet de transporter toute votre \u00e9quipe sans rien laisser derri\u00e8re. Sa conception comprend l&#8217;option de sac \u00e0 dos, mais avec des poign\u00e9es amovibles, qui offre une grande polyvalence et un confort dans le transport.<\/p>\n<p><strong> base rigide et poign\u00e9e ergonomique <\/strong><\/p>\n<p>Ce Paletero se distingue par son excellente capacit\u00e9 de stockage, avec un compartiment principal facilement accessible, gr\u00e2ce \u00e0 son ouverture lat\u00e9rale, o\u00f9 vous pouvez stocker jusqu&#8217;\u00e0 3 pelles, v\u00eatements ou tout autre accessoire sportif. Il a \u00e9galement un compartiment ventil\u00e9 pour les chaussures, permettant une circulation de l&#8217;air efficace et maintient le reste de votre \u00e9quipement propre et sec.<\/p>\n<p>De plus, le Paletero int\u00e8gre deux compartiments lat\u00e9raux: l&#8217;un avec une surface rigide qui offre une plus grande protection et une autre avec plusieurs poches pour organiser vos objets personnels et y acc\u00e9der rapidement. Il dispose \u00e9galement d&#8217;un compartiment thermique avec la technologie thermotque NOx, qui maintient vos palettes et autres objets sensibles \u00e0 la temp\u00e9rature dans des conditions optimales.<\/p>\n<p>Avec la s\u00e9rie de luxe de NOx, vous aurez tout ce dont vous avez besoin pour garder votre \u00e9quipe organis\u00e9e et en s\u00e9curit\u00e9, tout en profitant d&#8217;un design pratique et sophistiqu\u00e9.<\/p>\n<h2>Paletero Nox Luxury Master Series Blanco Negro, gran resistencia<\/h2>\n","protected":false},"excerpt":{"rendered":"<p>D\u00e9couvrez le nouveau ma\u00eetre de luxe Paletero Padel, con\u00e7u avec le meilleur mat\u00e9riau textile et technique pour r\u00e9duire le poids et augmenter la r\u00e9sistance, offrant une combinaison parfaite de style, de fonctionnalit\u00e9 et de durabilit\u00e9. En noir \/ blanc.<\/p>\n","protected":false},"featured_media":110628,"comment_status":"open","ping_status":"closed","template":"","meta":{"_acf_changed":false,"_joinchat":[]},"acabado":[],"balance":[],"dureza":[],"forma":[],"jugador":[],"marca":[1262],"nivel-de-juego":[],"superficie":[],"tipo-de-juego":[],"product_brand":[],"product_cat":[320],"product_tag":[],"class_list":{"0":"post-119443","1":"product","2":"type-product","3":"status-publish","4":"has-post-thumbnail","6":"marca-nox-fr","7":"product_cat-sacs","9":"first","10":"outofstock","11":"sale","12":"taxable","13":"shipping-taxable","14":"purchasable","15":"product-type-simple"},"acf":[],"yoast_head":"<!-- This site is optimized with the Yoast SEO plugin v27.4 - https:\/\/yoast.com\/product\/yoast-seo-wordpress\/ -->\n<title>PALETERO NOX LUXURY MASTER SERIES BLANCO NEGRO - Revolution Padel Store<\/title>\n<meta name=\"description\" content=\"El Paletero Luxury Master Series de Nox, en un elegante color blanco y negro, est\u00e1 dise\u00f1ado para ofrecer una experiencia de uso inigualable. Fabricado con materiales t\u00e9cnicos de \u00faltima generaci\u00f3n y textiles de alta calidad, garantiza una gran resistencia al desgaste y, al mismo tiempo, un peso m\u00e1s ligero. Una combinaci\u00f3n perfecta de durabilidad, estilo y funcionalidad.\" \/>\n<meta name=\"robots\" content=\"index, follow, max-snippet:-1, max-image-preview:large, max-video-preview:-1\" \/>\n<link rel=\"canonical\" href=\"https:\/\/revolutionpadelstore.com\/fr\/produit\/paletero-nox-luxury-master-series-blanco-negro-3\/\" \/>\n<meta property=\"og:locale\" content=\"fr_FR\" \/>\n<meta property=\"og:type\" content=\"article\" \/>\n<meta property=\"og:title\" content=\"PALETERO NOX LUXURY MASTER SERIES BLANCO NEGRO - Revolution Padel Store\" \/>\n<meta property=\"og:description\" content=\"El Paletero Luxury Master Series de Nox, en un elegante color blanco y negro, est\u00e1 dise\u00f1ado para ofrecer una experiencia de uso inigualable. Fabricado con materiales t\u00e9cnicos de \u00faltima generaci\u00f3n y textiles de alta calidad, garantiza una gran resistencia al desgaste y, al mismo tiempo, un peso m\u00e1s ligero. Una combinaci\u00f3n perfecta de durabilidad, estilo y funcionalidad.\" \/>\n<meta property=\"og:url\" content=\"https:\/\/revolutionpadelstore.com\/fr\/produit\/paletero-nox-luxury-master-series-blanco-negro-3\/\" \/>\n<meta property=\"og:site_name\" content=\"Revolution Padel Store\" \/>\n<meta property=\"article:modified_time\" content=\"2026-04-08T08:19:31+00:00\" \/>\n<meta property=\"og:image\" content=\"https:\/\/revolutionpadelstore.com\/wp-content\/uploads\/2024\/11\/113157_paletero_nox_luxury_master_series_bpluxmaster_1500x1500_1_a40c.webp\" \/>\n\t<meta property=\"og:image:width\" content=\"1500\" \/>\n\t<meta property=\"og:image:height\" content=\"1500\" \/>\n\t<meta property=\"og:image:type\" content=\"image\/webp\" \/>\n<meta name=\"twitter:card\" content=\"summary_large_image\" \/>\n<meta name=\"twitter:label1\" content=\"Dur\u00e9e de lecture estim\u00e9e\" \/>\n\t<meta name=\"twitter:data1\" content=\"1 minute\" \/>\n<script type=\"application\/ld+json\" class=\"yoast-schema-graph\">{\"@context\":\"https:\\\/\\\/schema.org\",\"@graph\":[{\"@type\":\"WebPage\",\"@id\":\"https:\\\/\\\/revolutionpadelstore.com\\\/fr\\\/produit\\\/paletero-nox-luxury-master-series-blanco-negro-3\\\/\",\"url\":\"https:\\\/\\\/revolutionpadelstore.com\\\/fr\\\/produit\\\/paletero-nox-luxury-master-series-blanco-negro-3\\\/\",\"name\":\"PALETERO NOX LUXURY MASTER SERIES BLANCO NEGRO - Revolution Padel Store\",\"isPartOf\":{\"@id\":\"https:\\\/\\\/revolutionpadelstore.com\\\/fr\\\/#website\"},\"primaryImageOfPage\":{\"@id\":\"https:\\\/\\\/revolutionpadelstore.com\\\/fr\\\/produit\\\/paletero-nox-luxury-master-series-blanco-negro-3\\\/#primaryimage\"},\"image\":{\"@id\":\"https:\\\/\\\/revolutionpadelstore.com\\\/fr\\\/produit\\\/paletero-nox-luxury-master-series-blanco-negro-3\\\/#primaryimage\"},\"thumbnailUrl\":\"https:\\\/\\\/revolutionpadelstore.com\\\/wp-content\\\/uploads\\\/2024\\\/11\\\/113157_paletero_nox_luxury_master_series_bpluxmaster_1500x1500_1_a40c.webp\",\"datePublished\":\"2024-11-15T07:41:05+00:00\",\"dateModified\":\"2026-04-08T08:19:31+00:00\",\"description\":\"El Paletero Luxury Master Series de Nox, en un elegante color blanco y negro, est\u00e1 dise\u00f1ado para ofrecer una experiencia de uso inigualable. Fabricado con materiales t\u00e9cnicos de \u00faltima generaci\u00f3n y textiles de alta calidad, garantiza una gran resistencia al desgaste y, al mismo tiempo, un peso m\u00e1s ligero. Una combinaci\u00f3n perfecta de durabilidad, estilo y funcionalidad.\",\"breadcrumb\":{\"@id\":\"https:\\\/\\\/revolutionpadelstore.com\\\/fr\\\/produit\\\/paletero-nox-luxury-master-series-blanco-negro-3\\\/#breadcrumb\"},\"inLanguage\":\"fr-FR\",\"potentialAction\":[{\"@type\":\"ReadAction\",\"target\":[\"https:\\\/\\\/revolutionpadelstore.com\\\/fr\\\/produit\\\/paletero-nox-luxury-master-series-blanco-negro-3\\\/\"]}]},{\"@type\":\"ImageObject\",\"inLanguage\":\"fr-FR\",\"@id\":\"https:\\\/\\\/revolutionpadelstore.com\\\/fr\\\/produit\\\/paletero-nox-luxury-master-series-blanco-negro-3\\\/#primaryimage\",\"url\":\"https:\\\/\\\/revolutionpadelstore.com\\\/wp-content\\\/uploads\\\/2024\\\/11\\\/113157_paletero_nox_luxury_master_series_bpluxmaster_1500x1500_1_a40c.webp\",\"contentUrl\":\"https:\\\/\\\/revolutionpadelstore.com\\\/wp-content\\\/uploads\\\/2024\\\/11\\\/113157_paletero_nox_luxury_master_series_bpluxmaster_1500x1500_1_a40c.webp\",\"width\":1500,\"height\":1500},{\"@type\":\"BreadcrumbList\",\"@id\":\"https:\\\/\\\/revolutionpadelstore.com\\\/fr\\\/produit\\\/paletero-nox-luxury-master-series-blanco-negro-3\\\/#breadcrumb\",\"itemListElement\":[{\"@type\":\"ListItem\",\"position\":1,\"name\":\"Portada\",\"item\":\"https:\\\/\\\/revolutionpadelstore.com\\\/fr\\\/\"},{\"@type\":\"ListItem\",\"position\":2,\"name\":\"Boutique\",\"item\":\"https:\\\/\\\/revolutionpadelstore.com\\\/fr\\\/tienda\\\/\"},{\"@type\":\"ListItem\",\"position\":3,\"name\":\"PALETERO NOX LUXURY MASTER SERIES BLANCO NEGRO\"}]},{\"@type\":\"WebSite\",\"@id\":\"https:\\\/\\\/revolutionpadelstore.com\\\/fr\\\/#website\",\"url\":\"https:\\\/\\\/revolutionpadelstore.com\\\/fr\\\/\",\"name\":\"Revolution Padel Store\",\"description\":\"\",\"publisher\":{\"@id\":\"https:\\\/\\\/revolutionpadelstore.com\\\/fr\\\/#organization\"},\"potentialAction\":[{\"@type\":\"SearchAction\",\"target\":{\"@type\":\"EntryPoint\",\"urlTemplate\":\"https:\\\/\\\/revolutionpadelstore.com\\\/fr\\\/?s={search_term_string}\"},\"query-input\":{\"@type\":\"PropertyValueSpecification\",\"valueRequired\":true,\"valueName\":\"search_term_string\"}}],\"inLanguage\":\"fr-FR\"},{\"@type\":\"Organization\",\"@id\":\"https:\\\/\\\/revolutionpadelstore.com\\\/fr\\\/#organization\",\"name\":\"Revolution Padel Store\",\"url\":\"https:\\\/\\\/revolutionpadelstore.com\\\/fr\\\/\",\"logo\":{\"@type\":\"ImageObject\",\"inLanguage\":\"fr-FR\",\"@id\":\"https:\\\/\\\/revolutionpadelstore.com\\\/fr\\\/#\\\/schema\\\/logo\\\/image\\\/\",\"url\":\"https:\\\/\\\/revolutionpadelstore.com\\\/wp-content\\\/uploads\\\/2026\\\/02\\\/revolution-padel-store.jpg\",\"contentUrl\":\"https:\\\/\\\/revolutionpadelstore.com\\\/wp-content\\\/uploads\\\/2026\\\/02\\\/revolution-padel-store.jpg\",\"width\":2000,\"height\":2000,\"caption\":\"Revolution Padel Store\"},\"image\":{\"@id\":\"https:\\\/\\\/revolutionpadelstore.com\\\/fr\\\/#\\\/schema\\\/logo\\\/image\\\/\"},\"sameAs\":[\"https:\\\/\\\/www.instagram.com\\\/revolutionpadelstore\\\/\"]}]}<\/script>\n<!-- \/ Yoast SEO plugin. -->","yoast_head_json":{"title":"PALETERO NOX LUXURY MASTER SERIES BLANCO NEGRO - Revolution Padel Store","description":"El Paletero Luxury Master Series de Nox, en un elegante color blanco y negro, est\u00e1 dise\u00f1ado para ofrecer una experiencia de uso inigualable. Fabricado con materiales t\u00e9cnicos de \u00faltima generaci\u00f3n y textiles de alta calidad, garantiza una gran resistencia al desgaste y, al mismo tiempo, un peso m\u00e1s ligero. Una combinaci\u00f3n perfecta de durabilidad, estilo y funcionalidad.","robots":{"index":"index","follow":"follow","max-snippet":"max-snippet:-1","max-image-preview":"max-image-preview:large","max-video-preview":"max-video-preview:-1"},"canonical":"https:\/\/revolutionpadelstore.com\/fr\/produit\/paletero-nox-luxury-master-series-blanco-negro-3\/","og_locale":"fr_FR","og_type":"article","og_title":"PALETERO NOX LUXURY MASTER SERIES BLANCO NEGRO - Revolution Padel Store","og_description":"El Paletero Luxury Master Series de Nox, en un elegante color blanco y negro, est\u00e1 dise\u00f1ado para ofrecer una experiencia de uso inigualable. Fabricado con materiales t\u00e9cnicos de \u00faltima generaci\u00f3n y textiles de alta calidad, garantiza una gran resistencia al desgaste y, al mismo tiempo, un peso m\u00e1s ligero. Una combinaci\u00f3n perfecta de durabilidad, estilo y funcionalidad.","og_url":"https:\/\/revolutionpadelstore.com\/fr\/produit\/paletero-nox-luxury-master-series-blanco-negro-3\/","og_site_name":"Revolution Padel Store","article_modified_time":"2026-04-08T08:19:31+00:00","og_image":[{"width":1500,"height":1500,"url":"https:\/\/revolutionpadelstore.com\/wp-content\/uploads\/2024\/11\/113157_paletero_nox_luxury_master_series_bpluxmaster_1500x1500_1_a40c.webp","type":"image\/webp"}],"twitter_card":"summary_large_image","twitter_misc":{"Dur\u00e9e de lecture estim\u00e9e":"1 minute"},"schema":{"@context":"https:\/\/schema.org","@graph":[{"@type":"WebPage","@id":"https:\/\/revolutionpadelstore.com\/fr\/produit\/paletero-nox-luxury-master-series-blanco-negro-3\/","url":"https:\/\/revolutionpadelstore.com\/fr\/produit\/paletero-nox-luxury-master-series-blanco-negro-3\/","name":"PALETERO NOX LUXURY MASTER SERIES BLANCO NEGRO - Revolution Padel Store","isPartOf":{"@id":"https:\/\/revolutionpadelstore.com\/fr\/#website"},"primaryImageOfPage":{"@id":"https:\/\/revolutionpadelstore.com\/fr\/produit\/paletero-nox-luxury-master-series-blanco-negro-3\/#primaryimage"},"image":{"@id":"https:\/\/revolutionpadelstore.com\/fr\/produit\/paletero-nox-luxury-master-series-blanco-negro-3\/#primaryimage"},"thumbnailUrl":"https:\/\/revolutionpadelstore.com\/wp-content\/uploads\/2024\/11\/113157_paletero_nox_luxury_master_series_bpluxmaster_1500x1500_1_a40c.webp","datePublished":"2024-11-15T07:41:05+00:00","dateModified":"2026-04-08T08:19:31+00:00","description":"El Paletero Luxury Master Series de Nox, en un elegante color blanco y negro, est\u00e1 dise\u00f1ado para ofrecer una experiencia de uso inigualable. Fabricado con materiales t\u00e9cnicos de \u00faltima generaci\u00f3n y textiles de alta calidad, garantiza una gran resistencia al desgaste y, al mismo tiempo, un peso m\u00e1s ligero. Una combinaci\u00f3n perfecta de durabilidad, estilo y funcionalidad.","breadcrumb":{"@id":"https:\/\/revolutionpadelstore.com\/fr\/produit\/paletero-nox-luxury-master-series-blanco-negro-3\/#breadcrumb"},"inLanguage":"fr-FR","potentialAction":[{"@type":"ReadAction","target":["https:\/\/revolutionpadelstore.com\/fr\/produit\/paletero-nox-luxury-master-series-blanco-negro-3\/"]}]},{"@type":"ImageObject","inLanguage":"fr-FR","@id":"https:\/\/revolutionpadelstore.com\/fr\/produit\/paletero-nox-luxury-master-series-blanco-negro-3\/#primaryimage","url":"https:\/\/revolutionpadelstore.com\/wp-content\/uploads\/2024\/11\/113157_paletero_nox_luxury_master_series_bpluxmaster_1500x1500_1_a40c.webp","contentUrl":"https:\/\/revolutionpadelstore.com\/wp-content\/uploads\/2024\/11\/113157_paletero_nox_luxury_master_series_bpluxmaster_1500x1500_1_a40c.webp","width":1500,"height":1500},{"@type":"BreadcrumbList","@id":"https:\/\/revolutionpadelstore.com\/fr\/produit\/paletero-nox-luxury-master-series-blanco-negro-3\/#breadcrumb","itemListElement":[{"@type":"ListItem","position":1,"name":"Portada","item":"https:\/\/revolutionpadelstore.com\/fr\/"},{"@type":"ListItem","position":2,"name":"Boutique","item":"https:\/\/revolutionpadelstore.com\/fr\/tienda\/"},{"@type":"ListItem","position":3,"name":"PALETERO NOX LUXURY MASTER SERIES BLANCO NEGRO"}]},{"@type":"WebSite","@id":"https:\/\/revolutionpadelstore.com\/fr\/#website","url":"https:\/\/revolutionpadelstore.com\/fr\/","name":"Revolution Padel Store","description":"","publisher":{"@id":"https:\/\/revolutionpadelstore.com\/fr\/#organization"},"potentialAction":[{"@type":"SearchAction","target":{"@type":"EntryPoint","urlTemplate":"https:\/\/revolutionpadelstore.com\/fr\/?s={search_term_string}"},"query-input":{"@type":"PropertyValueSpecification","valueRequired":true,"valueName":"search_term_string"}}],"inLanguage":"fr-FR"},{"@type":"Organization","@id":"https:\/\/revolutionpadelstore.com\/fr\/#organization","name":"Revolution Padel Store","url":"https:\/\/revolutionpadelstore.com\/fr\/","logo":{"@type":"ImageObject","inLanguage":"fr-FR","@id":"https:\/\/revolutionpadelstore.com\/fr\/#\/schema\/logo\/image\/","url":"https:\/\/revolutionpadelstore.com\/wp-content\/uploads\/2026\/02\/revolution-padel-store.jpg","contentUrl":"https:\/\/revolutionpadelstore.com\/wp-content\/uploads\/2026\/02\/revolution-padel-store.jpg","width":2000,"height":2000,"caption":"Revolution Padel Store"},"image":{"@id":"https:\/\/revolutionpadelstore.com\/fr\/#\/schema\/logo\/image\/"},"sameAs":["https:\/\/www.instagram.com\/revolutionpadelstore\/"]}]}},"_links":{"self":[{"href":"https:\/\/revolutionpadelstore.com\/fr\/wp-json\/wp\/v2\/product\/119443","targetHints":{"allow":["GET"]}}],"collection":[{"href":"https:\/\/revolutionpadelstore.com\/fr\/wp-json\/wp\/v2\/product"}],"about":[{"href":"https:\/\/revolutionpadelstore.com\/fr\/wp-json\/wp\/v2\/types\/product"}],"replies":[{"embeddable":true,"href":"https:\/\/revolutionpadelstore.com\/fr\/wp-json\/wp\/v2\/comments?post=119443"}],"wp:featuredmedia":[{"embeddable":true,"href":"https:\/\/revolutionpadelstore.com\/fr\/wp-json\/wp\/v2\/media\/110628"}],"wp:attachment":[{"href":"https:\/\/revolutionpadelstore.com\/fr\/wp-json\/wp\/v2\/media?parent=119443"}],"wp:term":[{"taxonomy":"acabado","embeddable":true,"href":"https:\/\/revolutionpadelstore.com\/fr\/wp-json\/wp\/v2\/acabado?post=119443"},{"taxonomy":"balance","embeddable":true,"href":"https:\/\/revolutionpadelstore.com\/fr\/wp-json\/wp\/v2\/balance?post=119443"},{"taxonomy":"dureza","embeddable":true,"href":"https:\/\/revolutionpadelstore.com\/fr\/wp-json\/wp\/v2\/dureza?post=119443"},{"taxonomy":"forma","embeddable":true,"href":"https:\/\/revolutionpadelstore.com\/fr\/wp-json\/wp\/v2\/forma?post=119443"},{"taxonomy":"jugador","embeddable":true,"href":"https:\/\/revolutionpadelstore.com\/fr\/wp-json\/wp\/v2\/jugador?post=119443"},{"taxonomy":"marca","embeddable":true,"href":"https:\/\/revolutionpadelstore.com\/fr\/wp-json\/wp\/v2\/marca?post=119443"},{"taxonomy":"nivel-de-juego","embeddable":true,"href":"https:\/\/revolutionpadelstore.com\/fr\/wp-json\/wp\/v2\/nivel-de-juego?post=119443"},{"taxonomy":"superficie","embeddable":true,"href":"https:\/\/revolutionpadelstore.com\/fr\/wp-json\/wp\/v2\/superficie?post=119443"},{"taxonomy":"tipo-de-juego","embeddable":true,"href":"https:\/\/revolutionpadelstore.com\/fr\/wp-json\/wp\/v2\/tipo-de-juego?post=119443"},{"taxonomy":"product_brand","embeddable":true,"href":"https:\/\/revolutionpadelstore.com\/fr\/wp-json\/wp\/v2\/product_brand?post=119443"},{"taxonomy":"product_cat","embeddable":true,"href":"https:\/\/revolutionpadelstore.com\/fr\/wp-json\/wp\/v2\/product_cat?post=119443"},{"taxonomy":"product_tag","embeddable":true,"href":"https:\/\/revolutionpadelstore.com\/fr\/wp-json\/wp\/v2\/product_tag?post=119443"}],"curies":[{"name":"wp","href":"https:\/\/api.w.org\/{rel}","templated":true}]}}