{"id":11322,"date":"2024-03-01T14:38:10","date_gmt":"2024-03-01T13:38:10","guid":{"rendered":"https:\/\/revolutionpadelstore.com\/adidas-cross-it-ctrl-2024\/"},"modified":"2026-04-01T12:46:27","modified_gmt":"2026-04-01T10:46:27","slug":"adidas-cross-it-ctrl-2024","status":"publish","type":"product","link":"https:\/\/revolutionpadelstore.com\/fr\/produit\/adidas-cross-it-ctrl-2024\/","title":{"rendered":"ADIDAS CROSS IT CTRL 2024"},"content":{"rendered":"<h2>Adidas Cross IT CTRL 2024, raquette de contr\u00f4le pour les professionnels<\/h2>\n<p>La nouvelle <strong>Adidas Cross IT CTRL 2024<\/strong> est con\u00e7ue pour r\u00e9pondre aux exigences des joueurs de padel ayant un haut niveau de jeu, aspirant \u00e0 atteindre leurs performances maximales sur le terrain.<\/p>\n<p>Avec une forme ronde, un \u00e9quilibre bas et un sweet spot centr\u00e9, cette raquette garantit un contr\u00f4le exceptionnel en d\u00e9pla\u00e7ant le poids vers le poing. Vous frapperez avec pr\u00e9cision m\u00eame dans des situations difficiles.<\/p>\n<h3>Mat\u00e9riaux de haute qualit\u00e9<\/h3>\n<p>Les faces de la Cross IT CTRL sont fabriqu\u00e9es avec des filaments de fibre de carbone 15K aluminis\u00e9s en carbone 15K entrelac\u00e9s qui offrent flexibilit\u00e9, r\u00e9sistance et durabilit\u00e9 \u00e0 la raquette.<\/p>\n<p>Dans le noyau, le caoutchouc EVA haute densit\u00e9 haute m\u00e9moire am\u00e9liore les frappes sur le filet, id\u00e9al pour une plus grande vitesse. Recommand\u00e9 pour les joueurs ayant un niveau technique plus \u00e9lev\u00e9. Le cadre, construit en fibre de carbone, offre l\u00e9g\u00e8ret\u00e9 et r\u00e9sistance, \u00e9quilibrant puissance et contr\u00f4le.<\/p>\n<h3>Am\u00e9lioration des performances sur piste<\/h3>\n<p>La technologie <strong>Spin Blade Mold<\/strong> dans les avions int\u00e8gre une rugosit\u00e9 avec un relief 3D qui augmente l&#8217;adh\u00e9rence de la balle, g\u00e9n\u00e9rant plus d&#8217;effet \u00e0 chaque coup.<\/p>\n<p>Le <strong>Dynamic Air Flor<\/strong> assure un flux d&#8217;air continu dans la zone cardiaque, am\u00e9liorant ainsi la maniabilit\u00e9. La technologie <strong>Power Extra Grip<\/strong> offre une plus grande longueur de poign\u00e9e, g\u00e9n\u00e9rant plus d&#8217;inertie et augmentant le sweet spot.<\/p>\n<p>Le <strong>Structural Reinforcement<\/strong>, technologie de durabilit\u00e9, renforce la r\u00e9sistance aux torsions, avec des renforts p\u00e9rim\u00e9triques.<\/p>\n<h2>Adidas Cross IT CTRL 2024, pala de control para profesionales<\/h2>\n","protected":false},"excerpt":{"rendered":"<p>Adidas Cross IT CTRL 2024 : Raquette de contr\u00f4le pour les professionnels. Forme ronde, \u00e9quilibre bas et sweet spot centr\u00e9 pour un contr\u00f4le exceptionnel. Faces en carbone aluminis\u00e9 15K, noyau Hard Eva et technologies innovantes pour des performances optimales sur le terrain.<\/p>\n","protected":false},"featured_media":11323,"comment_status":"open","ping_status":"closed","template":"","meta":{"_acf_changed":false,"_joinchat":[]},"acabado":[1092],"balance":[1147],"dureza":[1162],"forma":[1182],"jugador":[1192,1202],"marca":[1232],"nivel-de-juego":[1337],"superficie":[1362],"tipo-de-juego":[1372],"product_brand":[],"product_cat":[302],"product_tag":[],"class_list":{"0":"post-11322","1":"product","2":"type-product","3":"status-publish","4":"has-post-thumbnail","6":"acabado-soulager-la-3d","7":"balance-faible","8":"dureza-dure","9":"forma-rond","10":"jugador-homme","11":"jugador-polivalente-fr","12":"marca-adidas-fr","13":"superficie-rugosa-fr","14":"tipo-de-juego-control-fr","15":"product_cat-palas-de-padel-fr","17":"first","18":"instock","19":"sale","20":"taxable","21":"shipping-taxable","22":"purchasable","23":"product-type-simple"},"acf":[],"yoast_head":"<!-- This site is optimized with the Yoast SEO plugin v27.3 - https:\/\/yoast.com\/product\/yoast-seo-wordpress\/ -->\n<title>ADIDAS CROSS IT CTRL 2024 - Revolution Padel Store<\/title>\n<meta name=\"description\" content=\"Adidas Cross IT CTRL 2024: Pala de control para profesionales. Forma redonda, balance bajo y punto dulce centrado para un control excepcional. Caras de Carbon Aluminized 15K, n\u00facleo Hard Eva y tecnolog\u00edas innovadoras para un rendimiento \u00f3ptimo en la pista.\" \/>\n<meta name=\"robots\" content=\"index, follow, max-snippet:-1, max-image-preview:large, max-video-preview:-1\" \/>\n<link rel=\"canonical\" href=\"https:\/\/revolutionpadelstore.com\/fr\/produit\/adidas-cross-it-ctrl-2024\/\" \/>\n<meta property=\"og:locale\" content=\"fr_FR\" \/>\n<meta property=\"og:type\" content=\"article\" \/>\n<meta property=\"og:title\" content=\"ADIDAS CROSS IT CTRL 2024\" \/>\n<meta property=\"og:description\" content=\"Adidas Cross IT CTRL 2024: Pala de control para profesionales. Forma redonda, balance bajo y punto dulce centrado para un control excepcional. Caras de Carbon Aluminized 15K, n\u00facleo Hard Eva y tecnolog\u00edas innovadoras para un rendimiento \u00f3ptimo en la pista.\" \/>\n<meta property=\"og:url\" content=\"https:\/\/revolutionpadelstore.com\/fr\/produit\/adidas-cross-it-ctrl-2024\/\" \/>\n<meta property=\"og:site_name\" content=\"Revolution Padel Store\" \/>\n<meta property=\"article:modified_time\" content=\"2026-04-01T10:46:27+00:00\" \/>\n<meta property=\"og:image\" content=\"https:\/\/revolutionpadelstore.com\/wp-content\/uploads\/2024\/03\/110133_padel_webs_padel_y_grupo_pala_adidas_cross_it_ctrl_adrk1ca5u0063f_1500x1_2f71.webp\" \/>\n\t<meta property=\"og:image:width\" content=\"1500\" \/>\n\t<meta property=\"og:image:height\" content=\"1500\" \/>\n\t<meta property=\"og:image:type\" content=\"image\/webp\" \/>\n<meta name=\"twitter:card\" content=\"summary_large_image\" \/>\n<meta name=\"twitter:label1\" content=\"Dur\u00e9e de lecture estim\u00e9e\" \/>\n\t<meta name=\"twitter:data1\" content=\"2 minutes\" \/>\n<script type=\"application\/ld+json\" class=\"yoast-schema-graph\">{\"@context\":\"https:\\\/\\\/schema.org\",\"@graph\":[{\"@type\":\"WebPage\",\"@id\":\"https:\\\/\\\/revolutionpadelstore.com\\\/fr\\\/produit\\\/adidas-cross-it-ctrl-2024\\\/\",\"url\":\"https:\\\/\\\/revolutionpadelstore.com\\\/fr\\\/produit\\\/adidas-cross-it-ctrl-2024\\\/\",\"name\":\"ADIDAS CROSS IT CTRL 2024 - Revolution Padel Store\",\"isPartOf\":{\"@id\":\"https:\\\/\\\/revolutionpadelstore.com\\\/fr\\\/#website\"},\"primaryImageOfPage\":{\"@id\":\"https:\\\/\\\/revolutionpadelstore.com\\\/fr\\\/produit\\\/adidas-cross-it-ctrl-2024\\\/#primaryimage\"},\"image\":{\"@id\":\"https:\\\/\\\/revolutionpadelstore.com\\\/fr\\\/produit\\\/adidas-cross-it-ctrl-2024\\\/#primaryimage\"},\"thumbnailUrl\":\"https:\\\/\\\/revolutionpadelstore.com\\\/wp-content\\\/uploads\\\/2024\\\/03\\\/110133_padel_webs_padel_y_grupo_pala_adidas_cross_it_ctrl_adrk1ca5u0063f_1500x1_2f71.webp\",\"datePublished\":\"2024-03-01T13:38:10+00:00\",\"dateModified\":\"2026-04-01T10:46:27+00:00\",\"description\":\"Adidas Cross IT CTRL 2024: Pala de control para profesionales. Forma redonda, balance bajo y punto dulce centrado para un control excepcional. Caras de Carbon Aluminized 15K, n\u00facleo Hard Eva y tecnolog\u00edas innovadoras para un rendimiento \u00f3ptimo en la pista.\",\"breadcrumb\":{\"@id\":\"https:\\\/\\\/revolutionpadelstore.com\\\/fr\\\/produit\\\/adidas-cross-it-ctrl-2024\\\/#breadcrumb\"},\"inLanguage\":\"fr-FR\",\"potentialAction\":[{\"@type\":\"ReadAction\",\"target\":[\"https:\\\/\\\/revolutionpadelstore.com\\\/fr\\\/produit\\\/adidas-cross-it-ctrl-2024\\\/\"]}]},{\"@type\":\"ImageObject\",\"inLanguage\":\"fr-FR\",\"@id\":\"https:\\\/\\\/revolutionpadelstore.com\\\/fr\\\/produit\\\/adidas-cross-it-ctrl-2024\\\/#primaryimage\",\"url\":\"https:\\\/\\\/revolutionpadelstore.com\\\/wp-content\\\/uploads\\\/2024\\\/03\\\/110133_padel_webs_padel_y_grupo_pala_adidas_cross_it_ctrl_adrk1ca5u0063f_1500x1_2f71.webp\",\"contentUrl\":\"https:\\\/\\\/revolutionpadelstore.com\\\/wp-content\\\/uploads\\\/2024\\\/03\\\/110133_padel_webs_padel_y_grupo_pala_adidas_cross_it_ctrl_adrk1ca5u0063f_1500x1_2f71.webp\",\"width\":1500,\"height\":1500},{\"@type\":\"BreadcrumbList\",\"@id\":\"https:\\\/\\\/revolutionpadelstore.com\\\/fr\\\/produit\\\/adidas-cross-it-ctrl-2024\\\/#breadcrumb\",\"itemListElement\":[{\"@type\":\"ListItem\",\"position\":1,\"name\":\"Portada\",\"item\":\"https:\\\/\\\/revolutionpadelstore.com\\\/fr\\\/\"},{\"@type\":\"ListItem\",\"position\":2,\"name\":\"Boutique\",\"item\":\"https:\\\/\\\/revolutionpadelstore.com\\\/fr\\\/tienda\\\/\"},{\"@type\":\"ListItem\",\"position\":3,\"name\":\"ADIDAS CROSS IT CTRL 2024\"}]},{\"@type\":\"WebSite\",\"@id\":\"https:\\\/\\\/revolutionpadelstore.com\\\/fr\\\/#website\",\"url\":\"https:\\\/\\\/revolutionpadelstore.com\\\/fr\\\/\",\"name\":\"Revolution Padel Store\",\"description\":\"\",\"publisher\":{\"@id\":\"https:\\\/\\\/revolutionpadelstore.com\\\/fr\\\/#organization\"},\"potentialAction\":[{\"@type\":\"SearchAction\",\"target\":{\"@type\":\"EntryPoint\",\"urlTemplate\":\"https:\\\/\\\/revolutionpadelstore.com\\\/fr\\\/?s={search_term_string}\"},\"query-input\":{\"@type\":\"PropertyValueSpecification\",\"valueRequired\":true,\"valueName\":\"search_term_string\"}}],\"inLanguage\":\"fr-FR\"},{\"@type\":\"Organization\",\"@id\":\"https:\\\/\\\/revolutionpadelstore.com\\\/fr\\\/#organization\",\"name\":\"Revolution Padel Store\",\"url\":\"https:\\\/\\\/revolutionpadelstore.com\\\/fr\\\/\",\"logo\":{\"@type\":\"ImageObject\",\"inLanguage\":\"fr-FR\",\"@id\":\"https:\\\/\\\/revolutionpadelstore.com\\\/fr\\\/#\\\/schema\\\/logo\\\/image\\\/\",\"url\":\"https:\\\/\\\/revolutionpadelstore.com\\\/wp-content\\\/uploads\\\/2026\\\/02\\\/revolution-padel-store.jpg\",\"contentUrl\":\"https:\\\/\\\/revolutionpadelstore.com\\\/wp-content\\\/uploads\\\/2026\\\/02\\\/revolution-padel-store.jpg\",\"width\":2000,\"height\":2000,\"caption\":\"Revolution Padel Store\"},\"image\":{\"@id\":\"https:\\\/\\\/revolutionpadelstore.com\\\/fr\\\/#\\\/schema\\\/logo\\\/image\\\/\"},\"sameAs\":[\"https:\\\/\\\/www.instagram.com\\\/revolutionpadelstore\\\/\"]}]}<\/script>\n<!-- \/ Yoast SEO plugin. -->","yoast_head_json":{"title":"ADIDAS CROSS IT CTRL 2024 - Revolution Padel Store","description":"Adidas Cross IT CTRL 2024: Pala de control para profesionales. Forma redonda, balance bajo y punto dulce centrado para un control excepcional. Caras de Carbon Aluminized 15K, n\u00facleo Hard Eva y tecnolog\u00edas innovadoras para un rendimiento \u00f3ptimo en la pista.","robots":{"index":"index","follow":"follow","max-snippet":"max-snippet:-1","max-image-preview":"max-image-preview:large","max-video-preview":"max-video-preview:-1"},"canonical":"https:\/\/revolutionpadelstore.com\/fr\/produit\/adidas-cross-it-ctrl-2024\/","og_locale":"fr_FR","og_type":"article","og_title":"ADIDAS CROSS IT CTRL 2024","og_description":"Adidas Cross IT CTRL 2024: Pala de control para profesionales. Forma redonda, balance bajo y punto dulce centrado para un control excepcional. Caras de Carbon Aluminized 15K, n\u00facleo Hard Eva y tecnolog\u00edas innovadoras para un rendimiento \u00f3ptimo en la pista.","og_url":"https:\/\/revolutionpadelstore.com\/fr\/produit\/adidas-cross-it-ctrl-2024\/","og_site_name":"Revolution Padel Store","article_modified_time":"2026-04-01T10:46:27+00:00","og_image":[{"width":1500,"height":1500,"url":"https:\/\/revolutionpadelstore.com\/wp-content\/uploads\/2024\/03\/110133_padel_webs_padel_y_grupo_pala_adidas_cross_it_ctrl_adrk1ca5u0063f_1500x1_2f71.webp","type":"image\/webp"}],"twitter_card":"summary_large_image","twitter_misc":{"Dur\u00e9e de lecture estim\u00e9e":"2 minutes"},"schema":{"@context":"https:\/\/schema.org","@graph":[{"@type":"WebPage","@id":"https:\/\/revolutionpadelstore.com\/fr\/produit\/adidas-cross-it-ctrl-2024\/","url":"https:\/\/revolutionpadelstore.com\/fr\/produit\/adidas-cross-it-ctrl-2024\/","name":"ADIDAS CROSS IT CTRL 2024 - Revolution Padel Store","isPartOf":{"@id":"https:\/\/revolutionpadelstore.com\/fr\/#website"},"primaryImageOfPage":{"@id":"https:\/\/revolutionpadelstore.com\/fr\/produit\/adidas-cross-it-ctrl-2024\/#primaryimage"},"image":{"@id":"https:\/\/revolutionpadelstore.com\/fr\/produit\/adidas-cross-it-ctrl-2024\/#primaryimage"},"thumbnailUrl":"https:\/\/revolutionpadelstore.com\/wp-content\/uploads\/2024\/03\/110133_padel_webs_padel_y_grupo_pala_adidas_cross_it_ctrl_adrk1ca5u0063f_1500x1_2f71.webp","datePublished":"2024-03-01T13:38:10+00:00","dateModified":"2026-04-01T10:46:27+00:00","description":"Adidas Cross IT CTRL 2024: Pala de control para profesionales. Forma redonda, balance bajo y punto dulce centrado para un control excepcional. Caras de Carbon Aluminized 15K, n\u00facleo Hard Eva y tecnolog\u00edas innovadoras para un rendimiento \u00f3ptimo en la pista.","breadcrumb":{"@id":"https:\/\/revolutionpadelstore.com\/fr\/produit\/adidas-cross-it-ctrl-2024\/#breadcrumb"},"inLanguage":"fr-FR","potentialAction":[{"@type":"ReadAction","target":["https:\/\/revolutionpadelstore.com\/fr\/produit\/adidas-cross-it-ctrl-2024\/"]}]},{"@type":"ImageObject","inLanguage":"fr-FR","@id":"https:\/\/revolutionpadelstore.com\/fr\/produit\/adidas-cross-it-ctrl-2024\/#primaryimage","url":"https:\/\/revolutionpadelstore.com\/wp-content\/uploads\/2024\/03\/110133_padel_webs_padel_y_grupo_pala_adidas_cross_it_ctrl_adrk1ca5u0063f_1500x1_2f71.webp","contentUrl":"https:\/\/revolutionpadelstore.com\/wp-content\/uploads\/2024\/03\/110133_padel_webs_padel_y_grupo_pala_adidas_cross_it_ctrl_adrk1ca5u0063f_1500x1_2f71.webp","width":1500,"height":1500},{"@type":"BreadcrumbList","@id":"https:\/\/revolutionpadelstore.com\/fr\/produit\/adidas-cross-it-ctrl-2024\/#breadcrumb","itemListElement":[{"@type":"ListItem","position":1,"name":"Portada","item":"https:\/\/revolutionpadelstore.com\/fr\/"},{"@type":"ListItem","position":2,"name":"Boutique","item":"https:\/\/revolutionpadelstore.com\/fr\/tienda\/"},{"@type":"ListItem","position":3,"name":"ADIDAS CROSS IT CTRL 2024"}]},{"@type":"WebSite","@id":"https:\/\/revolutionpadelstore.com\/fr\/#website","url":"https:\/\/revolutionpadelstore.com\/fr\/","name":"Revolution Padel Store","description":"","publisher":{"@id":"https:\/\/revolutionpadelstore.com\/fr\/#organization"},"potentialAction":[{"@type":"SearchAction","target":{"@type":"EntryPoint","urlTemplate":"https:\/\/revolutionpadelstore.com\/fr\/?s={search_term_string}"},"query-input":{"@type":"PropertyValueSpecification","valueRequired":true,"valueName":"search_term_string"}}],"inLanguage":"fr-FR"},{"@type":"Organization","@id":"https:\/\/revolutionpadelstore.com\/fr\/#organization","name":"Revolution Padel Store","url":"https:\/\/revolutionpadelstore.com\/fr\/","logo":{"@type":"ImageObject","inLanguage":"fr-FR","@id":"https:\/\/revolutionpadelstore.com\/fr\/#\/schema\/logo\/image\/","url":"https:\/\/revolutionpadelstore.com\/wp-content\/uploads\/2026\/02\/revolution-padel-store.jpg","contentUrl":"https:\/\/revolutionpadelstore.com\/wp-content\/uploads\/2026\/02\/revolution-padel-store.jpg","width":2000,"height":2000,"caption":"Revolution Padel Store"},"image":{"@id":"https:\/\/revolutionpadelstore.com\/fr\/#\/schema\/logo\/image\/"},"sameAs":["https:\/\/www.instagram.com\/revolutionpadelstore\/"]}]}},"_links":{"self":[{"href":"https:\/\/revolutionpadelstore.com\/fr\/wp-json\/wp\/v2\/product\/11322","targetHints":{"allow":["GET"]}}],"collection":[{"href":"https:\/\/revolutionpadelstore.com\/fr\/wp-json\/wp\/v2\/product"}],"about":[{"href":"https:\/\/revolutionpadelstore.com\/fr\/wp-json\/wp\/v2\/types\/product"}],"replies":[{"embeddable":true,"href":"https:\/\/revolutionpadelstore.com\/fr\/wp-json\/wp\/v2\/comments?post=11322"}],"wp:featuredmedia":[{"embeddable":true,"href":"https:\/\/revolutionpadelstore.com\/fr\/wp-json\/wp\/v2\/media\/11323"}],"wp:attachment":[{"href":"https:\/\/revolutionpadelstore.com\/fr\/wp-json\/wp\/v2\/media?parent=11322"}],"wp:term":[{"taxonomy":"acabado","embeddable":true,"href":"https:\/\/revolutionpadelstore.com\/fr\/wp-json\/wp\/v2\/acabado?post=11322"},{"taxonomy":"balance","embeddable":true,"href":"https:\/\/revolutionpadelstore.com\/fr\/wp-json\/wp\/v2\/balance?post=11322"},{"taxonomy":"dureza","embeddable":true,"href":"https:\/\/revolutionpadelstore.com\/fr\/wp-json\/wp\/v2\/dureza?post=11322"},{"taxonomy":"forma","embeddable":true,"href":"https:\/\/revolutionpadelstore.com\/fr\/wp-json\/wp\/v2\/forma?post=11322"},{"taxonomy":"jugador","embeddable":true,"href":"https:\/\/revolutionpadelstore.com\/fr\/wp-json\/wp\/v2\/jugador?post=11322"},{"taxonomy":"marca","embeddable":true,"href":"https:\/\/revolutionpadelstore.com\/fr\/wp-json\/wp\/v2\/marca?post=11322"},{"taxonomy":"nivel-de-juego","embeddable":true,"href":"https:\/\/revolutionpadelstore.com\/fr\/wp-json\/wp\/v2\/nivel-de-juego?post=11322"},{"taxonomy":"superficie","embeddable":true,"href":"https:\/\/revolutionpadelstore.com\/fr\/wp-json\/wp\/v2\/superficie?post=11322"},{"taxonomy":"tipo-de-juego","embeddable":true,"href":"https:\/\/revolutionpadelstore.com\/fr\/wp-json\/wp\/v2\/tipo-de-juego?post=11322"},{"taxonomy":"product_brand","embeddable":true,"href":"https:\/\/revolutionpadelstore.com\/fr\/wp-json\/wp\/v2\/product_brand?post=11322"},{"taxonomy":"product_cat","embeddable":true,"href":"https:\/\/revolutionpadelstore.com\/fr\/wp-json\/wp\/v2\/product_cat?post=11322"},{"taxonomy":"product_tag","embeddable":true,"href":"https:\/\/revolutionpadelstore.com\/fr\/wp-json\/wp\/v2\/product_tag?post=11322"}],"curies":[{"name":"wp","href":"https:\/\/api.w.org\/{rel}","templated":true}]}}