{"id":11313,"date":"2024-03-01T14:46:05","date_gmt":"2024-03-01T13:46:05","guid":{"rendered":"https:\/\/revolutionpadelstore.com\/adidas-cross-it-light-2024\/"},"modified":"2026-04-08T16:12:31","modified_gmt":"2026-04-08T14:12:31","slug":"adidas-cross-it-light-2024-3","status":"publish","type":"product","link":"https:\/\/revolutionpadelstore.com\/fr\/produit\/adidas-cross-it-light-2024-3\/","title":{"rendered":"ADIDAS CROSS IT LIGHT 2024"},"content":{"rendered":"<h2>Adidas Cross IT Light 2024, frappe ferme, confortable et contr\u00f4l\u00e9e<\/h2>\n<p>Con\u00e7ue pour offrir des performances exceptionnelles sur le terrain aux joueurs de padel de niveau avanc\u00e9 ou professionnel, la <strong>Adidas Cross IT Light 2024<\/strong> offre un contr\u00f4le exceptionnel \u00e0 chaque coup. C&#8217;est la raquette officielle de Martita Ortega pour la saison 2024.<\/p>\n<p>Avec son moule rond et son \u00e9quilibre bas, r\u00e9partissant le poids vers le poing, il offre au joueur un contr\u00f4le et une protection suppl\u00e9mentaire contre les blessures au bras. Son large sweet spot est situ\u00e9 au centre.<\/p>\n<h3>R\u00e9sistance et durabilit\u00e9<\/h3>\n<p>Le noyau en caoutchouc <strong>EVA Soft Energy<\/strong>, de densit\u00e9 moyenne, offre une sortie de balle rapide et une puissance exceptionnelle. Les avions en carbone aluminis\u00e9 24K garantissent puissance et vitesse lors de coups agressifs, tandis que les 50 % de fibre de carbone dans le cadre augmentent la r\u00e9sistance, la l\u00e9g\u00e8ret\u00e9 et la durabilit\u00e9.<\/p>\n<p>La raquette de padel Adidas Cross IT Light 2024 est synonyme de performance et de r\u00e9sistance, soutenues par des technologies de pointe.<\/p>\n<h3>Plus d&#8217;effet sur vos coups<\/h3>\n<p>Avec des technologies performantes, telles que Dynamic Air Flow pour une manipulation plus facile, Power Extra Grip pour l&#8217;inertie et la puissance, et Spin Blade Mold pour une meilleure adh\u00e9rence et une meilleure rotation \u00e0 chaque tir.<\/p>\n<p>Le syst\u00e8me de renforcement structurel garantit une r\u00e9sistance suppl\u00e9mentaire \u00e0 la torsion, prolongeant ainsi la dur\u00e9e de vie utile de la lame.<\/p>\n<h2>Adidas Cross IT Light 2024, golpeo firme, c\u00f3modo y controlado<\/h2>\n","protected":false},"excerpt":{"rendered":"<p>Adidas Cross IT Light 2024 : la raquette officielle de Martita Ortega pour un contr\u00f4le exceptionnel. Noyau Soft Energy EVA, faces en carbone 24 carats et technologies avanc\u00e9es pour la puissance, les effets et la durabilit\u00e9. Frappez en toute confiance !<\/p>\n","protected":false},"featured_media":11314,"comment_status":"open","ping_status":"closed","template":"","meta":{"_acf_changed":false,"_joinchat":[]},"acabado":[1092],"balance":[1147],"dureza":[1157],"forma":[1182],"jugador":[1197],"marca":[1232],"nivel-de-juego":[1337],"superficie":[1362],"tipo-de-juego":[1372],"product_brand":[],"product_cat":[302],"product_tag":[],"class_list":{"0":"post-11313","1":"product","2":"type-product","3":"status-publish","4":"has-post-thumbnail","6":"acabado-soulager-la-3d","7":"balance-faible","8":"dureza-media-fr","9":"forma-rond","10":"jugador-mujer-fr","11":"marca-adidas-fr","12":"superficie-rugosa-fr","13":"tipo-de-juego-control-fr","14":"product_cat-palas-de-padel-fr","16":"first","17":"outofstock","18":"sale","19":"taxable","20":"shipping-taxable","21":"purchasable","22":"product-type-simple"},"acf":[],"yoast_head":"<!-- This site is optimized with the Yoast SEO plugin v27.4 - https:\/\/yoast.com\/product\/yoast-seo-wordpress\/ -->\n<title>ADIDAS CROSS IT LIGHT 2024 - Revolution Padel Store<\/title>\n<meta name=\"description\" content=\"Adidas Cross IT Light 2024: La pala oficial de Martita Ortega para un control excepcional. N\u00facleo de EVA Soft Energy, caras de Carbono 24k y tecnolog\u00edas avanzadas para potencia, efecto y durabilidad. \u00a1Golpea con confianza!\" \/>\n<meta name=\"robots\" content=\"index, follow, max-snippet:-1, max-image-preview:large, max-video-preview:-1\" \/>\n<link rel=\"canonical\" href=\"https:\/\/revolutionpadelstore.com\/fr\/produit\/adidas-cross-it-light-2024-3\/\" \/>\n<meta property=\"og:locale\" content=\"fr_FR\" \/>\n<meta property=\"og:type\" content=\"article\" \/>\n<meta property=\"og:title\" content=\"ADIDAS CROSS IT LIGHT 2024\" \/>\n<meta property=\"og:description\" content=\"Adidas Cross IT Light 2024: La pala oficial de Martita Ortega para un control excepcional. N\u00facleo de EVA Soft Energy, caras de Carbono 24k y tecnolog\u00edas avanzadas para potencia, efecto y durabilidad. \u00a1Golpea con confianza!\" \/>\n<meta property=\"og:url\" content=\"https:\/\/revolutionpadelstore.com\/fr\/produit\/adidas-cross-it-light-2024-3\/\" \/>\n<meta property=\"og:site_name\" content=\"Revolution Padel Store\" \/>\n<meta property=\"article:modified_time\" content=\"2026-04-08T14:12:31+00:00\" \/>\n<meta property=\"og:image\" content=\"https:\/\/revolutionpadelstore.com\/wp-content\/uploads\/2024\/03\/110134_pala_adidas_cross_it_light_adrk1ca6u0051f_1500x1500_vista1_b692.webp\" \/>\n\t<meta property=\"og:image:width\" content=\"1500\" \/>\n\t<meta property=\"og:image:height\" content=\"1500\" \/>\n\t<meta property=\"og:image:type\" content=\"image\/webp\" \/>\n<meta name=\"twitter:card\" content=\"summary_large_image\" \/>\n<meta name=\"twitter:label1\" content=\"Dur\u00e9e de lecture estim\u00e9e\" \/>\n\t<meta name=\"twitter:data1\" content=\"2 minutes\" \/>\n<script type=\"application\/ld+json\" class=\"yoast-schema-graph\">{\"@context\":\"https:\\\/\\\/schema.org\",\"@graph\":[{\"@type\":\"WebPage\",\"@id\":\"https:\\\/\\\/revolutionpadelstore.com\\\/fr\\\/produit\\\/adidas-cross-it-light-2024-3\\\/\",\"url\":\"https:\\\/\\\/revolutionpadelstore.com\\\/fr\\\/produit\\\/adidas-cross-it-light-2024-3\\\/\",\"name\":\"ADIDAS CROSS IT LIGHT 2024 - Revolution Padel Store\",\"isPartOf\":{\"@id\":\"https:\\\/\\\/revolutionpadelstore.com\\\/fr\\\/#website\"},\"primaryImageOfPage\":{\"@id\":\"https:\\\/\\\/revolutionpadelstore.com\\\/fr\\\/produit\\\/adidas-cross-it-light-2024-3\\\/#primaryimage\"},\"image\":{\"@id\":\"https:\\\/\\\/revolutionpadelstore.com\\\/fr\\\/produit\\\/adidas-cross-it-light-2024-3\\\/#primaryimage\"},\"thumbnailUrl\":\"https:\\\/\\\/revolutionpadelstore.com\\\/wp-content\\\/uploads\\\/2024\\\/03\\\/110134_pala_adidas_cross_it_light_adrk1ca6u0051f_1500x1500_vista1_b692.webp\",\"datePublished\":\"2024-03-01T13:46:05+00:00\",\"dateModified\":\"2026-04-08T14:12:31+00:00\",\"description\":\"Adidas Cross IT Light 2024: La pala oficial de Martita Ortega para un control excepcional. N\u00facleo de EVA Soft Energy, caras de Carbono 24k y tecnolog\u00edas avanzadas para potencia, efecto y durabilidad. \u00a1Golpea con confianza!\",\"breadcrumb\":{\"@id\":\"https:\\\/\\\/revolutionpadelstore.com\\\/fr\\\/produit\\\/adidas-cross-it-light-2024-3\\\/#breadcrumb\"},\"inLanguage\":\"fr-FR\",\"potentialAction\":[{\"@type\":\"ReadAction\",\"target\":[\"https:\\\/\\\/revolutionpadelstore.com\\\/fr\\\/produit\\\/adidas-cross-it-light-2024-3\\\/\"]}]},{\"@type\":\"ImageObject\",\"inLanguage\":\"fr-FR\",\"@id\":\"https:\\\/\\\/revolutionpadelstore.com\\\/fr\\\/produit\\\/adidas-cross-it-light-2024-3\\\/#primaryimage\",\"url\":\"https:\\\/\\\/revolutionpadelstore.com\\\/wp-content\\\/uploads\\\/2024\\\/03\\\/110134_pala_adidas_cross_it_light_adrk1ca6u0051f_1500x1500_vista1_b692.webp\",\"contentUrl\":\"https:\\\/\\\/revolutionpadelstore.com\\\/wp-content\\\/uploads\\\/2024\\\/03\\\/110134_pala_adidas_cross_it_light_adrk1ca6u0051f_1500x1500_vista1_b692.webp\",\"width\":1500,\"height\":1500},{\"@type\":\"BreadcrumbList\",\"@id\":\"https:\\\/\\\/revolutionpadelstore.com\\\/fr\\\/produit\\\/adidas-cross-it-light-2024-3\\\/#breadcrumb\",\"itemListElement\":[{\"@type\":\"ListItem\",\"position\":1,\"name\":\"Portada\",\"item\":\"https:\\\/\\\/revolutionpadelstore.com\\\/fr\\\/\"},{\"@type\":\"ListItem\",\"position\":2,\"name\":\"Boutique\",\"item\":\"https:\\\/\\\/revolutionpadelstore.com\\\/fr\\\/tienda\\\/\"},{\"@type\":\"ListItem\",\"position\":3,\"name\":\"ADIDAS CROSS IT LIGHT 2024\"}]},{\"@type\":\"WebSite\",\"@id\":\"https:\\\/\\\/revolutionpadelstore.com\\\/fr\\\/#website\",\"url\":\"https:\\\/\\\/revolutionpadelstore.com\\\/fr\\\/\",\"name\":\"Revolution Padel Store\",\"description\":\"\",\"publisher\":{\"@id\":\"https:\\\/\\\/revolutionpadelstore.com\\\/fr\\\/#organization\"},\"potentialAction\":[{\"@type\":\"SearchAction\",\"target\":{\"@type\":\"EntryPoint\",\"urlTemplate\":\"https:\\\/\\\/revolutionpadelstore.com\\\/fr\\\/?s={search_term_string}\"},\"query-input\":{\"@type\":\"PropertyValueSpecification\",\"valueRequired\":true,\"valueName\":\"search_term_string\"}}],\"inLanguage\":\"fr-FR\"},{\"@type\":\"Organization\",\"@id\":\"https:\\\/\\\/revolutionpadelstore.com\\\/fr\\\/#organization\",\"name\":\"Revolution Padel Store\",\"url\":\"https:\\\/\\\/revolutionpadelstore.com\\\/fr\\\/\",\"logo\":{\"@type\":\"ImageObject\",\"inLanguage\":\"fr-FR\",\"@id\":\"https:\\\/\\\/revolutionpadelstore.com\\\/fr\\\/#\\\/schema\\\/logo\\\/image\\\/\",\"url\":\"https:\\\/\\\/revolutionpadelstore.com\\\/wp-content\\\/uploads\\\/2026\\\/02\\\/revolution-padel-store.jpg\",\"contentUrl\":\"https:\\\/\\\/revolutionpadelstore.com\\\/wp-content\\\/uploads\\\/2026\\\/02\\\/revolution-padel-store.jpg\",\"width\":2000,\"height\":2000,\"caption\":\"Revolution Padel Store\"},\"image\":{\"@id\":\"https:\\\/\\\/revolutionpadelstore.com\\\/fr\\\/#\\\/schema\\\/logo\\\/image\\\/\"},\"sameAs\":[\"https:\\\/\\\/www.instagram.com\\\/revolutionpadelstore\\\/\"]}]}<\/script>\n<!-- \/ Yoast SEO plugin. -->","yoast_head_json":{"title":"ADIDAS CROSS IT LIGHT 2024 - Revolution Padel Store","description":"Adidas Cross IT Light 2024: La pala oficial de Martita Ortega para un control excepcional. N\u00facleo de EVA Soft Energy, caras de Carbono 24k y tecnolog\u00edas avanzadas para potencia, efecto y durabilidad. \u00a1Golpea con confianza!","robots":{"index":"index","follow":"follow","max-snippet":"max-snippet:-1","max-image-preview":"max-image-preview:large","max-video-preview":"max-video-preview:-1"},"canonical":"https:\/\/revolutionpadelstore.com\/fr\/produit\/adidas-cross-it-light-2024-3\/","og_locale":"fr_FR","og_type":"article","og_title":"ADIDAS CROSS IT LIGHT 2024","og_description":"Adidas Cross IT Light 2024: La pala oficial de Martita Ortega para un control excepcional. N\u00facleo de EVA Soft Energy, caras de Carbono 24k y tecnolog\u00edas avanzadas para potencia, efecto y durabilidad. \u00a1Golpea con confianza!","og_url":"https:\/\/revolutionpadelstore.com\/fr\/produit\/adidas-cross-it-light-2024-3\/","og_site_name":"Revolution Padel Store","article_modified_time":"2026-04-08T14:12:31+00:00","og_image":[{"width":1500,"height":1500,"url":"https:\/\/revolutionpadelstore.com\/wp-content\/uploads\/2024\/03\/110134_pala_adidas_cross_it_light_adrk1ca6u0051f_1500x1500_vista1_b692.webp","type":"image\/webp"}],"twitter_card":"summary_large_image","twitter_misc":{"Dur\u00e9e de lecture estim\u00e9e":"2 minutes"},"schema":{"@context":"https:\/\/schema.org","@graph":[{"@type":"WebPage","@id":"https:\/\/revolutionpadelstore.com\/fr\/produit\/adidas-cross-it-light-2024-3\/","url":"https:\/\/revolutionpadelstore.com\/fr\/produit\/adidas-cross-it-light-2024-3\/","name":"ADIDAS CROSS IT LIGHT 2024 - Revolution Padel Store","isPartOf":{"@id":"https:\/\/revolutionpadelstore.com\/fr\/#website"},"primaryImageOfPage":{"@id":"https:\/\/revolutionpadelstore.com\/fr\/produit\/adidas-cross-it-light-2024-3\/#primaryimage"},"image":{"@id":"https:\/\/revolutionpadelstore.com\/fr\/produit\/adidas-cross-it-light-2024-3\/#primaryimage"},"thumbnailUrl":"https:\/\/revolutionpadelstore.com\/wp-content\/uploads\/2024\/03\/110134_pala_adidas_cross_it_light_adrk1ca6u0051f_1500x1500_vista1_b692.webp","datePublished":"2024-03-01T13:46:05+00:00","dateModified":"2026-04-08T14:12:31+00:00","description":"Adidas Cross IT Light 2024: La pala oficial de Martita Ortega para un control excepcional. N\u00facleo de EVA Soft Energy, caras de Carbono 24k y tecnolog\u00edas avanzadas para potencia, efecto y durabilidad. \u00a1Golpea con confianza!","breadcrumb":{"@id":"https:\/\/revolutionpadelstore.com\/fr\/produit\/adidas-cross-it-light-2024-3\/#breadcrumb"},"inLanguage":"fr-FR","potentialAction":[{"@type":"ReadAction","target":["https:\/\/revolutionpadelstore.com\/fr\/produit\/adidas-cross-it-light-2024-3\/"]}]},{"@type":"ImageObject","inLanguage":"fr-FR","@id":"https:\/\/revolutionpadelstore.com\/fr\/produit\/adidas-cross-it-light-2024-3\/#primaryimage","url":"https:\/\/revolutionpadelstore.com\/wp-content\/uploads\/2024\/03\/110134_pala_adidas_cross_it_light_adrk1ca6u0051f_1500x1500_vista1_b692.webp","contentUrl":"https:\/\/revolutionpadelstore.com\/wp-content\/uploads\/2024\/03\/110134_pala_adidas_cross_it_light_adrk1ca6u0051f_1500x1500_vista1_b692.webp","width":1500,"height":1500},{"@type":"BreadcrumbList","@id":"https:\/\/revolutionpadelstore.com\/fr\/produit\/adidas-cross-it-light-2024-3\/#breadcrumb","itemListElement":[{"@type":"ListItem","position":1,"name":"Portada","item":"https:\/\/revolutionpadelstore.com\/fr\/"},{"@type":"ListItem","position":2,"name":"Boutique","item":"https:\/\/revolutionpadelstore.com\/fr\/tienda\/"},{"@type":"ListItem","position":3,"name":"ADIDAS CROSS IT LIGHT 2024"}]},{"@type":"WebSite","@id":"https:\/\/revolutionpadelstore.com\/fr\/#website","url":"https:\/\/revolutionpadelstore.com\/fr\/","name":"Revolution Padel Store","description":"","publisher":{"@id":"https:\/\/revolutionpadelstore.com\/fr\/#organization"},"potentialAction":[{"@type":"SearchAction","target":{"@type":"EntryPoint","urlTemplate":"https:\/\/revolutionpadelstore.com\/fr\/?s={search_term_string}"},"query-input":{"@type":"PropertyValueSpecification","valueRequired":true,"valueName":"search_term_string"}}],"inLanguage":"fr-FR"},{"@type":"Organization","@id":"https:\/\/revolutionpadelstore.com\/fr\/#organization","name":"Revolution Padel Store","url":"https:\/\/revolutionpadelstore.com\/fr\/","logo":{"@type":"ImageObject","inLanguage":"fr-FR","@id":"https:\/\/revolutionpadelstore.com\/fr\/#\/schema\/logo\/image\/","url":"https:\/\/revolutionpadelstore.com\/wp-content\/uploads\/2026\/02\/revolution-padel-store.jpg","contentUrl":"https:\/\/revolutionpadelstore.com\/wp-content\/uploads\/2026\/02\/revolution-padel-store.jpg","width":2000,"height":2000,"caption":"Revolution Padel Store"},"image":{"@id":"https:\/\/revolutionpadelstore.com\/fr\/#\/schema\/logo\/image\/"},"sameAs":["https:\/\/www.instagram.com\/revolutionpadelstore\/"]}]}},"_links":{"self":[{"href":"https:\/\/revolutionpadelstore.com\/fr\/wp-json\/wp\/v2\/product\/11313","targetHints":{"allow":["GET"]}}],"collection":[{"href":"https:\/\/revolutionpadelstore.com\/fr\/wp-json\/wp\/v2\/product"}],"about":[{"href":"https:\/\/revolutionpadelstore.com\/fr\/wp-json\/wp\/v2\/types\/product"}],"replies":[{"embeddable":true,"href":"https:\/\/revolutionpadelstore.com\/fr\/wp-json\/wp\/v2\/comments?post=11313"}],"wp:featuredmedia":[{"embeddable":true,"href":"https:\/\/revolutionpadelstore.com\/fr\/wp-json\/wp\/v2\/media\/11314"}],"wp:attachment":[{"href":"https:\/\/revolutionpadelstore.com\/fr\/wp-json\/wp\/v2\/media?parent=11313"}],"wp:term":[{"taxonomy":"acabado","embeddable":true,"href":"https:\/\/revolutionpadelstore.com\/fr\/wp-json\/wp\/v2\/acabado?post=11313"},{"taxonomy":"balance","embeddable":true,"href":"https:\/\/revolutionpadelstore.com\/fr\/wp-json\/wp\/v2\/balance?post=11313"},{"taxonomy":"dureza","embeddable":true,"href":"https:\/\/revolutionpadelstore.com\/fr\/wp-json\/wp\/v2\/dureza?post=11313"},{"taxonomy":"forma","embeddable":true,"href":"https:\/\/revolutionpadelstore.com\/fr\/wp-json\/wp\/v2\/forma?post=11313"},{"taxonomy":"jugador","embeddable":true,"href":"https:\/\/revolutionpadelstore.com\/fr\/wp-json\/wp\/v2\/jugador?post=11313"},{"taxonomy":"marca","embeddable":true,"href":"https:\/\/revolutionpadelstore.com\/fr\/wp-json\/wp\/v2\/marca?post=11313"},{"taxonomy":"nivel-de-juego","embeddable":true,"href":"https:\/\/revolutionpadelstore.com\/fr\/wp-json\/wp\/v2\/nivel-de-juego?post=11313"},{"taxonomy":"superficie","embeddable":true,"href":"https:\/\/revolutionpadelstore.com\/fr\/wp-json\/wp\/v2\/superficie?post=11313"},{"taxonomy":"tipo-de-juego","embeddable":true,"href":"https:\/\/revolutionpadelstore.com\/fr\/wp-json\/wp\/v2\/tipo-de-juego?post=11313"},{"taxonomy":"product_brand","embeddable":true,"href":"https:\/\/revolutionpadelstore.com\/fr\/wp-json\/wp\/v2\/product_brand?post=11313"},{"taxonomy":"product_cat","embeddable":true,"href":"https:\/\/revolutionpadelstore.com\/fr\/wp-json\/wp\/v2\/product_cat?post=11313"},{"taxonomy":"product_tag","embeddable":true,"href":"https:\/\/revolutionpadelstore.com\/fr\/wp-json\/wp\/v2\/product_tag?post=11313"}],"curies":[{"name":"wp","href":"https:\/\/api.w.org\/{rel}","templated":true}]}}