{"id":11304,"date":"2024-03-01T14:55:33","date_gmt":"2024-03-01T13:55:33","guid":{"rendered":"https:\/\/revolutionpadelstore.com\/adidas-adipower-ctrl-3-3\/"},"modified":"2026-04-08T16:11:43","modified_gmt":"2026-04-08T14:11:43","slug":"adidas-adipower-ctrl-3-3-3","status":"publish","type":"product","link":"https:\/\/revolutionpadelstore.com\/fr\/produit\/adidas-adipower-ctrl-3-3-3\/","title":{"rendered":"ADIDAS ADIPOWER CTRL 3.3"},"content":{"rendered":"<h2>Adidas Adipower CTRL 3.3, pr\u00e9cision et fermet\u00e9 am\u00e9lior\u00e9es<\/h2>\n<p>Adidas pr\u00e9sente dans sa collection 2024 la <strong>Adidas Adipower CTRL 3.3<\/strong>, une raquette con\u00e7ue pour les joueurs de padel de niveau avanc\u00e9 cherchant \u00e0 am\u00e9liorer le contr\u00f4le de leurs frappes fr\u00e9quentes.<\/p>\n<p>Avec sa forme ronde, son \u00e9quilibre bas et son large sweet spot au centre, cette raquette offre un superbe contr\u00f4le \u00e0 chaque coup. Le poids inclin\u00e9 vers la poign\u00e9e permet une manipulation pr\u00e9cise et ferme.<\/p>\n<h3>Grande qualit\u00e9<\/h3>\n<p>Le caoutchouc <strong><em>EVA Soft Performance<\/em><\/strong> constitue le noyau interne, une mousse de faible densit\u00e9 qui garantit une excellente sortie de balle et un jeu confortable \u00e0 tout moment.<\/p>\n<p>Les avions, quant \u00e0 eux, sont fabriqu\u00e9s en <strong>fibre de carbone 3K<\/strong>, un tissu qui offre une rigidit\u00e9 sup\u00e9rieure qui se traduit par une plus grande puissance lors de la frappe. Ce mat\u00e9riau permet une durabilit\u00e9, une r\u00e9sistance et une flexibilit\u00e9 exceptionnelles.<\/p>\n<p>Le cadre contient <strong>50 % de fibre de carbone<\/strong>, ce qui en fait une raquette extr\u00eamement l\u00e9g\u00e8re et durable.<\/strong> Il absorbe de mani\u00e8re optimale les vibrations, r\u00e9duisant ainsi les risques de blessures en augmentant l&#8217;amorti.<\/p>\n<h3>Avec la technologie de renforcement structurel<\/h3>\n<p>Si l&#8217;on se concentre sur les technologies, on peut souligner le <strong><em>Spin Blade Mold<\/em><\/strong>, une rugosit\u00e9 avec relief 3D ins\u00e9r\u00e9e dans le moule dans le but d&#8217;augmenter la puissance et l&#8217;adh\u00e9rence de la balle. afin qu&#8217;il tourne avec <strong>plus d&#8217;effet.<\/strong> Dans la m\u00eame intention, il int\u00e8gre la <em><strong>Smart Holes Curve<\/strong><\/em>, une disposition des matrices id\u00e9ale pour obtenir un effet dans tes coups.<\/p>\n<p>Dans le pont, nous voyons la technologie <strong><em>Dual Exoskeleton<\/em><\/strong>, qui consiste en une double insertion de nervures en carbone qui fournissent un renforcement suppl\u00e9mentaire aux zones vuln\u00e9rables, comme le c\u0153ur ou le cadre du pelle.<\/p>\n<p>De plus, la technologie <em><strong>Power Embossed Ridge<\/strong><\/em> a \u00e9t\u00e9 ins\u00e9r\u00e9e, une nervure interne en carbone qui traverse le cadre offrant une rigidit\u00e9 exceptionnelle \u00e0 la structure pour une plus grande durabilit\u00e9.<\/p>\n<h2>Adidas Adipower CTRL 3.3, precisi\u00f3n y firmeza mejoradas<\/h2>\n","protected":false},"excerpt":{"rendered":"<p>Adidas Adipower CTRL 3.3 : Contr\u00f4le pr\u00e9cis et fermet\u00e9 am\u00e9lior\u00e9e. Noyau Soft Eva, faces 3k Carbon et technologies avanc\u00e9es pour des performances exceptionnelles. Dominez le terrain avec Adidas !<\/p>\n","protected":false},"featured_media":11305,"comment_status":"open","ping_status":"closed","template":"","meta":{"_acf_changed":false,"_joinchat":[]},"acabado":[1112],"balance":[1147],"dureza":[1152],"forma":[1182],"jugador":[1192,1202],"marca":[1232],"nivel-de-juego":[1337],"superficie":[1362],"tipo-de-juego":[1372],"product_brand":[],"product_cat":[302],"product_tag":[],"class_list":{"0":"post-11304","1":"product","2":"type-product","3":"status-publish","4":"has-post-thumbnail","6":"acabado-carbono-3k-fr","7":"balance-faible","8":"dureza-blanda-fr","9":"forma-rond","10":"jugador-homme","11":"jugador-polivalente-fr","12":"marca-adidas-fr","13":"superficie-rugosa-fr","14":"tipo-de-juego-control-fr","15":"product_cat-palas-de-padel-fr","17":"first","18":"instock","19":"sale","20":"taxable","21":"shipping-taxable","22":"purchasable","23":"product-type-simple"},"acf":[],"yoast_head":"<!-- This site is optimized with the Yoast SEO plugin v27.4 - https:\/\/yoast.com\/product\/yoast-seo-wordpress\/ -->\n<title>ADIDAS ADIPOWER CTRL 3.3 - Revolution Padel Store<\/title>\n<meta name=\"description\" content=\"Adidas Adipower CTRL 3.3: Control preciso y firmeza mejorada. N\u00facleo Soft Eva, caras de Carbono 3k y tecnolog\u00edas avanzadas para un rendimiento excepcional. \u00a1Domina la pista con Adidas!\" \/>\n<meta name=\"robots\" content=\"index, follow, max-snippet:-1, max-image-preview:large, max-video-preview:-1\" \/>\n<link rel=\"canonical\" href=\"https:\/\/revolutionpadelstore.com\/fr\/produit\/adidas-adipower-ctrl-3-3-3\/\" \/>\n<meta property=\"og:locale\" content=\"fr_FR\" \/>\n<meta property=\"og:type\" content=\"article\" \/>\n<meta property=\"og:title\" content=\"ADIDAS ADIPOWER CTRL 3.3\" \/>\n<meta property=\"og:description\" content=\"Adidas Adipower CTRL 3.3: Control preciso y firmeza mejorada. N\u00facleo Soft Eva, caras de Carbono 3k y tecnolog\u00edas avanzadas para un rendimiento excepcional. \u00a1Domina la pista con Adidas!\" \/>\n<meta property=\"og:url\" content=\"https:\/\/revolutionpadelstore.com\/fr\/produit\/adidas-adipower-ctrl-3-3-3\/\" \/>\n<meta property=\"og:site_name\" content=\"Revolution Padel Store\" \/>\n<meta property=\"article:modified_time\" content=\"2026-04-08T14:11:43+00:00\" \/>\n<meta property=\"og:image\" content=\"https:\/\/revolutionpadelstore.com\/wp-content\/uploads\/2024\/03\/110125_padel_webs_padel_y_grupo_pala_adidas_adipower_ctrl_3_3_adrk1ca2u0017f_15_6c05.webp\" \/>\n\t<meta property=\"og:image:width\" content=\"1500\" \/>\n\t<meta property=\"og:image:height\" content=\"1500\" \/>\n\t<meta property=\"og:image:type\" content=\"image\/webp\" \/>\n<meta name=\"twitter:card\" content=\"summary_large_image\" \/>\n<meta name=\"twitter:label1\" content=\"Dur\u00e9e de lecture estim\u00e9e\" \/>\n\t<meta name=\"twitter:data1\" content=\"2 minutes\" \/>\n<script type=\"application\/ld+json\" class=\"yoast-schema-graph\">{\"@context\":\"https:\\\/\\\/schema.org\",\"@graph\":[{\"@type\":\"WebPage\",\"@id\":\"https:\\\/\\\/revolutionpadelstore.com\\\/fr\\\/produit\\\/adidas-adipower-ctrl-3-3-3\\\/\",\"url\":\"https:\\\/\\\/revolutionpadelstore.com\\\/fr\\\/produit\\\/adidas-adipower-ctrl-3-3-3\\\/\",\"name\":\"ADIDAS ADIPOWER CTRL 3.3 - Revolution Padel Store\",\"isPartOf\":{\"@id\":\"https:\\\/\\\/revolutionpadelstore.com\\\/fr\\\/#website\"},\"primaryImageOfPage\":{\"@id\":\"https:\\\/\\\/revolutionpadelstore.com\\\/fr\\\/produit\\\/adidas-adipower-ctrl-3-3-3\\\/#primaryimage\"},\"image\":{\"@id\":\"https:\\\/\\\/revolutionpadelstore.com\\\/fr\\\/produit\\\/adidas-adipower-ctrl-3-3-3\\\/#primaryimage\"},\"thumbnailUrl\":\"https:\\\/\\\/revolutionpadelstore.com\\\/wp-content\\\/uploads\\\/2024\\\/03\\\/110125_padel_webs_padel_y_grupo_pala_adidas_adipower_ctrl_3_3_adrk1ca2u0017f_15_6c05.webp\",\"datePublished\":\"2024-03-01T13:55:33+00:00\",\"dateModified\":\"2026-04-08T14:11:43+00:00\",\"description\":\"Adidas Adipower CTRL 3.3: Control preciso y firmeza mejorada. N\u00facleo Soft Eva, caras de Carbono 3k y tecnolog\u00edas avanzadas para un rendimiento excepcional. \u00a1Domina la pista con Adidas!\",\"breadcrumb\":{\"@id\":\"https:\\\/\\\/revolutionpadelstore.com\\\/fr\\\/produit\\\/adidas-adipower-ctrl-3-3-3\\\/#breadcrumb\"},\"inLanguage\":\"fr-FR\",\"potentialAction\":[{\"@type\":\"ReadAction\",\"target\":[\"https:\\\/\\\/revolutionpadelstore.com\\\/fr\\\/produit\\\/adidas-adipower-ctrl-3-3-3\\\/\"]}]},{\"@type\":\"ImageObject\",\"inLanguage\":\"fr-FR\",\"@id\":\"https:\\\/\\\/revolutionpadelstore.com\\\/fr\\\/produit\\\/adidas-adipower-ctrl-3-3-3\\\/#primaryimage\",\"url\":\"https:\\\/\\\/revolutionpadelstore.com\\\/wp-content\\\/uploads\\\/2024\\\/03\\\/110125_padel_webs_padel_y_grupo_pala_adidas_adipower_ctrl_3_3_adrk1ca2u0017f_15_6c05.webp\",\"contentUrl\":\"https:\\\/\\\/revolutionpadelstore.com\\\/wp-content\\\/uploads\\\/2024\\\/03\\\/110125_padel_webs_padel_y_grupo_pala_adidas_adipower_ctrl_3_3_adrk1ca2u0017f_15_6c05.webp\",\"width\":1500,\"height\":1500},{\"@type\":\"BreadcrumbList\",\"@id\":\"https:\\\/\\\/revolutionpadelstore.com\\\/fr\\\/produit\\\/adidas-adipower-ctrl-3-3-3\\\/#breadcrumb\",\"itemListElement\":[{\"@type\":\"ListItem\",\"position\":1,\"name\":\"Portada\",\"item\":\"https:\\\/\\\/revolutionpadelstore.com\\\/fr\\\/\"},{\"@type\":\"ListItem\",\"position\":2,\"name\":\"Boutique\",\"item\":\"https:\\\/\\\/revolutionpadelstore.com\\\/fr\\\/tienda\\\/\"},{\"@type\":\"ListItem\",\"position\":3,\"name\":\"ADIDAS ADIPOWER CTRL 3.3\"}]},{\"@type\":\"WebSite\",\"@id\":\"https:\\\/\\\/revolutionpadelstore.com\\\/fr\\\/#website\",\"url\":\"https:\\\/\\\/revolutionpadelstore.com\\\/fr\\\/\",\"name\":\"Revolution Padel Store\",\"description\":\"\",\"publisher\":{\"@id\":\"https:\\\/\\\/revolutionpadelstore.com\\\/fr\\\/#organization\"},\"potentialAction\":[{\"@type\":\"SearchAction\",\"target\":{\"@type\":\"EntryPoint\",\"urlTemplate\":\"https:\\\/\\\/revolutionpadelstore.com\\\/fr\\\/?s={search_term_string}\"},\"query-input\":{\"@type\":\"PropertyValueSpecification\",\"valueRequired\":true,\"valueName\":\"search_term_string\"}}],\"inLanguage\":\"fr-FR\"},{\"@type\":\"Organization\",\"@id\":\"https:\\\/\\\/revolutionpadelstore.com\\\/fr\\\/#organization\",\"name\":\"Revolution Padel Store\",\"url\":\"https:\\\/\\\/revolutionpadelstore.com\\\/fr\\\/\",\"logo\":{\"@type\":\"ImageObject\",\"inLanguage\":\"fr-FR\",\"@id\":\"https:\\\/\\\/revolutionpadelstore.com\\\/fr\\\/#\\\/schema\\\/logo\\\/image\\\/\",\"url\":\"https:\\\/\\\/revolutionpadelstore.com\\\/wp-content\\\/uploads\\\/2026\\\/02\\\/revolution-padel-store.jpg\",\"contentUrl\":\"https:\\\/\\\/revolutionpadelstore.com\\\/wp-content\\\/uploads\\\/2026\\\/02\\\/revolution-padel-store.jpg\",\"width\":2000,\"height\":2000,\"caption\":\"Revolution Padel Store\"},\"image\":{\"@id\":\"https:\\\/\\\/revolutionpadelstore.com\\\/fr\\\/#\\\/schema\\\/logo\\\/image\\\/\"},\"sameAs\":[\"https:\\\/\\\/www.instagram.com\\\/revolutionpadelstore\\\/\"]}]}<\/script>\n<!-- \/ Yoast SEO plugin. -->","yoast_head_json":{"title":"ADIDAS ADIPOWER CTRL 3.3 - Revolution Padel Store","description":"Adidas Adipower CTRL 3.3: Control preciso y firmeza mejorada. N\u00facleo Soft Eva, caras de Carbono 3k y tecnolog\u00edas avanzadas para un rendimiento excepcional. \u00a1Domina la pista con Adidas!","robots":{"index":"index","follow":"follow","max-snippet":"max-snippet:-1","max-image-preview":"max-image-preview:large","max-video-preview":"max-video-preview:-1"},"canonical":"https:\/\/revolutionpadelstore.com\/fr\/produit\/adidas-adipower-ctrl-3-3-3\/","og_locale":"fr_FR","og_type":"article","og_title":"ADIDAS ADIPOWER CTRL 3.3","og_description":"Adidas Adipower CTRL 3.3: Control preciso y firmeza mejorada. N\u00facleo Soft Eva, caras de Carbono 3k y tecnolog\u00edas avanzadas para un rendimiento excepcional. \u00a1Domina la pista con Adidas!","og_url":"https:\/\/revolutionpadelstore.com\/fr\/produit\/adidas-adipower-ctrl-3-3-3\/","og_site_name":"Revolution Padel Store","article_modified_time":"2026-04-08T14:11:43+00:00","og_image":[{"width":1500,"height":1500,"url":"https:\/\/revolutionpadelstore.com\/wp-content\/uploads\/2024\/03\/110125_padel_webs_padel_y_grupo_pala_adidas_adipower_ctrl_3_3_adrk1ca2u0017f_15_6c05.webp","type":"image\/webp"}],"twitter_card":"summary_large_image","twitter_misc":{"Dur\u00e9e de lecture estim\u00e9e":"2 minutes"},"schema":{"@context":"https:\/\/schema.org","@graph":[{"@type":"WebPage","@id":"https:\/\/revolutionpadelstore.com\/fr\/produit\/adidas-adipower-ctrl-3-3-3\/","url":"https:\/\/revolutionpadelstore.com\/fr\/produit\/adidas-adipower-ctrl-3-3-3\/","name":"ADIDAS ADIPOWER CTRL 3.3 - Revolution Padel Store","isPartOf":{"@id":"https:\/\/revolutionpadelstore.com\/fr\/#website"},"primaryImageOfPage":{"@id":"https:\/\/revolutionpadelstore.com\/fr\/produit\/adidas-adipower-ctrl-3-3-3\/#primaryimage"},"image":{"@id":"https:\/\/revolutionpadelstore.com\/fr\/produit\/adidas-adipower-ctrl-3-3-3\/#primaryimage"},"thumbnailUrl":"https:\/\/revolutionpadelstore.com\/wp-content\/uploads\/2024\/03\/110125_padel_webs_padel_y_grupo_pala_adidas_adipower_ctrl_3_3_adrk1ca2u0017f_15_6c05.webp","datePublished":"2024-03-01T13:55:33+00:00","dateModified":"2026-04-08T14:11:43+00:00","description":"Adidas Adipower CTRL 3.3: Control preciso y firmeza mejorada. N\u00facleo Soft Eva, caras de Carbono 3k y tecnolog\u00edas avanzadas para un rendimiento excepcional. \u00a1Domina la pista con Adidas!","breadcrumb":{"@id":"https:\/\/revolutionpadelstore.com\/fr\/produit\/adidas-adipower-ctrl-3-3-3\/#breadcrumb"},"inLanguage":"fr-FR","potentialAction":[{"@type":"ReadAction","target":["https:\/\/revolutionpadelstore.com\/fr\/produit\/adidas-adipower-ctrl-3-3-3\/"]}]},{"@type":"ImageObject","inLanguage":"fr-FR","@id":"https:\/\/revolutionpadelstore.com\/fr\/produit\/adidas-adipower-ctrl-3-3-3\/#primaryimage","url":"https:\/\/revolutionpadelstore.com\/wp-content\/uploads\/2024\/03\/110125_padel_webs_padel_y_grupo_pala_adidas_adipower_ctrl_3_3_adrk1ca2u0017f_15_6c05.webp","contentUrl":"https:\/\/revolutionpadelstore.com\/wp-content\/uploads\/2024\/03\/110125_padel_webs_padel_y_grupo_pala_adidas_adipower_ctrl_3_3_adrk1ca2u0017f_15_6c05.webp","width":1500,"height":1500},{"@type":"BreadcrumbList","@id":"https:\/\/revolutionpadelstore.com\/fr\/produit\/adidas-adipower-ctrl-3-3-3\/#breadcrumb","itemListElement":[{"@type":"ListItem","position":1,"name":"Portada","item":"https:\/\/revolutionpadelstore.com\/fr\/"},{"@type":"ListItem","position":2,"name":"Boutique","item":"https:\/\/revolutionpadelstore.com\/fr\/tienda\/"},{"@type":"ListItem","position":3,"name":"ADIDAS ADIPOWER CTRL 3.3"}]},{"@type":"WebSite","@id":"https:\/\/revolutionpadelstore.com\/fr\/#website","url":"https:\/\/revolutionpadelstore.com\/fr\/","name":"Revolution Padel Store","description":"","publisher":{"@id":"https:\/\/revolutionpadelstore.com\/fr\/#organization"},"potentialAction":[{"@type":"SearchAction","target":{"@type":"EntryPoint","urlTemplate":"https:\/\/revolutionpadelstore.com\/fr\/?s={search_term_string}"},"query-input":{"@type":"PropertyValueSpecification","valueRequired":true,"valueName":"search_term_string"}}],"inLanguage":"fr-FR"},{"@type":"Organization","@id":"https:\/\/revolutionpadelstore.com\/fr\/#organization","name":"Revolution Padel Store","url":"https:\/\/revolutionpadelstore.com\/fr\/","logo":{"@type":"ImageObject","inLanguage":"fr-FR","@id":"https:\/\/revolutionpadelstore.com\/fr\/#\/schema\/logo\/image\/","url":"https:\/\/revolutionpadelstore.com\/wp-content\/uploads\/2026\/02\/revolution-padel-store.jpg","contentUrl":"https:\/\/revolutionpadelstore.com\/wp-content\/uploads\/2026\/02\/revolution-padel-store.jpg","width":2000,"height":2000,"caption":"Revolution Padel Store"},"image":{"@id":"https:\/\/revolutionpadelstore.com\/fr\/#\/schema\/logo\/image\/"},"sameAs":["https:\/\/www.instagram.com\/revolutionpadelstore\/"]}]}},"_links":{"self":[{"href":"https:\/\/revolutionpadelstore.com\/fr\/wp-json\/wp\/v2\/product\/11304","targetHints":{"allow":["GET"]}}],"collection":[{"href":"https:\/\/revolutionpadelstore.com\/fr\/wp-json\/wp\/v2\/product"}],"about":[{"href":"https:\/\/revolutionpadelstore.com\/fr\/wp-json\/wp\/v2\/types\/product"}],"replies":[{"embeddable":true,"href":"https:\/\/revolutionpadelstore.com\/fr\/wp-json\/wp\/v2\/comments?post=11304"}],"wp:featuredmedia":[{"embeddable":true,"href":"https:\/\/revolutionpadelstore.com\/fr\/wp-json\/wp\/v2\/media\/11305"}],"wp:attachment":[{"href":"https:\/\/revolutionpadelstore.com\/fr\/wp-json\/wp\/v2\/media?parent=11304"}],"wp:term":[{"taxonomy":"acabado","embeddable":true,"href":"https:\/\/revolutionpadelstore.com\/fr\/wp-json\/wp\/v2\/acabado?post=11304"},{"taxonomy":"balance","embeddable":true,"href":"https:\/\/revolutionpadelstore.com\/fr\/wp-json\/wp\/v2\/balance?post=11304"},{"taxonomy":"dureza","embeddable":true,"href":"https:\/\/revolutionpadelstore.com\/fr\/wp-json\/wp\/v2\/dureza?post=11304"},{"taxonomy":"forma","embeddable":true,"href":"https:\/\/revolutionpadelstore.com\/fr\/wp-json\/wp\/v2\/forma?post=11304"},{"taxonomy":"jugador","embeddable":true,"href":"https:\/\/revolutionpadelstore.com\/fr\/wp-json\/wp\/v2\/jugador?post=11304"},{"taxonomy":"marca","embeddable":true,"href":"https:\/\/revolutionpadelstore.com\/fr\/wp-json\/wp\/v2\/marca?post=11304"},{"taxonomy":"nivel-de-juego","embeddable":true,"href":"https:\/\/revolutionpadelstore.com\/fr\/wp-json\/wp\/v2\/nivel-de-juego?post=11304"},{"taxonomy":"superficie","embeddable":true,"href":"https:\/\/revolutionpadelstore.com\/fr\/wp-json\/wp\/v2\/superficie?post=11304"},{"taxonomy":"tipo-de-juego","embeddable":true,"href":"https:\/\/revolutionpadelstore.com\/fr\/wp-json\/wp\/v2\/tipo-de-juego?post=11304"},{"taxonomy":"product_brand","embeddable":true,"href":"https:\/\/revolutionpadelstore.com\/fr\/wp-json\/wp\/v2\/product_brand?post=11304"},{"taxonomy":"product_cat","embeddable":true,"href":"https:\/\/revolutionpadelstore.com\/fr\/wp-json\/wp\/v2\/product_cat?post=11304"},{"taxonomy":"product_tag","embeddable":true,"href":"https:\/\/revolutionpadelstore.com\/fr\/wp-json\/wp\/v2\/product_tag?post=11304"}],"curies":[{"name":"wp","href":"https:\/\/api.w.org\/{rel}","templated":true}]}}