{"id":11295,"date":"2024-03-01T15:04:12","date_gmt":"2024-03-01T14:04:12","guid":{"rendered":"https:\/\/revolutionpadelstore.com\/adidas-metalbone-carbon-ctrl-3-3-2024\/"},"modified":"2026-04-08T16:11:01","modified_gmt":"2026-04-08T14:11:01","slug":"adidas-metalbone-carbon-ctrl-3-3-2024-3","status":"publish","type":"product","link":"https:\/\/revolutionpadelstore.com\/fr\/produit\/adidas-metalbone-carbon-ctrl-3-3-2024-3\/","title":{"rendered":"ADIDAS METALBONE CARBON CTRL 3.3 2024"},"content":{"rendered":"<h2>Pelle Adidas Metalbone Carbon CTRL 3.3, 2024 par Pol Hern\u00e1ndez.<\/h2>\n<p>La <strong>Adidas Metalbone Carbon CTRL 3.3<\/strong> est la raquette pour les joueurs avanc\u00e9s ou professionnels \u00e0 la recherche de performances exceptionnelles sur le terrain, la m\u00eame que celle utilis\u00e9e par le professionnel Pol Hern\u00e1ndez lors de la saison 2024.<\/p>\n<p>De format rond, cette raquette offre un contr\u00f4le sup\u00e9rieur, offrant une maniabilit\u00e9 optimale et facilitant les d\u00e9placements rapides sur le court.<\/p>\n<h3>Palette de contr\u00f4le en fibre de carbone 6K<\/h3>\n<p>Fabriqu\u00e9e avec un cadre en carbone et des faces en fibre de carbone 6K, cette raquette offre r\u00e9sistance et durabilit\u00e9. Le tissage sp\u00e9cial de fibre de carbone 6K permet une structure plus l\u00e9g\u00e8re et une plus grande r\u00e9sistance \u00e0 la torsion.<\/p>\n<p>Le noyau en caoutchouc <strong>EVA Soft Performance<\/strong> de faible densit\u00e9 offre une transmission efficace de la balle et une sensation douce et confortable \u00e0 chaque tir. La technologie Spin Blade Decal sur les avions, avec une finition rugueuse, am\u00e9liore le jeu d&#8217;effet gr\u00e2ce \u00e0 une meilleure adh\u00e9rence sur la balle, compl\u00e9t\u00e9e par la technologie Smart Holes Curve sur les matrices.<\/p>\n<h3>Pelle incroyablement r\u00e9sistante<\/h3>\n<p>Une raquette compos\u00e9e de mat\u00e9riaux et de technologies de haute qualit\u00e9, solide et r\u00e9sistante. Gr\u00e2ce \u00e0 la technologie de Structure Octogonale, il poss\u00e8de un tubulaire octogonal qui donne rigidit\u00e9 et r\u00e9sistance \u00e0 la lame. Et associ\u00e9 \u00e0 la technologie Structural Reinforcement, il dispose d&#8217;un renfort p\u00e9rim\u00e9trique qui le rend plus r\u00e9sistant \u00e0 la torsion.<\/p>\n<p>Il pr\u00e9sente un design sportif impressionnant combinant la couleur noire du corps et du pont de la lame en contraste avec le manche blanc. N&#8217;h\u00e9sitez plus et procurez-vous votre nouvelle raquette de contr\u00f4le de niveau avanc\u00e9 ou professionnel.<\/p>\n<h2>Adidas Metalbone Carbon CTRL 3.3, pala 2024 de Pol Hern\u00e1ndez.<\/h2>\n","protected":false},"excerpt":{"rendered":"<p>Adidas Metalbone Carbon CTRL 3.3 : des performances professionnelles avec un contr\u00f4le exceptionnel. Fibre de carbone 6K, technologies avanc\u00e9es et design impressionnant. Dominez le terrain avec la raquette de Pol Hern\u00e1ndez !<\/p>\n","protected":false},"featured_media":11296,"comment_status":"open","ping_status":"closed","template":"","meta":{"_acf_changed":false,"_joinchat":[]},"acabado":[1092],"balance":[1147],"dureza":[1152],"forma":[1182],"jugador":[1192,1202],"marca":[1232],"nivel-de-juego":[1337],"superficie":[1362],"tipo-de-juego":[1372],"product_brand":[],"product_cat":[302],"product_tag":[],"class_list":{"0":"post-11295","1":"product","2":"type-product","3":"status-publish","4":"has-post-thumbnail","6":"acabado-soulager-la-3d","7":"balance-faible","8":"dureza-blanda-fr","9":"forma-rond","10":"jugador-homme","11":"jugador-polivalente-fr","12":"marca-adidas-fr","13":"superficie-rugosa-fr","14":"tipo-de-juego-control-fr","15":"product_cat-palas-de-padel-fr","17":"first","18":"instock","19":"sale","20":"taxable","21":"shipping-taxable","22":"purchasable","23":"product-type-simple"},"acf":[],"yoast_head":"<!-- This site is optimized with the Yoast SEO plugin v27.4 - https:\/\/yoast.com\/product\/yoast-seo-wordpress\/ -->\n<title>ADIDAS METALBONE CARBON CTRL 3.3 2024 - Revolution Padel Store<\/title>\n<meta name=\"description\" content=\"Adidas Metalbone Carbon CTRL 3.3: Rendimiento profesional con control excepcional. Fibra de carbono 6K, tecnolog\u00edas avanzadas y dise\u00f1o imponente. \u00a1Domina la pista con la pala de Pol Hern\u00e1ndez!\" \/>\n<meta name=\"robots\" content=\"index, follow, max-snippet:-1, max-image-preview:large, max-video-preview:-1\" \/>\n<link rel=\"canonical\" href=\"https:\/\/revolutionpadelstore.com\/fr\/produit\/adidas-metalbone-carbon-ctrl-3-3-2024-3\/\" \/>\n<meta property=\"og:locale\" content=\"fr_FR\" \/>\n<meta property=\"og:type\" content=\"article\" \/>\n<meta property=\"og:title\" content=\"ADIDAS METALBONE CARBON CTRL 3.3 2024\" \/>\n<meta property=\"og:description\" content=\"Adidas Metalbone Carbon CTRL 3.3: Rendimiento profesional con control excepcional. Fibra de carbono 6K, tecnolog\u00edas avanzadas y dise\u00f1o imponente. \u00a1Domina la pista con la pala de Pol Hern\u00e1ndez!\" \/>\n<meta property=\"og:url\" content=\"https:\/\/revolutionpadelstore.com\/fr\/produit\/adidas-metalbone-carbon-ctrl-3-3-2024-3\/\" \/>\n<meta property=\"og:site_name\" content=\"Revolution Padel Store\" \/>\n<meta property=\"article:modified_time\" content=\"2026-04-08T14:11:01+00:00\" \/>\n<meta property=\"og:image\" content=\"https:\/\/revolutionpadelstore.com\/wp-content\/uploads\/2024\/03\/110143_padel_webs_padel_y_grupo_pala_adidas_metalbone_carbon_ctrl_3_3_adrk1ca4u_2f70.webp\" \/>\n\t<meta property=\"og:image:width\" content=\"1500\" \/>\n\t<meta property=\"og:image:height\" content=\"1500\" \/>\n\t<meta property=\"og:image:type\" content=\"image\/webp\" \/>\n<meta name=\"twitter:card\" content=\"summary_large_image\" \/>\n<meta name=\"twitter:label1\" content=\"Dur\u00e9e de lecture estim\u00e9e\" \/>\n\t<meta name=\"twitter:data1\" content=\"2 minutes\" \/>\n<script type=\"application\/ld+json\" class=\"yoast-schema-graph\">{\"@context\":\"https:\\\/\\\/schema.org\",\"@graph\":[{\"@type\":\"WebPage\",\"@id\":\"https:\\\/\\\/revolutionpadelstore.com\\\/fr\\\/produit\\\/adidas-metalbone-carbon-ctrl-3-3-2024-3\\\/\",\"url\":\"https:\\\/\\\/revolutionpadelstore.com\\\/fr\\\/produit\\\/adidas-metalbone-carbon-ctrl-3-3-2024-3\\\/\",\"name\":\"ADIDAS METALBONE CARBON CTRL 3.3 2024 - Revolution Padel Store\",\"isPartOf\":{\"@id\":\"https:\\\/\\\/revolutionpadelstore.com\\\/fr\\\/#website\"},\"primaryImageOfPage\":{\"@id\":\"https:\\\/\\\/revolutionpadelstore.com\\\/fr\\\/produit\\\/adidas-metalbone-carbon-ctrl-3-3-2024-3\\\/#primaryimage\"},\"image\":{\"@id\":\"https:\\\/\\\/revolutionpadelstore.com\\\/fr\\\/produit\\\/adidas-metalbone-carbon-ctrl-3-3-2024-3\\\/#primaryimage\"},\"thumbnailUrl\":\"https:\\\/\\\/revolutionpadelstore.com\\\/wp-content\\\/uploads\\\/2024\\\/03\\\/110143_padel_webs_padel_y_grupo_pala_adidas_metalbone_carbon_ctrl_3_3_adrk1ca4u_2f70.webp\",\"datePublished\":\"2024-03-01T14:04:12+00:00\",\"dateModified\":\"2026-04-08T14:11:01+00:00\",\"description\":\"Adidas Metalbone Carbon CTRL 3.3: Rendimiento profesional con control excepcional. Fibra de carbono 6K, tecnolog\u00edas avanzadas y dise\u00f1o imponente. \u00a1Domina la pista con la pala de Pol Hern\u00e1ndez!\",\"breadcrumb\":{\"@id\":\"https:\\\/\\\/revolutionpadelstore.com\\\/fr\\\/produit\\\/adidas-metalbone-carbon-ctrl-3-3-2024-3\\\/#breadcrumb\"},\"inLanguage\":\"fr-FR\",\"potentialAction\":[{\"@type\":\"ReadAction\",\"target\":[\"https:\\\/\\\/revolutionpadelstore.com\\\/fr\\\/produit\\\/adidas-metalbone-carbon-ctrl-3-3-2024-3\\\/\"]}]},{\"@type\":\"ImageObject\",\"inLanguage\":\"fr-FR\",\"@id\":\"https:\\\/\\\/revolutionpadelstore.com\\\/fr\\\/produit\\\/adidas-metalbone-carbon-ctrl-3-3-2024-3\\\/#primaryimage\",\"url\":\"https:\\\/\\\/revolutionpadelstore.com\\\/wp-content\\\/uploads\\\/2024\\\/03\\\/110143_padel_webs_padel_y_grupo_pala_adidas_metalbone_carbon_ctrl_3_3_adrk1ca4u_2f70.webp\",\"contentUrl\":\"https:\\\/\\\/revolutionpadelstore.com\\\/wp-content\\\/uploads\\\/2024\\\/03\\\/110143_padel_webs_padel_y_grupo_pala_adidas_metalbone_carbon_ctrl_3_3_adrk1ca4u_2f70.webp\",\"width\":1500,\"height\":1500},{\"@type\":\"BreadcrumbList\",\"@id\":\"https:\\\/\\\/revolutionpadelstore.com\\\/fr\\\/produit\\\/adidas-metalbone-carbon-ctrl-3-3-2024-3\\\/#breadcrumb\",\"itemListElement\":[{\"@type\":\"ListItem\",\"position\":1,\"name\":\"Portada\",\"item\":\"https:\\\/\\\/revolutionpadelstore.com\\\/fr\\\/\"},{\"@type\":\"ListItem\",\"position\":2,\"name\":\"Boutique\",\"item\":\"https:\\\/\\\/revolutionpadelstore.com\\\/fr\\\/tienda\\\/\"},{\"@type\":\"ListItem\",\"position\":3,\"name\":\"ADIDAS METALBONE CARBON CTRL 3.3 2024\"}]},{\"@type\":\"WebSite\",\"@id\":\"https:\\\/\\\/revolutionpadelstore.com\\\/fr\\\/#website\",\"url\":\"https:\\\/\\\/revolutionpadelstore.com\\\/fr\\\/\",\"name\":\"Revolution Padel Store\",\"description\":\"\",\"publisher\":{\"@id\":\"https:\\\/\\\/revolutionpadelstore.com\\\/fr\\\/#organization\"},\"potentialAction\":[{\"@type\":\"SearchAction\",\"target\":{\"@type\":\"EntryPoint\",\"urlTemplate\":\"https:\\\/\\\/revolutionpadelstore.com\\\/fr\\\/?s={search_term_string}\"},\"query-input\":{\"@type\":\"PropertyValueSpecification\",\"valueRequired\":true,\"valueName\":\"search_term_string\"}}],\"inLanguage\":\"fr-FR\"},{\"@type\":\"Organization\",\"@id\":\"https:\\\/\\\/revolutionpadelstore.com\\\/fr\\\/#organization\",\"name\":\"Revolution Padel Store\",\"url\":\"https:\\\/\\\/revolutionpadelstore.com\\\/fr\\\/\",\"logo\":{\"@type\":\"ImageObject\",\"inLanguage\":\"fr-FR\",\"@id\":\"https:\\\/\\\/revolutionpadelstore.com\\\/fr\\\/#\\\/schema\\\/logo\\\/image\\\/\",\"url\":\"https:\\\/\\\/revolutionpadelstore.com\\\/wp-content\\\/uploads\\\/2026\\\/02\\\/revolution-padel-store.jpg\",\"contentUrl\":\"https:\\\/\\\/revolutionpadelstore.com\\\/wp-content\\\/uploads\\\/2026\\\/02\\\/revolution-padel-store.jpg\",\"width\":2000,\"height\":2000,\"caption\":\"Revolution Padel Store\"},\"image\":{\"@id\":\"https:\\\/\\\/revolutionpadelstore.com\\\/fr\\\/#\\\/schema\\\/logo\\\/image\\\/\"},\"sameAs\":[\"https:\\\/\\\/www.instagram.com\\\/revolutionpadelstore\\\/\"]}]}<\/script>\n<!-- \/ Yoast SEO plugin. -->","yoast_head_json":{"title":"ADIDAS METALBONE CARBON CTRL 3.3 2024 - Revolution Padel Store","description":"Adidas Metalbone Carbon CTRL 3.3: Rendimiento profesional con control excepcional. Fibra de carbono 6K, tecnolog\u00edas avanzadas y dise\u00f1o imponente. \u00a1Domina la pista con la pala de Pol Hern\u00e1ndez!","robots":{"index":"index","follow":"follow","max-snippet":"max-snippet:-1","max-image-preview":"max-image-preview:large","max-video-preview":"max-video-preview:-1"},"canonical":"https:\/\/revolutionpadelstore.com\/fr\/produit\/adidas-metalbone-carbon-ctrl-3-3-2024-3\/","og_locale":"fr_FR","og_type":"article","og_title":"ADIDAS METALBONE CARBON CTRL 3.3 2024","og_description":"Adidas Metalbone Carbon CTRL 3.3: Rendimiento profesional con control excepcional. Fibra de carbono 6K, tecnolog\u00edas avanzadas y dise\u00f1o imponente. \u00a1Domina la pista con la pala de Pol Hern\u00e1ndez!","og_url":"https:\/\/revolutionpadelstore.com\/fr\/produit\/adidas-metalbone-carbon-ctrl-3-3-2024-3\/","og_site_name":"Revolution Padel Store","article_modified_time":"2026-04-08T14:11:01+00:00","og_image":[{"width":1500,"height":1500,"url":"https:\/\/revolutionpadelstore.com\/wp-content\/uploads\/2024\/03\/110143_padel_webs_padel_y_grupo_pala_adidas_metalbone_carbon_ctrl_3_3_adrk1ca4u_2f70.webp","type":"image\/webp"}],"twitter_card":"summary_large_image","twitter_misc":{"Dur\u00e9e de lecture estim\u00e9e":"2 minutes"},"schema":{"@context":"https:\/\/schema.org","@graph":[{"@type":"WebPage","@id":"https:\/\/revolutionpadelstore.com\/fr\/produit\/adidas-metalbone-carbon-ctrl-3-3-2024-3\/","url":"https:\/\/revolutionpadelstore.com\/fr\/produit\/adidas-metalbone-carbon-ctrl-3-3-2024-3\/","name":"ADIDAS METALBONE CARBON CTRL 3.3 2024 - Revolution Padel Store","isPartOf":{"@id":"https:\/\/revolutionpadelstore.com\/fr\/#website"},"primaryImageOfPage":{"@id":"https:\/\/revolutionpadelstore.com\/fr\/produit\/adidas-metalbone-carbon-ctrl-3-3-2024-3\/#primaryimage"},"image":{"@id":"https:\/\/revolutionpadelstore.com\/fr\/produit\/adidas-metalbone-carbon-ctrl-3-3-2024-3\/#primaryimage"},"thumbnailUrl":"https:\/\/revolutionpadelstore.com\/wp-content\/uploads\/2024\/03\/110143_padel_webs_padel_y_grupo_pala_adidas_metalbone_carbon_ctrl_3_3_adrk1ca4u_2f70.webp","datePublished":"2024-03-01T14:04:12+00:00","dateModified":"2026-04-08T14:11:01+00:00","description":"Adidas Metalbone Carbon CTRL 3.3: Rendimiento profesional con control excepcional. Fibra de carbono 6K, tecnolog\u00edas avanzadas y dise\u00f1o imponente. \u00a1Domina la pista con la pala de Pol Hern\u00e1ndez!","breadcrumb":{"@id":"https:\/\/revolutionpadelstore.com\/fr\/produit\/adidas-metalbone-carbon-ctrl-3-3-2024-3\/#breadcrumb"},"inLanguage":"fr-FR","potentialAction":[{"@type":"ReadAction","target":["https:\/\/revolutionpadelstore.com\/fr\/produit\/adidas-metalbone-carbon-ctrl-3-3-2024-3\/"]}]},{"@type":"ImageObject","inLanguage":"fr-FR","@id":"https:\/\/revolutionpadelstore.com\/fr\/produit\/adidas-metalbone-carbon-ctrl-3-3-2024-3\/#primaryimage","url":"https:\/\/revolutionpadelstore.com\/wp-content\/uploads\/2024\/03\/110143_padel_webs_padel_y_grupo_pala_adidas_metalbone_carbon_ctrl_3_3_adrk1ca4u_2f70.webp","contentUrl":"https:\/\/revolutionpadelstore.com\/wp-content\/uploads\/2024\/03\/110143_padel_webs_padel_y_grupo_pala_adidas_metalbone_carbon_ctrl_3_3_adrk1ca4u_2f70.webp","width":1500,"height":1500},{"@type":"BreadcrumbList","@id":"https:\/\/revolutionpadelstore.com\/fr\/produit\/adidas-metalbone-carbon-ctrl-3-3-2024-3\/#breadcrumb","itemListElement":[{"@type":"ListItem","position":1,"name":"Portada","item":"https:\/\/revolutionpadelstore.com\/fr\/"},{"@type":"ListItem","position":2,"name":"Boutique","item":"https:\/\/revolutionpadelstore.com\/fr\/tienda\/"},{"@type":"ListItem","position":3,"name":"ADIDAS METALBONE CARBON CTRL 3.3 2024"}]},{"@type":"WebSite","@id":"https:\/\/revolutionpadelstore.com\/fr\/#website","url":"https:\/\/revolutionpadelstore.com\/fr\/","name":"Revolution Padel Store","description":"","publisher":{"@id":"https:\/\/revolutionpadelstore.com\/fr\/#organization"},"potentialAction":[{"@type":"SearchAction","target":{"@type":"EntryPoint","urlTemplate":"https:\/\/revolutionpadelstore.com\/fr\/?s={search_term_string}"},"query-input":{"@type":"PropertyValueSpecification","valueRequired":true,"valueName":"search_term_string"}}],"inLanguage":"fr-FR"},{"@type":"Organization","@id":"https:\/\/revolutionpadelstore.com\/fr\/#organization","name":"Revolution Padel Store","url":"https:\/\/revolutionpadelstore.com\/fr\/","logo":{"@type":"ImageObject","inLanguage":"fr-FR","@id":"https:\/\/revolutionpadelstore.com\/fr\/#\/schema\/logo\/image\/","url":"https:\/\/revolutionpadelstore.com\/wp-content\/uploads\/2026\/02\/revolution-padel-store.jpg","contentUrl":"https:\/\/revolutionpadelstore.com\/wp-content\/uploads\/2026\/02\/revolution-padel-store.jpg","width":2000,"height":2000,"caption":"Revolution Padel Store"},"image":{"@id":"https:\/\/revolutionpadelstore.com\/fr\/#\/schema\/logo\/image\/"},"sameAs":["https:\/\/www.instagram.com\/revolutionpadelstore\/"]}]}},"_links":{"self":[{"href":"https:\/\/revolutionpadelstore.com\/fr\/wp-json\/wp\/v2\/product\/11295","targetHints":{"allow":["GET"]}}],"collection":[{"href":"https:\/\/revolutionpadelstore.com\/fr\/wp-json\/wp\/v2\/product"}],"about":[{"href":"https:\/\/revolutionpadelstore.com\/fr\/wp-json\/wp\/v2\/types\/product"}],"replies":[{"embeddable":true,"href":"https:\/\/revolutionpadelstore.com\/fr\/wp-json\/wp\/v2\/comments?post=11295"}],"wp:featuredmedia":[{"embeddable":true,"href":"https:\/\/revolutionpadelstore.com\/fr\/wp-json\/wp\/v2\/media\/11296"}],"wp:attachment":[{"href":"https:\/\/revolutionpadelstore.com\/fr\/wp-json\/wp\/v2\/media?parent=11295"}],"wp:term":[{"taxonomy":"acabado","embeddable":true,"href":"https:\/\/revolutionpadelstore.com\/fr\/wp-json\/wp\/v2\/acabado?post=11295"},{"taxonomy":"balance","embeddable":true,"href":"https:\/\/revolutionpadelstore.com\/fr\/wp-json\/wp\/v2\/balance?post=11295"},{"taxonomy":"dureza","embeddable":true,"href":"https:\/\/revolutionpadelstore.com\/fr\/wp-json\/wp\/v2\/dureza?post=11295"},{"taxonomy":"forma","embeddable":true,"href":"https:\/\/revolutionpadelstore.com\/fr\/wp-json\/wp\/v2\/forma?post=11295"},{"taxonomy":"jugador","embeddable":true,"href":"https:\/\/revolutionpadelstore.com\/fr\/wp-json\/wp\/v2\/jugador?post=11295"},{"taxonomy":"marca","embeddable":true,"href":"https:\/\/revolutionpadelstore.com\/fr\/wp-json\/wp\/v2\/marca?post=11295"},{"taxonomy":"nivel-de-juego","embeddable":true,"href":"https:\/\/revolutionpadelstore.com\/fr\/wp-json\/wp\/v2\/nivel-de-juego?post=11295"},{"taxonomy":"superficie","embeddable":true,"href":"https:\/\/revolutionpadelstore.com\/fr\/wp-json\/wp\/v2\/superficie?post=11295"},{"taxonomy":"tipo-de-juego","embeddable":true,"href":"https:\/\/revolutionpadelstore.com\/fr\/wp-json\/wp\/v2\/tipo-de-juego?post=11295"},{"taxonomy":"product_brand","embeddable":true,"href":"https:\/\/revolutionpadelstore.com\/fr\/wp-json\/wp\/v2\/product_brand?post=11295"},{"taxonomy":"product_cat","embeddable":true,"href":"https:\/\/revolutionpadelstore.com\/fr\/wp-json\/wp\/v2\/product_cat?post=11295"},{"taxonomy":"product_tag","embeddable":true,"href":"https:\/\/revolutionpadelstore.com\/fr\/wp-json\/wp\/v2\/product_tag?post=11295"}],"curies":[{"name":"wp","href":"https:\/\/api.w.org\/{rel}","templated":true}]}}