{"id":11286,"date":"2024-03-01T15:11:31","date_gmt":"2024-03-01T14:11:31","guid":{"rendered":"https:\/\/revolutionpadelstore.com\/adidas-metalbone-carbon-3-3-2024\/"},"modified":"2026-04-08T16:10:21","modified_gmt":"2026-04-08T14:10:21","slug":"adidas-metalbone-carbon-3-3-2024-3","status":"publish","type":"product","link":"https:\/\/revolutionpadelstore.com\/fr\/produit\/adidas-metalbone-carbon-3-3-2024-3\/","title":{"rendered":"ADIDAS METALBONE CARBON 3.3 2024"},"content":{"rendered":"<h2>Adidas Metalbone Carbon 3.3, lame diamant\u00e9e 2024 par Pablo Cardona<\/h2>\n<p>La <strong>Adidas Metalbone Carbon 3.3<\/strong> est la raquette de padel officielle de Pablo Cardona pour 2024, con\u00e7ue pour les joueurs de haut niveau avec un niveau avanc\u00e9, pr\u00eats pour des matchs intenses et une utilisation fr\u00e9quente.<\/p>\n<p>Avec un format diamant surdimensionn\u00e9 et un \u00e9quilibre \u00e9lev\u00e9, cette raquette permet de finir des coups pleins de puissance. R\u00e9sistant et solide, il dispose de mat\u00e9riaux de haute qualit\u00e9 et de technologies avanc\u00e9es, dont le protecteur Metalbone Protector Tape pour r\u00e9sister aux frottements et \u00e0 l&#8217;usure dus \u00e0 une utilisation intense.<\/p>\n<h3>Lame flexible en fibre de carbone 6K<\/h3>\n<p>Le cadre en fibre de carbone l\u00e9ger et solide est combin\u00e9 \u00e0 des faces en fibre de carbone 6K flexibles et durables. Le noyau en caoutchouc EVA Soft Performance basse densit\u00e9 offre un toucher doux pour jouer avec confort et contr\u00f4le sur le ballon.<\/p>\n<p>Int\u00e9grant les technologies Spin Blade Decal (finition rugueuse pour une meilleure accroche) et Smart Holes Curves (matrices perfor\u00e9es incurv\u00e9es pour un meilleur acc\u00e8s aux effets), cette raquette permet de jouer avec les effets \u00e0 chaque coup.<\/p>\n<h3>Lame solide et r\u00e9sistante \u00e0 la torsion<\/h3>\n<p>Une raquette au corps solide et r\u00e9sistant gr\u00e2ce \u00e0 son design. Un tubulaire octogonal con\u00e7u avec la technologie de structure octogonale pour donner de la rigidit\u00e9 au corps. Et la technologie<em><strong>Structural Reinforcement<\/strong><\/em>qui renforce le p\u00e9rim\u00e8tre de la lame afin qu&#8217;elle r\u00e9siste \u00e0 la torsion.<\/p>\n<p>Cette raquette poss\u00e8de un design \u00e9l\u00e9gant et imposant. Le corps de la raquette et le grip sont noirs et le chevalet de la raquette est en cuivre. Le logo Adidas sur les plans est \u00e9galement de couleur cuivre.<\/p>\n<h2>Adidas Metalbone Carbon 3.3, pala 2024 de diamante de Pablo Cardona<\/h2>\n","protected":false},"excerpt":{"rendered":"<p>Adidas Metalbone Carbon 3.3 : la raquette officielle de Pablo Cardona pour 2024. Design \u00e9l\u00e9gant, format diamant surdimensionn\u00e9 et technologies avanc\u00e9es. Puissance et r\u00e9sistance pour les joueurs de haut niveau.<\/p>\n","protected":false},"featured_media":11287,"comment_status":"open","ping_status":"closed","template":"","meta":{"_acf_changed":false,"_joinchat":[]},"acabado":[1092],"balance":[1137],"dureza":[1152],"forma":[1172],"jugador":[1192,1202],"marca":[1232],"nivel-de-juego":[1337],"superficie":[1362],"tipo-de-juego":[1377],"product_brand":[],"product_cat":[302],"product_tag":[],"class_list":{"0":"post-11286","1":"product","2":"type-product","3":"status-publish","4":"has-post-thumbnail","6":"acabado-soulager-la-3d","7":"balance-eleve","8":"dureza-blanda-fr","9":"forma-diamant","10":"jugador-homme","11":"jugador-polivalente-fr","12":"marca-adidas-fr","13":"superficie-rugosa-fr","14":"tipo-de-juego-puissance","15":"product_cat-palas-de-padel-fr","17":"first","18":"instock","19":"sale","20":"taxable","21":"shipping-taxable","22":"purchasable","23":"product-type-simple"},"acf":[],"yoast_head":"<!-- This site is optimized with the Yoast SEO plugin v27.4 - https:\/\/yoast.com\/product\/yoast-seo-wordpress\/ -->\n<title>ADIDAS METALBONE CARBON 3.3 2024 - Revolution Padel Store<\/title>\n<meta name=\"description\" content=\"Adidas Metalbone Carbon 3.3: Pala oficial de Pablo Cardona para el 2024. Dise\u00f1o elegante, formato diamante oversize y tecnolog\u00edas avanzadas. Potencia y resistencia para jugadores de alto rendimiento.\" \/>\n<meta name=\"robots\" content=\"index, follow, max-snippet:-1, max-image-preview:large, max-video-preview:-1\" \/>\n<link rel=\"canonical\" href=\"https:\/\/revolutionpadelstore.com\/fr\/produit\/adidas-metalbone-carbon-3-3-2024-3\/\" \/>\n<meta property=\"og:locale\" content=\"fr_FR\" \/>\n<meta property=\"og:type\" content=\"article\" \/>\n<meta property=\"og:title\" content=\"ADIDAS METALBONE CARBON 3.3 2024\" \/>\n<meta property=\"og:description\" content=\"Adidas Metalbone Carbon 3.3: Pala oficial de Pablo Cardona para el 2024. Dise\u00f1o elegante, formato diamante oversize y tecnolog\u00edas avanzadas. Potencia y resistencia para jugadores de alto rendimiento.\" \/>\n<meta property=\"og:url\" content=\"https:\/\/revolutionpadelstore.com\/fr\/produit\/adidas-metalbone-carbon-3-3-2024-3\/\" \/>\n<meta property=\"og:site_name\" content=\"Revolution Padel Store\" \/>\n<meta property=\"article:modified_time\" content=\"2026-04-08T14:10:21+00:00\" \/>\n<meta property=\"og:image\" content=\"https:\/\/revolutionpadelstore.com\/wp-content\/uploads\/2024\/03\/110142_padel_webs_padel_y_grupo_pala_adidas_metalbone_carbon_3_3_adrk1aa3u0017f_d9f6.webp\" \/>\n\t<meta property=\"og:image:width\" content=\"1500\" \/>\n\t<meta property=\"og:image:height\" content=\"1500\" \/>\n\t<meta property=\"og:image:type\" content=\"image\/webp\" \/>\n<meta name=\"twitter:card\" content=\"summary_large_image\" \/>\n<meta name=\"twitter:label1\" content=\"Dur\u00e9e de lecture estim\u00e9e\" \/>\n\t<meta name=\"twitter:data1\" content=\"2 minutes\" \/>\n<script type=\"application\/ld+json\" class=\"yoast-schema-graph\">{\"@context\":\"https:\\\/\\\/schema.org\",\"@graph\":[{\"@type\":\"WebPage\",\"@id\":\"https:\\\/\\\/revolutionpadelstore.com\\\/fr\\\/produit\\\/adidas-metalbone-carbon-3-3-2024-3\\\/\",\"url\":\"https:\\\/\\\/revolutionpadelstore.com\\\/fr\\\/produit\\\/adidas-metalbone-carbon-3-3-2024-3\\\/\",\"name\":\"ADIDAS METALBONE CARBON 3.3 2024 - Revolution Padel Store\",\"isPartOf\":{\"@id\":\"https:\\\/\\\/revolutionpadelstore.com\\\/fr\\\/#website\"},\"primaryImageOfPage\":{\"@id\":\"https:\\\/\\\/revolutionpadelstore.com\\\/fr\\\/produit\\\/adidas-metalbone-carbon-3-3-2024-3\\\/#primaryimage\"},\"image\":{\"@id\":\"https:\\\/\\\/revolutionpadelstore.com\\\/fr\\\/produit\\\/adidas-metalbone-carbon-3-3-2024-3\\\/#primaryimage\"},\"thumbnailUrl\":\"https:\\\/\\\/revolutionpadelstore.com\\\/wp-content\\\/uploads\\\/2024\\\/03\\\/110142_padel_webs_padel_y_grupo_pala_adidas_metalbone_carbon_3_3_adrk1aa3u0017f_d9f6.webp\",\"datePublished\":\"2024-03-01T14:11:31+00:00\",\"dateModified\":\"2026-04-08T14:10:21+00:00\",\"description\":\"Adidas Metalbone Carbon 3.3: Pala oficial de Pablo Cardona para el 2024. Dise\u00f1o elegante, formato diamante oversize y tecnolog\u00edas avanzadas. Potencia y resistencia para jugadores de alto rendimiento.\",\"breadcrumb\":{\"@id\":\"https:\\\/\\\/revolutionpadelstore.com\\\/fr\\\/produit\\\/adidas-metalbone-carbon-3-3-2024-3\\\/#breadcrumb\"},\"inLanguage\":\"fr-FR\",\"potentialAction\":[{\"@type\":\"ReadAction\",\"target\":[\"https:\\\/\\\/revolutionpadelstore.com\\\/fr\\\/produit\\\/adidas-metalbone-carbon-3-3-2024-3\\\/\"]}]},{\"@type\":\"ImageObject\",\"inLanguage\":\"fr-FR\",\"@id\":\"https:\\\/\\\/revolutionpadelstore.com\\\/fr\\\/produit\\\/adidas-metalbone-carbon-3-3-2024-3\\\/#primaryimage\",\"url\":\"https:\\\/\\\/revolutionpadelstore.com\\\/wp-content\\\/uploads\\\/2024\\\/03\\\/110142_padel_webs_padel_y_grupo_pala_adidas_metalbone_carbon_3_3_adrk1aa3u0017f_d9f6.webp\",\"contentUrl\":\"https:\\\/\\\/revolutionpadelstore.com\\\/wp-content\\\/uploads\\\/2024\\\/03\\\/110142_padel_webs_padel_y_grupo_pala_adidas_metalbone_carbon_3_3_adrk1aa3u0017f_d9f6.webp\",\"width\":1500,\"height\":1500},{\"@type\":\"BreadcrumbList\",\"@id\":\"https:\\\/\\\/revolutionpadelstore.com\\\/fr\\\/produit\\\/adidas-metalbone-carbon-3-3-2024-3\\\/#breadcrumb\",\"itemListElement\":[{\"@type\":\"ListItem\",\"position\":1,\"name\":\"Portada\",\"item\":\"https:\\\/\\\/revolutionpadelstore.com\\\/fr\\\/\"},{\"@type\":\"ListItem\",\"position\":2,\"name\":\"Boutique\",\"item\":\"https:\\\/\\\/revolutionpadelstore.com\\\/fr\\\/tienda\\\/\"},{\"@type\":\"ListItem\",\"position\":3,\"name\":\"ADIDAS METALBONE CARBON 3.3 2024\"}]},{\"@type\":\"WebSite\",\"@id\":\"https:\\\/\\\/revolutionpadelstore.com\\\/fr\\\/#website\",\"url\":\"https:\\\/\\\/revolutionpadelstore.com\\\/fr\\\/\",\"name\":\"Revolution Padel Store\",\"description\":\"\",\"publisher\":{\"@id\":\"https:\\\/\\\/revolutionpadelstore.com\\\/fr\\\/#organization\"},\"potentialAction\":[{\"@type\":\"SearchAction\",\"target\":{\"@type\":\"EntryPoint\",\"urlTemplate\":\"https:\\\/\\\/revolutionpadelstore.com\\\/fr\\\/?s={search_term_string}\"},\"query-input\":{\"@type\":\"PropertyValueSpecification\",\"valueRequired\":true,\"valueName\":\"search_term_string\"}}],\"inLanguage\":\"fr-FR\"},{\"@type\":\"Organization\",\"@id\":\"https:\\\/\\\/revolutionpadelstore.com\\\/fr\\\/#organization\",\"name\":\"Revolution Padel Store\",\"url\":\"https:\\\/\\\/revolutionpadelstore.com\\\/fr\\\/\",\"logo\":{\"@type\":\"ImageObject\",\"inLanguage\":\"fr-FR\",\"@id\":\"https:\\\/\\\/revolutionpadelstore.com\\\/fr\\\/#\\\/schema\\\/logo\\\/image\\\/\",\"url\":\"https:\\\/\\\/revolutionpadelstore.com\\\/wp-content\\\/uploads\\\/2026\\\/02\\\/revolution-padel-store.jpg\",\"contentUrl\":\"https:\\\/\\\/revolutionpadelstore.com\\\/wp-content\\\/uploads\\\/2026\\\/02\\\/revolution-padel-store.jpg\",\"width\":2000,\"height\":2000,\"caption\":\"Revolution Padel Store\"},\"image\":{\"@id\":\"https:\\\/\\\/revolutionpadelstore.com\\\/fr\\\/#\\\/schema\\\/logo\\\/image\\\/\"},\"sameAs\":[\"https:\\\/\\\/www.instagram.com\\\/revolutionpadelstore\\\/\"]}]}<\/script>\n<!-- \/ Yoast SEO plugin. -->","yoast_head_json":{"title":"ADIDAS METALBONE CARBON 3.3 2024 - Revolution Padel Store","description":"Adidas Metalbone Carbon 3.3: Pala oficial de Pablo Cardona para el 2024. Dise\u00f1o elegante, formato diamante oversize y tecnolog\u00edas avanzadas. Potencia y resistencia para jugadores de alto rendimiento.","robots":{"index":"index","follow":"follow","max-snippet":"max-snippet:-1","max-image-preview":"max-image-preview:large","max-video-preview":"max-video-preview:-1"},"canonical":"https:\/\/revolutionpadelstore.com\/fr\/produit\/adidas-metalbone-carbon-3-3-2024-3\/","og_locale":"fr_FR","og_type":"article","og_title":"ADIDAS METALBONE CARBON 3.3 2024","og_description":"Adidas Metalbone Carbon 3.3: Pala oficial de Pablo Cardona para el 2024. Dise\u00f1o elegante, formato diamante oversize y tecnolog\u00edas avanzadas. Potencia y resistencia para jugadores de alto rendimiento.","og_url":"https:\/\/revolutionpadelstore.com\/fr\/produit\/adidas-metalbone-carbon-3-3-2024-3\/","og_site_name":"Revolution Padel Store","article_modified_time":"2026-04-08T14:10:21+00:00","og_image":[{"width":1500,"height":1500,"url":"https:\/\/revolutionpadelstore.com\/wp-content\/uploads\/2024\/03\/110142_padel_webs_padel_y_grupo_pala_adidas_metalbone_carbon_3_3_adrk1aa3u0017f_d9f6.webp","type":"image\/webp"}],"twitter_card":"summary_large_image","twitter_misc":{"Dur\u00e9e de lecture estim\u00e9e":"2 minutes"},"schema":{"@context":"https:\/\/schema.org","@graph":[{"@type":"WebPage","@id":"https:\/\/revolutionpadelstore.com\/fr\/produit\/adidas-metalbone-carbon-3-3-2024-3\/","url":"https:\/\/revolutionpadelstore.com\/fr\/produit\/adidas-metalbone-carbon-3-3-2024-3\/","name":"ADIDAS METALBONE CARBON 3.3 2024 - Revolution Padel Store","isPartOf":{"@id":"https:\/\/revolutionpadelstore.com\/fr\/#website"},"primaryImageOfPage":{"@id":"https:\/\/revolutionpadelstore.com\/fr\/produit\/adidas-metalbone-carbon-3-3-2024-3\/#primaryimage"},"image":{"@id":"https:\/\/revolutionpadelstore.com\/fr\/produit\/adidas-metalbone-carbon-3-3-2024-3\/#primaryimage"},"thumbnailUrl":"https:\/\/revolutionpadelstore.com\/wp-content\/uploads\/2024\/03\/110142_padel_webs_padel_y_grupo_pala_adidas_metalbone_carbon_3_3_adrk1aa3u0017f_d9f6.webp","datePublished":"2024-03-01T14:11:31+00:00","dateModified":"2026-04-08T14:10:21+00:00","description":"Adidas Metalbone Carbon 3.3: Pala oficial de Pablo Cardona para el 2024. Dise\u00f1o elegante, formato diamante oversize y tecnolog\u00edas avanzadas. Potencia y resistencia para jugadores de alto rendimiento.","breadcrumb":{"@id":"https:\/\/revolutionpadelstore.com\/fr\/produit\/adidas-metalbone-carbon-3-3-2024-3\/#breadcrumb"},"inLanguage":"fr-FR","potentialAction":[{"@type":"ReadAction","target":["https:\/\/revolutionpadelstore.com\/fr\/produit\/adidas-metalbone-carbon-3-3-2024-3\/"]}]},{"@type":"ImageObject","inLanguage":"fr-FR","@id":"https:\/\/revolutionpadelstore.com\/fr\/produit\/adidas-metalbone-carbon-3-3-2024-3\/#primaryimage","url":"https:\/\/revolutionpadelstore.com\/wp-content\/uploads\/2024\/03\/110142_padel_webs_padel_y_grupo_pala_adidas_metalbone_carbon_3_3_adrk1aa3u0017f_d9f6.webp","contentUrl":"https:\/\/revolutionpadelstore.com\/wp-content\/uploads\/2024\/03\/110142_padel_webs_padel_y_grupo_pala_adidas_metalbone_carbon_3_3_adrk1aa3u0017f_d9f6.webp","width":1500,"height":1500},{"@type":"BreadcrumbList","@id":"https:\/\/revolutionpadelstore.com\/fr\/produit\/adidas-metalbone-carbon-3-3-2024-3\/#breadcrumb","itemListElement":[{"@type":"ListItem","position":1,"name":"Portada","item":"https:\/\/revolutionpadelstore.com\/fr\/"},{"@type":"ListItem","position":2,"name":"Boutique","item":"https:\/\/revolutionpadelstore.com\/fr\/tienda\/"},{"@type":"ListItem","position":3,"name":"ADIDAS METALBONE CARBON 3.3 2024"}]},{"@type":"WebSite","@id":"https:\/\/revolutionpadelstore.com\/fr\/#website","url":"https:\/\/revolutionpadelstore.com\/fr\/","name":"Revolution Padel Store","description":"","publisher":{"@id":"https:\/\/revolutionpadelstore.com\/fr\/#organization"},"potentialAction":[{"@type":"SearchAction","target":{"@type":"EntryPoint","urlTemplate":"https:\/\/revolutionpadelstore.com\/fr\/?s={search_term_string}"},"query-input":{"@type":"PropertyValueSpecification","valueRequired":true,"valueName":"search_term_string"}}],"inLanguage":"fr-FR"},{"@type":"Organization","@id":"https:\/\/revolutionpadelstore.com\/fr\/#organization","name":"Revolution Padel Store","url":"https:\/\/revolutionpadelstore.com\/fr\/","logo":{"@type":"ImageObject","inLanguage":"fr-FR","@id":"https:\/\/revolutionpadelstore.com\/fr\/#\/schema\/logo\/image\/","url":"https:\/\/revolutionpadelstore.com\/wp-content\/uploads\/2026\/02\/revolution-padel-store.jpg","contentUrl":"https:\/\/revolutionpadelstore.com\/wp-content\/uploads\/2026\/02\/revolution-padel-store.jpg","width":2000,"height":2000,"caption":"Revolution Padel Store"},"image":{"@id":"https:\/\/revolutionpadelstore.com\/fr\/#\/schema\/logo\/image\/"},"sameAs":["https:\/\/www.instagram.com\/revolutionpadelstore\/"]}]}},"_links":{"self":[{"href":"https:\/\/revolutionpadelstore.com\/fr\/wp-json\/wp\/v2\/product\/11286","targetHints":{"allow":["GET"]}}],"collection":[{"href":"https:\/\/revolutionpadelstore.com\/fr\/wp-json\/wp\/v2\/product"}],"about":[{"href":"https:\/\/revolutionpadelstore.com\/fr\/wp-json\/wp\/v2\/types\/product"}],"replies":[{"embeddable":true,"href":"https:\/\/revolutionpadelstore.com\/fr\/wp-json\/wp\/v2\/comments?post=11286"}],"wp:featuredmedia":[{"embeddable":true,"href":"https:\/\/revolutionpadelstore.com\/fr\/wp-json\/wp\/v2\/media\/11287"}],"wp:attachment":[{"href":"https:\/\/revolutionpadelstore.com\/fr\/wp-json\/wp\/v2\/media?parent=11286"}],"wp:term":[{"taxonomy":"acabado","embeddable":true,"href":"https:\/\/revolutionpadelstore.com\/fr\/wp-json\/wp\/v2\/acabado?post=11286"},{"taxonomy":"balance","embeddable":true,"href":"https:\/\/revolutionpadelstore.com\/fr\/wp-json\/wp\/v2\/balance?post=11286"},{"taxonomy":"dureza","embeddable":true,"href":"https:\/\/revolutionpadelstore.com\/fr\/wp-json\/wp\/v2\/dureza?post=11286"},{"taxonomy":"forma","embeddable":true,"href":"https:\/\/revolutionpadelstore.com\/fr\/wp-json\/wp\/v2\/forma?post=11286"},{"taxonomy":"jugador","embeddable":true,"href":"https:\/\/revolutionpadelstore.com\/fr\/wp-json\/wp\/v2\/jugador?post=11286"},{"taxonomy":"marca","embeddable":true,"href":"https:\/\/revolutionpadelstore.com\/fr\/wp-json\/wp\/v2\/marca?post=11286"},{"taxonomy":"nivel-de-juego","embeddable":true,"href":"https:\/\/revolutionpadelstore.com\/fr\/wp-json\/wp\/v2\/nivel-de-juego?post=11286"},{"taxonomy":"superficie","embeddable":true,"href":"https:\/\/revolutionpadelstore.com\/fr\/wp-json\/wp\/v2\/superficie?post=11286"},{"taxonomy":"tipo-de-juego","embeddable":true,"href":"https:\/\/revolutionpadelstore.com\/fr\/wp-json\/wp\/v2\/tipo-de-juego?post=11286"},{"taxonomy":"product_brand","embeddable":true,"href":"https:\/\/revolutionpadelstore.com\/fr\/wp-json\/wp\/v2\/product_brand?post=11286"},{"taxonomy":"product_cat","embeddable":true,"href":"https:\/\/revolutionpadelstore.com\/fr\/wp-json\/wp\/v2\/product_cat?post=11286"},{"taxonomy":"product_tag","embeddable":true,"href":"https:\/\/revolutionpadelstore.com\/fr\/wp-json\/wp\/v2\/product_tag?post=11286"}],"curies":[{"name":"wp","href":"https:\/\/api.w.org\/{rel}","templated":true}]}}