{"id":11163,"date":"2024-06-17T23:43:03","date_gmt":"2024-06-17T21:43:03","guid":{"rendered":"https:\/\/revolutionpadelstore.com\/head-extreme-motion-ltd-paula-josemaria\/"},"modified":"2026-04-12T02:01:53","modified_gmt":"2026-04-12T00:01:53","slug":"head-extreme-motion-ltd-paula-josemaria-3","status":"publish","type":"product","link":"https:\/\/revolutionpadelstore.com\/fr\/produit\/head-extreme-motion-ltd-paula-josemaria-3\/","title":{"rendered":"HEAD EXTREME MOTION LTD \u2013 PAULA JOSEMAR\u00cdA"},"content":{"rendered":"<p>Bas\u00e9e sur le mod\u00e8le Extreme Motion, avec les m\u00eames caract\u00e9ristiques et technologies, la raquette EXTREME MOTION LTD PAULA JOSEMAR\u00cdA dans son \u00e9dition limit\u00e9e int\u00e8gre un design exclusif pour le num\u00e9ro 1 mondial, \u00ab Paulita Dinamita \u00bb. Son caract\u00e8re dynamite a \u00e9t\u00e9 incorpor\u00e9 dans le design de la lame, ainsi que dans le motif \u00e0 effet sur l&#8217;autocollant 3D. En tant que co-conceptrice, Paula a choisi les couleurs de cette raquette en \u00e9dition limit\u00e9e, qui reprend son design \u00e9l\u00e9gant et exclusif. Cette raquette, r\u00e9alis\u00e9e avec un moule en forme de diamant, est parfaite pour les joueurs confirm\u00e9s et professionnels \u00e0 la recherche d&#8217;une raquette avec une puissance maniable.<\/p>\n<p>\u00b7 \u00c9dition limit\u00e9e co-con\u00e7ue par la num\u00e9ro un mondiale, Paula Josemar\u00eda<br \/>\n\u00b7 Couleurs \u00e9l\u00e9gantes et exclusives choisies par Paula<br \/>\n\u00b7 Design avec la signature de Paula et le personnage de \u00ab Paulita Dinamita \u00bb<br \/>\n\u00b7 Con\u00e7u pour les joueurs avanc\u00e9s et professionnels recherchant puissance et maniabilit\u00e9<br \/>\n\u00b7 Moule en forme de diamant<br \/>\n\u00b7 Bas\u00e9 sur le mod\u00e8le Extreme Motion, avec les m\u00eames fonctionnalit\u00e9s et technologies<br \/>\n\u00b7 Comprend pour la premi\u00e8re fois l&#8217;accessoire Pro Spin Strips, de nouvelles bandes adh\u00e9sives avec une surface rugueuse pour g\u00e9n\u00e9rer plus d&#8217;adh\u00e9rence et d&#8217;effet de balle<\/p>\n<p>TECHNOLOGIES<\/p>\n<p>La construction aux\u00e9tique pr\u00e9sente une d\u00e9formation unique par rapport aux constructions non aux\u00e9tiques. Les constructions aux\u00e9tiques s&#8217;\u00e9largissent lorsqu&#8217;une force de \u00ab traction \u00bb est appliqu\u00e9e et se contractent lorsqu&#8217;elles sont press\u00e9es. Plus la force appliqu\u00e9e est grande, plus la r\u00e9action aux\u00e9tique est importante.<\/p>\n<p>Le caoutchouc POWER FOAM est con\u00e7u pour atteindre une puissance et une r\u00e9sistance maximales, am\u00e9liorant ainsi les coups offensifs tels que Smash, X3 ou X4.<\/p>\n<p>EXTREME SPIN est une technologie de d\u00e9calcomanie 3D grossi\u00e8re qui maximise la rotation et l&#8217;adh\u00e9rence sur la balle.<\/p>\n<p>La technologie OPTIMIZED SWEET SPOT adapte la configuration des trous \u00e0 chaque lame pour \u00e9largir la zone de sweet spot.<\/p>\n<p>La technologie SMART BRIDGE consiste en la construction individualis\u00e9e de la zone du pont incluse dans le moule, s&#8217;adaptant aux caract\u00e9ristiques de chaque raquette en fonction de sa jouabilit\u00e9.<\/p>\n<p>Comme il ne poss\u00e8de pas de tubulaire, le cadre de la raquette est m\u00e9ticuleusement con\u00e7u et construit sur mesure pour chaque raquette pour des performances optimales, permettant de maximiser les performances de chaque raquette.<\/p>\n<p>La nouvelle casquette est faite d&#8217;un mat\u00e9riau souple qui offre une prise confortable et douce.<\/p>\n<p>Avec une finition orange, il sert \u00e0 r\u00e9duire les vibrations et la pression, \u00e9vitant ainsi les blessures et les ampoules aux mains.<\/p>\n<p>Protecteur transparent qui augmente la durabilit\u00e9 de la raquette, la prot\u00e9geant des chocs et des rayures. Il peut \u00e9galement \u00eatre remplac\u00e9 facilement, maximisant ainsi sa dur\u00e9e de vie.<\/p>\n<p>Le graph\u00e8ne renforce le cadre, offre une plus grande stabilit\u00e9 et optimise la sortie de balle.<\/p>\n","protected":false},"excerpt":{"rendered":"<p>La raquette EXTREME MOTION LTD PAULA JOSEMAR\u00cdA en \u00e9dition limit\u00e9e s&#8217;engage dans un design exclusif et \u00e9l\u00e9gant, avec des d\u00e9tails uniques, pour &#8216;Paulita Dinamita&#8217;, num\u00e9ro 1 mondial.<\/p>\n","protected":false},"featured_media":293079,"comment_status":"open","ping_status":"closed","template":"","meta":{"_acf_changed":false,"_joinchat":[]},"acabado":[1092],"balance":[1137,1142],"dureza":[1162,1157],"forma":[1172],"jugador":[1197],"marca":[1222],"nivel-de-juego":[1337],"superficie":[1362],"tipo-de-juego":[1377],"product_brand":[],"product_cat":[302],"product_tag":[],"class_list":{"0":"post-11163","1":"product","2":"type-product","3":"status-publish","4":"has-post-thumbnail","6":"acabado-soulager-la-3d","7":"balance-eleve","8":"balance-moyen","9":"dureza-dure","10":"dureza-media-fr","11":"forma-diamant","12":"jugador-mujer-fr","13":"marca-tete","14":"superficie-rugosa-fr","15":"tipo-de-juego-puissance","16":"product_cat-palas-de-padel-fr","18":"first","19":"instock","20":"sale","21":"taxable","22":"shipping-taxable","23":"purchasable","24":"product-type-simple"},"acf":[],"yoast_head":"<!-- This site is optimized with the Yoast SEO plugin v27.4 - https:\/\/yoast.com\/product\/yoast-seo-wordpress\/ -->\n<title>HEAD EXTREME MOTION LTD \u2013 PAULA JOSEMAR\u00cdA - Revolution Padel Store<\/title>\n<meta name=\"description\" content=\"La pala EXTREME MOTION LTD PAULA JOSEMAR\u00cdA de edici\u00f3n limitada apuesta por un dise\u00f1o exclusivo y elegante, con detalles \u00fanicos, para &#039;Paulita Dinamita&#039;, n\u00famero 1 del mundo.\" \/>\n<meta name=\"robots\" content=\"index, follow, max-snippet:-1, max-image-preview:large, max-video-preview:-1\" \/>\n<link rel=\"canonical\" href=\"https:\/\/revolutionpadelstore.com\/fr\/produit\/head-extreme-motion-ltd-paula-josemaria-3\/\" \/>\n<meta property=\"og:locale\" content=\"fr_FR\" \/>\n<meta property=\"og:type\" content=\"article\" \/>\n<meta property=\"og:title\" content=\"COMPRAR HEAD EXTREME MOTION LTD - PAULA JOSEMAR\u00cdA\" \/>\n<meta property=\"og:description\" content=\"La pala EXTREME MOTION LTD PAULA JOSEMAR\u00cdA de edici\u00f3n limitada apuesta por un dise\u00f1o exclusivo y elegante, con detalles \u00fanicos, para &#039;Paulita Dinamita&#039;, n\u00famero 1 del mundo.\" \/>\n<meta property=\"og:url\" content=\"https:\/\/revolutionpadelstore.com\/fr\/produit\/head-extreme-motion-ltd-paula-josemaria-3\/\" \/>\n<meta property=\"og:site_name\" content=\"Revolution Padel Store\" \/>\n<meta property=\"article:modified_time\" content=\"2026-04-12T00:01:53+00:00\" \/>\n<meta property=\"og:image\" content=\"https:\/\/revolutionpadelstore.com\/wp-content\/uploads\/2024\/06\/496.png\" \/>\n\t<meta property=\"og:image:width\" content=\"1500\" \/>\n\t<meta property=\"og:image:height\" content=\"1500\" \/>\n\t<meta property=\"og:image:type\" content=\"image\/png\" \/>\n<meta name=\"twitter:card\" content=\"summary_large_image\" \/>\n<meta name=\"twitter:label1\" content=\"Dur\u00e9e de lecture estim\u00e9e\" \/>\n\t<meta name=\"twitter:data1\" content=\"3 minutes\" \/>\n<script type=\"application\/ld+json\" class=\"yoast-schema-graph\">{\"@context\":\"https:\\\/\\\/schema.org\",\"@graph\":[{\"@type\":\"WebPage\",\"@id\":\"https:\\\/\\\/revolutionpadelstore.com\\\/fr\\\/produit\\\/head-extreme-motion-ltd-paula-josemaria-3\\\/\",\"url\":\"https:\\\/\\\/revolutionpadelstore.com\\\/fr\\\/produit\\\/head-extreme-motion-ltd-paula-josemaria-3\\\/\",\"name\":\"HEAD EXTREME MOTION LTD \u2013 PAULA JOSEMAR\u00cdA - Revolution Padel Store\",\"isPartOf\":{\"@id\":\"https:\\\/\\\/revolutionpadelstore.com\\\/fr\\\/#website\"},\"primaryImageOfPage\":{\"@id\":\"https:\\\/\\\/revolutionpadelstore.com\\\/fr\\\/produit\\\/head-extreme-motion-ltd-paula-josemaria-3\\\/#primaryimage\"},\"image\":{\"@id\":\"https:\\\/\\\/revolutionpadelstore.com\\\/fr\\\/produit\\\/head-extreme-motion-ltd-paula-josemaria-3\\\/#primaryimage\"},\"thumbnailUrl\":\"https:\\\/\\\/revolutionpadelstore.com\\\/wp-content\\\/uploads\\\/2024\\\/06\\\/496.png\",\"datePublished\":\"2024-06-17T21:43:03+00:00\",\"dateModified\":\"2026-04-12T00:01:53+00:00\",\"description\":\"La pala EXTREME MOTION LTD PAULA JOSEMAR\u00cdA de edici\u00f3n limitada apuesta por un dise\u00f1o exclusivo y elegante, con detalles \u00fanicos, para 'Paulita Dinamita', n\u00famero 1 del mundo.\",\"breadcrumb\":{\"@id\":\"https:\\\/\\\/revolutionpadelstore.com\\\/fr\\\/produit\\\/head-extreme-motion-ltd-paula-josemaria-3\\\/#breadcrumb\"},\"inLanguage\":\"fr-FR\",\"potentialAction\":[{\"@type\":\"ReadAction\",\"target\":[\"https:\\\/\\\/revolutionpadelstore.com\\\/fr\\\/produit\\\/head-extreme-motion-ltd-paula-josemaria-3\\\/\"]}]},{\"@type\":\"ImageObject\",\"inLanguage\":\"fr-FR\",\"@id\":\"https:\\\/\\\/revolutionpadelstore.com\\\/fr\\\/produit\\\/head-extreme-motion-ltd-paula-josemaria-3\\\/#primaryimage\",\"url\":\"https:\\\/\\\/revolutionpadelstore.com\\\/wp-content\\\/uploads\\\/2024\\\/06\\\/496.png\",\"contentUrl\":\"https:\\\/\\\/revolutionpadelstore.com\\\/wp-content\\\/uploads\\\/2024\\\/06\\\/496.png\",\"width\":1500,\"height\":1500},{\"@type\":\"BreadcrumbList\",\"@id\":\"https:\\\/\\\/revolutionpadelstore.com\\\/fr\\\/produit\\\/head-extreme-motion-ltd-paula-josemaria-3\\\/#breadcrumb\",\"itemListElement\":[{\"@type\":\"ListItem\",\"position\":1,\"name\":\"Portada\",\"item\":\"https:\\\/\\\/revolutionpadelstore.com\\\/fr\\\/\"},{\"@type\":\"ListItem\",\"position\":2,\"name\":\"Boutique\",\"item\":\"https:\\\/\\\/revolutionpadelstore.com\\\/fr\\\/tienda\\\/\"},{\"@type\":\"ListItem\",\"position\":3,\"name\":\"HEAD EXTREME MOTION LTD \u2013 PAULA JOSEMAR\u00cdA\"}]},{\"@type\":\"WebSite\",\"@id\":\"https:\\\/\\\/revolutionpadelstore.com\\\/fr\\\/#website\",\"url\":\"https:\\\/\\\/revolutionpadelstore.com\\\/fr\\\/\",\"name\":\"Revolution Padel Store\",\"description\":\"\",\"publisher\":{\"@id\":\"https:\\\/\\\/revolutionpadelstore.com\\\/fr\\\/#organization\"},\"potentialAction\":[{\"@type\":\"SearchAction\",\"target\":{\"@type\":\"EntryPoint\",\"urlTemplate\":\"https:\\\/\\\/revolutionpadelstore.com\\\/fr\\\/?s={search_term_string}\"},\"query-input\":{\"@type\":\"PropertyValueSpecification\",\"valueRequired\":true,\"valueName\":\"search_term_string\"}}],\"inLanguage\":\"fr-FR\"},{\"@type\":\"Organization\",\"@id\":\"https:\\\/\\\/revolutionpadelstore.com\\\/fr\\\/#organization\",\"name\":\"Revolution Padel Store\",\"url\":\"https:\\\/\\\/revolutionpadelstore.com\\\/fr\\\/\",\"logo\":{\"@type\":\"ImageObject\",\"inLanguage\":\"fr-FR\",\"@id\":\"https:\\\/\\\/revolutionpadelstore.com\\\/fr\\\/#\\\/schema\\\/logo\\\/image\\\/\",\"url\":\"https:\\\/\\\/revolutionpadelstore.com\\\/wp-content\\\/uploads\\\/2026\\\/02\\\/revolution-padel-store.jpg\",\"contentUrl\":\"https:\\\/\\\/revolutionpadelstore.com\\\/wp-content\\\/uploads\\\/2026\\\/02\\\/revolution-padel-store.jpg\",\"width\":2000,\"height\":2000,\"caption\":\"Revolution Padel Store\"},\"image\":{\"@id\":\"https:\\\/\\\/revolutionpadelstore.com\\\/fr\\\/#\\\/schema\\\/logo\\\/image\\\/\"},\"sameAs\":[\"https:\\\/\\\/www.instagram.com\\\/revolutionpadelstore\\\/\"]}]}<\/script>\n<!-- \/ Yoast SEO plugin. -->","yoast_head_json":{"title":"HEAD EXTREME MOTION LTD \u2013 PAULA JOSEMAR\u00cdA - Revolution Padel Store","description":"La pala EXTREME MOTION LTD PAULA JOSEMAR\u00cdA de edici\u00f3n limitada apuesta por un dise\u00f1o exclusivo y elegante, con detalles \u00fanicos, para 'Paulita Dinamita', n\u00famero 1 del mundo.","robots":{"index":"index","follow":"follow","max-snippet":"max-snippet:-1","max-image-preview":"max-image-preview:large","max-video-preview":"max-video-preview:-1"},"canonical":"https:\/\/revolutionpadelstore.com\/fr\/produit\/head-extreme-motion-ltd-paula-josemaria-3\/","og_locale":"fr_FR","og_type":"article","og_title":"COMPRAR HEAD EXTREME MOTION LTD - PAULA JOSEMAR\u00cdA","og_description":"La pala EXTREME MOTION LTD PAULA JOSEMAR\u00cdA de edici\u00f3n limitada apuesta por un dise\u00f1o exclusivo y elegante, con detalles \u00fanicos, para 'Paulita Dinamita', n\u00famero 1 del mundo.","og_url":"https:\/\/revolutionpadelstore.com\/fr\/produit\/head-extreme-motion-ltd-paula-josemaria-3\/","og_site_name":"Revolution Padel Store","article_modified_time":"2026-04-12T00:01:53+00:00","og_image":[{"width":1500,"height":1500,"url":"https:\/\/revolutionpadelstore.com\/wp-content\/uploads\/2024\/06\/496.png","type":"image\/png"}],"twitter_card":"summary_large_image","twitter_misc":{"Dur\u00e9e de lecture estim\u00e9e":"3 minutes"},"schema":{"@context":"https:\/\/schema.org","@graph":[{"@type":"WebPage","@id":"https:\/\/revolutionpadelstore.com\/fr\/produit\/head-extreme-motion-ltd-paula-josemaria-3\/","url":"https:\/\/revolutionpadelstore.com\/fr\/produit\/head-extreme-motion-ltd-paula-josemaria-3\/","name":"HEAD EXTREME MOTION LTD \u2013 PAULA JOSEMAR\u00cdA - Revolution Padel Store","isPartOf":{"@id":"https:\/\/revolutionpadelstore.com\/fr\/#website"},"primaryImageOfPage":{"@id":"https:\/\/revolutionpadelstore.com\/fr\/produit\/head-extreme-motion-ltd-paula-josemaria-3\/#primaryimage"},"image":{"@id":"https:\/\/revolutionpadelstore.com\/fr\/produit\/head-extreme-motion-ltd-paula-josemaria-3\/#primaryimage"},"thumbnailUrl":"https:\/\/revolutionpadelstore.com\/wp-content\/uploads\/2024\/06\/496.png","datePublished":"2024-06-17T21:43:03+00:00","dateModified":"2026-04-12T00:01:53+00:00","description":"La pala EXTREME MOTION LTD PAULA JOSEMAR\u00cdA de edici\u00f3n limitada apuesta por un dise\u00f1o exclusivo y elegante, con detalles \u00fanicos, para 'Paulita Dinamita', n\u00famero 1 del mundo.","breadcrumb":{"@id":"https:\/\/revolutionpadelstore.com\/fr\/produit\/head-extreme-motion-ltd-paula-josemaria-3\/#breadcrumb"},"inLanguage":"fr-FR","potentialAction":[{"@type":"ReadAction","target":["https:\/\/revolutionpadelstore.com\/fr\/produit\/head-extreme-motion-ltd-paula-josemaria-3\/"]}]},{"@type":"ImageObject","inLanguage":"fr-FR","@id":"https:\/\/revolutionpadelstore.com\/fr\/produit\/head-extreme-motion-ltd-paula-josemaria-3\/#primaryimage","url":"https:\/\/revolutionpadelstore.com\/wp-content\/uploads\/2024\/06\/496.png","contentUrl":"https:\/\/revolutionpadelstore.com\/wp-content\/uploads\/2024\/06\/496.png","width":1500,"height":1500},{"@type":"BreadcrumbList","@id":"https:\/\/revolutionpadelstore.com\/fr\/produit\/head-extreme-motion-ltd-paula-josemaria-3\/#breadcrumb","itemListElement":[{"@type":"ListItem","position":1,"name":"Portada","item":"https:\/\/revolutionpadelstore.com\/fr\/"},{"@type":"ListItem","position":2,"name":"Boutique","item":"https:\/\/revolutionpadelstore.com\/fr\/tienda\/"},{"@type":"ListItem","position":3,"name":"HEAD EXTREME MOTION LTD \u2013 PAULA JOSEMAR\u00cdA"}]},{"@type":"WebSite","@id":"https:\/\/revolutionpadelstore.com\/fr\/#website","url":"https:\/\/revolutionpadelstore.com\/fr\/","name":"Revolution Padel Store","description":"","publisher":{"@id":"https:\/\/revolutionpadelstore.com\/fr\/#organization"},"potentialAction":[{"@type":"SearchAction","target":{"@type":"EntryPoint","urlTemplate":"https:\/\/revolutionpadelstore.com\/fr\/?s={search_term_string}"},"query-input":{"@type":"PropertyValueSpecification","valueRequired":true,"valueName":"search_term_string"}}],"inLanguage":"fr-FR"},{"@type":"Organization","@id":"https:\/\/revolutionpadelstore.com\/fr\/#organization","name":"Revolution Padel Store","url":"https:\/\/revolutionpadelstore.com\/fr\/","logo":{"@type":"ImageObject","inLanguage":"fr-FR","@id":"https:\/\/revolutionpadelstore.com\/fr\/#\/schema\/logo\/image\/","url":"https:\/\/revolutionpadelstore.com\/wp-content\/uploads\/2026\/02\/revolution-padel-store.jpg","contentUrl":"https:\/\/revolutionpadelstore.com\/wp-content\/uploads\/2026\/02\/revolution-padel-store.jpg","width":2000,"height":2000,"caption":"Revolution Padel Store"},"image":{"@id":"https:\/\/revolutionpadelstore.com\/fr\/#\/schema\/logo\/image\/"},"sameAs":["https:\/\/www.instagram.com\/revolutionpadelstore\/"]}]}},"_links":{"self":[{"href":"https:\/\/revolutionpadelstore.com\/fr\/wp-json\/wp\/v2\/product\/11163","targetHints":{"allow":["GET"]}}],"collection":[{"href":"https:\/\/revolutionpadelstore.com\/fr\/wp-json\/wp\/v2\/product"}],"about":[{"href":"https:\/\/revolutionpadelstore.com\/fr\/wp-json\/wp\/v2\/types\/product"}],"replies":[{"embeddable":true,"href":"https:\/\/revolutionpadelstore.com\/fr\/wp-json\/wp\/v2\/comments?post=11163"}],"wp:featuredmedia":[{"embeddable":true,"href":"https:\/\/revolutionpadelstore.com\/fr\/wp-json\/wp\/v2\/media\/293079"}],"wp:attachment":[{"href":"https:\/\/revolutionpadelstore.com\/fr\/wp-json\/wp\/v2\/media?parent=11163"}],"wp:term":[{"taxonomy":"acabado","embeddable":true,"href":"https:\/\/revolutionpadelstore.com\/fr\/wp-json\/wp\/v2\/acabado?post=11163"},{"taxonomy":"balance","embeddable":true,"href":"https:\/\/revolutionpadelstore.com\/fr\/wp-json\/wp\/v2\/balance?post=11163"},{"taxonomy":"dureza","embeddable":true,"href":"https:\/\/revolutionpadelstore.com\/fr\/wp-json\/wp\/v2\/dureza?post=11163"},{"taxonomy":"forma","embeddable":true,"href":"https:\/\/revolutionpadelstore.com\/fr\/wp-json\/wp\/v2\/forma?post=11163"},{"taxonomy":"jugador","embeddable":true,"href":"https:\/\/revolutionpadelstore.com\/fr\/wp-json\/wp\/v2\/jugador?post=11163"},{"taxonomy":"marca","embeddable":true,"href":"https:\/\/revolutionpadelstore.com\/fr\/wp-json\/wp\/v2\/marca?post=11163"},{"taxonomy":"nivel-de-juego","embeddable":true,"href":"https:\/\/revolutionpadelstore.com\/fr\/wp-json\/wp\/v2\/nivel-de-juego?post=11163"},{"taxonomy":"superficie","embeddable":true,"href":"https:\/\/revolutionpadelstore.com\/fr\/wp-json\/wp\/v2\/superficie?post=11163"},{"taxonomy":"tipo-de-juego","embeddable":true,"href":"https:\/\/revolutionpadelstore.com\/fr\/wp-json\/wp\/v2\/tipo-de-juego?post=11163"},{"taxonomy":"product_brand","embeddable":true,"href":"https:\/\/revolutionpadelstore.com\/fr\/wp-json\/wp\/v2\/product_brand?post=11163"},{"taxonomy":"product_cat","embeddable":true,"href":"https:\/\/revolutionpadelstore.com\/fr\/wp-json\/wp\/v2\/product_cat?post=11163"},{"taxonomy":"product_tag","embeddable":true,"href":"https:\/\/revolutionpadelstore.com\/fr\/wp-json\/wp\/v2\/product_tag?post=11163"}],"curies":[{"name":"wp","href":"https:\/\/api.w.org\/{rel}","templated":true}]}}