{"id":11135,"date":"2024-06-18T00:00:24","date_gmt":"2024-06-17T22:00:24","guid":{"rendered":"https:\/\/revolutionpadelstore.com\/head-extreme-pro-ltd-arturo-coello\/"},"modified":"2026-04-08T11:18:17","modified_gmt":"2026-04-08T09:18:17","slug":"head-extreme-pro-ltd-arturo-coello","status":"publish","type":"product","link":"https:\/\/revolutionpadelstore.com\/fr\/produit\/head-extreme-pro-ltd-arturo-coello\/","title":{"rendered":"HEAD EXTREME PRO LTD \u2013 ARTURO COELLO"},"content":{"rendered":"<p>Bas\u00e9e sur le mod\u00e8le Extreme Pro, avec les m\u00eames caract\u00e9ristiques et technologies, la raquette EXTREME PRO LTD ARTURO COELLO dans son \u00e9dition limit\u00e9e arbore un design exclusif choisi par Arturo Coello, qui met en valeur son esth\u00e9tique \u00e9l\u00e9gante et exclusive. Pour une image et un look vraiment haut de gamme, le design comprend la signature d&#8217;Arturo. Cette raquette en forme de diamant combine un design unique avec une puissance extr\u00eame, ce qui la rend parfaite pour les joueurs experts et professionnels.<\/p>\n<p>\u00b7 \u00c9dition limit\u00e9e co-con\u00e7ue par le num\u00e9ro 1 mondial, Arturo Coello<br \/>\n\u00b7 Couleurs \u00e9l\u00e9gantes et exclusives choisies par Arturo<br \/>\n\u00b7 Conception avec la signature d&#8217;Arturo<br \/>\n\u00b7 Con\u00e7u pour les joueurs exp\u00e9riment\u00e9s et les professionnels en qu\u00eate de puissance<br \/>\n\u00b7 Moule en forme de diamant<br \/>\n\u00b7 Bas\u00e9 sur le mod\u00e8le Extreme Pro, avec les m\u00eames sp\u00e9cifications et technologies<br \/>\n\u00b7 Comprend pour la premi\u00e8re fois l&#8217;accessoire Pro Spin Strips, de nouvelles bandes adh\u00e9sives avec une surface rugueuse pour g\u00e9n\u00e9rer plus d&#8217;adh\u00e9rence et d&#8217;effet de balle<\/p>\n<p>TECHNOLOGIES<\/p>\n<p>La construction aux\u00e9tique pr\u00e9sente une d\u00e9formation unique par rapport aux constructions non aux\u00e9tiques. Les constructions aux\u00e9tiques s&#8217;\u00e9largissent lorsqu&#8217;une force de \u00ab traction \u00bb est appliqu\u00e9e et se contractent lorsqu&#8217;elles sont press\u00e9es. Plus la force appliqu\u00e9e est grande, plus la r\u00e9action aux\u00e9tique est importante.<\/p>\n<p>Le caoutchouc POWER FOAM est con\u00e7u pour atteindre une puissance et une r\u00e9sistance maximales, am\u00e9liorant ainsi les coups offensifs tels que Smash, X3 ou X4.<\/p>\n<p>EXTREME SPIN est une technologie de d\u00e9calcomanie 3D grossi\u00e8re qui maximise la rotation et l&#8217;adh\u00e9rence sur la balle.<\/p>\n<p>La technologie OPTIMIZED SWEET SPOT adapte la configuration des trous \u00e0 chaque lame pour \u00e9largir la zone de sweet spot.<\/p>\n<p>La technologie SMART BRIDGE consiste en la construction individualis\u00e9e de la zone du pont incluse dans le moule, s&#8217;adaptant aux caract\u00e9ristiques de chaque raquette en fonction de sa jouabilit\u00e9.<\/p>\n<p>Comme il ne poss\u00e8de pas de tubulaire, le cadre de la raquette est m\u00e9ticuleusement con\u00e7u et construit sur mesure pour chaque raquette pour des performances optimales, permettant de maximiser les performances de chaque raquette.<\/p>\n<p>La nouvelle casquette est faite d&#8217;un mat\u00e9riau souple qui offre une prise confortable et douce. Avec une finition orange, il sert \u00e0 r\u00e9duire les vibrations et la pression, \u00e9vitant ainsi les blessures et les ampoules aux mains.<\/p>\n<p>ANTI SHOCK SKIN PADEL Protecteur transparent qui augmente la durabilit\u00e9 de la raquette, la prot\u00e9geant des chocs et des rayures. Il peut \u00e9galement \u00eatre facilement remplac\u00e9, maximisant ainsi sa dur\u00e9e de vie.<\/p>\n<p>Le graph\u00e8ne renforce le cadre, offre une plus grande stabilit\u00e9 et optimise la sortie de balle.<\/p>\n<div id=\"maincontent\" class=\"page-main\">\n<div class=\"colonnes\">\n<div class=\"product-view\">\n<div class=\"product-info-cms\">\n<div class=\"product-info-tabs\">\n<div id=\"product-tabs\" class=\"\u00e9l\u00e9ments de donn\u00e9es produit\" role=\"tablist\">\n<h3 role=\"tab\" data-role=\"collapsible\" data-collapsible=\"true\" aria-controls=\"tab-delivery-and-returns\" aria-expanded=\"false\"><\/h3>\n<\/div>\n<\/div>\n<\/div>\n<\/div>\n<div id=\"custom-popup-redirect-propose\" data-bind=\"scope: 'geoipCountryRedirect'\"><\/div>\n<div class=\"emarsys-snippets\"><\/div>\n<\/div>\n<\/div>\n<footer class=\"page-footer\">\n<div class=\"pied de page contenu\">\n<div id=\"footer-newsletter\" class=\"background-image-6670afd968dc3\" data-content-type=\"row\" data-looking=\"full-width\" data-enable-parallax=\"0\" data-parallax-speed=\"0.5\" data-background-type=\"image\" data-video-loop=\"vrai\" data-video-play-only-visible=\"true\" data-video-lazy-load=\"true\" data-video-fallback-src=\"\" data-gtm-label=\"\" data-element=\" principal\">\n<div class=\"row-full-width-inner\" data-element=\"inner\"><\/div>\n<\/div>\n<\/div>\n<h3 role=\"tab\" data-role=\"collapsible\" data-collapsible=\"true\" aria-controls=\"tab-delivery-and-returns\" aria-expanded=\"false\"><\/h3>\n","protected":false},"excerpt":{"rendered":"<p>La raquette EXTREME PRO LTD ARTURO COELLO en \u00e9dition limit\u00e9e s&#8217;engage dans un design exclusif et \u00e9l\u00e9gant pour le joueur num\u00e9ro 1 mondial, Arturo Coello.<\/p>\n","protected":false},"featured_media":11136,"comment_status":"open","ping_status":"closed","template":"","meta":{"_acf_changed":false,"_joinchat":[]},"acabado":[1092],"balance":[1137],"dureza":[1162],"forma":[1172],"jugador":[1192,1202],"marca":[1222],"nivel-de-juego":[1337],"superficie":[1362],"tipo-de-juego":[1377],"product_brand":[],"product_cat":[302],"product_tag":[],"class_list":{"0":"post-11135","1":"product","2":"type-product","3":"status-publish","4":"has-post-thumbnail","6":"acabado-soulager-la-3d","7":"balance-eleve","8":"dureza-dure","9":"forma-diamant","10":"jugador-homme","11":"jugador-polivalente-fr","12":"marca-tete","13":"superficie-rugosa-fr","14":"tipo-de-juego-puissance","15":"product_cat-palas-de-padel-fr","17":"first","18":"instock","19":"sale","20":"taxable","21":"shipping-taxable","22":"purchasable","23":"product-type-simple"},"acf":[],"yoast_head":"<!-- This site is optimized with the Yoast SEO plugin v27.4 - https:\/\/yoast.com\/product\/yoast-seo-wordpress\/ -->\n<title>HEAD EXTREME PRO LTD \u2013 ARTURO COELLO - Revolution Padel Store<\/title>\n<meta name=\"description\" content=\"Basada en el modelo Extreme Pro, con las mismas prestaciones y tecnolog\u00edas, la pala EXTREME PRO LTD ARTURO COELLO en su edici\u00f3n limitada luce un dise\u00f1o exclusivo elegido por Arturo Coello, lo que realza su est\u00e9tica elegante y exclusiva. Para una imagen y un look realmente pr\u00e9mium, el dise\u00f1o incluye la firma de Arturo. Esta pala en forma de diamante combina un dise\u00f1o \u00fanico con una potencia extrema, por lo que es perfecta para jugadores expertos y profesionales.\" \/>\n<meta name=\"robots\" content=\"index, follow, max-snippet:-1, max-image-preview:large, max-video-preview:-1\" \/>\n<link rel=\"canonical\" href=\"https:\/\/revolutionpadelstore.com\/fr\/produit\/head-extreme-pro-ltd-arturo-coello\/\" \/>\n<meta property=\"og:locale\" content=\"fr_FR\" \/>\n<meta property=\"og:type\" content=\"article\" \/>\n<meta property=\"og:title\" content=\"COMPRAR HEAD EXTREME PRO LTD - ARTURO COELLO\" \/>\n<meta property=\"og:description\" content=\"Basada en el modelo Extreme Pro, con las mismas prestaciones y tecnolog\u00edas, la pala EXTREME PRO LTD ARTURO COELLO en su edici\u00f3n limitada luce un dise\u00f1o exclusivo elegido por Arturo Coello, lo que realza su est\u00e9tica elegante y exclusiva. Para una imagen y un look realmente pr\u00e9mium, el dise\u00f1o incluye la firma de Arturo. Esta pala en forma de diamante combina un dise\u00f1o \u00fanico con una potencia extrema, por lo que es perfecta para jugadores expertos y profesionales.\" \/>\n<meta property=\"og:url\" content=\"https:\/\/revolutionpadelstore.com\/fr\/produit\/head-extreme-pro-ltd-arturo-coello\/\" \/>\n<meta property=\"og:site_name\" content=\"Revolution Padel Store\" \/>\n<meta property=\"article:modified_time\" content=\"2026-04-08T09:18:17+00:00\" \/>\n<meta property=\"og:image\" content=\"https:\/\/revolutionpadelstore.com\/wp-content\/uploads\/2024\/06\/extreme-pro-ltd.jpg\" \/>\n\t<meta property=\"og:image:width\" content=\"768\" \/>\n\t<meta property=\"og:image:height\" content=\"768\" \/>\n\t<meta property=\"og:image:type\" content=\"image\/jpeg\" \/>\n<meta name=\"twitter:card\" content=\"summary_large_image\" \/>\n<meta name=\"twitter:label1\" content=\"Dur\u00e9e de lecture estim\u00e9e\" \/>\n\t<meta name=\"twitter:data1\" content=\"3 minutes\" \/>\n<script type=\"application\/ld+json\" class=\"yoast-schema-graph\">{\"@context\":\"https:\\\/\\\/schema.org\",\"@graph\":[{\"@type\":\"WebPage\",\"@id\":\"https:\\\/\\\/revolutionpadelstore.com\\\/fr\\\/produit\\\/head-extreme-pro-ltd-arturo-coello\\\/\",\"url\":\"https:\\\/\\\/revolutionpadelstore.com\\\/fr\\\/produit\\\/head-extreme-pro-ltd-arturo-coello\\\/\",\"name\":\"HEAD EXTREME PRO LTD \u2013 ARTURO COELLO - Revolution Padel Store\",\"isPartOf\":{\"@id\":\"https:\\\/\\\/revolutionpadelstore.com\\\/fr\\\/#website\"},\"primaryImageOfPage\":{\"@id\":\"https:\\\/\\\/revolutionpadelstore.com\\\/fr\\\/produit\\\/head-extreme-pro-ltd-arturo-coello\\\/#primaryimage\"},\"image\":{\"@id\":\"https:\\\/\\\/revolutionpadelstore.com\\\/fr\\\/produit\\\/head-extreme-pro-ltd-arturo-coello\\\/#primaryimage\"},\"thumbnailUrl\":\"https:\\\/\\\/revolutionpadelstore.com\\\/wp-content\\\/uploads\\\/2024\\\/06\\\/extreme-pro-ltd.jpg\",\"datePublished\":\"2024-06-17T22:00:24+00:00\",\"dateModified\":\"2026-04-08T09:18:17+00:00\",\"description\":\"Basada en el modelo Extreme Pro, con las mismas prestaciones y tecnolog\u00edas, la pala EXTREME PRO LTD ARTURO COELLO en su edici\u00f3n limitada luce un dise\u00f1o exclusivo elegido por Arturo Coello, lo que realza su est\u00e9tica elegante y exclusiva. Para una imagen y un look realmente pr\u00e9mium, el dise\u00f1o incluye la firma de Arturo. Esta pala en forma de diamante combina un dise\u00f1o \u00fanico con una potencia extrema, por lo que es perfecta para jugadores expertos y profesionales.\",\"breadcrumb\":{\"@id\":\"https:\\\/\\\/revolutionpadelstore.com\\\/fr\\\/produit\\\/head-extreme-pro-ltd-arturo-coello\\\/#breadcrumb\"},\"inLanguage\":\"fr-FR\",\"potentialAction\":[{\"@type\":\"ReadAction\",\"target\":[\"https:\\\/\\\/revolutionpadelstore.com\\\/fr\\\/produit\\\/head-extreme-pro-ltd-arturo-coello\\\/\"]}]},{\"@type\":\"ImageObject\",\"inLanguage\":\"fr-FR\",\"@id\":\"https:\\\/\\\/revolutionpadelstore.com\\\/fr\\\/produit\\\/head-extreme-pro-ltd-arturo-coello\\\/#primaryimage\",\"url\":\"https:\\\/\\\/revolutionpadelstore.com\\\/wp-content\\\/uploads\\\/2024\\\/06\\\/extreme-pro-ltd.jpg\",\"contentUrl\":\"https:\\\/\\\/revolutionpadelstore.com\\\/wp-content\\\/uploads\\\/2024\\\/06\\\/extreme-pro-ltd.jpg\",\"width\":768,\"height\":768},{\"@type\":\"BreadcrumbList\",\"@id\":\"https:\\\/\\\/revolutionpadelstore.com\\\/fr\\\/produit\\\/head-extreme-pro-ltd-arturo-coello\\\/#breadcrumb\",\"itemListElement\":[{\"@type\":\"ListItem\",\"position\":1,\"name\":\"Portada\",\"item\":\"https:\\\/\\\/revolutionpadelstore.com\\\/fr\\\/\"},{\"@type\":\"ListItem\",\"position\":2,\"name\":\"Boutique\",\"item\":\"https:\\\/\\\/revolutionpadelstore.com\\\/fr\\\/tienda\\\/\"},{\"@type\":\"ListItem\",\"position\":3,\"name\":\"HEAD EXTREME PRO LTD \u2013 ARTURO COELLO\"}]},{\"@type\":\"WebSite\",\"@id\":\"https:\\\/\\\/revolutionpadelstore.com\\\/fr\\\/#website\",\"url\":\"https:\\\/\\\/revolutionpadelstore.com\\\/fr\\\/\",\"name\":\"Revolution Padel Store\",\"description\":\"\",\"publisher\":{\"@id\":\"https:\\\/\\\/revolutionpadelstore.com\\\/fr\\\/#organization\"},\"potentialAction\":[{\"@type\":\"SearchAction\",\"target\":{\"@type\":\"EntryPoint\",\"urlTemplate\":\"https:\\\/\\\/revolutionpadelstore.com\\\/fr\\\/?s={search_term_string}\"},\"query-input\":{\"@type\":\"PropertyValueSpecification\",\"valueRequired\":true,\"valueName\":\"search_term_string\"}}],\"inLanguage\":\"fr-FR\"},{\"@type\":\"Organization\",\"@id\":\"https:\\\/\\\/revolutionpadelstore.com\\\/fr\\\/#organization\",\"name\":\"Revolution Padel Store\",\"url\":\"https:\\\/\\\/revolutionpadelstore.com\\\/fr\\\/\",\"logo\":{\"@type\":\"ImageObject\",\"inLanguage\":\"fr-FR\",\"@id\":\"https:\\\/\\\/revolutionpadelstore.com\\\/fr\\\/#\\\/schema\\\/logo\\\/image\\\/\",\"url\":\"https:\\\/\\\/revolutionpadelstore.com\\\/wp-content\\\/uploads\\\/2026\\\/02\\\/revolution-padel-store.jpg\",\"contentUrl\":\"https:\\\/\\\/revolutionpadelstore.com\\\/wp-content\\\/uploads\\\/2026\\\/02\\\/revolution-padel-store.jpg\",\"width\":2000,\"height\":2000,\"caption\":\"Revolution Padel Store\"},\"image\":{\"@id\":\"https:\\\/\\\/revolutionpadelstore.com\\\/fr\\\/#\\\/schema\\\/logo\\\/image\\\/\"},\"sameAs\":[\"https:\\\/\\\/www.instagram.com\\\/revolutionpadelstore\\\/\"]}]}<\/script>\n<!-- \/ Yoast SEO plugin. -->","yoast_head_json":{"title":"HEAD EXTREME PRO LTD \u2013 ARTURO COELLO - Revolution Padel Store","description":"Basada en el modelo Extreme Pro, con las mismas prestaciones y tecnolog\u00edas, la pala EXTREME PRO LTD ARTURO COELLO en su edici\u00f3n limitada luce un dise\u00f1o exclusivo elegido por Arturo Coello, lo que realza su est\u00e9tica elegante y exclusiva. Para una imagen y un look realmente pr\u00e9mium, el dise\u00f1o incluye la firma de Arturo. Esta pala en forma de diamante combina un dise\u00f1o \u00fanico con una potencia extrema, por lo que es perfecta para jugadores expertos y profesionales.","robots":{"index":"index","follow":"follow","max-snippet":"max-snippet:-1","max-image-preview":"max-image-preview:large","max-video-preview":"max-video-preview:-1"},"canonical":"https:\/\/revolutionpadelstore.com\/fr\/produit\/head-extreme-pro-ltd-arturo-coello\/","og_locale":"fr_FR","og_type":"article","og_title":"COMPRAR HEAD EXTREME PRO LTD - ARTURO COELLO","og_description":"Basada en el modelo Extreme Pro, con las mismas prestaciones y tecnolog\u00edas, la pala EXTREME PRO LTD ARTURO COELLO en su edici\u00f3n limitada luce un dise\u00f1o exclusivo elegido por Arturo Coello, lo que realza su est\u00e9tica elegante y exclusiva. Para una imagen y un look realmente pr\u00e9mium, el dise\u00f1o incluye la firma de Arturo. Esta pala en forma de diamante combina un dise\u00f1o \u00fanico con una potencia extrema, por lo que es perfecta para jugadores expertos y profesionales.","og_url":"https:\/\/revolutionpadelstore.com\/fr\/produit\/head-extreme-pro-ltd-arturo-coello\/","og_site_name":"Revolution Padel Store","article_modified_time":"2026-04-08T09:18:17+00:00","og_image":[{"width":768,"height":768,"url":"https:\/\/revolutionpadelstore.com\/wp-content\/uploads\/2024\/06\/extreme-pro-ltd.jpg","type":"image\/jpeg"}],"twitter_card":"summary_large_image","twitter_misc":{"Dur\u00e9e de lecture estim\u00e9e":"3 minutes"},"schema":{"@context":"https:\/\/schema.org","@graph":[{"@type":"WebPage","@id":"https:\/\/revolutionpadelstore.com\/fr\/produit\/head-extreme-pro-ltd-arturo-coello\/","url":"https:\/\/revolutionpadelstore.com\/fr\/produit\/head-extreme-pro-ltd-arturo-coello\/","name":"HEAD EXTREME PRO LTD \u2013 ARTURO COELLO - Revolution Padel Store","isPartOf":{"@id":"https:\/\/revolutionpadelstore.com\/fr\/#website"},"primaryImageOfPage":{"@id":"https:\/\/revolutionpadelstore.com\/fr\/produit\/head-extreme-pro-ltd-arturo-coello\/#primaryimage"},"image":{"@id":"https:\/\/revolutionpadelstore.com\/fr\/produit\/head-extreme-pro-ltd-arturo-coello\/#primaryimage"},"thumbnailUrl":"https:\/\/revolutionpadelstore.com\/wp-content\/uploads\/2024\/06\/extreme-pro-ltd.jpg","datePublished":"2024-06-17T22:00:24+00:00","dateModified":"2026-04-08T09:18:17+00:00","description":"Basada en el modelo Extreme Pro, con las mismas prestaciones y tecnolog\u00edas, la pala EXTREME PRO LTD ARTURO COELLO en su edici\u00f3n limitada luce un dise\u00f1o exclusivo elegido por Arturo Coello, lo que realza su est\u00e9tica elegante y exclusiva. Para una imagen y un look realmente pr\u00e9mium, el dise\u00f1o incluye la firma de Arturo. Esta pala en forma de diamante combina un dise\u00f1o \u00fanico con una potencia extrema, por lo que es perfecta para jugadores expertos y profesionales.","breadcrumb":{"@id":"https:\/\/revolutionpadelstore.com\/fr\/produit\/head-extreme-pro-ltd-arturo-coello\/#breadcrumb"},"inLanguage":"fr-FR","potentialAction":[{"@type":"ReadAction","target":["https:\/\/revolutionpadelstore.com\/fr\/produit\/head-extreme-pro-ltd-arturo-coello\/"]}]},{"@type":"ImageObject","inLanguage":"fr-FR","@id":"https:\/\/revolutionpadelstore.com\/fr\/produit\/head-extreme-pro-ltd-arturo-coello\/#primaryimage","url":"https:\/\/revolutionpadelstore.com\/wp-content\/uploads\/2024\/06\/extreme-pro-ltd.jpg","contentUrl":"https:\/\/revolutionpadelstore.com\/wp-content\/uploads\/2024\/06\/extreme-pro-ltd.jpg","width":768,"height":768},{"@type":"BreadcrumbList","@id":"https:\/\/revolutionpadelstore.com\/fr\/produit\/head-extreme-pro-ltd-arturo-coello\/#breadcrumb","itemListElement":[{"@type":"ListItem","position":1,"name":"Portada","item":"https:\/\/revolutionpadelstore.com\/fr\/"},{"@type":"ListItem","position":2,"name":"Boutique","item":"https:\/\/revolutionpadelstore.com\/fr\/tienda\/"},{"@type":"ListItem","position":3,"name":"HEAD EXTREME PRO LTD \u2013 ARTURO COELLO"}]},{"@type":"WebSite","@id":"https:\/\/revolutionpadelstore.com\/fr\/#website","url":"https:\/\/revolutionpadelstore.com\/fr\/","name":"Revolution Padel Store","description":"","publisher":{"@id":"https:\/\/revolutionpadelstore.com\/fr\/#organization"},"potentialAction":[{"@type":"SearchAction","target":{"@type":"EntryPoint","urlTemplate":"https:\/\/revolutionpadelstore.com\/fr\/?s={search_term_string}"},"query-input":{"@type":"PropertyValueSpecification","valueRequired":true,"valueName":"search_term_string"}}],"inLanguage":"fr-FR"},{"@type":"Organization","@id":"https:\/\/revolutionpadelstore.com\/fr\/#organization","name":"Revolution Padel Store","url":"https:\/\/revolutionpadelstore.com\/fr\/","logo":{"@type":"ImageObject","inLanguage":"fr-FR","@id":"https:\/\/revolutionpadelstore.com\/fr\/#\/schema\/logo\/image\/","url":"https:\/\/revolutionpadelstore.com\/wp-content\/uploads\/2026\/02\/revolution-padel-store.jpg","contentUrl":"https:\/\/revolutionpadelstore.com\/wp-content\/uploads\/2026\/02\/revolution-padel-store.jpg","width":2000,"height":2000,"caption":"Revolution Padel Store"},"image":{"@id":"https:\/\/revolutionpadelstore.com\/fr\/#\/schema\/logo\/image\/"},"sameAs":["https:\/\/www.instagram.com\/revolutionpadelstore\/"]}]}},"_links":{"self":[{"href":"https:\/\/revolutionpadelstore.com\/fr\/wp-json\/wp\/v2\/product\/11135","targetHints":{"allow":["GET"]}}],"collection":[{"href":"https:\/\/revolutionpadelstore.com\/fr\/wp-json\/wp\/v2\/product"}],"about":[{"href":"https:\/\/revolutionpadelstore.com\/fr\/wp-json\/wp\/v2\/types\/product"}],"replies":[{"embeddable":true,"href":"https:\/\/revolutionpadelstore.com\/fr\/wp-json\/wp\/v2\/comments?post=11135"}],"wp:featuredmedia":[{"embeddable":true,"href":"https:\/\/revolutionpadelstore.com\/fr\/wp-json\/wp\/v2\/media\/11136"}],"wp:attachment":[{"href":"https:\/\/revolutionpadelstore.com\/fr\/wp-json\/wp\/v2\/media?parent=11135"}],"wp:term":[{"taxonomy":"acabado","embeddable":true,"href":"https:\/\/revolutionpadelstore.com\/fr\/wp-json\/wp\/v2\/acabado?post=11135"},{"taxonomy":"balance","embeddable":true,"href":"https:\/\/revolutionpadelstore.com\/fr\/wp-json\/wp\/v2\/balance?post=11135"},{"taxonomy":"dureza","embeddable":true,"href":"https:\/\/revolutionpadelstore.com\/fr\/wp-json\/wp\/v2\/dureza?post=11135"},{"taxonomy":"forma","embeddable":true,"href":"https:\/\/revolutionpadelstore.com\/fr\/wp-json\/wp\/v2\/forma?post=11135"},{"taxonomy":"jugador","embeddable":true,"href":"https:\/\/revolutionpadelstore.com\/fr\/wp-json\/wp\/v2\/jugador?post=11135"},{"taxonomy":"marca","embeddable":true,"href":"https:\/\/revolutionpadelstore.com\/fr\/wp-json\/wp\/v2\/marca?post=11135"},{"taxonomy":"nivel-de-juego","embeddable":true,"href":"https:\/\/revolutionpadelstore.com\/fr\/wp-json\/wp\/v2\/nivel-de-juego?post=11135"},{"taxonomy":"superficie","embeddable":true,"href":"https:\/\/revolutionpadelstore.com\/fr\/wp-json\/wp\/v2\/superficie?post=11135"},{"taxonomy":"tipo-de-juego","embeddable":true,"href":"https:\/\/revolutionpadelstore.com\/fr\/wp-json\/wp\/v2\/tipo-de-juego?post=11135"},{"taxonomy":"product_brand","embeddable":true,"href":"https:\/\/revolutionpadelstore.com\/fr\/wp-json\/wp\/v2\/product_brand?post=11135"},{"taxonomy":"product_cat","embeddable":true,"href":"https:\/\/revolutionpadelstore.com\/fr\/wp-json\/wp\/v2\/product_cat?post=11135"},{"taxonomy":"product_tag","embeddable":true,"href":"https:\/\/revolutionpadelstore.com\/fr\/wp-json\/wp\/v2\/product_tag?post=11135"}],"curies":[{"name":"wp","href":"https:\/\/api.w.org\/{rel}","templated":true}]}}