{"id":11077,"date":"2024-06-18T08:19:32","date_gmt":"2024-06-18T06:19:32","guid":{"rendered":"https:\/\/revolutionpadelstore.com\/metalbone-pro-edt-2024-ale-galan\/"},"modified":"2026-04-08T11:17:15","modified_gmt":"2026-04-08T09:17:15","slug":"adidas-metalbone-pro-edt-2024-ale-galan","status":"publish","type":"product","link":"https:\/\/revolutionpadelstore.com\/fr\/produit\/adidas-metalbone-pro-edt-2024-ale-galan\/","title":{"rendered":"ADIDAS METALBONE PRO EDT 2024 ALE GALAN"},"content":{"rendered":"<div class=\"elementor-widget Elementor-element Elementor-element-p657a86 Elementor-widget-heading\" data-element_type=\"heading\">\n<div class=\"elementor-widget-container\">\n<h2 class=\"elementor-heading-titleelementor-size-default none\">METALBONE MASTER LTD<\/h2>\n<\/div>\n<\/div>\n<div class=\"elementor-widget Elementor-element Elementor-element-xd2ewci Elementor-widget-text-editor\" data-element_type=\"text-editor\">\n<div class=\"elementor-widget-container\">\n<div class=\"elementor-text-editor rte-content\">\n<p>La PRO-EDT Metalbone d&#8217;Ale Gal\u00e1n fusionne les meilleures technologies du joueur madril\u00e8ne dans une raquette exclusive pour ceux qui cherchent \u00e0 dominer le terrain. Sa <strong>Structure Octogonale<\/strong> offre une rigidit\u00e9 in\u00e9gal\u00e9e et une puissance \u00e9norme, tandis que la rugosit\u00e9 <strong>Spin Blade<\/strong> et la disposition des trous <strong>Smart Holes Curv<\/strong>e Ils vous permettent de r\u00e9alisez des clich\u00e9s avec un effet de r\u00eave.<\/p>\n<p>Le syst\u00e8me Weight &amp; Balance vous donne le pouvoir d&#8217;ajuster le poids et l&#8217;\u00e9quilibre de la raquette \u00e0 votre guise, en l&#8217;adaptant \u00e0 votre style de jeu unique. Et la combinaison de la fibre <strong>Carbon Aluminized 2 to 1<\/strong> et du caoutchouc <strong>EVA Soft Performance<\/strong> vous offre un contr\u00f4le et une puissance exceptionnels, vous permettant de briller \u00e0 chaque coup.<\/p>\n<div class=\"elementor-widget Elementor-element Elementor-element-e1sg3cr Elementor-widget-text-editor\" data-element_type=\"text-editor\">\n<div class=\"elementor-widget-container\">\n<div class=\"elementor-text-editor rte-content\">\n<p>L&#8217;\u00e9quilibre et les poids de la raquette sont modifiables gr\u00e2ce \u00e0 cette technologie innovante pr\u00e9sente uniquement dans les raquettes de plus haut niveau. Son syst\u00e8me de vis amovible install\u00e9 sur le pont de la raquette permet d&#8217;ajuster l&#8217;\u00e9quilibre du poids et d&#8217;adapter le comportement aux besoins de chaque joueur \u00e0 tout moment.<\/p>\n<div class=\"elementor-widget Elementor-element Elementor-element-yvqj33e Elementor-widget-text-editor\" data-element_type=\"text-editor\">\n<div class=\"elementor-widget-container\">\n<div class=\"elementor-text-editor rte-content\">\n<p>Situ\u00e9e dans le cadre et le c\u0153ur de la raquette, cette technologie conf\u00e8re \u00e0 la raquette une structure d&#8217;une rigidit\u00e9 maximale. Constitu\u00e9 d&#8217;un tube de carbone \u00e0 huit bords, il g\u00e9n\u00e8re un squelette interne extr\u00eamement r\u00e9sistant aux torsions auxquelles sont expos\u00e9es les lames des meilleurs joueurs de padel.<\/p>\n<div class=\"elementor-widget Elementor-element Elementor-element-quql4dj Elementor-widget-text-editor\" data-element_type=\"text-editor\">\n<div class=\"elementor-widget-container\">\n<div class=\"elementor-text-editor rte-content\">\n<p>La raquette int\u00e8gre une couche rugueuse en surface pour offrir les meilleurs effets. A travers un dessin de formes octogonales, il optimise la cr\u00e9ation de mouvements de rotation dans la balle.<\/p>\n<\/div>\n<\/div>\n<\/div>\n<\/div>\n<\/div>\n<\/div>\n<\/div>\n<\/div>\n<\/div>\n<\/div>\n<\/div>\n<\/div>\n","protected":false},"excerpt":{"rendered":"<p>METALBONE MASTER LTD La PRO-EDT Metalbone d&#8217;Ale Gal\u00e1n fusionne les meilleures technologies du joueur madril\u00e8ne dans une raquette exclusive pour ceux qui cherchent \u00e0 dominer le terrain. Sa Structure Octogonale offre une rigidit\u00e9 in\u00e9gal\u00e9e et une puissance \u00e9norme, tandis que la rugosit\u00e9 Spin Blade et la disposition des trous Smart Holes Curve Ils vous permettent [&hellip;]<\/p>\n","protected":false},"featured_media":11086,"comment_status":"open","ping_status":"closed","template":"","meta":{"_acf_changed":false,"_joinchat":[]},"acabado":[1092],"balance":[1137,1142],"dureza":[1162,1157],"forma":[1172],"jugador":[1192,1202],"marca":[1232],"nivel-de-juego":[1337],"superficie":[1362],"tipo-de-juego":[1387,1377],"product_brand":[],"product_cat":[302],"product_tag":[],"class_list":{"0":"post-11077","1":"product","2":"type-product","3":"status-publish","4":"has-post-thumbnail","6":"acabado-soulager-la-3d","7":"balance-eleve","8":"balance-moyen","9":"dureza-dure","10":"dureza-media-fr","11":"forma-diamant","12":"jugador-homme","13":"jugador-polivalente-fr","14":"marca-adidas-fr","15":"superficie-rugosa-fr","16":"tipo-de-juego-polivalente-fr","17":"tipo-de-juego-puissance","18":"product_cat-palas-de-padel-fr","20":"first","21":"outofstock","22":"sale","23":"taxable","24":"shipping-taxable","25":"purchasable","26":"product-type-simple"},"acf":[],"yoast_head":"<!-- This site is optimized with the Yoast SEO plugin v27.4 - https:\/\/yoast.com\/product\/yoast-seo-wordpress\/ -->\n<title>ADIDAS METALBONE PRO EDT 2024 ALE GALAN - Revolution Padel Store<\/title>\n<meta name=\"description\" content=\"La PRO-EDT Metalbone by Ale Gal\u00e1n fusiona las mejores tecnolog\u00edas del jugador madrile\u00f1o en una pala exclusiva para aquellos que buscan dominar la pista. Su\u00a0Octogonal Structure\u00a0ofrece una rigidez sin igual y una potencia descomunal, mientras que la rugosidad\u00a0Spin Blade\u00a0y la disposici\u00f3n de los agujeros\u00a0Smart Holes Curve te permiten ejecutar golpes con efecto de ensue\u00f1o. El\u00a0Weight &amp; Balance System\u00a0te da el poder de ajustar el peso y el equilibrio de la pala a tu gusto, adapt\u00e1ndola a tu estilo de juego \u00fanico. Y la combinaci\u00f3n de fibra\u00a0Carbon Aluminized 2 to 1\u00a0y goma\u00a0EVA Soft Performance\u00a0te ofrece un control y una potencia excepcionales, permiti\u00e9ndote brillar en cada golpe.\" \/>\n<meta name=\"robots\" content=\"index, follow, max-snippet:-1, max-image-preview:large, max-video-preview:-1\" \/>\n<link rel=\"canonical\" href=\"https:\/\/revolutionpadelstore.com\/fr\/produit\/adidas-metalbone-pro-edt-2024-ale-galan\/\" \/>\n<meta property=\"og:locale\" content=\"fr_FR\" \/>\n<meta property=\"og:type\" content=\"article\" \/>\n<meta property=\"og:title\" content=\"COMPRAR METALBONE PRO EDT 2024 ALE GALAN\" \/>\n<meta property=\"og:description\" content=\"La PRO-EDT Metalbone by Ale Gal\u00e1n fusiona las mejores tecnolog\u00edas del jugador madrile\u00f1o en una pala exclusiva para aquellos que buscan dominar la pista. Su\u00a0Octogonal Structure\u00a0ofrece una rigidez sin igual y una potencia descomunal, mientras que la rugosidad\u00a0Spin Blade\u00a0y la disposici\u00f3n de los agujeros\u00a0Smart Holes Curve te permiten ejecutar golpes con efecto de ensue\u00f1o. El\u00a0Weight &amp; Balance System\u00a0te da el poder de ajustar el peso y el equilibrio de la pala a tu gusto, adapt\u00e1ndola a tu estilo de juego \u00fanico. Y la combinaci\u00f3n de fibra\u00a0Carbon Aluminized 2 to 1\u00a0y goma\u00a0EVA Soft Performance\u00a0te ofrece un control y una potencia excepcionales, permiti\u00e9ndote brillar en cada golpe.\" \/>\n<meta property=\"og:url\" content=\"https:\/\/revolutionpadelstore.com\/fr\/produit\/adidas-metalbone-pro-edt-2024-ale-galan\/\" \/>\n<meta property=\"og:site_name\" content=\"Revolution Padel Store\" \/>\n<meta property=\"article:modified_time\" content=\"2026-04-08T09:17:15+00:00\" \/>\n<meta property=\"og:image\" content=\"https:\/\/revolutionpadelstore.com\/wp-content\/uploads\/2024\/06\/adidas-metalbone-pro-edt-2024.png\" \/>\n\t<meta property=\"og:image:width\" content=\"900\" \/>\n\t<meta property=\"og:image:height\" content=\"900\" \/>\n\t<meta property=\"og:image:type\" content=\"image\/png\" \/>\n<meta name=\"twitter:card\" content=\"summary_large_image\" \/>\n<meta name=\"twitter:label1\" content=\"Dur\u00e9e de lecture estim\u00e9e\" \/>\n\t<meta name=\"twitter:data1\" content=\"2 minutes\" \/>\n<script type=\"application\/ld+json\" class=\"yoast-schema-graph\">{\"@context\":\"https:\\\/\\\/schema.org\",\"@graph\":[{\"@type\":\"WebPage\",\"@id\":\"https:\\\/\\\/revolutionpadelstore.com\\\/fr\\\/produit\\\/adidas-metalbone-pro-edt-2024-ale-galan\\\/\",\"url\":\"https:\\\/\\\/revolutionpadelstore.com\\\/fr\\\/produit\\\/adidas-metalbone-pro-edt-2024-ale-galan\\\/\",\"name\":\"ADIDAS METALBONE PRO EDT 2024 ALE GALAN - Revolution Padel Store\",\"isPartOf\":{\"@id\":\"https:\\\/\\\/revolutionpadelstore.com\\\/fr\\\/#website\"},\"primaryImageOfPage\":{\"@id\":\"https:\\\/\\\/revolutionpadelstore.com\\\/fr\\\/produit\\\/adidas-metalbone-pro-edt-2024-ale-galan\\\/#primaryimage\"},\"image\":{\"@id\":\"https:\\\/\\\/revolutionpadelstore.com\\\/fr\\\/produit\\\/adidas-metalbone-pro-edt-2024-ale-galan\\\/#primaryimage\"},\"thumbnailUrl\":\"https:\\\/\\\/revolutionpadelstore.com\\\/wp-content\\\/uploads\\\/2024\\\/06\\\/adidas-metalbone-pro-edt-2024.png\",\"datePublished\":\"2024-06-18T06:19:32+00:00\",\"dateModified\":\"2026-04-08T09:17:15+00:00\",\"description\":\"La PRO-EDT Metalbone by Ale Gal\u00e1n fusiona las mejores tecnolog\u00edas del jugador madrile\u00f1o en una pala exclusiva para aquellos que buscan dominar la pista. Su\u00a0Octogonal Structure\u00a0ofrece una rigidez sin igual y una potencia descomunal, mientras que la rugosidad\u00a0Spin Blade\u00a0y la disposici\u00f3n de los agujeros\u00a0Smart Holes Curve te permiten ejecutar golpes con efecto de ensue\u00f1o. El\u00a0Weight & Balance System\u00a0te da el poder de ajustar el peso y el equilibrio de la pala a tu gusto, adapt\u00e1ndola a tu estilo de juego \u00fanico. Y la combinaci\u00f3n de fibra\u00a0Carbon Aluminized 2 to 1\u00a0y goma\u00a0EVA Soft Performance\u00a0te ofrece un control y una potencia excepcionales, permiti\u00e9ndote brillar en cada golpe.\",\"breadcrumb\":{\"@id\":\"https:\\\/\\\/revolutionpadelstore.com\\\/fr\\\/produit\\\/adidas-metalbone-pro-edt-2024-ale-galan\\\/#breadcrumb\"},\"inLanguage\":\"fr-FR\",\"potentialAction\":[{\"@type\":\"ReadAction\",\"target\":[\"https:\\\/\\\/revolutionpadelstore.com\\\/fr\\\/produit\\\/adidas-metalbone-pro-edt-2024-ale-galan\\\/\"]}]},{\"@type\":\"ImageObject\",\"inLanguage\":\"fr-FR\",\"@id\":\"https:\\\/\\\/revolutionpadelstore.com\\\/fr\\\/produit\\\/adidas-metalbone-pro-edt-2024-ale-galan\\\/#primaryimage\",\"url\":\"https:\\\/\\\/revolutionpadelstore.com\\\/wp-content\\\/uploads\\\/2024\\\/06\\\/adidas-metalbone-pro-edt-2024.png\",\"contentUrl\":\"https:\\\/\\\/revolutionpadelstore.com\\\/wp-content\\\/uploads\\\/2024\\\/06\\\/adidas-metalbone-pro-edt-2024.png\",\"width\":900,\"height\":900},{\"@type\":\"BreadcrumbList\",\"@id\":\"https:\\\/\\\/revolutionpadelstore.com\\\/fr\\\/produit\\\/adidas-metalbone-pro-edt-2024-ale-galan\\\/#breadcrumb\",\"itemListElement\":[{\"@type\":\"ListItem\",\"position\":1,\"name\":\"Portada\",\"item\":\"https:\\\/\\\/revolutionpadelstore.com\\\/fr\\\/\"},{\"@type\":\"ListItem\",\"position\":2,\"name\":\"Boutique\",\"item\":\"https:\\\/\\\/revolutionpadelstore.com\\\/fr\\\/tienda\\\/\"},{\"@type\":\"ListItem\",\"position\":3,\"name\":\"ADIDAS METALBONE PRO EDT 2024 ALE GALAN\"}]},{\"@type\":\"WebSite\",\"@id\":\"https:\\\/\\\/revolutionpadelstore.com\\\/fr\\\/#website\",\"url\":\"https:\\\/\\\/revolutionpadelstore.com\\\/fr\\\/\",\"name\":\"Revolution Padel Store\",\"description\":\"\",\"publisher\":{\"@id\":\"https:\\\/\\\/revolutionpadelstore.com\\\/fr\\\/#organization\"},\"potentialAction\":[{\"@type\":\"SearchAction\",\"target\":{\"@type\":\"EntryPoint\",\"urlTemplate\":\"https:\\\/\\\/revolutionpadelstore.com\\\/fr\\\/?s={search_term_string}\"},\"query-input\":{\"@type\":\"PropertyValueSpecification\",\"valueRequired\":true,\"valueName\":\"search_term_string\"}}],\"inLanguage\":\"fr-FR\"},{\"@type\":\"Organization\",\"@id\":\"https:\\\/\\\/revolutionpadelstore.com\\\/fr\\\/#organization\",\"name\":\"Revolution Padel Store\",\"url\":\"https:\\\/\\\/revolutionpadelstore.com\\\/fr\\\/\",\"logo\":{\"@type\":\"ImageObject\",\"inLanguage\":\"fr-FR\",\"@id\":\"https:\\\/\\\/revolutionpadelstore.com\\\/fr\\\/#\\\/schema\\\/logo\\\/image\\\/\",\"url\":\"https:\\\/\\\/revolutionpadelstore.com\\\/wp-content\\\/uploads\\\/2026\\\/02\\\/revolution-padel-store.jpg\",\"contentUrl\":\"https:\\\/\\\/revolutionpadelstore.com\\\/wp-content\\\/uploads\\\/2026\\\/02\\\/revolution-padel-store.jpg\",\"width\":2000,\"height\":2000,\"caption\":\"Revolution Padel Store\"},\"image\":{\"@id\":\"https:\\\/\\\/revolutionpadelstore.com\\\/fr\\\/#\\\/schema\\\/logo\\\/image\\\/\"},\"sameAs\":[\"https:\\\/\\\/www.instagram.com\\\/revolutionpadelstore\\\/\"]}]}<\/script>\n<!-- \/ Yoast SEO plugin. -->","yoast_head_json":{"title":"ADIDAS METALBONE PRO EDT 2024 ALE GALAN - Revolution Padel Store","description":"La PRO-EDT Metalbone by Ale Gal\u00e1n fusiona las mejores tecnolog\u00edas del jugador madrile\u00f1o en una pala exclusiva para aquellos que buscan dominar la pista. Su\u00a0Octogonal Structure\u00a0ofrece una rigidez sin igual y una potencia descomunal, mientras que la rugosidad\u00a0Spin Blade\u00a0y la disposici\u00f3n de los agujeros\u00a0Smart Holes Curve te permiten ejecutar golpes con efecto de ensue\u00f1o. El\u00a0Weight & Balance System\u00a0te da el poder de ajustar el peso y el equilibrio de la pala a tu gusto, adapt\u00e1ndola a tu estilo de juego \u00fanico. Y la combinaci\u00f3n de fibra\u00a0Carbon Aluminized 2 to 1\u00a0y goma\u00a0EVA Soft Performance\u00a0te ofrece un control y una potencia excepcionales, permiti\u00e9ndote brillar en cada golpe.","robots":{"index":"index","follow":"follow","max-snippet":"max-snippet:-1","max-image-preview":"max-image-preview:large","max-video-preview":"max-video-preview:-1"},"canonical":"https:\/\/revolutionpadelstore.com\/fr\/produit\/adidas-metalbone-pro-edt-2024-ale-galan\/","og_locale":"fr_FR","og_type":"article","og_title":"COMPRAR METALBONE PRO EDT 2024 ALE GALAN","og_description":"La PRO-EDT Metalbone by Ale Gal\u00e1n fusiona las mejores tecnolog\u00edas del jugador madrile\u00f1o en una pala exclusiva para aquellos que buscan dominar la pista. Su\u00a0Octogonal Structure\u00a0ofrece una rigidez sin igual y una potencia descomunal, mientras que la rugosidad\u00a0Spin Blade\u00a0y la disposici\u00f3n de los agujeros\u00a0Smart Holes Curve te permiten ejecutar golpes con efecto de ensue\u00f1o. El\u00a0Weight & Balance System\u00a0te da el poder de ajustar el peso y el equilibrio de la pala a tu gusto, adapt\u00e1ndola a tu estilo de juego \u00fanico. Y la combinaci\u00f3n de fibra\u00a0Carbon Aluminized 2 to 1\u00a0y goma\u00a0EVA Soft Performance\u00a0te ofrece un control y una potencia excepcionales, permiti\u00e9ndote brillar en cada golpe.","og_url":"https:\/\/revolutionpadelstore.com\/fr\/produit\/adidas-metalbone-pro-edt-2024-ale-galan\/","og_site_name":"Revolution Padel Store","article_modified_time":"2026-04-08T09:17:15+00:00","og_image":[{"width":900,"height":900,"url":"https:\/\/revolutionpadelstore.com\/wp-content\/uploads\/2024\/06\/adidas-metalbone-pro-edt-2024.png","type":"image\/png"}],"twitter_card":"summary_large_image","twitter_misc":{"Dur\u00e9e de lecture estim\u00e9e":"2 minutes"},"schema":{"@context":"https:\/\/schema.org","@graph":[{"@type":"WebPage","@id":"https:\/\/revolutionpadelstore.com\/fr\/produit\/adidas-metalbone-pro-edt-2024-ale-galan\/","url":"https:\/\/revolutionpadelstore.com\/fr\/produit\/adidas-metalbone-pro-edt-2024-ale-galan\/","name":"ADIDAS METALBONE PRO EDT 2024 ALE GALAN - Revolution Padel Store","isPartOf":{"@id":"https:\/\/revolutionpadelstore.com\/fr\/#website"},"primaryImageOfPage":{"@id":"https:\/\/revolutionpadelstore.com\/fr\/produit\/adidas-metalbone-pro-edt-2024-ale-galan\/#primaryimage"},"image":{"@id":"https:\/\/revolutionpadelstore.com\/fr\/produit\/adidas-metalbone-pro-edt-2024-ale-galan\/#primaryimage"},"thumbnailUrl":"https:\/\/revolutionpadelstore.com\/wp-content\/uploads\/2024\/06\/adidas-metalbone-pro-edt-2024.png","datePublished":"2024-06-18T06:19:32+00:00","dateModified":"2026-04-08T09:17:15+00:00","description":"La PRO-EDT Metalbone by Ale Gal\u00e1n fusiona las mejores tecnolog\u00edas del jugador madrile\u00f1o en una pala exclusiva para aquellos que buscan dominar la pista. Su\u00a0Octogonal Structure\u00a0ofrece una rigidez sin igual y una potencia descomunal, mientras que la rugosidad\u00a0Spin Blade\u00a0y la disposici\u00f3n de los agujeros\u00a0Smart Holes Curve te permiten ejecutar golpes con efecto de ensue\u00f1o. El\u00a0Weight & Balance System\u00a0te da el poder de ajustar el peso y el equilibrio de la pala a tu gusto, adapt\u00e1ndola a tu estilo de juego \u00fanico. Y la combinaci\u00f3n de fibra\u00a0Carbon Aluminized 2 to 1\u00a0y goma\u00a0EVA Soft Performance\u00a0te ofrece un control y una potencia excepcionales, permiti\u00e9ndote brillar en cada golpe.","breadcrumb":{"@id":"https:\/\/revolutionpadelstore.com\/fr\/produit\/adidas-metalbone-pro-edt-2024-ale-galan\/#breadcrumb"},"inLanguage":"fr-FR","potentialAction":[{"@type":"ReadAction","target":["https:\/\/revolutionpadelstore.com\/fr\/produit\/adidas-metalbone-pro-edt-2024-ale-galan\/"]}]},{"@type":"ImageObject","inLanguage":"fr-FR","@id":"https:\/\/revolutionpadelstore.com\/fr\/produit\/adidas-metalbone-pro-edt-2024-ale-galan\/#primaryimage","url":"https:\/\/revolutionpadelstore.com\/wp-content\/uploads\/2024\/06\/adidas-metalbone-pro-edt-2024.png","contentUrl":"https:\/\/revolutionpadelstore.com\/wp-content\/uploads\/2024\/06\/adidas-metalbone-pro-edt-2024.png","width":900,"height":900},{"@type":"BreadcrumbList","@id":"https:\/\/revolutionpadelstore.com\/fr\/produit\/adidas-metalbone-pro-edt-2024-ale-galan\/#breadcrumb","itemListElement":[{"@type":"ListItem","position":1,"name":"Portada","item":"https:\/\/revolutionpadelstore.com\/fr\/"},{"@type":"ListItem","position":2,"name":"Boutique","item":"https:\/\/revolutionpadelstore.com\/fr\/tienda\/"},{"@type":"ListItem","position":3,"name":"ADIDAS METALBONE PRO EDT 2024 ALE GALAN"}]},{"@type":"WebSite","@id":"https:\/\/revolutionpadelstore.com\/fr\/#website","url":"https:\/\/revolutionpadelstore.com\/fr\/","name":"Revolution Padel Store","description":"","publisher":{"@id":"https:\/\/revolutionpadelstore.com\/fr\/#organization"},"potentialAction":[{"@type":"SearchAction","target":{"@type":"EntryPoint","urlTemplate":"https:\/\/revolutionpadelstore.com\/fr\/?s={search_term_string}"},"query-input":{"@type":"PropertyValueSpecification","valueRequired":true,"valueName":"search_term_string"}}],"inLanguage":"fr-FR"},{"@type":"Organization","@id":"https:\/\/revolutionpadelstore.com\/fr\/#organization","name":"Revolution Padel Store","url":"https:\/\/revolutionpadelstore.com\/fr\/","logo":{"@type":"ImageObject","inLanguage":"fr-FR","@id":"https:\/\/revolutionpadelstore.com\/fr\/#\/schema\/logo\/image\/","url":"https:\/\/revolutionpadelstore.com\/wp-content\/uploads\/2026\/02\/revolution-padel-store.jpg","contentUrl":"https:\/\/revolutionpadelstore.com\/wp-content\/uploads\/2026\/02\/revolution-padel-store.jpg","width":2000,"height":2000,"caption":"Revolution Padel Store"},"image":{"@id":"https:\/\/revolutionpadelstore.com\/fr\/#\/schema\/logo\/image\/"},"sameAs":["https:\/\/www.instagram.com\/revolutionpadelstore\/"]}]}},"_links":{"self":[{"href":"https:\/\/revolutionpadelstore.com\/fr\/wp-json\/wp\/v2\/product\/11077","targetHints":{"allow":["GET"]}}],"collection":[{"href":"https:\/\/revolutionpadelstore.com\/fr\/wp-json\/wp\/v2\/product"}],"about":[{"href":"https:\/\/revolutionpadelstore.com\/fr\/wp-json\/wp\/v2\/types\/product"}],"replies":[{"embeddable":true,"href":"https:\/\/revolutionpadelstore.com\/fr\/wp-json\/wp\/v2\/comments?post=11077"}],"wp:featuredmedia":[{"embeddable":true,"href":"https:\/\/revolutionpadelstore.com\/fr\/wp-json\/wp\/v2\/media\/11086"}],"wp:attachment":[{"href":"https:\/\/revolutionpadelstore.com\/fr\/wp-json\/wp\/v2\/media?parent=11077"}],"wp:term":[{"taxonomy":"acabado","embeddable":true,"href":"https:\/\/revolutionpadelstore.com\/fr\/wp-json\/wp\/v2\/acabado?post=11077"},{"taxonomy":"balance","embeddable":true,"href":"https:\/\/revolutionpadelstore.com\/fr\/wp-json\/wp\/v2\/balance?post=11077"},{"taxonomy":"dureza","embeddable":true,"href":"https:\/\/revolutionpadelstore.com\/fr\/wp-json\/wp\/v2\/dureza?post=11077"},{"taxonomy":"forma","embeddable":true,"href":"https:\/\/revolutionpadelstore.com\/fr\/wp-json\/wp\/v2\/forma?post=11077"},{"taxonomy":"jugador","embeddable":true,"href":"https:\/\/revolutionpadelstore.com\/fr\/wp-json\/wp\/v2\/jugador?post=11077"},{"taxonomy":"marca","embeddable":true,"href":"https:\/\/revolutionpadelstore.com\/fr\/wp-json\/wp\/v2\/marca?post=11077"},{"taxonomy":"nivel-de-juego","embeddable":true,"href":"https:\/\/revolutionpadelstore.com\/fr\/wp-json\/wp\/v2\/nivel-de-juego?post=11077"},{"taxonomy":"superficie","embeddable":true,"href":"https:\/\/revolutionpadelstore.com\/fr\/wp-json\/wp\/v2\/superficie?post=11077"},{"taxonomy":"tipo-de-juego","embeddable":true,"href":"https:\/\/revolutionpadelstore.com\/fr\/wp-json\/wp\/v2\/tipo-de-juego?post=11077"},{"taxonomy":"product_brand","embeddable":true,"href":"https:\/\/revolutionpadelstore.com\/fr\/wp-json\/wp\/v2\/product_brand?post=11077"},{"taxonomy":"product_cat","embeddable":true,"href":"https:\/\/revolutionpadelstore.com\/fr\/wp-json\/wp\/v2\/product_cat?post=11077"},{"taxonomy":"product_tag","embeddable":true,"href":"https:\/\/revolutionpadelstore.com\/fr\/wp-json\/wp\/v2\/product_tag?post=11077"}],"curies":[{"name":"wp","href":"https:\/\/api.w.org\/{rel}","templated":true}]}}