{"id":110756,"date":"2024-11-16T11:50:41","date_gmt":"2024-11-16T10:50:41","guid":{"rendered":"https:\/\/revolutionpadelstore.com\/paletero-bullpadel-bpp25012-hack-blanco\/"},"modified":"2026-04-08T10:18:44","modified_gmt":"2026-04-08T08:18:44","slug":"paletero-bullpadel-bpp25012-hack-blanco-3","status":"publish","type":"product","link":"https:\/\/revolutionpadelstore.com\/fr\/produit\/paletero-bullpadel-bpp25012-hack-blanco-3\/","title":{"rendered":"PALETERO BULLPADEL BPP25012 HACK BLANCO"},"content":{"rendered":"<p>Le <strong> Paquito Navarro <\/strong> Paletero est le compl\u00e9ment parfait au nouveau hack 04. Il a un compartiment principal pour stocker tout ce dont vous avez besoin, il a deux compartiments thermo avec une capacit\u00e9 de quatre lames, et un compartiment s\u00e9par\u00e9 et ventil\u00e9 pour v\u00eatements et chaussures. La conception du Paquito Navarro Paletero int\u00e8gre sur les c\u00f4t\u00e9s un bo\u00eetier semi-rigide qui offre une plus grande rigidit\u00e9 et une plus grande protection pour les lames, en outre, la conception du dos a des pi\u00e8ces en mousse qui garantissent une ventilation et un confort maximaux \u00e0 l&#8217;arri\u00e8re.<strong>Paquito Navarro<\/strong><\/p>\n","protected":false},"excerpt":{"rendered":"<p>Paletero de Paquito Navarro est le compl\u00e9ment parfait au nouveau hack 04<\/p>\n","protected":false},"featured_media":110736,"comment_status":"open","ping_status":"closed","template":"","meta":{"_acf_changed":false,"_joinchat":[]},"acabado":[],"balance":[],"dureza":[],"forma":[],"jugador":[],"marca":[1257],"nivel-de-juego":[],"superficie":[],"tipo-de-juego":[],"product_brand":[],"product_cat":[320],"product_tag":[],"class_list":{"0":"post-110756","1":"product","2":"type-product","3":"status-publish","4":"has-post-thumbnail","6":"marca-bullpadel-fr","7":"product_cat-sacs","9":"first","10":"instock","11":"sale","12":"taxable","13":"shipping-taxable","14":"purchasable","15":"product-type-simple"},"acf":[],"yoast_head":"<!-- This site is optimized with the Yoast SEO plugin v27.4 - https:\/\/yoast.com\/product\/yoast-seo-wordpress\/ -->\n<title>PALETERO BULLPADEL BPP25012 HACK BLANCO - Revolution Padel Store<\/title>\n<meta name=\"description\" content=\"El paletero HACK de Paquito Navarro es el accesorio ideal para complementar la nueva pala Hack 04. Cuenta con un compartimento principal para almacenar lo que necesites, adem\u00e1s de dos bolsillos termo con capacidad para hasta cuatro palas. Tambi\u00e9n incluye un compartimento ventilado y separado para ropa y calzado. Su dise\u00f1o incorpora una estructura semirr\u00edgida en los laterales, lo que otorga mayor rigidez y protecci\u00f3n a las palas. Adem\u00e1s, la espalda del paletero est\u00e1 equipada con piezas de foam que aseguran una ventilaci\u00f3n \u00f3ptima y comodidad durante su uso.\" \/>\n<meta name=\"robots\" content=\"index, follow, max-snippet:-1, max-image-preview:large, max-video-preview:-1\" \/>\n<link rel=\"canonical\" href=\"https:\/\/revolutionpadelstore.com\/fr\/produit\/paletero-bullpadel-bpp25012-hack-blanco-3\/\" \/>\n<meta property=\"og:locale\" content=\"fr_FR\" \/>\n<meta property=\"og:type\" content=\"article\" \/>\n<meta property=\"og:title\" content=\"PALETERO BULLPADEL BPP25012 HACK BLANCO - Revolution Padel Store\" \/>\n<meta property=\"og:description\" content=\"El paletero HACK de Paquito Navarro es el accesorio ideal para complementar la nueva pala Hack 04. Cuenta con un compartimento principal para almacenar lo que necesites, adem\u00e1s de dos bolsillos termo con capacidad para hasta cuatro palas. Tambi\u00e9n incluye un compartimento ventilado y separado para ropa y calzado. Su dise\u00f1o incorpora una estructura semirr\u00edgida en los laterales, lo que otorga mayor rigidez y protecci\u00f3n a las palas. Adem\u00e1s, la espalda del paletero est\u00e1 equipada con piezas de foam que aseguran una ventilaci\u00f3n \u00f3ptima y comodidad durante su uso.\" \/>\n<meta property=\"og:url\" content=\"https:\/\/revolutionpadelstore.com\/fr\/produit\/paletero-bullpadel-bpp25012-hack-blanco-3\/\" \/>\n<meta property=\"og:site_name\" content=\"Revolution Padel Store\" \/>\n<meta property=\"article:modified_time\" content=\"2026-04-08T08:18:44+00:00\" \/>\n<meta property=\"og:image\" content=\"https:\/\/revolutionpadelstore.com\/wp-content\/uploads\/2024\/11\/bolsa-bullpadel-bpp25012-hack-blanco.jpg\" \/>\n\t<meta property=\"og:image:width\" content=\"1000\" \/>\n\t<meta property=\"og:image:height\" content=\"1188\" \/>\n\t<meta property=\"og:image:type\" content=\"image\/jpeg\" \/>\n<meta name=\"twitter:card\" content=\"summary_large_image\" \/>\n<meta name=\"twitter:label1\" content=\"Dur\u00e9e de lecture estim\u00e9e\" \/>\n\t<meta name=\"twitter:data1\" content=\"1 minute\" \/>\n<script type=\"application\/ld+json\" class=\"yoast-schema-graph\">{\"@context\":\"https:\\\/\\\/schema.org\",\"@graph\":[{\"@type\":\"WebPage\",\"@id\":\"https:\\\/\\\/revolutionpadelstore.com\\\/fr\\\/produit\\\/paletero-bullpadel-bpp25012-hack-blanco-3\\\/\",\"url\":\"https:\\\/\\\/revolutionpadelstore.com\\\/fr\\\/produit\\\/paletero-bullpadel-bpp25012-hack-blanco-3\\\/\",\"name\":\"PALETERO BULLPADEL BPP25012 HACK BLANCO - Revolution Padel Store\",\"isPartOf\":{\"@id\":\"https:\\\/\\\/revolutionpadelstore.com\\\/fr\\\/#website\"},\"primaryImageOfPage\":{\"@id\":\"https:\\\/\\\/revolutionpadelstore.com\\\/fr\\\/produit\\\/paletero-bullpadel-bpp25012-hack-blanco-3\\\/#primaryimage\"},\"image\":{\"@id\":\"https:\\\/\\\/revolutionpadelstore.com\\\/fr\\\/produit\\\/paletero-bullpadel-bpp25012-hack-blanco-3\\\/#primaryimage\"},\"thumbnailUrl\":\"https:\\\/\\\/revolutionpadelstore.com\\\/wp-content\\\/uploads\\\/2024\\\/11\\\/bolsa-bullpadel-bpp25012-hack-blanco.jpg\",\"datePublished\":\"2024-11-16T10:50:41+00:00\",\"dateModified\":\"2026-04-08T08:18:44+00:00\",\"description\":\"El paletero HACK de Paquito Navarro es el accesorio ideal para complementar la nueva pala Hack 04. Cuenta con un compartimento principal para almacenar lo que necesites, adem\u00e1s de dos bolsillos termo con capacidad para hasta cuatro palas. Tambi\u00e9n incluye un compartimento ventilado y separado para ropa y calzado. Su dise\u00f1o incorpora una estructura semirr\u00edgida en los laterales, lo que otorga mayor rigidez y protecci\u00f3n a las palas. Adem\u00e1s, la espalda del paletero est\u00e1 equipada con piezas de foam que aseguran una ventilaci\u00f3n \u00f3ptima y comodidad durante su uso.\",\"breadcrumb\":{\"@id\":\"https:\\\/\\\/revolutionpadelstore.com\\\/fr\\\/produit\\\/paletero-bullpadel-bpp25012-hack-blanco-3\\\/#breadcrumb\"},\"inLanguage\":\"fr-FR\",\"potentialAction\":[{\"@type\":\"ReadAction\",\"target\":[\"https:\\\/\\\/revolutionpadelstore.com\\\/fr\\\/produit\\\/paletero-bullpadel-bpp25012-hack-blanco-3\\\/\"]}]},{\"@type\":\"ImageObject\",\"inLanguage\":\"fr-FR\",\"@id\":\"https:\\\/\\\/revolutionpadelstore.com\\\/fr\\\/produit\\\/paletero-bullpadel-bpp25012-hack-blanco-3\\\/#primaryimage\",\"url\":\"https:\\\/\\\/revolutionpadelstore.com\\\/wp-content\\\/uploads\\\/2024\\\/11\\\/bolsa-bullpadel-bpp25012-hack-blanco.jpg\",\"contentUrl\":\"https:\\\/\\\/revolutionpadelstore.com\\\/wp-content\\\/uploads\\\/2024\\\/11\\\/bolsa-bullpadel-bpp25012-hack-blanco.jpg\",\"width\":1000,\"height\":1188},{\"@type\":\"BreadcrumbList\",\"@id\":\"https:\\\/\\\/revolutionpadelstore.com\\\/fr\\\/produit\\\/paletero-bullpadel-bpp25012-hack-blanco-3\\\/#breadcrumb\",\"itemListElement\":[{\"@type\":\"ListItem\",\"position\":1,\"name\":\"Portada\",\"item\":\"https:\\\/\\\/revolutionpadelstore.com\\\/fr\\\/\"},{\"@type\":\"ListItem\",\"position\":2,\"name\":\"Boutique\",\"item\":\"https:\\\/\\\/revolutionpadelstore.com\\\/fr\\\/tienda\\\/\"},{\"@type\":\"ListItem\",\"position\":3,\"name\":\"PALETERO BULLPADEL BPP25012 HACK BLANCO\"}]},{\"@type\":\"WebSite\",\"@id\":\"https:\\\/\\\/revolutionpadelstore.com\\\/fr\\\/#website\",\"url\":\"https:\\\/\\\/revolutionpadelstore.com\\\/fr\\\/\",\"name\":\"Revolution Padel Store\",\"description\":\"\",\"publisher\":{\"@id\":\"https:\\\/\\\/revolutionpadelstore.com\\\/fr\\\/#organization\"},\"potentialAction\":[{\"@type\":\"SearchAction\",\"target\":{\"@type\":\"EntryPoint\",\"urlTemplate\":\"https:\\\/\\\/revolutionpadelstore.com\\\/fr\\\/?s={search_term_string}\"},\"query-input\":{\"@type\":\"PropertyValueSpecification\",\"valueRequired\":true,\"valueName\":\"search_term_string\"}}],\"inLanguage\":\"fr-FR\"},{\"@type\":\"Organization\",\"@id\":\"https:\\\/\\\/revolutionpadelstore.com\\\/fr\\\/#organization\",\"name\":\"Revolution Padel Store\",\"url\":\"https:\\\/\\\/revolutionpadelstore.com\\\/fr\\\/\",\"logo\":{\"@type\":\"ImageObject\",\"inLanguage\":\"fr-FR\",\"@id\":\"https:\\\/\\\/revolutionpadelstore.com\\\/fr\\\/#\\\/schema\\\/logo\\\/image\\\/\",\"url\":\"https:\\\/\\\/revolutionpadelstore.com\\\/wp-content\\\/uploads\\\/2026\\\/02\\\/revolution-padel-store.jpg\",\"contentUrl\":\"https:\\\/\\\/revolutionpadelstore.com\\\/wp-content\\\/uploads\\\/2026\\\/02\\\/revolution-padel-store.jpg\",\"width\":2000,\"height\":2000,\"caption\":\"Revolution Padel Store\"},\"image\":{\"@id\":\"https:\\\/\\\/revolutionpadelstore.com\\\/fr\\\/#\\\/schema\\\/logo\\\/image\\\/\"},\"sameAs\":[\"https:\\\/\\\/www.instagram.com\\\/revolutionpadelstore\\\/\"]}]}<\/script>\n<!-- \/ Yoast SEO plugin. -->","yoast_head_json":{"title":"PALETERO BULLPADEL BPP25012 HACK BLANCO - Revolution Padel Store","description":"El paletero HACK de Paquito Navarro es el accesorio ideal para complementar la nueva pala Hack 04. Cuenta con un compartimento principal para almacenar lo que necesites, adem\u00e1s de dos bolsillos termo con capacidad para hasta cuatro palas. Tambi\u00e9n incluye un compartimento ventilado y separado para ropa y calzado. Su dise\u00f1o incorpora una estructura semirr\u00edgida en los laterales, lo que otorga mayor rigidez y protecci\u00f3n a las palas. Adem\u00e1s, la espalda del paletero est\u00e1 equipada con piezas de foam que aseguran una ventilaci\u00f3n \u00f3ptima y comodidad durante su uso.","robots":{"index":"index","follow":"follow","max-snippet":"max-snippet:-1","max-image-preview":"max-image-preview:large","max-video-preview":"max-video-preview:-1"},"canonical":"https:\/\/revolutionpadelstore.com\/fr\/produit\/paletero-bullpadel-bpp25012-hack-blanco-3\/","og_locale":"fr_FR","og_type":"article","og_title":"PALETERO BULLPADEL BPP25012 HACK BLANCO - Revolution Padel Store","og_description":"El paletero HACK de Paquito Navarro es el accesorio ideal para complementar la nueva pala Hack 04. Cuenta con un compartimento principal para almacenar lo que necesites, adem\u00e1s de dos bolsillos termo con capacidad para hasta cuatro palas. Tambi\u00e9n incluye un compartimento ventilado y separado para ropa y calzado. Su dise\u00f1o incorpora una estructura semirr\u00edgida en los laterales, lo que otorga mayor rigidez y protecci\u00f3n a las palas. Adem\u00e1s, la espalda del paletero est\u00e1 equipada con piezas de foam que aseguran una ventilaci\u00f3n \u00f3ptima y comodidad durante su uso.","og_url":"https:\/\/revolutionpadelstore.com\/fr\/produit\/paletero-bullpadel-bpp25012-hack-blanco-3\/","og_site_name":"Revolution Padel Store","article_modified_time":"2026-04-08T08:18:44+00:00","og_image":[{"width":1000,"height":1188,"url":"https:\/\/revolutionpadelstore.com\/wp-content\/uploads\/2024\/11\/bolsa-bullpadel-bpp25012-hack-blanco.jpg","type":"image\/jpeg"}],"twitter_card":"summary_large_image","twitter_misc":{"Dur\u00e9e de lecture estim\u00e9e":"1 minute"},"schema":{"@context":"https:\/\/schema.org","@graph":[{"@type":"WebPage","@id":"https:\/\/revolutionpadelstore.com\/fr\/produit\/paletero-bullpadel-bpp25012-hack-blanco-3\/","url":"https:\/\/revolutionpadelstore.com\/fr\/produit\/paletero-bullpadel-bpp25012-hack-blanco-3\/","name":"PALETERO BULLPADEL BPP25012 HACK BLANCO - Revolution Padel Store","isPartOf":{"@id":"https:\/\/revolutionpadelstore.com\/fr\/#website"},"primaryImageOfPage":{"@id":"https:\/\/revolutionpadelstore.com\/fr\/produit\/paletero-bullpadel-bpp25012-hack-blanco-3\/#primaryimage"},"image":{"@id":"https:\/\/revolutionpadelstore.com\/fr\/produit\/paletero-bullpadel-bpp25012-hack-blanco-3\/#primaryimage"},"thumbnailUrl":"https:\/\/revolutionpadelstore.com\/wp-content\/uploads\/2024\/11\/bolsa-bullpadel-bpp25012-hack-blanco.jpg","datePublished":"2024-11-16T10:50:41+00:00","dateModified":"2026-04-08T08:18:44+00:00","description":"El paletero HACK de Paquito Navarro es el accesorio ideal para complementar la nueva pala Hack 04. Cuenta con un compartimento principal para almacenar lo que necesites, adem\u00e1s de dos bolsillos termo con capacidad para hasta cuatro palas. Tambi\u00e9n incluye un compartimento ventilado y separado para ropa y calzado. Su dise\u00f1o incorpora una estructura semirr\u00edgida en los laterales, lo que otorga mayor rigidez y protecci\u00f3n a las palas. Adem\u00e1s, la espalda del paletero est\u00e1 equipada con piezas de foam que aseguran una ventilaci\u00f3n \u00f3ptima y comodidad durante su uso.","breadcrumb":{"@id":"https:\/\/revolutionpadelstore.com\/fr\/produit\/paletero-bullpadel-bpp25012-hack-blanco-3\/#breadcrumb"},"inLanguage":"fr-FR","potentialAction":[{"@type":"ReadAction","target":["https:\/\/revolutionpadelstore.com\/fr\/produit\/paletero-bullpadel-bpp25012-hack-blanco-3\/"]}]},{"@type":"ImageObject","inLanguage":"fr-FR","@id":"https:\/\/revolutionpadelstore.com\/fr\/produit\/paletero-bullpadel-bpp25012-hack-blanco-3\/#primaryimage","url":"https:\/\/revolutionpadelstore.com\/wp-content\/uploads\/2024\/11\/bolsa-bullpadel-bpp25012-hack-blanco.jpg","contentUrl":"https:\/\/revolutionpadelstore.com\/wp-content\/uploads\/2024\/11\/bolsa-bullpadel-bpp25012-hack-blanco.jpg","width":1000,"height":1188},{"@type":"BreadcrumbList","@id":"https:\/\/revolutionpadelstore.com\/fr\/produit\/paletero-bullpadel-bpp25012-hack-blanco-3\/#breadcrumb","itemListElement":[{"@type":"ListItem","position":1,"name":"Portada","item":"https:\/\/revolutionpadelstore.com\/fr\/"},{"@type":"ListItem","position":2,"name":"Boutique","item":"https:\/\/revolutionpadelstore.com\/fr\/tienda\/"},{"@type":"ListItem","position":3,"name":"PALETERO BULLPADEL BPP25012 HACK BLANCO"}]},{"@type":"WebSite","@id":"https:\/\/revolutionpadelstore.com\/fr\/#website","url":"https:\/\/revolutionpadelstore.com\/fr\/","name":"Revolution Padel Store","description":"","publisher":{"@id":"https:\/\/revolutionpadelstore.com\/fr\/#organization"},"potentialAction":[{"@type":"SearchAction","target":{"@type":"EntryPoint","urlTemplate":"https:\/\/revolutionpadelstore.com\/fr\/?s={search_term_string}"},"query-input":{"@type":"PropertyValueSpecification","valueRequired":true,"valueName":"search_term_string"}}],"inLanguage":"fr-FR"},{"@type":"Organization","@id":"https:\/\/revolutionpadelstore.com\/fr\/#organization","name":"Revolution Padel Store","url":"https:\/\/revolutionpadelstore.com\/fr\/","logo":{"@type":"ImageObject","inLanguage":"fr-FR","@id":"https:\/\/revolutionpadelstore.com\/fr\/#\/schema\/logo\/image\/","url":"https:\/\/revolutionpadelstore.com\/wp-content\/uploads\/2026\/02\/revolution-padel-store.jpg","contentUrl":"https:\/\/revolutionpadelstore.com\/wp-content\/uploads\/2026\/02\/revolution-padel-store.jpg","width":2000,"height":2000,"caption":"Revolution Padel Store"},"image":{"@id":"https:\/\/revolutionpadelstore.com\/fr\/#\/schema\/logo\/image\/"},"sameAs":["https:\/\/www.instagram.com\/revolutionpadelstore\/"]}]}},"_links":{"self":[{"href":"https:\/\/revolutionpadelstore.com\/fr\/wp-json\/wp\/v2\/product\/110756","targetHints":{"allow":["GET"]}}],"collection":[{"href":"https:\/\/revolutionpadelstore.com\/fr\/wp-json\/wp\/v2\/product"}],"about":[{"href":"https:\/\/revolutionpadelstore.com\/fr\/wp-json\/wp\/v2\/types\/product"}],"replies":[{"embeddable":true,"href":"https:\/\/revolutionpadelstore.com\/fr\/wp-json\/wp\/v2\/comments?post=110756"}],"wp:featuredmedia":[{"embeddable":true,"href":"https:\/\/revolutionpadelstore.com\/fr\/wp-json\/wp\/v2\/media\/110736"}],"wp:attachment":[{"href":"https:\/\/revolutionpadelstore.com\/fr\/wp-json\/wp\/v2\/media?parent=110756"}],"wp:term":[{"taxonomy":"acabado","embeddable":true,"href":"https:\/\/revolutionpadelstore.com\/fr\/wp-json\/wp\/v2\/acabado?post=110756"},{"taxonomy":"balance","embeddable":true,"href":"https:\/\/revolutionpadelstore.com\/fr\/wp-json\/wp\/v2\/balance?post=110756"},{"taxonomy":"dureza","embeddable":true,"href":"https:\/\/revolutionpadelstore.com\/fr\/wp-json\/wp\/v2\/dureza?post=110756"},{"taxonomy":"forma","embeddable":true,"href":"https:\/\/revolutionpadelstore.com\/fr\/wp-json\/wp\/v2\/forma?post=110756"},{"taxonomy":"jugador","embeddable":true,"href":"https:\/\/revolutionpadelstore.com\/fr\/wp-json\/wp\/v2\/jugador?post=110756"},{"taxonomy":"marca","embeddable":true,"href":"https:\/\/revolutionpadelstore.com\/fr\/wp-json\/wp\/v2\/marca?post=110756"},{"taxonomy":"nivel-de-juego","embeddable":true,"href":"https:\/\/revolutionpadelstore.com\/fr\/wp-json\/wp\/v2\/nivel-de-juego?post=110756"},{"taxonomy":"superficie","embeddable":true,"href":"https:\/\/revolutionpadelstore.com\/fr\/wp-json\/wp\/v2\/superficie?post=110756"},{"taxonomy":"tipo-de-juego","embeddable":true,"href":"https:\/\/revolutionpadelstore.com\/fr\/wp-json\/wp\/v2\/tipo-de-juego?post=110756"},{"taxonomy":"product_brand","embeddable":true,"href":"https:\/\/revolutionpadelstore.com\/fr\/wp-json\/wp\/v2\/product_brand?post=110756"},{"taxonomy":"product_cat","embeddable":true,"href":"https:\/\/revolutionpadelstore.com\/fr\/wp-json\/wp\/v2\/product_cat?post=110756"},{"taxonomy":"product_tag","embeddable":true,"href":"https:\/\/revolutionpadelstore.com\/fr\/wp-json\/wp\/v2\/product_tag?post=110756"}],"curies":[{"name":"wp","href":"https:\/\/api.w.org\/{rel}","templated":true}]}}