{"id":11037,"date":"2024-06-18T13:16:46","date_gmt":"2024-06-18T11:16:46","guid":{"rendered":"https:\/\/revolutionpadelstore.com\/cross-it-pro-edt-2024-marta-ortega\/"},"modified":"2026-04-08T11:16:43","modified_gmt":"2026-04-08T09:16:43","slug":"adidas-cross-it-pro-edt-2024-marta-ortega","status":"publish","type":"product","link":"https:\/\/revolutionpadelstore.com\/fr\/produit\/adidas-cross-it-pro-edt-2024-marta-ortega\/","title":{"rendered":"ADIDAS CROSS IT PRO EDT 2024 MARTA ORTEGA"},"content":{"rendered":"<div class=\"elementor-widget Elementor-element Elementor-element-v9q0wy0 Elementor-widget-heading\" data-element_type=\"heading\">\n<div class=\"elementor-widget-container\">\n<h2 class=\"elementor-heading-titleelementor-size-default none\">CROSS IT PRO EDT<\/h2>\n<\/div>\n<\/div>\n<div class=\"elementor-widget Elementor-element Elementor-element-1chplo7 Elementor-widget-text-editor\" data-element_type=\"text-editor\">\n<div class=\"elementor-widget-container\">\n<div class=\"elementor-text-editor rte-content\">\n<p>La PRO-EDT Cross It Light de Marta Ortega est une raquette exclusive con\u00e7ue pour les joueurs qui recherchent la perfection sur tous les points. Il int\u00e8gre toutes les technologies r\u00e9volutionnaires Cross It, qui vous offrent une valeur diff\u00e9rentielle dans tous les aspects du jeu. Le syst\u00e8me Extra Power Grip et Dynamic Air Flow vous permettent de lib\u00e9rer une puissance \u00e9crasante, tandis que le Spin Blade Mold vous aide \u00e0 ex\u00e9cuter des tirs avec une rotation digne d&#8217;un professionnel. Les technologies <strong>Eleven 13<\/strong> et <strong>Structural Reinforcement<\/strong> garantissent que votre raquette r\u00e9sistera aux coups les plus violents, vous permettant de jouer sans soucis. La composition de fibre de carbone aluminis\u00e9e 24K et de caoutchouc <strong>EVA Soft Energy<\/strong> vous offre une rigidit\u00e9 enviable, parfaite pour briller lors de frappes puissantes et pr\u00e9cises.<\/p>\n<p>L&#8217;a\u00e9rodynamisme est arriv\u00e9 dans le monde du padel. Cette technologie r\u00e9duit la r\u00e9sistance de l&#8217;air dans la zone du cou de la raquette pour gagner en vitesse lors de l&#8217;ex\u00e9cution des coups, notamment les plus puissants.<\/p>\n<p>Une nouvelle fa\u00e7on de disposer les trous qui am\u00e9liore la durabilit\u00e9 et la capacit\u00e9 de puissance de la raquette. Ils sont constitu\u00e9s de trous plus petits que d\u2019habitude situ\u00e9s dans la partie centrale de la t\u00eate. De cette mani\u00e8re, cette partie centrale gagne en coh\u00e9rence et en rigidit\u00e9.<\/p>\n<p>La prise en main de la raquette est plus longue que d&#8217;habitude. Avec cela, l&#8217;\u00e9quilibre de la raquette est concentr\u00e9 dans la t\u00eate, un facteur qui permet de gagner plus d&#8217;inertie et un meilleur comportement lors des frappes puissantes.<\/p>\n<\/div>\n<\/div>\n<\/div>\n","protected":false},"excerpt":{"rendered":"<p>La PRO-EDT Cross It Light de Marta Ortega est une raquette exclusive con\u00e7ue pour les joueurs qui recherchent la perfection sur chaque point. Il int\u00e8gre toutes les technologies r\u00e9volutionnaires Cross It, qui vous offrent une valeur diff\u00e9rentielle dans tous les aspects du jeu.<\/p>\n","protected":false},"featured_media":11045,"comment_status":"open","ping_status":"closed","template":"","meta":{"_acf_changed":false,"_joinchat":[]},"acabado":[1092],"balance":[1137,1142],"dureza":[1162,1157],"forma":[1177],"jugador":[1197],"marca":[1232],"nivel-de-juego":[1337],"superficie":[1362],"tipo-de-juego":[1387,1377],"product_brand":[],"product_cat":[302],"product_tag":[],"class_list":{"0":"post-11037","1":"product","2":"type-product","3":"status-publish","4":"has-post-thumbnail","6":"acabado-soulager-la-3d","7":"balance-eleve","8":"balance-moyen","9":"dureza-dure","10":"dureza-media-fr","11":"forma-hybride","12":"jugador-mujer-fr","13":"marca-adidas-fr","14":"superficie-rugosa-fr","15":"tipo-de-juego-polivalente-fr","16":"tipo-de-juego-puissance","17":"product_cat-palas-de-padel-fr","19":"first","20":"outofstock","21":"sale","22":"taxable","23":"shipping-taxable","24":"purchasable","25":"product-type-simple"},"acf":[],"yoast_head":"<!-- This site is optimized with the Yoast SEO plugin v27.4 - https:\/\/yoast.com\/product\/yoast-seo-wordpress\/ -->\n<title>ADIDAS CROSS IT PRO EDT 2024 MARTA ORTEGA - Revolution Padel Store<\/title>\n<meta name=\"description\" content=\"La PRO-EDT Cross It Light by Marta Ortega es una pala exclusiva dise\u00f1ada para jugadoras y jugadores que buscan la perfecci\u00f3n en cada punto. Incorpora todas las revolucionarias tecnolog\u00edas Cross It, que te brindan un valor diferencial en todos los aspectos del juego.\" \/>\n<meta name=\"robots\" content=\"index, follow, max-snippet:-1, max-image-preview:large, max-video-preview:-1\" \/>\n<link rel=\"canonical\" href=\"https:\/\/revolutionpadelstore.com\/fr\/produit\/adidas-cross-it-pro-edt-2024-marta-ortega\/\" \/>\n<meta property=\"og:locale\" content=\"fr_FR\" \/>\n<meta property=\"og:type\" content=\"article\" \/>\n<meta property=\"og:title\" content=\"COMPRAR CROSS IT PRO EDT 2024 MARTA ORTEGA\" \/>\n<meta property=\"og:description\" content=\"La PRO-EDT Cross It Light by Marta Ortega es una pala exclusiva dise\u00f1ada para jugadoras y jugadores que buscan la perfecci\u00f3n en cada punto. Incorpora todas las revolucionarias tecnolog\u00edas Cross It, que te brindan un valor diferencial en todos los aspectos del juego.\" \/>\n<meta property=\"og:url\" content=\"https:\/\/revolutionpadelstore.com\/fr\/produit\/adidas-cross-it-pro-edt-2024-marta-ortega\/\" \/>\n<meta property=\"og:site_name\" content=\"Revolution Padel Store\" \/>\n<meta property=\"article:modified_time\" content=\"2026-04-08T09:16:43+00:00\" \/>\n<meta property=\"og:image\" content=\"https:\/\/revolutionpadelstore.com\/wp-content\/uploads\/2024\/06\/adidas-cross-it-pro-edt-2024.png\" \/>\n\t<meta property=\"og:image:width\" content=\"900\" \/>\n\t<meta property=\"og:image:height\" content=\"900\" \/>\n\t<meta property=\"og:image:type\" content=\"image\/png\" \/>\n<meta name=\"twitter:card\" content=\"summary_large_image\" \/>\n<meta name=\"twitter:label1\" content=\"Dur\u00e9e de lecture estim\u00e9e\" \/>\n\t<meta name=\"twitter:data1\" content=\"2 minutes\" \/>\n<script type=\"application\/ld+json\" class=\"yoast-schema-graph\">{\"@context\":\"https:\\\/\\\/schema.org\",\"@graph\":[{\"@type\":\"WebPage\",\"@id\":\"https:\\\/\\\/revolutionpadelstore.com\\\/fr\\\/produit\\\/adidas-cross-it-pro-edt-2024-marta-ortega\\\/\",\"url\":\"https:\\\/\\\/revolutionpadelstore.com\\\/fr\\\/produit\\\/adidas-cross-it-pro-edt-2024-marta-ortega\\\/\",\"name\":\"ADIDAS CROSS IT PRO EDT 2024 MARTA ORTEGA - Revolution Padel Store\",\"isPartOf\":{\"@id\":\"https:\\\/\\\/revolutionpadelstore.com\\\/fr\\\/#website\"},\"primaryImageOfPage\":{\"@id\":\"https:\\\/\\\/revolutionpadelstore.com\\\/fr\\\/produit\\\/adidas-cross-it-pro-edt-2024-marta-ortega\\\/#primaryimage\"},\"image\":{\"@id\":\"https:\\\/\\\/revolutionpadelstore.com\\\/fr\\\/produit\\\/adidas-cross-it-pro-edt-2024-marta-ortega\\\/#primaryimage\"},\"thumbnailUrl\":\"https:\\\/\\\/revolutionpadelstore.com\\\/wp-content\\\/uploads\\\/2024\\\/06\\\/adidas-cross-it-pro-edt-2024.png\",\"datePublished\":\"2024-06-18T11:16:46+00:00\",\"dateModified\":\"2026-04-08T09:16:43+00:00\",\"description\":\"La PRO-EDT Cross It Light by Marta Ortega es una pala exclusiva dise\u00f1ada para jugadoras y jugadores que buscan la perfecci\u00f3n en cada punto. Incorpora todas las revolucionarias tecnolog\u00edas Cross It, que te brindan un valor diferencial en todos los aspectos del juego.\",\"breadcrumb\":{\"@id\":\"https:\\\/\\\/revolutionpadelstore.com\\\/fr\\\/produit\\\/adidas-cross-it-pro-edt-2024-marta-ortega\\\/#breadcrumb\"},\"inLanguage\":\"fr-FR\",\"potentialAction\":[{\"@type\":\"ReadAction\",\"target\":[\"https:\\\/\\\/revolutionpadelstore.com\\\/fr\\\/produit\\\/adidas-cross-it-pro-edt-2024-marta-ortega\\\/\"]}]},{\"@type\":\"ImageObject\",\"inLanguage\":\"fr-FR\",\"@id\":\"https:\\\/\\\/revolutionpadelstore.com\\\/fr\\\/produit\\\/adidas-cross-it-pro-edt-2024-marta-ortega\\\/#primaryimage\",\"url\":\"https:\\\/\\\/revolutionpadelstore.com\\\/wp-content\\\/uploads\\\/2024\\\/06\\\/adidas-cross-it-pro-edt-2024.png\",\"contentUrl\":\"https:\\\/\\\/revolutionpadelstore.com\\\/wp-content\\\/uploads\\\/2024\\\/06\\\/adidas-cross-it-pro-edt-2024.png\",\"width\":900,\"height\":900},{\"@type\":\"BreadcrumbList\",\"@id\":\"https:\\\/\\\/revolutionpadelstore.com\\\/fr\\\/produit\\\/adidas-cross-it-pro-edt-2024-marta-ortega\\\/#breadcrumb\",\"itemListElement\":[{\"@type\":\"ListItem\",\"position\":1,\"name\":\"Portada\",\"item\":\"https:\\\/\\\/revolutionpadelstore.com\\\/fr\\\/\"},{\"@type\":\"ListItem\",\"position\":2,\"name\":\"Boutique\",\"item\":\"https:\\\/\\\/revolutionpadelstore.com\\\/fr\\\/tienda\\\/\"},{\"@type\":\"ListItem\",\"position\":3,\"name\":\"ADIDAS CROSS IT PRO EDT 2024 MARTA ORTEGA\"}]},{\"@type\":\"WebSite\",\"@id\":\"https:\\\/\\\/revolutionpadelstore.com\\\/fr\\\/#website\",\"url\":\"https:\\\/\\\/revolutionpadelstore.com\\\/fr\\\/\",\"name\":\"Revolution Padel Store\",\"description\":\"\",\"publisher\":{\"@id\":\"https:\\\/\\\/revolutionpadelstore.com\\\/fr\\\/#organization\"},\"potentialAction\":[{\"@type\":\"SearchAction\",\"target\":{\"@type\":\"EntryPoint\",\"urlTemplate\":\"https:\\\/\\\/revolutionpadelstore.com\\\/fr\\\/?s={search_term_string}\"},\"query-input\":{\"@type\":\"PropertyValueSpecification\",\"valueRequired\":true,\"valueName\":\"search_term_string\"}}],\"inLanguage\":\"fr-FR\"},{\"@type\":\"Organization\",\"@id\":\"https:\\\/\\\/revolutionpadelstore.com\\\/fr\\\/#organization\",\"name\":\"Revolution Padel Store\",\"url\":\"https:\\\/\\\/revolutionpadelstore.com\\\/fr\\\/\",\"logo\":{\"@type\":\"ImageObject\",\"inLanguage\":\"fr-FR\",\"@id\":\"https:\\\/\\\/revolutionpadelstore.com\\\/fr\\\/#\\\/schema\\\/logo\\\/image\\\/\",\"url\":\"https:\\\/\\\/revolutionpadelstore.com\\\/wp-content\\\/uploads\\\/2026\\\/02\\\/revolution-padel-store.jpg\",\"contentUrl\":\"https:\\\/\\\/revolutionpadelstore.com\\\/wp-content\\\/uploads\\\/2026\\\/02\\\/revolution-padel-store.jpg\",\"width\":2000,\"height\":2000,\"caption\":\"Revolution Padel Store\"},\"image\":{\"@id\":\"https:\\\/\\\/revolutionpadelstore.com\\\/fr\\\/#\\\/schema\\\/logo\\\/image\\\/\"},\"sameAs\":[\"https:\\\/\\\/www.instagram.com\\\/revolutionpadelstore\\\/\"]}]}<\/script>\n<!-- \/ Yoast SEO plugin. -->","yoast_head_json":{"title":"ADIDAS CROSS IT PRO EDT 2024 MARTA ORTEGA - Revolution Padel Store","description":"La PRO-EDT Cross It Light by Marta Ortega es una pala exclusiva dise\u00f1ada para jugadoras y jugadores que buscan la perfecci\u00f3n en cada punto. Incorpora todas las revolucionarias tecnolog\u00edas Cross It, que te brindan un valor diferencial en todos los aspectos del juego.","robots":{"index":"index","follow":"follow","max-snippet":"max-snippet:-1","max-image-preview":"max-image-preview:large","max-video-preview":"max-video-preview:-1"},"canonical":"https:\/\/revolutionpadelstore.com\/fr\/produit\/adidas-cross-it-pro-edt-2024-marta-ortega\/","og_locale":"fr_FR","og_type":"article","og_title":"COMPRAR CROSS IT PRO EDT 2024 MARTA ORTEGA","og_description":"La PRO-EDT Cross It Light by Marta Ortega es una pala exclusiva dise\u00f1ada para jugadoras y jugadores que buscan la perfecci\u00f3n en cada punto. Incorpora todas las revolucionarias tecnolog\u00edas Cross It, que te brindan un valor diferencial en todos los aspectos del juego.","og_url":"https:\/\/revolutionpadelstore.com\/fr\/produit\/adidas-cross-it-pro-edt-2024-marta-ortega\/","og_site_name":"Revolution Padel Store","article_modified_time":"2026-04-08T09:16:43+00:00","og_image":[{"width":900,"height":900,"url":"https:\/\/revolutionpadelstore.com\/wp-content\/uploads\/2024\/06\/adidas-cross-it-pro-edt-2024.png","type":"image\/png"}],"twitter_card":"summary_large_image","twitter_misc":{"Dur\u00e9e de lecture estim\u00e9e":"2 minutes"},"schema":{"@context":"https:\/\/schema.org","@graph":[{"@type":"WebPage","@id":"https:\/\/revolutionpadelstore.com\/fr\/produit\/adidas-cross-it-pro-edt-2024-marta-ortega\/","url":"https:\/\/revolutionpadelstore.com\/fr\/produit\/adidas-cross-it-pro-edt-2024-marta-ortega\/","name":"ADIDAS CROSS IT PRO EDT 2024 MARTA ORTEGA - Revolution Padel Store","isPartOf":{"@id":"https:\/\/revolutionpadelstore.com\/fr\/#website"},"primaryImageOfPage":{"@id":"https:\/\/revolutionpadelstore.com\/fr\/produit\/adidas-cross-it-pro-edt-2024-marta-ortega\/#primaryimage"},"image":{"@id":"https:\/\/revolutionpadelstore.com\/fr\/produit\/adidas-cross-it-pro-edt-2024-marta-ortega\/#primaryimage"},"thumbnailUrl":"https:\/\/revolutionpadelstore.com\/wp-content\/uploads\/2024\/06\/adidas-cross-it-pro-edt-2024.png","datePublished":"2024-06-18T11:16:46+00:00","dateModified":"2026-04-08T09:16:43+00:00","description":"La PRO-EDT Cross It Light by Marta Ortega es una pala exclusiva dise\u00f1ada para jugadoras y jugadores que buscan la perfecci\u00f3n en cada punto. Incorpora todas las revolucionarias tecnolog\u00edas Cross It, que te brindan un valor diferencial en todos los aspectos del juego.","breadcrumb":{"@id":"https:\/\/revolutionpadelstore.com\/fr\/produit\/adidas-cross-it-pro-edt-2024-marta-ortega\/#breadcrumb"},"inLanguage":"fr-FR","potentialAction":[{"@type":"ReadAction","target":["https:\/\/revolutionpadelstore.com\/fr\/produit\/adidas-cross-it-pro-edt-2024-marta-ortega\/"]}]},{"@type":"ImageObject","inLanguage":"fr-FR","@id":"https:\/\/revolutionpadelstore.com\/fr\/produit\/adidas-cross-it-pro-edt-2024-marta-ortega\/#primaryimage","url":"https:\/\/revolutionpadelstore.com\/wp-content\/uploads\/2024\/06\/adidas-cross-it-pro-edt-2024.png","contentUrl":"https:\/\/revolutionpadelstore.com\/wp-content\/uploads\/2024\/06\/adidas-cross-it-pro-edt-2024.png","width":900,"height":900},{"@type":"BreadcrumbList","@id":"https:\/\/revolutionpadelstore.com\/fr\/produit\/adidas-cross-it-pro-edt-2024-marta-ortega\/#breadcrumb","itemListElement":[{"@type":"ListItem","position":1,"name":"Portada","item":"https:\/\/revolutionpadelstore.com\/fr\/"},{"@type":"ListItem","position":2,"name":"Boutique","item":"https:\/\/revolutionpadelstore.com\/fr\/tienda\/"},{"@type":"ListItem","position":3,"name":"ADIDAS CROSS IT PRO EDT 2024 MARTA ORTEGA"}]},{"@type":"WebSite","@id":"https:\/\/revolutionpadelstore.com\/fr\/#website","url":"https:\/\/revolutionpadelstore.com\/fr\/","name":"Revolution Padel Store","description":"","publisher":{"@id":"https:\/\/revolutionpadelstore.com\/fr\/#organization"},"potentialAction":[{"@type":"SearchAction","target":{"@type":"EntryPoint","urlTemplate":"https:\/\/revolutionpadelstore.com\/fr\/?s={search_term_string}"},"query-input":{"@type":"PropertyValueSpecification","valueRequired":true,"valueName":"search_term_string"}}],"inLanguage":"fr-FR"},{"@type":"Organization","@id":"https:\/\/revolutionpadelstore.com\/fr\/#organization","name":"Revolution Padel Store","url":"https:\/\/revolutionpadelstore.com\/fr\/","logo":{"@type":"ImageObject","inLanguage":"fr-FR","@id":"https:\/\/revolutionpadelstore.com\/fr\/#\/schema\/logo\/image\/","url":"https:\/\/revolutionpadelstore.com\/wp-content\/uploads\/2026\/02\/revolution-padel-store.jpg","contentUrl":"https:\/\/revolutionpadelstore.com\/wp-content\/uploads\/2026\/02\/revolution-padel-store.jpg","width":2000,"height":2000,"caption":"Revolution Padel Store"},"image":{"@id":"https:\/\/revolutionpadelstore.com\/fr\/#\/schema\/logo\/image\/"},"sameAs":["https:\/\/www.instagram.com\/revolutionpadelstore\/"]}]}},"_links":{"self":[{"href":"https:\/\/revolutionpadelstore.com\/fr\/wp-json\/wp\/v2\/product\/11037","targetHints":{"allow":["GET"]}}],"collection":[{"href":"https:\/\/revolutionpadelstore.com\/fr\/wp-json\/wp\/v2\/product"}],"about":[{"href":"https:\/\/revolutionpadelstore.com\/fr\/wp-json\/wp\/v2\/types\/product"}],"replies":[{"embeddable":true,"href":"https:\/\/revolutionpadelstore.com\/fr\/wp-json\/wp\/v2\/comments?post=11037"}],"wp:featuredmedia":[{"embeddable":true,"href":"https:\/\/revolutionpadelstore.com\/fr\/wp-json\/wp\/v2\/media\/11045"}],"wp:attachment":[{"href":"https:\/\/revolutionpadelstore.com\/fr\/wp-json\/wp\/v2\/media?parent=11037"}],"wp:term":[{"taxonomy":"acabado","embeddable":true,"href":"https:\/\/revolutionpadelstore.com\/fr\/wp-json\/wp\/v2\/acabado?post=11037"},{"taxonomy":"balance","embeddable":true,"href":"https:\/\/revolutionpadelstore.com\/fr\/wp-json\/wp\/v2\/balance?post=11037"},{"taxonomy":"dureza","embeddable":true,"href":"https:\/\/revolutionpadelstore.com\/fr\/wp-json\/wp\/v2\/dureza?post=11037"},{"taxonomy":"forma","embeddable":true,"href":"https:\/\/revolutionpadelstore.com\/fr\/wp-json\/wp\/v2\/forma?post=11037"},{"taxonomy":"jugador","embeddable":true,"href":"https:\/\/revolutionpadelstore.com\/fr\/wp-json\/wp\/v2\/jugador?post=11037"},{"taxonomy":"marca","embeddable":true,"href":"https:\/\/revolutionpadelstore.com\/fr\/wp-json\/wp\/v2\/marca?post=11037"},{"taxonomy":"nivel-de-juego","embeddable":true,"href":"https:\/\/revolutionpadelstore.com\/fr\/wp-json\/wp\/v2\/nivel-de-juego?post=11037"},{"taxonomy":"superficie","embeddable":true,"href":"https:\/\/revolutionpadelstore.com\/fr\/wp-json\/wp\/v2\/superficie?post=11037"},{"taxonomy":"tipo-de-juego","embeddable":true,"href":"https:\/\/revolutionpadelstore.com\/fr\/wp-json\/wp\/v2\/tipo-de-juego?post=11037"},{"taxonomy":"product_brand","embeddable":true,"href":"https:\/\/revolutionpadelstore.com\/fr\/wp-json\/wp\/v2\/product_brand?post=11037"},{"taxonomy":"product_cat","embeddable":true,"href":"https:\/\/revolutionpadelstore.com\/fr\/wp-json\/wp\/v2\/product_cat?post=11037"},{"taxonomy":"product_tag","embeddable":true,"href":"https:\/\/revolutionpadelstore.com\/fr\/wp-json\/wp\/v2\/product_tag?post=11037"}],"curies":[{"name":"wp","href":"https:\/\/api.w.org\/{rel}","templated":true}]}}