{"id":11000,"date":"2024-06-18T14:51:16","date_gmt":"2024-06-18T12:51:16","guid":{"rendered":"https:\/\/revolutionpadelstore.com\/adipower-ctrl-mtw-pro-edt-2024-alex-ruiz\/"},"modified":"2026-04-08T11:16:13","modified_gmt":"2026-04-08T09:16:13","slug":"adidas-adipower-ctrl-mtw-pro-edt-2024-alex-ruiz","status":"publish","type":"product","link":"https:\/\/revolutionpadelstore.com\/fr\/produit\/adidas-adipower-ctrl-mtw-pro-edt-2024-alex-ruiz\/","title":{"rendered":"ADIDAS ADIPOWER CTRL MTW PRO EDT 2024 ALEX RUIZ"},"content":{"rendered":"<div class=\"elementor-widget Elementor-element Elementor-element-hb8cjf9 Elementor-widget-heading\" data-element_type=\"heading\">\n<div class=\"elementor-widget-container\">\n<h2 class=\"elementor-heading-titleelementor-size-default none\">ADIPOWER CTRL MTW PRO EDT<\/h2>\n<\/div>\n<\/div>\n<div class=\"elementor-widget Elementor-element Elementor-element-tv9zqlu Elementor-widget-text-editor\" data-element_type=\"text-editor\">\n<div class=\"elementor-widget-container\">\n<div class=\"elementor-text-editor rte-content\">\n<p>Le PRO-EDT Adipower CTRL MTW d&#8217;\u00c1lex Ruiz est un mod\u00e8le unique et exclusif. Il rassemble toutes les technologies Multiweight et des mat\u00e9riaux de la plus haute qualit\u00e9 pour atteindre l&#8217;excellence. Pour atteindre une puissance maximale, le Power Embossed Ridge et le Dual Exoskeleton offrent une rigidit\u00e9 incomparable, tandis que le meilleur spin vient du Spin Blade <\/strong>.<\/p>\n<p>Le syst\u00e8me <strong>Weight &amp; Balance<\/strong> vous permet d&#8217;ajuster le poids et l&#8217;\u00e9quilibre de la raquette \u00e0 votre guise, vous permettant de trouver l&#8217;\u00e9quilibre parfait entre puissance et contr\u00f4le. La forme ronde de la raquette vous offre un contr\u00f4le absolu. le ballon , vous permettant de le placer pr\u00e9cis\u00e9ment dans n&#8217;importe quel coin du terrain.<\/p>\n<p>La combinaison de la <strong>fibre de carbone 18K<\/strong> et du caoutchouc <strong>EVA High Memory<\/strong> offre une rigidit\u00e9 in\u00e9gal\u00e9e, parfaite pour d\u00e9ployer un jeu offensif \u00e9crasant.<\/p>\n<p>L&#8217;\u00e9quilibre et les poids de la raquette sont modifiables gr\u00e2ce \u00e0 cette technologie innovante pr\u00e9sente uniquement dans les raquettes de plus haut niveau. Son syst\u00e8me de vis amovible install\u00e9 sur le dessus et les c\u00f4t\u00e9s de la t\u00eate de raquette permet d&#8217;ajuster l&#8217;\u00e9quilibre du poids et d&#8217;adapter le comportement aux besoins de chaque joueur \u00e0 tout moment.<\/p>\n<p>La rigidit\u00e9 fait partie int\u00e9grante des pales dot\u00e9es de cette technologie de renforcement de structure. Les nervures en carbone \u00e0 double hauteur r\u00e9parties sur le noyau et le cadre offrent les meilleures performances sur les frappes les plus puissantes.<\/p>\n<p>La raquette pr\u00e9sente un relief rugueux en surface pour obtenir les meilleurs effets. Le frottement avec le ballon est \u00e0 haute tension pour r\u00e9aliser les virages les plus surprenants et les plus compliqu\u00e9s pour les rivaux.<\/p>\n<\/div>\n<\/div>\n<\/div>\n","protected":false},"excerpt":{"rendered":"<p>ADIPOWER CTRL MTW PRO EDT Le PRO-EDT Adipower CTRL MTW d&#8217;\u00c1lex Ruiz est un mod\u00e8le unique et exclusif. Il rassemble toutes les technologies Multiweight et des mat\u00e9riaux de la plus haute qualit\u00e9 pour atteindre l&#8217;excellence. Pour atteindre une puissance maximale, le Power Embossed Ridge et le Dual Exoskeleton offrent une rigidit\u00e9 incomparable, tandis que le [&hellip;]<\/p>\n","protected":false},"featured_media":11008,"comment_status":"open","ping_status":"closed","template":"","meta":{"_acf_changed":false,"_joinchat":[]},"acabado":[1092],"balance":[1142],"dureza":[1157],"forma":[1182],"jugador":[1192,1202],"marca":[1232],"nivel-de-juego":[1337],"superficie":[1362],"tipo-de-juego":[1392,1387],"product_brand":[],"product_cat":[302],"product_tag":[],"class_list":{"0":"post-11000","1":"product","2":"type-product","3":"status-publish","4":"has-post-thumbnail","6":"acabado-soulager-la-3d","7":"balance-moyen","8":"dureza-media-fr","9":"forma-rond","10":"jugador-homme","11":"jugador-polivalente-fr","12":"marca-adidas-fr","13":"superficie-rugosa-fr","14":"tipo-de-juego-avanzado-competicion-fr","15":"tipo-de-juego-polivalente-fr","16":"product_cat-palas-de-padel-fr","18":"first","19":"outofstock","20":"sale","21":"taxable","22":"shipping-taxable","23":"purchasable","24":"product-type-simple"},"acf":[],"yoast_head":"<!-- This site is optimized with the Yoast SEO plugin v27.4 - https:\/\/yoast.com\/product\/yoast-seo-wordpress\/ -->\n<title>ADIDAS ADIPOWER CTRL MTW PRO EDT 2024 ALEX RUIZ - Revolution Padel Store<\/title>\n<meta name=\"description\" content=\"La PRO-EDT Adipower CTRL MTW by \u00c1lex Ruiz es un modelo \u00fanico y exclusivo. Agrupa todas las tecnolog\u00edas de Multiweight y los materiales de mayor calidad para alcanzar la excelencia.\" \/>\n<meta name=\"robots\" content=\"index, follow, max-snippet:-1, max-image-preview:large, max-video-preview:-1\" \/>\n<link rel=\"canonical\" href=\"https:\/\/revolutionpadelstore.com\/fr\/produit\/adidas-adipower-ctrl-mtw-pro-edt-2024-alex-ruiz\/\" \/>\n<meta property=\"og:locale\" content=\"fr_FR\" \/>\n<meta property=\"og:type\" content=\"article\" \/>\n<meta property=\"og:title\" content=\"COMPRAR ADIPOWER CTRL MTW PRO EDT 2024 ALEX RUIZ\" \/>\n<meta property=\"og:description\" content=\"La PRO-EDT Adipower CTRL MTW by \u00c1lex Ruiz es un modelo \u00fanico y exclusivo. Agrupa todas las tecnolog\u00edas de Multiweight y los materiales de mayor calidad para alcanzar la excelencia.\" \/>\n<meta property=\"og:url\" content=\"https:\/\/revolutionpadelstore.com\/fr\/produit\/adidas-adipower-ctrl-mtw-pro-edt-2024-alex-ruiz\/\" \/>\n<meta property=\"og:site_name\" content=\"Revolution Padel Store\" \/>\n<meta property=\"article:modified_time\" content=\"2026-04-08T09:16:13+00:00\" \/>\n<meta property=\"og:image\" content=\"https:\/\/revolutionpadelstore.com\/wp-content\/uploads\/2024\/06\/adidas-adipower-ctrl-mtw-pro-edt-2024.png\" \/>\n\t<meta property=\"og:image:width\" content=\"900\" \/>\n\t<meta property=\"og:image:height\" content=\"900\" \/>\n\t<meta property=\"og:image:type\" content=\"image\/png\" \/>\n<meta name=\"twitter:card\" content=\"summary_large_image\" \/>\n<meta name=\"twitter:label1\" content=\"Dur\u00e9e de lecture estim\u00e9e\" \/>\n\t<meta name=\"twitter:data1\" content=\"2 minutes\" \/>\n<script type=\"application\/ld+json\" class=\"yoast-schema-graph\">{\"@context\":\"https:\\\/\\\/schema.org\",\"@graph\":[{\"@type\":\"WebPage\",\"@id\":\"https:\\\/\\\/revolutionpadelstore.com\\\/fr\\\/produit\\\/adidas-adipower-ctrl-mtw-pro-edt-2024-alex-ruiz\\\/\",\"url\":\"https:\\\/\\\/revolutionpadelstore.com\\\/fr\\\/produit\\\/adidas-adipower-ctrl-mtw-pro-edt-2024-alex-ruiz\\\/\",\"name\":\"ADIDAS ADIPOWER CTRL MTW PRO EDT 2024 ALEX RUIZ - Revolution Padel Store\",\"isPartOf\":{\"@id\":\"https:\\\/\\\/revolutionpadelstore.com\\\/fr\\\/#website\"},\"primaryImageOfPage\":{\"@id\":\"https:\\\/\\\/revolutionpadelstore.com\\\/fr\\\/produit\\\/adidas-adipower-ctrl-mtw-pro-edt-2024-alex-ruiz\\\/#primaryimage\"},\"image\":{\"@id\":\"https:\\\/\\\/revolutionpadelstore.com\\\/fr\\\/produit\\\/adidas-adipower-ctrl-mtw-pro-edt-2024-alex-ruiz\\\/#primaryimage\"},\"thumbnailUrl\":\"https:\\\/\\\/revolutionpadelstore.com\\\/wp-content\\\/uploads\\\/2024\\\/06\\\/adidas-adipower-ctrl-mtw-pro-edt-2024.png\",\"datePublished\":\"2024-06-18T12:51:16+00:00\",\"dateModified\":\"2026-04-08T09:16:13+00:00\",\"description\":\"La PRO-EDT Adipower CTRL MTW by \u00c1lex Ruiz es un modelo \u00fanico y exclusivo. Agrupa todas las tecnolog\u00edas de Multiweight y los materiales de mayor calidad para alcanzar la excelencia.\",\"breadcrumb\":{\"@id\":\"https:\\\/\\\/revolutionpadelstore.com\\\/fr\\\/produit\\\/adidas-adipower-ctrl-mtw-pro-edt-2024-alex-ruiz\\\/#breadcrumb\"},\"inLanguage\":\"fr-FR\",\"potentialAction\":[{\"@type\":\"ReadAction\",\"target\":[\"https:\\\/\\\/revolutionpadelstore.com\\\/fr\\\/produit\\\/adidas-adipower-ctrl-mtw-pro-edt-2024-alex-ruiz\\\/\"]}]},{\"@type\":\"ImageObject\",\"inLanguage\":\"fr-FR\",\"@id\":\"https:\\\/\\\/revolutionpadelstore.com\\\/fr\\\/produit\\\/adidas-adipower-ctrl-mtw-pro-edt-2024-alex-ruiz\\\/#primaryimage\",\"url\":\"https:\\\/\\\/revolutionpadelstore.com\\\/wp-content\\\/uploads\\\/2024\\\/06\\\/adidas-adipower-ctrl-mtw-pro-edt-2024.png\",\"contentUrl\":\"https:\\\/\\\/revolutionpadelstore.com\\\/wp-content\\\/uploads\\\/2024\\\/06\\\/adidas-adipower-ctrl-mtw-pro-edt-2024.png\",\"width\":900,\"height\":900},{\"@type\":\"BreadcrumbList\",\"@id\":\"https:\\\/\\\/revolutionpadelstore.com\\\/fr\\\/produit\\\/adidas-adipower-ctrl-mtw-pro-edt-2024-alex-ruiz\\\/#breadcrumb\",\"itemListElement\":[{\"@type\":\"ListItem\",\"position\":1,\"name\":\"Portada\",\"item\":\"https:\\\/\\\/revolutionpadelstore.com\\\/fr\\\/\"},{\"@type\":\"ListItem\",\"position\":2,\"name\":\"Boutique\",\"item\":\"https:\\\/\\\/revolutionpadelstore.com\\\/fr\\\/tienda\\\/\"},{\"@type\":\"ListItem\",\"position\":3,\"name\":\"ADIDAS ADIPOWER CTRL MTW PRO EDT 2024 ALEX RUIZ\"}]},{\"@type\":\"WebSite\",\"@id\":\"https:\\\/\\\/revolutionpadelstore.com\\\/fr\\\/#website\",\"url\":\"https:\\\/\\\/revolutionpadelstore.com\\\/fr\\\/\",\"name\":\"Revolution Padel Store\",\"description\":\"\",\"publisher\":{\"@id\":\"https:\\\/\\\/revolutionpadelstore.com\\\/fr\\\/#organization\"},\"potentialAction\":[{\"@type\":\"SearchAction\",\"target\":{\"@type\":\"EntryPoint\",\"urlTemplate\":\"https:\\\/\\\/revolutionpadelstore.com\\\/fr\\\/?s={search_term_string}\"},\"query-input\":{\"@type\":\"PropertyValueSpecification\",\"valueRequired\":true,\"valueName\":\"search_term_string\"}}],\"inLanguage\":\"fr-FR\"},{\"@type\":\"Organization\",\"@id\":\"https:\\\/\\\/revolutionpadelstore.com\\\/fr\\\/#organization\",\"name\":\"Revolution Padel Store\",\"url\":\"https:\\\/\\\/revolutionpadelstore.com\\\/fr\\\/\",\"logo\":{\"@type\":\"ImageObject\",\"inLanguage\":\"fr-FR\",\"@id\":\"https:\\\/\\\/revolutionpadelstore.com\\\/fr\\\/#\\\/schema\\\/logo\\\/image\\\/\",\"url\":\"https:\\\/\\\/revolutionpadelstore.com\\\/wp-content\\\/uploads\\\/2026\\\/02\\\/revolution-padel-store.jpg\",\"contentUrl\":\"https:\\\/\\\/revolutionpadelstore.com\\\/wp-content\\\/uploads\\\/2026\\\/02\\\/revolution-padel-store.jpg\",\"width\":2000,\"height\":2000,\"caption\":\"Revolution Padel Store\"},\"image\":{\"@id\":\"https:\\\/\\\/revolutionpadelstore.com\\\/fr\\\/#\\\/schema\\\/logo\\\/image\\\/\"},\"sameAs\":[\"https:\\\/\\\/www.instagram.com\\\/revolutionpadelstore\\\/\"]}]}<\/script>\n<!-- \/ Yoast SEO plugin. -->","yoast_head_json":{"title":"ADIDAS ADIPOWER CTRL MTW PRO EDT 2024 ALEX RUIZ - Revolution Padel Store","description":"La PRO-EDT Adipower CTRL MTW by \u00c1lex Ruiz es un modelo \u00fanico y exclusivo. Agrupa todas las tecnolog\u00edas de Multiweight y los materiales de mayor calidad para alcanzar la excelencia.","robots":{"index":"index","follow":"follow","max-snippet":"max-snippet:-1","max-image-preview":"max-image-preview:large","max-video-preview":"max-video-preview:-1"},"canonical":"https:\/\/revolutionpadelstore.com\/fr\/produit\/adidas-adipower-ctrl-mtw-pro-edt-2024-alex-ruiz\/","og_locale":"fr_FR","og_type":"article","og_title":"COMPRAR ADIPOWER CTRL MTW PRO EDT 2024 ALEX RUIZ","og_description":"La PRO-EDT Adipower CTRL MTW by \u00c1lex Ruiz es un modelo \u00fanico y exclusivo. Agrupa todas las tecnolog\u00edas de Multiweight y los materiales de mayor calidad para alcanzar la excelencia.","og_url":"https:\/\/revolutionpadelstore.com\/fr\/produit\/adidas-adipower-ctrl-mtw-pro-edt-2024-alex-ruiz\/","og_site_name":"Revolution Padel Store","article_modified_time":"2026-04-08T09:16:13+00:00","og_image":[{"width":900,"height":900,"url":"https:\/\/revolutionpadelstore.com\/wp-content\/uploads\/2024\/06\/adidas-adipower-ctrl-mtw-pro-edt-2024.png","type":"image\/png"}],"twitter_card":"summary_large_image","twitter_misc":{"Dur\u00e9e de lecture estim\u00e9e":"2 minutes"},"schema":{"@context":"https:\/\/schema.org","@graph":[{"@type":"WebPage","@id":"https:\/\/revolutionpadelstore.com\/fr\/produit\/adidas-adipower-ctrl-mtw-pro-edt-2024-alex-ruiz\/","url":"https:\/\/revolutionpadelstore.com\/fr\/produit\/adidas-adipower-ctrl-mtw-pro-edt-2024-alex-ruiz\/","name":"ADIDAS ADIPOWER CTRL MTW PRO EDT 2024 ALEX RUIZ - Revolution Padel Store","isPartOf":{"@id":"https:\/\/revolutionpadelstore.com\/fr\/#website"},"primaryImageOfPage":{"@id":"https:\/\/revolutionpadelstore.com\/fr\/produit\/adidas-adipower-ctrl-mtw-pro-edt-2024-alex-ruiz\/#primaryimage"},"image":{"@id":"https:\/\/revolutionpadelstore.com\/fr\/produit\/adidas-adipower-ctrl-mtw-pro-edt-2024-alex-ruiz\/#primaryimage"},"thumbnailUrl":"https:\/\/revolutionpadelstore.com\/wp-content\/uploads\/2024\/06\/adidas-adipower-ctrl-mtw-pro-edt-2024.png","datePublished":"2024-06-18T12:51:16+00:00","dateModified":"2026-04-08T09:16:13+00:00","description":"La PRO-EDT Adipower CTRL MTW by \u00c1lex Ruiz es un modelo \u00fanico y exclusivo. Agrupa todas las tecnolog\u00edas de Multiweight y los materiales de mayor calidad para alcanzar la excelencia.","breadcrumb":{"@id":"https:\/\/revolutionpadelstore.com\/fr\/produit\/adidas-adipower-ctrl-mtw-pro-edt-2024-alex-ruiz\/#breadcrumb"},"inLanguage":"fr-FR","potentialAction":[{"@type":"ReadAction","target":["https:\/\/revolutionpadelstore.com\/fr\/produit\/adidas-adipower-ctrl-mtw-pro-edt-2024-alex-ruiz\/"]}]},{"@type":"ImageObject","inLanguage":"fr-FR","@id":"https:\/\/revolutionpadelstore.com\/fr\/produit\/adidas-adipower-ctrl-mtw-pro-edt-2024-alex-ruiz\/#primaryimage","url":"https:\/\/revolutionpadelstore.com\/wp-content\/uploads\/2024\/06\/adidas-adipower-ctrl-mtw-pro-edt-2024.png","contentUrl":"https:\/\/revolutionpadelstore.com\/wp-content\/uploads\/2024\/06\/adidas-adipower-ctrl-mtw-pro-edt-2024.png","width":900,"height":900},{"@type":"BreadcrumbList","@id":"https:\/\/revolutionpadelstore.com\/fr\/produit\/adidas-adipower-ctrl-mtw-pro-edt-2024-alex-ruiz\/#breadcrumb","itemListElement":[{"@type":"ListItem","position":1,"name":"Portada","item":"https:\/\/revolutionpadelstore.com\/fr\/"},{"@type":"ListItem","position":2,"name":"Boutique","item":"https:\/\/revolutionpadelstore.com\/fr\/tienda\/"},{"@type":"ListItem","position":3,"name":"ADIDAS ADIPOWER CTRL MTW PRO EDT 2024 ALEX RUIZ"}]},{"@type":"WebSite","@id":"https:\/\/revolutionpadelstore.com\/fr\/#website","url":"https:\/\/revolutionpadelstore.com\/fr\/","name":"Revolution Padel Store","description":"","publisher":{"@id":"https:\/\/revolutionpadelstore.com\/fr\/#organization"},"potentialAction":[{"@type":"SearchAction","target":{"@type":"EntryPoint","urlTemplate":"https:\/\/revolutionpadelstore.com\/fr\/?s={search_term_string}"},"query-input":{"@type":"PropertyValueSpecification","valueRequired":true,"valueName":"search_term_string"}}],"inLanguage":"fr-FR"},{"@type":"Organization","@id":"https:\/\/revolutionpadelstore.com\/fr\/#organization","name":"Revolution Padel Store","url":"https:\/\/revolutionpadelstore.com\/fr\/","logo":{"@type":"ImageObject","inLanguage":"fr-FR","@id":"https:\/\/revolutionpadelstore.com\/fr\/#\/schema\/logo\/image\/","url":"https:\/\/revolutionpadelstore.com\/wp-content\/uploads\/2026\/02\/revolution-padel-store.jpg","contentUrl":"https:\/\/revolutionpadelstore.com\/wp-content\/uploads\/2026\/02\/revolution-padel-store.jpg","width":2000,"height":2000,"caption":"Revolution Padel Store"},"image":{"@id":"https:\/\/revolutionpadelstore.com\/fr\/#\/schema\/logo\/image\/"},"sameAs":["https:\/\/www.instagram.com\/revolutionpadelstore\/"]}]}},"_links":{"self":[{"href":"https:\/\/revolutionpadelstore.com\/fr\/wp-json\/wp\/v2\/product\/11000","targetHints":{"allow":["GET"]}}],"collection":[{"href":"https:\/\/revolutionpadelstore.com\/fr\/wp-json\/wp\/v2\/product"}],"about":[{"href":"https:\/\/revolutionpadelstore.com\/fr\/wp-json\/wp\/v2\/types\/product"}],"replies":[{"embeddable":true,"href":"https:\/\/revolutionpadelstore.com\/fr\/wp-json\/wp\/v2\/comments?post=11000"}],"wp:featuredmedia":[{"embeddable":true,"href":"https:\/\/revolutionpadelstore.com\/fr\/wp-json\/wp\/v2\/media\/11008"}],"wp:attachment":[{"href":"https:\/\/revolutionpadelstore.com\/fr\/wp-json\/wp\/v2\/media?parent=11000"}],"wp:term":[{"taxonomy":"acabado","embeddable":true,"href":"https:\/\/revolutionpadelstore.com\/fr\/wp-json\/wp\/v2\/acabado?post=11000"},{"taxonomy":"balance","embeddable":true,"href":"https:\/\/revolutionpadelstore.com\/fr\/wp-json\/wp\/v2\/balance?post=11000"},{"taxonomy":"dureza","embeddable":true,"href":"https:\/\/revolutionpadelstore.com\/fr\/wp-json\/wp\/v2\/dureza?post=11000"},{"taxonomy":"forma","embeddable":true,"href":"https:\/\/revolutionpadelstore.com\/fr\/wp-json\/wp\/v2\/forma?post=11000"},{"taxonomy":"jugador","embeddable":true,"href":"https:\/\/revolutionpadelstore.com\/fr\/wp-json\/wp\/v2\/jugador?post=11000"},{"taxonomy":"marca","embeddable":true,"href":"https:\/\/revolutionpadelstore.com\/fr\/wp-json\/wp\/v2\/marca?post=11000"},{"taxonomy":"nivel-de-juego","embeddable":true,"href":"https:\/\/revolutionpadelstore.com\/fr\/wp-json\/wp\/v2\/nivel-de-juego?post=11000"},{"taxonomy":"superficie","embeddable":true,"href":"https:\/\/revolutionpadelstore.com\/fr\/wp-json\/wp\/v2\/superficie?post=11000"},{"taxonomy":"tipo-de-juego","embeddable":true,"href":"https:\/\/revolutionpadelstore.com\/fr\/wp-json\/wp\/v2\/tipo-de-juego?post=11000"},{"taxonomy":"product_brand","embeddable":true,"href":"https:\/\/revolutionpadelstore.com\/fr\/wp-json\/wp\/v2\/product_brand?post=11000"},{"taxonomy":"product_cat","embeddable":true,"href":"https:\/\/revolutionpadelstore.com\/fr\/wp-json\/wp\/v2\/product_cat?post=11000"},{"taxonomy":"product_tag","embeddable":true,"href":"https:\/\/revolutionpadelstore.com\/fr\/wp-json\/wp\/v2\/product_tag?post=11000"}],"curies":[{"name":"wp","href":"https:\/\/api.w.org\/{rel}","templated":true}]}}