{"id":100237,"date":"2024-10-21T13:57:20","date_gmt":"2024-10-21T11:57:20","guid":{"rendered":"https:\/\/revolutionpadelstore.com\/nox-ml10-quantum-3k-by-miguel-lamperti-2025\/"},"modified":"2026-04-01T07:06:08","modified_gmt":"2026-04-01T05:06:08","slug":"nox-ml10-quantum-3k-by-miguel-lamperti-2025-3","status":"publish","type":"product","link":"https:\/\/revolutionpadelstore.com\/fr\/produit\/nox-ml10-quantum-3k-by-miguel-lamperti-2025-3\/","title":{"rendered":"NOX ML10 QUANTUM 3K BY MIGUEL LAMPERTI 2025"},"content":{"rendered":"<h2>Nox ML10 Quantum 3K Miguel Lamperti 2025, raquette hybride par excellence<\/h2>\n<p>La raquette Nox ML10 Quantum 3K est celle choisie par le joueur Miguel Lamperti pour la collection 2025. Une raquette en constante \u00e9volution, qui continue d&#8217;\u00eatre indispensable pour les joueurs de padel ann\u00e9e apr\u00e8s ann\u00e9e. De nombreuses am\u00e9liorations ont \u00e9t\u00e9 incluses dans cette nouvelle version, tout en conservant celles qui continuent de donner d&#8217;excellents r\u00e9sultats, comme le caoutchouc HR3. Parmi ces nouveaut\u00e9s, elle int\u00e8gre la nouvelle technologie <strong>Photochromic Paint<\/strong>.<\/p>\n<h2>Nox ML10 Quantum 3K Miguel Lamperti 2025, \u00e9quilibre et vitesse exceptionnels<\/h2>\n<p>Destin\u00e9 aux joueurs de haut niveau et professionnels, ce Nox ML10 Quantum poss\u00e8de une forme ronde et un \u00e9quilibre moyen. Cela signifie un excellent \u00e9quilibre entre contr\u00f4le et puissance. Il se distingue par le fait qu&#8217;il apporte \u00e9quilibre et vitesse \u00e0 votre jeu. De plus, il am\u00e9liore l&#8217;adh\u00e9rence et r\u00e9duit les vibrations \u00e0 chaque coup. Vous profiterez de votre meilleur niveau avec cette <strong>pelle rapide et d\u00e9cisive<\/strong><\/p>\n<h2>Caract\u00e9ristiques Nox ML10 Quantum 3K Miguel Lamperti 2025<\/h2>\n<p style=\"padding-left: 40px\"><em>-3K Carbon<\/em>, des fibres entrelac\u00e9es qui offrent une plus grande <strong>r\u00e9sistance<\/strong> \u00e0 la lame.<\/p>\n<p style=\"padding-left: 40px\"><strong>-Caoutchouc HR3<\/strong>, haute densit\u00e9, qui am\u00e9liore la <strong>m\u00e9moire<\/strong> de la raquette et, par cons\u00e9quent, une plus grande puissance \u00e0 chaque fois. frapp\u00e9.<\/p>\n<p style=\"padding-left: 40px\"><em>-Exclusive Spin<\/em>, technologie qui am\u00e9liore le <strong>contr\u00f4le<\/strong> et le <strong>spin<\/strong> \u00e0 chaque tir. <\/p>\n<p style=\"padding-left: 40px\"><em>-EOS Flap<\/em>, am\u00e9liore l&#8217;a\u00e9rodynamisme et la <strong>maniabilit\u00e9<\/strong> de la lame gr\u00e2ce aux perforations lat\u00e9rales \u00e0 la base du cadre. la pelle Cela signifie une plus grande rigidit\u00e9 et un meilleur contr\u00f4le lors de la frappe.<\/p>\n<p style=\"padding-left: 40px\"><em>-Pulse System<\/em>, pour<strong>r\u00e9duire les vibrations<\/strong> gr\u00e2ce aux caoutchoucs lat\u00e9raux, de la base du cadre jusqu&#8217;au capuchon de la pelle .<\/p>\n<p style=\"padding-left: 40px\"><em>-Cadre en carbone<\/em> dans le cadre de la lame.<\/p>\n<p style=\"padding-left: 40px\"><strong>-DCS<\/strong>, un syst\u00e8me qui r\u00e9duit la diff\u00e9rence de duret\u00e9 entre le cadre et les faces, minimisant ainsi l&#8217;\u00e9ventuelle coupure des fibres lorsqu&#8217;elles sont heurt\u00e9es par l&#8217;ext\u00e9rieur du la pagaie.<\/p>\n<p style=\"padding-left: 40px\"><em>-Peinture photochromique<\/em>, l&#8217;une des <strong>innovations<\/strong> de 2025 est la peinture r\u00e9active NOX, qui varie sa couleur en fonction de la lumi\u00e8re . Cette technologie est compl\u00e9t\u00e9e par le design du caoutchouc, cr\u00e9ant un effet visuel dynamique et attrayant qui ne passera pas inaper\u00e7u sur le terrain.<\/p>\n<h3>Nox ML10 Quantum 3K Miguel Lamperti 2025 disponible chez REVOLUTION PADEL STORE<\/h3>\n<p>Si vous \u00eates un joueur polyvalent, fid\u00e8le \u00e0 la raquette de Nox et Miguel Lamperti, cette nouvelle ML10 Quantum 3K sera votre meilleure alli\u00e9e sur le court. R\u00e9cup\u00e9rez-le au plus vite sur le site REVOLUTION PADEL STORE<\/p>\n<h2>Nox ML10 Quantum 3K Miguel Lamperti 2025, pala h\u00edbrida por excelencia<\/h2>\n","protected":false},"excerpt":{"rendered":"<p>Raquette hybride par excellence, id\u00e9ale pour les joueurs polyvalents et rapides.<\/p>\n","protected":false},"featured_media":125364,"comment_status":"open","ping_status":"closed","template":"","meta":{"_acf_changed":false,"_joinchat":[]},"acabado":[1092],"balance":[1142],"dureza":[1157],"forma":[1182],"jugador":[1192,1202],"marca":[1262],"nivel-de-juego":[1337],"superficie":[1362],"tipo-de-juego":[1387],"product_brand":[],"product_cat":[302],"product_tag":[],"class_list":{"0":"post-100237","1":"product","2":"type-product","3":"status-publish","4":"has-post-thumbnail","6":"acabado-soulager-la-3d","7":"balance-moyen","8":"dureza-media-fr","9":"forma-rond","10":"jugador-homme","11":"jugador-polivalente-fr","12":"marca-nox-fr","13":"superficie-rugosa-fr","14":"tipo-de-juego-polivalente-fr","15":"product_cat-palas-de-padel-fr","17":"first","18":"instock","19":"sale","20":"taxable","21":"shipping-taxable","22":"purchasable","23":"product-type-simple"},"acf":[],"yoast_head":"<!-- This site is optimized with the Yoast SEO plugin v27.3 - https:\/\/yoast.com\/product\/yoast-seo-wordpress\/ -->\n<title>NOX ML10 QUANTUM 3K BY MIGUEL LAMPERTI 2025 - Revolution Padel Store<\/title>\n<meta name=\"description\" content=\"Dirigida a jugadores de nivel alto y profesional, esta\u00a0Nox ML10 Quantum\u00a0tiene\u00a0forma redonda\u00a0y balance medio. Esto significa un excelente equilibrio entre control y potencia. Destaca por aportar\u00a0equilibrio\u00a0y\u00a0velocidad\u00a0a tu juego. Adem\u00e1s, mejora el agarre y reduce las vibraciones en cada golpeo. Disfrutar\u00e1s de tu mejor nivel con esta\u00a0pala r\u00e1pida y decisiva.\" \/>\n<meta name=\"robots\" content=\"index, follow, max-snippet:-1, max-image-preview:large, max-video-preview:-1\" \/>\n<link rel=\"canonical\" href=\"https:\/\/revolutionpadelstore.com\/fr\/produit\/nox-ml10-quantum-3k-by-miguel-lamperti-2025-3\/\" \/>\n<meta property=\"og:locale\" content=\"fr_FR\" \/>\n<meta property=\"og:type\" content=\"article\" \/>\n<meta property=\"og:title\" content=\"NOX ML10 QUANTUM 3K BY MIGUEL LAMPERTI 2025 - Revolution Padel Store\" \/>\n<meta property=\"og:description\" content=\"Dirigida a jugadores de nivel alto y profesional, esta\u00a0Nox ML10 Quantum\u00a0tiene\u00a0forma redonda\u00a0y balance medio. Esto significa un excelente equilibrio entre control y potencia. Destaca por aportar\u00a0equilibrio\u00a0y\u00a0velocidad\u00a0a tu juego. Adem\u00e1s, mejora el agarre y reduce las vibraciones en cada golpeo. Disfrutar\u00e1s de tu mejor nivel con esta\u00a0pala r\u00e1pida y decisiva.\" \/>\n<meta property=\"og:url\" content=\"https:\/\/revolutionpadelstore.com\/fr\/produit\/nox-ml10-quantum-3k-by-miguel-lamperti-2025-3\/\" \/>\n<meta property=\"og:site_name\" content=\"Revolution Padel Store\" \/>\n<meta property=\"article:modified_time\" content=\"2026-04-01T05:06:08+00:00\" \/>\n<meta property=\"og:image\" content=\"https:\/\/revolutionpadelstore.com\/wp-content\/uploads\/2024\/10\/113548_pala_nox_ml10_quantum_3k_by_miguel_lamperti_pml10luxq25_1500x1500_1_a4e0.webp\" \/>\n\t<meta property=\"og:image:width\" content=\"1500\" \/>\n\t<meta property=\"og:image:height\" content=\"1500\" \/>\n\t<meta property=\"og:image:type\" content=\"image\/webp\" \/>\n<meta name=\"twitter:card\" content=\"summary_large_image\" \/>\n<meta name=\"twitter:label1\" content=\"Dur\u00e9e de lecture estim\u00e9e\" \/>\n\t<meta name=\"twitter:data1\" content=\"3 minutes\" \/>\n<script type=\"application\/ld+json\" class=\"yoast-schema-graph\">{\"@context\":\"https:\\\/\\\/schema.org\",\"@graph\":[{\"@type\":\"WebPage\",\"@id\":\"https:\\\/\\\/revolutionpadelstore.com\\\/fr\\\/produit\\\/nox-ml10-quantum-3k-by-miguel-lamperti-2025-3\\\/\",\"url\":\"https:\\\/\\\/revolutionpadelstore.com\\\/fr\\\/produit\\\/nox-ml10-quantum-3k-by-miguel-lamperti-2025-3\\\/\",\"name\":\"NOX ML10 QUANTUM 3K BY MIGUEL LAMPERTI 2025 - Revolution Padel Store\",\"isPartOf\":{\"@id\":\"https:\\\/\\\/revolutionpadelstore.com\\\/fr\\\/#website\"},\"primaryImageOfPage\":{\"@id\":\"https:\\\/\\\/revolutionpadelstore.com\\\/fr\\\/produit\\\/nox-ml10-quantum-3k-by-miguel-lamperti-2025-3\\\/#primaryimage\"},\"image\":{\"@id\":\"https:\\\/\\\/revolutionpadelstore.com\\\/fr\\\/produit\\\/nox-ml10-quantum-3k-by-miguel-lamperti-2025-3\\\/#primaryimage\"},\"thumbnailUrl\":\"https:\\\/\\\/revolutionpadelstore.com\\\/wp-content\\\/uploads\\\/2024\\\/10\\\/113548_pala_nox_ml10_quantum_3k_by_miguel_lamperti_pml10luxq25_1500x1500_1_a4e0.webp\",\"datePublished\":\"2024-10-21T11:57:20+00:00\",\"dateModified\":\"2026-04-01T05:06:08+00:00\",\"description\":\"Dirigida a jugadores de nivel alto y profesional, esta\u00a0Nox ML10 Quantum\u00a0tiene\u00a0forma redonda\u00a0y balance medio. Esto significa un excelente equilibrio entre control y potencia. Destaca por aportar\u00a0equilibrio\u00a0y\u00a0velocidad\u00a0a tu juego. Adem\u00e1s, mejora el agarre y reduce las vibraciones en cada golpeo. Disfrutar\u00e1s de tu mejor nivel con esta\u00a0pala r\u00e1pida y decisiva.\",\"breadcrumb\":{\"@id\":\"https:\\\/\\\/revolutionpadelstore.com\\\/fr\\\/produit\\\/nox-ml10-quantum-3k-by-miguel-lamperti-2025-3\\\/#breadcrumb\"},\"inLanguage\":\"fr-FR\",\"potentialAction\":[{\"@type\":\"ReadAction\",\"target\":[\"https:\\\/\\\/revolutionpadelstore.com\\\/fr\\\/produit\\\/nox-ml10-quantum-3k-by-miguel-lamperti-2025-3\\\/\"]}]},{\"@type\":\"ImageObject\",\"inLanguage\":\"fr-FR\",\"@id\":\"https:\\\/\\\/revolutionpadelstore.com\\\/fr\\\/produit\\\/nox-ml10-quantum-3k-by-miguel-lamperti-2025-3\\\/#primaryimage\",\"url\":\"https:\\\/\\\/revolutionpadelstore.com\\\/wp-content\\\/uploads\\\/2024\\\/10\\\/113548_pala_nox_ml10_quantum_3k_by_miguel_lamperti_pml10luxq25_1500x1500_1_a4e0.webp\",\"contentUrl\":\"https:\\\/\\\/revolutionpadelstore.com\\\/wp-content\\\/uploads\\\/2024\\\/10\\\/113548_pala_nox_ml10_quantum_3k_by_miguel_lamperti_pml10luxq25_1500x1500_1_a4e0.webp\",\"width\":1500,\"height\":1500},{\"@type\":\"BreadcrumbList\",\"@id\":\"https:\\\/\\\/revolutionpadelstore.com\\\/fr\\\/produit\\\/nox-ml10-quantum-3k-by-miguel-lamperti-2025-3\\\/#breadcrumb\",\"itemListElement\":[{\"@type\":\"ListItem\",\"position\":1,\"name\":\"Portada\",\"item\":\"https:\\\/\\\/revolutionpadelstore.com\\\/fr\\\/\"},{\"@type\":\"ListItem\",\"position\":2,\"name\":\"Boutique\",\"item\":\"https:\\\/\\\/revolutionpadelstore.com\\\/fr\\\/tienda\\\/\"},{\"@type\":\"ListItem\",\"position\":3,\"name\":\"NOX ML10 QUANTUM 3K BY MIGUEL LAMPERTI 2025\"}]},{\"@type\":\"WebSite\",\"@id\":\"https:\\\/\\\/revolutionpadelstore.com\\\/fr\\\/#website\",\"url\":\"https:\\\/\\\/revolutionpadelstore.com\\\/fr\\\/\",\"name\":\"Revolution Padel Store\",\"description\":\"\",\"publisher\":{\"@id\":\"https:\\\/\\\/revolutionpadelstore.com\\\/fr\\\/#organization\"},\"potentialAction\":[{\"@type\":\"SearchAction\",\"target\":{\"@type\":\"EntryPoint\",\"urlTemplate\":\"https:\\\/\\\/revolutionpadelstore.com\\\/fr\\\/?s={search_term_string}\"},\"query-input\":{\"@type\":\"PropertyValueSpecification\",\"valueRequired\":true,\"valueName\":\"search_term_string\"}}],\"inLanguage\":\"fr-FR\"},{\"@type\":\"Organization\",\"@id\":\"https:\\\/\\\/revolutionpadelstore.com\\\/fr\\\/#organization\",\"name\":\"Revolution Padel Store\",\"url\":\"https:\\\/\\\/revolutionpadelstore.com\\\/fr\\\/\",\"logo\":{\"@type\":\"ImageObject\",\"inLanguage\":\"fr-FR\",\"@id\":\"https:\\\/\\\/revolutionpadelstore.com\\\/fr\\\/#\\\/schema\\\/logo\\\/image\\\/\",\"url\":\"https:\\\/\\\/revolutionpadelstore.com\\\/wp-content\\\/uploads\\\/2026\\\/02\\\/revolution-padel-store.jpg\",\"contentUrl\":\"https:\\\/\\\/revolutionpadelstore.com\\\/wp-content\\\/uploads\\\/2026\\\/02\\\/revolution-padel-store.jpg\",\"width\":2000,\"height\":2000,\"caption\":\"Revolution Padel Store\"},\"image\":{\"@id\":\"https:\\\/\\\/revolutionpadelstore.com\\\/fr\\\/#\\\/schema\\\/logo\\\/image\\\/\"},\"sameAs\":[\"https:\\\/\\\/www.instagram.com\\\/revolutionpadelstore\\\/\"]}]}<\/script>\n<!-- \/ Yoast SEO plugin. -->","yoast_head_json":{"title":"NOX ML10 QUANTUM 3K BY MIGUEL LAMPERTI 2025 - Revolution Padel Store","description":"Dirigida a jugadores de nivel alto y profesional, esta\u00a0Nox ML10 Quantum\u00a0tiene\u00a0forma redonda\u00a0y balance medio. Esto significa un excelente equilibrio entre control y potencia. Destaca por aportar\u00a0equilibrio\u00a0y\u00a0velocidad\u00a0a tu juego. Adem\u00e1s, mejora el agarre y reduce las vibraciones en cada golpeo. Disfrutar\u00e1s de tu mejor nivel con esta\u00a0pala r\u00e1pida y decisiva.","robots":{"index":"index","follow":"follow","max-snippet":"max-snippet:-1","max-image-preview":"max-image-preview:large","max-video-preview":"max-video-preview:-1"},"canonical":"https:\/\/revolutionpadelstore.com\/fr\/produit\/nox-ml10-quantum-3k-by-miguel-lamperti-2025-3\/","og_locale":"fr_FR","og_type":"article","og_title":"NOX ML10 QUANTUM 3K BY MIGUEL LAMPERTI 2025 - Revolution Padel Store","og_description":"Dirigida a jugadores de nivel alto y profesional, esta\u00a0Nox ML10 Quantum\u00a0tiene\u00a0forma redonda\u00a0y balance medio. Esto significa un excelente equilibrio entre control y potencia. Destaca por aportar\u00a0equilibrio\u00a0y\u00a0velocidad\u00a0a tu juego. Adem\u00e1s, mejora el agarre y reduce las vibraciones en cada golpeo. Disfrutar\u00e1s de tu mejor nivel con esta\u00a0pala r\u00e1pida y decisiva.","og_url":"https:\/\/revolutionpadelstore.com\/fr\/produit\/nox-ml10-quantum-3k-by-miguel-lamperti-2025-3\/","og_site_name":"Revolution Padel Store","article_modified_time":"2026-04-01T05:06:08+00:00","og_image":[{"width":1500,"height":1500,"url":"https:\/\/revolutionpadelstore.com\/wp-content\/uploads\/2024\/10\/113548_pala_nox_ml10_quantum_3k_by_miguel_lamperti_pml10luxq25_1500x1500_1_a4e0.webp","type":"image\/webp"}],"twitter_card":"summary_large_image","twitter_misc":{"Dur\u00e9e de lecture estim\u00e9e":"3 minutes"},"schema":{"@context":"https:\/\/schema.org","@graph":[{"@type":"WebPage","@id":"https:\/\/revolutionpadelstore.com\/fr\/produit\/nox-ml10-quantum-3k-by-miguel-lamperti-2025-3\/","url":"https:\/\/revolutionpadelstore.com\/fr\/produit\/nox-ml10-quantum-3k-by-miguel-lamperti-2025-3\/","name":"NOX ML10 QUANTUM 3K BY MIGUEL LAMPERTI 2025 - Revolution Padel Store","isPartOf":{"@id":"https:\/\/revolutionpadelstore.com\/fr\/#website"},"primaryImageOfPage":{"@id":"https:\/\/revolutionpadelstore.com\/fr\/produit\/nox-ml10-quantum-3k-by-miguel-lamperti-2025-3\/#primaryimage"},"image":{"@id":"https:\/\/revolutionpadelstore.com\/fr\/produit\/nox-ml10-quantum-3k-by-miguel-lamperti-2025-3\/#primaryimage"},"thumbnailUrl":"https:\/\/revolutionpadelstore.com\/wp-content\/uploads\/2024\/10\/113548_pala_nox_ml10_quantum_3k_by_miguel_lamperti_pml10luxq25_1500x1500_1_a4e0.webp","datePublished":"2024-10-21T11:57:20+00:00","dateModified":"2026-04-01T05:06:08+00:00","description":"Dirigida a jugadores de nivel alto y profesional, esta\u00a0Nox ML10 Quantum\u00a0tiene\u00a0forma redonda\u00a0y balance medio. Esto significa un excelente equilibrio entre control y potencia. Destaca por aportar\u00a0equilibrio\u00a0y\u00a0velocidad\u00a0a tu juego. Adem\u00e1s, mejora el agarre y reduce las vibraciones en cada golpeo. Disfrutar\u00e1s de tu mejor nivel con esta\u00a0pala r\u00e1pida y decisiva.","breadcrumb":{"@id":"https:\/\/revolutionpadelstore.com\/fr\/produit\/nox-ml10-quantum-3k-by-miguel-lamperti-2025-3\/#breadcrumb"},"inLanguage":"fr-FR","potentialAction":[{"@type":"ReadAction","target":["https:\/\/revolutionpadelstore.com\/fr\/produit\/nox-ml10-quantum-3k-by-miguel-lamperti-2025-3\/"]}]},{"@type":"ImageObject","inLanguage":"fr-FR","@id":"https:\/\/revolutionpadelstore.com\/fr\/produit\/nox-ml10-quantum-3k-by-miguel-lamperti-2025-3\/#primaryimage","url":"https:\/\/revolutionpadelstore.com\/wp-content\/uploads\/2024\/10\/113548_pala_nox_ml10_quantum_3k_by_miguel_lamperti_pml10luxq25_1500x1500_1_a4e0.webp","contentUrl":"https:\/\/revolutionpadelstore.com\/wp-content\/uploads\/2024\/10\/113548_pala_nox_ml10_quantum_3k_by_miguel_lamperti_pml10luxq25_1500x1500_1_a4e0.webp","width":1500,"height":1500},{"@type":"BreadcrumbList","@id":"https:\/\/revolutionpadelstore.com\/fr\/produit\/nox-ml10-quantum-3k-by-miguel-lamperti-2025-3\/#breadcrumb","itemListElement":[{"@type":"ListItem","position":1,"name":"Portada","item":"https:\/\/revolutionpadelstore.com\/fr\/"},{"@type":"ListItem","position":2,"name":"Boutique","item":"https:\/\/revolutionpadelstore.com\/fr\/tienda\/"},{"@type":"ListItem","position":3,"name":"NOX ML10 QUANTUM 3K BY MIGUEL LAMPERTI 2025"}]},{"@type":"WebSite","@id":"https:\/\/revolutionpadelstore.com\/fr\/#website","url":"https:\/\/revolutionpadelstore.com\/fr\/","name":"Revolution Padel Store","description":"","publisher":{"@id":"https:\/\/revolutionpadelstore.com\/fr\/#organization"},"potentialAction":[{"@type":"SearchAction","target":{"@type":"EntryPoint","urlTemplate":"https:\/\/revolutionpadelstore.com\/fr\/?s={search_term_string}"},"query-input":{"@type":"PropertyValueSpecification","valueRequired":true,"valueName":"search_term_string"}}],"inLanguage":"fr-FR"},{"@type":"Organization","@id":"https:\/\/revolutionpadelstore.com\/fr\/#organization","name":"Revolution Padel Store","url":"https:\/\/revolutionpadelstore.com\/fr\/","logo":{"@type":"ImageObject","inLanguage":"fr-FR","@id":"https:\/\/revolutionpadelstore.com\/fr\/#\/schema\/logo\/image\/","url":"https:\/\/revolutionpadelstore.com\/wp-content\/uploads\/2026\/02\/revolution-padel-store.jpg","contentUrl":"https:\/\/revolutionpadelstore.com\/wp-content\/uploads\/2026\/02\/revolution-padel-store.jpg","width":2000,"height":2000,"caption":"Revolution Padel Store"},"image":{"@id":"https:\/\/revolutionpadelstore.com\/fr\/#\/schema\/logo\/image\/"},"sameAs":["https:\/\/www.instagram.com\/revolutionpadelstore\/"]}]}},"_links":{"self":[{"href":"https:\/\/revolutionpadelstore.com\/fr\/wp-json\/wp\/v2\/product\/100237","targetHints":{"allow":["GET"]}}],"collection":[{"href":"https:\/\/revolutionpadelstore.com\/fr\/wp-json\/wp\/v2\/product"}],"about":[{"href":"https:\/\/revolutionpadelstore.com\/fr\/wp-json\/wp\/v2\/types\/product"}],"replies":[{"embeddable":true,"href":"https:\/\/revolutionpadelstore.com\/fr\/wp-json\/wp\/v2\/comments?post=100237"}],"wp:featuredmedia":[{"embeddable":true,"href":"https:\/\/revolutionpadelstore.com\/fr\/wp-json\/wp\/v2\/media\/125364"}],"wp:attachment":[{"href":"https:\/\/revolutionpadelstore.com\/fr\/wp-json\/wp\/v2\/media?parent=100237"}],"wp:term":[{"taxonomy":"acabado","embeddable":true,"href":"https:\/\/revolutionpadelstore.com\/fr\/wp-json\/wp\/v2\/acabado?post=100237"},{"taxonomy":"balance","embeddable":true,"href":"https:\/\/revolutionpadelstore.com\/fr\/wp-json\/wp\/v2\/balance?post=100237"},{"taxonomy":"dureza","embeddable":true,"href":"https:\/\/revolutionpadelstore.com\/fr\/wp-json\/wp\/v2\/dureza?post=100237"},{"taxonomy":"forma","embeddable":true,"href":"https:\/\/revolutionpadelstore.com\/fr\/wp-json\/wp\/v2\/forma?post=100237"},{"taxonomy":"jugador","embeddable":true,"href":"https:\/\/revolutionpadelstore.com\/fr\/wp-json\/wp\/v2\/jugador?post=100237"},{"taxonomy":"marca","embeddable":true,"href":"https:\/\/revolutionpadelstore.com\/fr\/wp-json\/wp\/v2\/marca?post=100237"},{"taxonomy":"nivel-de-juego","embeddable":true,"href":"https:\/\/revolutionpadelstore.com\/fr\/wp-json\/wp\/v2\/nivel-de-juego?post=100237"},{"taxonomy":"superficie","embeddable":true,"href":"https:\/\/revolutionpadelstore.com\/fr\/wp-json\/wp\/v2\/superficie?post=100237"},{"taxonomy":"tipo-de-juego","embeddable":true,"href":"https:\/\/revolutionpadelstore.com\/fr\/wp-json\/wp\/v2\/tipo-de-juego?post=100237"},{"taxonomy":"product_brand","embeddable":true,"href":"https:\/\/revolutionpadelstore.com\/fr\/wp-json\/wp\/v2\/product_brand?post=100237"},{"taxonomy":"product_cat","embeddable":true,"href":"https:\/\/revolutionpadelstore.com\/fr\/wp-json\/wp\/v2\/product_cat?post=100237"},{"taxonomy":"product_tag","embeddable":true,"href":"https:\/\/revolutionpadelstore.com\/fr\/wp-json\/wp\/v2\/product_tag?post=100237"}],"curies":[{"name":"wp","href":"https:\/\/api.w.org\/{rel}","templated":true}]}}