{"id":100232,"date":"2024-10-22T08:18:34","date_gmt":"2024-10-22T06:18:34","guid":{"rendered":"https:\/\/revolutionpadelstore.com\/head-one-ultralight-black\/"},"modified":"2026-04-08T10:24:10","modified_gmt":"2026-04-08T08:24:10","slug":"head-one-ultralight-black-3","status":"publish","type":"product","link":"https:\/\/revolutionpadelstore.com\/fr\/produit\/head-one-ultralight-black-3\/","title":{"rendered":"HEAD ONE ULTRALIGHT BLACK"},"content":{"rendered":"<p>La raquette ONE ULTRALIGHT est une innovation qui va r\u00e9volutionner le padel, \u00e9tant la raquette la plus l\u00e9g\u00e8re du march\u00e9 pour adultes, pesant seulement 300 grammes. Con\u00e7ue pour faciliter l&#8217;apprentissage et am\u00e9liorer votre niveau de jeu tout en vous amusant, cette raquette premium pr\u00e9sente un nouveau moule arrondi. Il conserve une \u00e9paisseur de cadre de 38 mm et pr\u00e9sente une surface de taille standard, ainsi qu&#8217;une poign\u00e9e plus longue qui augmente le confort et offre un soutien suppl\u00e9mentaire sur les coups tels que le revers.<\/p>\n<p>La surface de frappe est en carbone 12K, ce qui assure une meilleure sortie de balle. Sa technologie Auxetic 2.0 am\u00e9liore la sensation et la connexion avec le ballon, et le bouchon souple dans la poign\u00e9e r\u00e9duit les vibrations, augmentant ainsi le confort. Pour faciliter la g\u00e9n\u00e9ration d&#8217;effets, il int\u00e8gre la technologie Spin Surface, tandis que le caoutchouc Comfort Foam optimise le sweet spot, permettant un jeu plus accessible.<\/p>\n<p>-La raquette la plus l\u00e9g\u00e8re du march\u00e9 : 300 grammes.<\/p>\n<p>-G\u00e9rable et confortable, id\u00e9al pour un jeu simple.<\/p>\n<p>-Nouveau design arrondi et poign\u00e9e plus longue.<\/p>\n<p>-Technologie HEAD ONE pour une durabilit\u00e9 exceptionnelle.<\/p>\n<p>-Surface de frappe en carbone 12K pour une meilleure sortie de balle.<\/p>\n<p>-Mousse confort pour un sweet spot am\u00e9lior\u00e9.<\/p>\n<p>-Spin Surface pour faciliter la g\u00e9n\u00e9ration d&#8217;effets.<\/p>\n<p>-Technologie Auxetic 2.0 pour une meilleure sensation avec le ballon.<\/p>\n<p>-Poign\u00e9e avec capuchon souple qui r\u00e9duit les vibrations.<\/p>\n<p>-Syst\u00e8me de protection int\u00e9gr\u00e9.<\/p>\n<h3 class=\"feature-name ng-binding\">Auxetic 2.0<\/h3>\n<p><span class=\"value\"><span class=\"ng-binding\">La technologie Auxetic a \u00e9t\u00e9 am\u00e9lior\u00e9e dans sa deuxi\u00e8me version et est d\u00e9sormais situ\u00e9e \u00e0 la fois dans la zone du pont et dans la barre centrale en carbone le long du manche. De cette fa\u00e7on, apr\u00e8s avoir frapp\u00e9 la balle, la structure interne r\u00e9agit en transmettant le coup depuis le visage, \u00e0 travers le pont, et directement de la poign\u00e9e \u00e0 la main. Cela donne une incroyable sensation d&#8217;impact \u00e0 chaque tir, augmentant ainsi la confiance dans votre jeu.<\/span> <\/span><\/p>\n<h3 class=\"feature-name ng-binding\">Mousse Confort<\/h3>\n<p><span class=\"value\"><span class=\"ng-binding\">COMFORT FOAM : c&#8217;est le caoutchouc id\u00e9al pour le joueur qui souhaite un maximum de confort. Absorbe les vibrations tout en augmentant la puissance de vos coups.<\/span> <\/span><\/p>\n<h3 class=\"feature-name ng-binding\">Surface de rotation<\/h3>\n<p><span class=\"value\"><span class=\"ng-binding\">Technologie laqu\u00e9e rugueuse sur la face qui aide \u00e0 g\u00e9n\u00e9rer plus d&#8217;effets, avec une adh\u00e9rence suppl\u00e9mentaire de la balle \u00e0 l&#8217;impact.<\/span> <\/span><\/p>\n<h3 class=\"feature-name ng-binding\">CARBONE 12K<\/h3>\n<p><span class=\"value\"><span class=\"ng-binding\">Surface de frappe construite en fibre de carbone 12K ultra-l\u00e9g\u00e8re, offrant une rigidit\u00e9 et une duret\u00e9 suppl\u00e9mentaires, une plus grande r\u00e9sistance et un toucher magnifique. Cette fibre de carbone est id\u00e9ale pour ajouter de la pr\u00e9cision et de l&#8217;explosivit\u00e9 \u00e0 votre jeu.<\/span> <\/span><\/p>\n<h3 class=\"feature-name ng-binding\">Syst\u00e8me de protection int\u00e9gr\u00e9 (IPS)<\/h3>\n<p><span class=\"value\"><span class=\"ng-binding\">IPS est un protecteur en carbone incorpor\u00e9 dans le moule qui prot\u00e8ge votre raquette des chocs et des rayures, prolongeant ainsi la dur\u00e9e de vie de votre raquette.<\/span> <\/p>\n<h3 class=\"feature-name ng-binding\">Pont intelligent<\/h3>\n<p><span class=\"value\"><span class=\"ng-binding\">Chaque raquette a son ADN. La technologie Smart Bridge est le d\u00e9veloppement sp\u00e9cifique et unique de la zone du pont pour offrir diff\u00e9rents avantages s&#8217;adaptant aux besoins de chaque lame.<\/p>\n<h3 class=\"feature-name ng-binding\">Couvercle souple<\/h3>\n<p><span class=\"value\"><span class=\"ng-binding\">La nouvelle casquette est faite d&#8217;un mat\u00e9riau souple qui offre une prise confortable et douce.<br \/>\nAvec une finition orange, il sert \u00e0 r\u00e9duire les vibrations et la pression, \u00e9vitant ainsi les blessures et les ampoules aux mains.<\/span> <\/span><\/p>\n","protected":false},"excerpt":{"rendered":"<p>La raquette ONE ULTRALIGHT est une innovation qui va r\u00e9volutionner le padel, \u00e9tant la raquette la plus l\u00e9g\u00e8re du march\u00e9 pour adultes, pesant seulement 300 grammes.<\/p>\n","protected":false},"featured_media":99105,"comment_status":"open","ping_status":"closed","template":"","meta":{"_acf_changed":false,"_joinchat":[]},"acabado":[1092],"balance":[1147],"dureza":[1152],"forma":[1182],"jugador":[1192,1197,1202],"marca":[1222],"nivel-de-juego":[1352],"superficie":[1362],"tipo-de-juego":[1372],"product_brand":[],"product_cat":[302],"product_tag":[],"class_list":{"0":"post-100232","1":"product","2":"type-product","3":"status-publish","4":"has-post-thumbnail","6":"acabado-soulager-la-3d","7":"balance-faible","8":"dureza-blanda-fr","9":"forma-rond","10":"jugador-homme","11":"jugador-mujer-fr","12":"jugador-polivalente-fr","13":"marca-tete","14":"superficie-rugosa-fr","15":"tipo-de-juego-control-fr","16":"product_cat-palas-de-padel-fr","18":"first","19":"instock","20":"sale","21":"taxable","22":"shipping-taxable","23":"purchasable","24":"product-type-simple"},"acf":[],"yoast_head":"<!-- This site is optimized with the Yoast SEO plugin v27.4 - https:\/\/yoast.com\/product\/yoast-seo-wordpress\/ -->\n<title>HEAD ONE ULTRALIGHT BLACK - Revolution Padel Store<\/title>\n<meta name=\"description\" content=\"La pala ONE ULTRALIGHT es una innovaci\u00f3n que revolucionar\u00e1 el p\u00e1del, siendo la pala m\u00e1s ligera del mercado para adultos, con un peso de solo 300 gramos. Dise\u00f1ada para facilitar el aprendizaje y mejorar tu nivel de juego mientras te diviertes, esta pala premium presenta un nuevo molde redondeado. Mantiene un grosor de 38 mm en el marco y cuenta con una superficie de tama\u00f1o est\u00e1ndar, adem\u00e1s de una empu\u00f1adura m\u00e1s larga que aumenta la comodidad y proporciona soporte adicional en golpes como el rev\u00e9s.\" \/>\n<meta name=\"robots\" content=\"index, follow, max-snippet:-1, max-image-preview:large, max-video-preview:-1\" \/>\n<link rel=\"canonical\" href=\"https:\/\/revolutionpadelstore.com\/fr\/produit\/head-one-ultralight-black-3\/\" \/>\n<meta property=\"og:locale\" content=\"fr_FR\" \/>\n<meta property=\"og:type\" content=\"article\" \/>\n<meta property=\"og:title\" content=\"HEAD ONE ULTRALIGHT BLACK - Revolution Padel Store\" \/>\n<meta property=\"og:description\" content=\"La pala ONE ULTRALIGHT es una innovaci\u00f3n que revolucionar\u00e1 el p\u00e1del, siendo la pala m\u00e1s ligera del mercado para adultos, con un peso de solo 300 gramos. Dise\u00f1ada para facilitar el aprendizaje y mejorar tu nivel de juego mientras te diviertes, esta pala premium presenta un nuevo molde redondeado. Mantiene un grosor de 38 mm en el marco y cuenta con una superficie de tama\u00f1o est\u00e1ndar, adem\u00e1s de una empu\u00f1adura m\u00e1s larga que aumenta la comodidad y proporciona soporte adicional en golpes como el rev\u00e9s.\" \/>\n<meta property=\"og:url\" content=\"https:\/\/revolutionpadelstore.com\/fr\/produit\/head-one-ultralight-black-3\/\" \/>\n<meta property=\"og:site_name\" content=\"Revolution Padel Store\" \/>\n<meta property=\"article:modified_time\" content=\"2026-04-08T08:24:10+00:00\" \/>\n<meta property=\"og:image\" content=\"https:\/\/revolutionpadelstore.com\/wp-content\/uploads\/2024\/10\/502164.jpg\" \/>\n\t<meta property=\"og:image:width\" content=\"800\" \/>\n\t<meta property=\"og:image:height\" content=\"800\" \/>\n\t<meta property=\"og:image:type\" content=\"image\/jpeg\" \/>\n<meta name=\"twitter:card\" content=\"summary_large_image\" \/>\n<meta name=\"twitter:label1\" content=\"Dur\u00e9e de lecture estim\u00e9e\" \/>\n\t<meta name=\"twitter:data1\" content=\"3 minutes\" \/>\n<script type=\"application\/ld+json\" class=\"yoast-schema-graph\">{\"@context\":\"https:\\\/\\\/schema.org\",\"@graph\":[{\"@type\":\"WebPage\",\"@id\":\"https:\\\/\\\/revolutionpadelstore.com\\\/fr\\\/produit\\\/head-one-ultralight-black-3\\\/\",\"url\":\"https:\\\/\\\/revolutionpadelstore.com\\\/fr\\\/produit\\\/head-one-ultralight-black-3\\\/\",\"name\":\"HEAD ONE ULTRALIGHT BLACK - Revolution Padel Store\",\"isPartOf\":{\"@id\":\"https:\\\/\\\/revolutionpadelstore.com\\\/fr\\\/#website\"},\"primaryImageOfPage\":{\"@id\":\"https:\\\/\\\/revolutionpadelstore.com\\\/fr\\\/produit\\\/head-one-ultralight-black-3\\\/#primaryimage\"},\"image\":{\"@id\":\"https:\\\/\\\/revolutionpadelstore.com\\\/fr\\\/produit\\\/head-one-ultralight-black-3\\\/#primaryimage\"},\"thumbnailUrl\":\"https:\\\/\\\/revolutionpadelstore.com\\\/wp-content\\\/uploads\\\/2024\\\/10\\\/502164.jpg\",\"datePublished\":\"2024-10-22T06:18:34+00:00\",\"dateModified\":\"2026-04-08T08:24:10+00:00\",\"description\":\"La pala ONE ULTRALIGHT es una innovaci\u00f3n que revolucionar\u00e1 el p\u00e1del, siendo la pala m\u00e1s ligera del mercado para adultos, con un peso de solo 300 gramos. Dise\u00f1ada para facilitar el aprendizaje y mejorar tu nivel de juego mientras te diviertes, esta pala premium presenta un nuevo molde redondeado. Mantiene un grosor de 38 mm en el marco y cuenta con una superficie de tama\u00f1o est\u00e1ndar, adem\u00e1s de una empu\u00f1adura m\u00e1s larga que aumenta la comodidad y proporciona soporte adicional en golpes como el rev\u00e9s.\",\"breadcrumb\":{\"@id\":\"https:\\\/\\\/revolutionpadelstore.com\\\/fr\\\/produit\\\/head-one-ultralight-black-3\\\/#breadcrumb\"},\"inLanguage\":\"fr-FR\",\"potentialAction\":[{\"@type\":\"ReadAction\",\"target\":[\"https:\\\/\\\/revolutionpadelstore.com\\\/fr\\\/produit\\\/head-one-ultralight-black-3\\\/\"]}]},{\"@type\":\"ImageObject\",\"inLanguage\":\"fr-FR\",\"@id\":\"https:\\\/\\\/revolutionpadelstore.com\\\/fr\\\/produit\\\/head-one-ultralight-black-3\\\/#primaryimage\",\"url\":\"https:\\\/\\\/revolutionpadelstore.com\\\/wp-content\\\/uploads\\\/2024\\\/10\\\/502164.jpg\",\"contentUrl\":\"https:\\\/\\\/revolutionpadelstore.com\\\/wp-content\\\/uploads\\\/2024\\\/10\\\/502164.jpg\",\"width\":800,\"height\":800},{\"@type\":\"BreadcrumbList\",\"@id\":\"https:\\\/\\\/revolutionpadelstore.com\\\/fr\\\/produit\\\/head-one-ultralight-black-3\\\/#breadcrumb\",\"itemListElement\":[{\"@type\":\"ListItem\",\"position\":1,\"name\":\"Portada\",\"item\":\"https:\\\/\\\/revolutionpadelstore.com\\\/fr\\\/\"},{\"@type\":\"ListItem\",\"position\":2,\"name\":\"Boutique\",\"item\":\"https:\\\/\\\/revolutionpadelstore.com\\\/fr\\\/tienda\\\/\"},{\"@type\":\"ListItem\",\"position\":3,\"name\":\"HEAD ONE ULTRALIGHT BLACK\"}]},{\"@type\":\"WebSite\",\"@id\":\"https:\\\/\\\/revolutionpadelstore.com\\\/fr\\\/#website\",\"url\":\"https:\\\/\\\/revolutionpadelstore.com\\\/fr\\\/\",\"name\":\"Revolution Padel Store\",\"description\":\"\",\"publisher\":{\"@id\":\"https:\\\/\\\/revolutionpadelstore.com\\\/fr\\\/#organization\"},\"potentialAction\":[{\"@type\":\"SearchAction\",\"target\":{\"@type\":\"EntryPoint\",\"urlTemplate\":\"https:\\\/\\\/revolutionpadelstore.com\\\/fr\\\/?s={search_term_string}\"},\"query-input\":{\"@type\":\"PropertyValueSpecification\",\"valueRequired\":true,\"valueName\":\"search_term_string\"}}],\"inLanguage\":\"fr-FR\"},{\"@type\":\"Organization\",\"@id\":\"https:\\\/\\\/revolutionpadelstore.com\\\/fr\\\/#organization\",\"name\":\"Revolution Padel Store\",\"url\":\"https:\\\/\\\/revolutionpadelstore.com\\\/fr\\\/\",\"logo\":{\"@type\":\"ImageObject\",\"inLanguage\":\"fr-FR\",\"@id\":\"https:\\\/\\\/revolutionpadelstore.com\\\/fr\\\/#\\\/schema\\\/logo\\\/image\\\/\",\"url\":\"https:\\\/\\\/revolutionpadelstore.com\\\/wp-content\\\/uploads\\\/2026\\\/02\\\/revolution-padel-store.jpg\",\"contentUrl\":\"https:\\\/\\\/revolutionpadelstore.com\\\/wp-content\\\/uploads\\\/2026\\\/02\\\/revolution-padel-store.jpg\",\"width\":2000,\"height\":2000,\"caption\":\"Revolution Padel Store\"},\"image\":{\"@id\":\"https:\\\/\\\/revolutionpadelstore.com\\\/fr\\\/#\\\/schema\\\/logo\\\/image\\\/\"},\"sameAs\":[\"https:\\\/\\\/www.instagram.com\\\/revolutionpadelstore\\\/\"]}]}<\/script>\n<!-- \/ Yoast SEO plugin. -->","yoast_head_json":{"title":"HEAD ONE ULTRALIGHT BLACK - Revolution Padel Store","description":"La pala ONE ULTRALIGHT es una innovaci\u00f3n que revolucionar\u00e1 el p\u00e1del, siendo la pala m\u00e1s ligera del mercado para adultos, con un peso de solo 300 gramos. Dise\u00f1ada para facilitar el aprendizaje y mejorar tu nivel de juego mientras te diviertes, esta pala premium presenta un nuevo molde redondeado. Mantiene un grosor de 38 mm en el marco y cuenta con una superficie de tama\u00f1o est\u00e1ndar, adem\u00e1s de una empu\u00f1adura m\u00e1s larga que aumenta la comodidad y proporciona soporte adicional en golpes como el rev\u00e9s.","robots":{"index":"index","follow":"follow","max-snippet":"max-snippet:-1","max-image-preview":"max-image-preview:large","max-video-preview":"max-video-preview:-1"},"canonical":"https:\/\/revolutionpadelstore.com\/fr\/produit\/head-one-ultralight-black-3\/","og_locale":"fr_FR","og_type":"article","og_title":"HEAD ONE ULTRALIGHT BLACK - Revolution Padel Store","og_description":"La pala ONE ULTRALIGHT es una innovaci\u00f3n que revolucionar\u00e1 el p\u00e1del, siendo la pala m\u00e1s ligera del mercado para adultos, con un peso de solo 300 gramos. Dise\u00f1ada para facilitar el aprendizaje y mejorar tu nivel de juego mientras te diviertes, esta pala premium presenta un nuevo molde redondeado. Mantiene un grosor de 38 mm en el marco y cuenta con una superficie de tama\u00f1o est\u00e1ndar, adem\u00e1s de una empu\u00f1adura m\u00e1s larga que aumenta la comodidad y proporciona soporte adicional en golpes como el rev\u00e9s.","og_url":"https:\/\/revolutionpadelstore.com\/fr\/produit\/head-one-ultralight-black-3\/","og_site_name":"Revolution Padel Store","article_modified_time":"2026-04-08T08:24:10+00:00","og_image":[{"width":800,"height":800,"url":"https:\/\/revolutionpadelstore.com\/wp-content\/uploads\/2024\/10\/502164.jpg","type":"image\/jpeg"}],"twitter_card":"summary_large_image","twitter_misc":{"Dur\u00e9e de lecture estim\u00e9e":"3 minutes"},"schema":{"@context":"https:\/\/schema.org","@graph":[{"@type":"WebPage","@id":"https:\/\/revolutionpadelstore.com\/fr\/produit\/head-one-ultralight-black-3\/","url":"https:\/\/revolutionpadelstore.com\/fr\/produit\/head-one-ultralight-black-3\/","name":"HEAD ONE ULTRALIGHT BLACK - Revolution Padel Store","isPartOf":{"@id":"https:\/\/revolutionpadelstore.com\/fr\/#website"},"primaryImageOfPage":{"@id":"https:\/\/revolutionpadelstore.com\/fr\/produit\/head-one-ultralight-black-3\/#primaryimage"},"image":{"@id":"https:\/\/revolutionpadelstore.com\/fr\/produit\/head-one-ultralight-black-3\/#primaryimage"},"thumbnailUrl":"https:\/\/revolutionpadelstore.com\/wp-content\/uploads\/2024\/10\/502164.jpg","datePublished":"2024-10-22T06:18:34+00:00","dateModified":"2026-04-08T08:24:10+00:00","description":"La pala ONE ULTRALIGHT es una innovaci\u00f3n que revolucionar\u00e1 el p\u00e1del, siendo la pala m\u00e1s ligera del mercado para adultos, con un peso de solo 300 gramos. Dise\u00f1ada para facilitar el aprendizaje y mejorar tu nivel de juego mientras te diviertes, esta pala premium presenta un nuevo molde redondeado. Mantiene un grosor de 38 mm en el marco y cuenta con una superficie de tama\u00f1o est\u00e1ndar, adem\u00e1s de una empu\u00f1adura m\u00e1s larga que aumenta la comodidad y proporciona soporte adicional en golpes como el rev\u00e9s.","breadcrumb":{"@id":"https:\/\/revolutionpadelstore.com\/fr\/produit\/head-one-ultralight-black-3\/#breadcrumb"},"inLanguage":"fr-FR","potentialAction":[{"@type":"ReadAction","target":["https:\/\/revolutionpadelstore.com\/fr\/produit\/head-one-ultralight-black-3\/"]}]},{"@type":"ImageObject","inLanguage":"fr-FR","@id":"https:\/\/revolutionpadelstore.com\/fr\/produit\/head-one-ultralight-black-3\/#primaryimage","url":"https:\/\/revolutionpadelstore.com\/wp-content\/uploads\/2024\/10\/502164.jpg","contentUrl":"https:\/\/revolutionpadelstore.com\/wp-content\/uploads\/2024\/10\/502164.jpg","width":800,"height":800},{"@type":"BreadcrumbList","@id":"https:\/\/revolutionpadelstore.com\/fr\/produit\/head-one-ultralight-black-3\/#breadcrumb","itemListElement":[{"@type":"ListItem","position":1,"name":"Portada","item":"https:\/\/revolutionpadelstore.com\/fr\/"},{"@type":"ListItem","position":2,"name":"Boutique","item":"https:\/\/revolutionpadelstore.com\/fr\/tienda\/"},{"@type":"ListItem","position":3,"name":"HEAD ONE ULTRALIGHT BLACK"}]},{"@type":"WebSite","@id":"https:\/\/revolutionpadelstore.com\/fr\/#website","url":"https:\/\/revolutionpadelstore.com\/fr\/","name":"Revolution Padel Store","description":"","publisher":{"@id":"https:\/\/revolutionpadelstore.com\/fr\/#organization"},"potentialAction":[{"@type":"SearchAction","target":{"@type":"EntryPoint","urlTemplate":"https:\/\/revolutionpadelstore.com\/fr\/?s={search_term_string}"},"query-input":{"@type":"PropertyValueSpecification","valueRequired":true,"valueName":"search_term_string"}}],"inLanguage":"fr-FR"},{"@type":"Organization","@id":"https:\/\/revolutionpadelstore.com\/fr\/#organization","name":"Revolution Padel Store","url":"https:\/\/revolutionpadelstore.com\/fr\/","logo":{"@type":"ImageObject","inLanguage":"fr-FR","@id":"https:\/\/revolutionpadelstore.com\/fr\/#\/schema\/logo\/image\/","url":"https:\/\/revolutionpadelstore.com\/wp-content\/uploads\/2026\/02\/revolution-padel-store.jpg","contentUrl":"https:\/\/revolutionpadelstore.com\/wp-content\/uploads\/2026\/02\/revolution-padel-store.jpg","width":2000,"height":2000,"caption":"Revolution Padel Store"},"image":{"@id":"https:\/\/revolutionpadelstore.com\/fr\/#\/schema\/logo\/image\/"},"sameAs":["https:\/\/www.instagram.com\/revolutionpadelstore\/"]}]}},"_links":{"self":[{"href":"https:\/\/revolutionpadelstore.com\/fr\/wp-json\/wp\/v2\/product\/100232","targetHints":{"allow":["GET"]}}],"collection":[{"href":"https:\/\/revolutionpadelstore.com\/fr\/wp-json\/wp\/v2\/product"}],"about":[{"href":"https:\/\/revolutionpadelstore.com\/fr\/wp-json\/wp\/v2\/types\/product"}],"replies":[{"embeddable":true,"href":"https:\/\/revolutionpadelstore.com\/fr\/wp-json\/wp\/v2\/comments?post=100232"}],"wp:featuredmedia":[{"embeddable":true,"href":"https:\/\/revolutionpadelstore.com\/fr\/wp-json\/wp\/v2\/media\/99105"}],"wp:attachment":[{"href":"https:\/\/revolutionpadelstore.com\/fr\/wp-json\/wp\/v2\/media?parent=100232"}],"wp:term":[{"taxonomy":"acabado","embeddable":true,"href":"https:\/\/revolutionpadelstore.com\/fr\/wp-json\/wp\/v2\/acabado?post=100232"},{"taxonomy":"balance","embeddable":true,"href":"https:\/\/revolutionpadelstore.com\/fr\/wp-json\/wp\/v2\/balance?post=100232"},{"taxonomy":"dureza","embeddable":true,"href":"https:\/\/revolutionpadelstore.com\/fr\/wp-json\/wp\/v2\/dureza?post=100232"},{"taxonomy":"forma","embeddable":true,"href":"https:\/\/revolutionpadelstore.com\/fr\/wp-json\/wp\/v2\/forma?post=100232"},{"taxonomy":"jugador","embeddable":true,"href":"https:\/\/revolutionpadelstore.com\/fr\/wp-json\/wp\/v2\/jugador?post=100232"},{"taxonomy":"marca","embeddable":true,"href":"https:\/\/revolutionpadelstore.com\/fr\/wp-json\/wp\/v2\/marca?post=100232"},{"taxonomy":"nivel-de-juego","embeddable":true,"href":"https:\/\/revolutionpadelstore.com\/fr\/wp-json\/wp\/v2\/nivel-de-juego?post=100232"},{"taxonomy":"superficie","embeddable":true,"href":"https:\/\/revolutionpadelstore.com\/fr\/wp-json\/wp\/v2\/superficie?post=100232"},{"taxonomy":"tipo-de-juego","embeddable":true,"href":"https:\/\/revolutionpadelstore.com\/fr\/wp-json\/wp\/v2\/tipo-de-juego?post=100232"},{"taxonomy":"product_brand","embeddable":true,"href":"https:\/\/revolutionpadelstore.com\/fr\/wp-json\/wp\/v2\/product_brand?post=100232"},{"taxonomy":"product_cat","embeddable":true,"href":"https:\/\/revolutionpadelstore.com\/fr\/wp-json\/wp\/v2\/product_cat?post=100232"},{"taxonomy":"product_tag","embeddable":true,"href":"https:\/\/revolutionpadelstore.com\/fr\/wp-json\/wp\/v2\/product_tag?post=100232"}],"curies":[{"name":"wp","href":"https:\/\/api.w.org\/{rel}","templated":true}]}}