{"id":100222,"date":"2024-11-05T23:01:52","date_gmt":"2024-11-05T22:01:52","guid":{"rendered":"https:\/\/revolutionpadelstore.com\/cajon-72-pelotas-head-padel-pro-s\/"},"modified":"2026-04-21T14:00:07","modified_gmt":"2026-04-21T12:00:07","slug":"cajon-72-pelotas-head-padel-pro-s-3","status":"publish","type":"product","link":"https:\/\/revolutionpadelstore.com\/fr\/produit\/cajon-72-pelotas-head-padel-pro-s-3\/","title":{"rendered":"CAJON 72 PELOTAS HEAD PADEL PRO S+"},"content":{"rendered":"<p>Voulez-vous plus de vitesse et d\u2019excitation sur la piste ? La balle HEAD PADEL PRO S+, avec une plus grande duret\u00e9 et un meilleur rebond, permet un jeu beaucoup plus rapide et est plus facile \u00e0 sortir x3 et x4 avec une puissance maximale. Pour plus de durabilit\u00e9, le noyau a \u00e9t\u00e9 fabriqu\u00e9 \u00e0 partir d&#8217;une nouvelle formule, ce qui signifie que ce ballon de comp\u00e9tition maintiendra sa pression plus longtemps pendant le jeu. Le nouveau feutre \u2013 d\u00e9velopp\u00e9 exclusivement pour le padel \u2013 am\u00e9liore \u00e9galement la durabilit\u00e9 de la balle afin que vous puissiez continuer \u00e0 jouer vite plus longtemps. Pour r\u00e9duire l&#8217;impact environnemental, le HEAD PADEL PRO S+ est fourni dans un emballage plus durable, dont les \u00e9l\u00e9ments peuvent \u00eatre facilement s\u00e9par\u00e9s pour \u00eatre recycl\u00e9s. Con\u00e7u pour un jeu plus rapide.<br \/>\n\u00b7 Nouvelle formule de base qui maintient la pression plus longtemps<br \/>\n\u00b7 Le nouveau feutre a \u00e9t\u00e9 d\u00e9velopp\u00e9 exclusivement pour le padel et am\u00e9liore la durabilit\u00e9<br \/>\n\u00b7 Il est plus facile de recycler un nouveau design de tube plus durable<br \/>\n\u00b7 Peut \u00eatre fabriqu\u00e9 \u00e0 partir de 35 % de PET recycl\u00e9<br \/>\n\u00b7 La pochette est plus courte et est fabriqu\u00e9e en polypropyl\u00e8ne, un mat\u00e9riau recyclable<br \/>\n\u00b7 Les machines d\u00e9tectent facilement le PET et envoient la canette au flux de recyclage appropri\u00e9<\/p>\n","protected":false},"excerpt":{"rendered":"<p><span class=\"ng-binding\">Voulez-vous plus de vitesse et d&#8217;excitation sur la piste ? La balle HEAD PADEL PRO S+, avec une plus grande duret\u00e9 et un plus grand rebond, permet un jeu beaucoup plus rapide et est plus facile \u00e0 sortir x3 et x4 avec une puissance maximale<\/span><\/p>\n","protected":false},"featured_media":100198,"comment_status":"open","ping_status":"closed","template":"","meta":{"_acf_changed":false,"_joinchat":[]},"acabado":[],"balance":[],"dureza":[],"forma":[],"jugador":[],"marca":[1222],"nivel-de-juego":[],"superficie":[],"tipo-de-juego":[],"product_brand":[],"product_cat":[606],"product_tag":[],"class_list":{"0":"post-100222","1":"product","2":"type-product","3":"status-publish","4":"has-post-thumbnail","6":"marca-tete","7":"product_cat-balles","9":"first","10":"instock","11":"sale","12":"taxable","13":"shipping-taxable","14":"purchasable","15":"product-type-simple"},"acf":[],"yoast_head":"<!-- This site is optimized with the Yoast SEO plugin v27.4 - https:\/\/yoast.com\/product\/yoast-seo-wordpress\/ -->\n<title>CAJON 72 PELOTAS HEAD PADEL PRO S+ - Revolution Padel Store<\/title>\n<meta name=\"description\" content=\"\u00bfQuieres m\u00e1s velocidad y emoci\u00f3n en la pista? La pelota HEAD PADEL PRO S+, con mayor dureza y rebote, permite un juego mucho m\u00e1s r\u00e1pido y es m\u00e1s f\u00e1cil sacarla x3 y x4 con la m\u00e1xima potencia. Para un extra de durabilidad, el n\u00facleo se ha fabricado a partir de una nueva f\u00f3rmula, lo que se traduce, en que esta pelota de competici\u00f3n mantendr\u00e1 su presi\u00f3n durante m\u00e1s tiempo durante el juego\" \/>\n<meta name=\"robots\" content=\"index, follow, max-snippet:-1, max-image-preview:large, max-video-preview:-1\" \/>\n<link rel=\"canonical\" href=\"https:\/\/revolutionpadelstore.com\/fr\/produit\/cajon-72-pelotas-head-padel-pro-s-3\/\" \/>\n<meta property=\"og:locale\" content=\"fr_FR\" \/>\n<meta property=\"og:type\" content=\"article\" \/>\n<meta property=\"og:title\" content=\"CAJON 72 PELOTAS HEAD PADEL PRO S+ - Revolution Padel Store\" \/>\n<meta property=\"og:description\" content=\"\u00bfQuieres m\u00e1s velocidad y emoci\u00f3n en la pista? La pelota HEAD PADEL PRO S+, con mayor dureza y rebote, permite un juego mucho m\u00e1s r\u00e1pido y es m\u00e1s f\u00e1cil sacarla x3 y x4 con la m\u00e1xima potencia. Para un extra de durabilidad, el n\u00facleo se ha fabricado a partir de una nueva f\u00f3rmula, lo que se traduce, en que esta pelota de competici\u00f3n mantendr\u00e1 su presi\u00f3n durante m\u00e1s tiempo durante el juego\" \/>\n<meta property=\"og:url\" content=\"https:\/\/revolutionpadelstore.com\/fr\/produit\/cajon-72-pelotas-head-padel-pro-s-3\/\" \/>\n<meta property=\"og:site_name\" content=\"Revolution Padel Store\" \/>\n<meta property=\"article:modified_time\" content=\"2026-04-21T12:00:07+00:00\" \/>\n<meta property=\"og:image\" content=\"https:\/\/revolutionpadelstore.com\/wp-content\/uploads\/2024\/11\/cajon-72-pelotas-24-botes-de-3-uds-head-padel-pro-s-1100x1100-1.webp\" \/>\n\t<meta property=\"og:image:width\" content=\"1100\" \/>\n\t<meta property=\"og:image:height\" content=\"1100\" \/>\n\t<meta property=\"og:image:type\" content=\"image\/webp\" \/>\n<meta name=\"twitter:card\" content=\"summary_large_image\" \/>\n<meta name=\"twitter:label1\" content=\"Dur\u00e9e de lecture estim\u00e9e\" \/>\n\t<meta name=\"twitter:data1\" content=\"1 minute\" \/>\n<script type=\"application\/ld+json\" class=\"yoast-schema-graph\">{\"@context\":\"https:\\\/\\\/schema.org\",\"@graph\":[{\"@type\":\"WebPage\",\"@id\":\"https:\\\/\\\/revolutionpadelstore.com\\\/fr\\\/produit\\\/cajon-72-pelotas-head-padel-pro-s-3\\\/\",\"url\":\"https:\\\/\\\/revolutionpadelstore.com\\\/fr\\\/produit\\\/cajon-72-pelotas-head-padel-pro-s-3\\\/\",\"name\":\"CAJON 72 PELOTAS HEAD PADEL PRO S+ - Revolution Padel Store\",\"isPartOf\":{\"@id\":\"https:\\\/\\\/revolutionpadelstore.com\\\/fr\\\/#website\"},\"primaryImageOfPage\":{\"@id\":\"https:\\\/\\\/revolutionpadelstore.com\\\/fr\\\/produit\\\/cajon-72-pelotas-head-padel-pro-s-3\\\/#primaryimage\"},\"image\":{\"@id\":\"https:\\\/\\\/revolutionpadelstore.com\\\/fr\\\/produit\\\/cajon-72-pelotas-head-padel-pro-s-3\\\/#primaryimage\"},\"thumbnailUrl\":\"https:\\\/\\\/revolutionpadelstore.com\\\/wp-content\\\/uploads\\\/2024\\\/11\\\/cajon-72-pelotas-24-botes-de-3-uds-head-padel-pro-s-1100x1100-1.webp\",\"datePublished\":\"2024-11-05T22:01:52+00:00\",\"dateModified\":\"2026-04-21T12:00:07+00:00\",\"description\":\"\u00bfQuieres m\u00e1s velocidad y emoci\u00f3n en la pista? La pelota HEAD PADEL PRO S+, con mayor dureza y rebote, permite un juego mucho m\u00e1s r\u00e1pido y es m\u00e1s f\u00e1cil sacarla x3 y x4 con la m\u00e1xima potencia. Para un extra de durabilidad, el n\u00facleo se ha fabricado a partir de una nueva f\u00f3rmula, lo que se traduce, en que esta pelota de competici\u00f3n mantendr\u00e1 su presi\u00f3n durante m\u00e1s tiempo durante el juego\",\"breadcrumb\":{\"@id\":\"https:\\\/\\\/revolutionpadelstore.com\\\/fr\\\/produit\\\/cajon-72-pelotas-head-padel-pro-s-3\\\/#breadcrumb\"},\"inLanguage\":\"fr-FR\",\"potentialAction\":[{\"@type\":\"ReadAction\",\"target\":[\"https:\\\/\\\/revolutionpadelstore.com\\\/fr\\\/produit\\\/cajon-72-pelotas-head-padel-pro-s-3\\\/\"]}]},{\"@type\":\"ImageObject\",\"inLanguage\":\"fr-FR\",\"@id\":\"https:\\\/\\\/revolutionpadelstore.com\\\/fr\\\/produit\\\/cajon-72-pelotas-head-padel-pro-s-3\\\/#primaryimage\",\"url\":\"https:\\\/\\\/revolutionpadelstore.com\\\/wp-content\\\/uploads\\\/2024\\\/11\\\/cajon-72-pelotas-24-botes-de-3-uds-head-padel-pro-s-1100x1100-1.webp\",\"contentUrl\":\"https:\\\/\\\/revolutionpadelstore.com\\\/wp-content\\\/uploads\\\/2024\\\/11\\\/cajon-72-pelotas-24-botes-de-3-uds-head-padel-pro-s-1100x1100-1.webp\",\"width\":1100,\"height\":1100},{\"@type\":\"BreadcrumbList\",\"@id\":\"https:\\\/\\\/revolutionpadelstore.com\\\/fr\\\/produit\\\/cajon-72-pelotas-head-padel-pro-s-3\\\/#breadcrumb\",\"itemListElement\":[{\"@type\":\"ListItem\",\"position\":1,\"name\":\"Portada\",\"item\":\"https:\\\/\\\/revolutionpadelstore.com\\\/fr\\\/\"},{\"@type\":\"ListItem\",\"position\":2,\"name\":\"Boutique\",\"item\":\"https:\\\/\\\/revolutionpadelstore.com\\\/fr\\\/tienda\\\/\"},{\"@type\":\"ListItem\",\"position\":3,\"name\":\"CAJON 72 PELOTAS HEAD PADEL PRO S+\"}]},{\"@type\":\"WebSite\",\"@id\":\"https:\\\/\\\/revolutionpadelstore.com\\\/fr\\\/#website\",\"url\":\"https:\\\/\\\/revolutionpadelstore.com\\\/fr\\\/\",\"name\":\"Revolution Padel Store\",\"description\":\"\",\"publisher\":{\"@id\":\"https:\\\/\\\/revolutionpadelstore.com\\\/fr\\\/#organization\"},\"potentialAction\":[{\"@type\":\"SearchAction\",\"target\":{\"@type\":\"EntryPoint\",\"urlTemplate\":\"https:\\\/\\\/revolutionpadelstore.com\\\/fr\\\/?s={search_term_string}\"},\"query-input\":{\"@type\":\"PropertyValueSpecification\",\"valueRequired\":true,\"valueName\":\"search_term_string\"}}],\"inLanguage\":\"fr-FR\"},{\"@type\":\"Organization\",\"@id\":\"https:\\\/\\\/revolutionpadelstore.com\\\/fr\\\/#organization\",\"name\":\"Revolution Padel Store\",\"url\":\"https:\\\/\\\/revolutionpadelstore.com\\\/fr\\\/\",\"logo\":{\"@type\":\"ImageObject\",\"inLanguage\":\"fr-FR\",\"@id\":\"https:\\\/\\\/revolutionpadelstore.com\\\/fr\\\/#\\\/schema\\\/logo\\\/image\\\/\",\"url\":\"https:\\\/\\\/revolutionpadelstore.com\\\/wp-content\\\/uploads\\\/2026\\\/02\\\/revolution-padel-store.jpg\",\"contentUrl\":\"https:\\\/\\\/revolutionpadelstore.com\\\/wp-content\\\/uploads\\\/2026\\\/02\\\/revolution-padel-store.jpg\",\"width\":2000,\"height\":2000,\"caption\":\"Revolution Padel Store\"},\"image\":{\"@id\":\"https:\\\/\\\/revolutionpadelstore.com\\\/fr\\\/#\\\/schema\\\/logo\\\/image\\\/\"},\"sameAs\":[\"https:\\\/\\\/www.instagram.com\\\/revolutionpadelstore\\\/\"]}]}<\/script>\n<!-- \/ Yoast SEO plugin. -->","yoast_head_json":{"title":"CAJON 72 PELOTAS HEAD PADEL PRO S+ - Revolution Padel Store","description":"\u00bfQuieres m\u00e1s velocidad y emoci\u00f3n en la pista? La pelota HEAD PADEL PRO S+, con mayor dureza y rebote, permite un juego mucho m\u00e1s r\u00e1pido y es m\u00e1s f\u00e1cil sacarla x3 y x4 con la m\u00e1xima potencia. Para un extra de durabilidad, el n\u00facleo se ha fabricado a partir de una nueva f\u00f3rmula, lo que se traduce, en que esta pelota de competici\u00f3n mantendr\u00e1 su presi\u00f3n durante m\u00e1s tiempo durante el juego","robots":{"index":"index","follow":"follow","max-snippet":"max-snippet:-1","max-image-preview":"max-image-preview:large","max-video-preview":"max-video-preview:-1"},"canonical":"https:\/\/revolutionpadelstore.com\/fr\/produit\/cajon-72-pelotas-head-padel-pro-s-3\/","og_locale":"fr_FR","og_type":"article","og_title":"CAJON 72 PELOTAS HEAD PADEL PRO S+ - Revolution Padel Store","og_description":"\u00bfQuieres m\u00e1s velocidad y emoci\u00f3n en la pista? La pelota HEAD PADEL PRO S+, con mayor dureza y rebote, permite un juego mucho m\u00e1s r\u00e1pido y es m\u00e1s f\u00e1cil sacarla x3 y x4 con la m\u00e1xima potencia. Para un extra de durabilidad, el n\u00facleo se ha fabricado a partir de una nueva f\u00f3rmula, lo que se traduce, en que esta pelota de competici\u00f3n mantendr\u00e1 su presi\u00f3n durante m\u00e1s tiempo durante el juego","og_url":"https:\/\/revolutionpadelstore.com\/fr\/produit\/cajon-72-pelotas-head-padel-pro-s-3\/","og_site_name":"Revolution Padel Store","article_modified_time":"2026-04-21T12:00:07+00:00","og_image":[{"width":1100,"height":1100,"url":"https:\/\/revolutionpadelstore.com\/wp-content\/uploads\/2024\/11\/cajon-72-pelotas-24-botes-de-3-uds-head-padel-pro-s-1100x1100-1.webp","type":"image\/webp"}],"twitter_card":"summary_large_image","twitter_misc":{"Dur\u00e9e de lecture estim\u00e9e":"1 minute"},"schema":{"@context":"https:\/\/schema.org","@graph":[{"@type":"WebPage","@id":"https:\/\/revolutionpadelstore.com\/fr\/produit\/cajon-72-pelotas-head-padel-pro-s-3\/","url":"https:\/\/revolutionpadelstore.com\/fr\/produit\/cajon-72-pelotas-head-padel-pro-s-3\/","name":"CAJON 72 PELOTAS HEAD PADEL PRO S+ - Revolution Padel Store","isPartOf":{"@id":"https:\/\/revolutionpadelstore.com\/fr\/#website"},"primaryImageOfPage":{"@id":"https:\/\/revolutionpadelstore.com\/fr\/produit\/cajon-72-pelotas-head-padel-pro-s-3\/#primaryimage"},"image":{"@id":"https:\/\/revolutionpadelstore.com\/fr\/produit\/cajon-72-pelotas-head-padel-pro-s-3\/#primaryimage"},"thumbnailUrl":"https:\/\/revolutionpadelstore.com\/wp-content\/uploads\/2024\/11\/cajon-72-pelotas-24-botes-de-3-uds-head-padel-pro-s-1100x1100-1.webp","datePublished":"2024-11-05T22:01:52+00:00","dateModified":"2026-04-21T12:00:07+00:00","description":"\u00bfQuieres m\u00e1s velocidad y emoci\u00f3n en la pista? La pelota HEAD PADEL PRO S+, con mayor dureza y rebote, permite un juego mucho m\u00e1s r\u00e1pido y es m\u00e1s f\u00e1cil sacarla x3 y x4 con la m\u00e1xima potencia. Para un extra de durabilidad, el n\u00facleo se ha fabricado a partir de una nueva f\u00f3rmula, lo que se traduce, en que esta pelota de competici\u00f3n mantendr\u00e1 su presi\u00f3n durante m\u00e1s tiempo durante el juego","breadcrumb":{"@id":"https:\/\/revolutionpadelstore.com\/fr\/produit\/cajon-72-pelotas-head-padel-pro-s-3\/#breadcrumb"},"inLanguage":"fr-FR","potentialAction":[{"@type":"ReadAction","target":["https:\/\/revolutionpadelstore.com\/fr\/produit\/cajon-72-pelotas-head-padel-pro-s-3\/"]}]},{"@type":"ImageObject","inLanguage":"fr-FR","@id":"https:\/\/revolutionpadelstore.com\/fr\/produit\/cajon-72-pelotas-head-padel-pro-s-3\/#primaryimage","url":"https:\/\/revolutionpadelstore.com\/wp-content\/uploads\/2024\/11\/cajon-72-pelotas-24-botes-de-3-uds-head-padel-pro-s-1100x1100-1.webp","contentUrl":"https:\/\/revolutionpadelstore.com\/wp-content\/uploads\/2024\/11\/cajon-72-pelotas-24-botes-de-3-uds-head-padel-pro-s-1100x1100-1.webp","width":1100,"height":1100},{"@type":"BreadcrumbList","@id":"https:\/\/revolutionpadelstore.com\/fr\/produit\/cajon-72-pelotas-head-padel-pro-s-3\/#breadcrumb","itemListElement":[{"@type":"ListItem","position":1,"name":"Portada","item":"https:\/\/revolutionpadelstore.com\/fr\/"},{"@type":"ListItem","position":2,"name":"Boutique","item":"https:\/\/revolutionpadelstore.com\/fr\/tienda\/"},{"@type":"ListItem","position":3,"name":"CAJON 72 PELOTAS HEAD PADEL PRO S+"}]},{"@type":"WebSite","@id":"https:\/\/revolutionpadelstore.com\/fr\/#website","url":"https:\/\/revolutionpadelstore.com\/fr\/","name":"Revolution Padel Store","description":"","publisher":{"@id":"https:\/\/revolutionpadelstore.com\/fr\/#organization"},"potentialAction":[{"@type":"SearchAction","target":{"@type":"EntryPoint","urlTemplate":"https:\/\/revolutionpadelstore.com\/fr\/?s={search_term_string}"},"query-input":{"@type":"PropertyValueSpecification","valueRequired":true,"valueName":"search_term_string"}}],"inLanguage":"fr-FR"},{"@type":"Organization","@id":"https:\/\/revolutionpadelstore.com\/fr\/#organization","name":"Revolution Padel Store","url":"https:\/\/revolutionpadelstore.com\/fr\/","logo":{"@type":"ImageObject","inLanguage":"fr-FR","@id":"https:\/\/revolutionpadelstore.com\/fr\/#\/schema\/logo\/image\/","url":"https:\/\/revolutionpadelstore.com\/wp-content\/uploads\/2026\/02\/revolution-padel-store.jpg","contentUrl":"https:\/\/revolutionpadelstore.com\/wp-content\/uploads\/2026\/02\/revolution-padel-store.jpg","width":2000,"height":2000,"caption":"Revolution Padel Store"},"image":{"@id":"https:\/\/revolutionpadelstore.com\/fr\/#\/schema\/logo\/image\/"},"sameAs":["https:\/\/www.instagram.com\/revolutionpadelstore\/"]}]}},"_links":{"self":[{"href":"https:\/\/revolutionpadelstore.com\/fr\/wp-json\/wp\/v2\/product\/100222","targetHints":{"allow":["GET"]}}],"collection":[{"href":"https:\/\/revolutionpadelstore.com\/fr\/wp-json\/wp\/v2\/product"}],"about":[{"href":"https:\/\/revolutionpadelstore.com\/fr\/wp-json\/wp\/v2\/types\/product"}],"replies":[{"embeddable":true,"href":"https:\/\/revolutionpadelstore.com\/fr\/wp-json\/wp\/v2\/comments?post=100222"}],"wp:featuredmedia":[{"embeddable":true,"href":"https:\/\/revolutionpadelstore.com\/fr\/wp-json\/wp\/v2\/media\/100198"}],"wp:attachment":[{"href":"https:\/\/revolutionpadelstore.com\/fr\/wp-json\/wp\/v2\/media?parent=100222"}],"wp:term":[{"taxonomy":"acabado","embeddable":true,"href":"https:\/\/revolutionpadelstore.com\/fr\/wp-json\/wp\/v2\/acabado?post=100222"},{"taxonomy":"balance","embeddable":true,"href":"https:\/\/revolutionpadelstore.com\/fr\/wp-json\/wp\/v2\/balance?post=100222"},{"taxonomy":"dureza","embeddable":true,"href":"https:\/\/revolutionpadelstore.com\/fr\/wp-json\/wp\/v2\/dureza?post=100222"},{"taxonomy":"forma","embeddable":true,"href":"https:\/\/revolutionpadelstore.com\/fr\/wp-json\/wp\/v2\/forma?post=100222"},{"taxonomy":"jugador","embeddable":true,"href":"https:\/\/revolutionpadelstore.com\/fr\/wp-json\/wp\/v2\/jugador?post=100222"},{"taxonomy":"marca","embeddable":true,"href":"https:\/\/revolutionpadelstore.com\/fr\/wp-json\/wp\/v2\/marca?post=100222"},{"taxonomy":"nivel-de-juego","embeddable":true,"href":"https:\/\/revolutionpadelstore.com\/fr\/wp-json\/wp\/v2\/nivel-de-juego?post=100222"},{"taxonomy":"superficie","embeddable":true,"href":"https:\/\/revolutionpadelstore.com\/fr\/wp-json\/wp\/v2\/superficie?post=100222"},{"taxonomy":"tipo-de-juego","embeddable":true,"href":"https:\/\/revolutionpadelstore.com\/fr\/wp-json\/wp\/v2\/tipo-de-juego?post=100222"},{"taxonomy":"product_brand","embeddable":true,"href":"https:\/\/revolutionpadelstore.com\/fr\/wp-json\/wp\/v2\/product_brand?post=100222"},{"taxonomy":"product_cat","embeddable":true,"href":"https:\/\/revolutionpadelstore.com\/fr\/wp-json\/wp\/v2\/product_cat?post=100222"},{"taxonomy":"product_tag","embeddable":true,"href":"https:\/\/revolutionpadelstore.com\/fr\/wp-json\/wp\/v2\/product_tag?post=100222"}],"curies":[{"name":"wp","href":"https:\/\/api.w.org\/{rel}","templated":true}]}}