{"id":82362,"date":"2024-03-11T20:49:52","date_gmt":"2024-03-11T19:49:52","guid":{"rendered":"https:\/\/revolutionpadelstore.com\/politica-de-cookies\/"},"modified":"2024-09-30T12:22:12","modified_gmt":"2024-09-30T10:22:12","slug":"politica-de-cookies","status":"publish","type":"page","link":"https:\/\/revolutionpadelstore.com\/fr\/politica-de-cookies\/","title":{"rendered":"POLITIQUE EN MATI\u00c8RE DE COOKIES"},"content":{"rendered":"\n<h2 class=\"wp-block-heading\">POLITIQUE EN MATI\u00c8RE DE COOKIES<\/h2>\n\n\n\n<p>Politique de cookies 1. Utilisation de cookies. 2. Type, finalit\u00e9 et fonctionnement des Cookies. 3. Description des cookies. 4. Gestion des cookies. 5. Comment d\u00e9sactiver les cookies dans les principaux navigateurs.<\/p>\n\n\n\n<p>Utilisation de cookies.<\/p>\n\n\n\n<p>Le site revolutionpadelstore.com utilise des cookies et d&#8217;autres m\u00e9canismes similaires (ci-apr\u00e8s, Cookies). Un \u00ab Cookie \u00bb est un petit fichier stock\u00e9 sur l&#8217;ordinateur de l&#8217;utilisateur et permettant de reconna\u00eetre l&#8217;utilisateur. L&#8217;ensemble des \u00ab cookies \u00bb nous aide \u00e0 am\u00e9liorer la qualit\u00e9 de notre site Web, en nous permettant de contr\u00f4ler quelles pages nos utilisateurs trouvent utiles et lesquelles ne leur sont pas utiles. Les cookies sont essentiels au fonctionnement d&#8217;Internet, offrant d&#8217;innombrables avantages dans la fourniture de services interactifs, facilitant la navigation et la convivialit\u00e9 de notre site Web. Veuillez noter que les cookies ne peuvent pas endommager votre ordinateur et, en retour, lorsqu&#8217;ils sont activ\u00e9s, ils nous aident \u00e0 identifier et \u00e0 r\u00e9soudre les erreurs.<\/p>\n\n\n\n<p>Type, finalit\u00e9 et fonctionnement des Cookies.<\/p>\n\n\n\n<p>Les cookies, en fonction de leur permanence, peuvent \u00eatre divis\u00e9s en cookies de session ou permanents.<\/p>\n\n\n\n<p>Cookies de session : ce sont des cookies temporaires qui restent dans le fichier cookie de votre navigateur jusqu&#8217;\u00e0 ce que vous quittiez le site, donc aucun n&#8217;est enregistr\u00e9 sur le disque dur de l&#8217;utilisateur. Les informations obtenues gr\u00e2ce \u00e0 ces cookies sont utilis\u00e9es pour analyser les mod\u00e8les de trafic sur le Web. Au final, cela nous permet d&#8217;offrir une meilleure exp\u00e9rience en am\u00e9liorant le contenu et en le rendant plus facile \u00e0 utiliser.<\/p>\n\n\n\n<p>Les cookies permanents sont stock\u00e9s sur votre disque dur et notre site Web les lit \u00e0 chaque nouvelle visite. Un site Web permanent a une date d&#8217;expiration sp\u00e9cifique. Le cookie cessera de fonctionner apr\u00e8s cette date. Nous les utilisons g\u00e9n\u00e9ralement pour faciliter les services d\u2019achat et d\u2019inscription.<\/p>\n\n\n\n<p>De plus, en fonction de leur finalit\u00e9, les Cookies peuvent \u00eatre class\u00e9s comme suit :<\/p>\n\n\n\n<p>Cookies de performance&nbsp;: ce type de cookie m\u00e9morise vos pr\u00e9f\u00e9rences pour les outils trouv\u00e9s sur les services, vous n&#8217;avez donc pas besoin de reconfigurer le service \u00e0 chaque visite. A titre d&#8217;exemple, cette typologie comprend :<\/p>\n\n\n\n<p>\u00b7 R\u00e9glages du volume pour les lecteurs vid\u00e9o ou audio.<\/p>\n\n\n\n<p>\u00b7 La r\u00e9solution pr\u00e9f\u00e9r\u00e9e dans les vid\u00e9os.<\/p>\n\n\n\n<p>\u00b7 Vitesses de streaming vid\u00e9o prises en charge par votre navigateur.<\/p>\n\n\n\n<p>Cookies de g\u00e9olocalisation : Ces Cookies permettent de savoir dans quel pays vous vous trouvez lorsque vous demandez un Service. Ce cookie est totalement anonyme et n&#8217;est utilis\u00e9 que pour aider \u00e0 cibler le contenu en fonction de votre emplacement. Cookies d&#8217;inscription : Les Cookies d&#8217;inscription sont g\u00e9n\u00e9r\u00e9s une fois que l&#8217;Utilisateur s&#8217;est inscrit ou a ouvert ult\u00e9rieurement sa session, et sont utilis\u00e9s pour identifier l&#8217;Utilisateur dans les Services aux fins suivantes :<\/p>\n\n\n\n<p>\u00b7 Garder l&#8217;Utilisateur identifi\u00e9 afin que, s&#8217;il ferme un Service, le navigateur ou l&#8217;ordinateur et qu&#8217;\u00e0 un autre moment ou un autre jour il r\u00e9int\u00e8gre ledit Service, il continue \u00e0 \u00eatre identifi\u00e9, facilitant ainsi sa navigation sans avoir \u00e0 s&#8217;identifier \u00e0 nouveau. . Cette fonctionnalit\u00e9 peut \u00eatre supprim\u00e9e si l&#8217;Utilisateur clique sur la fonctionnalit\u00e9 &#8220;d\u00e9connexion&#8221;, de sorte que ce Cookie soit supprim\u00e9 et la prochaine fois que l&#8217;Utilisateur entrera dans le Service, il devra se connecter pour \u00eatre identifi\u00e9.<\/p>\n\n\n\n<p>\u00b7V\u00e9rifiez si l&#8217;Utilisateur est autoris\u00e9 \u00e0 acc\u00e9der \u00e0 certains Services, par exemple pour participer \u00e0 un concours.<\/p>\n\n\n\n<p>Par ailleurs, certains Services peuvent utiliser des connecteurs avec des r\u00e9seaux sociaux tels que Facebook ou Twitter. Lorsque l&#8217;Utilisateur s&#8217;inscrit \u00e0 un Service avec les identifiants d&#8217;un r\u00e9seau social, il autorise le r\u00e9seau social \u00e0 stocker un Cookie persistant qui m\u00e9morise son identit\u00e9 et garantit l&#8217;acc\u00e8s aux Services jusqu&#8217;\u00e0 son expiration. L&#8217;Utilisateur peut supprimer ce Cookie et r\u00e9voquer l&#8217;acc\u00e8s aux Services via les r\u00e9seaux sociaux en mettant \u00e0 jour ses pr\u00e9f\u00e9rences sur le r\u00e9seau social qu&#8217;il indique.<\/p>\n\n\n\n<p>Cookies analytiques&nbsp;: chaque fois qu&#8217;un Utilisateur visite un Service, un outil d&#8217;un fournisseur externe (Omniture, Netscope, Comscore et similaires qui peuvent \u00eatre ajout\u00e9s \u00e0 cette liste s&#8217;ils varient par rapport aux outils actuels) g\u00e9n\u00e8re un Cookie analytique dans l&#8217;ordinateur de l&#8217;Utilisateur. . Ce cookie, qui est g\u00e9n\u00e9r\u00e9 uniquement lors de la visite, sera utilis\u00e9 lors des prochaines visites des services revolutionpadelstore.com pour identifier le visiteur de mani\u00e8re anonyme. Les principaux objectifs poursuivis sont :<\/p>\n\n\n\n<p>\u00b7 Permettre l&#8217;identification anonyme des Utilisateurs naviguant gr\u00e2ce au \u00ab Cookie \u00bb (identifie les navigateurs et les appareils, pas les personnes) et donc la comptabilisation approximative du nombre de visiteurs et de leur \u00e9volution dans le temps.<\/p>\n\n\n\n<p>\u00b7 Identifier de mani\u00e8re anonyme les contenus les plus visit\u00e9s et donc les plus attractifs pour les Utilisateurs.<\/p>\n\n\n\n<p>\u00b7 Sachez si l&#8217;utilisateur qui acc\u00e8de est nouveau ou s&#8217;il visite de nouveau.<\/p>\n\n\n\n<p>Important : Sauf si l&#8217;Utilisateur d\u00e9cide de s&#8217;inscrire \u00e0 un Service Revolutio Padel Store, le Cookie ne sera jamais associ\u00e9 \u00e0 des donn\u00e9es personnelles permettant de l&#8217;identifier. Ces cookies ne seront utilis\u00e9s qu&#8217;\u00e0 des fins<\/p>\n\n\n\n<p>des statistiques permettant d&#8217;optimiser l&#8217;exp\u00e9rience Utilisateur sur le site.<\/p>\n\n\n\n<p>Cookies publicitaires&nbsp;: ces types de cookies permettent d&#8217;\u00e9largir les informations sur les publicit\u00e9s pr\u00e9sent\u00e9es \u00e0 chaque utilisateur anonyme dans les services de Revolution Padel Store, entre autres, la dur\u00e9e ou la fr\u00e9quence d&#8217;affichage des positions publicitaires, l&#8217;interaction avec celles-ci ou les mod\u00e8les de navigation et\/ou. ou les comportements de l&#8217;Utilisateur car ils contribuent \u00e0 cr\u00e9er un profil d&#8217;int\u00e9r\u00eat publicitaire. Ils permettent ainsi de proposer des publicit\u00e9s li\u00e9es aux int\u00e9r\u00eats de l\u2019Utilisateur.<\/p>\n\n\n\n<p>Description des cookies&nbsp;:<\/p>\n\n\n\n<p>Cookies du magasin Revolution Padel<\/p>\n\n\n\n<p>Google Analytics : Cookies __utmb, __utmc, __utmz et __utma : Ils nous permettent de compter les pages vues et les sources de trafic afin de mesurer et d&#8217;am\u00e9liorer les performances des sites. Google stocke les informations collect\u00e9es par les cookies sur des serveurs aux \u00c9tats-Unis. Google peut transf\u00e9rer les informations \u00e0 des tiers lorsque la loi l&#8217;exige ou lorsque ces tiers traitent les informations pour le compte de Google. Google n&#8217;associera pas votre adresse IP \u00e0 d&#8217;autres donn\u00e9es d\u00e9tenues par Google.<\/p>\n\n\n\n<p>Gestion des cookies :<\/p>\n\n\n\n<p>\u00c0 titre de garantie compl\u00e9mentaire \u00e0 celles d\u00e9crites pr\u00e9c\u00e9demment, l&#8217;enregistrement des cookies peut \u00eatre soumis \u00e0 l&#8217;acceptation lors de l&#8217;installation ou de la mise \u00e0 jour du navigateur utilis\u00e9, et cette acceptation peut \u00eatre r\u00e9voqu\u00e9e \u00e0 tout moment gr\u00e2ce aux options de configuration du contenu et de la confidentialit\u00e9 disponibles.<\/p>\n\n\n\n<p>De nombreux navigateurs vous permettent d&#8217;activer un mode priv\u00e9 gr\u00e2ce auquel les cookies sont toujours supprim\u00e9s apr\u00e8s votre visite. Selon chaque navigateur, ce mode priv\u00e9 peut avoir des noms diff\u00e9rents. Vous trouverez ci-dessous une liste des navigateurs les plus courants et les diff\u00e9rents noms de ce \u00ab mode priv\u00e9 \u00bb :<\/p>\n\n\n\n<p>\u00b7 Internet Explorer 8 et sup\u00e9rieur&nbsp;; En Priv\u00e9<\/p>\n\n\n\n<p>\u00b7 Op\u00e9ra 10.5 et sup\u00e9rieur&nbsp;; Navigation priv\u00e9e<\/p>\n\n\n\n<p>\u00b7 Google Chrome 10 et sup\u00e9rieur&nbsp;; Incognito<\/p>\n\n\n\n<p>\u00b7 Safari 2 et sup\u00e9rieur&nbsp;; Navigation priv\u00e9e<\/p>\n\n\n\n<p>\u00b7 FireFox 3.5 et sup\u00e9rieur&nbsp;; Navigation priv\u00e9e<\/p>\n\n\n\n<p>Important : Veuillez lire attentivement la section d&#8217;aide de votre navigateur pour en savoir plus sur la fa\u00e7on d&#8217;activer le \u00ab mode priv\u00e9 \u00bb. Vous pouvez continuer \u00e0 visiter nos sites Web, m\u00eame si votre navigateur est en \u00ab mode priv\u00e9 \u00bb, m\u00eame si votre navigation sur notre site Web peut ne pas \u00eatre optimale et certains utilitaires peuvent ne pas fonctionner correctement.<\/p>\n\n\n\n<p>Comment d\u00e9sactiver les cookies dans les principaux navigateurs&nbsp;:<\/p>\n\n\n\n<p>Il est g\u00e9n\u00e9ralement possible de cesser d&#8217;accepter les cookies du navigateur ou de cesser d&#8217;accepter les cookies d&#8217;un service particulier.<\/p>\n\n\n\n<p>Tous les navigateurs modernes vous permettent de modifier les param\u00e8tres des cookies. Ces param\u00e8tres se trouvent g\u00e9n\u00e9ralement dans les options de menu ou les pr\u00e9f\u00e9rences de votre navigateur. Vous pouvez \u00e9galement configurer votre navigateur ou votre gestionnaire de messagerie, ainsi qu&#8217;installer des plugins gratuits pour emp\u00eacher le t\u00e9l\u00e9chargement de Web Bugs lors de l&#8217;ouverture d&#8217;un e-mail.<\/p>\n\n\n\n<p>Nous accompagnons l&#8217;Utilisateur sur les d\u00e9marches pour acc\u00e9der au menu de configuration des cookies et, le cas \u00e9ch\u00e9ant, \u00e0 la navigation priv\u00e9e dans chacun des principaux navigateurs :<\/p>\n\n\n\n<p>Internet Explorer&nbsp;: Outils -&gt; Options Internet -&gt; Confidentialit\u00e9 -&gt; Param\u00e8tres. Firefox : Outils -&gt; Options -&gt; Confidentialit\u00e9 -&gt; Historique -&gt; Param\u00e8tres personnalis\u00e9s. Chrome&nbsp;:&nbsp;Param\u00e8tres -&gt; Afficher les options avanc\u00e9es -&gt; Confidentialit\u00e9 -&gt; Param\u00e8tres de contenu. Safari : Pr\u00e9f\u00e9rences -&gt; S\u00e9curit\u00e9.<\/p>\n","protected":false},"excerpt":{"rendered":"<p>POLITIQUE EN MATI\u00c8RE DE COOKIES Politique de cookies 1. Utilisation de cookies. 2. Type, finalit\u00e9 et fonctionnement des Cookies. 3. Description des cookies. 4. Gestion des cookies. 5. Comment d\u00e9sactiver les cookies dans les principaux navigateurs. Utilisation de cookies. Le site revolutionpadelstore.com utilise des cookies et d&#8217;autres m\u00e9canismes similaires (ci-apr\u00e8s, Cookies). Un \u00ab Cookie \u00bb [&hellip;]<\/p>\n","protected":false},"author":1,"featured_media":0,"parent":0,"menu_order":0,"comment_status":"closed","ping_status":"closed","template":"legal.php","meta":{"_acf_changed":false,"_joinchat":[],"footnotes":""},"class_list":["post-82362","page","type-page","status-publish","hentry"],"acf":[],"yoast_head":"<!-- This site is optimized with the Yoast SEO plugin v27.4 - https:\/\/yoast.com\/product\/yoast-seo-wordpress\/ -->\n<title>POLITIQUE EN MATI\u00c8RE DE COOKIES - Revolution Padel Store<\/title>\n<meta name=\"robots\" content=\"index, follow, max-snippet:-1, max-image-preview:large, max-video-preview:-1\" \/>\n<link rel=\"canonical\" href=\"https:\/\/revolutionpadelstore.com\/fr\/politica-de-cookies\/\" \/>\n<meta property=\"og:locale\" content=\"fr_FR\" \/>\n<meta property=\"og:type\" content=\"article\" \/>\n<meta property=\"og:title\" content=\"POLITIQUE EN MATI\u00c8RE DE COOKIES - Revolution Padel Store\" \/>\n<meta property=\"og:description\" content=\"POLITIQUE EN MATI\u00c8RE DE COOKIES Politique de cookies 1. Utilisation de cookies. 2. Type, finalit\u00e9 et fonctionnement des Cookies. 3. Description des cookies. 4. Gestion des cookies. 5. Comment d\u00e9sactiver les cookies dans les principaux navigateurs. Utilisation de cookies. Le site revolutionpadelstore.com utilise des cookies et d&#8217;autres m\u00e9canismes similaires (ci-apr\u00e8s, Cookies). Un \u00ab Cookie \u00bb [&hellip;]\" \/>\n<meta property=\"og:url\" content=\"https:\/\/revolutionpadelstore.com\/fr\/politica-de-cookies\/\" \/>\n<meta property=\"og:site_name\" content=\"Revolution Padel Store\" \/>\n<meta property=\"article:modified_time\" content=\"2024-09-30T10:22:12+00:00\" \/>\n<meta property=\"og:image\" content=\"https:\/\/revolutionpadelstore.com\/wp-content\/uploads\/2026\/02\/revolution-padel-store.jpg\" \/>\n\t<meta property=\"og:image:width\" content=\"2000\" \/>\n\t<meta property=\"og:image:height\" content=\"2000\" \/>\n\t<meta property=\"og:image:type\" content=\"image\/jpeg\" \/>\n<meta name=\"twitter:card\" content=\"summary_large_image\" \/>\n<meta name=\"twitter:label1\" content=\"Dur\u00e9e de lecture estim\u00e9e\" \/>\n\t<meta name=\"twitter:data1\" content=\"6 minutes\" \/>\n<script type=\"application\/ld+json\" class=\"yoast-schema-graph\">{\"@context\":\"https:\\\/\\\/schema.org\",\"@graph\":[{\"@type\":\"WebPage\",\"@id\":\"https:\\\/\\\/revolutionpadelstore.com\\\/fr\\\/politica-de-cookies\\\/\",\"url\":\"https:\\\/\\\/revolutionpadelstore.com\\\/fr\\\/politica-de-cookies\\\/\",\"name\":\"POLITIQUE EN MATI\u00c8RE DE COOKIES - Revolution Padel Store\",\"isPartOf\":{\"@id\":\"https:\\\/\\\/revolutionpadelstore.com\\\/fr\\\/#website\"},\"datePublished\":\"2024-03-11T19:49:52+00:00\",\"dateModified\":\"2024-09-30T10:22:12+00:00\",\"breadcrumb\":{\"@id\":\"https:\\\/\\\/revolutionpadelstore.com\\\/fr\\\/politica-de-cookies\\\/#breadcrumb\"},\"inLanguage\":\"fr-FR\",\"potentialAction\":[{\"@type\":\"ReadAction\",\"target\":[\"https:\\\/\\\/revolutionpadelstore.com\\\/fr\\\/politica-de-cookies\\\/\"]}]},{\"@type\":\"BreadcrumbList\",\"@id\":\"https:\\\/\\\/revolutionpadelstore.com\\\/fr\\\/politica-de-cookies\\\/#breadcrumb\",\"itemListElement\":[{\"@type\":\"ListItem\",\"position\":1,\"name\":\"Portada\",\"item\":\"https:\\\/\\\/revolutionpadelstore.com\\\/fr\\\/\"},{\"@type\":\"ListItem\",\"position\":2,\"name\":\"POLITIQUE EN MATI\u00c8RE DE COOKIES\"}]},{\"@type\":\"WebSite\",\"@id\":\"https:\\\/\\\/revolutionpadelstore.com\\\/fr\\\/#website\",\"url\":\"https:\\\/\\\/revolutionpadelstore.com\\\/fr\\\/\",\"name\":\"Revolution Padel Store\",\"description\":\"\",\"publisher\":{\"@id\":\"https:\\\/\\\/revolutionpadelstore.com\\\/fr\\\/#organization\"},\"potentialAction\":[{\"@type\":\"SearchAction\",\"target\":{\"@type\":\"EntryPoint\",\"urlTemplate\":\"https:\\\/\\\/revolutionpadelstore.com\\\/fr\\\/?s={search_term_string}\"},\"query-input\":{\"@type\":\"PropertyValueSpecification\",\"valueRequired\":true,\"valueName\":\"search_term_string\"}}],\"inLanguage\":\"fr-FR\"},{\"@type\":\"Organization\",\"@id\":\"https:\\\/\\\/revolutionpadelstore.com\\\/fr\\\/#organization\",\"name\":\"Revolution Padel Store\",\"url\":\"https:\\\/\\\/revolutionpadelstore.com\\\/fr\\\/\",\"logo\":{\"@type\":\"ImageObject\",\"inLanguage\":\"fr-FR\",\"@id\":\"https:\\\/\\\/revolutionpadelstore.com\\\/fr\\\/#\\\/schema\\\/logo\\\/image\\\/\",\"url\":\"https:\\\/\\\/revolutionpadelstore.com\\\/wp-content\\\/uploads\\\/2026\\\/02\\\/revolution-padel-store.jpg\",\"contentUrl\":\"https:\\\/\\\/revolutionpadelstore.com\\\/wp-content\\\/uploads\\\/2026\\\/02\\\/revolution-padel-store.jpg\",\"width\":2000,\"height\":2000,\"caption\":\"Revolution Padel Store\"},\"image\":{\"@id\":\"https:\\\/\\\/revolutionpadelstore.com\\\/fr\\\/#\\\/schema\\\/logo\\\/image\\\/\"},\"sameAs\":[\"https:\\\/\\\/www.instagram.com\\\/revolutionpadelstore\\\/\"]}]}<\/script>\n<!-- \/ Yoast SEO plugin. -->","yoast_head_json":{"title":"POLITIQUE EN MATI\u00c8RE DE COOKIES - Revolution Padel Store","robots":{"index":"index","follow":"follow","max-snippet":"max-snippet:-1","max-image-preview":"max-image-preview:large","max-video-preview":"max-video-preview:-1"},"canonical":"https:\/\/revolutionpadelstore.com\/fr\/politica-de-cookies\/","og_locale":"fr_FR","og_type":"article","og_title":"POLITIQUE EN MATI\u00c8RE DE COOKIES - Revolution Padel Store","og_description":"POLITIQUE EN MATI\u00c8RE DE COOKIES Politique de cookies 1. Utilisation de cookies. 2. Type, finalit\u00e9 et fonctionnement des Cookies. 3. Description des cookies. 4. Gestion des cookies. 5. Comment d\u00e9sactiver les cookies dans les principaux navigateurs. Utilisation de cookies. Le site revolutionpadelstore.com utilise des cookies et d&#8217;autres m\u00e9canismes similaires (ci-apr\u00e8s, Cookies). Un \u00ab Cookie \u00bb [&hellip;]","og_url":"https:\/\/revolutionpadelstore.com\/fr\/politica-de-cookies\/","og_site_name":"Revolution Padel Store","article_modified_time":"2024-09-30T10:22:12+00:00","og_image":[{"width":2000,"height":2000,"url":"https:\/\/revolutionpadelstore.com\/wp-content\/uploads\/2026\/02\/revolution-padel-store.jpg","type":"image\/jpeg"}],"twitter_card":"summary_large_image","twitter_misc":{"Dur\u00e9e de lecture estim\u00e9e":"6 minutes"},"schema":{"@context":"https:\/\/schema.org","@graph":[{"@type":"WebPage","@id":"https:\/\/revolutionpadelstore.com\/fr\/politica-de-cookies\/","url":"https:\/\/revolutionpadelstore.com\/fr\/politica-de-cookies\/","name":"POLITIQUE EN MATI\u00c8RE DE COOKIES - Revolution Padel Store","isPartOf":{"@id":"https:\/\/revolutionpadelstore.com\/fr\/#website"},"datePublished":"2024-03-11T19:49:52+00:00","dateModified":"2024-09-30T10:22:12+00:00","breadcrumb":{"@id":"https:\/\/revolutionpadelstore.com\/fr\/politica-de-cookies\/#breadcrumb"},"inLanguage":"fr-FR","potentialAction":[{"@type":"ReadAction","target":["https:\/\/revolutionpadelstore.com\/fr\/politica-de-cookies\/"]}]},{"@type":"BreadcrumbList","@id":"https:\/\/revolutionpadelstore.com\/fr\/politica-de-cookies\/#breadcrumb","itemListElement":[{"@type":"ListItem","position":1,"name":"Portada","item":"https:\/\/revolutionpadelstore.com\/fr\/"},{"@type":"ListItem","position":2,"name":"POLITIQUE EN MATI\u00c8RE DE COOKIES"}]},{"@type":"WebSite","@id":"https:\/\/revolutionpadelstore.com\/fr\/#website","url":"https:\/\/revolutionpadelstore.com\/fr\/","name":"Revolution Padel Store","description":"","publisher":{"@id":"https:\/\/revolutionpadelstore.com\/fr\/#organization"},"potentialAction":[{"@type":"SearchAction","target":{"@type":"EntryPoint","urlTemplate":"https:\/\/revolutionpadelstore.com\/fr\/?s={search_term_string}"},"query-input":{"@type":"PropertyValueSpecification","valueRequired":true,"valueName":"search_term_string"}}],"inLanguage":"fr-FR"},{"@type":"Organization","@id":"https:\/\/revolutionpadelstore.com\/fr\/#organization","name":"Revolution Padel Store","url":"https:\/\/revolutionpadelstore.com\/fr\/","logo":{"@type":"ImageObject","inLanguage":"fr-FR","@id":"https:\/\/revolutionpadelstore.com\/fr\/#\/schema\/logo\/image\/","url":"https:\/\/revolutionpadelstore.com\/wp-content\/uploads\/2026\/02\/revolution-padel-store.jpg","contentUrl":"https:\/\/revolutionpadelstore.com\/wp-content\/uploads\/2026\/02\/revolution-padel-store.jpg","width":2000,"height":2000,"caption":"Revolution Padel Store"},"image":{"@id":"https:\/\/revolutionpadelstore.com\/fr\/#\/schema\/logo\/image\/"},"sameAs":["https:\/\/www.instagram.com\/revolutionpadelstore\/"]}]}},"_links":{"self":[{"href":"https:\/\/revolutionpadelstore.com\/fr\/wp-json\/wp\/v2\/pages\/82362","targetHints":{"allow":["GET"]}}],"collection":[{"href":"https:\/\/revolutionpadelstore.com\/fr\/wp-json\/wp\/v2\/pages"}],"about":[{"href":"https:\/\/revolutionpadelstore.com\/fr\/wp-json\/wp\/v2\/types\/page"}],"author":[{"embeddable":true,"href":"https:\/\/revolutionpadelstore.com\/fr\/wp-json\/wp\/v2\/users\/1"}],"replies":[{"embeddable":true,"href":"https:\/\/revolutionpadelstore.com\/fr\/wp-json\/wp\/v2\/comments?post=82362"}],"version-history":[{"count":1,"href":"https:\/\/revolutionpadelstore.com\/fr\/wp-json\/wp\/v2\/pages\/82362\/revisions"}],"predecessor-version":[{"id":82372,"href":"https:\/\/revolutionpadelstore.com\/fr\/wp-json\/wp\/v2\/pages\/82362\/revisions\/82372"}],"wp:attachment":[{"href":"https:\/\/revolutionpadelstore.com\/fr\/wp-json\/wp\/v2\/media?parent=82362"}],"curies":[{"name":"wp","href":"https:\/\/api.w.org\/{rel}","templated":true}]}}