{"id":82344,"date":"2023-12-15T16:08:07","date_gmt":"2023-12-15T15:08:07","guid":{"rendered":"https:\/\/revolutionpadelstore.com\/devoluciones\/"},"modified":"2024-09-30T11:53:55","modified_gmt":"2024-09-30T09:53:55","slug":"devoluciones","status":"publish","type":"page","link":"https:\/\/revolutionpadelstore.com\/fr\/devoluciones\/","title":{"rendered":"Retours"},"content":{"rendered":"\n<p><strong>RETOURS ET \u00c9CHANGES<\/strong><\/p>\n\n\n\n<p>Chez Revolution Padel Store, notre priorit\u00e9 est de proposer des produits qui r\u00e9pondent aux besoins de nos clients. Cependant, nous comprenons que parfois le besoin d\u2019effectuer un retour puisse survenir.<\/p>\n\n\n\n<p>Pour garantir une exp\u00e9rience de retour mutuellement satisfaisante, veuillez vous assurer que l&#8217;article que vous souhaitez retourner n&#8217;est pas utilis\u00e9. Si le produit a \u00e9t\u00e9 utilis\u00e9, nous nous r\u00e9servons le droit de ne pas accepter le retour ou d&#8217;appliquer des frais de remplacement.<\/p>\n\n\n\n<p><strong>Conditions de retour<\/strong><\/p>\n\n\n\n<p>Vous disposez d&#8217;un d\u00e9lai de 30 jours calendaires \u00e0 compter de la r\u00e9ception de la commande.<\/p>\n\n\n\n<p>L&#8217;article doit \u00eatre dans son emballage d&#8217;origine, sans dommage ni d\u00e9faut.<\/p>\n\n\n\n<p>Tous les accessoires et la documentation qui accompagnaient le produit au moment de l&#8217;achat doivent \u00eatre inclus.<\/p>\n\n\n\n<p>Le produit ne doit pas avoir \u00e9t\u00e9 utilis\u00e9, alt\u00e9r\u00e9 ou modifi\u00e9 de quelque mani\u00e8re que ce soit.<\/p>\n\n\n\n<p>Nous recommandons :<\/p>\n\n\n\n<p>Ne pas emballer directement sur l&#8217;emballage d&#8217;origine du produit.<\/p>\n\n\n\n<p>Utilisez un emballage suppl\u00e9mentaire pour prot\u00e9ger le produit pendant l&#8217;exp\u00e9dition.<\/p>\n\n\n\n<p>Si vous avez des questions ou avez besoin d&#8217;aide, n&#8217;h\u00e9sitez pas \u00e0 contacter notre service client \u00e0 support@revolutionpadelsport.com<\/p>\n\n\n\n<p>Pour plus d&#8217;informations :<\/p>\n\n\n\n<p>Note:<\/p>\n\n\n\n<p>Dans le cas o\u00f9 le produit ne r\u00e9pond pas aux exigences mentionn\u00e9es ci-dessus, nous nous r\u00e9servons le droit de ne pas accepter le retour ou d&#8217;appliquer des frais de restockage.<\/p>\n\n\n\n<p>Processus de retour \u00e9tape par \u00e9tape (valable uniquement pour la p\u00e9ninsule et les \u00eeles Bal\u00e9ares)<\/p>\n\n\n\n<p>Demandez votre \u00e9tiquette de retour&nbsp;: envoyez un e-mail \u00e0 support@revolutionpadelstore.com pour demander votre \u00e9tiquette de retour Correos.<\/p>\n\n\n\n<p>Pr\u00e9parez votre colis : Assurez-vous que les produits sont neufs, non utilis\u00e9s, dans leur emballage d&#8217;origine, avec l&#8217;emballage et les scell\u00e9s d&#8217;origine. N&#8217;oubliez pas de joindre la facture ou le bon de livraison dans le colis.<\/p>\n\n\n\n<p>\u00c9tiquette de retour : Collez l&#8217;\u00e9tiquette de retour \u00e0 l&#8217;ext\u00e9rieur du colis et suivez les instructions re\u00e7ues par email. Ne collez pas directement l&#8217;\u00e9tiquette sur les produits ou leurs bo\u00eetes d&#8217;origine. Si vous ne pouvez pas l&#8217;imprimer, vous pouvez afficher l&#8217;\u00e9tiquette sur votre t\u00e9l\u00e9phone portable.<\/p>\n\n\n\n<p>Examen et remboursement : Une fois le produit re\u00e7u, nous le v\u00e9rifierons pour nous assurer qu&#8217;il est en parfait \u00e9tat. Nous vous rembourserons ensuite votre argent dans les plus brefs d\u00e9lais en utilisant le m\u00eame mode de paiement.<\/p>\n\n\n\n<p>Frais de retour<\/p>\n\n\n\n<p>Le co\u00fbt du retour pour la P\u00e9ninsule et les \u00celes Bal\u00e9ares sera de 4,95 \u20ac si la commande initiale est sup\u00e9rieure \u00e0 59 \u20ac, si la commande initiale est inf\u00e9rieure \u00e0 59 \u20ac le co\u00fbt du retour sera de 7,90 \u20ac. Ce montant sera d\u00e9duit du remboursement total si vous utilisez notre service d&#8217;\u00e9tiquettes pr\u00e9pay\u00e9es. Si vous pr\u00e9f\u00e9rez utiliser un autre moyen pour retourner le produit, le co\u00fbt sera indiqu\u00e9 par l&#8217;agence de transport choisie et ne nous sera pas associ\u00e9. En cas d&#8217;\u00e9change, les m\u00eames frais s&#8217;appliqueront que pour le retour.<\/p>\n\n\n\n<p>Autres consid\u00e9rations<\/p>\n\n\n\n<p>Retours volontaires : Les retours volontaires ne seront pas gratuits et co\u00fbteront 4,95 \u20ac.<\/p>\n\n\n\n<p>Destinations autres que la P\u00e9ninsule : Si votre commande a \u00e9t\u00e9 livr\u00e9e dans une destination autre que la P\u00e9ninsule, les frais de retour seront \u00e0 votre charge. Vous devez envoyer la commande en port pay\u00e9, correctement emball\u00e9e et dans son emballage d&#8217;origine, dans un d\u00e9lai maximum de 30 jours calendaires \u00e0 compter de la r\u00e9ception de la commande. Utilisez l&#8217;adresse suivante&nbsp;:<\/p>\n\n\n\n<p>Magasin de Padel R\u00e9volution<\/p>\n\n\n\n<p>Calle Espa\u00f1a N21 CP 2880 Meco (Madrid) Espagne<\/p>\n\n\n\n<p>Comment et quand vais-je recevoir le remboursement ?<\/p>\n\n\n\n<p>Une fois que nous aurons re\u00e7u le retour dans les conditions susmentionn\u00e9es, nous proc\u00e9derons au remboursement selon le mode de paiement que vous avez utilis\u00e9 :<\/p>\n\n\n\n<p>Paiement par carte bancaire : Vous recevrez un cr\u00e9dit sur votre compte de carte bancaire.<\/p>\n\n\n\n<p>Paiement via PayPal : Vous recevrez un cr\u00e9dit sur votre compte PayPal. Vous aurez la possibilit\u00e9 de conserver le montant sur votre compte PayPal pour de futurs achats ou de le transf\u00e9rer sur votre compte bancaire. Si vous choisissez la deuxi\u00e8me option, contactez simplement PayPal pour recevoir votre argent l\u00e0 o\u00f9 vous pr\u00e9f\u00e9rez.<\/p>\n\n\n\n<p>Paiement par virement bancaire : Vous recevrez un virement bancaire sur le m\u00eame compte \u00e0 partir duquel vous l&#8217;avez effectu\u00e9.<\/p>\n\n\n\n<p>Chez Revolution Padel Store, nous sommes l\u00e0 pour garantir que votre exp\u00e9rience d&#8217;achat soit aussi simple et satisfaisante que possible. Si vous avez des questions ou avez besoin de plus d&#8217;informations sur nos politiques de retour, n&#8217;h\u00e9sitez pas \u00e0 nous contacter. Votre satisfaction est notre priorit\u00e9 absolue.<\/p>\n\n\n\n<p>Processus de remboursement pour les autres pays et les \u00eeles Canaries \u00e9tape par \u00e9tape<\/p>\n\n\n\n<p>Envoyez un e-mail \u00e0 support@revolutionpadelstore.com pour demander votre retour.<\/p>\n\n\n\n<p>Pour retourner les articles, tous les documents seront envoy\u00e9s \u00e0 nos installations en port pay\u00e9 \u00e0 l&#8217;adresse indiqu\u00e9e ci-dessous. Aucun mat\u00e9riel affranchi ne sera collect\u00e9. Le retour des articles est un droit r\u00e9gi par les r\u00e8gles dont vous disposez en tant que client, dans lesquelles les frais de transport de retour sont \u00e0 la charge du client.<\/p>\n\n\n\n<p>Tous les retours doivent \u00eatre<\/p>\n\n\n\n<p><\/p>\n","protected":false},"excerpt":{"rendered":"<p>RETOURS ET \u00c9CHANGES Chez Revolution Padel Store, notre priorit\u00e9 est de proposer des produits qui r\u00e9pondent aux besoins de nos clients. Cependant, nous comprenons que parfois le besoin d\u2019effectuer un retour puisse survenir. Pour garantir une exp\u00e9rience de retour mutuellement satisfaisante, veuillez vous assurer que l&#8217;article que vous souhaitez retourner n&#8217;est pas utilis\u00e9. Si le [&hellip;]<\/p>\n","protected":false},"author":1,"featured_media":0,"parent":0,"menu_order":0,"comment_status":"closed","ping_status":"closed","template":"legal.php","meta":{"_acf_changed":false,"_joinchat":[],"footnotes":""},"class_list":["post-82344","page","type-page","status-publish","hentry"],"acf":[],"yoast_head":"<!-- This site is optimized with the Yoast SEO plugin v27.4 - https:\/\/yoast.com\/product\/yoast-seo-wordpress\/ -->\n<title>Retours - Revolution Padel Store<\/title>\n<meta name=\"robots\" content=\"index, follow, max-snippet:-1, max-image-preview:large, max-video-preview:-1\" \/>\n<link rel=\"canonical\" href=\"https:\/\/revolutionpadelstore.com\/fr\/devoluciones\/\" \/>\n<meta property=\"og:locale\" content=\"fr_FR\" \/>\n<meta property=\"og:type\" content=\"article\" \/>\n<meta property=\"og:title\" content=\"Retours - Revolution Padel Store\" \/>\n<meta property=\"og:description\" content=\"RETOURS ET \u00c9CHANGES Chez Revolution Padel Store, notre priorit\u00e9 est de proposer des produits qui r\u00e9pondent aux besoins de nos clients. Cependant, nous comprenons que parfois le besoin d\u2019effectuer un retour puisse survenir. Pour garantir une exp\u00e9rience de retour mutuellement satisfaisante, veuillez vous assurer que l&#8217;article que vous souhaitez retourner n&#8217;est pas utilis\u00e9. Si le [&hellip;]\" \/>\n<meta property=\"og:url\" content=\"https:\/\/revolutionpadelstore.com\/fr\/devoluciones\/\" \/>\n<meta property=\"og:site_name\" content=\"Revolution Padel Store\" \/>\n<meta property=\"article:modified_time\" content=\"2024-09-30T09:53:55+00:00\" \/>\n<meta property=\"og:image\" content=\"https:\/\/revolutionpadelstore.com\/wp-content\/uploads\/2026\/02\/revolution-padel-store.jpg\" \/>\n\t<meta property=\"og:image:width\" content=\"2000\" \/>\n\t<meta property=\"og:image:height\" content=\"2000\" \/>\n\t<meta property=\"og:image:type\" content=\"image\/jpeg\" \/>\n<meta name=\"twitter:card\" content=\"summary_large_image\" \/>\n<meta name=\"twitter:label1\" content=\"Dur\u00e9e de lecture estim\u00e9e\" \/>\n\t<meta name=\"twitter:data1\" content=\"4 minutes\" \/>\n<script type=\"application\/ld+json\" class=\"yoast-schema-graph\">{\"@context\":\"https:\\\/\\\/schema.org\",\"@graph\":[{\"@type\":\"WebPage\",\"@id\":\"https:\\\/\\\/revolutionpadelstore.com\\\/fr\\\/devoluciones\\\/\",\"url\":\"https:\\\/\\\/revolutionpadelstore.com\\\/fr\\\/devoluciones\\\/\",\"name\":\"Retours - Revolution Padel Store\",\"isPartOf\":{\"@id\":\"https:\\\/\\\/revolutionpadelstore.com\\\/fr\\\/#website\"},\"datePublished\":\"2023-12-15T15:08:07+00:00\",\"dateModified\":\"2024-09-30T09:53:55+00:00\",\"breadcrumb\":{\"@id\":\"https:\\\/\\\/revolutionpadelstore.com\\\/fr\\\/devoluciones\\\/#breadcrumb\"},\"inLanguage\":\"fr-FR\",\"potentialAction\":[{\"@type\":\"ReadAction\",\"target\":[\"https:\\\/\\\/revolutionpadelstore.com\\\/fr\\\/devoluciones\\\/\"]}]},{\"@type\":\"BreadcrumbList\",\"@id\":\"https:\\\/\\\/revolutionpadelstore.com\\\/fr\\\/devoluciones\\\/#breadcrumb\",\"itemListElement\":[{\"@type\":\"ListItem\",\"position\":1,\"name\":\"Portada\",\"item\":\"https:\\\/\\\/revolutionpadelstore.com\\\/fr\\\/\"},{\"@type\":\"ListItem\",\"position\":2,\"name\":\"Retours\"}]},{\"@type\":\"WebSite\",\"@id\":\"https:\\\/\\\/revolutionpadelstore.com\\\/fr\\\/#website\",\"url\":\"https:\\\/\\\/revolutionpadelstore.com\\\/fr\\\/\",\"name\":\"Revolution Padel Store\",\"description\":\"\",\"publisher\":{\"@id\":\"https:\\\/\\\/revolutionpadelstore.com\\\/fr\\\/#organization\"},\"potentialAction\":[{\"@type\":\"SearchAction\",\"target\":{\"@type\":\"EntryPoint\",\"urlTemplate\":\"https:\\\/\\\/revolutionpadelstore.com\\\/fr\\\/?s={search_term_string}\"},\"query-input\":{\"@type\":\"PropertyValueSpecification\",\"valueRequired\":true,\"valueName\":\"search_term_string\"}}],\"inLanguage\":\"fr-FR\"},{\"@type\":\"Organization\",\"@id\":\"https:\\\/\\\/revolutionpadelstore.com\\\/fr\\\/#organization\",\"name\":\"Revolution Padel Store\",\"url\":\"https:\\\/\\\/revolutionpadelstore.com\\\/fr\\\/\",\"logo\":{\"@type\":\"ImageObject\",\"inLanguage\":\"fr-FR\",\"@id\":\"https:\\\/\\\/revolutionpadelstore.com\\\/fr\\\/#\\\/schema\\\/logo\\\/image\\\/\",\"url\":\"https:\\\/\\\/revolutionpadelstore.com\\\/wp-content\\\/uploads\\\/2026\\\/02\\\/revolution-padel-store.jpg\",\"contentUrl\":\"https:\\\/\\\/revolutionpadelstore.com\\\/wp-content\\\/uploads\\\/2026\\\/02\\\/revolution-padel-store.jpg\",\"width\":2000,\"height\":2000,\"caption\":\"Revolution Padel Store\"},\"image\":{\"@id\":\"https:\\\/\\\/revolutionpadelstore.com\\\/fr\\\/#\\\/schema\\\/logo\\\/image\\\/\"},\"sameAs\":[\"https:\\\/\\\/www.instagram.com\\\/revolutionpadelstore\\\/\"]}]}<\/script>\n<!-- \/ Yoast SEO plugin. -->","yoast_head_json":{"title":"Retours - Revolution Padel Store","robots":{"index":"index","follow":"follow","max-snippet":"max-snippet:-1","max-image-preview":"max-image-preview:large","max-video-preview":"max-video-preview:-1"},"canonical":"https:\/\/revolutionpadelstore.com\/fr\/devoluciones\/","og_locale":"fr_FR","og_type":"article","og_title":"Retours - Revolution Padel Store","og_description":"RETOURS ET \u00c9CHANGES Chez Revolution Padel Store, notre priorit\u00e9 est de proposer des produits qui r\u00e9pondent aux besoins de nos clients. Cependant, nous comprenons que parfois le besoin d\u2019effectuer un retour puisse survenir. Pour garantir une exp\u00e9rience de retour mutuellement satisfaisante, veuillez vous assurer que l&#8217;article que vous souhaitez retourner n&#8217;est pas utilis\u00e9. Si le [&hellip;]","og_url":"https:\/\/revolutionpadelstore.com\/fr\/devoluciones\/","og_site_name":"Revolution Padel Store","article_modified_time":"2024-09-30T09:53:55+00:00","og_image":[{"width":2000,"height":2000,"url":"https:\/\/revolutionpadelstore.com\/wp-content\/uploads\/2026\/02\/revolution-padel-store.jpg","type":"image\/jpeg"}],"twitter_card":"summary_large_image","twitter_misc":{"Dur\u00e9e de lecture estim\u00e9e":"4 minutes"},"schema":{"@context":"https:\/\/schema.org","@graph":[{"@type":"WebPage","@id":"https:\/\/revolutionpadelstore.com\/fr\/devoluciones\/","url":"https:\/\/revolutionpadelstore.com\/fr\/devoluciones\/","name":"Retours - Revolution Padel Store","isPartOf":{"@id":"https:\/\/revolutionpadelstore.com\/fr\/#website"},"datePublished":"2023-12-15T15:08:07+00:00","dateModified":"2024-09-30T09:53:55+00:00","breadcrumb":{"@id":"https:\/\/revolutionpadelstore.com\/fr\/devoluciones\/#breadcrumb"},"inLanguage":"fr-FR","potentialAction":[{"@type":"ReadAction","target":["https:\/\/revolutionpadelstore.com\/fr\/devoluciones\/"]}]},{"@type":"BreadcrumbList","@id":"https:\/\/revolutionpadelstore.com\/fr\/devoluciones\/#breadcrumb","itemListElement":[{"@type":"ListItem","position":1,"name":"Portada","item":"https:\/\/revolutionpadelstore.com\/fr\/"},{"@type":"ListItem","position":2,"name":"Retours"}]},{"@type":"WebSite","@id":"https:\/\/revolutionpadelstore.com\/fr\/#website","url":"https:\/\/revolutionpadelstore.com\/fr\/","name":"Revolution Padel Store","description":"","publisher":{"@id":"https:\/\/revolutionpadelstore.com\/fr\/#organization"},"potentialAction":[{"@type":"SearchAction","target":{"@type":"EntryPoint","urlTemplate":"https:\/\/revolutionpadelstore.com\/fr\/?s={search_term_string}"},"query-input":{"@type":"PropertyValueSpecification","valueRequired":true,"valueName":"search_term_string"}}],"inLanguage":"fr-FR"},{"@type":"Organization","@id":"https:\/\/revolutionpadelstore.com\/fr\/#organization","name":"Revolution Padel Store","url":"https:\/\/revolutionpadelstore.com\/fr\/","logo":{"@type":"ImageObject","inLanguage":"fr-FR","@id":"https:\/\/revolutionpadelstore.com\/fr\/#\/schema\/logo\/image\/","url":"https:\/\/revolutionpadelstore.com\/wp-content\/uploads\/2026\/02\/revolution-padel-store.jpg","contentUrl":"https:\/\/revolutionpadelstore.com\/wp-content\/uploads\/2026\/02\/revolution-padel-store.jpg","width":2000,"height":2000,"caption":"Revolution Padel Store"},"image":{"@id":"https:\/\/revolutionpadelstore.com\/fr\/#\/schema\/logo\/image\/"},"sameAs":["https:\/\/www.instagram.com\/revolutionpadelstore\/"]}]}},"_links":{"self":[{"href":"https:\/\/revolutionpadelstore.com\/fr\/wp-json\/wp\/v2\/pages\/82344","targetHints":{"allow":["GET"]}}],"collection":[{"href":"https:\/\/revolutionpadelstore.com\/fr\/wp-json\/wp\/v2\/pages"}],"about":[{"href":"https:\/\/revolutionpadelstore.com\/fr\/wp-json\/wp\/v2\/types\/page"}],"author":[{"embeddable":true,"href":"https:\/\/revolutionpadelstore.com\/fr\/wp-json\/wp\/v2\/users\/1"}],"replies":[{"embeddable":true,"href":"https:\/\/revolutionpadelstore.com\/fr\/wp-json\/wp\/v2\/comments?post=82344"}],"version-history":[{"count":1,"href":"https:\/\/revolutionpadelstore.com\/fr\/wp-json\/wp\/v2\/pages\/82344\/revisions"}],"predecessor-version":[{"id":82346,"href":"https:\/\/revolutionpadelstore.com\/fr\/wp-json\/wp\/v2\/pages\/82344\/revisions\/82346"}],"wp:attachment":[{"href":"https:\/\/revolutionpadelstore.com\/fr\/wp-json\/wp\/v2\/media?parent=82344"}],"curies":[{"name":"wp","href":"https:\/\/api.w.org\/{rel}","templated":true}]}}