{"id":82342,"date":"2023-12-15T16:07:48","date_gmt":"2023-12-15T15:07:48","guid":{"rendered":"https:\/\/revolutionpadelstore.com\/envios\/"},"modified":"2024-09-30T11:50:38","modified_gmt":"2024-09-30T09:50:38","slug":"envios","status":"publish","type":"page","link":"https:\/\/revolutionpadelstore.com\/fr\/envios\/","title":{"rendered":"Exp\u00e9dition"},"content":{"rendered":"\n<p>D\u00c9LAIS D\u2019EXP\u00c9DITION ET DE LIVRAISON SERVICE A\u00c9RIEN<\/p>\n\n\n\n<p>Les frais de port sont calcul\u00e9s dans le panier, en consid\u00e9rant \u00e0 la fois les produits<\/p>\n\n\n\n<p>s\u00e9lectionn\u00e9e comme adresse de livraison. Cela vous permet de conna\u00eetre le montant total, frais de port compris, avant de finaliser votre achat. Nous garantissons ainsi la transparence et le meilleur tarif adapt\u00e9 \u00e0 vos besoins. D\u00e9couvrez nos produits et d\u00e9couvrez les frais de port \u00e0 la fin de votre achat ! Si vous avez des questions, n&#8217;h\u00e9sitez pas \u00e0 nous contacter.<\/p>\n\n\n\n<p>Le d\u00e9lai de livraison peut varier selon le pays de destination, m\u00eame s&#8217;il prend g\u00e9n\u00e9ralement entre 3 et 5 jours ouvrables.<\/p>\n\n\n\n<p>CONSID\u00c9RATIONS IMPORTANTES&nbsp;:<\/p>\n\n\n\n<p>Tous les frais suppl\u00e9mentaires dus aux formalit\u00e9s douani\u00e8res seront \u00e0 la charge du client, la soci\u00e9t\u00e9 ne sera pas responsable des \u00e9ventuels droits d&#8217;importation qui pourraient \u00eatre appliqu\u00e9s \u00e0 l&#8217;envoi. En cas de refus de la commande \u00e0 destination, Revolution Padel Store tentera de r\u00e9cup\u00e9rer l&#8217;envoi, en r\u00e9percutant les frais d&#8217;exp\u00e9dition, de retour, de douane et tous autres frais pouvant \u00eatre g\u00e9n\u00e9r\u00e9s, au client.<\/p>\n\n\n\n<p>\u00c9TAPES \u00c0 SUIVRE EN CAS D&#8217;ACCIDENT<\/p>\n\n\n\n<p>D\u00e8s r\u00e9ception de la commande, si vous constatez des dommages sur l&#8217;emballage, des produits erron\u00e9s ou tout probl\u00e8me avec votre commande d\u00fb au transport, veuillez nous contacter dans les 24 heures suivant la r\u00e9ception.<\/p>\n\n\n\n<p>Vingt-quatre heures apr\u00e8s le sinistre, l&#8217;assureur rejette toute r\u00e9clamation pr\u00e9vue \u00e0 l&#8217;article 366 du code de commerce.&#8221;<\/p>\n\n\n\n<p>Vous pouvez contacter directement notre centre de service client : support@revolutionpadelstore.com avec des photos de l&#8217;emballage, des dommages et de l&#8217;\u00e9tiquette d&#8217;exp\u00e9dition.<\/p>\n","protected":false},"excerpt":{"rendered":"<p>D\u00c9LAIS D\u2019EXP\u00c9DITION ET DE LIVRAISON SERVICE A\u00c9RIEN Les frais de port sont calcul\u00e9s dans le panier, en consid\u00e9rant \u00e0 la fois les produits s\u00e9lectionn\u00e9e comme adresse de livraison. Cela vous permet de conna\u00eetre le montant total, frais de port compris, avant de finaliser votre achat. Nous garantissons ainsi la transparence et le meilleur tarif adapt\u00e9 [&hellip;]<\/p>\n","protected":false},"author":1,"featured_media":0,"parent":0,"menu_order":0,"comment_status":"closed","ping_status":"closed","template":"legal.php","meta":{"_acf_changed":false,"_joinchat":[],"footnotes":""},"class_list":["post-82342","page","type-page","status-publish","hentry"],"acf":[],"yoast_head":"<!-- This site is optimized with the Yoast SEO plugin v27.4 - https:\/\/yoast.com\/product\/yoast-seo-wordpress\/ -->\n<title>Exp\u00e9dition - Revolution Padel Store<\/title>\n<meta name=\"robots\" content=\"index, follow, max-snippet:-1, max-image-preview:large, max-video-preview:-1\" \/>\n<link rel=\"canonical\" href=\"https:\/\/revolutionpadelstore.com\/fr\/envios\/\" \/>\n<meta property=\"og:locale\" content=\"fr_FR\" \/>\n<meta property=\"og:type\" content=\"article\" \/>\n<meta property=\"og:title\" content=\"Exp\u00e9dition - Revolution Padel Store\" \/>\n<meta property=\"og:description\" content=\"D\u00c9LAIS D\u2019EXP\u00c9DITION ET DE LIVRAISON SERVICE A\u00c9RIEN Les frais de port sont calcul\u00e9s dans le panier, en consid\u00e9rant \u00e0 la fois les produits s\u00e9lectionn\u00e9e comme adresse de livraison. Cela vous permet de conna\u00eetre le montant total, frais de port compris, avant de finaliser votre achat. Nous garantissons ainsi la transparence et le meilleur tarif adapt\u00e9 [&hellip;]\" \/>\n<meta property=\"og:url\" content=\"https:\/\/revolutionpadelstore.com\/fr\/envios\/\" \/>\n<meta property=\"og:site_name\" content=\"Revolution Padel Store\" \/>\n<meta property=\"article:modified_time\" content=\"2024-09-30T09:50:38+00:00\" \/>\n<meta property=\"og:image\" content=\"https:\/\/revolutionpadelstore.com\/wp-content\/uploads\/2026\/02\/revolution-padel-store.jpg\" \/>\n\t<meta property=\"og:image:width\" content=\"2000\" \/>\n\t<meta property=\"og:image:height\" content=\"2000\" \/>\n\t<meta property=\"og:image:type\" content=\"image\/jpeg\" \/>\n<meta name=\"twitter:card\" content=\"summary_large_image\" \/>\n<meta name=\"twitter:label1\" content=\"Dur\u00e9e de lecture estim\u00e9e\" \/>\n\t<meta name=\"twitter:data1\" content=\"2 minutes\" \/>\n<script type=\"application\/ld+json\" class=\"yoast-schema-graph\">{\"@context\":\"https:\\\/\\\/schema.org\",\"@graph\":[{\"@type\":\"WebPage\",\"@id\":\"https:\\\/\\\/revolutionpadelstore.com\\\/fr\\\/envios\\\/\",\"url\":\"https:\\\/\\\/revolutionpadelstore.com\\\/fr\\\/envios\\\/\",\"name\":\"Exp\u00e9dition - Revolution Padel Store\",\"isPartOf\":{\"@id\":\"https:\\\/\\\/revolutionpadelstore.com\\\/fr\\\/#website\"},\"datePublished\":\"2023-12-15T15:07:48+00:00\",\"dateModified\":\"2024-09-30T09:50:38+00:00\",\"breadcrumb\":{\"@id\":\"https:\\\/\\\/revolutionpadelstore.com\\\/fr\\\/envios\\\/#breadcrumb\"},\"inLanguage\":\"fr-FR\",\"potentialAction\":[{\"@type\":\"ReadAction\",\"target\":[\"https:\\\/\\\/revolutionpadelstore.com\\\/fr\\\/envios\\\/\"]}]},{\"@type\":\"BreadcrumbList\",\"@id\":\"https:\\\/\\\/revolutionpadelstore.com\\\/fr\\\/envios\\\/#breadcrumb\",\"itemListElement\":[{\"@type\":\"ListItem\",\"position\":1,\"name\":\"Portada\",\"item\":\"https:\\\/\\\/revolutionpadelstore.com\\\/fr\\\/\"},{\"@type\":\"ListItem\",\"position\":2,\"name\":\"Exp\u00e9dition\"}]},{\"@type\":\"WebSite\",\"@id\":\"https:\\\/\\\/revolutionpadelstore.com\\\/fr\\\/#website\",\"url\":\"https:\\\/\\\/revolutionpadelstore.com\\\/fr\\\/\",\"name\":\"Revolution Padel Store\",\"description\":\"\",\"publisher\":{\"@id\":\"https:\\\/\\\/revolutionpadelstore.com\\\/fr\\\/#organization\"},\"potentialAction\":[{\"@type\":\"SearchAction\",\"target\":{\"@type\":\"EntryPoint\",\"urlTemplate\":\"https:\\\/\\\/revolutionpadelstore.com\\\/fr\\\/?s={search_term_string}\"},\"query-input\":{\"@type\":\"PropertyValueSpecification\",\"valueRequired\":true,\"valueName\":\"search_term_string\"}}],\"inLanguage\":\"fr-FR\"},{\"@type\":\"Organization\",\"@id\":\"https:\\\/\\\/revolutionpadelstore.com\\\/fr\\\/#organization\",\"name\":\"Revolution Padel Store\",\"url\":\"https:\\\/\\\/revolutionpadelstore.com\\\/fr\\\/\",\"logo\":{\"@type\":\"ImageObject\",\"inLanguage\":\"fr-FR\",\"@id\":\"https:\\\/\\\/revolutionpadelstore.com\\\/fr\\\/#\\\/schema\\\/logo\\\/image\\\/\",\"url\":\"https:\\\/\\\/revolutionpadelstore.com\\\/wp-content\\\/uploads\\\/2026\\\/02\\\/revolution-padel-store.jpg\",\"contentUrl\":\"https:\\\/\\\/revolutionpadelstore.com\\\/wp-content\\\/uploads\\\/2026\\\/02\\\/revolution-padel-store.jpg\",\"width\":2000,\"height\":2000,\"caption\":\"Revolution Padel Store\"},\"image\":{\"@id\":\"https:\\\/\\\/revolutionpadelstore.com\\\/fr\\\/#\\\/schema\\\/logo\\\/image\\\/\"},\"sameAs\":[\"https:\\\/\\\/www.instagram.com\\\/revolutionpadelstore\\\/\"]}]}<\/script>\n<!-- \/ Yoast SEO plugin. -->","yoast_head_json":{"title":"Exp\u00e9dition - Revolution Padel Store","robots":{"index":"index","follow":"follow","max-snippet":"max-snippet:-1","max-image-preview":"max-image-preview:large","max-video-preview":"max-video-preview:-1"},"canonical":"https:\/\/revolutionpadelstore.com\/fr\/envios\/","og_locale":"fr_FR","og_type":"article","og_title":"Exp\u00e9dition - Revolution Padel Store","og_description":"D\u00c9LAIS D\u2019EXP\u00c9DITION ET DE LIVRAISON SERVICE A\u00c9RIEN Les frais de port sont calcul\u00e9s dans le panier, en consid\u00e9rant \u00e0 la fois les produits s\u00e9lectionn\u00e9e comme adresse de livraison. Cela vous permet de conna\u00eetre le montant total, frais de port compris, avant de finaliser votre achat. Nous garantissons ainsi la transparence et le meilleur tarif adapt\u00e9 [&hellip;]","og_url":"https:\/\/revolutionpadelstore.com\/fr\/envios\/","og_site_name":"Revolution Padel Store","article_modified_time":"2024-09-30T09:50:38+00:00","og_image":[{"width":2000,"height":2000,"url":"https:\/\/revolutionpadelstore.com\/wp-content\/uploads\/2026\/02\/revolution-padel-store.jpg","type":"image\/jpeg"}],"twitter_card":"summary_large_image","twitter_misc":{"Dur\u00e9e de lecture estim\u00e9e":"2 minutes"},"schema":{"@context":"https:\/\/schema.org","@graph":[{"@type":"WebPage","@id":"https:\/\/revolutionpadelstore.com\/fr\/envios\/","url":"https:\/\/revolutionpadelstore.com\/fr\/envios\/","name":"Exp\u00e9dition - Revolution Padel Store","isPartOf":{"@id":"https:\/\/revolutionpadelstore.com\/fr\/#website"},"datePublished":"2023-12-15T15:07:48+00:00","dateModified":"2024-09-30T09:50:38+00:00","breadcrumb":{"@id":"https:\/\/revolutionpadelstore.com\/fr\/envios\/#breadcrumb"},"inLanguage":"fr-FR","potentialAction":[{"@type":"ReadAction","target":["https:\/\/revolutionpadelstore.com\/fr\/envios\/"]}]},{"@type":"BreadcrumbList","@id":"https:\/\/revolutionpadelstore.com\/fr\/envios\/#breadcrumb","itemListElement":[{"@type":"ListItem","position":1,"name":"Portada","item":"https:\/\/revolutionpadelstore.com\/fr\/"},{"@type":"ListItem","position":2,"name":"Exp\u00e9dition"}]},{"@type":"WebSite","@id":"https:\/\/revolutionpadelstore.com\/fr\/#website","url":"https:\/\/revolutionpadelstore.com\/fr\/","name":"Revolution Padel Store","description":"","publisher":{"@id":"https:\/\/revolutionpadelstore.com\/fr\/#organization"},"potentialAction":[{"@type":"SearchAction","target":{"@type":"EntryPoint","urlTemplate":"https:\/\/revolutionpadelstore.com\/fr\/?s={search_term_string}"},"query-input":{"@type":"PropertyValueSpecification","valueRequired":true,"valueName":"search_term_string"}}],"inLanguage":"fr-FR"},{"@type":"Organization","@id":"https:\/\/revolutionpadelstore.com\/fr\/#organization","name":"Revolution Padel Store","url":"https:\/\/revolutionpadelstore.com\/fr\/","logo":{"@type":"ImageObject","inLanguage":"fr-FR","@id":"https:\/\/revolutionpadelstore.com\/fr\/#\/schema\/logo\/image\/","url":"https:\/\/revolutionpadelstore.com\/wp-content\/uploads\/2026\/02\/revolution-padel-store.jpg","contentUrl":"https:\/\/revolutionpadelstore.com\/wp-content\/uploads\/2026\/02\/revolution-padel-store.jpg","width":2000,"height":2000,"caption":"Revolution Padel Store"},"image":{"@id":"https:\/\/revolutionpadelstore.com\/fr\/#\/schema\/logo\/image\/"},"sameAs":["https:\/\/www.instagram.com\/revolutionpadelstore\/"]}]}},"_links":{"self":[{"href":"https:\/\/revolutionpadelstore.com\/fr\/wp-json\/wp\/v2\/pages\/82342","targetHints":{"allow":["GET"]}}],"collection":[{"href":"https:\/\/revolutionpadelstore.com\/fr\/wp-json\/wp\/v2\/pages"}],"about":[{"href":"https:\/\/revolutionpadelstore.com\/fr\/wp-json\/wp\/v2\/types\/page"}],"author":[{"embeddable":true,"href":"https:\/\/revolutionpadelstore.com\/fr\/wp-json\/wp\/v2\/users\/1"}],"replies":[{"embeddable":true,"href":"https:\/\/revolutionpadelstore.com\/fr\/wp-json\/wp\/v2\/comments?post=82342"}],"version-history":[{"count":1,"href":"https:\/\/revolutionpadelstore.com\/fr\/wp-json\/wp\/v2\/pages\/82342\/revisions"}],"predecessor-version":[{"id":82343,"href":"https:\/\/revolutionpadelstore.com\/fr\/wp-json\/wp\/v2\/pages\/82342\/revisions\/82343"}],"wp:attachment":[{"href":"https:\/\/revolutionpadelstore.com\/fr\/wp-json\/wp\/v2\/media?parent=82342"}],"curies":[{"name":"wp","href":"https:\/\/api.w.org\/{rel}","templated":true}]}}