{"id":99078,"date":"2024-10-13T10:03:58","date_gmt":"2024-10-13T08:03:58","guid":{"rendered":"https:\/\/revolutionpadelstore.com\/starvie-drax-pro-touch-2025\/"},"modified":"2026-04-08T10:26:11","modified_gmt":"2026-04-08T08:26:11","slug":"starvie-drax-pro-touch-2025","status":"publish","type":"product","link":"https:\/\/revolutionpadelstore.com\/en\/starvie-drax-pro-touch-2025\/","title":{"rendered":"STARVIE DRAX PRO TOUCH 2025"},"content":{"rendered":"<h3>StarVie Drax Pro Touch 2025: Stability and Versatility<\/h3>\n<p>StarVie&#8217;s Drax Pro Touch 2025 racket, part of its Premium range, is designed for a game that combines control and attack. It offers an exceptional balance between power and precision, allowing you to adapt to any situation on the court. The design of the Drax Pro Touch 2025 seeks to optimize the player&#8217;s performance, providing outstanding versatility in each shot.<\/p>\n<p><strong>Ideal for Advanced Players<\/strong><\/p>\n<p>This racket is perfect for advanced level padel players who excel both in defense from the back of the court and in aggressive attacks on the net. If you like to add spin to the ball and surprise your opponents, the Drax Pro Touch will be your ideal companion in the most demanding matches.<\/p>\n<p><strong>Features and Technologies<\/strong><\/p>\n<p style=\"padding-left: 40px\"><strong>-Core:<\/strong> Medium-hard density EVA Pro Touch rubber for exceptional control and power, as well as greater sensitivity in each blow.<\/p>\n<p style=\"padding-left: 40px\"><strong>-Surface:<\/strong> Two layers of 12K Carbon that soften the touch and optimize ball output.<\/p>\n<p style=\"padding-left: 40px\"><strong>-Frame:<\/strong> 3K carbon that maximizes firmness and resistance.<\/p>\n<p style=\"padding-left: 40px\"><strong>-Racing Tech Roughness:<\/strong> Planes that allow more spin to the ball.<\/p>\n<p style=\"padding-left: 40px\"><strong>-Noene Inside Technology:<\/strong> Applied to the fist, it absorbs the energy of vibrations.<\/p>\n<p style=\"padding-left: 40px\"><strong>-Profile:<\/strong> 38 mm with Airflow Design for more powerful and faster hits.<\/p>\n<p style=\"padding-left: 40px\"><strong>-Hepta Bridge:<\/strong> At the heart of the blade, it provides firmness, maneuverability and vibration absorption.<\/p>\n<p style=\"padding-left: 40px\"><strong>-Weight:<\/strong> Between 350 and 380 grams.<\/p>\n<p style=\"padding-left: 40px\"><strong>-Includes:<\/strong> Sustainable gymsack and adjustable rope.<\/p>\n<h3>Improve Your Game<\/h3>\n<p>Get the StarVie Drax Pro Touch 2025 at Revolution Padel Store. With its teardrop design and raised sweet spot, this racket will allow advanced players to hit the ball with greater versatility, comfort and spin. Elevate your performance on the court with this Premium range racket.<\/p>\n<h3>StarVie Drax Pro Touch 2025: Estabilidad y Versatilidad<\/h3>\n","protected":false},"excerpt":{"rendered":"<p>StarVie Drax Pro Touch 2025 teardrop and high balance racket, designed for advanced players who enjoy both attack and defense. Rough 12K Carbon planes.<\/p>\n","protected":false},"featured_media":98927,"comment_status":"open","ping_status":"closed","template":"","meta":{"_acf_changed":false,"_joinchat":[]},"acabado":[1093],"balance":[1138],"dureza":[1158],"forma":[1188],"jugador":[1193,1203],"marca":[1293],"nivel-de-juego":[1338],"superficie":[1363],"tipo-de-juego":[1388],"product_brand":[],"product_cat":[303],"product_tag":[],"class_list":{"0":"post-99078","1":"product","2":"type-product","3":"status-publish","4":"has-post-thumbnail","6":"acabado-relieve-3d-en","7":"balance-alto-en","8":"dureza-media-en","9":"forma-lagrima-en","10":"jugador-hombre-en","11":"jugador-multipurpose","12":"marca-starvie-en","13":"superficie-rugosa-en","14":"tipo-de-juego-multipurpose","15":"product_cat-palas","17":"first","18":"instock","19":"sale","20":"taxable","21":"shipping-taxable","22":"purchasable","23":"product-type-simple"},"acf":[],"yoast_head":"<!-- This site is optimized with the Yoast SEO plugin v27.4 - https:\/\/yoast.com\/product\/yoast-seo-wordpress\/ -->\n<title>STARVIE DRAX PRO TOUCH 2025 - Revolution Padel Store<\/title>\n<meta name=\"description\" content=\"Enfocada en un juego tanto de control como de ataque, la pala Drax Pro Touch 2025, de la gama Premium de StarVie, garantiza un equilibrio perfecto entre potencia y precisi\u00f3n para una excelente adaptaci\u00f3n a cualquier situaci\u00f3n que se te presente en la pista.\" \/>\n<meta name=\"robots\" content=\"index, follow, max-snippet:-1, max-image-preview:large, max-video-preview:-1\" \/>\n<link rel=\"canonical\" href=\"https:\/\/revolutionpadelstore.com\/en\/starvie-drax-pro-touch-2025\/\" \/>\n<meta property=\"og:locale\" content=\"en_US\" \/>\n<meta property=\"og:type\" content=\"article\" \/>\n<meta property=\"og:title\" content=\"STARVIE DRAX PRO TOUCH 2025 - Revolution Padel Store\" \/>\n<meta property=\"og:description\" content=\"Enfocada en un juego tanto de control como de ataque, la pala Drax Pro Touch 2025, de la gama Premium de StarVie, garantiza un equilibrio perfecto entre potencia y precisi\u00f3n para una excelente adaptaci\u00f3n a cualquier situaci\u00f3n que se te presente en la pista.\" \/>\n<meta property=\"og:url\" content=\"https:\/\/revolutionpadelstore.com\/en\/starvie-drax-pro-touch-2025\/\" \/>\n<meta property=\"og:site_name\" content=\"Revolution Padel Store\" \/>\n<meta property=\"article:modified_time\" content=\"2026-04-08T08:26:11+00:00\" \/>\n<meta property=\"og:image\" content=\"https:\/\/revolutionpadelstore.com\/wp-content\/uploads\/2024\/10\/114817_pala_starvie_drax_pro_touch_pstdv21000_1500x1500_1_96f5.webp\" \/>\n\t<meta property=\"og:image:width\" content=\"1500\" \/>\n\t<meta property=\"og:image:height\" content=\"1500\" \/>\n\t<meta property=\"og:image:type\" content=\"image\/webp\" \/>\n<meta name=\"twitter:card\" content=\"summary_large_image\" \/>\n<meta name=\"twitter:label1\" content=\"Est. reading time\" \/>\n\t<meta name=\"twitter:data1\" content=\"2 minutes\" \/>\n<script type=\"application\/ld+json\" class=\"yoast-schema-graph\">{\"@context\":\"https:\\\/\\\/schema.org\",\"@graph\":[{\"@type\":\"WebPage\",\"@id\":\"https:\\\/\\\/revolutionpadelstore.com\\\/en\\\/starvie-drax-pro-touch-2025\\\/\",\"url\":\"https:\\\/\\\/revolutionpadelstore.com\\\/en\\\/starvie-drax-pro-touch-2025\\\/\",\"name\":\"STARVIE DRAX PRO TOUCH 2025 - Revolution Padel Store\",\"isPartOf\":{\"@id\":\"https:\\\/\\\/revolutionpadelstore.com\\\/en\\\/#website\"},\"primaryImageOfPage\":{\"@id\":\"https:\\\/\\\/revolutionpadelstore.com\\\/en\\\/starvie-drax-pro-touch-2025\\\/#primaryimage\"},\"image\":{\"@id\":\"https:\\\/\\\/revolutionpadelstore.com\\\/en\\\/starvie-drax-pro-touch-2025\\\/#primaryimage\"},\"thumbnailUrl\":\"https:\\\/\\\/revolutionpadelstore.com\\\/wp-content\\\/uploads\\\/2024\\\/10\\\/114817_pala_starvie_drax_pro_touch_pstdv21000_1500x1500_1_96f5.webp\",\"datePublished\":\"2024-10-13T08:03:58+00:00\",\"dateModified\":\"2026-04-08T08:26:11+00:00\",\"description\":\"Enfocada en un juego tanto de control como de ataque, la pala Drax Pro Touch 2025, de la gama Premium de StarVie, garantiza un equilibrio perfecto entre potencia y precisi\u00f3n para una excelente adaptaci\u00f3n a cualquier situaci\u00f3n que se te presente en la pista.\",\"breadcrumb\":{\"@id\":\"https:\\\/\\\/revolutionpadelstore.com\\\/en\\\/starvie-drax-pro-touch-2025\\\/#breadcrumb\"},\"inLanguage\":\"en-US\",\"potentialAction\":[{\"@type\":\"ReadAction\",\"target\":[\"https:\\\/\\\/revolutionpadelstore.com\\\/en\\\/starvie-drax-pro-touch-2025\\\/\"]}]},{\"@type\":\"ImageObject\",\"inLanguage\":\"en-US\",\"@id\":\"https:\\\/\\\/revolutionpadelstore.com\\\/en\\\/starvie-drax-pro-touch-2025\\\/#primaryimage\",\"url\":\"https:\\\/\\\/revolutionpadelstore.com\\\/wp-content\\\/uploads\\\/2024\\\/10\\\/114817_pala_starvie_drax_pro_touch_pstdv21000_1500x1500_1_96f5.webp\",\"contentUrl\":\"https:\\\/\\\/revolutionpadelstore.com\\\/wp-content\\\/uploads\\\/2024\\\/10\\\/114817_pala_starvie_drax_pro_touch_pstdv21000_1500x1500_1_96f5.webp\",\"width\":1500,\"height\":1500},{\"@type\":\"BreadcrumbList\",\"@id\":\"https:\\\/\\\/revolutionpadelstore.com\\\/en\\\/starvie-drax-pro-touch-2025\\\/#breadcrumb\",\"itemListElement\":[{\"@type\":\"ListItem\",\"position\":1,\"name\":\"Portada\",\"item\":\"https:\\\/\\\/revolutionpadelstore.com\\\/en\\\/\"},{\"@type\":\"ListItem\",\"position\":2,\"name\":\"Shop\",\"item\":\"https:\\\/\\\/revolutionpadelstore.com\\\/en\\\/shop\\\/\"},{\"@type\":\"ListItem\",\"position\":3,\"name\":\"STARVIE DRAX PRO TOUCH 2025\"}]},{\"@type\":\"WebSite\",\"@id\":\"https:\\\/\\\/revolutionpadelstore.com\\\/en\\\/#website\",\"url\":\"https:\\\/\\\/revolutionpadelstore.com\\\/en\\\/\",\"name\":\"Revolution Padel Store\",\"description\":\"\",\"publisher\":{\"@id\":\"https:\\\/\\\/revolutionpadelstore.com\\\/en\\\/#organization\"},\"potentialAction\":[{\"@type\":\"SearchAction\",\"target\":{\"@type\":\"EntryPoint\",\"urlTemplate\":\"https:\\\/\\\/revolutionpadelstore.com\\\/en\\\/?s={search_term_string}\"},\"query-input\":{\"@type\":\"PropertyValueSpecification\",\"valueRequired\":true,\"valueName\":\"search_term_string\"}}],\"inLanguage\":\"en-US\"},{\"@type\":\"Organization\",\"@id\":\"https:\\\/\\\/revolutionpadelstore.com\\\/en\\\/#organization\",\"name\":\"Revolution Padel Store\",\"url\":\"https:\\\/\\\/revolutionpadelstore.com\\\/en\\\/\",\"logo\":{\"@type\":\"ImageObject\",\"inLanguage\":\"en-US\",\"@id\":\"https:\\\/\\\/revolutionpadelstore.com\\\/en\\\/#\\\/schema\\\/logo\\\/image\\\/\",\"url\":\"https:\\\/\\\/revolutionpadelstore.com\\\/wp-content\\\/uploads\\\/2026\\\/02\\\/revolution-padel-store.jpg\",\"contentUrl\":\"https:\\\/\\\/revolutionpadelstore.com\\\/wp-content\\\/uploads\\\/2026\\\/02\\\/revolution-padel-store.jpg\",\"width\":2000,\"height\":2000,\"caption\":\"Revolution Padel Store\"},\"image\":{\"@id\":\"https:\\\/\\\/revolutionpadelstore.com\\\/en\\\/#\\\/schema\\\/logo\\\/image\\\/\"},\"sameAs\":[\"https:\\\/\\\/www.instagram.com\\\/revolutionpadelstore\\\/\"]}]}<\/script>\n<!-- \/ Yoast SEO plugin. -->","yoast_head_json":{"title":"STARVIE DRAX PRO TOUCH 2025 - Revolution Padel Store","description":"Enfocada en un juego tanto de control como de ataque, la pala Drax Pro Touch 2025, de la gama Premium de StarVie, garantiza un equilibrio perfecto entre potencia y precisi\u00f3n para una excelente adaptaci\u00f3n a cualquier situaci\u00f3n que se te presente en la pista.","robots":{"index":"index","follow":"follow","max-snippet":"max-snippet:-1","max-image-preview":"max-image-preview:large","max-video-preview":"max-video-preview:-1"},"canonical":"https:\/\/revolutionpadelstore.com\/en\/starvie-drax-pro-touch-2025\/","og_locale":"en_US","og_type":"article","og_title":"STARVIE DRAX PRO TOUCH 2025 - Revolution Padel Store","og_description":"Enfocada en un juego tanto de control como de ataque, la pala Drax Pro Touch 2025, de la gama Premium de StarVie, garantiza un equilibrio perfecto entre potencia y precisi\u00f3n para una excelente adaptaci\u00f3n a cualquier situaci\u00f3n que se te presente en la pista.","og_url":"https:\/\/revolutionpadelstore.com\/en\/starvie-drax-pro-touch-2025\/","og_site_name":"Revolution Padel Store","article_modified_time":"2026-04-08T08:26:11+00:00","og_image":[{"width":1500,"height":1500,"url":"https:\/\/revolutionpadelstore.com\/wp-content\/uploads\/2024\/10\/114817_pala_starvie_drax_pro_touch_pstdv21000_1500x1500_1_96f5.webp","type":"image\/webp"}],"twitter_card":"summary_large_image","twitter_misc":{"Est. reading time":"2 minutes"},"schema":{"@context":"https:\/\/schema.org","@graph":[{"@type":"WebPage","@id":"https:\/\/revolutionpadelstore.com\/en\/starvie-drax-pro-touch-2025\/","url":"https:\/\/revolutionpadelstore.com\/en\/starvie-drax-pro-touch-2025\/","name":"STARVIE DRAX PRO TOUCH 2025 - Revolution Padel Store","isPartOf":{"@id":"https:\/\/revolutionpadelstore.com\/en\/#website"},"primaryImageOfPage":{"@id":"https:\/\/revolutionpadelstore.com\/en\/starvie-drax-pro-touch-2025\/#primaryimage"},"image":{"@id":"https:\/\/revolutionpadelstore.com\/en\/starvie-drax-pro-touch-2025\/#primaryimage"},"thumbnailUrl":"https:\/\/revolutionpadelstore.com\/wp-content\/uploads\/2024\/10\/114817_pala_starvie_drax_pro_touch_pstdv21000_1500x1500_1_96f5.webp","datePublished":"2024-10-13T08:03:58+00:00","dateModified":"2026-04-08T08:26:11+00:00","description":"Enfocada en un juego tanto de control como de ataque, la pala Drax Pro Touch 2025, de la gama Premium de StarVie, garantiza un equilibrio perfecto entre potencia y precisi\u00f3n para una excelente adaptaci\u00f3n a cualquier situaci\u00f3n que se te presente en la pista.","breadcrumb":{"@id":"https:\/\/revolutionpadelstore.com\/en\/starvie-drax-pro-touch-2025\/#breadcrumb"},"inLanguage":"en-US","potentialAction":[{"@type":"ReadAction","target":["https:\/\/revolutionpadelstore.com\/en\/starvie-drax-pro-touch-2025\/"]}]},{"@type":"ImageObject","inLanguage":"en-US","@id":"https:\/\/revolutionpadelstore.com\/en\/starvie-drax-pro-touch-2025\/#primaryimage","url":"https:\/\/revolutionpadelstore.com\/wp-content\/uploads\/2024\/10\/114817_pala_starvie_drax_pro_touch_pstdv21000_1500x1500_1_96f5.webp","contentUrl":"https:\/\/revolutionpadelstore.com\/wp-content\/uploads\/2024\/10\/114817_pala_starvie_drax_pro_touch_pstdv21000_1500x1500_1_96f5.webp","width":1500,"height":1500},{"@type":"BreadcrumbList","@id":"https:\/\/revolutionpadelstore.com\/en\/starvie-drax-pro-touch-2025\/#breadcrumb","itemListElement":[{"@type":"ListItem","position":1,"name":"Portada","item":"https:\/\/revolutionpadelstore.com\/en\/"},{"@type":"ListItem","position":2,"name":"Shop","item":"https:\/\/revolutionpadelstore.com\/en\/shop\/"},{"@type":"ListItem","position":3,"name":"STARVIE DRAX PRO TOUCH 2025"}]},{"@type":"WebSite","@id":"https:\/\/revolutionpadelstore.com\/en\/#website","url":"https:\/\/revolutionpadelstore.com\/en\/","name":"Revolution Padel Store","description":"","publisher":{"@id":"https:\/\/revolutionpadelstore.com\/en\/#organization"},"potentialAction":[{"@type":"SearchAction","target":{"@type":"EntryPoint","urlTemplate":"https:\/\/revolutionpadelstore.com\/en\/?s={search_term_string}"},"query-input":{"@type":"PropertyValueSpecification","valueRequired":true,"valueName":"search_term_string"}}],"inLanguage":"en-US"},{"@type":"Organization","@id":"https:\/\/revolutionpadelstore.com\/en\/#organization","name":"Revolution Padel Store","url":"https:\/\/revolutionpadelstore.com\/en\/","logo":{"@type":"ImageObject","inLanguage":"en-US","@id":"https:\/\/revolutionpadelstore.com\/en\/#\/schema\/logo\/image\/","url":"https:\/\/revolutionpadelstore.com\/wp-content\/uploads\/2026\/02\/revolution-padel-store.jpg","contentUrl":"https:\/\/revolutionpadelstore.com\/wp-content\/uploads\/2026\/02\/revolution-padel-store.jpg","width":2000,"height":2000,"caption":"Revolution Padel Store"},"image":{"@id":"https:\/\/revolutionpadelstore.com\/en\/#\/schema\/logo\/image\/"},"sameAs":["https:\/\/www.instagram.com\/revolutionpadelstore\/"]}]}},"_links":{"self":[{"href":"https:\/\/revolutionpadelstore.com\/en\/wp-json\/wp\/v2\/product\/99078","targetHints":{"allow":["GET"]}}],"collection":[{"href":"https:\/\/revolutionpadelstore.com\/en\/wp-json\/wp\/v2\/product"}],"about":[{"href":"https:\/\/revolutionpadelstore.com\/en\/wp-json\/wp\/v2\/types\/product"}],"replies":[{"embeddable":true,"href":"https:\/\/revolutionpadelstore.com\/en\/wp-json\/wp\/v2\/comments?post=99078"}],"wp:featuredmedia":[{"embeddable":true,"href":"https:\/\/revolutionpadelstore.com\/en\/wp-json\/wp\/v2\/media\/98927"}],"wp:attachment":[{"href":"https:\/\/revolutionpadelstore.com\/en\/wp-json\/wp\/v2\/media?parent=99078"}],"wp:term":[{"taxonomy":"acabado","embeddable":true,"href":"https:\/\/revolutionpadelstore.com\/en\/wp-json\/wp\/v2\/acabado?post=99078"},{"taxonomy":"balance","embeddable":true,"href":"https:\/\/revolutionpadelstore.com\/en\/wp-json\/wp\/v2\/balance?post=99078"},{"taxonomy":"dureza","embeddable":true,"href":"https:\/\/revolutionpadelstore.com\/en\/wp-json\/wp\/v2\/dureza?post=99078"},{"taxonomy":"forma","embeddable":true,"href":"https:\/\/revolutionpadelstore.com\/en\/wp-json\/wp\/v2\/forma?post=99078"},{"taxonomy":"jugador","embeddable":true,"href":"https:\/\/revolutionpadelstore.com\/en\/wp-json\/wp\/v2\/jugador?post=99078"},{"taxonomy":"marca","embeddable":true,"href":"https:\/\/revolutionpadelstore.com\/en\/wp-json\/wp\/v2\/marca?post=99078"},{"taxonomy":"nivel-de-juego","embeddable":true,"href":"https:\/\/revolutionpadelstore.com\/en\/wp-json\/wp\/v2\/nivel-de-juego?post=99078"},{"taxonomy":"superficie","embeddable":true,"href":"https:\/\/revolutionpadelstore.com\/en\/wp-json\/wp\/v2\/superficie?post=99078"},{"taxonomy":"tipo-de-juego","embeddable":true,"href":"https:\/\/revolutionpadelstore.com\/en\/wp-json\/wp\/v2\/tipo-de-juego?post=99078"},{"taxonomy":"product_brand","embeddable":true,"href":"https:\/\/revolutionpadelstore.com\/en\/wp-json\/wp\/v2\/product_brand?post=99078"},{"taxonomy":"product_cat","embeddable":true,"href":"https:\/\/revolutionpadelstore.com\/en\/wp-json\/wp\/v2\/product_cat?post=99078"},{"taxonomy":"product_tag","embeddable":true,"href":"https:\/\/revolutionpadelstore.com\/en\/wp-json\/wp\/v2\/product_tag?post=99078"}],"curies":[{"name":"wp","href":"https:\/\/api.w.org\/{rel}","templated":true}]}}