{"id":99073,"date":"2024-10-13T10:14:37","date_gmt":"2024-10-13T08:14:37","guid":{"rendered":"https:\/\/revolutionpadelstore.com\/starvie-metheora-dual-2025\/"},"modified":"2026-04-08T10:25:38","modified_gmt":"2026-04-08T08:25:38","slug":"starvie-metheora-dual-2025-2","status":"publish","type":"product","link":"https:\/\/revolutionpadelstore.com\/en\/starvie-metheora-dual-2025-2\/","title":{"rendered":"STARVIE METHEORA DUAL 2025"},"content":{"rendered":"<div class=\"flex-shrink-0 flex flex-col relative items-end\">\n<div>\n<div class=\"pt-0\">\n<div class=\"gizmo-bot-avatar flex h-8 w-8 items-center justify-center overflow-hidden rounded-full\"><\/div>\n<\/div>\n<\/div>\n<\/div>\n<div class=\"group\/conversation-turn relative flex w-full min-w-0 flex-col agent-turn\">\n<div class=\"flex-col gap-1 md:gap-3\">\n<div class=\"flex max-w-full flex-col flex-grow\">\n<div class=\"min-h-8 text-message flex w-full flex-col items-end gap-2 whitespace-normal break-words [.text-message+&amp;]:mt-5\" dir=\"auto\" data-message-author-role=\"assistant\" data-message-id=\"51099bfa-bcfd-4e2d-875d-e80a908e766d\" data-message-model-slug=\"gpt-4o-mini\">\n<div class=\"flex w-full flex-col gap-1 empty:hidden first:pt-[3px]\">\n<div class=\"markdown prose w-full break-words dark:prose-invert dark\">\n<h1>StarVie Metheora Dual 2025<\/h1>\n<p>The StarVie Metheora Dual 2025 is a round padel racket from the Universe range, designed to meet the demands of the most advanced players. Its fusion of cutting-edge technologies and high-quality materials offers an exceptional gaming experience. The 3K carbon composition, both in the flat and in the tubular, ensures great resistance, while its dual-density rubber provides unique versatility in each hit.<\/p>\n<p><strong>Ideal for Advanced Players<\/strong><\/p>\n<p>This racket is perfect for those advanced level players looking for balanced performance on the court. Thanks to its Dual Density rubber, the Metheora Dual adapts to both slow hits, providing comfort, and fast hits, providing explosiveness. This makes it an ideal tool for those who need a balance between control and power, capable of adapting to any game situation.<\/p>\n<p><strong>Features and Technologies<\/strong><\/p>\n<p style=\"padding-left: 40px\"><strong>-Body:<\/strong> Round, with a centered sweet spot for easier hitting.<\/p>\n<p style=\"padding-left: 40px\"><strong>-Flat:<\/strong> Made of 3K carbon, which guarantees durability and stability.<\/p>\n<p style=\"padding-left: 40px\"><strong>-Rubber:<\/strong> EVA Dual Density, which combines layers of different densities for better adaptability.<\/p>\n<p style=\"padding-left: 40px\"><strong>-Roughness:<\/strong> Full Plane Effect, ideal for generating more spin on shots.<\/p>\n<p style=\"padding-left: 40px\"><strong>-Star Balance System:<\/strong> Offers optimal weight balance for more comfortable handling.<\/p>\n<p style=\"padding-left: 40px\"><strong>-Noene Inside:<\/strong> Absorbs up to 96% of vibrations, protecting the player&#8217;s arm.<\/p>\n<p style=\"padding-left: 40px\"><strong>-Manufacturing:<\/strong> 100% Spanish product.<\/p>\n<p><strong>Exceptional Performance<\/strong><\/p>\n<p>The StarVie Metheora Dual 2025 is the perfect choice for advanced players looking for a complete and adaptable racket. With its robust design and combination of technologies, it is a safe investment for those who want to dominate the court with control and power.<\/p>\n<\/div>\n<\/div>\n<\/div>\n<\/div>\n<\/div>\n<\/div>\n","protected":false},"excerpt":{"rendered":"<p>The StarVie Metheora Dual 2025 offers adaptability with its Dual Density rubber, control, power and comfort, ideal for advanced players looking for superior performance in all phases of the game.<\/p>\n","protected":false},"featured_media":98970,"comment_status":"open","ping_status":"closed","template":"","meta":{"_acf_changed":false,"_joinchat":[]},"acabado":[1093],"balance":[1148],"dureza":[1158],"forma":[1183],"jugador":[1193,1203],"marca":[1293],"nivel-de-juego":[1338],"superficie":[1363],"tipo-de-juego":[1373],"product_brand":[],"product_cat":[303],"product_tag":[],"class_list":{"0":"post-99073","1":"product","2":"type-product","3":"status-publish","4":"has-post-thumbnail","6":"acabado-relieve-3d-en","7":"balance-bajo-en","8":"dureza-media-en","9":"forma-redonda-en","10":"jugador-hombre-en","11":"jugador-multipurpose","12":"marca-starvie-en","13":"superficie-rugosa-en","14":"tipo-de-juego-control-en","15":"product_cat-palas","17":"first","18":"instock","19":"sale","20":"taxable","21":"shipping-taxable","22":"purchasable","23":"product-type-simple"},"acf":[],"yoast_head":"<!-- This site is optimized with the Yoast SEO plugin v27.4 - https:\/\/yoast.com\/product\/yoast-seo-wordpress\/ -->\n<title>STARVIE METHEORA DUAL 2025 - Revolution Padel Store<\/title>\n<meta name=\"description\" content=\"La StarVie Metheora Dual 2025 es una pala de p\u00e1del redonda de la gama Universe, dise\u00f1ada para satisfacer las demandas de los jugadores m\u00e1s exigentes y avanzados. Esta pala combina tecnolog\u00edas de vanguardia y materiales de alta calidad que ofrecen una experiencia de juego superior. Su composici\u00f3n en carbono 3K tanto en el plano como en el tubular garantiza una gran resistencia, mientras que su goma Dual Density proporciona una versatilidad \u00fanica en cada golpe.\" \/>\n<meta name=\"robots\" content=\"index, follow, max-snippet:-1, max-image-preview:large, max-video-preview:-1\" \/>\n<link rel=\"canonical\" href=\"https:\/\/revolutionpadelstore.com\/en\/starvie-metheora-dual-2025-2\/\" \/>\n<meta property=\"og:locale\" content=\"en_US\" \/>\n<meta property=\"og:type\" content=\"article\" \/>\n<meta property=\"og:title\" content=\"STARVIE METHEORA DUAL 2025 - Revolution Padel Store\" \/>\n<meta property=\"og:description\" content=\"La StarVie Metheora Dual 2025 es una pala de p\u00e1del redonda de la gama Universe, dise\u00f1ada para satisfacer las demandas de los jugadores m\u00e1s exigentes y avanzados. Esta pala combina tecnolog\u00edas de vanguardia y materiales de alta calidad que ofrecen una experiencia de juego superior. Su composici\u00f3n en carbono 3K tanto en el plano como en el tubular garantiza una gran resistencia, mientras que su goma Dual Density proporciona una versatilidad \u00fanica en cada golpe.\" \/>\n<meta property=\"og:url\" content=\"https:\/\/revolutionpadelstore.com\/en\/starvie-metheora-dual-2025-2\/\" \/>\n<meta property=\"og:site_name\" content=\"Revolution Padel Store\" \/>\n<meta property=\"article:modified_time\" content=\"2026-04-08T08:25:38+00:00\" \/>\n<meta property=\"og:image\" content=\"https:\/\/revolutionpadelstore.com\/wp-content\/uploads\/2024\/10\/114822_pala_starvie_metheora_dual_pstmd21000_1500x1500_1_6cc7.webp\" \/>\n\t<meta property=\"og:image:width\" content=\"1500\" \/>\n\t<meta property=\"og:image:height\" content=\"1500\" \/>\n\t<meta property=\"og:image:type\" content=\"image\/webp\" \/>\n<meta name=\"twitter:card\" content=\"summary_large_image\" \/>\n<meta name=\"twitter:label1\" content=\"Est. reading time\" \/>\n\t<meta name=\"twitter:data1\" content=\"2 minutes\" \/>\n<script type=\"application\/ld+json\" class=\"yoast-schema-graph\">{\"@context\":\"https:\\\/\\\/schema.org\",\"@graph\":[{\"@type\":\"WebPage\",\"@id\":\"https:\\\/\\\/revolutionpadelstore.com\\\/en\\\/starvie-metheora-dual-2025-2\\\/\",\"url\":\"https:\\\/\\\/revolutionpadelstore.com\\\/en\\\/starvie-metheora-dual-2025-2\\\/\",\"name\":\"STARVIE METHEORA DUAL 2025 - Revolution Padel Store\",\"isPartOf\":{\"@id\":\"https:\\\/\\\/revolutionpadelstore.com\\\/en\\\/#website\"},\"primaryImageOfPage\":{\"@id\":\"https:\\\/\\\/revolutionpadelstore.com\\\/en\\\/starvie-metheora-dual-2025-2\\\/#primaryimage\"},\"image\":{\"@id\":\"https:\\\/\\\/revolutionpadelstore.com\\\/en\\\/starvie-metheora-dual-2025-2\\\/#primaryimage\"},\"thumbnailUrl\":\"https:\\\/\\\/revolutionpadelstore.com\\\/wp-content\\\/uploads\\\/2024\\\/10\\\/114822_pala_starvie_metheora_dual_pstmd21000_1500x1500_1_6cc7.webp\",\"datePublished\":\"2024-10-13T08:14:37+00:00\",\"dateModified\":\"2026-04-08T08:25:38+00:00\",\"description\":\"La StarVie Metheora Dual 2025 es una pala de p\u00e1del redonda de la gama Universe, dise\u00f1ada para satisfacer las demandas de los jugadores m\u00e1s exigentes y avanzados. Esta pala combina tecnolog\u00edas de vanguardia y materiales de alta calidad que ofrecen una experiencia de juego superior. Su composici\u00f3n en carbono 3K tanto en el plano como en el tubular garantiza una gran resistencia, mientras que su goma Dual Density proporciona una versatilidad \u00fanica en cada golpe.\",\"breadcrumb\":{\"@id\":\"https:\\\/\\\/revolutionpadelstore.com\\\/en\\\/starvie-metheora-dual-2025-2\\\/#breadcrumb\"},\"inLanguage\":\"en-US\",\"potentialAction\":[{\"@type\":\"ReadAction\",\"target\":[\"https:\\\/\\\/revolutionpadelstore.com\\\/en\\\/starvie-metheora-dual-2025-2\\\/\"]}]},{\"@type\":\"ImageObject\",\"inLanguage\":\"en-US\",\"@id\":\"https:\\\/\\\/revolutionpadelstore.com\\\/en\\\/starvie-metheora-dual-2025-2\\\/#primaryimage\",\"url\":\"https:\\\/\\\/revolutionpadelstore.com\\\/wp-content\\\/uploads\\\/2024\\\/10\\\/114822_pala_starvie_metheora_dual_pstmd21000_1500x1500_1_6cc7.webp\",\"contentUrl\":\"https:\\\/\\\/revolutionpadelstore.com\\\/wp-content\\\/uploads\\\/2024\\\/10\\\/114822_pala_starvie_metheora_dual_pstmd21000_1500x1500_1_6cc7.webp\",\"width\":1500,\"height\":1500},{\"@type\":\"BreadcrumbList\",\"@id\":\"https:\\\/\\\/revolutionpadelstore.com\\\/en\\\/starvie-metheora-dual-2025-2\\\/#breadcrumb\",\"itemListElement\":[{\"@type\":\"ListItem\",\"position\":1,\"name\":\"Portada\",\"item\":\"https:\\\/\\\/revolutionpadelstore.com\\\/en\\\/\"},{\"@type\":\"ListItem\",\"position\":2,\"name\":\"Shop\",\"item\":\"https:\\\/\\\/revolutionpadelstore.com\\\/en\\\/shop\\\/\"},{\"@type\":\"ListItem\",\"position\":3,\"name\":\"STARVIE METHEORA DUAL 2025\"}]},{\"@type\":\"WebSite\",\"@id\":\"https:\\\/\\\/revolutionpadelstore.com\\\/en\\\/#website\",\"url\":\"https:\\\/\\\/revolutionpadelstore.com\\\/en\\\/\",\"name\":\"Revolution Padel Store\",\"description\":\"\",\"publisher\":{\"@id\":\"https:\\\/\\\/revolutionpadelstore.com\\\/en\\\/#organization\"},\"potentialAction\":[{\"@type\":\"SearchAction\",\"target\":{\"@type\":\"EntryPoint\",\"urlTemplate\":\"https:\\\/\\\/revolutionpadelstore.com\\\/en\\\/?s={search_term_string}\"},\"query-input\":{\"@type\":\"PropertyValueSpecification\",\"valueRequired\":true,\"valueName\":\"search_term_string\"}}],\"inLanguage\":\"en-US\"},{\"@type\":\"Organization\",\"@id\":\"https:\\\/\\\/revolutionpadelstore.com\\\/en\\\/#organization\",\"name\":\"Revolution Padel Store\",\"url\":\"https:\\\/\\\/revolutionpadelstore.com\\\/en\\\/\",\"logo\":{\"@type\":\"ImageObject\",\"inLanguage\":\"en-US\",\"@id\":\"https:\\\/\\\/revolutionpadelstore.com\\\/en\\\/#\\\/schema\\\/logo\\\/image\\\/\",\"url\":\"https:\\\/\\\/revolutionpadelstore.com\\\/wp-content\\\/uploads\\\/2026\\\/02\\\/revolution-padel-store.jpg\",\"contentUrl\":\"https:\\\/\\\/revolutionpadelstore.com\\\/wp-content\\\/uploads\\\/2026\\\/02\\\/revolution-padel-store.jpg\",\"width\":2000,\"height\":2000,\"caption\":\"Revolution Padel Store\"},\"image\":{\"@id\":\"https:\\\/\\\/revolutionpadelstore.com\\\/en\\\/#\\\/schema\\\/logo\\\/image\\\/\"},\"sameAs\":[\"https:\\\/\\\/www.instagram.com\\\/revolutionpadelstore\\\/\"]}]}<\/script>\n<!-- \/ Yoast SEO plugin. -->","yoast_head_json":{"title":"STARVIE METHEORA DUAL 2025 - Revolution Padel Store","description":"La StarVie Metheora Dual 2025 es una pala de p\u00e1del redonda de la gama Universe, dise\u00f1ada para satisfacer las demandas de los jugadores m\u00e1s exigentes y avanzados. Esta pala combina tecnolog\u00edas de vanguardia y materiales de alta calidad que ofrecen una experiencia de juego superior. Su composici\u00f3n en carbono 3K tanto en el plano como en el tubular garantiza una gran resistencia, mientras que su goma Dual Density proporciona una versatilidad \u00fanica en cada golpe.","robots":{"index":"index","follow":"follow","max-snippet":"max-snippet:-1","max-image-preview":"max-image-preview:large","max-video-preview":"max-video-preview:-1"},"canonical":"https:\/\/revolutionpadelstore.com\/en\/starvie-metheora-dual-2025-2\/","og_locale":"en_US","og_type":"article","og_title":"STARVIE METHEORA DUAL 2025 - Revolution Padel Store","og_description":"La StarVie Metheora Dual 2025 es una pala de p\u00e1del redonda de la gama Universe, dise\u00f1ada para satisfacer las demandas de los jugadores m\u00e1s exigentes y avanzados. Esta pala combina tecnolog\u00edas de vanguardia y materiales de alta calidad que ofrecen una experiencia de juego superior. Su composici\u00f3n en carbono 3K tanto en el plano como en el tubular garantiza una gran resistencia, mientras que su goma Dual Density proporciona una versatilidad \u00fanica en cada golpe.","og_url":"https:\/\/revolutionpadelstore.com\/en\/starvie-metheora-dual-2025-2\/","og_site_name":"Revolution Padel Store","article_modified_time":"2026-04-08T08:25:38+00:00","og_image":[{"width":1500,"height":1500,"url":"https:\/\/revolutionpadelstore.com\/wp-content\/uploads\/2024\/10\/114822_pala_starvie_metheora_dual_pstmd21000_1500x1500_1_6cc7.webp","type":"image\/webp"}],"twitter_card":"summary_large_image","twitter_misc":{"Est. reading time":"2 minutes"},"schema":{"@context":"https:\/\/schema.org","@graph":[{"@type":"WebPage","@id":"https:\/\/revolutionpadelstore.com\/en\/starvie-metheora-dual-2025-2\/","url":"https:\/\/revolutionpadelstore.com\/en\/starvie-metheora-dual-2025-2\/","name":"STARVIE METHEORA DUAL 2025 - Revolution Padel Store","isPartOf":{"@id":"https:\/\/revolutionpadelstore.com\/en\/#website"},"primaryImageOfPage":{"@id":"https:\/\/revolutionpadelstore.com\/en\/starvie-metheora-dual-2025-2\/#primaryimage"},"image":{"@id":"https:\/\/revolutionpadelstore.com\/en\/starvie-metheora-dual-2025-2\/#primaryimage"},"thumbnailUrl":"https:\/\/revolutionpadelstore.com\/wp-content\/uploads\/2024\/10\/114822_pala_starvie_metheora_dual_pstmd21000_1500x1500_1_6cc7.webp","datePublished":"2024-10-13T08:14:37+00:00","dateModified":"2026-04-08T08:25:38+00:00","description":"La StarVie Metheora Dual 2025 es una pala de p\u00e1del redonda de la gama Universe, dise\u00f1ada para satisfacer las demandas de los jugadores m\u00e1s exigentes y avanzados. Esta pala combina tecnolog\u00edas de vanguardia y materiales de alta calidad que ofrecen una experiencia de juego superior. Su composici\u00f3n en carbono 3K tanto en el plano como en el tubular garantiza una gran resistencia, mientras que su goma Dual Density proporciona una versatilidad \u00fanica en cada golpe.","breadcrumb":{"@id":"https:\/\/revolutionpadelstore.com\/en\/starvie-metheora-dual-2025-2\/#breadcrumb"},"inLanguage":"en-US","potentialAction":[{"@type":"ReadAction","target":["https:\/\/revolutionpadelstore.com\/en\/starvie-metheora-dual-2025-2\/"]}]},{"@type":"ImageObject","inLanguage":"en-US","@id":"https:\/\/revolutionpadelstore.com\/en\/starvie-metheora-dual-2025-2\/#primaryimage","url":"https:\/\/revolutionpadelstore.com\/wp-content\/uploads\/2024\/10\/114822_pala_starvie_metheora_dual_pstmd21000_1500x1500_1_6cc7.webp","contentUrl":"https:\/\/revolutionpadelstore.com\/wp-content\/uploads\/2024\/10\/114822_pala_starvie_metheora_dual_pstmd21000_1500x1500_1_6cc7.webp","width":1500,"height":1500},{"@type":"BreadcrumbList","@id":"https:\/\/revolutionpadelstore.com\/en\/starvie-metheora-dual-2025-2\/#breadcrumb","itemListElement":[{"@type":"ListItem","position":1,"name":"Portada","item":"https:\/\/revolutionpadelstore.com\/en\/"},{"@type":"ListItem","position":2,"name":"Shop","item":"https:\/\/revolutionpadelstore.com\/en\/shop\/"},{"@type":"ListItem","position":3,"name":"STARVIE METHEORA DUAL 2025"}]},{"@type":"WebSite","@id":"https:\/\/revolutionpadelstore.com\/en\/#website","url":"https:\/\/revolutionpadelstore.com\/en\/","name":"Revolution Padel Store","description":"","publisher":{"@id":"https:\/\/revolutionpadelstore.com\/en\/#organization"},"potentialAction":[{"@type":"SearchAction","target":{"@type":"EntryPoint","urlTemplate":"https:\/\/revolutionpadelstore.com\/en\/?s={search_term_string}"},"query-input":{"@type":"PropertyValueSpecification","valueRequired":true,"valueName":"search_term_string"}}],"inLanguage":"en-US"},{"@type":"Organization","@id":"https:\/\/revolutionpadelstore.com\/en\/#organization","name":"Revolution Padel Store","url":"https:\/\/revolutionpadelstore.com\/en\/","logo":{"@type":"ImageObject","inLanguage":"en-US","@id":"https:\/\/revolutionpadelstore.com\/en\/#\/schema\/logo\/image\/","url":"https:\/\/revolutionpadelstore.com\/wp-content\/uploads\/2026\/02\/revolution-padel-store.jpg","contentUrl":"https:\/\/revolutionpadelstore.com\/wp-content\/uploads\/2026\/02\/revolution-padel-store.jpg","width":2000,"height":2000,"caption":"Revolution Padel Store"},"image":{"@id":"https:\/\/revolutionpadelstore.com\/en\/#\/schema\/logo\/image\/"},"sameAs":["https:\/\/www.instagram.com\/revolutionpadelstore\/"]}]}},"_links":{"self":[{"href":"https:\/\/revolutionpadelstore.com\/en\/wp-json\/wp\/v2\/product\/99073","targetHints":{"allow":["GET"]}}],"collection":[{"href":"https:\/\/revolutionpadelstore.com\/en\/wp-json\/wp\/v2\/product"}],"about":[{"href":"https:\/\/revolutionpadelstore.com\/en\/wp-json\/wp\/v2\/types\/product"}],"replies":[{"embeddable":true,"href":"https:\/\/revolutionpadelstore.com\/en\/wp-json\/wp\/v2\/comments?post=99073"}],"wp:featuredmedia":[{"embeddable":true,"href":"https:\/\/revolutionpadelstore.com\/en\/wp-json\/wp\/v2\/media\/98970"}],"wp:attachment":[{"href":"https:\/\/revolutionpadelstore.com\/en\/wp-json\/wp\/v2\/media?parent=99073"}],"wp:term":[{"taxonomy":"acabado","embeddable":true,"href":"https:\/\/revolutionpadelstore.com\/en\/wp-json\/wp\/v2\/acabado?post=99073"},{"taxonomy":"balance","embeddable":true,"href":"https:\/\/revolutionpadelstore.com\/en\/wp-json\/wp\/v2\/balance?post=99073"},{"taxonomy":"dureza","embeddable":true,"href":"https:\/\/revolutionpadelstore.com\/en\/wp-json\/wp\/v2\/dureza?post=99073"},{"taxonomy":"forma","embeddable":true,"href":"https:\/\/revolutionpadelstore.com\/en\/wp-json\/wp\/v2\/forma?post=99073"},{"taxonomy":"jugador","embeddable":true,"href":"https:\/\/revolutionpadelstore.com\/en\/wp-json\/wp\/v2\/jugador?post=99073"},{"taxonomy":"marca","embeddable":true,"href":"https:\/\/revolutionpadelstore.com\/en\/wp-json\/wp\/v2\/marca?post=99073"},{"taxonomy":"nivel-de-juego","embeddable":true,"href":"https:\/\/revolutionpadelstore.com\/en\/wp-json\/wp\/v2\/nivel-de-juego?post=99073"},{"taxonomy":"superficie","embeddable":true,"href":"https:\/\/revolutionpadelstore.com\/en\/wp-json\/wp\/v2\/superficie?post=99073"},{"taxonomy":"tipo-de-juego","embeddable":true,"href":"https:\/\/revolutionpadelstore.com\/en\/wp-json\/wp\/v2\/tipo-de-juego?post=99073"},{"taxonomy":"product_brand","embeddable":true,"href":"https:\/\/revolutionpadelstore.com\/en\/wp-json\/wp\/v2\/product_brand?post=99073"},{"taxonomy":"product_cat","embeddable":true,"href":"https:\/\/revolutionpadelstore.com\/en\/wp-json\/wp\/v2\/product_cat?post=99073"},{"taxonomy":"product_tag","embeddable":true,"href":"https:\/\/revolutionpadelstore.com\/en\/wp-json\/wp\/v2\/product_tag?post=99073"}],"curies":[{"name":"wp","href":"https:\/\/api.w.org\/{rel}","templated":true}]}}