{"id":93760,"date":"2024-10-11T23:29:10","date_gmt":"2024-10-11T21:29:10","guid":{"rendered":"https:\/\/revolutionpadelstore.com\/starvie-brava-pro-2025\/"},"modified":"2026-04-08T10:29:09","modified_gmt":"2026-04-08T08:29:09","slug":"starvie-brava-pro-2025","status":"publish","type":"product","link":"https:\/\/revolutionpadelstore.com\/en\/starvie-brava-pro-2025\/","title":{"rendered":"STARVIE BRAVA PRO 2025"},"content":{"rendered":"<div class=\"flex max-w-full flex-col flex-grow\">\n<div class=\"min-h-8 text-message flex w-full flex-col items-end gap-2 whitespace-normal break-words [.text-message+&amp;]:mt-5\" dir=\"auto\" data-message-author-role=\"assistant\" data-message-id=\"1ad89067-fc6d-4e6d-8732-53eda61b34f8\" data-message-model-slug=\"gpt-4o-mini\">\n<div class=\"flex w-full flex-col gap-1 empty:hidden first:pt-[3px]\">\n<div class=\"markdown prose w-full break-words dark:prose-invert dark\">\n<p><strong>StarVie Brava Pro 2025: Control and Power on the Track<\/strong><\/p>\n<p>The StarVie Brava Pro 2025, part of the Universe collection, is designed to deliver outstanding performance on every play, allowing for a versatile playing style. Its teardrop shape, with a sweet spot located at the top, expands the hitting area and provides more strength in aerial hits.<\/p>\n<p><strong>Ideal for Advanced Players<\/strong><\/p>\n<p>With a robust design and high-quality materials, the Brava Pro 2025 is perfect for advanced players or professionals who want extra versatility in their game. Technical players will appreciate the excellent control and power in their shots, as well as a notable ball output. The rough texture of the surface makes it easy to apply spins, surprising rivals with its precision.<\/p>\n<p><strong>Building the StarVie Brava Pro<\/strong><\/p>\n<p style=\"padding-left: 40px\"><strong>-EVA PRO 50 Rubber Core:<\/strong> Hard density, optimizes the speed of the ball and improves precision in hitting.<\/p>\n<p style=\"padding-left: 40px\"><strong>-15K Carbon Flats:<\/strong> They provide greater comfort, better manageability and superior flexibility when hitting.<\/p>\n<p style=\"padding-left: 40px\"><strong>-Rough Star-Shaped Finish:<\/strong> Thanks to the Full Plane Effect, it allows effects to be applied with more precision.<\/p>\n<p style=\"padding-left: 40px\"><strong>-Noene Inside Technology:<\/strong> Improves the absorption of vibrations, reducing the energy generated by impact.<\/p>\n<p style=\"padding-left: 40px\"><strong>-Core Brava System at the Heart:<\/strong> Balances weight and minimizes vibrations for greater stability.<\/p>\n<p style=\"padding-left: 40px\"><strong>-Star Balance Piece:<\/strong> Moves the balance towards the fist, improving acceleration, agility and control.<\/p>\n<p style=\"padding-left: 40px\"><strong>-Five Side in the Profile:<\/strong> Increases the aerodynamics and agility of the racket.<\/p>\n<p style=\"padding-left: 40px\"><strong>-Weight:<\/strong> Between 350-380 grams.<\/p>\n<p style=\"padding-left: 40px\"><strong>-Artisanal Manufacturing in Spain:<\/strong> Ensures quality and attention to detail.<\/p>\n<p>The StarVie Brava Pro 2025 is your perfect ally if you are looking for a racket that adapts to any situation on the court, allowing you to offer the best in both attack and defense. With its rough 15K Carbon planes, you will enjoy more spin and comfort in each shot. Discover the versatility you need at Revolution Padel Store!<\/p>\n<\/div>\n<\/div>\n<\/div>\n<\/div>\n","protected":false},"excerpt":{"rendered":"<p>StarVie Brava Pro 2025, designed to ensure the best performance in defense and attack for technical padel players. EVA Pro 50 rubber core.<\/p>\n","protected":false},"featured_media":93510,"comment_status":"open","ping_status":"closed","template":"","meta":{"_acf_changed":false,"_joinchat":[]},"acabado":[1108],"balance":[1138],"dureza":[1163],"forma":[1188],"jugador":[1193,1203],"marca":[1293],"nivel-de-juego":[1338],"superficie":[1363],"tipo-de-juego":[1388],"product_brand":[],"product_cat":[303],"product_tag":[],"class_list":{"0":"post-93760","1":"product","2":"type-product","3":"status-publish","4":"has-post-thumbnail","6":"acabado-rugoso-en","7":"balance-alto-en","8":"dureza-dura-en","9":"forma-lagrima-en","10":"jugador-hombre-en","11":"jugador-multipurpose","12":"marca-starvie-en","13":"superficie-rugosa-en","14":"tipo-de-juego-multipurpose","15":"product_cat-palas","17":"first","18":"instock","19":"sale","20":"taxable","21":"shipping-taxable","22":"purchasable","23":"product-type-simple"},"acf":[],"yoast_head":"<!-- This site is optimized with the Yoast SEO plugin v27.4 - https:\/\/yoast.com\/product\/yoast-seo-wordpress\/ -->\n<title>STARVIE BRAVA PRO 2025 - Revolution Padel Store<\/title>\n<meta name=\"description\" content=\"La pala de p\u00e1del StarVie Brava Pro 2025, parte de la colecci\u00f3n Universe, est\u00e1 dise\u00f1ada para ofrecer un rendimiento excepcional en todo momento, logrando un juego vers\u00e1til en la pista. Su formato en l\u00e1grima, con un punto dulce t\u00e9cnico en la parte superior, ampl\u00eda la zona de golpeo y potencia los golpes a\u00e9reos con mayor fuerza.\" \/>\n<meta name=\"robots\" content=\"index, follow, max-snippet:-1, max-image-preview:large, max-video-preview:-1\" \/>\n<link rel=\"canonical\" href=\"https:\/\/revolutionpadelstore.com\/en\/starvie-brava-pro-2025\/\" \/>\n<meta property=\"og:locale\" content=\"en_US\" \/>\n<meta property=\"og:type\" content=\"article\" \/>\n<meta property=\"og:title\" content=\"STARVIE BRAVA PRO 2025 - Revolution Padel Store\" \/>\n<meta property=\"og:description\" content=\"La pala de p\u00e1del StarVie Brava Pro 2025, parte de la colecci\u00f3n Universe, est\u00e1 dise\u00f1ada para ofrecer un rendimiento excepcional en todo momento, logrando un juego vers\u00e1til en la pista. Su formato en l\u00e1grima, con un punto dulce t\u00e9cnico en la parte superior, ampl\u00eda la zona de golpeo y potencia los golpes a\u00e9reos con mayor fuerza.\" \/>\n<meta property=\"og:url\" content=\"https:\/\/revolutionpadelstore.com\/en\/starvie-brava-pro-2025\/\" \/>\n<meta property=\"og:site_name\" content=\"Revolution Padel Store\" \/>\n<meta property=\"article:modified_time\" content=\"2026-04-08T08:29:09+00:00\" \/>\n<meta property=\"og:image\" content=\"https:\/\/revolutionpadelstore.com\/wp-content\/uploads\/2024\/10\/pala-starvie-brava-soft-2025-1-800x800-1.jpg\" \/>\n\t<meta property=\"og:image:width\" content=\"800\" \/>\n\t<meta property=\"og:image:height\" content=\"800\" \/>\n\t<meta property=\"og:image:type\" content=\"image\/jpeg\" \/>\n<meta name=\"twitter:card\" content=\"summary_large_image\" \/>\n<meta name=\"twitter:label1\" content=\"Est. reading time\" \/>\n\t<meta name=\"twitter:data1\" content=\"2 minutes\" \/>\n<script type=\"application\/ld+json\" class=\"yoast-schema-graph\">{\"@context\":\"https:\\\/\\\/schema.org\",\"@graph\":[{\"@type\":\"WebPage\",\"@id\":\"https:\\\/\\\/revolutionpadelstore.com\\\/en\\\/starvie-brava-pro-2025\\\/\",\"url\":\"https:\\\/\\\/revolutionpadelstore.com\\\/en\\\/starvie-brava-pro-2025\\\/\",\"name\":\"STARVIE BRAVA PRO 2025 - Revolution Padel Store\",\"isPartOf\":{\"@id\":\"https:\\\/\\\/revolutionpadelstore.com\\\/en\\\/#website\"},\"primaryImageOfPage\":{\"@id\":\"https:\\\/\\\/revolutionpadelstore.com\\\/en\\\/starvie-brava-pro-2025\\\/#primaryimage\"},\"image\":{\"@id\":\"https:\\\/\\\/revolutionpadelstore.com\\\/en\\\/starvie-brava-pro-2025\\\/#primaryimage\"},\"thumbnailUrl\":\"https:\\\/\\\/revolutionpadelstore.com\\\/wp-content\\\/uploads\\\/2024\\\/10\\\/pala-starvie-brava-soft-2025-1-800x800-1.jpg\",\"datePublished\":\"2024-10-11T21:29:10+00:00\",\"dateModified\":\"2026-04-08T08:29:09+00:00\",\"description\":\"La pala de p\u00e1del StarVie Brava Pro 2025, parte de la colecci\u00f3n Universe, est\u00e1 dise\u00f1ada para ofrecer un rendimiento excepcional en todo momento, logrando un juego vers\u00e1til en la pista. Su formato en l\u00e1grima, con un punto dulce t\u00e9cnico en la parte superior, ampl\u00eda la zona de golpeo y potencia los golpes a\u00e9reos con mayor fuerza.\",\"breadcrumb\":{\"@id\":\"https:\\\/\\\/revolutionpadelstore.com\\\/en\\\/starvie-brava-pro-2025\\\/#breadcrumb\"},\"inLanguage\":\"en-US\",\"potentialAction\":[{\"@type\":\"ReadAction\",\"target\":[\"https:\\\/\\\/revolutionpadelstore.com\\\/en\\\/starvie-brava-pro-2025\\\/\"]}]},{\"@type\":\"ImageObject\",\"inLanguage\":\"en-US\",\"@id\":\"https:\\\/\\\/revolutionpadelstore.com\\\/en\\\/starvie-brava-pro-2025\\\/#primaryimage\",\"url\":\"https:\\\/\\\/revolutionpadelstore.com\\\/wp-content\\\/uploads\\\/2024\\\/10\\\/pala-starvie-brava-soft-2025-1-800x800-1.jpg\",\"contentUrl\":\"https:\\\/\\\/revolutionpadelstore.com\\\/wp-content\\\/uploads\\\/2024\\\/10\\\/pala-starvie-brava-soft-2025-1-800x800-1.jpg\",\"width\":800,\"height\":800},{\"@type\":\"BreadcrumbList\",\"@id\":\"https:\\\/\\\/revolutionpadelstore.com\\\/en\\\/starvie-brava-pro-2025\\\/#breadcrumb\",\"itemListElement\":[{\"@type\":\"ListItem\",\"position\":1,\"name\":\"Portada\",\"item\":\"https:\\\/\\\/revolutionpadelstore.com\\\/en\\\/\"},{\"@type\":\"ListItem\",\"position\":2,\"name\":\"Shop\",\"item\":\"https:\\\/\\\/revolutionpadelstore.com\\\/en\\\/shop\\\/\"},{\"@type\":\"ListItem\",\"position\":3,\"name\":\"STARVIE BRAVA PRO 2025\"}]},{\"@type\":\"WebSite\",\"@id\":\"https:\\\/\\\/revolutionpadelstore.com\\\/en\\\/#website\",\"url\":\"https:\\\/\\\/revolutionpadelstore.com\\\/en\\\/\",\"name\":\"Revolution Padel Store\",\"description\":\"\",\"publisher\":{\"@id\":\"https:\\\/\\\/revolutionpadelstore.com\\\/en\\\/#organization\"},\"potentialAction\":[{\"@type\":\"SearchAction\",\"target\":{\"@type\":\"EntryPoint\",\"urlTemplate\":\"https:\\\/\\\/revolutionpadelstore.com\\\/en\\\/?s={search_term_string}\"},\"query-input\":{\"@type\":\"PropertyValueSpecification\",\"valueRequired\":true,\"valueName\":\"search_term_string\"}}],\"inLanguage\":\"en-US\"},{\"@type\":\"Organization\",\"@id\":\"https:\\\/\\\/revolutionpadelstore.com\\\/en\\\/#organization\",\"name\":\"Revolution Padel Store\",\"url\":\"https:\\\/\\\/revolutionpadelstore.com\\\/en\\\/\",\"logo\":{\"@type\":\"ImageObject\",\"inLanguage\":\"en-US\",\"@id\":\"https:\\\/\\\/revolutionpadelstore.com\\\/en\\\/#\\\/schema\\\/logo\\\/image\\\/\",\"url\":\"https:\\\/\\\/revolutionpadelstore.com\\\/wp-content\\\/uploads\\\/2026\\\/02\\\/revolution-padel-store.jpg\",\"contentUrl\":\"https:\\\/\\\/revolutionpadelstore.com\\\/wp-content\\\/uploads\\\/2026\\\/02\\\/revolution-padel-store.jpg\",\"width\":2000,\"height\":2000,\"caption\":\"Revolution Padel Store\"},\"image\":{\"@id\":\"https:\\\/\\\/revolutionpadelstore.com\\\/en\\\/#\\\/schema\\\/logo\\\/image\\\/\"},\"sameAs\":[\"https:\\\/\\\/www.instagram.com\\\/revolutionpadelstore\\\/\"]}]}<\/script>\n<!-- \/ Yoast SEO plugin. -->","yoast_head_json":{"title":"STARVIE BRAVA PRO 2025 - Revolution Padel Store","description":"La pala de p\u00e1del StarVie Brava Pro 2025, parte de la colecci\u00f3n Universe, est\u00e1 dise\u00f1ada para ofrecer un rendimiento excepcional en todo momento, logrando un juego vers\u00e1til en la pista. Su formato en l\u00e1grima, con un punto dulce t\u00e9cnico en la parte superior, ampl\u00eda la zona de golpeo y potencia los golpes a\u00e9reos con mayor fuerza.","robots":{"index":"index","follow":"follow","max-snippet":"max-snippet:-1","max-image-preview":"max-image-preview:large","max-video-preview":"max-video-preview:-1"},"canonical":"https:\/\/revolutionpadelstore.com\/en\/starvie-brava-pro-2025\/","og_locale":"en_US","og_type":"article","og_title":"STARVIE BRAVA PRO 2025 - Revolution Padel Store","og_description":"La pala de p\u00e1del StarVie Brava Pro 2025, parte de la colecci\u00f3n Universe, est\u00e1 dise\u00f1ada para ofrecer un rendimiento excepcional en todo momento, logrando un juego vers\u00e1til en la pista. Su formato en l\u00e1grima, con un punto dulce t\u00e9cnico en la parte superior, ampl\u00eda la zona de golpeo y potencia los golpes a\u00e9reos con mayor fuerza.","og_url":"https:\/\/revolutionpadelstore.com\/en\/starvie-brava-pro-2025\/","og_site_name":"Revolution Padel Store","article_modified_time":"2026-04-08T08:29:09+00:00","og_image":[{"width":800,"height":800,"url":"https:\/\/revolutionpadelstore.com\/wp-content\/uploads\/2024\/10\/pala-starvie-brava-soft-2025-1-800x800-1.jpg","type":"image\/jpeg"}],"twitter_card":"summary_large_image","twitter_misc":{"Est. reading time":"2 minutes"},"schema":{"@context":"https:\/\/schema.org","@graph":[{"@type":"WebPage","@id":"https:\/\/revolutionpadelstore.com\/en\/starvie-brava-pro-2025\/","url":"https:\/\/revolutionpadelstore.com\/en\/starvie-brava-pro-2025\/","name":"STARVIE BRAVA PRO 2025 - Revolution Padel Store","isPartOf":{"@id":"https:\/\/revolutionpadelstore.com\/en\/#website"},"primaryImageOfPage":{"@id":"https:\/\/revolutionpadelstore.com\/en\/starvie-brava-pro-2025\/#primaryimage"},"image":{"@id":"https:\/\/revolutionpadelstore.com\/en\/starvie-brava-pro-2025\/#primaryimage"},"thumbnailUrl":"https:\/\/revolutionpadelstore.com\/wp-content\/uploads\/2024\/10\/pala-starvie-brava-soft-2025-1-800x800-1.jpg","datePublished":"2024-10-11T21:29:10+00:00","dateModified":"2026-04-08T08:29:09+00:00","description":"La pala de p\u00e1del StarVie Brava Pro 2025, parte de la colecci\u00f3n Universe, est\u00e1 dise\u00f1ada para ofrecer un rendimiento excepcional en todo momento, logrando un juego vers\u00e1til en la pista. Su formato en l\u00e1grima, con un punto dulce t\u00e9cnico en la parte superior, ampl\u00eda la zona de golpeo y potencia los golpes a\u00e9reos con mayor fuerza.","breadcrumb":{"@id":"https:\/\/revolutionpadelstore.com\/en\/starvie-brava-pro-2025\/#breadcrumb"},"inLanguage":"en-US","potentialAction":[{"@type":"ReadAction","target":["https:\/\/revolutionpadelstore.com\/en\/starvie-brava-pro-2025\/"]}]},{"@type":"ImageObject","inLanguage":"en-US","@id":"https:\/\/revolutionpadelstore.com\/en\/starvie-brava-pro-2025\/#primaryimage","url":"https:\/\/revolutionpadelstore.com\/wp-content\/uploads\/2024\/10\/pala-starvie-brava-soft-2025-1-800x800-1.jpg","contentUrl":"https:\/\/revolutionpadelstore.com\/wp-content\/uploads\/2024\/10\/pala-starvie-brava-soft-2025-1-800x800-1.jpg","width":800,"height":800},{"@type":"BreadcrumbList","@id":"https:\/\/revolutionpadelstore.com\/en\/starvie-brava-pro-2025\/#breadcrumb","itemListElement":[{"@type":"ListItem","position":1,"name":"Portada","item":"https:\/\/revolutionpadelstore.com\/en\/"},{"@type":"ListItem","position":2,"name":"Shop","item":"https:\/\/revolutionpadelstore.com\/en\/shop\/"},{"@type":"ListItem","position":3,"name":"STARVIE BRAVA PRO 2025"}]},{"@type":"WebSite","@id":"https:\/\/revolutionpadelstore.com\/en\/#website","url":"https:\/\/revolutionpadelstore.com\/en\/","name":"Revolution Padel Store","description":"","publisher":{"@id":"https:\/\/revolutionpadelstore.com\/en\/#organization"},"potentialAction":[{"@type":"SearchAction","target":{"@type":"EntryPoint","urlTemplate":"https:\/\/revolutionpadelstore.com\/en\/?s={search_term_string}"},"query-input":{"@type":"PropertyValueSpecification","valueRequired":true,"valueName":"search_term_string"}}],"inLanguage":"en-US"},{"@type":"Organization","@id":"https:\/\/revolutionpadelstore.com\/en\/#organization","name":"Revolution Padel Store","url":"https:\/\/revolutionpadelstore.com\/en\/","logo":{"@type":"ImageObject","inLanguage":"en-US","@id":"https:\/\/revolutionpadelstore.com\/en\/#\/schema\/logo\/image\/","url":"https:\/\/revolutionpadelstore.com\/wp-content\/uploads\/2026\/02\/revolution-padel-store.jpg","contentUrl":"https:\/\/revolutionpadelstore.com\/wp-content\/uploads\/2026\/02\/revolution-padel-store.jpg","width":2000,"height":2000,"caption":"Revolution Padel Store"},"image":{"@id":"https:\/\/revolutionpadelstore.com\/en\/#\/schema\/logo\/image\/"},"sameAs":["https:\/\/www.instagram.com\/revolutionpadelstore\/"]}]}},"_links":{"self":[{"href":"https:\/\/revolutionpadelstore.com\/en\/wp-json\/wp\/v2\/product\/93760","targetHints":{"allow":["GET"]}}],"collection":[{"href":"https:\/\/revolutionpadelstore.com\/en\/wp-json\/wp\/v2\/product"}],"about":[{"href":"https:\/\/revolutionpadelstore.com\/en\/wp-json\/wp\/v2\/types\/product"}],"replies":[{"embeddable":true,"href":"https:\/\/revolutionpadelstore.com\/en\/wp-json\/wp\/v2\/comments?post=93760"}],"wp:featuredmedia":[{"embeddable":true,"href":"https:\/\/revolutionpadelstore.com\/en\/wp-json\/wp\/v2\/media\/93510"}],"wp:attachment":[{"href":"https:\/\/revolutionpadelstore.com\/en\/wp-json\/wp\/v2\/media?parent=93760"}],"wp:term":[{"taxonomy":"acabado","embeddable":true,"href":"https:\/\/revolutionpadelstore.com\/en\/wp-json\/wp\/v2\/acabado?post=93760"},{"taxonomy":"balance","embeddable":true,"href":"https:\/\/revolutionpadelstore.com\/en\/wp-json\/wp\/v2\/balance?post=93760"},{"taxonomy":"dureza","embeddable":true,"href":"https:\/\/revolutionpadelstore.com\/en\/wp-json\/wp\/v2\/dureza?post=93760"},{"taxonomy":"forma","embeddable":true,"href":"https:\/\/revolutionpadelstore.com\/en\/wp-json\/wp\/v2\/forma?post=93760"},{"taxonomy":"jugador","embeddable":true,"href":"https:\/\/revolutionpadelstore.com\/en\/wp-json\/wp\/v2\/jugador?post=93760"},{"taxonomy":"marca","embeddable":true,"href":"https:\/\/revolutionpadelstore.com\/en\/wp-json\/wp\/v2\/marca?post=93760"},{"taxonomy":"nivel-de-juego","embeddable":true,"href":"https:\/\/revolutionpadelstore.com\/en\/wp-json\/wp\/v2\/nivel-de-juego?post=93760"},{"taxonomy":"superficie","embeddable":true,"href":"https:\/\/revolutionpadelstore.com\/en\/wp-json\/wp\/v2\/superficie?post=93760"},{"taxonomy":"tipo-de-juego","embeddable":true,"href":"https:\/\/revolutionpadelstore.com\/en\/wp-json\/wp\/v2\/tipo-de-juego?post=93760"},{"taxonomy":"product_brand","embeddable":true,"href":"https:\/\/revolutionpadelstore.com\/en\/wp-json\/wp\/v2\/product_brand?post=93760"},{"taxonomy":"product_cat","embeddable":true,"href":"https:\/\/revolutionpadelstore.com\/en\/wp-json\/wp\/v2\/product_cat?post=93760"},{"taxonomy":"product_tag","embeddable":true,"href":"https:\/\/revolutionpadelstore.com\/en\/wp-json\/wp\/v2\/product_tag?post=93760"}],"curies":[{"name":"wp","href":"https:\/\/api.w.org\/{rel}","templated":true}]}}