{"id":72937,"date":"2024-08-22T13:24:26","date_gmt":"2024-08-22T11:24:26","guid":{"rendered":"https:\/\/revolutionpadelstore.com\/mizuno-wave-enforce-court-61gb2437-06-rojo\/"},"modified":"2026-04-08T11:07:10","modified_gmt":"2026-04-08T09:07:10","slug":"mizuno-wave-enforce-court-padel-rojo-2","status":"publish","type":"product","link":"https:\/\/revolutionpadelstore.com\/en\/mizuno-wave-enforce-court-padel-rojo-2\/","title":{"rendered":"MIZUNO WAVE ENFORCE COURT PADEL ROJO"},"content":{"rendered":"<h2>Mizuno Wave Enforce Court Red<\/h2>\n<p>The Mizuno Wave Enforce Court Red padel shoes stand out for incorporating innovative technologies that optimize performance on the padel court. <em>Mizuno Wave<\/em> technology is a distinctive feature, inspired by nature, that offers exceptional cushioning and stability in the midsole. This technology ensures that each step is firm and comfortable allowing for fast and safe movements.<\/p>\n<p>The X10 technology, meanwhile, uses a very durable carbon rubber in the high-impact areas of the sole. This not only prolongs the life of the shoe, but also improves the traction of the mixed sole at heel impact, offering superior grip on the court.<\/p>\n<p>The Mizuno Wave Enforce Court in red offers a perfect combination of durability, comfort and performance. They are the ideal choice for players looking to improve their game with high-quality footwear and padel-specific footwear technology.<\/p>\n<h2>Mizuno Wave Enforce Court Rojo<\/h2>\n","protected":false},"excerpt":{"rendered":"<p>Mizuno Wave Enforce Court Red offers cushioning, stability, lightness and durability. Designed for padel players looking for maximum performance in their padel games.<\/p>\n","protected":false},"featured_media":62788,"comment_status":"open","ping_status":"closed","template":"","meta":{"_acf_changed":false,"_joinchat":[]},"acabado":[],"balance":[],"dureza":[],"forma":[],"jugador":[1193],"marca":[1333],"nivel-de-juego":[],"superficie":[],"tipo-de-juego":[],"product_brand":[],"product_cat":[410],"product_tag":[],"class_list":{"0":"post-72937","1":"product","2":"type-product","3":"status-publish","4":"has-post-thumbnail","6":"jugador-hombre-en","7":"marca-mizuno-en","8":"product_cat-mens-sneakers","10":"first","11":"outofstock","12":"sale","13":"taxable","14":"shipping-taxable","15":"purchasable","16":"product-type-variable"},"acf":[],"yoast_head":"<!-- This site is optimized with the Yoast SEO plugin v27.4 - https:\/\/yoast.com\/product\/yoast-seo-wordpress\/ -->\n<title>MIZUNO WAVE ENFORCE COURT PADEL ROJO - Revolution Padel Store<\/title>\n<meta name=\"description\" content=\"Las zapatillas de p\u00e1del Mizuno Wave Enforce Court Rojo destacan por incorporar tecnolog\u00edas innovadoras que optimizan el rendimiento en la pista de p\u00e1del. La tecnolog\u00eda Mizuno Wave es una caracter\u00edstica distintiva, inspirada en la naturaleza, que ofrece una amortiguaci\u00f3n y estabilidad excepcionales en la entresuela. Esta tecnolog\u00eda asegura que cada paso sea firme y c\u00f3modo, permitiendo movimientos r\u00e1pidos y seguros. El material Mizuno Enerzy, utilizado en la entresuela, se caracteriza por su tacto dleicado y capacidad de rebote. Este material no solo mejora la comodidad del jugador, sino que tambi\u00e9n aumenta la durabilidad del calzado, asegurando un rendimiento \u00f3ptimo durante m\u00e1s tiempo.\" \/>\n<meta name=\"robots\" content=\"index, follow, max-snippet:-1, max-image-preview:large, max-video-preview:-1\" \/>\n<link rel=\"canonical\" href=\"https:\/\/revolutionpadelstore.com\/en\/mizuno-wave-enforce-court-padel-rojo-2\/\" \/>\n<meta property=\"og:locale\" content=\"en_US\" \/>\n<meta property=\"og:type\" content=\"article\" \/>\n<meta property=\"og:title\" content=\"COMPRAR MIZUNO WAVE ENFORCE COURT 61GB2437 06 ROJO\" \/>\n<meta property=\"og:description\" content=\"Las zapatillas de p\u00e1del Mizuno Wave Enforce Court Rojo destacan por incorporar tecnolog\u00edas innovadoras que optimizan el rendimiento en la pista de p\u00e1del. La tecnolog\u00eda Mizuno Wave es una caracter\u00edstica distintiva, inspirada en la naturaleza, que ofrece una amortiguaci\u00f3n y estabilidad excepcionales en la entresuela. Esta tecnolog\u00eda asegura que cada paso sea firme y c\u00f3modo, permitiendo movimientos r\u00e1pidos y seguros.\" \/>\n<meta property=\"og:url\" content=\"https:\/\/revolutionpadelstore.com\/en\/mizuno-wave-enforce-court-padel-rojo-2\/\" \/>\n<meta property=\"og:site_name\" content=\"Revolution Padel Store\" \/>\n<meta property=\"article:modified_time\" content=\"2026-04-08T09:07:10+00:00\" \/>\n<meta property=\"og:image\" content=\"https:\/\/revolutionpadelstore.com\/wp-content\/uploads\/2024\/08\/MIZUNO-ROJA.jpg\" \/>\n\t<meta property=\"og:image:width\" content=\"900\" \/>\n\t<meta property=\"og:image:height\" content=\"900\" \/>\n\t<meta property=\"og:image:type\" content=\"image\/jpeg\" \/>\n<meta name=\"twitter:card\" content=\"summary_large_image\" \/>\n<meta name=\"twitter:label1\" content=\"Est. reading time\" \/>\n\t<meta name=\"twitter:data1\" content=\"1 minute\" \/>\n<script type=\"application\/ld+json\" class=\"yoast-schema-graph\">{\"@context\":\"https:\\\/\\\/schema.org\",\"@graph\":[{\"@type\":\"WebPage\",\"@id\":\"https:\\\/\\\/revolutionpadelstore.com\\\/en\\\/mizuno-wave-enforce-court-padel-rojo-2\\\/\",\"url\":\"https:\\\/\\\/revolutionpadelstore.com\\\/en\\\/mizuno-wave-enforce-court-padel-rojo-2\\\/\",\"name\":\"MIZUNO WAVE ENFORCE COURT PADEL ROJO - Revolution Padel Store\",\"isPartOf\":{\"@id\":\"https:\\\/\\\/revolutionpadelstore.com\\\/en\\\/#website\"},\"primaryImageOfPage\":{\"@id\":\"https:\\\/\\\/revolutionpadelstore.com\\\/en\\\/mizuno-wave-enforce-court-padel-rojo-2\\\/#primaryimage\"},\"image\":{\"@id\":\"https:\\\/\\\/revolutionpadelstore.com\\\/en\\\/mizuno-wave-enforce-court-padel-rojo-2\\\/#primaryimage\"},\"thumbnailUrl\":\"https:\\\/\\\/revolutionpadelstore.com\\\/wp-content\\\/uploads\\\/2024\\\/08\\\/MIZUNO-ROJA.jpg\",\"datePublished\":\"2024-08-22T11:24:26+00:00\",\"dateModified\":\"2026-04-08T09:07:10+00:00\",\"description\":\"Las zapatillas de p\u00e1del Mizuno Wave Enforce Court Rojo destacan por incorporar tecnolog\u00edas innovadoras que optimizan el rendimiento en la pista de p\u00e1del. La tecnolog\u00eda Mizuno Wave es una caracter\u00edstica distintiva, inspirada en la naturaleza, que ofrece una amortiguaci\u00f3n y estabilidad excepcionales en la entresuela. Esta tecnolog\u00eda asegura que cada paso sea firme y c\u00f3modo, permitiendo movimientos r\u00e1pidos y seguros. El material Mizuno Enerzy, utilizado en la entresuela, se caracteriza por su tacto dleicado y capacidad de rebote. Este material no solo mejora la comodidad del jugador, sino que tambi\u00e9n aumenta la durabilidad del calzado, asegurando un rendimiento \u00f3ptimo durante m\u00e1s tiempo.\",\"breadcrumb\":{\"@id\":\"https:\\\/\\\/revolutionpadelstore.com\\\/en\\\/mizuno-wave-enforce-court-padel-rojo-2\\\/#breadcrumb\"},\"inLanguage\":\"en-US\",\"potentialAction\":[{\"@type\":\"ReadAction\",\"target\":[\"https:\\\/\\\/revolutionpadelstore.com\\\/en\\\/mizuno-wave-enforce-court-padel-rojo-2\\\/\"]}]},{\"@type\":\"ImageObject\",\"inLanguage\":\"en-US\",\"@id\":\"https:\\\/\\\/revolutionpadelstore.com\\\/en\\\/mizuno-wave-enforce-court-padel-rojo-2\\\/#primaryimage\",\"url\":\"https:\\\/\\\/revolutionpadelstore.com\\\/wp-content\\\/uploads\\\/2024\\\/08\\\/MIZUNO-ROJA.jpg\",\"contentUrl\":\"https:\\\/\\\/revolutionpadelstore.com\\\/wp-content\\\/uploads\\\/2024\\\/08\\\/MIZUNO-ROJA.jpg\",\"width\":900,\"height\":900},{\"@type\":\"BreadcrumbList\",\"@id\":\"https:\\\/\\\/revolutionpadelstore.com\\\/en\\\/mizuno-wave-enforce-court-padel-rojo-2\\\/#breadcrumb\",\"itemListElement\":[{\"@type\":\"ListItem\",\"position\":1,\"name\":\"Portada\",\"item\":\"https:\\\/\\\/revolutionpadelstore.com\\\/en\\\/\"},{\"@type\":\"ListItem\",\"position\":2,\"name\":\"Shop\",\"item\":\"https:\\\/\\\/revolutionpadelstore.com\\\/en\\\/shop\\\/\"},{\"@type\":\"ListItem\",\"position\":3,\"name\":\"MIZUNO WAVE ENFORCE COURT PADEL ROJO\"}]},{\"@type\":\"WebSite\",\"@id\":\"https:\\\/\\\/revolutionpadelstore.com\\\/en\\\/#website\",\"url\":\"https:\\\/\\\/revolutionpadelstore.com\\\/en\\\/\",\"name\":\"Revolution Padel Store\",\"description\":\"\",\"publisher\":{\"@id\":\"https:\\\/\\\/revolutionpadelstore.com\\\/en\\\/#organization\"},\"potentialAction\":[{\"@type\":\"SearchAction\",\"target\":{\"@type\":\"EntryPoint\",\"urlTemplate\":\"https:\\\/\\\/revolutionpadelstore.com\\\/en\\\/?s={search_term_string}\"},\"query-input\":{\"@type\":\"PropertyValueSpecification\",\"valueRequired\":true,\"valueName\":\"search_term_string\"}}],\"inLanguage\":\"en-US\"},{\"@type\":\"Organization\",\"@id\":\"https:\\\/\\\/revolutionpadelstore.com\\\/en\\\/#organization\",\"name\":\"Revolution Padel Store\",\"url\":\"https:\\\/\\\/revolutionpadelstore.com\\\/en\\\/\",\"logo\":{\"@type\":\"ImageObject\",\"inLanguage\":\"en-US\",\"@id\":\"https:\\\/\\\/revolutionpadelstore.com\\\/en\\\/#\\\/schema\\\/logo\\\/image\\\/\",\"url\":\"https:\\\/\\\/revolutionpadelstore.com\\\/wp-content\\\/uploads\\\/2026\\\/02\\\/revolution-padel-store.jpg\",\"contentUrl\":\"https:\\\/\\\/revolutionpadelstore.com\\\/wp-content\\\/uploads\\\/2026\\\/02\\\/revolution-padel-store.jpg\",\"width\":2000,\"height\":2000,\"caption\":\"Revolution Padel Store\"},\"image\":{\"@id\":\"https:\\\/\\\/revolutionpadelstore.com\\\/en\\\/#\\\/schema\\\/logo\\\/image\\\/\"},\"sameAs\":[\"https:\\\/\\\/www.instagram.com\\\/revolutionpadelstore\\\/\"]}]}<\/script>\n<!-- \/ Yoast SEO plugin. -->","yoast_head_json":{"title":"MIZUNO WAVE ENFORCE COURT PADEL ROJO - Revolution Padel Store","description":"Las zapatillas de p\u00e1del Mizuno Wave Enforce Court Rojo destacan por incorporar tecnolog\u00edas innovadoras que optimizan el rendimiento en la pista de p\u00e1del. La tecnolog\u00eda Mizuno Wave es una caracter\u00edstica distintiva, inspirada en la naturaleza, que ofrece una amortiguaci\u00f3n y estabilidad excepcionales en la entresuela. Esta tecnolog\u00eda asegura que cada paso sea firme y c\u00f3modo, permitiendo movimientos r\u00e1pidos y seguros. El material Mizuno Enerzy, utilizado en la entresuela, se caracteriza por su tacto dleicado y capacidad de rebote. Este material no solo mejora la comodidad del jugador, sino que tambi\u00e9n aumenta la durabilidad del calzado, asegurando un rendimiento \u00f3ptimo durante m\u00e1s tiempo.","robots":{"index":"index","follow":"follow","max-snippet":"max-snippet:-1","max-image-preview":"max-image-preview:large","max-video-preview":"max-video-preview:-1"},"canonical":"https:\/\/revolutionpadelstore.com\/en\/mizuno-wave-enforce-court-padel-rojo-2\/","og_locale":"en_US","og_type":"article","og_title":"COMPRAR MIZUNO WAVE ENFORCE COURT 61GB2437 06 ROJO","og_description":"Las zapatillas de p\u00e1del Mizuno Wave Enforce Court Rojo destacan por incorporar tecnolog\u00edas innovadoras que optimizan el rendimiento en la pista de p\u00e1del. La tecnolog\u00eda Mizuno Wave es una caracter\u00edstica distintiva, inspirada en la naturaleza, que ofrece una amortiguaci\u00f3n y estabilidad excepcionales en la entresuela. Esta tecnolog\u00eda asegura que cada paso sea firme y c\u00f3modo, permitiendo movimientos r\u00e1pidos y seguros.","og_url":"https:\/\/revolutionpadelstore.com\/en\/mizuno-wave-enforce-court-padel-rojo-2\/","og_site_name":"Revolution Padel Store","article_modified_time":"2026-04-08T09:07:10+00:00","og_image":[{"width":900,"height":900,"url":"https:\/\/revolutionpadelstore.com\/wp-content\/uploads\/2024\/08\/MIZUNO-ROJA.jpg","type":"image\/jpeg"}],"twitter_card":"summary_large_image","twitter_misc":{"Est. reading time":"1 minute"},"schema":{"@context":"https:\/\/schema.org","@graph":[{"@type":"WebPage","@id":"https:\/\/revolutionpadelstore.com\/en\/mizuno-wave-enforce-court-padel-rojo-2\/","url":"https:\/\/revolutionpadelstore.com\/en\/mizuno-wave-enforce-court-padel-rojo-2\/","name":"MIZUNO WAVE ENFORCE COURT PADEL ROJO - Revolution Padel Store","isPartOf":{"@id":"https:\/\/revolutionpadelstore.com\/en\/#website"},"primaryImageOfPage":{"@id":"https:\/\/revolutionpadelstore.com\/en\/mizuno-wave-enforce-court-padel-rojo-2\/#primaryimage"},"image":{"@id":"https:\/\/revolutionpadelstore.com\/en\/mizuno-wave-enforce-court-padel-rojo-2\/#primaryimage"},"thumbnailUrl":"https:\/\/revolutionpadelstore.com\/wp-content\/uploads\/2024\/08\/MIZUNO-ROJA.jpg","datePublished":"2024-08-22T11:24:26+00:00","dateModified":"2026-04-08T09:07:10+00:00","description":"Las zapatillas de p\u00e1del Mizuno Wave Enforce Court Rojo destacan por incorporar tecnolog\u00edas innovadoras que optimizan el rendimiento en la pista de p\u00e1del. La tecnolog\u00eda Mizuno Wave es una caracter\u00edstica distintiva, inspirada en la naturaleza, que ofrece una amortiguaci\u00f3n y estabilidad excepcionales en la entresuela. Esta tecnolog\u00eda asegura que cada paso sea firme y c\u00f3modo, permitiendo movimientos r\u00e1pidos y seguros. El material Mizuno Enerzy, utilizado en la entresuela, se caracteriza por su tacto dleicado y capacidad de rebote. Este material no solo mejora la comodidad del jugador, sino que tambi\u00e9n aumenta la durabilidad del calzado, asegurando un rendimiento \u00f3ptimo durante m\u00e1s tiempo.","breadcrumb":{"@id":"https:\/\/revolutionpadelstore.com\/en\/mizuno-wave-enforce-court-padel-rojo-2\/#breadcrumb"},"inLanguage":"en-US","potentialAction":[{"@type":"ReadAction","target":["https:\/\/revolutionpadelstore.com\/en\/mizuno-wave-enforce-court-padel-rojo-2\/"]}]},{"@type":"ImageObject","inLanguage":"en-US","@id":"https:\/\/revolutionpadelstore.com\/en\/mizuno-wave-enforce-court-padel-rojo-2\/#primaryimage","url":"https:\/\/revolutionpadelstore.com\/wp-content\/uploads\/2024\/08\/MIZUNO-ROJA.jpg","contentUrl":"https:\/\/revolutionpadelstore.com\/wp-content\/uploads\/2024\/08\/MIZUNO-ROJA.jpg","width":900,"height":900},{"@type":"BreadcrumbList","@id":"https:\/\/revolutionpadelstore.com\/en\/mizuno-wave-enforce-court-padel-rojo-2\/#breadcrumb","itemListElement":[{"@type":"ListItem","position":1,"name":"Portada","item":"https:\/\/revolutionpadelstore.com\/en\/"},{"@type":"ListItem","position":2,"name":"Shop","item":"https:\/\/revolutionpadelstore.com\/en\/shop\/"},{"@type":"ListItem","position":3,"name":"MIZUNO WAVE ENFORCE COURT PADEL ROJO"}]},{"@type":"WebSite","@id":"https:\/\/revolutionpadelstore.com\/en\/#website","url":"https:\/\/revolutionpadelstore.com\/en\/","name":"Revolution Padel Store","description":"","publisher":{"@id":"https:\/\/revolutionpadelstore.com\/en\/#organization"},"potentialAction":[{"@type":"SearchAction","target":{"@type":"EntryPoint","urlTemplate":"https:\/\/revolutionpadelstore.com\/en\/?s={search_term_string}"},"query-input":{"@type":"PropertyValueSpecification","valueRequired":true,"valueName":"search_term_string"}}],"inLanguage":"en-US"},{"@type":"Organization","@id":"https:\/\/revolutionpadelstore.com\/en\/#organization","name":"Revolution Padel Store","url":"https:\/\/revolutionpadelstore.com\/en\/","logo":{"@type":"ImageObject","inLanguage":"en-US","@id":"https:\/\/revolutionpadelstore.com\/en\/#\/schema\/logo\/image\/","url":"https:\/\/revolutionpadelstore.com\/wp-content\/uploads\/2026\/02\/revolution-padel-store.jpg","contentUrl":"https:\/\/revolutionpadelstore.com\/wp-content\/uploads\/2026\/02\/revolution-padel-store.jpg","width":2000,"height":2000,"caption":"Revolution Padel Store"},"image":{"@id":"https:\/\/revolutionpadelstore.com\/en\/#\/schema\/logo\/image\/"},"sameAs":["https:\/\/www.instagram.com\/revolutionpadelstore\/"]}]}},"_links":{"self":[{"href":"https:\/\/revolutionpadelstore.com\/en\/wp-json\/wp\/v2\/product\/72937","targetHints":{"allow":["GET"]}}],"collection":[{"href":"https:\/\/revolutionpadelstore.com\/en\/wp-json\/wp\/v2\/product"}],"about":[{"href":"https:\/\/revolutionpadelstore.com\/en\/wp-json\/wp\/v2\/types\/product"}],"replies":[{"embeddable":true,"href":"https:\/\/revolutionpadelstore.com\/en\/wp-json\/wp\/v2\/comments?post=72937"}],"wp:featuredmedia":[{"embeddable":true,"href":"https:\/\/revolutionpadelstore.com\/en\/wp-json\/wp\/v2\/media\/62788"}],"wp:attachment":[{"href":"https:\/\/revolutionpadelstore.com\/en\/wp-json\/wp\/v2\/media?parent=72937"}],"wp:term":[{"taxonomy":"acabado","embeddable":true,"href":"https:\/\/revolutionpadelstore.com\/en\/wp-json\/wp\/v2\/acabado?post=72937"},{"taxonomy":"balance","embeddable":true,"href":"https:\/\/revolutionpadelstore.com\/en\/wp-json\/wp\/v2\/balance?post=72937"},{"taxonomy":"dureza","embeddable":true,"href":"https:\/\/revolutionpadelstore.com\/en\/wp-json\/wp\/v2\/dureza?post=72937"},{"taxonomy":"forma","embeddable":true,"href":"https:\/\/revolutionpadelstore.com\/en\/wp-json\/wp\/v2\/forma?post=72937"},{"taxonomy":"jugador","embeddable":true,"href":"https:\/\/revolutionpadelstore.com\/en\/wp-json\/wp\/v2\/jugador?post=72937"},{"taxonomy":"marca","embeddable":true,"href":"https:\/\/revolutionpadelstore.com\/en\/wp-json\/wp\/v2\/marca?post=72937"},{"taxonomy":"nivel-de-juego","embeddable":true,"href":"https:\/\/revolutionpadelstore.com\/en\/wp-json\/wp\/v2\/nivel-de-juego?post=72937"},{"taxonomy":"superficie","embeddable":true,"href":"https:\/\/revolutionpadelstore.com\/en\/wp-json\/wp\/v2\/superficie?post=72937"},{"taxonomy":"tipo-de-juego","embeddable":true,"href":"https:\/\/revolutionpadelstore.com\/en\/wp-json\/wp\/v2\/tipo-de-juego?post=72937"},{"taxonomy":"product_brand","embeddable":true,"href":"https:\/\/revolutionpadelstore.com\/en\/wp-json\/wp\/v2\/product_brand?post=72937"},{"taxonomy":"product_cat","embeddable":true,"href":"https:\/\/revolutionpadelstore.com\/en\/wp-json\/wp\/v2\/product_cat?post=72937"},{"taxonomy":"product_tag","embeddable":true,"href":"https:\/\/revolutionpadelstore.com\/en\/wp-json\/wp\/v2\/product_tag?post=72937"}],"curies":[{"name":"wp","href":"https:\/\/api.w.org\/{rel}","templated":true}]}}