{"id":72927,"date":"2024-08-22T17:21:49","date_gmt":"2024-08-22T15:21:49","guid":{"rendered":"https:\/\/revolutionpadelstore.com\/mizuno-wave-exceed-tour-6-cc-61gc2475-45-blanco-mujer\/"},"modified":"2026-04-08T11:04:04","modified_gmt":"2026-04-08T09:04:04","slug":"mizuno-wave-exceed-tour-6-cc-blanco-mujer-2","status":"publish","type":"product","link":"https:\/\/revolutionpadelstore.com\/en\/mizuno-wave-exceed-tour-6-cc-blanco-mujer-2\/","title":{"rendered":"MIZUNO WAVE EXCEED TOUR 6 CC BLANCO MUJER"},"content":{"rendered":"<h2>Mizuno Wave Exceed Tour 6 CC White Women, responsiveness<\/h2>\n<p>The <strong>Wave Exceed Tour 6 CC women&#8217;s padel shoes<\/strong> in white from Mizuno are the ideal model for those padel players who are looking for a light and resistant shoe that gives them extra speed and versatility in the clue.<\/p>\n<p>The sole, <strong>suitable for all types of surfaces<\/strong>, includes flex grooves that promote dynamism and improve the ability to adapt on the playing field. This way, you will feel incredible sensations of grip and traction on any track.<\/p>\n<p>In the mid-foot area it has a diagonal D-Flex Groove, which allows the player to make changes of direction and smoother, more natural turns.<\/p>\n<h3>Breathability and freshness<\/h3>\n<p>The upper part has been made with a combination of breathable and soft mesh with a resistant and flexible TPU mesh, which allows a perfect <strong>adaptation to the shape and movement of the foot<\/strong>. Thanks to the 3D-SOLID technology in the upper, unprecedented softness and breathability is achieved. The Dyna-Eyelet Wrap lacing system wraps the foot for optimal support.<\/p>\n<p>The midsole, for its part, incorporates <em>Enerzy<\/em> technology, which provides optimal energy return and cushioning for an unprecedented feeling of comfort and responsiveness. The <em>Wave<\/em> technology manages to increase the level of cushioning with each step, by dispersing the force of the impact. In addition, the PoWnCe material provides durability, comfort and lightness.<\/p>\n<h2>Mizuno Wave Exceed Tour 6 CC Blanco Mujer, capacidad de reacci\u00f3n<\/h2>\n","protected":false},"excerpt":{"rendered":"<p>Mizuno Wave Exceed Tour 6 CC White women&#8217;s shoe, with a sole suitable for any surface. Soft, flexible and breathable upper that promotes a feeling of freshness.<\/p>\n","protected":false},"featured_media":62464,"comment_status":"open","ping_status":"closed","template":"","meta":{"_acf_changed":false,"_joinchat":[]},"acabado":[],"balance":[],"dureza":[],"forma":[],"jugador":[1198],"marca":[1333],"nivel-de-juego":[],"superficie":[],"tipo-de-juego":[],"product_brand":[],"product_cat":[457],"product_tag":[],"class_list":{"0":"post-72927","1":"product","2":"type-product","3":"status-publish","4":"has-post-thumbnail","6":"jugador-woman","7":"marca-mizuno-en","8":"product_cat-womens-sneakers","10":"first","11":"instock","12":"sale","13":"taxable","14":"shipping-taxable","15":"purchasable","16":"product-type-variable","17":"has-default-attributes"},"acf":[],"yoast_head":"<!-- This site is optimized with the Yoast SEO plugin v27.4 - https:\/\/yoast.com\/product\/yoast-seo-wordpress\/ -->\n<title>MIZUNO WAVE EXCEED TOUR 6 CC BLANCO MUJER - Revolution Padel Store<\/title>\n<meta name=\"description\" content=\"Las zapatillas de p\u00e1del para mujer Wave Exceed Tour 6 CC en color blanco de Mizuno son el modelo ideal para aquellas jugadoras de p\u00e1del que buscan un calzado ligero y resistente que les conceda un plus de velocidad y versatilidad en la pista.La suela, apta para todo tipo de superficies, incluye unos surcos de flexi\u00f3n que favorecen el dinamismo y mejoran la capacidad de adaptaci\u00f3n en el terreno de juego. De esta manera, sentir\u00e1s unas incre\u00edbles sensaciones de agarre y tracci\u00f3n cualquier pista.\" \/>\n<meta name=\"robots\" content=\"index, follow, max-snippet:-1, max-image-preview:large, max-video-preview:-1\" \/>\n<link rel=\"canonical\" href=\"https:\/\/revolutionpadelstore.com\/en\/mizuno-wave-exceed-tour-6-cc-blanco-mujer-2\/\" \/>\n<meta property=\"og:locale\" content=\"en_US\" \/>\n<meta property=\"og:type\" content=\"article\" \/>\n<meta property=\"og:title\" content=\"COMPRAR MIZUNO WAVE EXCEED TOUR 6 CC 61GC2475 45 BLANCO MUJER\" \/>\n<meta property=\"og:description\" content=\"Zapatilla para mujer Mizuno Wave Exceed Tour 6 CC Blanco, con una suela apta para cualquier superficie. Parte superior suave, flexible y transpirable que favorece una sensaci\u00f3n de frescura.\" \/>\n<meta property=\"og:url\" content=\"https:\/\/revolutionpadelstore.com\/en\/mizuno-wave-exceed-tour-6-cc-blanco-mujer-2\/\" \/>\n<meta property=\"og:site_name\" content=\"Revolution Padel Store\" \/>\n<meta property=\"article:modified_time\" content=\"2026-04-08T09:04:04+00:00\" \/>\n<meta property=\"og:image\" content=\"https:\/\/revolutionpadelstore.com\/wp-content\/uploads\/2024\/08\/111984_zapatillas_mizuno_wave_exceed_tour_6_cc_61gc2475_45_mujer_1000x1000_1_ed46.webp\" \/>\n\t<meta property=\"og:image:width\" content=\"1000\" \/>\n\t<meta property=\"og:image:height\" content=\"1000\" \/>\n\t<meta property=\"og:image:type\" content=\"image\/webp\" \/>\n<meta name=\"twitter:card\" content=\"summary_large_image\" \/>\n<meta name=\"twitter:label1\" content=\"Est. reading time\" \/>\n\t<meta name=\"twitter:data1\" content=\"2 minutes\" \/>\n<script type=\"application\/ld+json\" class=\"yoast-schema-graph\">{\"@context\":\"https:\\\/\\\/schema.org\",\"@graph\":[{\"@type\":\"WebPage\",\"@id\":\"https:\\\/\\\/revolutionpadelstore.com\\\/en\\\/mizuno-wave-exceed-tour-6-cc-blanco-mujer-2\\\/\",\"url\":\"https:\\\/\\\/revolutionpadelstore.com\\\/en\\\/mizuno-wave-exceed-tour-6-cc-blanco-mujer-2\\\/\",\"name\":\"MIZUNO WAVE EXCEED TOUR 6 CC BLANCO MUJER - Revolution Padel Store\",\"isPartOf\":{\"@id\":\"https:\\\/\\\/revolutionpadelstore.com\\\/en\\\/#website\"},\"primaryImageOfPage\":{\"@id\":\"https:\\\/\\\/revolutionpadelstore.com\\\/en\\\/mizuno-wave-exceed-tour-6-cc-blanco-mujer-2\\\/#primaryimage\"},\"image\":{\"@id\":\"https:\\\/\\\/revolutionpadelstore.com\\\/en\\\/mizuno-wave-exceed-tour-6-cc-blanco-mujer-2\\\/#primaryimage\"},\"thumbnailUrl\":\"https:\\\/\\\/revolutionpadelstore.com\\\/wp-content\\\/uploads\\\/2024\\\/08\\\/111984_zapatillas_mizuno_wave_exceed_tour_6_cc_61gc2475_45_mujer_1000x1000_1_ed46.webp\",\"datePublished\":\"2024-08-22T15:21:49+00:00\",\"dateModified\":\"2026-04-08T09:04:04+00:00\",\"description\":\"Las zapatillas de p\u00e1del para mujer Wave Exceed Tour 6 CC en color blanco de Mizuno son el modelo ideal para aquellas jugadoras de p\u00e1del que buscan un calzado ligero y resistente que les conceda un plus de velocidad y versatilidad en la pista.La suela, apta para todo tipo de superficies, incluye unos surcos de flexi\u00f3n que favorecen el dinamismo y mejoran la capacidad de adaptaci\u00f3n en el terreno de juego. De esta manera, sentir\u00e1s unas incre\u00edbles sensaciones de agarre y tracci\u00f3n cualquier pista.\",\"breadcrumb\":{\"@id\":\"https:\\\/\\\/revolutionpadelstore.com\\\/en\\\/mizuno-wave-exceed-tour-6-cc-blanco-mujer-2\\\/#breadcrumb\"},\"inLanguage\":\"en-US\",\"potentialAction\":[{\"@type\":\"ReadAction\",\"target\":[\"https:\\\/\\\/revolutionpadelstore.com\\\/en\\\/mizuno-wave-exceed-tour-6-cc-blanco-mujer-2\\\/\"]}]},{\"@type\":\"ImageObject\",\"inLanguage\":\"en-US\",\"@id\":\"https:\\\/\\\/revolutionpadelstore.com\\\/en\\\/mizuno-wave-exceed-tour-6-cc-blanco-mujer-2\\\/#primaryimage\",\"url\":\"https:\\\/\\\/revolutionpadelstore.com\\\/wp-content\\\/uploads\\\/2024\\\/08\\\/111984_zapatillas_mizuno_wave_exceed_tour_6_cc_61gc2475_45_mujer_1000x1000_1_ed46.webp\",\"contentUrl\":\"https:\\\/\\\/revolutionpadelstore.com\\\/wp-content\\\/uploads\\\/2024\\\/08\\\/111984_zapatillas_mizuno_wave_exceed_tour_6_cc_61gc2475_45_mujer_1000x1000_1_ed46.webp\",\"width\":1000,\"height\":1000},{\"@type\":\"BreadcrumbList\",\"@id\":\"https:\\\/\\\/revolutionpadelstore.com\\\/en\\\/mizuno-wave-exceed-tour-6-cc-blanco-mujer-2\\\/#breadcrumb\",\"itemListElement\":[{\"@type\":\"ListItem\",\"position\":1,\"name\":\"Portada\",\"item\":\"https:\\\/\\\/revolutionpadelstore.com\\\/en\\\/\"},{\"@type\":\"ListItem\",\"position\":2,\"name\":\"Shop\",\"item\":\"https:\\\/\\\/revolutionpadelstore.com\\\/en\\\/shop\\\/\"},{\"@type\":\"ListItem\",\"position\":3,\"name\":\"MIZUNO WAVE EXCEED TOUR 6 CC BLANCO MUJER\"}]},{\"@type\":\"WebSite\",\"@id\":\"https:\\\/\\\/revolutionpadelstore.com\\\/en\\\/#website\",\"url\":\"https:\\\/\\\/revolutionpadelstore.com\\\/en\\\/\",\"name\":\"Revolution Padel Store\",\"description\":\"\",\"publisher\":{\"@id\":\"https:\\\/\\\/revolutionpadelstore.com\\\/en\\\/#organization\"},\"potentialAction\":[{\"@type\":\"SearchAction\",\"target\":{\"@type\":\"EntryPoint\",\"urlTemplate\":\"https:\\\/\\\/revolutionpadelstore.com\\\/en\\\/?s={search_term_string}\"},\"query-input\":{\"@type\":\"PropertyValueSpecification\",\"valueRequired\":true,\"valueName\":\"search_term_string\"}}],\"inLanguage\":\"en-US\"},{\"@type\":\"Organization\",\"@id\":\"https:\\\/\\\/revolutionpadelstore.com\\\/en\\\/#organization\",\"name\":\"Revolution Padel Store\",\"url\":\"https:\\\/\\\/revolutionpadelstore.com\\\/en\\\/\",\"logo\":{\"@type\":\"ImageObject\",\"inLanguage\":\"en-US\",\"@id\":\"https:\\\/\\\/revolutionpadelstore.com\\\/en\\\/#\\\/schema\\\/logo\\\/image\\\/\",\"url\":\"https:\\\/\\\/revolutionpadelstore.com\\\/wp-content\\\/uploads\\\/2026\\\/02\\\/revolution-padel-store.jpg\",\"contentUrl\":\"https:\\\/\\\/revolutionpadelstore.com\\\/wp-content\\\/uploads\\\/2026\\\/02\\\/revolution-padel-store.jpg\",\"width\":2000,\"height\":2000,\"caption\":\"Revolution Padel Store\"},\"image\":{\"@id\":\"https:\\\/\\\/revolutionpadelstore.com\\\/en\\\/#\\\/schema\\\/logo\\\/image\\\/\"},\"sameAs\":[\"https:\\\/\\\/www.instagram.com\\\/revolutionpadelstore\\\/\"]}]}<\/script>\n<!-- \/ Yoast SEO plugin. -->","yoast_head_json":{"title":"MIZUNO WAVE EXCEED TOUR 6 CC BLANCO MUJER - Revolution Padel Store","description":"Las zapatillas de p\u00e1del para mujer Wave Exceed Tour 6 CC en color blanco de Mizuno son el modelo ideal para aquellas jugadoras de p\u00e1del que buscan un calzado ligero y resistente que les conceda un plus de velocidad y versatilidad en la pista.La suela, apta para todo tipo de superficies, incluye unos surcos de flexi\u00f3n que favorecen el dinamismo y mejoran la capacidad de adaptaci\u00f3n en el terreno de juego. De esta manera, sentir\u00e1s unas incre\u00edbles sensaciones de agarre y tracci\u00f3n cualquier pista.","robots":{"index":"index","follow":"follow","max-snippet":"max-snippet:-1","max-image-preview":"max-image-preview:large","max-video-preview":"max-video-preview:-1"},"canonical":"https:\/\/revolutionpadelstore.com\/en\/mizuno-wave-exceed-tour-6-cc-blanco-mujer-2\/","og_locale":"en_US","og_type":"article","og_title":"COMPRAR MIZUNO WAVE EXCEED TOUR 6 CC 61GC2475 45 BLANCO MUJER","og_description":"Zapatilla para mujer Mizuno Wave Exceed Tour 6 CC Blanco, con una suela apta para cualquier superficie. Parte superior suave, flexible y transpirable que favorece una sensaci\u00f3n de frescura.","og_url":"https:\/\/revolutionpadelstore.com\/en\/mizuno-wave-exceed-tour-6-cc-blanco-mujer-2\/","og_site_name":"Revolution Padel Store","article_modified_time":"2026-04-08T09:04:04+00:00","og_image":[{"width":1000,"height":1000,"url":"https:\/\/revolutionpadelstore.com\/wp-content\/uploads\/2024\/08\/111984_zapatillas_mizuno_wave_exceed_tour_6_cc_61gc2475_45_mujer_1000x1000_1_ed46.webp","type":"image\/webp"}],"twitter_card":"summary_large_image","twitter_misc":{"Est. reading time":"2 minutes"},"schema":{"@context":"https:\/\/schema.org","@graph":[{"@type":"WebPage","@id":"https:\/\/revolutionpadelstore.com\/en\/mizuno-wave-exceed-tour-6-cc-blanco-mujer-2\/","url":"https:\/\/revolutionpadelstore.com\/en\/mizuno-wave-exceed-tour-6-cc-blanco-mujer-2\/","name":"MIZUNO WAVE EXCEED TOUR 6 CC BLANCO MUJER - Revolution Padel Store","isPartOf":{"@id":"https:\/\/revolutionpadelstore.com\/en\/#website"},"primaryImageOfPage":{"@id":"https:\/\/revolutionpadelstore.com\/en\/mizuno-wave-exceed-tour-6-cc-blanco-mujer-2\/#primaryimage"},"image":{"@id":"https:\/\/revolutionpadelstore.com\/en\/mizuno-wave-exceed-tour-6-cc-blanco-mujer-2\/#primaryimage"},"thumbnailUrl":"https:\/\/revolutionpadelstore.com\/wp-content\/uploads\/2024\/08\/111984_zapatillas_mizuno_wave_exceed_tour_6_cc_61gc2475_45_mujer_1000x1000_1_ed46.webp","datePublished":"2024-08-22T15:21:49+00:00","dateModified":"2026-04-08T09:04:04+00:00","description":"Las zapatillas de p\u00e1del para mujer Wave Exceed Tour 6 CC en color blanco de Mizuno son el modelo ideal para aquellas jugadoras de p\u00e1del que buscan un calzado ligero y resistente que les conceda un plus de velocidad y versatilidad en la pista.La suela, apta para todo tipo de superficies, incluye unos surcos de flexi\u00f3n que favorecen el dinamismo y mejoran la capacidad de adaptaci\u00f3n en el terreno de juego. De esta manera, sentir\u00e1s unas incre\u00edbles sensaciones de agarre y tracci\u00f3n cualquier pista.","breadcrumb":{"@id":"https:\/\/revolutionpadelstore.com\/en\/mizuno-wave-exceed-tour-6-cc-blanco-mujer-2\/#breadcrumb"},"inLanguage":"en-US","potentialAction":[{"@type":"ReadAction","target":["https:\/\/revolutionpadelstore.com\/en\/mizuno-wave-exceed-tour-6-cc-blanco-mujer-2\/"]}]},{"@type":"ImageObject","inLanguage":"en-US","@id":"https:\/\/revolutionpadelstore.com\/en\/mizuno-wave-exceed-tour-6-cc-blanco-mujer-2\/#primaryimage","url":"https:\/\/revolutionpadelstore.com\/wp-content\/uploads\/2024\/08\/111984_zapatillas_mizuno_wave_exceed_tour_6_cc_61gc2475_45_mujer_1000x1000_1_ed46.webp","contentUrl":"https:\/\/revolutionpadelstore.com\/wp-content\/uploads\/2024\/08\/111984_zapatillas_mizuno_wave_exceed_tour_6_cc_61gc2475_45_mujer_1000x1000_1_ed46.webp","width":1000,"height":1000},{"@type":"BreadcrumbList","@id":"https:\/\/revolutionpadelstore.com\/en\/mizuno-wave-exceed-tour-6-cc-blanco-mujer-2\/#breadcrumb","itemListElement":[{"@type":"ListItem","position":1,"name":"Portada","item":"https:\/\/revolutionpadelstore.com\/en\/"},{"@type":"ListItem","position":2,"name":"Shop","item":"https:\/\/revolutionpadelstore.com\/en\/shop\/"},{"@type":"ListItem","position":3,"name":"MIZUNO WAVE EXCEED TOUR 6 CC BLANCO MUJER"}]},{"@type":"WebSite","@id":"https:\/\/revolutionpadelstore.com\/en\/#website","url":"https:\/\/revolutionpadelstore.com\/en\/","name":"Revolution Padel Store","description":"","publisher":{"@id":"https:\/\/revolutionpadelstore.com\/en\/#organization"},"potentialAction":[{"@type":"SearchAction","target":{"@type":"EntryPoint","urlTemplate":"https:\/\/revolutionpadelstore.com\/en\/?s={search_term_string}"},"query-input":{"@type":"PropertyValueSpecification","valueRequired":true,"valueName":"search_term_string"}}],"inLanguage":"en-US"},{"@type":"Organization","@id":"https:\/\/revolutionpadelstore.com\/en\/#organization","name":"Revolution Padel Store","url":"https:\/\/revolutionpadelstore.com\/en\/","logo":{"@type":"ImageObject","inLanguage":"en-US","@id":"https:\/\/revolutionpadelstore.com\/en\/#\/schema\/logo\/image\/","url":"https:\/\/revolutionpadelstore.com\/wp-content\/uploads\/2026\/02\/revolution-padel-store.jpg","contentUrl":"https:\/\/revolutionpadelstore.com\/wp-content\/uploads\/2026\/02\/revolution-padel-store.jpg","width":2000,"height":2000,"caption":"Revolution Padel Store"},"image":{"@id":"https:\/\/revolutionpadelstore.com\/en\/#\/schema\/logo\/image\/"},"sameAs":["https:\/\/www.instagram.com\/revolutionpadelstore\/"]}]}},"_links":{"self":[{"href":"https:\/\/revolutionpadelstore.com\/en\/wp-json\/wp\/v2\/product\/72927","targetHints":{"allow":["GET"]}}],"collection":[{"href":"https:\/\/revolutionpadelstore.com\/en\/wp-json\/wp\/v2\/product"}],"about":[{"href":"https:\/\/revolutionpadelstore.com\/en\/wp-json\/wp\/v2\/types\/product"}],"replies":[{"embeddable":true,"href":"https:\/\/revolutionpadelstore.com\/en\/wp-json\/wp\/v2\/comments?post=72927"}],"wp:featuredmedia":[{"embeddable":true,"href":"https:\/\/revolutionpadelstore.com\/en\/wp-json\/wp\/v2\/media\/62464"}],"wp:attachment":[{"href":"https:\/\/revolutionpadelstore.com\/en\/wp-json\/wp\/v2\/media?parent=72927"}],"wp:term":[{"taxonomy":"acabado","embeddable":true,"href":"https:\/\/revolutionpadelstore.com\/en\/wp-json\/wp\/v2\/acabado?post=72927"},{"taxonomy":"balance","embeddable":true,"href":"https:\/\/revolutionpadelstore.com\/en\/wp-json\/wp\/v2\/balance?post=72927"},{"taxonomy":"dureza","embeddable":true,"href":"https:\/\/revolutionpadelstore.com\/en\/wp-json\/wp\/v2\/dureza?post=72927"},{"taxonomy":"forma","embeddable":true,"href":"https:\/\/revolutionpadelstore.com\/en\/wp-json\/wp\/v2\/forma?post=72927"},{"taxonomy":"jugador","embeddable":true,"href":"https:\/\/revolutionpadelstore.com\/en\/wp-json\/wp\/v2\/jugador?post=72927"},{"taxonomy":"marca","embeddable":true,"href":"https:\/\/revolutionpadelstore.com\/en\/wp-json\/wp\/v2\/marca?post=72927"},{"taxonomy":"nivel-de-juego","embeddable":true,"href":"https:\/\/revolutionpadelstore.com\/en\/wp-json\/wp\/v2\/nivel-de-juego?post=72927"},{"taxonomy":"superficie","embeddable":true,"href":"https:\/\/revolutionpadelstore.com\/en\/wp-json\/wp\/v2\/superficie?post=72927"},{"taxonomy":"tipo-de-juego","embeddable":true,"href":"https:\/\/revolutionpadelstore.com\/en\/wp-json\/wp\/v2\/tipo-de-juego?post=72927"},{"taxonomy":"product_brand","embeddable":true,"href":"https:\/\/revolutionpadelstore.com\/en\/wp-json\/wp\/v2\/product_brand?post=72927"},{"taxonomy":"product_cat","embeddable":true,"href":"https:\/\/revolutionpadelstore.com\/en\/wp-json\/wp\/v2\/product_cat?post=72927"},{"taxonomy":"product_tag","embeddable":true,"href":"https:\/\/revolutionpadelstore.com\/en\/wp-json\/wp\/v2\/product_tag?post=72927"}],"curies":[{"name":"wp","href":"https:\/\/api.w.org\/{rel}","templated":true}]}}