{"id":72922,"date":"2024-08-22T17:39:45","date_gmt":"2024-08-22T15:39:45","guid":{"rendered":"https:\/\/revolutionpadelstore.com\/cajon-pelotas-wilson-premier-padel\/"},"modified":"2026-04-08T11:03:38","modified_gmt":"2026-04-08T09:03:38","slug":"cajon-pelotas-wilson-premier-padel-2","status":"publish","type":"product","link":"https:\/\/revolutionpadelstore.com\/en\/cajon-pelotas-wilson-premier-padel-2\/","title":{"rendered":"CAJON PELOTAS WILSON PREMIER PADEL"},"content":{"rendered":"<p>The new <a href=\"https:\/\/www.padeliberico.es\/pelotas-padel-wilson\"><strong>Wilson balls<\/strong> <\/a>Premier Padel are designed for the Premier Padel circuit, as its name indicates. These professional balls are the best available on the market today, manufactured by Wilson with the most demanding quality standards.<\/p>\n<p>Among its characteristics to highlight, we have durability. Designed to last longer without losing performance, perfect for players looking for resistance and consistency.<\/p>\n<p><strong>Quantity:<\/strong> The box includes 24 cans, each with 3 balls, totaling 72 balls.<\/p>\n","protected":false},"excerpt":{"rendered":"<p>The new Wilson balls Premier Padel are designed for the Premier Padel circuit, as its name indicates. These professional balls are the best available on the market today, manufactured by Wilson with the most demanding quality standards. Among its characteristics to highlight, we have durability. Designed to last longer without losing performance, perfect for players [&hellip;]<\/p>\n","protected":false},"featured_media":62495,"comment_status":"open","ping_status":"closed","template":"","meta":{"_acf_changed":false,"_joinchat":[]},"acabado":[],"balance":[],"dureza":[],"forma":[],"jugador":[],"marca":[1268],"nivel-de-juego":[],"superficie":[],"tipo-de-juego":[],"product_brand":[],"product_cat":[607],"product_tag":[],"class_list":{"0":"post-72922","1":"product","2":"type-product","3":"status-publish","4":"has-post-thumbnail","6":"marca-wilson-en","7":"product_cat-balls","9":"first","10":"outofstock","11":"sale","12":"taxable","13":"shipping-taxable","14":"purchasable","15":"product-type-simple"},"acf":[],"yoast_head":"<!-- This site is optimized with the Yoast SEO plugin v27.4 - https:\/\/yoast.com\/product\/yoast-seo-wordpress\/ -->\n<title>CAJON PELOTAS WILSON PREMIER PADEL - Revolution Padel Store<\/title>\n<meta name=\"description\" content=\"Ya tenemos por aqu\u00ed, las que ser\u00e1n claramente unas de las mejores pelotas de p\u00e1del para los jugadores profesionales. Las nuevas pelotas Wilson Premier Padel est\u00e1n dise\u00f1adas para el circuito Premier Padel, como su nombre nos indica. Estas pelotas profesionales son de lo mejor disponible a d\u00eda de hoy en el mercado, fabricadas por Wilson con los est\u00e1ndares de calidad m\u00e1s exigentes.\" \/>\n<meta name=\"robots\" content=\"index, follow, max-snippet:-1, max-image-preview:large, max-video-preview:-1\" \/>\n<link rel=\"canonical\" href=\"https:\/\/revolutionpadelstore.com\/en\/cajon-pelotas-wilson-premier-padel-2\/\" \/>\n<meta property=\"og:locale\" content=\"en_US\" \/>\n<meta property=\"og:type\" content=\"article\" \/>\n<meta property=\"og:title\" content=\"COMPRAR CAJON PELOTAS WILSON PREMIER PADEL\" \/>\n<meta property=\"og:description\" content=\"Ya tenemos por aqu\u00ed, las que ser\u00e1n claramente unas de las mejores pelotas de p\u00e1del para los jugadores profesionales. Las nuevas pelotas Wilson Premier Padel est\u00e1n dise\u00f1adas para el circuito Premier Padel, como su nombre nos indica. Estas pelotas profesionales son de lo mejor disponible a d\u00eda de hoy en el mercado, fabricadas por Wilson con los est\u00e1ndares de calidad m\u00e1s exigentes.\" \/>\n<meta property=\"og:url\" content=\"https:\/\/revolutionpadelstore.com\/en\/cajon-pelotas-wilson-premier-padel-2\/\" \/>\n<meta property=\"og:site_name\" content=\"Revolution Padel Store\" \/>\n<meta property=\"article:modified_time\" content=\"2026-04-08T09:03:38+00:00\" \/>\n<meta property=\"og:image\" content=\"https:\/\/revolutionpadelstore.com\/wp-content\/uploads\/2024\/08\/cajon-pelotas-wilson-premier-padel.jpg\" \/>\n\t<meta property=\"og:image:width\" content=\"800\" \/>\n\t<meta property=\"og:image:height\" content=\"800\" \/>\n\t<meta property=\"og:image:type\" content=\"image\/jpeg\" \/>\n<meta name=\"twitter:card\" content=\"summary_large_image\" \/>\n<meta name=\"twitter:label1\" content=\"Est. reading time\" \/>\n\t<meta name=\"twitter:data1\" content=\"1 minute\" \/>\n<script type=\"application\/ld+json\" class=\"yoast-schema-graph\">{\"@context\":\"https:\\\/\\\/schema.org\",\"@graph\":[{\"@type\":\"WebPage\",\"@id\":\"https:\\\/\\\/revolutionpadelstore.com\\\/en\\\/cajon-pelotas-wilson-premier-padel-2\\\/\",\"url\":\"https:\\\/\\\/revolutionpadelstore.com\\\/en\\\/cajon-pelotas-wilson-premier-padel-2\\\/\",\"name\":\"CAJON PELOTAS WILSON PREMIER PADEL - Revolution Padel Store\",\"isPartOf\":{\"@id\":\"https:\\\/\\\/revolutionpadelstore.com\\\/en\\\/#website\"},\"primaryImageOfPage\":{\"@id\":\"https:\\\/\\\/revolutionpadelstore.com\\\/en\\\/cajon-pelotas-wilson-premier-padel-2\\\/#primaryimage\"},\"image\":{\"@id\":\"https:\\\/\\\/revolutionpadelstore.com\\\/en\\\/cajon-pelotas-wilson-premier-padel-2\\\/#primaryimage\"},\"thumbnailUrl\":\"https:\\\/\\\/revolutionpadelstore.com\\\/wp-content\\\/uploads\\\/2024\\\/08\\\/cajon-pelotas-wilson-premier-padel.jpg\",\"datePublished\":\"2024-08-22T15:39:45+00:00\",\"dateModified\":\"2026-04-08T09:03:38+00:00\",\"description\":\"Ya tenemos por aqu\u00ed, las que ser\u00e1n claramente unas de las mejores pelotas de p\u00e1del para los jugadores profesionales. Las nuevas pelotas Wilson Premier Padel est\u00e1n dise\u00f1adas para el circuito Premier Padel, como su nombre nos indica. Estas pelotas profesionales son de lo mejor disponible a d\u00eda de hoy en el mercado, fabricadas por Wilson con los est\u00e1ndares de calidad m\u00e1s exigentes.\",\"breadcrumb\":{\"@id\":\"https:\\\/\\\/revolutionpadelstore.com\\\/en\\\/cajon-pelotas-wilson-premier-padel-2\\\/#breadcrumb\"},\"inLanguage\":\"en-US\",\"potentialAction\":[{\"@type\":\"ReadAction\",\"target\":[\"https:\\\/\\\/revolutionpadelstore.com\\\/en\\\/cajon-pelotas-wilson-premier-padel-2\\\/\"]}]},{\"@type\":\"ImageObject\",\"inLanguage\":\"en-US\",\"@id\":\"https:\\\/\\\/revolutionpadelstore.com\\\/en\\\/cajon-pelotas-wilson-premier-padel-2\\\/#primaryimage\",\"url\":\"https:\\\/\\\/revolutionpadelstore.com\\\/wp-content\\\/uploads\\\/2024\\\/08\\\/cajon-pelotas-wilson-premier-padel.jpg\",\"contentUrl\":\"https:\\\/\\\/revolutionpadelstore.com\\\/wp-content\\\/uploads\\\/2024\\\/08\\\/cajon-pelotas-wilson-premier-padel.jpg\",\"width\":800,\"height\":800},{\"@type\":\"BreadcrumbList\",\"@id\":\"https:\\\/\\\/revolutionpadelstore.com\\\/en\\\/cajon-pelotas-wilson-premier-padel-2\\\/#breadcrumb\",\"itemListElement\":[{\"@type\":\"ListItem\",\"position\":1,\"name\":\"Portada\",\"item\":\"https:\\\/\\\/revolutionpadelstore.com\\\/en\\\/\"},{\"@type\":\"ListItem\",\"position\":2,\"name\":\"Shop\",\"item\":\"https:\\\/\\\/revolutionpadelstore.com\\\/en\\\/shop\\\/\"},{\"@type\":\"ListItem\",\"position\":3,\"name\":\"CAJON PELOTAS WILSON PREMIER PADEL\"}]},{\"@type\":\"WebSite\",\"@id\":\"https:\\\/\\\/revolutionpadelstore.com\\\/en\\\/#website\",\"url\":\"https:\\\/\\\/revolutionpadelstore.com\\\/en\\\/\",\"name\":\"Revolution Padel Store\",\"description\":\"\",\"publisher\":{\"@id\":\"https:\\\/\\\/revolutionpadelstore.com\\\/en\\\/#organization\"},\"potentialAction\":[{\"@type\":\"SearchAction\",\"target\":{\"@type\":\"EntryPoint\",\"urlTemplate\":\"https:\\\/\\\/revolutionpadelstore.com\\\/en\\\/?s={search_term_string}\"},\"query-input\":{\"@type\":\"PropertyValueSpecification\",\"valueRequired\":true,\"valueName\":\"search_term_string\"}}],\"inLanguage\":\"en-US\"},{\"@type\":\"Organization\",\"@id\":\"https:\\\/\\\/revolutionpadelstore.com\\\/en\\\/#organization\",\"name\":\"Revolution Padel Store\",\"url\":\"https:\\\/\\\/revolutionpadelstore.com\\\/en\\\/\",\"logo\":{\"@type\":\"ImageObject\",\"inLanguage\":\"en-US\",\"@id\":\"https:\\\/\\\/revolutionpadelstore.com\\\/en\\\/#\\\/schema\\\/logo\\\/image\\\/\",\"url\":\"https:\\\/\\\/revolutionpadelstore.com\\\/wp-content\\\/uploads\\\/2026\\\/02\\\/revolution-padel-store.jpg\",\"contentUrl\":\"https:\\\/\\\/revolutionpadelstore.com\\\/wp-content\\\/uploads\\\/2026\\\/02\\\/revolution-padel-store.jpg\",\"width\":2000,\"height\":2000,\"caption\":\"Revolution Padel Store\"},\"image\":{\"@id\":\"https:\\\/\\\/revolutionpadelstore.com\\\/en\\\/#\\\/schema\\\/logo\\\/image\\\/\"},\"sameAs\":[\"https:\\\/\\\/www.instagram.com\\\/revolutionpadelstore\\\/\"]}]}<\/script>\n<!-- \/ Yoast SEO plugin. -->","yoast_head_json":{"title":"CAJON PELOTAS WILSON PREMIER PADEL - Revolution Padel Store","description":"Ya tenemos por aqu\u00ed, las que ser\u00e1n claramente unas de las mejores pelotas de p\u00e1del para los jugadores profesionales. Las nuevas pelotas Wilson Premier Padel est\u00e1n dise\u00f1adas para el circuito Premier Padel, como su nombre nos indica. Estas pelotas profesionales son de lo mejor disponible a d\u00eda de hoy en el mercado, fabricadas por Wilson con los est\u00e1ndares de calidad m\u00e1s exigentes.","robots":{"index":"index","follow":"follow","max-snippet":"max-snippet:-1","max-image-preview":"max-image-preview:large","max-video-preview":"max-video-preview:-1"},"canonical":"https:\/\/revolutionpadelstore.com\/en\/cajon-pelotas-wilson-premier-padel-2\/","og_locale":"en_US","og_type":"article","og_title":"COMPRAR CAJON PELOTAS WILSON PREMIER PADEL","og_description":"Ya tenemos por aqu\u00ed, las que ser\u00e1n claramente unas de las mejores pelotas de p\u00e1del para los jugadores profesionales. Las nuevas pelotas Wilson Premier Padel est\u00e1n dise\u00f1adas para el circuito Premier Padel, como su nombre nos indica. Estas pelotas profesionales son de lo mejor disponible a d\u00eda de hoy en el mercado, fabricadas por Wilson con los est\u00e1ndares de calidad m\u00e1s exigentes.","og_url":"https:\/\/revolutionpadelstore.com\/en\/cajon-pelotas-wilson-premier-padel-2\/","og_site_name":"Revolution Padel Store","article_modified_time":"2026-04-08T09:03:38+00:00","og_image":[{"width":800,"height":800,"url":"https:\/\/revolutionpadelstore.com\/wp-content\/uploads\/2024\/08\/cajon-pelotas-wilson-premier-padel.jpg","type":"image\/jpeg"}],"twitter_card":"summary_large_image","twitter_misc":{"Est. reading time":"1 minute"},"schema":{"@context":"https:\/\/schema.org","@graph":[{"@type":"WebPage","@id":"https:\/\/revolutionpadelstore.com\/en\/cajon-pelotas-wilson-premier-padel-2\/","url":"https:\/\/revolutionpadelstore.com\/en\/cajon-pelotas-wilson-premier-padel-2\/","name":"CAJON PELOTAS WILSON PREMIER PADEL - Revolution Padel Store","isPartOf":{"@id":"https:\/\/revolutionpadelstore.com\/en\/#website"},"primaryImageOfPage":{"@id":"https:\/\/revolutionpadelstore.com\/en\/cajon-pelotas-wilson-premier-padel-2\/#primaryimage"},"image":{"@id":"https:\/\/revolutionpadelstore.com\/en\/cajon-pelotas-wilson-premier-padel-2\/#primaryimage"},"thumbnailUrl":"https:\/\/revolutionpadelstore.com\/wp-content\/uploads\/2024\/08\/cajon-pelotas-wilson-premier-padel.jpg","datePublished":"2024-08-22T15:39:45+00:00","dateModified":"2026-04-08T09:03:38+00:00","description":"Ya tenemos por aqu\u00ed, las que ser\u00e1n claramente unas de las mejores pelotas de p\u00e1del para los jugadores profesionales. Las nuevas pelotas Wilson Premier Padel est\u00e1n dise\u00f1adas para el circuito Premier Padel, como su nombre nos indica. Estas pelotas profesionales son de lo mejor disponible a d\u00eda de hoy en el mercado, fabricadas por Wilson con los est\u00e1ndares de calidad m\u00e1s exigentes.","breadcrumb":{"@id":"https:\/\/revolutionpadelstore.com\/en\/cajon-pelotas-wilson-premier-padel-2\/#breadcrumb"},"inLanguage":"en-US","potentialAction":[{"@type":"ReadAction","target":["https:\/\/revolutionpadelstore.com\/en\/cajon-pelotas-wilson-premier-padel-2\/"]}]},{"@type":"ImageObject","inLanguage":"en-US","@id":"https:\/\/revolutionpadelstore.com\/en\/cajon-pelotas-wilson-premier-padel-2\/#primaryimage","url":"https:\/\/revolutionpadelstore.com\/wp-content\/uploads\/2024\/08\/cajon-pelotas-wilson-premier-padel.jpg","contentUrl":"https:\/\/revolutionpadelstore.com\/wp-content\/uploads\/2024\/08\/cajon-pelotas-wilson-premier-padel.jpg","width":800,"height":800},{"@type":"BreadcrumbList","@id":"https:\/\/revolutionpadelstore.com\/en\/cajon-pelotas-wilson-premier-padel-2\/#breadcrumb","itemListElement":[{"@type":"ListItem","position":1,"name":"Portada","item":"https:\/\/revolutionpadelstore.com\/en\/"},{"@type":"ListItem","position":2,"name":"Shop","item":"https:\/\/revolutionpadelstore.com\/en\/shop\/"},{"@type":"ListItem","position":3,"name":"CAJON PELOTAS WILSON PREMIER PADEL"}]},{"@type":"WebSite","@id":"https:\/\/revolutionpadelstore.com\/en\/#website","url":"https:\/\/revolutionpadelstore.com\/en\/","name":"Revolution Padel Store","description":"","publisher":{"@id":"https:\/\/revolutionpadelstore.com\/en\/#organization"},"potentialAction":[{"@type":"SearchAction","target":{"@type":"EntryPoint","urlTemplate":"https:\/\/revolutionpadelstore.com\/en\/?s={search_term_string}"},"query-input":{"@type":"PropertyValueSpecification","valueRequired":true,"valueName":"search_term_string"}}],"inLanguage":"en-US"},{"@type":"Organization","@id":"https:\/\/revolutionpadelstore.com\/en\/#organization","name":"Revolution Padel Store","url":"https:\/\/revolutionpadelstore.com\/en\/","logo":{"@type":"ImageObject","inLanguage":"en-US","@id":"https:\/\/revolutionpadelstore.com\/en\/#\/schema\/logo\/image\/","url":"https:\/\/revolutionpadelstore.com\/wp-content\/uploads\/2026\/02\/revolution-padel-store.jpg","contentUrl":"https:\/\/revolutionpadelstore.com\/wp-content\/uploads\/2026\/02\/revolution-padel-store.jpg","width":2000,"height":2000,"caption":"Revolution Padel Store"},"image":{"@id":"https:\/\/revolutionpadelstore.com\/en\/#\/schema\/logo\/image\/"},"sameAs":["https:\/\/www.instagram.com\/revolutionpadelstore\/"]}]}},"_links":{"self":[{"href":"https:\/\/revolutionpadelstore.com\/en\/wp-json\/wp\/v2\/product\/72922","targetHints":{"allow":["GET"]}}],"collection":[{"href":"https:\/\/revolutionpadelstore.com\/en\/wp-json\/wp\/v2\/product"}],"about":[{"href":"https:\/\/revolutionpadelstore.com\/en\/wp-json\/wp\/v2\/types\/product"}],"replies":[{"embeddable":true,"href":"https:\/\/revolutionpadelstore.com\/en\/wp-json\/wp\/v2\/comments?post=72922"}],"wp:featuredmedia":[{"embeddable":true,"href":"https:\/\/revolutionpadelstore.com\/en\/wp-json\/wp\/v2\/media\/62495"}],"wp:attachment":[{"href":"https:\/\/revolutionpadelstore.com\/en\/wp-json\/wp\/v2\/media?parent=72922"}],"wp:term":[{"taxonomy":"acabado","embeddable":true,"href":"https:\/\/revolutionpadelstore.com\/en\/wp-json\/wp\/v2\/acabado?post=72922"},{"taxonomy":"balance","embeddable":true,"href":"https:\/\/revolutionpadelstore.com\/en\/wp-json\/wp\/v2\/balance?post=72922"},{"taxonomy":"dureza","embeddable":true,"href":"https:\/\/revolutionpadelstore.com\/en\/wp-json\/wp\/v2\/dureza?post=72922"},{"taxonomy":"forma","embeddable":true,"href":"https:\/\/revolutionpadelstore.com\/en\/wp-json\/wp\/v2\/forma?post=72922"},{"taxonomy":"jugador","embeddable":true,"href":"https:\/\/revolutionpadelstore.com\/en\/wp-json\/wp\/v2\/jugador?post=72922"},{"taxonomy":"marca","embeddable":true,"href":"https:\/\/revolutionpadelstore.com\/en\/wp-json\/wp\/v2\/marca?post=72922"},{"taxonomy":"nivel-de-juego","embeddable":true,"href":"https:\/\/revolutionpadelstore.com\/en\/wp-json\/wp\/v2\/nivel-de-juego?post=72922"},{"taxonomy":"superficie","embeddable":true,"href":"https:\/\/revolutionpadelstore.com\/en\/wp-json\/wp\/v2\/superficie?post=72922"},{"taxonomy":"tipo-de-juego","embeddable":true,"href":"https:\/\/revolutionpadelstore.com\/en\/wp-json\/wp\/v2\/tipo-de-juego?post=72922"},{"taxonomy":"product_brand","embeddable":true,"href":"https:\/\/revolutionpadelstore.com\/en\/wp-json\/wp\/v2\/product_brand?post=72922"},{"taxonomy":"product_cat","embeddable":true,"href":"https:\/\/revolutionpadelstore.com\/en\/wp-json\/wp\/v2\/product_cat?post=72922"},{"taxonomy":"product_tag","embeddable":true,"href":"https:\/\/revolutionpadelstore.com\/en\/wp-json\/wp\/v2\/product_tag?post=72922"}],"curies":[{"name":"wp","href":"https:\/\/api.w.org\/{rel}","templated":true}]}}