{"id":72897,"date":"2024-08-24T22:59:33","date_gmt":"2024-08-24T20:59:33","guid":{"rendered":"https:\/\/revolutionpadelstore.com\/zapatilla-head-motion-team-padel-men-bkte\/"},"modified":"2026-04-08T10:54:02","modified_gmt":"2026-04-08T08:54:02","slug":"zapatilla-head-motion-team-padel-men-bkte-2","status":"publish","type":"product","link":"https:\/\/revolutionpadelstore.com\/en\/zapatilla-head-motion-team-padel-men-bkte-2\/","title":{"rendered":"ZAPATILLA HEAD MOTION TEAM PADEL MEN BKTE"},"content":{"rendered":"<h2>Head Motion Team Padel Men Green Shoes<\/h2>\n<p>The <strong>Head Motion Team Padel Men<\/strong> Green shoes are the perfect choice for <strong>demanding padel players<\/strong>. Comfortable and resistant, they offer stability and flexibility in every movement. Its <strong>sole with mixed pattern and Hybrasion rubber<\/strong> provides optimal grip in all directions on the court and resistance to premature wear.<\/p>\n<p>The midsole with triple anti-torsion shank guarantees stability, while the EVA rubber offers exceptional cushioning. The lightweight and breathable design of the mesh upper, together with the Lockdown Strap system, ensures optimal support in the midfoot area. With features such as Drift Defense protection in the toe and middle area, these shoes stand out for their quality and safety.<\/p>\n<h3>Buy the Head Motion Team Padel Men Green shoes at Revolution Padel Store<\/h3>\n<p>Find the <strong>Head Motion Team Padel Men Green<\/strong> shoes at Revolution Padel Store. Designed for players looking for the best in their <strong>sports footwear, they offer performance, comfort and durability.<\/strong> Don&#8217;t miss the opportunity to stand out on the court with these shoes with an attractive and functional design in green.<\/p>\n<h2>Zapatillas Head Motion Team Padel Men Verde<\/h2>\n","protected":false},"excerpt":{"rendered":"<p>Head Motion Team Padel Men Green, shoes with a mixed sole that grips in all directions and is resistant to wear.<\/p>\n","protected":false},"featured_media":62706,"comment_status":"open","ping_status":"closed","template":"","meta":{"_acf_changed":false,"_joinchat":[]},"acabado":[],"balance":[],"dureza":[],"forma":[],"jugador":[1193],"marca":[1223],"nivel-de-juego":[],"superficie":[],"tipo-de-juego":[],"product_brand":[],"product_cat":[410],"product_tag":[],"class_list":{"0":"post-72897","1":"product","2":"type-product","3":"status-publish","4":"has-post-thumbnail","6":"jugador-hombre-en","7":"marca-head-en","8":"product_cat-mens-sneakers","10":"first","11":"outofstock","12":"sale","13":"taxable","14":"shipping-taxable","15":"purchasable","16":"product-type-variable"},"acf":[],"yoast_head":"<!-- This site is optimized with the Yoast SEO plugin v27.4 - https:\/\/yoast.com\/product\/yoast-seo-wordpress\/ -->\n<title>ZAPATILLA HEAD MOTION TEAM PADEL MEN BKTE - Revolution Padel Store<\/title>\n<meta name=\"description\" content=\"Las\u00a0zapatillas Head Motion Team Padel Men Verde\u00a0son la elecci\u00f3n perfecta para los\u00a0jugadores de p\u00e1del exigentes. Confortables y resistentes, ofrecen estabilidad y flexibilidad en cada movimiento. Su\u00a0suela con dibujo mixto y goma\u00a0Hybrasion\u00a0proporciona un agarre \u00f3ptimo en todas las direcciones en la pista y resistencia al desgaste prematuro.La mediasuela con\u00a0ca\u00f1a antitorsi\u00f3n triple\u00a0garantiza estabilidad, mientras que la goma EVA ofrece una\u00a0amortiguaci\u00f3n\u00a0excepcional. El dise\u00f1o ligero y transpirable del upper de mesh, junto con el sistema\u00a0Lockdown Strap, asegura una sujeci\u00f3n \u00f3ptima en la zona media del pie. Con caracter\u00edsticas como la protecci\u00f3n\u00a0Drift Defense\u00a0en la puntera y zona media, estas zapatillas destacan por su calidad y seguridad.\" \/>\n<meta name=\"robots\" content=\"index, follow, max-snippet:-1, max-image-preview:large, max-video-preview:-1\" \/>\n<link rel=\"canonical\" href=\"https:\/\/revolutionpadelstore.com\/en\/zapatilla-head-motion-team-padel-men-bkte-2\/\" \/>\n<meta property=\"og:locale\" content=\"en_US\" \/>\n<meta property=\"og:type\" content=\"article\" \/>\n<meta property=\"og:title\" content=\"ZAPATILLA HEAD MOTION TEAM PADEL MEN BKTE - Revolution Padel Store\" \/>\n<meta property=\"og:description\" content=\"Las\u00a0zapatillas Head Motion Team Padel Men Verde\u00a0son la elecci\u00f3n perfecta para los\u00a0jugadores de p\u00e1del exigentes. Confortables y resistentes, ofrecen estabilidad y flexibilidad en cada movimiento. Su\u00a0suela con dibujo mixto y goma\u00a0Hybrasion\u00a0proporciona un agarre \u00f3ptimo en todas las direcciones en la pista y resistencia al desgaste prematuro.La mediasuela con\u00a0ca\u00f1a antitorsi\u00f3n triple\u00a0garantiza estabilidad, mientras que la goma EVA ofrece una\u00a0amortiguaci\u00f3n\u00a0excepcional. El dise\u00f1o ligero y transpirable del upper de mesh, junto con el sistema\u00a0Lockdown Strap, asegura una sujeci\u00f3n \u00f3ptima en la zona media del pie. Con caracter\u00edsticas como la protecci\u00f3n\u00a0Drift Defense\u00a0en la puntera y zona media, estas zapatillas destacan por su calidad y seguridad.\" \/>\n<meta property=\"og:url\" content=\"https:\/\/revolutionpadelstore.com\/en\/zapatilla-head-motion-team-padel-men-bkte-2\/\" \/>\n<meta property=\"og:site_name\" content=\"Revolution Padel Store\" \/>\n<meta property=\"article:modified_time\" content=\"2026-04-08T08:54:02+00:00\" \/>\n<meta property=\"og:image\" content=\"https:\/\/revolutionpadelstore.com\/wp-content\/uploads\/2024\/08\/mot1.jpg\" \/>\n\t<meta property=\"og:image:width\" content=\"800\" \/>\n\t<meta property=\"og:image:height\" content=\"800\" \/>\n\t<meta property=\"og:image:type\" content=\"image\/jpeg\" \/>\n<meta name=\"twitter:card\" content=\"summary_large_image\" \/>\n<meta name=\"twitter:label1\" content=\"Est. reading time\" \/>\n\t<meta name=\"twitter:data1\" content=\"2 minutes\" \/>\n<script type=\"application\/ld+json\" class=\"yoast-schema-graph\">{\"@context\":\"https:\\\/\\\/schema.org\",\"@graph\":[{\"@type\":\"WebPage\",\"@id\":\"https:\\\/\\\/revolutionpadelstore.com\\\/en\\\/zapatilla-head-motion-team-padel-men-bkte-2\\\/\",\"url\":\"https:\\\/\\\/revolutionpadelstore.com\\\/en\\\/zapatilla-head-motion-team-padel-men-bkte-2\\\/\",\"name\":\"ZAPATILLA HEAD MOTION TEAM PADEL MEN BKTE - Revolution Padel Store\",\"isPartOf\":{\"@id\":\"https:\\\/\\\/revolutionpadelstore.com\\\/en\\\/#website\"},\"primaryImageOfPage\":{\"@id\":\"https:\\\/\\\/revolutionpadelstore.com\\\/en\\\/zapatilla-head-motion-team-padel-men-bkte-2\\\/#primaryimage\"},\"image\":{\"@id\":\"https:\\\/\\\/revolutionpadelstore.com\\\/en\\\/zapatilla-head-motion-team-padel-men-bkte-2\\\/#primaryimage\"},\"thumbnailUrl\":\"https:\\\/\\\/revolutionpadelstore.com\\\/wp-content\\\/uploads\\\/2024\\\/08\\\/mot1.jpg\",\"datePublished\":\"2024-08-24T20:59:33+00:00\",\"dateModified\":\"2026-04-08T08:54:02+00:00\",\"description\":\"Las\u00a0zapatillas Head Motion Team Padel Men Verde\u00a0son la elecci\u00f3n perfecta para los\u00a0jugadores de p\u00e1del exigentes. Confortables y resistentes, ofrecen estabilidad y flexibilidad en cada movimiento. Su\u00a0suela con dibujo mixto y goma\u00a0Hybrasion\u00a0proporciona un agarre \u00f3ptimo en todas las direcciones en la pista y resistencia al desgaste prematuro.La mediasuela con\u00a0ca\u00f1a antitorsi\u00f3n triple\u00a0garantiza estabilidad, mientras que la goma EVA ofrece una\u00a0amortiguaci\u00f3n\u00a0excepcional. El dise\u00f1o ligero y transpirable del upper de mesh, junto con el sistema\u00a0Lockdown Strap, asegura una sujeci\u00f3n \u00f3ptima en la zona media del pie. Con caracter\u00edsticas como la protecci\u00f3n\u00a0Drift Defense\u00a0en la puntera y zona media, estas zapatillas destacan por su calidad y seguridad.\",\"breadcrumb\":{\"@id\":\"https:\\\/\\\/revolutionpadelstore.com\\\/en\\\/zapatilla-head-motion-team-padel-men-bkte-2\\\/#breadcrumb\"},\"inLanguage\":\"en-US\",\"potentialAction\":[{\"@type\":\"ReadAction\",\"target\":[\"https:\\\/\\\/revolutionpadelstore.com\\\/en\\\/zapatilla-head-motion-team-padel-men-bkte-2\\\/\"]}]},{\"@type\":\"ImageObject\",\"inLanguage\":\"en-US\",\"@id\":\"https:\\\/\\\/revolutionpadelstore.com\\\/en\\\/zapatilla-head-motion-team-padel-men-bkte-2\\\/#primaryimage\",\"url\":\"https:\\\/\\\/revolutionpadelstore.com\\\/wp-content\\\/uploads\\\/2024\\\/08\\\/mot1.jpg\",\"contentUrl\":\"https:\\\/\\\/revolutionpadelstore.com\\\/wp-content\\\/uploads\\\/2024\\\/08\\\/mot1.jpg\",\"width\":800,\"height\":800},{\"@type\":\"BreadcrumbList\",\"@id\":\"https:\\\/\\\/revolutionpadelstore.com\\\/en\\\/zapatilla-head-motion-team-padel-men-bkte-2\\\/#breadcrumb\",\"itemListElement\":[{\"@type\":\"ListItem\",\"position\":1,\"name\":\"Portada\",\"item\":\"https:\\\/\\\/revolutionpadelstore.com\\\/en\\\/\"},{\"@type\":\"ListItem\",\"position\":2,\"name\":\"Shop\",\"item\":\"https:\\\/\\\/revolutionpadelstore.com\\\/en\\\/shop\\\/\"},{\"@type\":\"ListItem\",\"position\":3,\"name\":\"ZAPATILLA HEAD MOTION TEAM PADEL MEN BKTE\"}]},{\"@type\":\"WebSite\",\"@id\":\"https:\\\/\\\/revolutionpadelstore.com\\\/en\\\/#website\",\"url\":\"https:\\\/\\\/revolutionpadelstore.com\\\/en\\\/\",\"name\":\"Revolution Padel Store\",\"description\":\"\",\"publisher\":{\"@id\":\"https:\\\/\\\/revolutionpadelstore.com\\\/en\\\/#organization\"},\"potentialAction\":[{\"@type\":\"SearchAction\",\"target\":{\"@type\":\"EntryPoint\",\"urlTemplate\":\"https:\\\/\\\/revolutionpadelstore.com\\\/en\\\/?s={search_term_string}\"},\"query-input\":{\"@type\":\"PropertyValueSpecification\",\"valueRequired\":true,\"valueName\":\"search_term_string\"}}],\"inLanguage\":\"en-US\"},{\"@type\":\"Organization\",\"@id\":\"https:\\\/\\\/revolutionpadelstore.com\\\/en\\\/#organization\",\"name\":\"Revolution Padel Store\",\"url\":\"https:\\\/\\\/revolutionpadelstore.com\\\/en\\\/\",\"logo\":{\"@type\":\"ImageObject\",\"inLanguage\":\"en-US\",\"@id\":\"https:\\\/\\\/revolutionpadelstore.com\\\/en\\\/#\\\/schema\\\/logo\\\/image\\\/\",\"url\":\"https:\\\/\\\/revolutionpadelstore.com\\\/wp-content\\\/uploads\\\/2026\\\/02\\\/revolution-padel-store.jpg\",\"contentUrl\":\"https:\\\/\\\/revolutionpadelstore.com\\\/wp-content\\\/uploads\\\/2026\\\/02\\\/revolution-padel-store.jpg\",\"width\":2000,\"height\":2000,\"caption\":\"Revolution Padel Store\"},\"image\":{\"@id\":\"https:\\\/\\\/revolutionpadelstore.com\\\/en\\\/#\\\/schema\\\/logo\\\/image\\\/\"},\"sameAs\":[\"https:\\\/\\\/www.instagram.com\\\/revolutionpadelstore\\\/\"]}]}<\/script>\n<!-- \/ Yoast SEO plugin. -->","yoast_head_json":{"title":"ZAPATILLA HEAD MOTION TEAM PADEL MEN BKTE - Revolution Padel Store","description":"Las\u00a0zapatillas Head Motion Team Padel Men Verde\u00a0son la elecci\u00f3n perfecta para los\u00a0jugadores de p\u00e1del exigentes. Confortables y resistentes, ofrecen estabilidad y flexibilidad en cada movimiento. Su\u00a0suela con dibujo mixto y goma\u00a0Hybrasion\u00a0proporciona un agarre \u00f3ptimo en todas las direcciones en la pista y resistencia al desgaste prematuro.La mediasuela con\u00a0ca\u00f1a antitorsi\u00f3n triple\u00a0garantiza estabilidad, mientras que la goma EVA ofrece una\u00a0amortiguaci\u00f3n\u00a0excepcional. El dise\u00f1o ligero y transpirable del upper de mesh, junto con el sistema\u00a0Lockdown Strap, asegura una sujeci\u00f3n \u00f3ptima en la zona media del pie. Con caracter\u00edsticas como la protecci\u00f3n\u00a0Drift Defense\u00a0en la puntera y zona media, estas zapatillas destacan por su calidad y seguridad.","robots":{"index":"index","follow":"follow","max-snippet":"max-snippet:-1","max-image-preview":"max-image-preview:large","max-video-preview":"max-video-preview:-1"},"canonical":"https:\/\/revolutionpadelstore.com\/en\/zapatilla-head-motion-team-padel-men-bkte-2\/","og_locale":"en_US","og_type":"article","og_title":"ZAPATILLA HEAD MOTION TEAM PADEL MEN BKTE - Revolution Padel Store","og_description":"Las\u00a0zapatillas Head Motion Team Padel Men Verde\u00a0son la elecci\u00f3n perfecta para los\u00a0jugadores de p\u00e1del exigentes. Confortables y resistentes, ofrecen estabilidad y flexibilidad en cada movimiento. Su\u00a0suela con dibujo mixto y goma\u00a0Hybrasion\u00a0proporciona un agarre \u00f3ptimo en todas las direcciones en la pista y resistencia al desgaste prematuro.La mediasuela con\u00a0ca\u00f1a antitorsi\u00f3n triple\u00a0garantiza estabilidad, mientras que la goma EVA ofrece una\u00a0amortiguaci\u00f3n\u00a0excepcional. El dise\u00f1o ligero y transpirable del upper de mesh, junto con el sistema\u00a0Lockdown Strap, asegura una sujeci\u00f3n \u00f3ptima en la zona media del pie. Con caracter\u00edsticas como la protecci\u00f3n\u00a0Drift Defense\u00a0en la puntera y zona media, estas zapatillas destacan por su calidad y seguridad.","og_url":"https:\/\/revolutionpadelstore.com\/en\/zapatilla-head-motion-team-padel-men-bkte-2\/","og_site_name":"Revolution Padel Store","article_modified_time":"2026-04-08T08:54:02+00:00","og_image":[{"width":800,"height":800,"url":"https:\/\/revolutionpadelstore.com\/wp-content\/uploads\/2024\/08\/mot1.jpg","type":"image\/jpeg"}],"twitter_card":"summary_large_image","twitter_misc":{"Est. reading time":"2 minutes"},"schema":{"@context":"https:\/\/schema.org","@graph":[{"@type":"WebPage","@id":"https:\/\/revolutionpadelstore.com\/en\/zapatilla-head-motion-team-padel-men-bkte-2\/","url":"https:\/\/revolutionpadelstore.com\/en\/zapatilla-head-motion-team-padel-men-bkte-2\/","name":"ZAPATILLA HEAD MOTION TEAM PADEL MEN BKTE - Revolution Padel Store","isPartOf":{"@id":"https:\/\/revolutionpadelstore.com\/en\/#website"},"primaryImageOfPage":{"@id":"https:\/\/revolutionpadelstore.com\/en\/zapatilla-head-motion-team-padel-men-bkte-2\/#primaryimage"},"image":{"@id":"https:\/\/revolutionpadelstore.com\/en\/zapatilla-head-motion-team-padel-men-bkte-2\/#primaryimage"},"thumbnailUrl":"https:\/\/revolutionpadelstore.com\/wp-content\/uploads\/2024\/08\/mot1.jpg","datePublished":"2024-08-24T20:59:33+00:00","dateModified":"2026-04-08T08:54:02+00:00","description":"Las\u00a0zapatillas Head Motion Team Padel Men Verde\u00a0son la elecci\u00f3n perfecta para los\u00a0jugadores de p\u00e1del exigentes. Confortables y resistentes, ofrecen estabilidad y flexibilidad en cada movimiento. Su\u00a0suela con dibujo mixto y goma\u00a0Hybrasion\u00a0proporciona un agarre \u00f3ptimo en todas las direcciones en la pista y resistencia al desgaste prematuro.La mediasuela con\u00a0ca\u00f1a antitorsi\u00f3n triple\u00a0garantiza estabilidad, mientras que la goma EVA ofrece una\u00a0amortiguaci\u00f3n\u00a0excepcional. El dise\u00f1o ligero y transpirable del upper de mesh, junto con el sistema\u00a0Lockdown Strap, asegura una sujeci\u00f3n \u00f3ptima en la zona media del pie. Con caracter\u00edsticas como la protecci\u00f3n\u00a0Drift Defense\u00a0en la puntera y zona media, estas zapatillas destacan por su calidad y seguridad.","breadcrumb":{"@id":"https:\/\/revolutionpadelstore.com\/en\/zapatilla-head-motion-team-padel-men-bkte-2\/#breadcrumb"},"inLanguage":"en-US","potentialAction":[{"@type":"ReadAction","target":["https:\/\/revolutionpadelstore.com\/en\/zapatilla-head-motion-team-padel-men-bkte-2\/"]}]},{"@type":"ImageObject","inLanguage":"en-US","@id":"https:\/\/revolutionpadelstore.com\/en\/zapatilla-head-motion-team-padel-men-bkte-2\/#primaryimage","url":"https:\/\/revolutionpadelstore.com\/wp-content\/uploads\/2024\/08\/mot1.jpg","contentUrl":"https:\/\/revolutionpadelstore.com\/wp-content\/uploads\/2024\/08\/mot1.jpg","width":800,"height":800},{"@type":"BreadcrumbList","@id":"https:\/\/revolutionpadelstore.com\/en\/zapatilla-head-motion-team-padel-men-bkte-2\/#breadcrumb","itemListElement":[{"@type":"ListItem","position":1,"name":"Portada","item":"https:\/\/revolutionpadelstore.com\/en\/"},{"@type":"ListItem","position":2,"name":"Shop","item":"https:\/\/revolutionpadelstore.com\/en\/shop\/"},{"@type":"ListItem","position":3,"name":"ZAPATILLA HEAD MOTION TEAM PADEL MEN BKTE"}]},{"@type":"WebSite","@id":"https:\/\/revolutionpadelstore.com\/en\/#website","url":"https:\/\/revolutionpadelstore.com\/en\/","name":"Revolution Padel Store","description":"","publisher":{"@id":"https:\/\/revolutionpadelstore.com\/en\/#organization"},"potentialAction":[{"@type":"SearchAction","target":{"@type":"EntryPoint","urlTemplate":"https:\/\/revolutionpadelstore.com\/en\/?s={search_term_string}"},"query-input":{"@type":"PropertyValueSpecification","valueRequired":true,"valueName":"search_term_string"}}],"inLanguage":"en-US"},{"@type":"Organization","@id":"https:\/\/revolutionpadelstore.com\/en\/#organization","name":"Revolution Padel Store","url":"https:\/\/revolutionpadelstore.com\/en\/","logo":{"@type":"ImageObject","inLanguage":"en-US","@id":"https:\/\/revolutionpadelstore.com\/en\/#\/schema\/logo\/image\/","url":"https:\/\/revolutionpadelstore.com\/wp-content\/uploads\/2026\/02\/revolution-padel-store.jpg","contentUrl":"https:\/\/revolutionpadelstore.com\/wp-content\/uploads\/2026\/02\/revolution-padel-store.jpg","width":2000,"height":2000,"caption":"Revolution Padel Store"},"image":{"@id":"https:\/\/revolutionpadelstore.com\/en\/#\/schema\/logo\/image\/"},"sameAs":["https:\/\/www.instagram.com\/revolutionpadelstore\/"]}]}},"_links":{"self":[{"href":"https:\/\/revolutionpadelstore.com\/en\/wp-json\/wp\/v2\/product\/72897","targetHints":{"allow":["GET"]}}],"collection":[{"href":"https:\/\/revolutionpadelstore.com\/en\/wp-json\/wp\/v2\/product"}],"about":[{"href":"https:\/\/revolutionpadelstore.com\/en\/wp-json\/wp\/v2\/types\/product"}],"replies":[{"embeddable":true,"href":"https:\/\/revolutionpadelstore.com\/en\/wp-json\/wp\/v2\/comments?post=72897"}],"wp:featuredmedia":[{"embeddable":true,"href":"https:\/\/revolutionpadelstore.com\/en\/wp-json\/wp\/v2\/media\/62706"}],"wp:attachment":[{"href":"https:\/\/revolutionpadelstore.com\/en\/wp-json\/wp\/v2\/media?parent=72897"}],"wp:term":[{"taxonomy":"acabado","embeddable":true,"href":"https:\/\/revolutionpadelstore.com\/en\/wp-json\/wp\/v2\/acabado?post=72897"},{"taxonomy":"balance","embeddable":true,"href":"https:\/\/revolutionpadelstore.com\/en\/wp-json\/wp\/v2\/balance?post=72897"},{"taxonomy":"dureza","embeddable":true,"href":"https:\/\/revolutionpadelstore.com\/en\/wp-json\/wp\/v2\/dureza?post=72897"},{"taxonomy":"forma","embeddable":true,"href":"https:\/\/revolutionpadelstore.com\/en\/wp-json\/wp\/v2\/forma?post=72897"},{"taxonomy":"jugador","embeddable":true,"href":"https:\/\/revolutionpadelstore.com\/en\/wp-json\/wp\/v2\/jugador?post=72897"},{"taxonomy":"marca","embeddable":true,"href":"https:\/\/revolutionpadelstore.com\/en\/wp-json\/wp\/v2\/marca?post=72897"},{"taxonomy":"nivel-de-juego","embeddable":true,"href":"https:\/\/revolutionpadelstore.com\/en\/wp-json\/wp\/v2\/nivel-de-juego?post=72897"},{"taxonomy":"superficie","embeddable":true,"href":"https:\/\/revolutionpadelstore.com\/en\/wp-json\/wp\/v2\/superficie?post=72897"},{"taxonomy":"tipo-de-juego","embeddable":true,"href":"https:\/\/revolutionpadelstore.com\/en\/wp-json\/wp\/v2\/tipo-de-juego?post=72897"},{"taxonomy":"product_brand","embeddable":true,"href":"https:\/\/revolutionpadelstore.com\/en\/wp-json\/wp\/v2\/product_brand?post=72897"},{"taxonomy":"product_cat","embeddable":true,"href":"https:\/\/revolutionpadelstore.com\/en\/wp-json\/wp\/v2\/product_cat?post=72897"},{"taxonomy":"product_tag","embeddable":true,"href":"https:\/\/revolutionpadelstore.com\/en\/wp-json\/wp\/v2\/product_tag?post=72897"}],"curies":[{"name":"wp","href":"https:\/\/api.w.org\/{rel}","templated":true}]}}