{"id":72852,"date":"2024-09-06T00:38:02","date_gmt":"2024-09-05T22:38:02","guid":{"rendered":"https:\/\/revolutionpadelstore.com\/bullpadel-elite-w-25\/"},"modified":"2026-04-21T02:02:34","modified_gmt":"2026-04-21T00:02:34","slug":"bullpadel-elite-w-25-2","status":"publish","type":"product","link":"https:\/\/revolutionpadelstore.com\/en\/bullpadel-elite-w-25-2\/","title":{"rendered":"BULLPADEL ELITE W 25"},"content":{"rendered":"<p>Elite a lighter racket, designed especially for the most demanding players. With a reduced weight and a hybrid format, it offers agile handling allowing you to play with confidence and impact with style, whether dominating from the baseline or destroying the net.<br \/>\nDesigned to offer exceptional performance, it provides the perfect balance between power, control and maneuverability, enabling you to unleash your full potential with every hit. Because when style meets game, why settle for anything less than extraordinary? Discover Elite technologies and everything it can offer you to perfect your technique and stand out at every point.<\/p>\n<p><strong>ELITE CORE<\/strong><br \/>\nThe Elite heart, with its inverted triangular geometry and reinforcement in the initial area of \u200b\u200bthe arms, increases the volume and mass in key points of the structure, which increases the moment of inertia of the racket. As a result, the racket offers greater firmness and stability, significantly reducing twisting when hitting the ball. This translates into better superior control and a feeling of security in each shot, ideal for players looking for precision and consistency in their game.<\/p>\n<p><strong>AIR REACT CHANNEL<\/strong><br \/>\nElite has Air React Channel technology. The first air channel that was developed in the world of paddle tennis, becoming a design reference in the industry.<br \/>\nThis technology reduces air resistance in the heart area of \u200b\u200bthe racket and makes the racket more agile and lighter, allowing for greater acceleration speed and faster, more effective execution in each stroke.<br \/>\nIn addition, the Air React Channel is not only an improvement in the aerodynamics of the racket, but also reinforces its structural integrity thanks to its four arms in the heart, optimizes energy return, increases the ball&#8217;s exit speed and increases the reactivity of your game.<\/p>\n<p><strong>VIBRADRIVE<\/strong><br \/>\nVibradrive is characterized by the insertion of a highly elastic elastomer that fragments the handle along its longitudinal axis. The exceptional elasticity of the material used, together with its strategic location, makes the Vibradrive an essential element to absorb vibrations, especially in situations of off-center impact.<\/p>\n<p><strong>FIBRIX<\/strong><br \/>\nElite is created to offer a comfortable and versatile playing experience in every corner of the court. Its Fibrix material, which combines flexible glass fibers with rigid carbon, ensures a soft and accessible touch without compromising responsiveness. With this hybrid material, therefore, you will be able to excel in all aspects of the match, raising your performance and confidence on the court for a total game.<\/p>\n<p><strong>Multieva<\/strong><br \/>\nThe core of this padel racket has been designed with a &#8220;sandwich&#8221; type structure, composed of three layers of EVA (Ethylene-Vinyl-Acetate) of different densities, carefully adapted to optimize performance in each game situation.<br \/>\n1. Outer Layers: The two outer layers, made with a higher density and rigidity EVA, are designed to maximize power in the most explosive hits, offering a quick and forceful response when impacting the ball.<br \/>\n2. Inner Layer: The inner layer, made of a softer, lower density EVA, acts as a shock-absorbing core, increasing tolerance and comfort on lower speed hits. This internal softness not only improves the sensation of hitting, but also helps reduce vibrations, reducing the risk of injury and providing greater control on the most delicate hits.<\/p>\n","protected":false},"excerpt":{"rendered":"<p><strong>Elite<\/strong>, the <strong>Gemma Triay<\/strong> racket, is the perfect balance between elegance, control and power. Created for the player who wants it all: style, performance and presence. With its chic design, Elite becomes a natural extension of your style, seamlessly fusing performance and fashion. Elite is not just a gaming tool; It is a declaration of intent.<strong>Elite<\/strong><\/p>\n","protected":false},"featured_media":99939,"comment_status":"open","ping_status":"closed","template":"","meta":{"_acf_changed":false,"_joinchat":[]},"acabado":[1088],"balance":[1138,1143],"dureza":[1158],"forma":[1178],"jugador":[1198],"marca":[1258],"nivel-de-juego":[1338,1343],"superficie":[],"tipo-de-juego":[1388],"product_brand":[],"product_cat":[303],"product_tag":[],"class_list":{"0":"post-72852","1":"product","2":"type-product","3":"status-publish","4":"has-post-thumbnail","6":"acabado-mate-en","7":"balance-alto-en","8":"balance-medium","9":"dureza-media-en","10":"forma-hibrida-en","11":"jugador-woman","12":"marca-bullpadel-en","13":"tipo-de-juego-multipurpose","14":"product_cat-palas","16":"first","17":"instock","18":"sale","19":"taxable","20":"shipping-taxable","21":"purchasable","22":"product-type-simple"},"acf":[],"yoast_head":"<!-- This site is optimized with the Yoast SEO plugin v27.4 - https:\/\/yoast.com\/product\/yoast-seo-wordpress\/ -->\n<title>BULLPADEL ELITE W 25 - Revolution Padel Store<\/title>\n<meta name=\"description\" content=\"Elite una pala m\u00e1s liviana, dise\u00f1ada especialmente para las jugadoras m\u00e1s exigentes. Con un peso reducido y un formato h\u00edbrido, ofrece un manejo \u00e1gil permiti\u00e9ndote jugar con confianza e impactar con estilo, ya sea dominando desde la l\u00ednea de fondo o arrasando en la red.Dise\u00f1ada para ofrecer un rendimiento excepcional, proporciona el equilibrio perfecto entre potencia, control y maniobrabilidad, capacit\u00e1ndote para desatar todo tu potencial con cada golpe. Porque cuando el estilo se encuentra con el juego, \u00bfpor qu\u00e9 conformarse con algo menos que extraordinario? Descubre las tecnolog\u00edas de Elite y todo lo que puede ofrecerte para perfeccionar tu t\u00e9cnica y destacar en cada punto.\" \/>\n<meta name=\"robots\" content=\"index, follow, max-snippet:-1, max-image-preview:large, max-video-preview:-1\" \/>\n<link rel=\"canonical\" href=\"https:\/\/revolutionpadelstore.com\/en\/bullpadel-elite-w-25-2\/\" \/>\n<meta property=\"og:locale\" content=\"en_US\" \/>\n<meta property=\"og:type\" content=\"article\" \/>\n<meta property=\"og:title\" content=\"BULLPADEL ELITE W 25 - Revolution Padel Store\" \/>\n<meta property=\"og:description\" content=\"Elite una pala m\u00e1s liviana, dise\u00f1ada especialmente para las jugadoras m\u00e1s exigentes. Con un peso reducido y un formato h\u00edbrido, ofrece un manejo \u00e1gil permiti\u00e9ndote jugar con confianza e impactar con estilo, ya sea dominando desde la l\u00ednea de fondo o arrasando en la red.Dise\u00f1ada para ofrecer un rendimiento excepcional, proporciona el equilibrio perfecto entre potencia, control y maniobrabilidad, capacit\u00e1ndote para desatar todo tu potencial con cada golpe. Porque cuando el estilo se encuentra con el juego, \u00bfpor qu\u00e9 conformarse con algo menos que extraordinario? Descubre las tecnolog\u00edas de Elite y todo lo que puede ofrecerte para perfeccionar tu t\u00e9cnica y destacar en cada punto.\" \/>\n<meta property=\"og:url\" content=\"https:\/\/revolutionpadelstore.com\/en\/bullpadel-elite-w-25-2\/\" \/>\n<meta property=\"og:site_name\" content=\"Revolution Padel Store\" \/>\n<meta property=\"article:modified_time\" content=\"2026-04-21T00:02:34+00:00\" \/>\n<meta property=\"og:image\" content=\"https:\/\/revolutionpadelstore.com\/wp-content\/uploads\/2024\/09\/113751_pala_bullpadel_elite_w_25_448124_mujer_1500x1500_1_904c.webp\" \/>\n\t<meta property=\"og:image:width\" content=\"1500\" \/>\n\t<meta property=\"og:image:height\" content=\"1500\" \/>\n\t<meta property=\"og:image:type\" content=\"image\/webp\" \/>\n<meta name=\"twitter:card\" content=\"summary_large_image\" \/>\n<meta name=\"twitter:label1\" content=\"Est. reading time\" \/>\n\t<meta name=\"twitter:data1\" content=\"3 minutes\" \/>\n<script type=\"application\/ld+json\" class=\"yoast-schema-graph\">{\"@context\":\"https:\\\/\\\/schema.org\",\"@graph\":[{\"@type\":\"WebPage\",\"@id\":\"https:\\\/\\\/revolutionpadelstore.com\\\/en\\\/bullpadel-elite-w-25-2\\\/\",\"url\":\"https:\\\/\\\/revolutionpadelstore.com\\\/en\\\/bullpadel-elite-w-25-2\\\/\",\"name\":\"BULLPADEL ELITE W 25 - Revolution Padel Store\",\"isPartOf\":{\"@id\":\"https:\\\/\\\/revolutionpadelstore.com\\\/en\\\/#website\"},\"primaryImageOfPage\":{\"@id\":\"https:\\\/\\\/revolutionpadelstore.com\\\/en\\\/bullpadel-elite-w-25-2\\\/#primaryimage\"},\"image\":{\"@id\":\"https:\\\/\\\/revolutionpadelstore.com\\\/en\\\/bullpadel-elite-w-25-2\\\/#primaryimage\"},\"thumbnailUrl\":\"https:\\\/\\\/revolutionpadelstore.com\\\/wp-content\\\/uploads\\\/2024\\\/09\\\/113751_pala_bullpadel_elite_w_25_448124_mujer_1500x1500_1_904c.webp\",\"datePublished\":\"2024-09-05T22:38:02+00:00\",\"dateModified\":\"2026-04-21T00:02:34+00:00\",\"description\":\"Elite una pala m\u00e1s liviana, dise\u00f1ada especialmente para las jugadoras m\u00e1s exigentes. Con un peso reducido y un formato h\u00edbrido, ofrece un manejo \u00e1gil permiti\u00e9ndote jugar con confianza e impactar con estilo, ya sea dominando desde la l\u00ednea de fondo o arrasando en la red.Dise\u00f1ada para ofrecer un rendimiento excepcional, proporciona el equilibrio perfecto entre potencia, control y maniobrabilidad, capacit\u00e1ndote para desatar todo tu potencial con cada golpe. Porque cuando el estilo se encuentra con el juego, \u00bfpor qu\u00e9 conformarse con algo menos que extraordinario? Descubre las tecnolog\u00edas de Elite y todo lo que puede ofrecerte para perfeccionar tu t\u00e9cnica y destacar en cada punto.\",\"breadcrumb\":{\"@id\":\"https:\\\/\\\/revolutionpadelstore.com\\\/en\\\/bullpadel-elite-w-25-2\\\/#breadcrumb\"},\"inLanguage\":\"en-US\",\"potentialAction\":[{\"@type\":\"ReadAction\",\"target\":[\"https:\\\/\\\/revolutionpadelstore.com\\\/en\\\/bullpadel-elite-w-25-2\\\/\"]}]},{\"@type\":\"ImageObject\",\"inLanguage\":\"en-US\",\"@id\":\"https:\\\/\\\/revolutionpadelstore.com\\\/en\\\/bullpadel-elite-w-25-2\\\/#primaryimage\",\"url\":\"https:\\\/\\\/revolutionpadelstore.com\\\/wp-content\\\/uploads\\\/2024\\\/09\\\/113751_pala_bullpadel_elite_w_25_448124_mujer_1500x1500_1_904c.webp\",\"contentUrl\":\"https:\\\/\\\/revolutionpadelstore.com\\\/wp-content\\\/uploads\\\/2024\\\/09\\\/113751_pala_bullpadel_elite_w_25_448124_mujer_1500x1500_1_904c.webp\",\"width\":1500,\"height\":1500},{\"@type\":\"BreadcrumbList\",\"@id\":\"https:\\\/\\\/revolutionpadelstore.com\\\/en\\\/bullpadel-elite-w-25-2\\\/#breadcrumb\",\"itemListElement\":[{\"@type\":\"ListItem\",\"position\":1,\"name\":\"Portada\",\"item\":\"https:\\\/\\\/revolutionpadelstore.com\\\/en\\\/\"},{\"@type\":\"ListItem\",\"position\":2,\"name\":\"Shop\",\"item\":\"https:\\\/\\\/revolutionpadelstore.com\\\/en\\\/shop\\\/\"},{\"@type\":\"ListItem\",\"position\":3,\"name\":\"BULLPADEL ELITE W 25\"}]},{\"@type\":\"WebSite\",\"@id\":\"https:\\\/\\\/revolutionpadelstore.com\\\/en\\\/#website\",\"url\":\"https:\\\/\\\/revolutionpadelstore.com\\\/en\\\/\",\"name\":\"Revolution Padel Store\",\"description\":\"\",\"publisher\":{\"@id\":\"https:\\\/\\\/revolutionpadelstore.com\\\/en\\\/#organization\"},\"potentialAction\":[{\"@type\":\"SearchAction\",\"target\":{\"@type\":\"EntryPoint\",\"urlTemplate\":\"https:\\\/\\\/revolutionpadelstore.com\\\/en\\\/?s={search_term_string}\"},\"query-input\":{\"@type\":\"PropertyValueSpecification\",\"valueRequired\":true,\"valueName\":\"search_term_string\"}}],\"inLanguage\":\"en-US\"},{\"@type\":\"Organization\",\"@id\":\"https:\\\/\\\/revolutionpadelstore.com\\\/en\\\/#organization\",\"name\":\"Revolution Padel Store\",\"url\":\"https:\\\/\\\/revolutionpadelstore.com\\\/en\\\/\",\"logo\":{\"@type\":\"ImageObject\",\"inLanguage\":\"en-US\",\"@id\":\"https:\\\/\\\/revolutionpadelstore.com\\\/en\\\/#\\\/schema\\\/logo\\\/image\\\/\",\"url\":\"https:\\\/\\\/revolutionpadelstore.com\\\/wp-content\\\/uploads\\\/2026\\\/02\\\/revolution-padel-store.jpg\",\"contentUrl\":\"https:\\\/\\\/revolutionpadelstore.com\\\/wp-content\\\/uploads\\\/2026\\\/02\\\/revolution-padel-store.jpg\",\"width\":2000,\"height\":2000,\"caption\":\"Revolution Padel Store\"},\"image\":{\"@id\":\"https:\\\/\\\/revolutionpadelstore.com\\\/en\\\/#\\\/schema\\\/logo\\\/image\\\/\"},\"sameAs\":[\"https:\\\/\\\/www.instagram.com\\\/revolutionpadelstore\\\/\"]}]}<\/script>\n<!-- \/ Yoast SEO plugin. -->","yoast_head_json":{"title":"BULLPADEL ELITE W 25 - Revolution Padel Store","description":"Elite una pala m\u00e1s liviana, dise\u00f1ada especialmente para las jugadoras m\u00e1s exigentes. Con un peso reducido y un formato h\u00edbrido, ofrece un manejo \u00e1gil permiti\u00e9ndote jugar con confianza e impactar con estilo, ya sea dominando desde la l\u00ednea de fondo o arrasando en la red.Dise\u00f1ada para ofrecer un rendimiento excepcional, proporciona el equilibrio perfecto entre potencia, control y maniobrabilidad, capacit\u00e1ndote para desatar todo tu potencial con cada golpe. Porque cuando el estilo se encuentra con el juego, \u00bfpor qu\u00e9 conformarse con algo menos que extraordinario? Descubre las tecnolog\u00edas de Elite y todo lo que puede ofrecerte para perfeccionar tu t\u00e9cnica y destacar en cada punto.","robots":{"index":"index","follow":"follow","max-snippet":"max-snippet:-1","max-image-preview":"max-image-preview:large","max-video-preview":"max-video-preview:-1"},"canonical":"https:\/\/revolutionpadelstore.com\/en\/bullpadel-elite-w-25-2\/","og_locale":"en_US","og_type":"article","og_title":"BULLPADEL ELITE W 25 - Revolution Padel Store","og_description":"Elite una pala m\u00e1s liviana, dise\u00f1ada especialmente para las jugadoras m\u00e1s exigentes. Con un peso reducido y un formato h\u00edbrido, ofrece un manejo \u00e1gil permiti\u00e9ndote jugar con confianza e impactar con estilo, ya sea dominando desde la l\u00ednea de fondo o arrasando en la red.Dise\u00f1ada para ofrecer un rendimiento excepcional, proporciona el equilibrio perfecto entre potencia, control y maniobrabilidad, capacit\u00e1ndote para desatar todo tu potencial con cada golpe. Porque cuando el estilo se encuentra con el juego, \u00bfpor qu\u00e9 conformarse con algo menos que extraordinario? Descubre las tecnolog\u00edas de Elite y todo lo que puede ofrecerte para perfeccionar tu t\u00e9cnica y destacar en cada punto.","og_url":"https:\/\/revolutionpadelstore.com\/en\/bullpadel-elite-w-25-2\/","og_site_name":"Revolution Padel Store","article_modified_time":"2026-04-21T00:02:34+00:00","og_image":[{"width":1500,"height":1500,"url":"https:\/\/revolutionpadelstore.com\/wp-content\/uploads\/2024\/09\/113751_pala_bullpadel_elite_w_25_448124_mujer_1500x1500_1_904c.webp","type":"image\/webp"}],"twitter_card":"summary_large_image","twitter_misc":{"Est. reading time":"3 minutes"},"schema":{"@context":"https:\/\/schema.org","@graph":[{"@type":"WebPage","@id":"https:\/\/revolutionpadelstore.com\/en\/bullpadel-elite-w-25-2\/","url":"https:\/\/revolutionpadelstore.com\/en\/bullpadel-elite-w-25-2\/","name":"BULLPADEL ELITE W 25 - Revolution Padel Store","isPartOf":{"@id":"https:\/\/revolutionpadelstore.com\/en\/#website"},"primaryImageOfPage":{"@id":"https:\/\/revolutionpadelstore.com\/en\/bullpadel-elite-w-25-2\/#primaryimage"},"image":{"@id":"https:\/\/revolutionpadelstore.com\/en\/bullpadel-elite-w-25-2\/#primaryimage"},"thumbnailUrl":"https:\/\/revolutionpadelstore.com\/wp-content\/uploads\/2024\/09\/113751_pala_bullpadel_elite_w_25_448124_mujer_1500x1500_1_904c.webp","datePublished":"2024-09-05T22:38:02+00:00","dateModified":"2026-04-21T00:02:34+00:00","description":"Elite una pala m\u00e1s liviana, dise\u00f1ada especialmente para las jugadoras m\u00e1s exigentes. Con un peso reducido y un formato h\u00edbrido, ofrece un manejo \u00e1gil permiti\u00e9ndote jugar con confianza e impactar con estilo, ya sea dominando desde la l\u00ednea de fondo o arrasando en la red.Dise\u00f1ada para ofrecer un rendimiento excepcional, proporciona el equilibrio perfecto entre potencia, control y maniobrabilidad, capacit\u00e1ndote para desatar todo tu potencial con cada golpe. Porque cuando el estilo se encuentra con el juego, \u00bfpor qu\u00e9 conformarse con algo menos que extraordinario? Descubre las tecnolog\u00edas de Elite y todo lo que puede ofrecerte para perfeccionar tu t\u00e9cnica y destacar en cada punto.","breadcrumb":{"@id":"https:\/\/revolutionpadelstore.com\/en\/bullpadel-elite-w-25-2\/#breadcrumb"},"inLanguage":"en-US","potentialAction":[{"@type":"ReadAction","target":["https:\/\/revolutionpadelstore.com\/en\/bullpadel-elite-w-25-2\/"]}]},{"@type":"ImageObject","inLanguage":"en-US","@id":"https:\/\/revolutionpadelstore.com\/en\/bullpadel-elite-w-25-2\/#primaryimage","url":"https:\/\/revolutionpadelstore.com\/wp-content\/uploads\/2024\/09\/113751_pala_bullpadel_elite_w_25_448124_mujer_1500x1500_1_904c.webp","contentUrl":"https:\/\/revolutionpadelstore.com\/wp-content\/uploads\/2024\/09\/113751_pala_bullpadel_elite_w_25_448124_mujer_1500x1500_1_904c.webp","width":1500,"height":1500},{"@type":"BreadcrumbList","@id":"https:\/\/revolutionpadelstore.com\/en\/bullpadel-elite-w-25-2\/#breadcrumb","itemListElement":[{"@type":"ListItem","position":1,"name":"Portada","item":"https:\/\/revolutionpadelstore.com\/en\/"},{"@type":"ListItem","position":2,"name":"Shop","item":"https:\/\/revolutionpadelstore.com\/en\/shop\/"},{"@type":"ListItem","position":3,"name":"BULLPADEL ELITE W 25"}]},{"@type":"WebSite","@id":"https:\/\/revolutionpadelstore.com\/en\/#website","url":"https:\/\/revolutionpadelstore.com\/en\/","name":"Revolution Padel Store","description":"","publisher":{"@id":"https:\/\/revolutionpadelstore.com\/en\/#organization"},"potentialAction":[{"@type":"SearchAction","target":{"@type":"EntryPoint","urlTemplate":"https:\/\/revolutionpadelstore.com\/en\/?s={search_term_string}"},"query-input":{"@type":"PropertyValueSpecification","valueRequired":true,"valueName":"search_term_string"}}],"inLanguage":"en-US"},{"@type":"Organization","@id":"https:\/\/revolutionpadelstore.com\/en\/#organization","name":"Revolution Padel Store","url":"https:\/\/revolutionpadelstore.com\/en\/","logo":{"@type":"ImageObject","inLanguage":"en-US","@id":"https:\/\/revolutionpadelstore.com\/en\/#\/schema\/logo\/image\/","url":"https:\/\/revolutionpadelstore.com\/wp-content\/uploads\/2026\/02\/revolution-padel-store.jpg","contentUrl":"https:\/\/revolutionpadelstore.com\/wp-content\/uploads\/2026\/02\/revolution-padel-store.jpg","width":2000,"height":2000,"caption":"Revolution Padel Store"},"image":{"@id":"https:\/\/revolutionpadelstore.com\/en\/#\/schema\/logo\/image\/"},"sameAs":["https:\/\/www.instagram.com\/revolutionpadelstore\/"]}]}},"_links":{"self":[{"href":"https:\/\/revolutionpadelstore.com\/en\/wp-json\/wp\/v2\/product\/72852","targetHints":{"allow":["GET"]}}],"collection":[{"href":"https:\/\/revolutionpadelstore.com\/en\/wp-json\/wp\/v2\/product"}],"about":[{"href":"https:\/\/revolutionpadelstore.com\/en\/wp-json\/wp\/v2\/types\/product"}],"replies":[{"embeddable":true,"href":"https:\/\/revolutionpadelstore.com\/en\/wp-json\/wp\/v2\/comments?post=72852"}],"wp:featuredmedia":[{"embeddable":true,"href":"https:\/\/revolutionpadelstore.com\/en\/wp-json\/wp\/v2\/media\/99939"}],"wp:attachment":[{"href":"https:\/\/revolutionpadelstore.com\/en\/wp-json\/wp\/v2\/media?parent=72852"}],"wp:term":[{"taxonomy":"acabado","embeddable":true,"href":"https:\/\/revolutionpadelstore.com\/en\/wp-json\/wp\/v2\/acabado?post=72852"},{"taxonomy":"balance","embeddable":true,"href":"https:\/\/revolutionpadelstore.com\/en\/wp-json\/wp\/v2\/balance?post=72852"},{"taxonomy":"dureza","embeddable":true,"href":"https:\/\/revolutionpadelstore.com\/en\/wp-json\/wp\/v2\/dureza?post=72852"},{"taxonomy":"forma","embeddable":true,"href":"https:\/\/revolutionpadelstore.com\/en\/wp-json\/wp\/v2\/forma?post=72852"},{"taxonomy":"jugador","embeddable":true,"href":"https:\/\/revolutionpadelstore.com\/en\/wp-json\/wp\/v2\/jugador?post=72852"},{"taxonomy":"marca","embeddable":true,"href":"https:\/\/revolutionpadelstore.com\/en\/wp-json\/wp\/v2\/marca?post=72852"},{"taxonomy":"nivel-de-juego","embeddable":true,"href":"https:\/\/revolutionpadelstore.com\/en\/wp-json\/wp\/v2\/nivel-de-juego?post=72852"},{"taxonomy":"superficie","embeddable":true,"href":"https:\/\/revolutionpadelstore.com\/en\/wp-json\/wp\/v2\/superficie?post=72852"},{"taxonomy":"tipo-de-juego","embeddable":true,"href":"https:\/\/revolutionpadelstore.com\/en\/wp-json\/wp\/v2\/tipo-de-juego?post=72852"},{"taxonomy":"product_brand","embeddable":true,"href":"https:\/\/revolutionpadelstore.com\/en\/wp-json\/wp\/v2\/product_brand?post=72852"},{"taxonomy":"product_cat","embeddable":true,"href":"https:\/\/revolutionpadelstore.com\/en\/wp-json\/wp\/v2\/product_cat?post=72852"},{"taxonomy":"product_tag","embeddable":true,"href":"https:\/\/revolutionpadelstore.com\/en\/wp-json\/wp\/v2\/product_tag?post=72852"}],"curies":[{"name":"wp","href":"https:\/\/api.w.org\/{rel}","templated":true}]}}