{"id":72847,"date":"2024-09-06T00:45:59","date_gmt":"2024-09-05T22:45:59","guid":{"rendered":"https:\/\/revolutionpadelstore.com\/bullpadel-flow-woman-25\/"},"modified":"2026-04-08T10:43:28","modified_gmt":"2026-04-08T08:43:28","slug":"bullpadel-flow-woman-25-2","status":"publish","type":"product","link":"https:\/\/revolutionpadelstore.com\/en\/bullpadel-flow-woman-25-2\/","title":{"rendered":"BULLPADEL FLOW WOMAN 25"},"content":{"rendered":"<p>Inspired by Alejandra Salazar&#8217;s game, this power racket is designed especially for women looking for a perfect balance between lightness and performance. With an extra touch of power compared to its predecessor, Flow adapts to new playing styles, allowing you to flow in every exchange.<\/p>\n<p>Its advanced structure and high-quality materials give you the power and precision necessary to dominate shots close to the net and execute impeccable layups, emulating the elegance and mastery of Alejandra Salazar herself.<\/p>\n<p>Move with enviable fluidity, make the dance floor a dance, and get all the ease you want to dazzle in every movement.<\/p>\n<p><strong>FLOWFORCE<\/strong><\/p>\n<p>With this model, Bullpadel introduces the FLOWFORCE concept. the technology from the heart of your padel racket that is strategically integrated into the arm of the racket, providing structural reinforcements.<\/p>\n<p>These reinforcements not only strengthen the structure of the racket, but also optimize energy transfer, allowing you to hit with greater power and precision. Using FLOWFORCE, every shot becomes a fluid and powerful experience, giving you a feeling of complete control over the ball and allowing you to dictate the pace of the game with confidence.<\/p>\n<p>Whether you&#8217;re executing a perfectly placed layup or unleashing an unstoppable smash, FLOWFORCE technology gives you the support you need to excel in every exchange.<\/p>\n<p><strong>3D Grain<\/strong><\/p>\n<p>The Flow increases the amount of grain in the last layer of the face of the racket, implementing a pattern of dots with 3D relief specially designed to maximize the effect on each hit. This pattern has been meticulously studied and tested in collaboration with Alejandra Salazar, who has worked closely on development to identify the design that best favors her offensive shots. Thanks to this joint work, the Flow will allow you to execute layups with precision and power comparable to that of Salazar herself, elevating your game at the net to a higher level.<\/p>\n<p><strong>VIBRADRIVE<\/strong><\/p>\n<p>Vibradrive is characterized by the insertion of a highly elastic elastomer that fragments the handle along its longitudinal axis. The exceptional elasticity of the material used, together with its strategic location, makes the Vibradrive an essential element to absorb vibrations, especially in situations of off-center impact.<\/p>\n<p><strong>FIBRIX<\/strong><\/p>\n<p>The Flow racket has a final construction on the last side with Fibrix, a combination of flexible glass fibers with rigid carbon, which provides a softer and more accessible feel, facilitating greater ball output. This ensures an easy and effective response, focusing on being able to move fluidly and confidently on the court.<\/p>\n<p><strong>Multieva<\/strong><\/p>\n<p>The core of this padel racket has been designed with a &#8220;sandwich&#8221; type structure, composed of three layers of EVA (Ethylene-Vinyl-Acetate) of different densities, carefully adapted to optimize performance in each game situation.<\/p>\n<p>1. Outer Layers: The two outer layers, made with a higher density and rigidity EVA, are designed to maximize power in the most explosive hits, offering a quick and forceful response when impacting the ball.<\/p>\n<p>2. Inner Layer: The inner layer, made of a softer, lower density EVA, acts as a shock-absorbing core, increasing tolerance and comfort on lower speed hits. This internal softness not only improves the sensation of hitting, but also helps reduce vibrations, reducing the risk of injury and providing greater control on the most delicate hits.<\/p>\n","protected":false},"excerpt":{"rendered":"<p>Imagine being on the court and feeling completely immersed in the game, as if each shot flowed with a natural and charming elegance. Flow gives you that magical feeling, the perfect state in which you are totally focused on enjoying paddle tennis, like Alejandra Salazar in her most inspiring moments.<\/p>\n","protected":false},"featured_media":99945,"comment_status":"open","ping_status":"closed","template":"","meta":{"_acf_changed":false,"_joinchat":[]},"acabado":[1093],"balance":[1138,1143],"dureza":[1158],"forma":[1173],"jugador":[1198],"marca":[1258],"nivel-de-juego":[1338],"superficie":[1363],"tipo-de-juego":[1383,1378],"product_brand":[],"product_cat":[303],"product_tag":[],"class_list":{"0":"post-72847","1":"product","2":"type-product","3":"status-publish","4":"has-post-thumbnail","6":"acabado-relieve-3d-en","7":"balance-alto-en","8":"balance-medium","9":"dureza-media-en","10":"forma-diamante-en","11":"jugador-woman","12":"marca-bullpadel-en","13":"superficie-rugosa-en","14":"tipo-de-juego-attack","15":"tipo-de-juego-potencia-en","16":"product_cat-palas","18":"first","19":"instock","20":"sale","21":"taxable","22":"shipping-taxable","23":"purchasable","24":"product-type-simple"},"acf":[],"yoast_head":"<!-- This site is optimized with the Yoast SEO plugin v27.4 - https:\/\/yoast.com\/product\/yoast-seo-wordpress\/ -->\n<title>BULLPADEL FLOW WOMAN 25 - Revolution Padel Store<\/title>\n<meta name=\"description\" content=\"Imagina estar en la pista y sentirte completamente inmersa en el juego, como si cada golpe fluyera con una elegancia natural y encantadora. Flow te brinda esa sensaci\u00f3n m\u00e1gica, el estado perfecto en el que est\u00e1s totalmente centrada en disfrutar del p\u00e1del, como Alejandra Salazar en sus momentos m\u00e1s inspiradores.\" \/>\n<meta name=\"robots\" content=\"index, follow, max-snippet:-1, max-image-preview:large, max-video-preview:-1\" \/>\n<link rel=\"canonical\" href=\"https:\/\/revolutionpadelstore.com\/en\/bullpadel-flow-woman-25-2\/\" \/>\n<meta property=\"og:locale\" content=\"en_US\" \/>\n<meta property=\"og:type\" content=\"article\" \/>\n<meta property=\"og:title\" content=\"BULLPADEL FLOW WOMAN 25 - Revolution Padel Store\" \/>\n<meta property=\"og:description\" content=\"Imagina estar en la pista y sentirte completamente inmersa en el juego, como si cada golpe fluyera con una elegancia natural y encantadora. Flow te brinda esa sensaci\u00f3n m\u00e1gica, el estado perfecto en el que est\u00e1s totalmente centrada en disfrutar del p\u00e1del, como Alejandra Salazar en sus momentos m\u00e1s inspiradores.\" \/>\n<meta property=\"og:url\" content=\"https:\/\/revolutionpadelstore.com\/en\/bullpadel-flow-woman-25-2\/\" \/>\n<meta property=\"og:site_name\" content=\"Revolution Padel Store\" \/>\n<meta property=\"article:modified_time\" content=\"2026-04-08T08:43:28+00:00\" \/>\n<meta property=\"og:image\" content=\"https:\/\/revolutionpadelstore.com\/wp-content\/uploads\/2024\/09\/113753_pala_bullpadel_flow_woman_25_448123_mujer_1500x1500_1_1b91.webp\" \/>\n\t<meta property=\"og:image:width\" content=\"1500\" \/>\n\t<meta property=\"og:image:height\" content=\"1500\" \/>\n\t<meta property=\"og:image:type\" content=\"image\/webp\" \/>\n<meta name=\"twitter:card\" content=\"summary_large_image\" \/>\n<meta name=\"twitter:label1\" content=\"Est. reading time\" \/>\n\t<meta name=\"twitter:data1\" content=\"3 minutes\" \/>\n<script type=\"application\/ld+json\" class=\"yoast-schema-graph\">{\"@context\":\"https:\\\/\\\/schema.org\",\"@graph\":[{\"@type\":\"WebPage\",\"@id\":\"https:\\\/\\\/revolutionpadelstore.com\\\/en\\\/bullpadel-flow-woman-25-2\\\/\",\"url\":\"https:\\\/\\\/revolutionpadelstore.com\\\/en\\\/bullpadel-flow-woman-25-2\\\/\",\"name\":\"BULLPADEL FLOW WOMAN 25 - Revolution Padel Store\",\"isPartOf\":{\"@id\":\"https:\\\/\\\/revolutionpadelstore.com\\\/en\\\/#website\"},\"primaryImageOfPage\":{\"@id\":\"https:\\\/\\\/revolutionpadelstore.com\\\/en\\\/bullpadel-flow-woman-25-2\\\/#primaryimage\"},\"image\":{\"@id\":\"https:\\\/\\\/revolutionpadelstore.com\\\/en\\\/bullpadel-flow-woman-25-2\\\/#primaryimage\"},\"thumbnailUrl\":\"https:\\\/\\\/revolutionpadelstore.com\\\/wp-content\\\/uploads\\\/2024\\\/09\\\/113753_pala_bullpadel_flow_woman_25_448123_mujer_1500x1500_1_1b91.webp\",\"datePublished\":\"2024-09-05T22:45:59+00:00\",\"dateModified\":\"2026-04-08T08:43:28+00:00\",\"description\":\"Imagina estar en la pista y sentirte completamente inmersa en el juego, como si cada golpe fluyera con una elegancia natural y encantadora. Flow te brinda esa sensaci\u00f3n m\u00e1gica, el estado perfecto en el que est\u00e1s totalmente centrada en disfrutar del p\u00e1del, como Alejandra Salazar en sus momentos m\u00e1s inspiradores.\",\"breadcrumb\":{\"@id\":\"https:\\\/\\\/revolutionpadelstore.com\\\/en\\\/bullpadel-flow-woman-25-2\\\/#breadcrumb\"},\"inLanguage\":\"en-US\",\"potentialAction\":[{\"@type\":\"ReadAction\",\"target\":[\"https:\\\/\\\/revolutionpadelstore.com\\\/en\\\/bullpadel-flow-woman-25-2\\\/\"]}]},{\"@type\":\"ImageObject\",\"inLanguage\":\"en-US\",\"@id\":\"https:\\\/\\\/revolutionpadelstore.com\\\/en\\\/bullpadel-flow-woman-25-2\\\/#primaryimage\",\"url\":\"https:\\\/\\\/revolutionpadelstore.com\\\/wp-content\\\/uploads\\\/2024\\\/09\\\/113753_pala_bullpadel_flow_woman_25_448123_mujer_1500x1500_1_1b91.webp\",\"contentUrl\":\"https:\\\/\\\/revolutionpadelstore.com\\\/wp-content\\\/uploads\\\/2024\\\/09\\\/113753_pala_bullpadel_flow_woman_25_448123_mujer_1500x1500_1_1b91.webp\",\"width\":1500,\"height\":1500},{\"@type\":\"BreadcrumbList\",\"@id\":\"https:\\\/\\\/revolutionpadelstore.com\\\/en\\\/bullpadel-flow-woman-25-2\\\/#breadcrumb\",\"itemListElement\":[{\"@type\":\"ListItem\",\"position\":1,\"name\":\"Portada\",\"item\":\"https:\\\/\\\/revolutionpadelstore.com\\\/en\\\/\"},{\"@type\":\"ListItem\",\"position\":2,\"name\":\"Shop\",\"item\":\"https:\\\/\\\/revolutionpadelstore.com\\\/en\\\/shop\\\/\"},{\"@type\":\"ListItem\",\"position\":3,\"name\":\"BULLPADEL FLOW WOMAN 25\"}]},{\"@type\":\"WebSite\",\"@id\":\"https:\\\/\\\/revolutionpadelstore.com\\\/en\\\/#website\",\"url\":\"https:\\\/\\\/revolutionpadelstore.com\\\/en\\\/\",\"name\":\"Revolution Padel Store\",\"description\":\"\",\"publisher\":{\"@id\":\"https:\\\/\\\/revolutionpadelstore.com\\\/en\\\/#organization\"},\"potentialAction\":[{\"@type\":\"SearchAction\",\"target\":{\"@type\":\"EntryPoint\",\"urlTemplate\":\"https:\\\/\\\/revolutionpadelstore.com\\\/en\\\/?s={search_term_string}\"},\"query-input\":{\"@type\":\"PropertyValueSpecification\",\"valueRequired\":true,\"valueName\":\"search_term_string\"}}],\"inLanguage\":\"en-US\"},{\"@type\":\"Organization\",\"@id\":\"https:\\\/\\\/revolutionpadelstore.com\\\/en\\\/#organization\",\"name\":\"Revolution Padel Store\",\"url\":\"https:\\\/\\\/revolutionpadelstore.com\\\/en\\\/\",\"logo\":{\"@type\":\"ImageObject\",\"inLanguage\":\"en-US\",\"@id\":\"https:\\\/\\\/revolutionpadelstore.com\\\/en\\\/#\\\/schema\\\/logo\\\/image\\\/\",\"url\":\"https:\\\/\\\/revolutionpadelstore.com\\\/wp-content\\\/uploads\\\/2026\\\/02\\\/revolution-padel-store.jpg\",\"contentUrl\":\"https:\\\/\\\/revolutionpadelstore.com\\\/wp-content\\\/uploads\\\/2026\\\/02\\\/revolution-padel-store.jpg\",\"width\":2000,\"height\":2000,\"caption\":\"Revolution Padel Store\"},\"image\":{\"@id\":\"https:\\\/\\\/revolutionpadelstore.com\\\/en\\\/#\\\/schema\\\/logo\\\/image\\\/\"},\"sameAs\":[\"https:\\\/\\\/www.instagram.com\\\/revolutionpadelstore\\\/\"]}]}<\/script>\n<!-- \/ Yoast SEO plugin. -->","yoast_head_json":{"title":"BULLPADEL FLOW WOMAN 25 - Revolution Padel Store","description":"Imagina estar en la pista y sentirte completamente inmersa en el juego, como si cada golpe fluyera con una elegancia natural y encantadora. Flow te brinda esa sensaci\u00f3n m\u00e1gica, el estado perfecto en el que est\u00e1s totalmente centrada en disfrutar del p\u00e1del, como Alejandra Salazar en sus momentos m\u00e1s inspiradores.","robots":{"index":"index","follow":"follow","max-snippet":"max-snippet:-1","max-image-preview":"max-image-preview:large","max-video-preview":"max-video-preview:-1"},"canonical":"https:\/\/revolutionpadelstore.com\/en\/bullpadel-flow-woman-25-2\/","og_locale":"en_US","og_type":"article","og_title":"BULLPADEL FLOW WOMAN 25 - Revolution Padel Store","og_description":"Imagina estar en la pista y sentirte completamente inmersa en el juego, como si cada golpe fluyera con una elegancia natural y encantadora. Flow te brinda esa sensaci\u00f3n m\u00e1gica, el estado perfecto en el que est\u00e1s totalmente centrada en disfrutar del p\u00e1del, como Alejandra Salazar en sus momentos m\u00e1s inspiradores.","og_url":"https:\/\/revolutionpadelstore.com\/en\/bullpadel-flow-woman-25-2\/","og_site_name":"Revolution Padel Store","article_modified_time":"2026-04-08T08:43:28+00:00","og_image":[{"width":1500,"height":1500,"url":"https:\/\/revolutionpadelstore.com\/wp-content\/uploads\/2024\/09\/113753_pala_bullpadel_flow_woman_25_448123_mujer_1500x1500_1_1b91.webp","type":"image\/webp"}],"twitter_card":"summary_large_image","twitter_misc":{"Est. reading time":"3 minutes"},"schema":{"@context":"https:\/\/schema.org","@graph":[{"@type":"WebPage","@id":"https:\/\/revolutionpadelstore.com\/en\/bullpadel-flow-woman-25-2\/","url":"https:\/\/revolutionpadelstore.com\/en\/bullpadel-flow-woman-25-2\/","name":"BULLPADEL FLOW WOMAN 25 - Revolution Padel Store","isPartOf":{"@id":"https:\/\/revolutionpadelstore.com\/en\/#website"},"primaryImageOfPage":{"@id":"https:\/\/revolutionpadelstore.com\/en\/bullpadel-flow-woman-25-2\/#primaryimage"},"image":{"@id":"https:\/\/revolutionpadelstore.com\/en\/bullpadel-flow-woman-25-2\/#primaryimage"},"thumbnailUrl":"https:\/\/revolutionpadelstore.com\/wp-content\/uploads\/2024\/09\/113753_pala_bullpadel_flow_woman_25_448123_mujer_1500x1500_1_1b91.webp","datePublished":"2024-09-05T22:45:59+00:00","dateModified":"2026-04-08T08:43:28+00:00","description":"Imagina estar en la pista y sentirte completamente inmersa en el juego, como si cada golpe fluyera con una elegancia natural y encantadora. Flow te brinda esa sensaci\u00f3n m\u00e1gica, el estado perfecto en el que est\u00e1s totalmente centrada en disfrutar del p\u00e1del, como Alejandra Salazar en sus momentos m\u00e1s inspiradores.","breadcrumb":{"@id":"https:\/\/revolutionpadelstore.com\/en\/bullpadel-flow-woman-25-2\/#breadcrumb"},"inLanguage":"en-US","potentialAction":[{"@type":"ReadAction","target":["https:\/\/revolutionpadelstore.com\/en\/bullpadel-flow-woman-25-2\/"]}]},{"@type":"ImageObject","inLanguage":"en-US","@id":"https:\/\/revolutionpadelstore.com\/en\/bullpadel-flow-woman-25-2\/#primaryimage","url":"https:\/\/revolutionpadelstore.com\/wp-content\/uploads\/2024\/09\/113753_pala_bullpadel_flow_woman_25_448123_mujer_1500x1500_1_1b91.webp","contentUrl":"https:\/\/revolutionpadelstore.com\/wp-content\/uploads\/2024\/09\/113753_pala_bullpadel_flow_woman_25_448123_mujer_1500x1500_1_1b91.webp","width":1500,"height":1500},{"@type":"BreadcrumbList","@id":"https:\/\/revolutionpadelstore.com\/en\/bullpadel-flow-woman-25-2\/#breadcrumb","itemListElement":[{"@type":"ListItem","position":1,"name":"Portada","item":"https:\/\/revolutionpadelstore.com\/en\/"},{"@type":"ListItem","position":2,"name":"Shop","item":"https:\/\/revolutionpadelstore.com\/en\/shop\/"},{"@type":"ListItem","position":3,"name":"BULLPADEL FLOW WOMAN 25"}]},{"@type":"WebSite","@id":"https:\/\/revolutionpadelstore.com\/en\/#website","url":"https:\/\/revolutionpadelstore.com\/en\/","name":"Revolution Padel Store","description":"","publisher":{"@id":"https:\/\/revolutionpadelstore.com\/en\/#organization"},"potentialAction":[{"@type":"SearchAction","target":{"@type":"EntryPoint","urlTemplate":"https:\/\/revolutionpadelstore.com\/en\/?s={search_term_string}"},"query-input":{"@type":"PropertyValueSpecification","valueRequired":true,"valueName":"search_term_string"}}],"inLanguage":"en-US"},{"@type":"Organization","@id":"https:\/\/revolutionpadelstore.com\/en\/#organization","name":"Revolution Padel Store","url":"https:\/\/revolutionpadelstore.com\/en\/","logo":{"@type":"ImageObject","inLanguage":"en-US","@id":"https:\/\/revolutionpadelstore.com\/en\/#\/schema\/logo\/image\/","url":"https:\/\/revolutionpadelstore.com\/wp-content\/uploads\/2026\/02\/revolution-padel-store.jpg","contentUrl":"https:\/\/revolutionpadelstore.com\/wp-content\/uploads\/2026\/02\/revolution-padel-store.jpg","width":2000,"height":2000,"caption":"Revolution Padel Store"},"image":{"@id":"https:\/\/revolutionpadelstore.com\/en\/#\/schema\/logo\/image\/"},"sameAs":["https:\/\/www.instagram.com\/revolutionpadelstore\/"]}]}},"_links":{"self":[{"href":"https:\/\/revolutionpadelstore.com\/en\/wp-json\/wp\/v2\/product\/72847","targetHints":{"allow":["GET"]}}],"collection":[{"href":"https:\/\/revolutionpadelstore.com\/en\/wp-json\/wp\/v2\/product"}],"about":[{"href":"https:\/\/revolutionpadelstore.com\/en\/wp-json\/wp\/v2\/types\/product"}],"replies":[{"embeddable":true,"href":"https:\/\/revolutionpadelstore.com\/en\/wp-json\/wp\/v2\/comments?post=72847"}],"wp:featuredmedia":[{"embeddable":true,"href":"https:\/\/revolutionpadelstore.com\/en\/wp-json\/wp\/v2\/media\/99945"}],"wp:attachment":[{"href":"https:\/\/revolutionpadelstore.com\/en\/wp-json\/wp\/v2\/media?parent=72847"}],"wp:term":[{"taxonomy":"acabado","embeddable":true,"href":"https:\/\/revolutionpadelstore.com\/en\/wp-json\/wp\/v2\/acabado?post=72847"},{"taxonomy":"balance","embeddable":true,"href":"https:\/\/revolutionpadelstore.com\/en\/wp-json\/wp\/v2\/balance?post=72847"},{"taxonomy":"dureza","embeddable":true,"href":"https:\/\/revolutionpadelstore.com\/en\/wp-json\/wp\/v2\/dureza?post=72847"},{"taxonomy":"forma","embeddable":true,"href":"https:\/\/revolutionpadelstore.com\/en\/wp-json\/wp\/v2\/forma?post=72847"},{"taxonomy":"jugador","embeddable":true,"href":"https:\/\/revolutionpadelstore.com\/en\/wp-json\/wp\/v2\/jugador?post=72847"},{"taxonomy":"marca","embeddable":true,"href":"https:\/\/revolutionpadelstore.com\/en\/wp-json\/wp\/v2\/marca?post=72847"},{"taxonomy":"nivel-de-juego","embeddable":true,"href":"https:\/\/revolutionpadelstore.com\/en\/wp-json\/wp\/v2\/nivel-de-juego?post=72847"},{"taxonomy":"superficie","embeddable":true,"href":"https:\/\/revolutionpadelstore.com\/en\/wp-json\/wp\/v2\/superficie?post=72847"},{"taxonomy":"tipo-de-juego","embeddable":true,"href":"https:\/\/revolutionpadelstore.com\/en\/wp-json\/wp\/v2\/tipo-de-juego?post=72847"},{"taxonomy":"product_brand","embeddable":true,"href":"https:\/\/revolutionpadelstore.com\/en\/wp-json\/wp\/v2\/product_brand?post=72847"},{"taxonomy":"product_cat","embeddable":true,"href":"https:\/\/revolutionpadelstore.com\/en\/wp-json\/wp\/v2\/product_cat?post=72847"},{"taxonomy":"product_tag","embeddable":true,"href":"https:\/\/revolutionpadelstore.com\/en\/wp-json\/wp\/v2\/product_tag?post=72847"}],"curies":[{"name":"wp","href":"https:\/\/api.w.org\/{rel}","templated":true}]}}