{"id":72832,"date":"2024-09-08T18:25:29","date_gmt":"2024-09-08T16:25:29","guid":{"rendered":"https:\/\/revolutionpadelstore.com\/bullpadel-neuron-25\/"},"modified":"2026-04-08T10:41:52","modified_gmt":"2026-04-08T08:41:52","slug":"bullpadel-neuron-25-2","status":"publish","type":"product","link":"https:\/\/revolutionpadelstore.com\/en\/bullpadel-neuron-25-2\/","title":{"rendered":"BULLPADEL NEURON 25"},"content":{"rendered":"<p>You wanted dominion, we give you Control.<br \/>\nTake full control on the court with our Neuron racket! Designed for players looking for precision and dominance, this racket is your best ally. Along with an elegant design, each hit will be a spectacle of precision. Discover Fede&#8217;s secret and take your game to the last corner of the court with the latest Bullpadel-LAB technologies!<\/p>\n<p><strong>WAVE SYSTEM<\/strong><br \/>\nImmerse yourself in innovation with our exclusive wavy Wave frame, a structure meticulously designed to bring ball control to its finest expression. This unique design optimizes flexibility and rigidity at specific points on the frame, providing a dry, firm feel that will allow you to master every shot with unparalleled precision. Thanks to the Wave configuration, you will enjoy exceptional control over the ball, feeling each impact clearly and precisely. In addition, the curved design of the Wave favors the dissipation of vibrations along its path, avoiding specific concentrations of longitudinal compressions and ensuring a constant and controlled hitting experience. With this technology, you will have total control of the game, with the confidence of a hard and precise touch on each point.<\/p>\n<p><strong>WAVE BRIDGE<\/strong><br \/>\nThe Neuron heart has a horizontal bridge, providing greater stability against the twists caused by hitting the ball. contribute to the stability of the racket during the stroke, helps to distribute the weight of the stroke more evenly along the surface of the racket and thus reduce torsion and vibration, having a more solid and controlled feel during the game .<\/p>\n<p><strong>AERO CHANNEL<\/strong><br \/>\nStrategically located on the top of the blade, the channel has been included to improve movement in the game and improve aerodynamics. The Air Channel allows players to move the tip of the racket with greater acceleration and better handling, favoring a more fluid and agile movement on the court.<\/p>\n<p><strong>Custom Weight<\/strong><br \/>\nThe CustomWeight weight system for the Neuron racket is made up of plates finished in aluminum, which provide extra weight in the handle area. With this, we manage to modify the balance of the racket depending on the needs of each player.<br \/>\nIn the case of Neuron, it is designed to place a total of 1 weight on the bottom of the handle. Being able to choose between adding 5g or 10g. With all this, we can create different specifications and a change in balance to customize our racket for even greater control.<\/p>\n<p><strong>SMART HOLES<\/strong><br \/>\nThe distribution of holes in a padel racket is key to performance, as it affects factors such as control and feel when hitting. On the Neuron, the specific hole design has been optimized to provide a firmer feel, allowing you to feel the ball better with each shot. This significantly improves control, allowing players to maintain greater precision on every play, regardless of skill level.<\/p>\n<p><strong>3D Grain<\/strong><br \/>\nThe Neuron features a new, specially marked rough surface designed to improve control of your spin shots. When impacting the ball, this accentuated ridge generates greater friction, ensuring more precise and controlled contact. This translates into total mastery of spin, both in shots from the baseline and in more delicate actions near the net.<\/p>\n<p><strong>Hesacore<\/strong><br \/>\nDiscover the new Hesacore and its renewed formula to increase the protection of your game. With the new Hesacore, forget about arm discomfort and unwanted vibrations: our advanced anti-vibration elastomer filters and minimizes these sensations, allowing you to focus on your performance without distractions.<br \/>\nIts ergonomic honeycomb design maximizes contact between hand and fist, allowing fingers to rest on the concave surfaces. This reduces strain and risk of injury, while providing a firm and comfortable grip. With the new Hesacore, maintain full control of your racket at all times.<\/p>\n<p><strong>Vibradrive<\/strong><br \/>\nVibradrive is characterized by the insertion of a highly elastic elastomer that fragments the handle along its longitudinal axis. The exceptional elasticity of the material used, together with its strategic location, makes the vibradrive an essential element to absorb vibrations, especially in situations of off-center impact.<\/p>\n<p><strong>X-Tend Carbon 3K<\/strong><br \/>\nThe Neuron incorporates a heavier weight 3K carbon, composed of 3000 filaments that provide a harder and more precise touch. This material, together with a specially developed epoxy resin, provides extra control in each stroke and greater strength to the entire racket. The 3K carbon structure, combined with this advanced resin, optimizes energy transfer, providing a feeling of security and precision that will allow you to dominate each play with complete confidence.<\/p>\n<p><strong>Multieva<\/strong><br \/>\nThe core of this padel racket has been designed with a &#8220;sandwich&#8221; type structure, composed of three layers of EVA (Ethylene-Vinyl-Acetate) of different densities, carefully adapted to optimize performance in each game situation.<br \/>\n1. Outer layers: The two outer layers, made of a softer and lower density EVA, act as a shock-absorbing core, increasing tolerance and comfort on lower speed hits. This internal softness not only improves the sensation of hitting, but also helps reduce vibrations, reducing the risk of injury and providing greater control on the most delicate hits.<br \/>\n2. Inner Layer: The inner layer, made with a higher density and rigidity EVA, is designed to offer a hard touch that guarantees absolute control in each blow. This composition allows a precise and controlled response when impacting the ball, providing a feeling of security and control in each play.<br \/>\nThis combination of materials allows the racket to dynamically adapt to different playing styles.<\/p>\n","protected":false},"excerpt":{"rendered":"<p>With <strong>Neuron<\/strong>, the racket from <strong>Federico Chingotto<\/strong>, you will have the only racket that can follow that fast mind with which you anticipate the next play. A padel racket that is at your height, allowing an immediate and precise response in each stroke.<\/p>\n<p>Developed by the Bullpadel-Lab team, and integrated with the latest technology such as the Wave System, this racket is designed to control your game and maximize the connection between your mind and the ball. Try its unique touch and you will feel authentic control in your hand.<\/p>\n","protected":false},"featured_media":99963,"comment_status":"open","ping_status":"closed","template":"","meta":{"_acf_changed":false,"_joinchat":[]},"acabado":[1093],"balance":[1143],"dureza":[1158],"forma":[1178],"jugador":[1193,1203],"marca":[1258],"nivel-de-juego":[1338],"superficie":[1363],"tipo-de-juego":[1373,1388],"product_brand":[],"product_cat":[303],"product_tag":[],"class_list":{"0":"post-72832","1":"product","2":"type-product","3":"status-publish","4":"has-post-thumbnail","6":"acabado-relieve-3d-en","7":"balance-medium","8":"dureza-media-en","9":"forma-hibrida-en","10":"jugador-hombre-en","11":"jugador-multipurpose","12":"marca-bullpadel-en","13":"superficie-rugosa-en","14":"tipo-de-juego-control-en","15":"tipo-de-juego-multipurpose","16":"product_cat-palas","18":"first","19":"instock","20":"sale","21":"taxable","22":"shipping-taxable","23":"purchasable","24":"product-type-simple"},"acf":[],"yoast_head":"<!-- This site is optimized with the Yoast SEO plugin v27.4 - https:\/\/yoast.com\/product\/yoast-seo-wordpress\/ -->\n<title>BULLPADEL NEURON 25 - Revolution Padel Store<\/title>\n<meta name=\"description\" content=\"Deseabas dominio, te damos Control.\u00a1Hazte con el control total en la pista con nuestra pala Neuron! Dise\u00f1ada para los jugadores que buscan precisi\u00f3n y dominio, esta pala es tu mejor aliada. Junto a un dise\u00f1o elegante, cada golpe ser\u00e1 un espect\u00e1culo de precisi\u00f3n. \u00a1Descubre el secreto de Fede y lleva tu juego al \u00faltimo rinc\u00f3n de la pista con las \u00faltimas tecnolog\u00edas del Bullpadel-LAB!\" \/>\n<meta name=\"robots\" content=\"index, follow, max-snippet:-1, max-image-preview:large, max-video-preview:-1\" \/>\n<link rel=\"canonical\" href=\"https:\/\/revolutionpadelstore.com\/en\/bullpadel-neuron-25-2\/\" \/>\n<meta property=\"og:locale\" content=\"en_US\" \/>\n<meta property=\"og:type\" content=\"article\" \/>\n<meta property=\"og:title\" content=\"BULLPADEL NEURON 25 - Revolution Padel Store\" \/>\n<meta property=\"og:description\" content=\"Deseabas dominio, te damos Control.\u00a1Hazte con el control total en la pista con nuestra pala Neuron! Dise\u00f1ada para los jugadores que buscan precisi\u00f3n y dominio, esta pala es tu mejor aliada. Junto a un dise\u00f1o elegante, cada golpe ser\u00e1 un espect\u00e1culo de precisi\u00f3n. \u00a1Descubre el secreto de Fede y lleva tu juego al \u00faltimo rinc\u00f3n de la pista con las \u00faltimas tecnolog\u00edas del Bullpadel-LAB!\" \/>\n<meta property=\"og:url\" content=\"https:\/\/revolutionpadelstore.com\/en\/bullpadel-neuron-25-2\/\" \/>\n<meta property=\"og:site_name\" content=\"Revolution Padel Store\" \/>\n<meta property=\"article:modified_time\" content=\"2026-04-08T08:41:52+00:00\" \/>\n<meta property=\"og:image\" content=\"https:\/\/revolutionpadelstore.com\/wp-content\/uploads\/2024\/09\/113768_pala_bullpadel_neuron_25_448120_1500x1500_1_612c.webp\" \/>\n\t<meta property=\"og:image:width\" content=\"1500\" \/>\n\t<meta property=\"og:image:height\" content=\"1500\" \/>\n\t<meta property=\"og:image:type\" content=\"image\/webp\" \/>\n<meta name=\"twitter:card\" content=\"summary_large_image\" \/>\n<meta name=\"twitter:label1\" content=\"Est. reading time\" \/>\n\t<meta name=\"twitter:data1\" content=\"5 minutes\" \/>\n<script type=\"application\/ld+json\" class=\"yoast-schema-graph\">{\"@context\":\"https:\\\/\\\/schema.org\",\"@graph\":[{\"@type\":\"WebPage\",\"@id\":\"https:\\\/\\\/revolutionpadelstore.com\\\/en\\\/bullpadel-neuron-25-2\\\/\",\"url\":\"https:\\\/\\\/revolutionpadelstore.com\\\/en\\\/bullpadel-neuron-25-2\\\/\",\"name\":\"BULLPADEL NEURON 25 - Revolution Padel Store\",\"isPartOf\":{\"@id\":\"https:\\\/\\\/revolutionpadelstore.com\\\/en\\\/#website\"},\"primaryImageOfPage\":{\"@id\":\"https:\\\/\\\/revolutionpadelstore.com\\\/en\\\/bullpadel-neuron-25-2\\\/#primaryimage\"},\"image\":{\"@id\":\"https:\\\/\\\/revolutionpadelstore.com\\\/en\\\/bullpadel-neuron-25-2\\\/#primaryimage\"},\"thumbnailUrl\":\"https:\\\/\\\/revolutionpadelstore.com\\\/wp-content\\\/uploads\\\/2024\\\/09\\\/113768_pala_bullpadel_neuron_25_448120_1500x1500_1_612c.webp\",\"datePublished\":\"2024-09-08T16:25:29+00:00\",\"dateModified\":\"2026-04-08T08:41:52+00:00\",\"description\":\"Deseabas dominio, te damos Control.\u00a1Hazte con el control total en la pista con nuestra pala Neuron! Dise\u00f1ada para los jugadores que buscan precisi\u00f3n y dominio, esta pala es tu mejor aliada. Junto a un dise\u00f1o elegante, cada golpe ser\u00e1 un espect\u00e1culo de precisi\u00f3n. \u00a1Descubre el secreto de Fede y lleva tu juego al \u00faltimo rinc\u00f3n de la pista con las \u00faltimas tecnolog\u00edas del Bullpadel-LAB!\",\"breadcrumb\":{\"@id\":\"https:\\\/\\\/revolutionpadelstore.com\\\/en\\\/bullpadel-neuron-25-2\\\/#breadcrumb\"},\"inLanguage\":\"en-US\",\"potentialAction\":[{\"@type\":\"ReadAction\",\"target\":[\"https:\\\/\\\/revolutionpadelstore.com\\\/en\\\/bullpadel-neuron-25-2\\\/\"]}]},{\"@type\":\"ImageObject\",\"inLanguage\":\"en-US\",\"@id\":\"https:\\\/\\\/revolutionpadelstore.com\\\/en\\\/bullpadel-neuron-25-2\\\/#primaryimage\",\"url\":\"https:\\\/\\\/revolutionpadelstore.com\\\/wp-content\\\/uploads\\\/2024\\\/09\\\/113768_pala_bullpadel_neuron_25_448120_1500x1500_1_612c.webp\",\"contentUrl\":\"https:\\\/\\\/revolutionpadelstore.com\\\/wp-content\\\/uploads\\\/2024\\\/09\\\/113768_pala_bullpadel_neuron_25_448120_1500x1500_1_612c.webp\",\"width\":1500,\"height\":1500},{\"@type\":\"BreadcrumbList\",\"@id\":\"https:\\\/\\\/revolutionpadelstore.com\\\/en\\\/bullpadel-neuron-25-2\\\/#breadcrumb\",\"itemListElement\":[{\"@type\":\"ListItem\",\"position\":1,\"name\":\"Portada\",\"item\":\"https:\\\/\\\/revolutionpadelstore.com\\\/en\\\/\"},{\"@type\":\"ListItem\",\"position\":2,\"name\":\"Shop\",\"item\":\"https:\\\/\\\/revolutionpadelstore.com\\\/en\\\/shop\\\/\"},{\"@type\":\"ListItem\",\"position\":3,\"name\":\"BULLPADEL NEURON 25\"}]},{\"@type\":\"WebSite\",\"@id\":\"https:\\\/\\\/revolutionpadelstore.com\\\/en\\\/#website\",\"url\":\"https:\\\/\\\/revolutionpadelstore.com\\\/en\\\/\",\"name\":\"Revolution Padel Store\",\"description\":\"\",\"publisher\":{\"@id\":\"https:\\\/\\\/revolutionpadelstore.com\\\/en\\\/#organization\"},\"potentialAction\":[{\"@type\":\"SearchAction\",\"target\":{\"@type\":\"EntryPoint\",\"urlTemplate\":\"https:\\\/\\\/revolutionpadelstore.com\\\/en\\\/?s={search_term_string}\"},\"query-input\":{\"@type\":\"PropertyValueSpecification\",\"valueRequired\":true,\"valueName\":\"search_term_string\"}}],\"inLanguage\":\"en-US\"},{\"@type\":\"Organization\",\"@id\":\"https:\\\/\\\/revolutionpadelstore.com\\\/en\\\/#organization\",\"name\":\"Revolution Padel Store\",\"url\":\"https:\\\/\\\/revolutionpadelstore.com\\\/en\\\/\",\"logo\":{\"@type\":\"ImageObject\",\"inLanguage\":\"en-US\",\"@id\":\"https:\\\/\\\/revolutionpadelstore.com\\\/en\\\/#\\\/schema\\\/logo\\\/image\\\/\",\"url\":\"https:\\\/\\\/revolutionpadelstore.com\\\/wp-content\\\/uploads\\\/2026\\\/02\\\/revolution-padel-store.jpg\",\"contentUrl\":\"https:\\\/\\\/revolutionpadelstore.com\\\/wp-content\\\/uploads\\\/2026\\\/02\\\/revolution-padel-store.jpg\",\"width\":2000,\"height\":2000,\"caption\":\"Revolution Padel Store\"},\"image\":{\"@id\":\"https:\\\/\\\/revolutionpadelstore.com\\\/en\\\/#\\\/schema\\\/logo\\\/image\\\/\"},\"sameAs\":[\"https:\\\/\\\/www.instagram.com\\\/revolutionpadelstore\\\/\"]}]}<\/script>\n<!-- \/ Yoast SEO plugin. -->","yoast_head_json":{"title":"BULLPADEL NEURON 25 - Revolution Padel Store","description":"Deseabas dominio, te damos Control.\u00a1Hazte con el control total en la pista con nuestra pala Neuron! Dise\u00f1ada para los jugadores que buscan precisi\u00f3n y dominio, esta pala es tu mejor aliada. Junto a un dise\u00f1o elegante, cada golpe ser\u00e1 un espect\u00e1culo de precisi\u00f3n. \u00a1Descubre el secreto de Fede y lleva tu juego al \u00faltimo rinc\u00f3n de la pista con las \u00faltimas tecnolog\u00edas del Bullpadel-LAB!","robots":{"index":"index","follow":"follow","max-snippet":"max-snippet:-1","max-image-preview":"max-image-preview:large","max-video-preview":"max-video-preview:-1"},"canonical":"https:\/\/revolutionpadelstore.com\/en\/bullpadel-neuron-25-2\/","og_locale":"en_US","og_type":"article","og_title":"BULLPADEL NEURON 25 - Revolution Padel Store","og_description":"Deseabas dominio, te damos Control.\u00a1Hazte con el control total en la pista con nuestra pala Neuron! Dise\u00f1ada para los jugadores que buscan precisi\u00f3n y dominio, esta pala es tu mejor aliada. Junto a un dise\u00f1o elegante, cada golpe ser\u00e1 un espect\u00e1culo de precisi\u00f3n. \u00a1Descubre el secreto de Fede y lleva tu juego al \u00faltimo rinc\u00f3n de la pista con las \u00faltimas tecnolog\u00edas del Bullpadel-LAB!","og_url":"https:\/\/revolutionpadelstore.com\/en\/bullpadel-neuron-25-2\/","og_site_name":"Revolution Padel Store","article_modified_time":"2026-04-08T08:41:52+00:00","og_image":[{"width":1500,"height":1500,"url":"https:\/\/revolutionpadelstore.com\/wp-content\/uploads\/2024\/09\/113768_pala_bullpadel_neuron_25_448120_1500x1500_1_612c.webp","type":"image\/webp"}],"twitter_card":"summary_large_image","twitter_misc":{"Est. reading time":"5 minutes"},"schema":{"@context":"https:\/\/schema.org","@graph":[{"@type":"WebPage","@id":"https:\/\/revolutionpadelstore.com\/en\/bullpadel-neuron-25-2\/","url":"https:\/\/revolutionpadelstore.com\/en\/bullpadel-neuron-25-2\/","name":"BULLPADEL NEURON 25 - Revolution Padel Store","isPartOf":{"@id":"https:\/\/revolutionpadelstore.com\/en\/#website"},"primaryImageOfPage":{"@id":"https:\/\/revolutionpadelstore.com\/en\/bullpadel-neuron-25-2\/#primaryimage"},"image":{"@id":"https:\/\/revolutionpadelstore.com\/en\/bullpadel-neuron-25-2\/#primaryimage"},"thumbnailUrl":"https:\/\/revolutionpadelstore.com\/wp-content\/uploads\/2024\/09\/113768_pala_bullpadel_neuron_25_448120_1500x1500_1_612c.webp","datePublished":"2024-09-08T16:25:29+00:00","dateModified":"2026-04-08T08:41:52+00:00","description":"Deseabas dominio, te damos Control.\u00a1Hazte con el control total en la pista con nuestra pala Neuron! Dise\u00f1ada para los jugadores que buscan precisi\u00f3n y dominio, esta pala es tu mejor aliada. Junto a un dise\u00f1o elegante, cada golpe ser\u00e1 un espect\u00e1culo de precisi\u00f3n. \u00a1Descubre el secreto de Fede y lleva tu juego al \u00faltimo rinc\u00f3n de la pista con las \u00faltimas tecnolog\u00edas del Bullpadel-LAB!","breadcrumb":{"@id":"https:\/\/revolutionpadelstore.com\/en\/bullpadel-neuron-25-2\/#breadcrumb"},"inLanguage":"en-US","potentialAction":[{"@type":"ReadAction","target":["https:\/\/revolutionpadelstore.com\/en\/bullpadel-neuron-25-2\/"]}]},{"@type":"ImageObject","inLanguage":"en-US","@id":"https:\/\/revolutionpadelstore.com\/en\/bullpadel-neuron-25-2\/#primaryimage","url":"https:\/\/revolutionpadelstore.com\/wp-content\/uploads\/2024\/09\/113768_pala_bullpadel_neuron_25_448120_1500x1500_1_612c.webp","contentUrl":"https:\/\/revolutionpadelstore.com\/wp-content\/uploads\/2024\/09\/113768_pala_bullpadel_neuron_25_448120_1500x1500_1_612c.webp","width":1500,"height":1500},{"@type":"BreadcrumbList","@id":"https:\/\/revolutionpadelstore.com\/en\/bullpadel-neuron-25-2\/#breadcrumb","itemListElement":[{"@type":"ListItem","position":1,"name":"Portada","item":"https:\/\/revolutionpadelstore.com\/en\/"},{"@type":"ListItem","position":2,"name":"Shop","item":"https:\/\/revolutionpadelstore.com\/en\/shop\/"},{"@type":"ListItem","position":3,"name":"BULLPADEL NEURON 25"}]},{"@type":"WebSite","@id":"https:\/\/revolutionpadelstore.com\/en\/#website","url":"https:\/\/revolutionpadelstore.com\/en\/","name":"Revolution Padel Store","description":"","publisher":{"@id":"https:\/\/revolutionpadelstore.com\/en\/#organization"},"potentialAction":[{"@type":"SearchAction","target":{"@type":"EntryPoint","urlTemplate":"https:\/\/revolutionpadelstore.com\/en\/?s={search_term_string}"},"query-input":{"@type":"PropertyValueSpecification","valueRequired":true,"valueName":"search_term_string"}}],"inLanguage":"en-US"},{"@type":"Organization","@id":"https:\/\/revolutionpadelstore.com\/en\/#organization","name":"Revolution Padel Store","url":"https:\/\/revolutionpadelstore.com\/en\/","logo":{"@type":"ImageObject","inLanguage":"en-US","@id":"https:\/\/revolutionpadelstore.com\/en\/#\/schema\/logo\/image\/","url":"https:\/\/revolutionpadelstore.com\/wp-content\/uploads\/2026\/02\/revolution-padel-store.jpg","contentUrl":"https:\/\/revolutionpadelstore.com\/wp-content\/uploads\/2026\/02\/revolution-padel-store.jpg","width":2000,"height":2000,"caption":"Revolution Padel Store"},"image":{"@id":"https:\/\/revolutionpadelstore.com\/en\/#\/schema\/logo\/image\/"},"sameAs":["https:\/\/www.instagram.com\/revolutionpadelstore\/"]}]}},"_links":{"self":[{"href":"https:\/\/revolutionpadelstore.com\/en\/wp-json\/wp\/v2\/product\/72832","targetHints":{"allow":["GET"]}}],"collection":[{"href":"https:\/\/revolutionpadelstore.com\/en\/wp-json\/wp\/v2\/product"}],"about":[{"href":"https:\/\/revolutionpadelstore.com\/en\/wp-json\/wp\/v2\/types\/product"}],"replies":[{"embeddable":true,"href":"https:\/\/revolutionpadelstore.com\/en\/wp-json\/wp\/v2\/comments?post=72832"}],"wp:featuredmedia":[{"embeddable":true,"href":"https:\/\/revolutionpadelstore.com\/en\/wp-json\/wp\/v2\/media\/99963"}],"wp:attachment":[{"href":"https:\/\/revolutionpadelstore.com\/en\/wp-json\/wp\/v2\/media?parent=72832"}],"wp:term":[{"taxonomy":"acabado","embeddable":true,"href":"https:\/\/revolutionpadelstore.com\/en\/wp-json\/wp\/v2\/acabado?post=72832"},{"taxonomy":"balance","embeddable":true,"href":"https:\/\/revolutionpadelstore.com\/en\/wp-json\/wp\/v2\/balance?post=72832"},{"taxonomy":"dureza","embeddable":true,"href":"https:\/\/revolutionpadelstore.com\/en\/wp-json\/wp\/v2\/dureza?post=72832"},{"taxonomy":"forma","embeddable":true,"href":"https:\/\/revolutionpadelstore.com\/en\/wp-json\/wp\/v2\/forma?post=72832"},{"taxonomy":"jugador","embeddable":true,"href":"https:\/\/revolutionpadelstore.com\/en\/wp-json\/wp\/v2\/jugador?post=72832"},{"taxonomy":"marca","embeddable":true,"href":"https:\/\/revolutionpadelstore.com\/en\/wp-json\/wp\/v2\/marca?post=72832"},{"taxonomy":"nivel-de-juego","embeddable":true,"href":"https:\/\/revolutionpadelstore.com\/en\/wp-json\/wp\/v2\/nivel-de-juego?post=72832"},{"taxonomy":"superficie","embeddable":true,"href":"https:\/\/revolutionpadelstore.com\/en\/wp-json\/wp\/v2\/superficie?post=72832"},{"taxonomy":"tipo-de-juego","embeddable":true,"href":"https:\/\/revolutionpadelstore.com\/en\/wp-json\/wp\/v2\/tipo-de-juego?post=72832"},{"taxonomy":"product_brand","embeddable":true,"href":"https:\/\/revolutionpadelstore.com\/en\/wp-json\/wp\/v2\/product_brand?post=72832"},{"taxonomy":"product_cat","embeddable":true,"href":"https:\/\/revolutionpadelstore.com\/en\/wp-json\/wp\/v2\/product_cat?post=72832"},{"taxonomy":"product_tag","embeddable":true,"href":"https:\/\/revolutionpadelstore.com\/en\/wp-json\/wp\/v2\/product_tag?post=72832"}],"curies":[{"name":"wp","href":"https:\/\/api.w.org\/{rel}","templated":true}]}}