{"id":72797,"date":"2024-09-22T19:45:17","date_gmt":"2024-09-22T17:45:17","guid":{"rendered":"https:\/\/revolutionpadelstore.com\/bullpadel-vertex-04-25-w\/"},"modified":"2026-04-08T10:38:42","modified_gmt":"2026-04-08T08:38:42","slug":"bullpadel-vertex-04-25-w","status":"publish","type":"product","link":"https:\/\/revolutionpadelstore.com\/en\/bullpadel-vertex-04-25-w\/","title":{"rendered":"BULLPADEL VERTEX 04 25 W"},"content":{"rendered":"<h2>Bullpadel Vertex 04 25 W, power at the service of female players<\/h2>\n<p>The Bullpadel Vertex 04 racket, from the 2025 collection, will be one of the most powerful women&#8217;s rackets on the market. It is the one chosen by the professional player, Delfi Brea. Its sporty and modern design is perfect for giving your look a very personalized style. Its weight, which ranges between 340 and 360 grams, makes it very <strong>manageable<\/strong> and <strong>light<\/strong>.<\/p>\n<h2>Bullpadel Vertex 04 25 W, high performance on the court<\/h2>\n<p>Designed for expert level players, this Vertex 04 has a diamond shape and high balance, which provides maximum power, without losing control of the ball. This high-performance racket will help you improve your level, while you are decisive at each point. In addition, you will enjoy better grip and spin on the ball, thanks to the rough Topspin surface.<\/p>\n<h2>Features Bullpadel Vertex 04 25 W<\/h2>\n<p>This Bullpadel Vertex 04 presents new features in the frame. On the one hand, the <strong>Curvatik system<\/strong>, a structure that provides <strong>greater resistance<\/strong> in torsions. A section has been introduced on the side of the blade, smaller than in the Vertex 03, which increases <strong>stiffness<\/strong> and achieves <strong>better transmission<\/strong> of stresses. This system is linked to the <strong>Air Power<\/strong>, a channel generated in a hollow piece, at the bottom, with which the structure is reinforced.<\/p>\n<p>The outer core is made of <strong>Fibrix hybrid fiber<\/strong>, the inner core is made of <strong>MultiEva<\/strong> and the tubular frame is made of <strong>CarbonTube<\/strong> in 100% carbon. Additionally, it features the new Vertex heart.<\/p>\n<h2>Bullpadel Vertex 04 25 W, potencia al servicio de las jugadoras<\/h2>\n","protected":false},"excerpt":{"rendered":"<p>The Bullpadel Vertex 04 racket, from the 2025 collection, will be one of the most powerful women&#8217;s rackets on the market. It is the one chosen by the professional player, Delfi Brea. <\/p>\n","protected":false},"featured_media":99981,"comment_status":"open","ping_status":"closed","template":"","meta":{"_acf_changed":false,"_joinchat":[]},"acabado":[1098,1108],"balance":[1138],"dureza":[1158],"forma":[1173],"jugador":[1198],"marca":[1258],"nivel-de-juego":[1338,1348],"superficie":[1363],"tipo-de-juego":[1378],"product_brand":[],"product_cat":[303],"product_tag":[],"class_list":{"0":"post-72797","1":"product","2":"type-product","3":"status-publish","4":"has-post-thumbnail","6":"acabado-arenoso-en","7":"acabado-rugoso-en","8":"balance-alto-en","9":"dureza-media-en","10":"forma-diamante-en","11":"jugador-woman","12":"marca-bullpadel-en","13":"superficie-rugosa-en","14":"tipo-de-juego-potencia-en","15":"product_cat-palas","17":"first","18":"instock","19":"sale","20":"taxable","21":"shipping-taxable","22":"purchasable","23":"product-type-simple"},"acf":[],"yoast_head":"<!-- This site is optimized with the Yoast SEO plugin v27.3 - https:\/\/yoast.com\/product\/yoast-seo-wordpress\/ -->\n<title>BULLPADEL VERTEX 04 25 W - Revolution Padel Store<\/title>\n<meta name=\"description\" content=\"La\u00a0pala Bullpadel Vertex 04, de la colecci\u00f3n para 2025, ser\u00e1 una de las palas para mujer m\u00e1s\u00a0potentes\u00a0del mercado. Es la elegida por la jugadora profesional,\u00a0Delfi Brea. Su dise\u00f1o, deportivo y moderno, es perfecto para dar a tu look, un estilo muy personalizado. Su peso, que oscila entre los 340 y 360 gramos, la hacen muy\u00a0manejable\u00a0y\u00a0ligera.\" \/>\n<meta name=\"robots\" content=\"index, follow, max-snippet:-1, max-image-preview:large, max-video-preview:-1\" \/>\n<link rel=\"canonical\" href=\"https:\/\/revolutionpadelstore.com\/en\/bullpadel-vertex-04-25-w\/\" \/>\n<meta property=\"og:locale\" content=\"en_US\" \/>\n<meta property=\"og:type\" content=\"article\" \/>\n<meta property=\"og:title\" content=\"BULLPADEL VERTEX 04 25 W - Revolution Padel Store\" \/>\n<meta property=\"og:description\" content=\"La\u00a0pala Bullpadel Vertex 04, de la colecci\u00f3n para 2025, ser\u00e1 una de las palas para mujer m\u00e1s\u00a0potentes\u00a0del mercado. Es la elegida por la jugadora profesional,\u00a0Delfi Brea. Su dise\u00f1o, deportivo y moderno, es perfecto para dar a tu look, un estilo muy personalizado. Su peso, que oscila entre los 340 y 360 gramos, la hacen muy\u00a0manejable\u00a0y\u00a0ligera.\" \/>\n<meta property=\"og:url\" content=\"https:\/\/revolutionpadelstore.com\/en\/bullpadel-vertex-04-25-w\/\" \/>\n<meta property=\"og:site_name\" content=\"Revolution Padel Store\" \/>\n<meta property=\"article:modified_time\" content=\"2026-04-08T08:38:42+00:00\" \/>\n<meta property=\"og:image\" content=\"https:\/\/revolutionpadelstore.com\/wp-content\/uploads\/2024\/09\/113774_pala_bullpadel_vertex_04_w_25_448118_mujer_1500x1500_1_bbd1.webp\" \/>\n\t<meta property=\"og:image:width\" content=\"1500\" \/>\n\t<meta property=\"og:image:height\" content=\"1500\" \/>\n\t<meta property=\"og:image:type\" content=\"image\/webp\" \/>\n<meta name=\"twitter:card\" content=\"summary_large_image\" \/>\n<meta name=\"twitter:label1\" content=\"Est. reading time\" \/>\n\t<meta name=\"twitter:data1\" content=\"2 minutes\" \/>\n<script type=\"application\/ld+json\" class=\"yoast-schema-graph\">{\"@context\":\"https:\\\/\\\/schema.org\",\"@graph\":[{\"@type\":\"WebPage\",\"@id\":\"https:\\\/\\\/revolutionpadelstore.com\\\/en\\\/bullpadel-vertex-04-25-w\\\/\",\"url\":\"https:\\\/\\\/revolutionpadelstore.com\\\/en\\\/bullpadel-vertex-04-25-w\\\/\",\"name\":\"BULLPADEL VERTEX 04 25 W - Revolution Padel Store\",\"isPartOf\":{\"@id\":\"https:\\\/\\\/revolutionpadelstore.com\\\/en\\\/#website\"},\"primaryImageOfPage\":{\"@id\":\"https:\\\/\\\/revolutionpadelstore.com\\\/en\\\/bullpadel-vertex-04-25-w\\\/#primaryimage\"},\"image\":{\"@id\":\"https:\\\/\\\/revolutionpadelstore.com\\\/en\\\/bullpadel-vertex-04-25-w\\\/#primaryimage\"},\"thumbnailUrl\":\"https:\\\/\\\/revolutionpadelstore.com\\\/wp-content\\\/uploads\\\/2024\\\/09\\\/113774_pala_bullpadel_vertex_04_w_25_448118_mujer_1500x1500_1_bbd1.webp\",\"datePublished\":\"2024-09-22T17:45:17+00:00\",\"dateModified\":\"2026-04-08T08:38:42+00:00\",\"description\":\"La\u00a0pala Bullpadel Vertex 04, de la colecci\u00f3n para 2025, ser\u00e1 una de las palas para mujer m\u00e1s\u00a0potentes\u00a0del mercado. Es la elegida por la jugadora profesional,\u00a0Delfi Brea. Su dise\u00f1o, deportivo y moderno, es perfecto para dar a tu look, un estilo muy personalizado. Su peso, que oscila entre los 340 y 360 gramos, la hacen muy\u00a0manejable\u00a0y\u00a0ligera.\",\"breadcrumb\":{\"@id\":\"https:\\\/\\\/revolutionpadelstore.com\\\/en\\\/bullpadel-vertex-04-25-w\\\/#breadcrumb\"},\"inLanguage\":\"en-US\",\"potentialAction\":[{\"@type\":\"ReadAction\",\"target\":[\"https:\\\/\\\/revolutionpadelstore.com\\\/en\\\/bullpadel-vertex-04-25-w\\\/\"]}]},{\"@type\":\"ImageObject\",\"inLanguage\":\"en-US\",\"@id\":\"https:\\\/\\\/revolutionpadelstore.com\\\/en\\\/bullpadel-vertex-04-25-w\\\/#primaryimage\",\"url\":\"https:\\\/\\\/revolutionpadelstore.com\\\/wp-content\\\/uploads\\\/2024\\\/09\\\/113774_pala_bullpadel_vertex_04_w_25_448118_mujer_1500x1500_1_bbd1.webp\",\"contentUrl\":\"https:\\\/\\\/revolutionpadelstore.com\\\/wp-content\\\/uploads\\\/2024\\\/09\\\/113774_pala_bullpadel_vertex_04_w_25_448118_mujer_1500x1500_1_bbd1.webp\",\"width\":1500,\"height\":1500},{\"@type\":\"BreadcrumbList\",\"@id\":\"https:\\\/\\\/revolutionpadelstore.com\\\/en\\\/bullpadel-vertex-04-25-w\\\/#breadcrumb\",\"itemListElement\":[{\"@type\":\"ListItem\",\"position\":1,\"name\":\"Portada\",\"item\":\"https:\\\/\\\/revolutionpadelstore.com\\\/en\\\/\"},{\"@type\":\"ListItem\",\"position\":2,\"name\":\"Shop\",\"item\":\"https:\\\/\\\/revolutionpadelstore.com\\\/en\\\/shop\\\/\"},{\"@type\":\"ListItem\",\"position\":3,\"name\":\"BULLPADEL VERTEX 04 25 W\"}]},{\"@type\":\"WebSite\",\"@id\":\"https:\\\/\\\/revolutionpadelstore.com\\\/en\\\/#website\",\"url\":\"https:\\\/\\\/revolutionpadelstore.com\\\/en\\\/\",\"name\":\"Revolution Padel Store\",\"description\":\"\",\"publisher\":{\"@id\":\"https:\\\/\\\/revolutionpadelstore.com\\\/en\\\/#organization\"},\"potentialAction\":[{\"@type\":\"SearchAction\",\"target\":{\"@type\":\"EntryPoint\",\"urlTemplate\":\"https:\\\/\\\/revolutionpadelstore.com\\\/en\\\/?s={search_term_string}\"},\"query-input\":{\"@type\":\"PropertyValueSpecification\",\"valueRequired\":true,\"valueName\":\"search_term_string\"}}],\"inLanguage\":\"en-US\"},{\"@type\":\"Organization\",\"@id\":\"https:\\\/\\\/revolutionpadelstore.com\\\/en\\\/#organization\",\"name\":\"Revolution Padel Store\",\"url\":\"https:\\\/\\\/revolutionpadelstore.com\\\/en\\\/\",\"logo\":{\"@type\":\"ImageObject\",\"inLanguage\":\"en-US\",\"@id\":\"https:\\\/\\\/revolutionpadelstore.com\\\/en\\\/#\\\/schema\\\/logo\\\/image\\\/\",\"url\":\"https:\\\/\\\/revolutionpadelstore.com\\\/wp-content\\\/uploads\\\/2026\\\/02\\\/revolution-padel-store.jpg\",\"contentUrl\":\"https:\\\/\\\/revolutionpadelstore.com\\\/wp-content\\\/uploads\\\/2026\\\/02\\\/revolution-padel-store.jpg\",\"width\":2000,\"height\":2000,\"caption\":\"Revolution Padel Store\"},\"image\":{\"@id\":\"https:\\\/\\\/revolutionpadelstore.com\\\/en\\\/#\\\/schema\\\/logo\\\/image\\\/\"},\"sameAs\":[\"https:\\\/\\\/www.instagram.com\\\/revolutionpadelstore\\\/\"]}]}<\/script>\n<!-- \/ Yoast SEO plugin. -->","yoast_head_json":{"title":"BULLPADEL VERTEX 04 25 W - Revolution Padel Store","description":"La\u00a0pala Bullpadel Vertex 04, de la colecci\u00f3n para 2025, ser\u00e1 una de las palas para mujer m\u00e1s\u00a0potentes\u00a0del mercado. Es la elegida por la jugadora profesional,\u00a0Delfi Brea. Su dise\u00f1o, deportivo y moderno, es perfecto para dar a tu look, un estilo muy personalizado. Su peso, que oscila entre los 340 y 360 gramos, la hacen muy\u00a0manejable\u00a0y\u00a0ligera.","robots":{"index":"index","follow":"follow","max-snippet":"max-snippet:-1","max-image-preview":"max-image-preview:large","max-video-preview":"max-video-preview:-1"},"canonical":"https:\/\/revolutionpadelstore.com\/en\/bullpadel-vertex-04-25-w\/","og_locale":"en_US","og_type":"article","og_title":"BULLPADEL VERTEX 04 25 W - Revolution Padel Store","og_description":"La\u00a0pala Bullpadel Vertex 04, de la colecci\u00f3n para 2025, ser\u00e1 una de las palas para mujer m\u00e1s\u00a0potentes\u00a0del mercado. Es la elegida por la jugadora profesional,\u00a0Delfi Brea. Su dise\u00f1o, deportivo y moderno, es perfecto para dar a tu look, un estilo muy personalizado. Su peso, que oscila entre los 340 y 360 gramos, la hacen muy\u00a0manejable\u00a0y\u00a0ligera.","og_url":"https:\/\/revolutionpadelstore.com\/en\/bullpadel-vertex-04-25-w\/","og_site_name":"Revolution Padel Store","article_modified_time":"2026-04-08T08:38:42+00:00","og_image":[{"width":1500,"height":1500,"url":"https:\/\/revolutionpadelstore.com\/wp-content\/uploads\/2024\/09\/113774_pala_bullpadel_vertex_04_w_25_448118_mujer_1500x1500_1_bbd1.webp","type":"image\/webp"}],"twitter_card":"summary_large_image","twitter_misc":{"Est. reading time":"2 minutes"},"schema":{"@context":"https:\/\/schema.org","@graph":[{"@type":"WebPage","@id":"https:\/\/revolutionpadelstore.com\/en\/bullpadel-vertex-04-25-w\/","url":"https:\/\/revolutionpadelstore.com\/en\/bullpadel-vertex-04-25-w\/","name":"BULLPADEL VERTEX 04 25 W - Revolution Padel Store","isPartOf":{"@id":"https:\/\/revolutionpadelstore.com\/en\/#website"},"primaryImageOfPage":{"@id":"https:\/\/revolutionpadelstore.com\/en\/bullpadel-vertex-04-25-w\/#primaryimage"},"image":{"@id":"https:\/\/revolutionpadelstore.com\/en\/bullpadel-vertex-04-25-w\/#primaryimage"},"thumbnailUrl":"https:\/\/revolutionpadelstore.com\/wp-content\/uploads\/2024\/09\/113774_pala_bullpadel_vertex_04_w_25_448118_mujer_1500x1500_1_bbd1.webp","datePublished":"2024-09-22T17:45:17+00:00","dateModified":"2026-04-08T08:38:42+00:00","description":"La\u00a0pala Bullpadel Vertex 04, de la colecci\u00f3n para 2025, ser\u00e1 una de las palas para mujer m\u00e1s\u00a0potentes\u00a0del mercado. Es la elegida por la jugadora profesional,\u00a0Delfi Brea. Su dise\u00f1o, deportivo y moderno, es perfecto para dar a tu look, un estilo muy personalizado. Su peso, que oscila entre los 340 y 360 gramos, la hacen muy\u00a0manejable\u00a0y\u00a0ligera.","breadcrumb":{"@id":"https:\/\/revolutionpadelstore.com\/en\/bullpadel-vertex-04-25-w\/#breadcrumb"},"inLanguage":"en-US","potentialAction":[{"@type":"ReadAction","target":["https:\/\/revolutionpadelstore.com\/en\/bullpadel-vertex-04-25-w\/"]}]},{"@type":"ImageObject","inLanguage":"en-US","@id":"https:\/\/revolutionpadelstore.com\/en\/bullpadel-vertex-04-25-w\/#primaryimage","url":"https:\/\/revolutionpadelstore.com\/wp-content\/uploads\/2024\/09\/113774_pala_bullpadel_vertex_04_w_25_448118_mujer_1500x1500_1_bbd1.webp","contentUrl":"https:\/\/revolutionpadelstore.com\/wp-content\/uploads\/2024\/09\/113774_pala_bullpadel_vertex_04_w_25_448118_mujer_1500x1500_1_bbd1.webp","width":1500,"height":1500},{"@type":"BreadcrumbList","@id":"https:\/\/revolutionpadelstore.com\/en\/bullpadel-vertex-04-25-w\/#breadcrumb","itemListElement":[{"@type":"ListItem","position":1,"name":"Portada","item":"https:\/\/revolutionpadelstore.com\/en\/"},{"@type":"ListItem","position":2,"name":"Shop","item":"https:\/\/revolutionpadelstore.com\/en\/shop\/"},{"@type":"ListItem","position":3,"name":"BULLPADEL VERTEX 04 25 W"}]},{"@type":"WebSite","@id":"https:\/\/revolutionpadelstore.com\/en\/#website","url":"https:\/\/revolutionpadelstore.com\/en\/","name":"Revolution Padel Store","description":"","publisher":{"@id":"https:\/\/revolutionpadelstore.com\/en\/#organization"},"potentialAction":[{"@type":"SearchAction","target":{"@type":"EntryPoint","urlTemplate":"https:\/\/revolutionpadelstore.com\/en\/?s={search_term_string}"},"query-input":{"@type":"PropertyValueSpecification","valueRequired":true,"valueName":"search_term_string"}}],"inLanguage":"en-US"},{"@type":"Organization","@id":"https:\/\/revolutionpadelstore.com\/en\/#organization","name":"Revolution Padel Store","url":"https:\/\/revolutionpadelstore.com\/en\/","logo":{"@type":"ImageObject","inLanguage":"en-US","@id":"https:\/\/revolutionpadelstore.com\/en\/#\/schema\/logo\/image\/","url":"https:\/\/revolutionpadelstore.com\/wp-content\/uploads\/2026\/02\/revolution-padel-store.jpg","contentUrl":"https:\/\/revolutionpadelstore.com\/wp-content\/uploads\/2026\/02\/revolution-padel-store.jpg","width":2000,"height":2000,"caption":"Revolution Padel Store"},"image":{"@id":"https:\/\/revolutionpadelstore.com\/en\/#\/schema\/logo\/image\/"},"sameAs":["https:\/\/www.instagram.com\/revolutionpadelstore\/"]}]}},"_links":{"self":[{"href":"https:\/\/revolutionpadelstore.com\/en\/wp-json\/wp\/v2\/product\/72797","targetHints":{"allow":["GET"]}}],"collection":[{"href":"https:\/\/revolutionpadelstore.com\/en\/wp-json\/wp\/v2\/product"}],"about":[{"href":"https:\/\/revolutionpadelstore.com\/en\/wp-json\/wp\/v2\/types\/product"}],"replies":[{"embeddable":true,"href":"https:\/\/revolutionpadelstore.com\/en\/wp-json\/wp\/v2\/comments?post=72797"}],"wp:featuredmedia":[{"embeddable":true,"href":"https:\/\/revolutionpadelstore.com\/en\/wp-json\/wp\/v2\/media\/99981"}],"wp:attachment":[{"href":"https:\/\/revolutionpadelstore.com\/en\/wp-json\/wp\/v2\/media?parent=72797"}],"wp:term":[{"taxonomy":"acabado","embeddable":true,"href":"https:\/\/revolutionpadelstore.com\/en\/wp-json\/wp\/v2\/acabado?post=72797"},{"taxonomy":"balance","embeddable":true,"href":"https:\/\/revolutionpadelstore.com\/en\/wp-json\/wp\/v2\/balance?post=72797"},{"taxonomy":"dureza","embeddable":true,"href":"https:\/\/revolutionpadelstore.com\/en\/wp-json\/wp\/v2\/dureza?post=72797"},{"taxonomy":"forma","embeddable":true,"href":"https:\/\/revolutionpadelstore.com\/en\/wp-json\/wp\/v2\/forma?post=72797"},{"taxonomy":"jugador","embeddable":true,"href":"https:\/\/revolutionpadelstore.com\/en\/wp-json\/wp\/v2\/jugador?post=72797"},{"taxonomy":"marca","embeddable":true,"href":"https:\/\/revolutionpadelstore.com\/en\/wp-json\/wp\/v2\/marca?post=72797"},{"taxonomy":"nivel-de-juego","embeddable":true,"href":"https:\/\/revolutionpadelstore.com\/en\/wp-json\/wp\/v2\/nivel-de-juego?post=72797"},{"taxonomy":"superficie","embeddable":true,"href":"https:\/\/revolutionpadelstore.com\/en\/wp-json\/wp\/v2\/superficie?post=72797"},{"taxonomy":"tipo-de-juego","embeddable":true,"href":"https:\/\/revolutionpadelstore.com\/en\/wp-json\/wp\/v2\/tipo-de-juego?post=72797"},{"taxonomy":"product_brand","embeddable":true,"href":"https:\/\/revolutionpadelstore.com\/en\/wp-json\/wp\/v2\/product_brand?post=72797"},{"taxonomy":"product_cat","embeddable":true,"href":"https:\/\/revolutionpadelstore.com\/en\/wp-json\/wp\/v2\/product_cat?post=72797"},{"taxonomy":"product_tag","embeddable":true,"href":"https:\/\/revolutionpadelstore.com\/en\/wp-json\/wp\/v2\/product_tag?post=72797"}],"curies":[{"name":"wp","href":"https:\/\/api.w.org\/{rel}","templated":true}]}}