{"id":72787,"date":"2024-09-25T08:40:22","date_gmt":"2024-09-25T06:40:22","guid":{"rendered":"https:\/\/revolutionpadelstore.com\/nox-at10-genius-attack-18k-alum-by-agustin-tapia-2025\/"},"modified":"2026-04-21T02:02:38","modified_gmt":"2026-04-21T00:02:38","slug":"nox-at10-genius-attack-18k-alum-by-agustin-tapia-2025-2","status":"publish","type":"product","link":"https:\/\/revolutionpadelstore.com\/en\/nox-at10-genius-attack-18k-alum-by-agustin-tapia-2025-2\/","title":{"rendered":"NOX AT10 GENIUS ATTACK 18K ALUM BY AGUSTIN TAPIA 2025"},"content":{"rendered":"<h2>Nox AT10 Genius Attack 18K Alum By Agustin Tapia 2025<\/h2>\n<p>The <strong>Nox AT10 Genius Attack 18K Alum By Agust\u00edn Tapia 2025<\/strong> is a padel racket designed for elite players, in collaboration with the renowned player <strong>Agust\u00edn Tapia<\/strong>. This racket is part of the exclusive <strong>Luxury Series 2025<\/strong>, standing out for its innovative construction and elegant design in black, blue and bronze. With a <strong>diamond<\/strong> format and 18K Alum carbon surfaces, the racket is designed to offer maximum performance in every match.<\/p>\n<h2>Nox AT10 Genius Attack 18K Alum 2025 for professional power players<\/h2>\n<p>The Nox AT10 Genius Attack 18K Alum is ideal for advanced or professional players who prioritize power and precision. The diamond format favors a stronger and more aggressive shot, which makes it perfect for those looking to dominate the game from the net and finish points forcefully. The extended grip provides better control, ideal for those who prefer a longer, more comfortable handle.<\/p>\n<h3><strong>Features and technologies Nox AT10 Genius Attack 18K Alum 2025<\/strong><\/h3>\n<p style=\"padding-left: 40px\"><strong>-Diamond format<\/strong>, to increase power in finishing.<\/p>\n<p style=\"padding-left: 40px\"><strong>-18K Alum carbon flats<\/strong>, which provide a solid and long-lasting hit.<\/p>\n<p style=\"padding-left: 40px\"><strong>-Core<\/strong> MLD Black EVA, with <strong>multi-layer distribution of different densities<\/strong> to optimize ball output.<\/p>\n<p style=\"padding-left: 40px\">-EOS<em>Flap<\/em>technology, perforations that improve <strong>manageability<\/strong>.<\/p>\n<p style=\"padding-left: 40px\">-DCS (<em>Dynamic Composit Structure<\/em>), greater amount of material to <strong>avoid breaks<\/strong> in the outer areas.<\/p>\n<p style=\"padding-left: 40px\"><em>-Smartstrap\u00ae<\/em>, <strong>safety cord<\/strong> interchangeable.<\/p>\n<p style=\"padding-left: 40px\"><em>-Oversize Grip<\/em>, <strong>10 mm longer grip<\/strong>.<\/p>\n<p style=\"padding-left: 40px\"><em>-Pulse System,<\/em> system that <strong> reduces vibrations<\/strong> with rubber inserts.<\/p>\n<p style=\"padding-left: 40px\"><em>-Exclusive Spin,<\/em><strong> rough surface<\/strong> to improve control over the ball.<\/p>\n<p>If you are looking for a racket that combines advanced technology, power and elegant design, the Nox AT10 Genius Attack 18K Alum is the perfect choice. Power up your shots and play like a professional.<\/p>\n<h2>Nox AT10 Genius Attack 18K Alum By Agustin Tapia 2025<\/h2>\n","protected":false},"excerpt":{"rendered":"<p>The Nox AT10 Genius Attack 18K Alum combines power and control, ideal for advanced players looking for optimal performance. With advanced technologies and exclusive design, it stands out on the track.<\/p>\n","protected":false},"featured_media":125339,"comment_status":"open","ping_status":"closed","template":"","meta":{"_acf_changed":false,"_joinchat":[]},"acabado":[1108],"balance":[1138],"dureza":[1163],"forma":[1173],"jugador":[1193,1203],"marca":[1263],"nivel-de-juego":[1338,1348],"superficie":[1363],"tipo-de-juego":[1383],"product_brand":[],"product_cat":[303],"product_tag":[],"class_list":{"0":"post-72787","1":"product","2":"type-product","3":"status-publish","4":"has-post-thumbnail","6":"acabado-rugoso-en","7":"balance-alto-en","8":"dureza-dura-en","9":"forma-diamante-en","10":"jugador-hombre-en","11":"jugador-multipurpose","12":"marca-nox-en","13":"superficie-rugosa-en","14":"tipo-de-juego-attack","15":"product_cat-palas","17":"first","18":"instock","19":"sale","20":"taxable","21":"shipping-taxable","22":"purchasable","23":"product-type-simple"},"acf":[],"yoast_head":"<!-- This site is optimized with the Yoast SEO plugin v27.4 - https:\/\/yoast.com\/product\/yoast-seo-wordpress\/ -->\n<title>NOX AT10 GENIUS ATTACK 18K ALUM BY AGUSTIN TAPIA 2025 - Revolution Padel Store<\/title>\n<meta name=\"description\" content=\"La\u00a0Nox AT10 Genius Attack 18K Alum By Agust\u00edn Tapia 2025\u00a0es una pala de p\u00e1del dise\u00f1ada para jugadores de \u00e9lite, en colaboraci\u00f3n con el reconocido jugador\u00a0Agust\u00edn Tapia. Esta pala forma parte de la exclusiva\u00a0Luxury Series 2025, destacando por su innovadora construcci\u00f3n y elegante dise\u00f1o en negro, azul y bronce. Con un formato\u00a0diamante\u00a0y planos en carbono 18K Alum, la pala est\u00e1 dise\u00f1ada para ofrecer el m\u00e1ximo rendimiento en cada partido.\" \/>\n<meta name=\"robots\" content=\"index, follow, max-snippet:-1, max-image-preview:large, max-video-preview:-1\" \/>\n<link rel=\"canonical\" href=\"https:\/\/revolutionpadelstore.com\/en\/nox-at10-genius-attack-18k-alum-by-agustin-tapia-2025-2\/\" \/>\n<meta property=\"og:locale\" content=\"en_US\" \/>\n<meta property=\"og:type\" content=\"article\" \/>\n<meta property=\"og:title\" content=\"NOX AT10 GENIUS ATTACK 18K ALUM BY AGUSTIN TAPIA 2025 - Revolution Padel Store\" \/>\n<meta property=\"og:description\" content=\"La\u00a0Nox AT10 Genius Attack 18K Alum By Agust\u00edn Tapia 2025\u00a0es una pala de p\u00e1del dise\u00f1ada para jugadores de \u00e9lite, en colaboraci\u00f3n con el reconocido jugador\u00a0Agust\u00edn Tapia. Esta pala forma parte de la exclusiva\u00a0Luxury Series 2025, destacando por su innovadora construcci\u00f3n y elegante dise\u00f1o en negro, azul y bronce. Con un formato\u00a0diamante\u00a0y planos en carbono 18K Alum, la pala est\u00e1 dise\u00f1ada para ofrecer el m\u00e1ximo rendimiento en cada partido.\" \/>\n<meta property=\"og:url\" content=\"https:\/\/revolutionpadelstore.com\/en\/nox-at10-genius-attack-18k-alum-by-agustin-tapia-2025-2\/\" \/>\n<meta property=\"og:site_name\" content=\"Revolution Padel Store\" \/>\n<meta property=\"article:modified_time\" content=\"2026-04-21T00:02:38+00:00\" \/>\n<meta property=\"og:image\" content=\"https:\/\/revolutionpadelstore.com\/wp-content\/uploads\/2024\/10\/113542_pala_nox_at10_genius_attack_18k_alum_by_agustin_tapia_pat10geniusat1825__2d50.webp\" \/>\n\t<meta property=\"og:image:width\" content=\"1500\" \/>\n\t<meta property=\"og:image:height\" content=\"1500\" \/>\n\t<meta property=\"og:image:type\" content=\"image\/webp\" \/>\n<meta name=\"twitter:card\" content=\"summary_large_image\" \/>\n<meta name=\"twitter:label1\" content=\"Est. reading time\" \/>\n\t<meta name=\"twitter:data1\" content=\"2 minutes\" \/>\n<script type=\"application\/ld+json\" class=\"yoast-schema-graph\">{\"@context\":\"https:\\\/\\\/schema.org\",\"@graph\":[{\"@type\":\"WebPage\",\"@id\":\"https:\\\/\\\/revolutionpadelstore.com\\\/en\\\/nox-at10-genius-attack-18k-alum-by-agustin-tapia-2025-2\\\/\",\"url\":\"https:\\\/\\\/revolutionpadelstore.com\\\/en\\\/nox-at10-genius-attack-18k-alum-by-agustin-tapia-2025-2\\\/\",\"name\":\"NOX AT10 GENIUS ATTACK 18K ALUM BY AGUSTIN TAPIA 2025 - Revolution Padel Store\",\"isPartOf\":{\"@id\":\"https:\\\/\\\/revolutionpadelstore.com\\\/en\\\/#website\"},\"primaryImageOfPage\":{\"@id\":\"https:\\\/\\\/revolutionpadelstore.com\\\/en\\\/nox-at10-genius-attack-18k-alum-by-agustin-tapia-2025-2\\\/#primaryimage\"},\"image\":{\"@id\":\"https:\\\/\\\/revolutionpadelstore.com\\\/en\\\/nox-at10-genius-attack-18k-alum-by-agustin-tapia-2025-2\\\/#primaryimage\"},\"thumbnailUrl\":\"https:\\\/\\\/revolutionpadelstore.com\\\/wp-content\\\/uploads\\\/2024\\\/10\\\/113542_pala_nox_at10_genius_attack_18k_alum_by_agustin_tapia_pat10geniusat1825__2d50.webp\",\"datePublished\":\"2024-09-25T06:40:22+00:00\",\"dateModified\":\"2026-04-21T00:02:38+00:00\",\"description\":\"La\u00a0Nox AT10 Genius Attack 18K Alum By Agust\u00edn Tapia 2025\u00a0es una pala de p\u00e1del dise\u00f1ada para jugadores de \u00e9lite, en colaboraci\u00f3n con el reconocido jugador\u00a0Agust\u00edn Tapia. Esta pala forma parte de la exclusiva\u00a0Luxury Series 2025, destacando por su innovadora construcci\u00f3n y elegante dise\u00f1o en negro, azul y bronce. Con un formato\u00a0diamante\u00a0y planos en carbono 18K Alum, la pala est\u00e1 dise\u00f1ada para ofrecer el m\u00e1ximo rendimiento en cada partido.\",\"breadcrumb\":{\"@id\":\"https:\\\/\\\/revolutionpadelstore.com\\\/en\\\/nox-at10-genius-attack-18k-alum-by-agustin-tapia-2025-2\\\/#breadcrumb\"},\"inLanguage\":\"en-US\",\"potentialAction\":[{\"@type\":\"ReadAction\",\"target\":[\"https:\\\/\\\/revolutionpadelstore.com\\\/en\\\/nox-at10-genius-attack-18k-alum-by-agustin-tapia-2025-2\\\/\"]}]},{\"@type\":\"ImageObject\",\"inLanguage\":\"en-US\",\"@id\":\"https:\\\/\\\/revolutionpadelstore.com\\\/en\\\/nox-at10-genius-attack-18k-alum-by-agustin-tapia-2025-2\\\/#primaryimage\",\"url\":\"https:\\\/\\\/revolutionpadelstore.com\\\/wp-content\\\/uploads\\\/2024\\\/10\\\/113542_pala_nox_at10_genius_attack_18k_alum_by_agustin_tapia_pat10geniusat1825__2d50.webp\",\"contentUrl\":\"https:\\\/\\\/revolutionpadelstore.com\\\/wp-content\\\/uploads\\\/2024\\\/10\\\/113542_pala_nox_at10_genius_attack_18k_alum_by_agustin_tapia_pat10geniusat1825__2d50.webp\",\"width\":1500,\"height\":1500},{\"@type\":\"BreadcrumbList\",\"@id\":\"https:\\\/\\\/revolutionpadelstore.com\\\/en\\\/nox-at10-genius-attack-18k-alum-by-agustin-tapia-2025-2\\\/#breadcrumb\",\"itemListElement\":[{\"@type\":\"ListItem\",\"position\":1,\"name\":\"Portada\",\"item\":\"https:\\\/\\\/revolutionpadelstore.com\\\/en\\\/\"},{\"@type\":\"ListItem\",\"position\":2,\"name\":\"Shop\",\"item\":\"https:\\\/\\\/revolutionpadelstore.com\\\/en\\\/shop\\\/\"},{\"@type\":\"ListItem\",\"position\":3,\"name\":\"NOX AT10 GENIUS ATTACK 18K ALUM BY AGUSTIN TAPIA 2025\"}]},{\"@type\":\"WebSite\",\"@id\":\"https:\\\/\\\/revolutionpadelstore.com\\\/en\\\/#website\",\"url\":\"https:\\\/\\\/revolutionpadelstore.com\\\/en\\\/\",\"name\":\"Revolution Padel Store\",\"description\":\"\",\"publisher\":{\"@id\":\"https:\\\/\\\/revolutionpadelstore.com\\\/en\\\/#organization\"},\"potentialAction\":[{\"@type\":\"SearchAction\",\"target\":{\"@type\":\"EntryPoint\",\"urlTemplate\":\"https:\\\/\\\/revolutionpadelstore.com\\\/en\\\/?s={search_term_string}\"},\"query-input\":{\"@type\":\"PropertyValueSpecification\",\"valueRequired\":true,\"valueName\":\"search_term_string\"}}],\"inLanguage\":\"en-US\"},{\"@type\":\"Organization\",\"@id\":\"https:\\\/\\\/revolutionpadelstore.com\\\/en\\\/#organization\",\"name\":\"Revolution Padel Store\",\"url\":\"https:\\\/\\\/revolutionpadelstore.com\\\/en\\\/\",\"logo\":{\"@type\":\"ImageObject\",\"inLanguage\":\"en-US\",\"@id\":\"https:\\\/\\\/revolutionpadelstore.com\\\/en\\\/#\\\/schema\\\/logo\\\/image\\\/\",\"url\":\"https:\\\/\\\/revolutionpadelstore.com\\\/wp-content\\\/uploads\\\/2026\\\/02\\\/revolution-padel-store.jpg\",\"contentUrl\":\"https:\\\/\\\/revolutionpadelstore.com\\\/wp-content\\\/uploads\\\/2026\\\/02\\\/revolution-padel-store.jpg\",\"width\":2000,\"height\":2000,\"caption\":\"Revolution Padel Store\"},\"image\":{\"@id\":\"https:\\\/\\\/revolutionpadelstore.com\\\/en\\\/#\\\/schema\\\/logo\\\/image\\\/\"},\"sameAs\":[\"https:\\\/\\\/www.instagram.com\\\/revolutionpadelstore\\\/\"]}]}<\/script>\n<!-- \/ Yoast SEO plugin. -->","yoast_head_json":{"title":"NOX AT10 GENIUS ATTACK 18K ALUM BY AGUSTIN TAPIA 2025 - Revolution Padel Store","description":"La\u00a0Nox AT10 Genius Attack 18K Alum By Agust\u00edn Tapia 2025\u00a0es una pala de p\u00e1del dise\u00f1ada para jugadores de \u00e9lite, en colaboraci\u00f3n con el reconocido jugador\u00a0Agust\u00edn Tapia. Esta pala forma parte de la exclusiva\u00a0Luxury Series 2025, destacando por su innovadora construcci\u00f3n y elegante dise\u00f1o en negro, azul y bronce. Con un formato\u00a0diamante\u00a0y planos en carbono 18K Alum, la pala est\u00e1 dise\u00f1ada para ofrecer el m\u00e1ximo rendimiento en cada partido.","robots":{"index":"index","follow":"follow","max-snippet":"max-snippet:-1","max-image-preview":"max-image-preview:large","max-video-preview":"max-video-preview:-1"},"canonical":"https:\/\/revolutionpadelstore.com\/en\/nox-at10-genius-attack-18k-alum-by-agustin-tapia-2025-2\/","og_locale":"en_US","og_type":"article","og_title":"NOX AT10 GENIUS ATTACK 18K ALUM BY AGUSTIN TAPIA 2025 - Revolution Padel Store","og_description":"La\u00a0Nox AT10 Genius Attack 18K Alum By Agust\u00edn Tapia 2025\u00a0es una pala de p\u00e1del dise\u00f1ada para jugadores de \u00e9lite, en colaboraci\u00f3n con el reconocido jugador\u00a0Agust\u00edn Tapia. Esta pala forma parte de la exclusiva\u00a0Luxury Series 2025, destacando por su innovadora construcci\u00f3n y elegante dise\u00f1o en negro, azul y bronce. Con un formato\u00a0diamante\u00a0y planos en carbono 18K Alum, la pala est\u00e1 dise\u00f1ada para ofrecer el m\u00e1ximo rendimiento en cada partido.","og_url":"https:\/\/revolutionpadelstore.com\/en\/nox-at10-genius-attack-18k-alum-by-agustin-tapia-2025-2\/","og_site_name":"Revolution Padel Store","article_modified_time":"2026-04-21T00:02:38+00:00","og_image":[{"width":1500,"height":1500,"url":"https:\/\/revolutionpadelstore.com\/wp-content\/uploads\/2024\/10\/113542_pala_nox_at10_genius_attack_18k_alum_by_agustin_tapia_pat10geniusat1825__2d50.webp","type":"image\/webp"}],"twitter_card":"summary_large_image","twitter_misc":{"Est. reading time":"2 minutes"},"schema":{"@context":"https:\/\/schema.org","@graph":[{"@type":"WebPage","@id":"https:\/\/revolutionpadelstore.com\/en\/nox-at10-genius-attack-18k-alum-by-agustin-tapia-2025-2\/","url":"https:\/\/revolutionpadelstore.com\/en\/nox-at10-genius-attack-18k-alum-by-agustin-tapia-2025-2\/","name":"NOX AT10 GENIUS ATTACK 18K ALUM BY AGUSTIN TAPIA 2025 - Revolution Padel Store","isPartOf":{"@id":"https:\/\/revolutionpadelstore.com\/en\/#website"},"primaryImageOfPage":{"@id":"https:\/\/revolutionpadelstore.com\/en\/nox-at10-genius-attack-18k-alum-by-agustin-tapia-2025-2\/#primaryimage"},"image":{"@id":"https:\/\/revolutionpadelstore.com\/en\/nox-at10-genius-attack-18k-alum-by-agustin-tapia-2025-2\/#primaryimage"},"thumbnailUrl":"https:\/\/revolutionpadelstore.com\/wp-content\/uploads\/2024\/10\/113542_pala_nox_at10_genius_attack_18k_alum_by_agustin_tapia_pat10geniusat1825__2d50.webp","datePublished":"2024-09-25T06:40:22+00:00","dateModified":"2026-04-21T00:02:38+00:00","description":"La\u00a0Nox AT10 Genius Attack 18K Alum By Agust\u00edn Tapia 2025\u00a0es una pala de p\u00e1del dise\u00f1ada para jugadores de \u00e9lite, en colaboraci\u00f3n con el reconocido jugador\u00a0Agust\u00edn Tapia. Esta pala forma parte de la exclusiva\u00a0Luxury Series 2025, destacando por su innovadora construcci\u00f3n y elegante dise\u00f1o en negro, azul y bronce. Con un formato\u00a0diamante\u00a0y planos en carbono 18K Alum, la pala est\u00e1 dise\u00f1ada para ofrecer el m\u00e1ximo rendimiento en cada partido.","breadcrumb":{"@id":"https:\/\/revolutionpadelstore.com\/en\/nox-at10-genius-attack-18k-alum-by-agustin-tapia-2025-2\/#breadcrumb"},"inLanguage":"en-US","potentialAction":[{"@type":"ReadAction","target":["https:\/\/revolutionpadelstore.com\/en\/nox-at10-genius-attack-18k-alum-by-agustin-tapia-2025-2\/"]}]},{"@type":"ImageObject","inLanguage":"en-US","@id":"https:\/\/revolutionpadelstore.com\/en\/nox-at10-genius-attack-18k-alum-by-agustin-tapia-2025-2\/#primaryimage","url":"https:\/\/revolutionpadelstore.com\/wp-content\/uploads\/2024\/10\/113542_pala_nox_at10_genius_attack_18k_alum_by_agustin_tapia_pat10geniusat1825__2d50.webp","contentUrl":"https:\/\/revolutionpadelstore.com\/wp-content\/uploads\/2024\/10\/113542_pala_nox_at10_genius_attack_18k_alum_by_agustin_tapia_pat10geniusat1825__2d50.webp","width":1500,"height":1500},{"@type":"BreadcrumbList","@id":"https:\/\/revolutionpadelstore.com\/en\/nox-at10-genius-attack-18k-alum-by-agustin-tapia-2025-2\/#breadcrumb","itemListElement":[{"@type":"ListItem","position":1,"name":"Portada","item":"https:\/\/revolutionpadelstore.com\/en\/"},{"@type":"ListItem","position":2,"name":"Shop","item":"https:\/\/revolutionpadelstore.com\/en\/shop\/"},{"@type":"ListItem","position":3,"name":"NOX AT10 GENIUS ATTACK 18K ALUM BY AGUSTIN TAPIA 2025"}]},{"@type":"WebSite","@id":"https:\/\/revolutionpadelstore.com\/en\/#website","url":"https:\/\/revolutionpadelstore.com\/en\/","name":"Revolution Padel Store","description":"","publisher":{"@id":"https:\/\/revolutionpadelstore.com\/en\/#organization"},"potentialAction":[{"@type":"SearchAction","target":{"@type":"EntryPoint","urlTemplate":"https:\/\/revolutionpadelstore.com\/en\/?s={search_term_string}"},"query-input":{"@type":"PropertyValueSpecification","valueRequired":true,"valueName":"search_term_string"}}],"inLanguage":"en-US"},{"@type":"Organization","@id":"https:\/\/revolutionpadelstore.com\/en\/#organization","name":"Revolution Padel Store","url":"https:\/\/revolutionpadelstore.com\/en\/","logo":{"@type":"ImageObject","inLanguage":"en-US","@id":"https:\/\/revolutionpadelstore.com\/en\/#\/schema\/logo\/image\/","url":"https:\/\/revolutionpadelstore.com\/wp-content\/uploads\/2026\/02\/revolution-padel-store.jpg","contentUrl":"https:\/\/revolutionpadelstore.com\/wp-content\/uploads\/2026\/02\/revolution-padel-store.jpg","width":2000,"height":2000,"caption":"Revolution Padel Store"},"image":{"@id":"https:\/\/revolutionpadelstore.com\/en\/#\/schema\/logo\/image\/"},"sameAs":["https:\/\/www.instagram.com\/revolutionpadelstore\/"]}]}},"_links":{"self":[{"href":"https:\/\/revolutionpadelstore.com\/en\/wp-json\/wp\/v2\/product\/72787","targetHints":{"allow":["GET"]}}],"collection":[{"href":"https:\/\/revolutionpadelstore.com\/en\/wp-json\/wp\/v2\/product"}],"about":[{"href":"https:\/\/revolutionpadelstore.com\/en\/wp-json\/wp\/v2\/types\/product"}],"replies":[{"embeddable":true,"href":"https:\/\/revolutionpadelstore.com\/en\/wp-json\/wp\/v2\/comments?post=72787"}],"wp:featuredmedia":[{"embeddable":true,"href":"https:\/\/revolutionpadelstore.com\/en\/wp-json\/wp\/v2\/media\/125339"}],"wp:attachment":[{"href":"https:\/\/revolutionpadelstore.com\/en\/wp-json\/wp\/v2\/media?parent=72787"}],"wp:term":[{"taxonomy":"acabado","embeddable":true,"href":"https:\/\/revolutionpadelstore.com\/en\/wp-json\/wp\/v2\/acabado?post=72787"},{"taxonomy":"balance","embeddable":true,"href":"https:\/\/revolutionpadelstore.com\/en\/wp-json\/wp\/v2\/balance?post=72787"},{"taxonomy":"dureza","embeddable":true,"href":"https:\/\/revolutionpadelstore.com\/en\/wp-json\/wp\/v2\/dureza?post=72787"},{"taxonomy":"forma","embeddable":true,"href":"https:\/\/revolutionpadelstore.com\/en\/wp-json\/wp\/v2\/forma?post=72787"},{"taxonomy":"jugador","embeddable":true,"href":"https:\/\/revolutionpadelstore.com\/en\/wp-json\/wp\/v2\/jugador?post=72787"},{"taxonomy":"marca","embeddable":true,"href":"https:\/\/revolutionpadelstore.com\/en\/wp-json\/wp\/v2\/marca?post=72787"},{"taxonomy":"nivel-de-juego","embeddable":true,"href":"https:\/\/revolutionpadelstore.com\/en\/wp-json\/wp\/v2\/nivel-de-juego?post=72787"},{"taxonomy":"superficie","embeddable":true,"href":"https:\/\/revolutionpadelstore.com\/en\/wp-json\/wp\/v2\/superficie?post=72787"},{"taxonomy":"tipo-de-juego","embeddable":true,"href":"https:\/\/revolutionpadelstore.com\/en\/wp-json\/wp\/v2\/tipo-de-juego?post=72787"},{"taxonomy":"product_brand","embeddable":true,"href":"https:\/\/revolutionpadelstore.com\/en\/wp-json\/wp\/v2\/product_brand?post=72787"},{"taxonomy":"product_cat","embeddable":true,"href":"https:\/\/revolutionpadelstore.com\/en\/wp-json\/wp\/v2\/product_cat?post=72787"},{"taxonomy":"product_tag","embeddable":true,"href":"https:\/\/revolutionpadelstore.com\/en\/wp-json\/wp\/v2\/product_tag?post=72787"}],"curies":[{"name":"wp","href":"https:\/\/api.w.org\/{rel}","templated":true}]}}