{"id":72782,"date":"2024-09-25T08:50:42","date_gmt":"2024-09-25T06:50:42","guid":{"rendered":"https:\/\/revolutionpadelstore.com\/nox-at10-genius-12k-by-agustin-tapia-2025\/"},"modified":"2026-04-01T07:16:51","modified_gmt":"2026-04-01T05:16:51","slug":"nox-at10-genius-12k-by-agustin-tapia-2025-2","status":"publish","type":"product","link":"https:\/\/revolutionpadelstore.com\/en\/nox-at10-genius-12k-by-agustin-tapia-2025-2\/","title":{"rendered":"NOX AT10 GENIUS 12K BY AGUSTIN TAPIA 2025"},"content":{"rendered":"<h2>Nox AT10 Genius 12K By Agust\u00edn Tapia 2025, solid hits<\/h2>\n<p>The <strong>Nox AT10 Genius 12K padel racket<\/strong> is the model designed by the player <strong>Agust\u00edn Tapia<\/strong> for this 2025 season. It is a teardrop-shaped racket &gt; with an adjusted balance with the aim of adding extra speed on defensive hits.<\/p>\n<p>With a weight that ranges between 360-375 grams and the EOS Flap, you get an easily manageable, fast and lethal padel racket on the playing field.<\/p>\n<h2>AT10 Genius 12K Agust\u00edn Tapia shovel, for professionals<\/h2>\n<p>Designed for those <strong>advanced level padel players<\/strong> who look for solidity and rigidity in hitting. It is a Nox racket for men ideal for those looking for outstanding control and power in every play.<\/p>\n<p>It provides speed and allows you to give much more spin to the ball.<\/p>\n<h2>Features and technologies of the AT10 Genius 12K 2025<\/h2>\n<p style=\"padding-left: 40px\">-12K Carbon Flats that reduce the weight of the blade and add rigidity<\/p>\n<p style=\"padding-left: 40px\"><em>-Exclusive Spin<\/em> with double roughness for <strong>greater control and more spin<\/strong><\/p>\n<p style=\"padding-left: 40px\">-Resistant tubular carbon frame<\/p>\n<p style=\"padding-left: 40px\">-MLD Black EVA multi-layer core, medium-high hardness, for a <strong>more solid hitting sensation<\/strong><\/p>\n<p style=\"padding-left: 40px\">-The <em>EOS Flap<\/em> optimizes the handling of the racket by redistributing weight efficiently<\/p>\n<p style=\"padding-left: 40px\">-Increased grip with the <em>Custom Grip<\/em><\/p>\n<p style=\"padding-left: 40px\">-Reduced vibrations and greater comfort thanks to the <em>Pulse System<\/em><\/p>\n<p style=\"padding-left: 40px\"><em>-Dynamic Composite Structure<\/em> that minimizes the difference in hardness between the frame and the face<\/p>\n<p style=\"padding-left: 40px\">&#8211;<em>Smartstrap<\/em> system, replaceable safety cord, safer and more hygienic<\/p>\n<p style=\"padding-left: 40px\">-Luxury Series Range<\/em><\/p>\n<p style=\"padding-left: 40px\">-Teardrop shape and weight of 360-375 grams.<\/p>\n<h3>Buy the Nox AT10 Genius 12K By Agust\u00edn Tapia 2025 racket now at Revolution Padel Store<\/h3>\n<p>Enjoy incredible sensations in every match or training session thanks to the magnificent features provided by the Nox AT10 Genius 12K By Agust\u00edn Tapia 2025 teardrop racket for advanced players.<\/strong><\/p>\n","protected":false},"excerpt":{"rendered":"<p>Nox AT10 Genius 12K By Agust\u00edn Tapia 2025, teardrop-shaped racket with 12K Carbon planes with a rough finish and Black EVA rubber core. Great absorption of vibrations for a more comfortable and solid hit.<\/p>\n","protected":false},"featured_media":125327,"comment_status":"open","ping_status":"closed","template":"","meta":{"_acf_changed":false,"_joinchat":[]},"acabado":[1098,1108],"balance":[1143],"dureza":[1158],"forma":[1188],"jugador":[1193,1203],"marca":[1263],"nivel-de-juego":[1338],"superficie":[1363],"tipo-de-juego":[1388],"product_brand":[],"product_cat":[303],"product_tag":[],"class_list":{"0":"post-72782","1":"product","2":"type-product","3":"status-publish","4":"has-post-thumbnail","6":"acabado-arenoso-en","7":"acabado-rugoso-en","8":"balance-medium","9":"dureza-media-en","10":"forma-lagrima-en","11":"jugador-hombre-en","12":"jugador-multipurpose","13":"marca-nox-en","14":"superficie-rugosa-en","15":"tipo-de-juego-multipurpose","16":"product_cat-palas","18":"first","19":"instock","20":"sale","21":"taxable","22":"shipping-taxable","23":"purchasable","24":"product-type-simple"},"acf":[],"yoast_head":"<!-- This site is optimized with the Yoast SEO plugin v27.3 - https:\/\/yoast.com\/product\/yoast-seo-wordpress\/ -->\n<title>NOX AT10 GENIUS 12K BY AGUSTIN TAPIA 2025 - Revolution Padel Store<\/title>\n<meta name=\"description\" content=\"La\u00a0pala de p\u00e1del AT10 Genius 12K de Nox\u00a0es el modelo dise\u00f1ado por el jugador\u00a0Agust\u00edn Tapia\u00a0para esta temporada 2025. Es una pala con\u00a0forma de l\u00e1grima\u00a0con un balance ajustado con el objetivo de a\u00f1adir un extra de velocidad en los golpes defensivos.Con un peso que oscila entre los 360-375 gramos y el\u00a0EOS Flap\u00a0se consigue una pala f\u00e1cilmente manejable, r\u00e1pida y letal en el terreno de juego. Dise\u00f1ada para aquellos\u00a0jugadores de p\u00e1del de nivel avanzado\u00a0que buscan solidez y rigidez en el golpeo. Es una pala Nox para hombre ideal para los que buscan un control y potencia sobresalientes en cada jugada.\" \/>\n<meta name=\"robots\" content=\"index, follow, max-snippet:-1, max-image-preview:large, max-video-preview:-1\" \/>\n<link rel=\"canonical\" href=\"https:\/\/revolutionpadelstore.com\/en\/nox-at10-genius-12k-by-agustin-tapia-2025-2\/\" \/>\n<meta property=\"og:locale\" content=\"en_US\" \/>\n<meta property=\"og:type\" content=\"article\" \/>\n<meta property=\"og:title\" content=\"NOX AT10 GENIUS 12K BY AGUSTIN TAPIA 2025 - Revolution Padel Store\" \/>\n<meta property=\"og:description\" content=\"La\u00a0pala de p\u00e1del AT10 Genius 12K de Nox\u00a0es el modelo dise\u00f1ado por el jugador\u00a0Agust\u00edn Tapia\u00a0para esta temporada 2025. Es una pala con\u00a0forma de l\u00e1grima\u00a0con un balance ajustado con el objetivo de a\u00f1adir un extra de velocidad en los golpes defensivos.Con un peso que oscila entre los 360-375 gramos y el\u00a0EOS Flap\u00a0se consigue una pala f\u00e1cilmente manejable, r\u00e1pida y letal en el terreno de juego. Dise\u00f1ada para aquellos\u00a0jugadores de p\u00e1del de nivel avanzado\u00a0que buscan solidez y rigidez en el golpeo. Es una pala Nox para hombre ideal para los que buscan un control y potencia sobresalientes en cada jugada.\" \/>\n<meta property=\"og:url\" content=\"https:\/\/revolutionpadelstore.com\/en\/nox-at10-genius-12k-by-agustin-tapia-2025-2\/\" \/>\n<meta property=\"og:site_name\" content=\"Revolution Padel Store\" \/>\n<meta property=\"article:modified_time\" content=\"2026-04-01T05:16:51+00:00\" \/>\n<meta property=\"og:image\" content=\"https:\/\/revolutionpadelstore.com\/wp-content\/uploads\/2024\/10\/113539_pala_nox_at10_genius_12k_by_agustin_tapia_pat10genius25_1500x1500_1_d12d.webp\" \/>\n\t<meta property=\"og:image:width\" content=\"1500\" \/>\n\t<meta property=\"og:image:height\" content=\"1500\" \/>\n\t<meta property=\"og:image:type\" content=\"image\/webp\" \/>\n<meta name=\"twitter:card\" content=\"summary_large_image\" \/>\n<meta name=\"twitter:label1\" content=\"Est. reading time\" \/>\n\t<meta name=\"twitter:data1\" content=\"2 minutes\" \/>\n<script type=\"application\/ld+json\" class=\"yoast-schema-graph\">{\"@context\":\"https:\\\/\\\/schema.org\",\"@graph\":[{\"@type\":\"WebPage\",\"@id\":\"https:\\\/\\\/revolutionpadelstore.com\\\/en\\\/nox-at10-genius-12k-by-agustin-tapia-2025-2\\\/\",\"url\":\"https:\\\/\\\/revolutionpadelstore.com\\\/en\\\/nox-at10-genius-12k-by-agustin-tapia-2025-2\\\/\",\"name\":\"NOX AT10 GENIUS 12K BY AGUSTIN TAPIA 2025 - Revolution Padel Store\",\"isPartOf\":{\"@id\":\"https:\\\/\\\/revolutionpadelstore.com\\\/en\\\/#website\"},\"primaryImageOfPage\":{\"@id\":\"https:\\\/\\\/revolutionpadelstore.com\\\/en\\\/nox-at10-genius-12k-by-agustin-tapia-2025-2\\\/#primaryimage\"},\"image\":{\"@id\":\"https:\\\/\\\/revolutionpadelstore.com\\\/en\\\/nox-at10-genius-12k-by-agustin-tapia-2025-2\\\/#primaryimage\"},\"thumbnailUrl\":\"https:\\\/\\\/revolutionpadelstore.com\\\/wp-content\\\/uploads\\\/2024\\\/10\\\/113539_pala_nox_at10_genius_12k_by_agustin_tapia_pat10genius25_1500x1500_1_d12d.webp\",\"datePublished\":\"2024-09-25T06:50:42+00:00\",\"dateModified\":\"2026-04-01T05:16:51+00:00\",\"description\":\"La\u00a0pala de p\u00e1del AT10 Genius 12K de Nox\u00a0es el modelo dise\u00f1ado por el jugador\u00a0Agust\u00edn Tapia\u00a0para esta temporada 2025. Es una pala con\u00a0forma de l\u00e1grima\u00a0con un balance ajustado con el objetivo de a\u00f1adir un extra de velocidad en los golpes defensivos.Con un peso que oscila entre los 360-375 gramos y el\u00a0EOS Flap\u00a0se consigue una pala f\u00e1cilmente manejable, r\u00e1pida y letal en el terreno de juego. Dise\u00f1ada para aquellos\u00a0jugadores de p\u00e1del de nivel avanzado\u00a0que buscan solidez y rigidez en el golpeo. Es una pala Nox para hombre ideal para los que buscan un control y potencia sobresalientes en cada jugada.\",\"breadcrumb\":{\"@id\":\"https:\\\/\\\/revolutionpadelstore.com\\\/en\\\/nox-at10-genius-12k-by-agustin-tapia-2025-2\\\/#breadcrumb\"},\"inLanguage\":\"en-US\",\"potentialAction\":[{\"@type\":\"ReadAction\",\"target\":[\"https:\\\/\\\/revolutionpadelstore.com\\\/en\\\/nox-at10-genius-12k-by-agustin-tapia-2025-2\\\/\"]}]},{\"@type\":\"ImageObject\",\"inLanguage\":\"en-US\",\"@id\":\"https:\\\/\\\/revolutionpadelstore.com\\\/en\\\/nox-at10-genius-12k-by-agustin-tapia-2025-2\\\/#primaryimage\",\"url\":\"https:\\\/\\\/revolutionpadelstore.com\\\/wp-content\\\/uploads\\\/2024\\\/10\\\/113539_pala_nox_at10_genius_12k_by_agustin_tapia_pat10genius25_1500x1500_1_d12d.webp\",\"contentUrl\":\"https:\\\/\\\/revolutionpadelstore.com\\\/wp-content\\\/uploads\\\/2024\\\/10\\\/113539_pala_nox_at10_genius_12k_by_agustin_tapia_pat10genius25_1500x1500_1_d12d.webp\",\"width\":1500,\"height\":1500},{\"@type\":\"BreadcrumbList\",\"@id\":\"https:\\\/\\\/revolutionpadelstore.com\\\/en\\\/nox-at10-genius-12k-by-agustin-tapia-2025-2\\\/#breadcrumb\",\"itemListElement\":[{\"@type\":\"ListItem\",\"position\":1,\"name\":\"Portada\",\"item\":\"https:\\\/\\\/revolutionpadelstore.com\\\/en\\\/\"},{\"@type\":\"ListItem\",\"position\":2,\"name\":\"Shop\",\"item\":\"https:\\\/\\\/revolutionpadelstore.com\\\/en\\\/shop\\\/\"},{\"@type\":\"ListItem\",\"position\":3,\"name\":\"NOX AT10 GENIUS 12K BY AGUSTIN TAPIA 2025\"}]},{\"@type\":\"WebSite\",\"@id\":\"https:\\\/\\\/revolutionpadelstore.com\\\/en\\\/#website\",\"url\":\"https:\\\/\\\/revolutionpadelstore.com\\\/en\\\/\",\"name\":\"Revolution Padel Store\",\"description\":\"\",\"publisher\":{\"@id\":\"https:\\\/\\\/revolutionpadelstore.com\\\/en\\\/#organization\"},\"potentialAction\":[{\"@type\":\"SearchAction\",\"target\":{\"@type\":\"EntryPoint\",\"urlTemplate\":\"https:\\\/\\\/revolutionpadelstore.com\\\/en\\\/?s={search_term_string}\"},\"query-input\":{\"@type\":\"PropertyValueSpecification\",\"valueRequired\":true,\"valueName\":\"search_term_string\"}}],\"inLanguage\":\"en-US\"},{\"@type\":\"Organization\",\"@id\":\"https:\\\/\\\/revolutionpadelstore.com\\\/en\\\/#organization\",\"name\":\"Revolution Padel Store\",\"url\":\"https:\\\/\\\/revolutionpadelstore.com\\\/en\\\/\",\"logo\":{\"@type\":\"ImageObject\",\"inLanguage\":\"en-US\",\"@id\":\"https:\\\/\\\/revolutionpadelstore.com\\\/en\\\/#\\\/schema\\\/logo\\\/image\\\/\",\"url\":\"https:\\\/\\\/revolutionpadelstore.com\\\/wp-content\\\/uploads\\\/2026\\\/02\\\/revolution-padel-store.jpg\",\"contentUrl\":\"https:\\\/\\\/revolutionpadelstore.com\\\/wp-content\\\/uploads\\\/2026\\\/02\\\/revolution-padel-store.jpg\",\"width\":2000,\"height\":2000,\"caption\":\"Revolution Padel Store\"},\"image\":{\"@id\":\"https:\\\/\\\/revolutionpadelstore.com\\\/en\\\/#\\\/schema\\\/logo\\\/image\\\/\"},\"sameAs\":[\"https:\\\/\\\/www.instagram.com\\\/revolutionpadelstore\\\/\"]}]}<\/script>\n<!-- \/ Yoast SEO plugin. -->","yoast_head_json":{"title":"NOX AT10 GENIUS 12K BY AGUSTIN TAPIA 2025 - Revolution Padel Store","description":"La\u00a0pala de p\u00e1del AT10 Genius 12K de Nox\u00a0es el modelo dise\u00f1ado por el jugador\u00a0Agust\u00edn Tapia\u00a0para esta temporada 2025. Es una pala con\u00a0forma de l\u00e1grima\u00a0con un balance ajustado con el objetivo de a\u00f1adir un extra de velocidad en los golpes defensivos.Con un peso que oscila entre los 360-375 gramos y el\u00a0EOS Flap\u00a0se consigue una pala f\u00e1cilmente manejable, r\u00e1pida y letal en el terreno de juego. Dise\u00f1ada para aquellos\u00a0jugadores de p\u00e1del de nivel avanzado\u00a0que buscan solidez y rigidez en el golpeo. Es una pala Nox para hombre ideal para los que buscan un control y potencia sobresalientes en cada jugada.","robots":{"index":"index","follow":"follow","max-snippet":"max-snippet:-1","max-image-preview":"max-image-preview:large","max-video-preview":"max-video-preview:-1"},"canonical":"https:\/\/revolutionpadelstore.com\/en\/nox-at10-genius-12k-by-agustin-tapia-2025-2\/","og_locale":"en_US","og_type":"article","og_title":"NOX AT10 GENIUS 12K BY AGUSTIN TAPIA 2025 - Revolution Padel Store","og_description":"La\u00a0pala de p\u00e1del AT10 Genius 12K de Nox\u00a0es el modelo dise\u00f1ado por el jugador\u00a0Agust\u00edn Tapia\u00a0para esta temporada 2025. Es una pala con\u00a0forma de l\u00e1grima\u00a0con un balance ajustado con el objetivo de a\u00f1adir un extra de velocidad en los golpes defensivos.Con un peso que oscila entre los 360-375 gramos y el\u00a0EOS Flap\u00a0se consigue una pala f\u00e1cilmente manejable, r\u00e1pida y letal en el terreno de juego. Dise\u00f1ada para aquellos\u00a0jugadores de p\u00e1del de nivel avanzado\u00a0que buscan solidez y rigidez en el golpeo. Es una pala Nox para hombre ideal para los que buscan un control y potencia sobresalientes en cada jugada.","og_url":"https:\/\/revolutionpadelstore.com\/en\/nox-at10-genius-12k-by-agustin-tapia-2025-2\/","og_site_name":"Revolution Padel Store","article_modified_time":"2026-04-01T05:16:51+00:00","og_image":[{"width":1500,"height":1500,"url":"https:\/\/revolutionpadelstore.com\/wp-content\/uploads\/2024\/10\/113539_pala_nox_at10_genius_12k_by_agustin_tapia_pat10genius25_1500x1500_1_d12d.webp","type":"image\/webp"}],"twitter_card":"summary_large_image","twitter_misc":{"Est. reading time":"2 minutes"},"schema":{"@context":"https:\/\/schema.org","@graph":[{"@type":"WebPage","@id":"https:\/\/revolutionpadelstore.com\/en\/nox-at10-genius-12k-by-agustin-tapia-2025-2\/","url":"https:\/\/revolutionpadelstore.com\/en\/nox-at10-genius-12k-by-agustin-tapia-2025-2\/","name":"NOX AT10 GENIUS 12K BY AGUSTIN TAPIA 2025 - Revolution Padel Store","isPartOf":{"@id":"https:\/\/revolutionpadelstore.com\/en\/#website"},"primaryImageOfPage":{"@id":"https:\/\/revolutionpadelstore.com\/en\/nox-at10-genius-12k-by-agustin-tapia-2025-2\/#primaryimage"},"image":{"@id":"https:\/\/revolutionpadelstore.com\/en\/nox-at10-genius-12k-by-agustin-tapia-2025-2\/#primaryimage"},"thumbnailUrl":"https:\/\/revolutionpadelstore.com\/wp-content\/uploads\/2024\/10\/113539_pala_nox_at10_genius_12k_by_agustin_tapia_pat10genius25_1500x1500_1_d12d.webp","datePublished":"2024-09-25T06:50:42+00:00","dateModified":"2026-04-01T05:16:51+00:00","description":"La\u00a0pala de p\u00e1del AT10 Genius 12K de Nox\u00a0es el modelo dise\u00f1ado por el jugador\u00a0Agust\u00edn Tapia\u00a0para esta temporada 2025. Es una pala con\u00a0forma de l\u00e1grima\u00a0con un balance ajustado con el objetivo de a\u00f1adir un extra de velocidad en los golpes defensivos.Con un peso que oscila entre los 360-375 gramos y el\u00a0EOS Flap\u00a0se consigue una pala f\u00e1cilmente manejable, r\u00e1pida y letal en el terreno de juego. Dise\u00f1ada para aquellos\u00a0jugadores de p\u00e1del de nivel avanzado\u00a0que buscan solidez y rigidez en el golpeo. Es una pala Nox para hombre ideal para los que buscan un control y potencia sobresalientes en cada jugada.","breadcrumb":{"@id":"https:\/\/revolutionpadelstore.com\/en\/nox-at10-genius-12k-by-agustin-tapia-2025-2\/#breadcrumb"},"inLanguage":"en-US","potentialAction":[{"@type":"ReadAction","target":["https:\/\/revolutionpadelstore.com\/en\/nox-at10-genius-12k-by-agustin-tapia-2025-2\/"]}]},{"@type":"ImageObject","inLanguage":"en-US","@id":"https:\/\/revolutionpadelstore.com\/en\/nox-at10-genius-12k-by-agustin-tapia-2025-2\/#primaryimage","url":"https:\/\/revolutionpadelstore.com\/wp-content\/uploads\/2024\/10\/113539_pala_nox_at10_genius_12k_by_agustin_tapia_pat10genius25_1500x1500_1_d12d.webp","contentUrl":"https:\/\/revolutionpadelstore.com\/wp-content\/uploads\/2024\/10\/113539_pala_nox_at10_genius_12k_by_agustin_tapia_pat10genius25_1500x1500_1_d12d.webp","width":1500,"height":1500},{"@type":"BreadcrumbList","@id":"https:\/\/revolutionpadelstore.com\/en\/nox-at10-genius-12k-by-agustin-tapia-2025-2\/#breadcrumb","itemListElement":[{"@type":"ListItem","position":1,"name":"Portada","item":"https:\/\/revolutionpadelstore.com\/en\/"},{"@type":"ListItem","position":2,"name":"Shop","item":"https:\/\/revolutionpadelstore.com\/en\/shop\/"},{"@type":"ListItem","position":3,"name":"NOX AT10 GENIUS 12K BY AGUSTIN TAPIA 2025"}]},{"@type":"WebSite","@id":"https:\/\/revolutionpadelstore.com\/en\/#website","url":"https:\/\/revolutionpadelstore.com\/en\/","name":"Revolution Padel Store","description":"","publisher":{"@id":"https:\/\/revolutionpadelstore.com\/en\/#organization"},"potentialAction":[{"@type":"SearchAction","target":{"@type":"EntryPoint","urlTemplate":"https:\/\/revolutionpadelstore.com\/en\/?s={search_term_string}"},"query-input":{"@type":"PropertyValueSpecification","valueRequired":true,"valueName":"search_term_string"}}],"inLanguage":"en-US"},{"@type":"Organization","@id":"https:\/\/revolutionpadelstore.com\/en\/#organization","name":"Revolution Padel Store","url":"https:\/\/revolutionpadelstore.com\/en\/","logo":{"@type":"ImageObject","inLanguage":"en-US","@id":"https:\/\/revolutionpadelstore.com\/en\/#\/schema\/logo\/image\/","url":"https:\/\/revolutionpadelstore.com\/wp-content\/uploads\/2026\/02\/revolution-padel-store.jpg","contentUrl":"https:\/\/revolutionpadelstore.com\/wp-content\/uploads\/2026\/02\/revolution-padel-store.jpg","width":2000,"height":2000,"caption":"Revolution Padel Store"},"image":{"@id":"https:\/\/revolutionpadelstore.com\/en\/#\/schema\/logo\/image\/"},"sameAs":["https:\/\/www.instagram.com\/revolutionpadelstore\/"]}]}},"_links":{"self":[{"href":"https:\/\/revolutionpadelstore.com\/en\/wp-json\/wp\/v2\/product\/72782","targetHints":{"allow":["GET"]}}],"collection":[{"href":"https:\/\/revolutionpadelstore.com\/en\/wp-json\/wp\/v2\/product"}],"about":[{"href":"https:\/\/revolutionpadelstore.com\/en\/wp-json\/wp\/v2\/types\/product"}],"replies":[{"embeddable":true,"href":"https:\/\/revolutionpadelstore.com\/en\/wp-json\/wp\/v2\/comments?post=72782"}],"wp:featuredmedia":[{"embeddable":true,"href":"https:\/\/revolutionpadelstore.com\/en\/wp-json\/wp\/v2\/media\/125327"}],"wp:attachment":[{"href":"https:\/\/revolutionpadelstore.com\/en\/wp-json\/wp\/v2\/media?parent=72782"}],"wp:term":[{"taxonomy":"acabado","embeddable":true,"href":"https:\/\/revolutionpadelstore.com\/en\/wp-json\/wp\/v2\/acabado?post=72782"},{"taxonomy":"balance","embeddable":true,"href":"https:\/\/revolutionpadelstore.com\/en\/wp-json\/wp\/v2\/balance?post=72782"},{"taxonomy":"dureza","embeddable":true,"href":"https:\/\/revolutionpadelstore.com\/en\/wp-json\/wp\/v2\/dureza?post=72782"},{"taxonomy":"forma","embeddable":true,"href":"https:\/\/revolutionpadelstore.com\/en\/wp-json\/wp\/v2\/forma?post=72782"},{"taxonomy":"jugador","embeddable":true,"href":"https:\/\/revolutionpadelstore.com\/en\/wp-json\/wp\/v2\/jugador?post=72782"},{"taxonomy":"marca","embeddable":true,"href":"https:\/\/revolutionpadelstore.com\/en\/wp-json\/wp\/v2\/marca?post=72782"},{"taxonomy":"nivel-de-juego","embeddable":true,"href":"https:\/\/revolutionpadelstore.com\/en\/wp-json\/wp\/v2\/nivel-de-juego?post=72782"},{"taxonomy":"superficie","embeddable":true,"href":"https:\/\/revolutionpadelstore.com\/en\/wp-json\/wp\/v2\/superficie?post=72782"},{"taxonomy":"tipo-de-juego","embeddable":true,"href":"https:\/\/revolutionpadelstore.com\/en\/wp-json\/wp\/v2\/tipo-de-juego?post=72782"},{"taxonomy":"product_brand","embeddable":true,"href":"https:\/\/revolutionpadelstore.com\/en\/wp-json\/wp\/v2\/product_brand?post=72782"},{"taxonomy":"product_cat","embeddable":true,"href":"https:\/\/revolutionpadelstore.com\/en\/wp-json\/wp\/v2\/product_cat?post=72782"},{"taxonomy":"product_tag","embeddable":true,"href":"https:\/\/revolutionpadelstore.com\/en\/wp-json\/wp\/v2\/product_tag?post=72782"}],"curies":[{"name":"wp","href":"https:\/\/api.w.org\/{rel}","templated":true}]}}